{"id":28587,"date":"2018-08-02T16:47:53","date_gmt":"2018-08-02T16:47:53","guid":{"rendered":"https:\/\/yoestudiosalud.es\/producto\/modele-de-tronc-darbre-feminin\/"},"modified":"2018-08-02T16:47:53","modified_gmt":"2018-08-02T16:47:53","slug":"modele-de-tronc-darbre-feminin","status":"publish","type":"product","link":"https:\/\/yoestudiosalud.es\/fr\/produit\/modele-de-tronc-darbre-feminin\/","title":{"rendered":"MOD\u00c8LE DE TRONC D&#8217;ARBRE F\u00c9MININ"},"content":{"rendered":"<p>Ce mod\u00e8le anatomique de tronc de femme pr\u00e9sente 15 parties du corps d&#8217;une femme. En plus du torse, il offre des d\u00e9tails sur :<\/p>\n<ul>\n<li>la t\u00eate (2 parties),<\/li>\n<li>cerveau,<\/li>\n<li>poumons (2 parties),<\/li>\n<li>c\u0153ur (2 parties),<\/li>\n<li>l&#8217;estomac,<\/li>\n<li>foie,<\/li>\n<li>les reins,<\/li>\n<li>pancr\u00e9as et rate,<\/li>\n<li>intestins<\/li>\n<li>organes g\u00e9nitaux f\u00e9minins (2 parties).<\/li>\n<\/ul>\n","protected":false},"excerpt":{"rendered":"<p>Ce mod\u00e8le anatomique de tronc de femme pr\u00e9sente 15 parties du corps d&#8217;une femme. En plus du torse<\/p>\n","protected":false},"featured_media":28588,"template":"","meta":[],"product_brand":[],"product_cat":[724],"product_tag":[],"class_list":{"0":"post-28587","1":"product","2":"type-product","3":"status-publish","4":"has-post-thumbnail","6":"product_cat-modelesm-fr","7":"pa_formacion-medicina-fr","9":"first","10":"instock","11":"sale","12":"taxable","13":"shipping-taxable","14":"purchasable","15":"product-type-simple"},"yoast_head":"<!-- This site is optimized with the Yoast SEO Premium plugin v27.0 (Yoast SEO v27.2) - https:\/\/yoast.com\/product\/yoast-seo-premium-wordpress\/ -->\n<title>MOD\u00c8LE DE TRONC D&#039;ARBRE F\u00c9MININ - yoestudiosalud.es dep\u00f3sito medico<\/title>\n<meta name=\"description\" content=\"Ce mod\u00e8le anatomique de tronc de femme pr\u00e9sente 15 parties du corps d&#039;une femme. En plus du torse\" \/>\n<meta name=\"robots\" content=\"index, follow, max-snippet:-1, max-image-preview:large, max-video-preview:-1\" \/>\n<link rel=\"canonical\" href=\"https:\/\/yoestudiosalud.es\/fr\/produit\/modele-de-tronc-darbre-feminin\/\" \/>\n<meta property=\"og:locale\" content=\"fr_FR\" \/>\n<meta property=\"og:type\" content=\"article\" \/>\n<meta property=\"og:title\" content=\"MOD\u00c8LE DE TRONC D&#039;ARBRE F\u00c9MININ\" \/>\n<meta property=\"og:description\" content=\"Ce mod\u00e8le anatomique de tronc de femme pr\u00e9sente 15 parties du corps d&#039;une femme. En plus du torse\" \/>\n<meta property=\"og:url\" content=\"https:\/\/yoestudiosalud.es\/fr\/produit\/modele-de-tronc-darbre-feminin\/\" \/>\n<meta property=\"og:site_name\" content=\"yoestudiosalud.es\" \/>\n<meta property=\"og:image\" content=\"https:\/\/yoestudiosalud.es\/wp-content\/uploads\/2018\/08\/001202B.jpg\" \/>\n\t<meta property=\"og:image:width\" content=\"650\" \/>\n\t<meta property=\"og:image:height\" content=\"650\" \/>\n\t<meta property=\"og:image:type\" content=\"image\/jpeg\" \/>\n<meta name=\"twitter:card\" content=\"summary_large_image\" \/>\n<script type=\"application\/ld+json\" class=\"yoast-schema-graph\">{\"@context\":\"https:\/\/schema.org\",\"@graph\":[{\"@type\":\"WebPage\",\"@id\":\"https:\/\/yoestudiosalud.es\/fr\/produit\/modele-de-tronc-darbre-feminin\/\",\"url\":\"https:\/\/yoestudiosalud.es\/fr\/produit\/modele-de-tronc-darbre-feminin\/\",\"name\":\"MOD\u00c8LE DE TRONC D'ARBRE F\u00c9MININ - yoestudiosalud.es dep\u00f3sito medico\",\"isPartOf\":{\"@id\":\"https:\/\/yoestudiosalud.es\/en\/#website\"},\"primaryImageOfPage\":{\"@id\":\"https:\/\/yoestudiosalud.es\/fr\/produit\/modele-de-tronc-darbre-feminin\/#primaryimage\"},\"image\":{\"@id\":\"https:\/\/yoestudiosalud.es\/fr\/produit\/modele-de-tronc-darbre-feminin\/#primaryimage\"},\"thumbnailUrl\":\"https:\/\/yoestudiosalud.es\/wp-content\/uploads\/2018\/08\/001202B.jpg\",\"datePublished\":\"2018-08-02T16:47:53+00:00\",\"description\":\"Ce mod\u00e8le anatomique de tronc de femme pr\u00e9sente 15 parties du corps d'une femme. En plus du torse\",\"breadcrumb\":{\"@id\":\"https:\/\/yoestudiosalud.es\/fr\/produit\/modele-de-tronc-darbre-feminin\/#breadcrumb\"},\"inLanguage\":\"fr-FR\",\"potentialAction\":[{\"@type\":\"ReadAction\",\"target\":[\"https:\/\/yoestudiosalud.es\/fr\/produit\/modele-de-tronc-darbre-feminin\/\"]}]},{\"@type\":\"ImageObject\",\"inLanguage\":\"fr-FR\",\"@id\":\"https:\/\/yoestudiosalud.es\/fr\/produit\/modele-de-tronc-darbre-feminin\/#primaryimage\",\"url\":\"https:\/\/yoestudiosalud.es\/wp-content\/uploads\/2018\/08\/001202B.jpg\",\"contentUrl\":\"https:\/\/yoestudiosalud.es\/wp-content\/uploads\/2018\/08\/001202B.jpg\",\"width\":650,\"height\":650,\"caption\":\"MOD\u00c8LE DE TRONC D'ARBRE F\u00c9MININ\"},{\"@type\":\"BreadcrumbList\",\"@id\":\"https:\/\/yoestudiosalud.es\/fr\/produit\/modele-de-tronc-darbre-feminin\/#breadcrumb\",\"itemListElement\":[{\"@type\":\"ListItem\",\"position\":1,\"name\":\"Portada\",\"item\":\"https:\/\/yoestudiosalud.es\/fr\/\"},{\"@type\":\"ListItem\",\"position\":2,\"name\":\"Boutique\",\"item\":\"https:\/\/yoestudiosalud.es\/fr\/boutique\/\"},{\"@type\":\"ListItem\",\"position\":3,\"name\":\"MOD\u00c8LE DE TRONC D&rsquo;ARBRE F\u00c9MININ\"}]},{\"@type\":\"WebSite\",\"@id\":\"https:\/\/yoestudiosalud.es\/en\/#website\",\"url\":\"https:\/\/yoestudiosalud.es\/en\/\",\"name\":\"yoestudiosalud.es\",\"description\":\"Material para estudiantes del sector salud\",\"publisher\":{\"@id\":\"https:\/\/yoestudiosalud.es\/en\/#organization\"},\"potentialAction\":[{\"@type\":\"SearchAction\",\"target\":{\"@type\":\"EntryPoint\",\"urlTemplate\":\"https:\/\/yoestudiosalud.es\/en\/?s={search_term_string}\"},\"query-input\":{\"@type\":\"PropertyValueSpecification\",\"valueRequired\":true,\"valueName\":\"search_term_string\"}}],\"inLanguage\":\"fr-FR\"},{\"@type\":\"Organization\",\"@id\":\"https:\/\/yoestudiosalud.es\/en\/#organization\",\"name\":\"yoestudiosalud.es\",\"url\":\"https:\/\/yoestudiosalud.es\/en\/\",\"logo\":{\"@type\":\"ImageObject\",\"inLanguage\":\"fr-FR\",\"@id\":\"https:\/\/yoestudiosalud.es\/en\/#\/schema\/logo\/image\/\",\"url\":\"https:\/\/yoestudiosalud.es\/wp-content\/uploads\/2020\/04\/logonew-e1698080827687.png\",\"contentUrl\":\"https:\/\/yoestudiosalud.es\/wp-content\/uploads\/2020\/04\/logonew-e1698080827687.png\",\"width\":421,\"height\":393,\"caption\":\"yoestudiosalud.es\"},\"image\":{\"@id\":\"https:\/\/yoestudiosalud.es\/en\/#\/schema\/logo\/image\/\"}}]}<\/script>\n<!-- \/ Yoast SEO Premium plugin. -->","yoast_head_json":{"title":"MOD\u00c8LE DE TRONC D'ARBRE F\u00c9MININ - yoestudiosalud.es dep\u00f3sito medico","description":"Ce mod\u00e8le anatomique de tronc de femme pr\u00e9sente 15 parties du corps d'une femme. En plus du torse","robots":{"index":"index","follow":"follow","max-snippet":"max-snippet:-1","max-image-preview":"max-image-preview:large","max-video-preview":"max-video-preview:-1"},"canonical":"https:\/\/yoestudiosalud.es\/fr\/produit\/modele-de-tronc-darbre-feminin\/","og_locale":"fr_FR","og_type":"article","og_title":"MOD\u00c8LE DE TRONC D'ARBRE F\u00c9MININ","og_description":"Ce mod\u00e8le anatomique de tronc de femme pr\u00e9sente 15 parties du corps d'une femme. En plus du torse","og_url":"https:\/\/yoestudiosalud.es\/fr\/produit\/modele-de-tronc-darbre-feminin\/","og_site_name":"yoestudiosalud.es","og_image":[{"width":650,"height":650,"url":"https:\/\/yoestudiosalud.es\/wp-content\/uploads\/2018\/08\/001202B.jpg","type":"image\/jpeg"}],"twitter_card":"summary_large_image","schema":{"@context":"https:\/\/schema.org","@graph":[{"@type":"WebPage","@id":"https:\/\/yoestudiosalud.es\/fr\/produit\/modele-de-tronc-darbre-feminin\/","url":"https:\/\/yoestudiosalud.es\/fr\/produit\/modele-de-tronc-darbre-feminin\/","name":"MOD\u00c8LE DE TRONC D'ARBRE F\u00c9MININ - yoestudiosalud.es dep\u00f3sito medico","isPartOf":{"@id":"https:\/\/yoestudiosalud.es\/en\/#website"},"primaryImageOfPage":{"@id":"https:\/\/yoestudiosalud.es\/fr\/produit\/modele-de-tronc-darbre-feminin\/#primaryimage"},"image":{"@id":"https:\/\/yoestudiosalud.es\/fr\/produit\/modele-de-tronc-darbre-feminin\/#primaryimage"},"thumbnailUrl":"https:\/\/yoestudiosalud.es\/wp-content\/uploads\/2018\/08\/001202B.jpg","datePublished":"2018-08-02T16:47:53+00:00","description":"Ce mod\u00e8le anatomique de tronc de femme pr\u00e9sente 15 parties du corps d'une femme. En plus du torse","breadcrumb":{"@id":"https:\/\/yoestudiosalud.es\/fr\/produit\/modele-de-tronc-darbre-feminin\/#breadcrumb"},"inLanguage":"fr-FR","potentialAction":[{"@type":"ReadAction","target":["https:\/\/yoestudiosalud.es\/fr\/produit\/modele-de-tronc-darbre-feminin\/"]}]},{"@type":"ImageObject","inLanguage":"fr-FR","@id":"https:\/\/yoestudiosalud.es\/fr\/produit\/modele-de-tronc-darbre-feminin\/#primaryimage","url":"https:\/\/yoestudiosalud.es\/wp-content\/uploads\/2018\/08\/001202B.jpg","contentUrl":"https:\/\/yoestudiosalud.es\/wp-content\/uploads\/2018\/08\/001202B.jpg","width":650,"height":650,"caption":"MOD\u00c8LE DE TRONC D'ARBRE F\u00c9MININ"},{"@type":"BreadcrumbList","@id":"https:\/\/yoestudiosalud.es\/fr\/produit\/modele-de-tronc-darbre-feminin\/#breadcrumb","itemListElement":[{"@type":"ListItem","position":1,"name":"Portada","item":"https:\/\/yoestudiosalud.es\/fr\/"},{"@type":"ListItem","position":2,"name":"Boutique","item":"https:\/\/yoestudiosalud.es\/fr\/boutique\/"},{"@type":"ListItem","position":3,"name":"MOD\u00c8LE DE TRONC D&rsquo;ARBRE F\u00c9MININ"}]},{"@type":"WebSite","@id":"https:\/\/yoestudiosalud.es\/en\/#website","url":"https:\/\/yoestudiosalud.es\/en\/","name":"yoestudiosalud.es","description":"Material para estudiantes del sector salud","publisher":{"@id":"https:\/\/yoestudiosalud.es\/en\/#organization"},"potentialAction":[{"@type":"SearchAction","target":{"@type":"EntryPoint","urlTemplate":"https:\/\/yoestudiosalud.es\/en\/?s={search_term_string}"},"query-input":{"@type":"PropertyValueSpecification","valueRequired":true,"valueName":"search_term_string"}}],"inLanguage":"fr-FR"},{"@type":"Organization","@id":"https:\/\/yoestudiosalud.es\/en\/#organization","name":"yoestudiosalud.es","url":"https:\/\/yoestudiosalud.es\/en\/","logo":{"@type":"ImageObject","inLanguage":"fr-FR","@id":"https:\/\/yoestudiosalud.es\/en\/#\/schema\/logo\/image\/","url":"https:\/\/yoestudiosalud.es\/wp-content\/uploads\/2020\/04\/logonew-e1698080827687.png","contentUrl":"https:\/\/yoestudiosalud.es\/wp-content\/uploads\/2020\/04\/logonew-e1698080827687.png","width":421,"height":393,"caption":"yoestudiosalud.es"},"image":{"@id":"https:\/\/yoestudiosalud.es\/en\/#\/schema\/logo\/image\/"}}]}},"_links":{"self":[{"href":"https:\/\/yoestudiosalud.es\/fr\/wp-json\/wp\/v2\/product\/28587","targetHints":{"allow":["GET"]}}],"collection":[{"href":"https:\/\/yoestudiosalud.es\/fr\/wp-json\/wp\/v2\/product"}],"about":[{"href":"https:\/\/yoestudiosalud.es\/fr\/wp-json\/wp\/v2\/types\/product"}],"wp:featuredmedia":[{"embeddable":true,"href":"https:\/\/yoestudiosalud.es\/fr\/wp-json\/wp\/v2\/media\/28588"}],"wp:attachment":[{"href":"https:\/\/yoestudiosalud.es\/fr\/wp-json\/wp\/v2\/media?parent=28587"}],"wp:term":[{"taxonomy":"product_brand","embeddable":true,"href":"https:\/\/yoestudiosalud.es\/fr\/wp-json\/wp\/v2\/product_brand?post=28587"},{"taxonomy":"product_cat","embeddable":true,"href":"https:\/\/yoestudiosalud.es\/fr\/wp-json\/wp\/v2\/product_cat?post=28587"},{"taxonomy":"product_tag","embeddable":true,"href":"https:\/\/yoestudiosalud.es\/fr\/wp-json\/wp\/v2\/product_tag?post=28587"}],"curies":[{"name":"wp","href":"https:\/\/api.w.org\/{rel}","templated":true}]}}