{"id":28583,"date":"2018-08-02T16:47:52","date_gmt":"2018-08-02T16:47:52","guid":{"rendered":"https:\/\/yoestudiosalud.es\/producto\/modele-de-bassin-feminin\/"},"modified":"2018-08-02T16:47:52","modified_gmt":"2018-08-02T16:47:52","slug":"modele-de-bassin-feminin","status":"publish","type":"product","link":"https:\/\/yoestudiosalud.es\/fr\/produit\/modele-de-bassin-feminin\/","title":{"rendered":"MOD\u00c8LE DE BASSIN F\u00c9MININ"},"content":{"rendered":"<p>Mod\u00e8le de bassin f\u00e9minin. Con\u00e7u comme un mod\u00e8le p\u00e9dagogique pour l&#8217;enseignement de la structure du bassin f\u00e9minin. Reproduction de la r\u00e9gion pelvienne f\u00e9minine, avec d\u00e9tails des formes \u00e9troites et allong\u00e9es. Fabriqu\u00e9 en plastique PVC.<\/p>\n","protected":false},"excerpt":{"rendered":"<p>Mod\u00e8le de bassin f\u00e9minin. Con\u00e7u comme un mod\u00e8le p\u00e9dagogique pour l&#8217;enseignement de la structure du bassin f\u00e9minin. Reproduction de la r\u00e9gion pelvienne f\u00e9minine, avec d\u00e9tails des formes \u00e9troites et allong\u00e9es. Fabriqu\u00e9 en plastique PVC.<\/p>\n","protected":false},"featured_media":28584,"template":"","meta":[],"product_brand":[],"product_cat":[724],"product_tag":[],"class_list":{"0":"post-28583","1":"product","2":"type-product","3":"status-publish","4":"has-post-thumbnail","6":"product_cat-modelesm-fr","7":"pa_formacion-medicina-fr","9":"first","10":"instock","11":"taxable","12":"shipping-taxable","13":"purchasable","14":"product-type-simple"},"yoast_head":"<!-- This site is optimized with the Yoast SEO Premium plugin v27.0 (Yoast SEO v27.4) - https:\/\/yoast.com\/product\/yoast-seo-premium-wordpress\/ -->\n<title>MOD\u00c8LE DE BASSIN F\u00c9MININ - yoestudiosalud.es modelos anat\u00f3micos<\/title>\n<meta name=\"description\" content=\"Mod\u00e8le de bassin f\u00e9minin. Con\u00e7u comme un mod\u00e8le p\u00e9dagogique pour l&#039;enseignement de la structure du bassin f\u00e9minin.\" \/>\n<meta name=\"robots\" content=\"index, follow, max-snippet:-1, max-image-preview:large, max-video-preview:-1\" \/>\n<link rel=\"canonical\" href=\"https:\/\/yoestudiosalud.es\/produit\/modelo-pelvis-femenina\/\" \/>\n<meta property=\"og:locale\" content=\"fr_FR\" \/>\n<meta property=\"og:type\" content=\"article\" \/>\n<meta property=\"og:title\" content=\"MOD\u00c8LE DE BASSIN F\u00c9MININ\" \/>\n<meta property=\"og:description\" content=\"Mod\u00e8le de bassin f\u00e9minin. Con\u00e7u comme un mod\u00e8le p\u00e9dagogique pour l&#039;enseignement de la structure du bassin f\u00e9minin.\" \/>\n<meta property=\"og:url\" content=\"https:\/\/yoestudiosalud.es\/produit\/modelo-pelvis-femenina\/\" \/>\n<meta property=\"og:site_name\" content=\"yoestudiosalud.es\" \/>\n<meta property=\"og:image\" content=\"https:\/\/yoestudiosalud.es\/wp-content\/uploads\/2018\/08\/001197B.jpg\" \/>\n\t<meta property=\"og:image:width\" content=\"650\" \/>\n\t<meta property=\"og:image:height\" content=\"650\" \/>\n\t<meta property=\"og:image:type\" content=\"image\/jpeg\" \/>\n<meta name=\"twitter:card\" content=\"summary_large_image\" \/>\n<script type=\"application\/ld+json\" class=\"yoast-schema-graph\">{\"@context\":\"https:\\\/\\\/schema.org\",\"@graph\":[{\"@type\":\"WebPage\",\"@id\":\"https:\\\/\\\/yoestudiosalud.es\\\/produit\\\/modelo-pelvis-femenina\\\/\",\"url\":\"https:\\\/\\\/yoestudiosalud.es\\\/produit\\\/modelo-pelvis-femenina\\\/\",\"name\":\"MOD\u00c8LE DE BASSIN F\u00c9MININ - yoestudiosalud.es modelos anat\u00f3micos\",\"isPartOf\":{\"@id\":\"https:\\\/\\\/yoestudiosalud.es\\\/en\\\/#website\"},\"primaryImageOfPage\":{\"@id\":\"https:\\\/\\\/yoestudiosalud.es\\\/produit\\\/modelo-pelvis-femenina\\\/#primaryimage\"},\"image\":{\"@id\":\"https:\\\/\\\/yoestudiosalud.es\\\/produit\\\/modelo-pelvis-femenina\\\/#primaryimage\"},\"thumbnailUrl\":\"https:\\\/\\\/yoestudiosalud.es\\\/wp-content\\\/uploads\\\/2018\\\/08\\\/001197B.jpg\",\"datePublished\":\"2018-08-02T16:47:52+00:00\",\"description\":\"Mod\u00e8le de bassin f\u00e9minin. Con\u00e7u comme un mod\u00e8le p\u00e9dagogique pour l'enseignement de la structure du bassin f\u00e9minin.\",\"breadcrumb\":{\"@id\":\"https:\\\/\\\/yoestudiosalud.es\\\/produit\\\/modelo-pelvis-femenina\\\/#breadcrumb\"},\"inLanguage\":\"fr-FR\",\"potentialAction\":[{\"@type\":\"ReadAction\",\"target\":[\"https:\\\/\\\/yoestudiosalud.es\\\/produit\\\/modelo-pelvis-femenina\\\/\"]}]},{\"@type\":\"ImageObject\",\"inLanguage\":\"fr-FR\",\"@id\":\"https:\\\/\\\/yoestudiosalud.es\\\/produit\\\/modelo-pelvis-femenina\\\/#primaryimage\",\"url\":\"https:\\\/\\\/yoestudiosalud.es\\\/wp-content\\\/uploads\\\/2018\\\/08\\\/001197B.jpg\",\"contentUrl\":\"https:\\\/\\\/yoestudiosalud.es\\\/wp-content\\\/uploads\\\/2018\\\/08\\\/001197B.jpg\",\"width\":650,\"height\":650,\"caption\":\"MOD\u00c8LE DE BASSIN F\u00c9MININ\"},{\"@type\":\"BreadcrumbList\",\"@id\":\"https:\\\/\\\/yoestudiosalud.es\\\/produit\\\/modelo-pelvis-femenina\\\/#breadcrumb\",\"itemListElement\":[{\"@type\":\"ListItem\",\"position\":1,\"name\":\"Portada\",\"item\":\"https:\\\/\\\/yoestudiosalud.es\\\/fr\\\/\"},{\"@type\":\"ListItem\",\"position\":2,\"name\":\"Boutique\",\"item\":\"https:\\\/\\\/yoestudiosalud.es\\\/fr\\\/boutique\\\/\"},{\"@type\":\"ListItem\",\"position\":3,\"name\":\"MOD\u00c8LE DE BASSIN F\u00c9MININ\"}]},{\"@type\":\"WebSite\",\"@id\":\"https:\\\/\\\/yoestudiosalud.es\\\/en\\\/#website\",\"url\":\"https:\\\/\\\/yoestudiosalud.es\\\/en\\\/\",\"name\":\"yoestudiosalud.es\",\"description\":\"Material para estudiantes del sector salud\",\"publisher\":{\"@id\":\"https:\\\/\\\/yoestudiosalud.es\\\/en\\\/#organization\"},\"potentialAction\":[{\"@type\":\"SearchAction\",\"target\":{\"@type\":\"EntryPoint\",\"urlTemplate\":\"https:\\\/\\\/yoestudiosalud.es\\\/en\\\/?s={search_term_string}\"},\"query-input\":{\"@type\":\"PropertyValueSpecification\",\"valueRequired\":true,\"valueName\":\"search_term_string\"}}],\"inLanguage\":\"fr-FR\"},{\"@type\":\"Organization\",\"@id\":\"https:\\\/\\\/yoestudiosalud.es\\\/en\\\/#organization\",\"name\":\"yoestudiosalud.es\",\"url\":\"https:\\\/\\\/yoestudiosalud.es\\\/en\\\/\",\"logo\":{\"@type\":\"ImageObject\",\"inLanguage\":\"fr-FR\",\"@id\":\"https:\\\/\\\/yoestudiosalud.es\\\/en\\\/#\\\/schema\\\/logo\\\/image\\\/\",\"url\":\"https:\\\/\\\/yoestudiosalud.es\\\/wp-content\\\/uploads\\\/2020\\\/04\\\/logonew-e1698080827687.png\",\"contentUrl\":\"https:\\\/\\\/yoestudiosalud.es\\\/wp-content\\\/uploads\\\/2020\\\/04\\\/logonew-e1698080827687.png\",\"width\":421,\"height\":393,\"caption\":\"yoestudiosalud.es\"},\"image\":{\"@id\":\"https:\\\/\\\/yoestudiosalud.es\\\/en\\\/#\\\/schema\\\/logo\\\/image\\\/\"}}]}<\/script>\n<!-- \/ Yoast SEO Premium plugin. -->","yoast_head_json":{"title":"MOD\u00c8LE DE BASSIN F\u00c9MININ - yoestudiosalud.es modelos anat\u00f3micos","description":"Mod\u00e8le de bassin f\u00e9minin. Con\u00e7u comme un mod\u00e8le p\u00e9dagogique pour l'enseignement de la structure du bassin f\u00e9minin.","robots":{"index":"index","follow":"follow","max-snippet":"max-snippet:-1","max-image-preview":"max-image-preview:large","max-video-preview":"max-video-preview:-1"},"canonical":"https:\/\/yoestudiosalud.es\/produit\/modelo-pelvis-femenina\/","og_locale":"fr_FR","og_type":"article","og_title":"MOD\u00c8LE DE BASSIN F\u00c9MININ","og_description":"Mod\u00e8le de bassin f\u00e9minin. Con\u00e7u comme un mod\u00e8le p\u00e9dagogique pour l'enseignement de la structure du bassin f\u00e9minin.","og_url":"https:\/\/yoestudiosalud.es\/produit\/modelo-pelvis-femenina\/","og_site_name":"yoestudiosalud.es","og_image":[{"width":650,"height":650,"url":"https:\/\/yoestudiosalud.es\/wp-content\/uploads\/2018\/08\/001197B.jpg","type":"image\/jpeg"}],"twitter_card":"summary_large_image","schema":{"@context":"https:\/\/schema.org","@graph":[{"@type":"WebPage","@id":"https:\/\/yoestudiosalud.es\/produit\/modelo-pelvis-femenina\/","url":"https:\/\/yoestudiosalud.es\/produit\/modelo-pelvis-femenina\/","name":"MOD\u00c8LE DE BASSIN F\u00c9MININ - yoestudiosalud.es modelos anat\u00f3micos","isPartOf":{"@id":"https:\/\/yoestudiosalud.es\/en\/#website"},"primaryImageOfPage":{"@id":"https:\/\/yoestudiosalud.es\/produit\/modelo-pelvis-femenina\/#primaryimage"},"image":{"@id":"https:\/\/yoestudiosalud.es\/produit\/modelo-pelvis-femenina\/#primaryimage"},"thumbnailUrl":"https:\/\/yoestudiosalud.es\/wp-content\/uploads\/2018\/08\/001197B.jpg","datePublished":"2018-08-02T16:47:52+00:00","description":"Mod\u00e8le de bassin f\u00e9minin. Con\u00e7u comme un mod\u00e8le p\u00e9dagogique pour l'enseignement de la structure du bassin f\u00e9minin.","breadcrumb":{"@id":"https:\/\/yoestudiosalud.es\/produit\/modelo-pelvis-femenina\/#breadcrumb"},"inLanguage":"fr-FR","potentialAction":[{"@type":"ReadAction","target":["https:\/\/yoestudiosalud.es\/produit\/modelo-pelvis-femenina\/"]}]},{"@type":"ImageObject","inLanguage":"fr-FR","@id":"https:\/\/yoestudiosalud.es\/produit\/modelo-pelvis-femenina\/#primaryimage","url":"https:\/\/yoestudiosalud.es\/wp-content\/uploads\/2018\/08\/001197B.jpg","contentUrl":"https:\/\/yoestudiosalud.es\/wp-content\/uploads\/2018\/08\/001197B.jpg","width":650,"height":650,"caption":"MOD\u00c8LE DE BASSIN F\u00c9MININ"},{"@type":"BreadcrumbList","@id":"https:\/\/yoestudiosalud.es\/produit\/modelo-pelvis-femenina\/#breadcrumb","itemListElement":[{"@type":"ListItem","position":1,"name":"Portada","item":"https:\/\/yoestudiosalud.es\/fr\/"},{"@type":"ListItem","position":2,"name":"Boutique","item":"https:\/\/yoestudiosalud.es\/fr\/boutique\/"},{"@type":"ListItem","position":3,"name":"MOD\u00c8LE DE BASSIN F\u00c9MININ"}]},{"@type":"WebSite","@id":"https:\/\/yoestudiosalud.es\/en\/#website","url":"https:\/\/yoestudiosalud.es\/en\/","name":"yoestudiosalud.es","description":"Material para estudiantes del sector salud","publisher":{"@id":"https:\/\/yoestudiosalud.es\/en\/#organization"},"potentialAction":[{"@type":"SearchAction","target":{"@type":"EntryPoint","urlTemplate":"https:\/\/yoestudiosalud.es\/en\/?s={search_term_string}"},"query-input":{"@type":"PropertyValueSpecification","valueRequired":true,"valueName":"search_term_string"}}],"inLanguage":"fr-FR"},{"@type":"Organization","@id":"https:\/\/yoestudiosalud.es\/en\/#organization","name":"yoestudiosalud.es","url":"https:\/\/yoestudiosalud.es\/en\/","logo":{"@type":"ImageObject","inLanguage":"fr-FR","@id":"https:\/\/yoestudiosalud.es\/en\/#\/schema\/logo\/image\/","url":"https:\/\/yoestudiosalud.es\/wp-content\/uploads\/2020\/04\/logonew-e1698080827687.png","contentUrl":"https:\/\/yoestudiosalud.es\/wp-content\/uploads\/2020\/04\/logonew-e1698080827687.png","width":421,"height":393,"caption":"yoestudiosalud.es"},"image":{"@id":"https:\/\/yoestudiosalud.es\/en\/#\/schema\/logo\/image\/"}}]}},"_links":{"self":[{"href":"https:\/\/yoestudiosalud.es\/fr\/wp-json\/wp\/v2\/product\/28583","targetHints":{"allow":["GET"]}}],"collection":[{"href":"https:\/\/yoestudiosalud.es\/fr\/wp-json\/wp\/v2\/product"}],"about":[{"href":"https:\/\/yoestudiosalud.es\/fr\/wp-json\/wp\/v2\/types\/product"}],"wp:featuredmedia":[{"embeddable":true,"href":"https:\/\/yoestudiosalud.es\/fr\/wp-json\/wp\/v2\/media\/28584"}],"wp:attachment":[{"href":"https:\/\/yoestudiosalud.es\/fr\/wp-json\/wp\/v2\/media?parent=28583"}],"wp:term":[{"taxonomy":"product_brand","embeddable":true,"href":"https:\/\/yoestudiosalud.es\/fr\/wp-json\/wp\/v2\/product_brand?post=28583"},{"taxonomy":"product_cat","embeddable":true,"href":"https:\/\/yoestudiosalud.es\/fr\/wp-json\/wp\/v2\/product_cat?post=28583"},{"taxonomy":"product_tag","embeddable":true,"href":"https:\/\/yoestudiosalud.es\/fr\/wp-json\/wp\/v2\/product_tag?post=28583"}],"curies":[{"name":"wp","href":"https:\/\/api.w.org\/{rel}","templated":true}]}}