{"id":28579,"date":"2018-08-02T16:47:51","date_gmt":"2018-08-02T16:47:51","guid":{"rendered":"https:\/\/yoestudiosalud.es\/producto\/modele-de-squelette-humain-miniature\/"},"modified":"2026-02-18T15:30:50","modified_gmt":"2026-02-18T14:30:50","slug":"modele-de-squelette-humain-42-cm","status":"publish","type":"product","link":"https:\/\/yoestudiosalud.es\/fr\/produit\/modele-de-squelette-humain-42-cm\/","title":{"rendered":"MOD\u00c8LE DE SQUELETTE HUMAIN 42 CM"},"content":{"rendered":"<div class=\"otQkpb\" role=\"heading\" aria-level=\"3\" data-animation-nesting=\"\" data-sfc-cp=\"\" data-complete=\"true\" data-processed=\"true\" data-sae=\"\">Mod\u00e8le de squelette humain de 42 cm : Miniature de pr\u00e9cision pour bureau<button class=\"rBl3me\" tabindex=\"0\" data-amic=\"true\" data-icl-uuid=\"8a458766-2b9f-4be5-921c-c52f7f49be36\" aria-label=\"Ver enlaces relacionados\" data-wiz-attrbind=\"disabled=zcVu7d_g\/C5gNJc;aria-label=zcVu7d_g\/bOjMyf;class=zcVu7d_g\/UpSNec\" data-ved=\"2ahUKEwj1h4eUn-OSAxUwOfsDHbQgIhYQye0OegYIAQgCEAA\"><\/button><\/div>\n<div class=\"Y3BBE\" data-sfc-cp=\"\" data-hveid=\"CAEIAxAA\" data-complete=\"true\" data-processed=\"true\">Le\u00a0<strong class=\"Yjhzub\" data-complete=\"true\">mod\u00e8le de squelette humain de 42 cm (\u00e9chelle 1:4)<\/strong>\u00a0repr\u00e9sente la solution id\u00e9ale pour ceux qui recherchent une r\u00e9f\u00e9rence osseuse fonctionnelle sans compromettre l&#8217;espace. Ce\u00a0<strong class=\"Yjhzub\" data-complete=\"true\">mini-squelette anatomique<\/strong>\u00a0est extr\u00eamement populaire aupr\u00e8s des \u00e9l\u00e8ves du secondaire, des artistes et des professionnels de la sant\u00e9 qui ont besoin d&#8217;un support visuel rapide et portable sur leur bureau.<button class=\"rBl3me\" tabindex=\"0\" data-amic=\"true\" data-icl-uuid=\"fc38da3e-8bbf-4445-a3e0-d0676db7a67c\" aria-label=\"Ver enlaces relacionados\" data-wiz-attrbind=\"disabled=zcVu7d_m\/C5gNJc;aria-label=zcVu7d_m\/bOjMyf;class=zcVu7d_m\/UpSNec\" data-ved=\"2ahUKEwj1h4eUn-OSAxUwOfsDHbQgIhYQye0OegYIAQgDEAE\"><\/button><\/div>\n<div class=\"Fsg96\" data-sfc-cp=\"\" data-complete=\"true\" data-processed=\"true\"><\/div>\n<div class=\"otQkpb\" role=\"heading\" aria-level=\"3\" data-animation-nesting=\"\" data-sfc-cp=\"\" data-complete=\"true\" data-processed=\"true\" data-sae=\"\">Avantages du mod\u00e8le mini de 42 cm<button class=\"rBl3me\" tabindex=\"0\" data-amic=\"true\" data-icl-uuid=\"52f1ab44-febd-4ffc-8891-7732298b057d\" aria-label=\"Ver enlaces relacionados\" data-wiz-attrbind=\"disabled=zcVu7d_r\/C5gNJc;aria-label=zcVu7d_r\/bOjMyf;class=zcVu7d_r\/UpSNec\" data-ved=\"2ahUKEwj1h4eUn-OSAxUwOfsDHbQgIhYQye0OegYIAQgEEAA\"><\/button><\/div>\n<div class=\"Y3BBE\" data-sfc-cp=\"\" data-hveid=\"CAEIBRAA\" data-complete=\"true\" data-processed=\"true\">Bien qu&#8217;il s&#8217;agisse d&#8217;une version compacte, un mod\u00e8le de haute qualit\u00e9 offre des avantages cl\u00e9s :<button class=\"rBl3me\" tabindex=\"0\" data-amic=\"true\" data-icl-uuid=\"507844bb-4bcc-4aac-8376-899f36d319db\" aria-label=\"Ver enlaces relacionados\" data-wiz-attrbind=\"disabled=zcVu7d_v\/C5gNJc;aria-label=zcVu7d_v\/bOjMyf;class=zcVu7d_v\/UpSNec\" data-ved=\"2ahUKEwj1h4eUn-OSAxUwOfsDHbQgIhYQye0OegYIAQgFEAE\"><\/button><\/div>\n<ul class=\"KsbFXc U6u95\" data-complete=\"true\" data-processed=\"true\">\n<li data-hveid=\"CAEIBhAA\" data-complete=\"true\" data-sae=\"\"><span class=\"T286Pc\" data-sfc-cp=\"\" data-complete=\"true\"><strong class=\"Yjhzub\" data-complete=\"true\">Portabilit\u00e9 maximale :<\/strong>\u00a0Avec seulement 42 cm de hauteur, ce squelette se glisse facilement dans un sac \u00e0 dos, ce qui en fait le compagnon id\u00e9al pour les groupes d&#8217;\u00e9tude ou les pr\u00e9sentations scolaires.<\/span><\/li>\n<li data-hveid=\"CAEIBhAB\" data-complete=\"true\" data-sae=\"\"><span class=\"T286Pc\" data-sfc-cp=\"\" data-complete=\"true\"><strong class=\"Yjhzub\" data-complete=\"true\">Montage simple :<\/strong>\u00a0La plupart de ces mod\u00e8les sont livr\u00e9s avec une\u00a0<strong class=\"Yjhzub\" data-complete=\"true\">base de support stable<\/strong>\u00a0et s&#8217;assemblent en quelques secondes, permettant une observation \u00e0 360 degr\u00e9s.<\/span><\/li>\n<li data-hveid=\"CAEIBhAC\" data-complete=\"true\" data-sae=\"\"><span class=\"T286Pc\" data-sfc-cp=\"\" data-complete=\"true\"><strong class=\"Yjhzub\" data-complete=\"true\">Mat\u00e9riau r\u00e9sistant :<\/strong>\u00a0Fabriqu\u00e9s en\u00a0<strong class=\"Yjhzub\" data-complete=\"true\">PVC lavable et incassable<\/strong>, ces mod\u00e8les sont con\u00e7us pour r\u00e9sister \u00e0 une manipulation constante dans des environnements \u00e9ducatifs dynamiques.<\/span><\/li>\n<li data-hveid=\"CAEIBhAD\" data-complete=\"true\" data-sae=\"\"><span class=\"T286Pc\" data-sfc-cp=\"\" data-complete=\"true\"><strong class=\"Yjhzub\" data-complete=\"true\">Articulations de base :<\/strong>\u00a0Bien qu&#8217;il s&#8217;agisse d&#8217;une miniature, il permet le mouvement des membres principaux, facilitant la compr\u00e9hension de la structure osseuse fondamentale et de la posture humaine.<\/span><button class=\"rBl3me\" tabindex=\"0\" data-amic=\"true\" data-icl-uuid=\"aace8fa5-f79b-443f-bd9a-86fb3bc8b899\" aria-label=\"Ver enlaces relacionados\" data-wiz-attrbind=\"disabled=zcVu7d_1d\/C5gNJc;aria-label=zcVu7d_1d\/bOjMyf;class=zcVu7d_1d\/UpSNec\" data-ved=\"2ahUKEwj1h4eUn-OSAxUwOfsDHbQgIhYQye0OegYIAQgGEAQ\"><\/button><\/li>\n<\/ul>\n<div class=\"Fsg96\" data-sfc-cp=\"\" data-complete=\"true\" data-processed=\"true\"><\/div>\n<hr class=\"j3tEEe\" data-serialized-params=\"[]\" data-complete=\"true\" data-processed=\"true\" data-sae=\"\" \/>\n<div class=\"Fsg96\" data-sfc-cp=\"\" data-complete=\"true\" data-processed=\"true\"><\/div>\n<div class=\"otQkpb\" role=\"heading\" aria-level=\"3\" data-animation-nesting=\"\" data-sfc-cp=\"\" data-complete=\"true\" data-processed=\"true\" data-sae=\"\">\u00c0 qui s&#8217;adresse le squelette de 42 cm ?<button class=\"rBl3me\" tabindex=\"0\" data-amic=\"true\" data-icl-uuid=\"6ef38a94-bc81-4ad0-ad6e-e2ebfdd5f049\" aria-label=\"Ver enlaces relacionados\" data-wiz-attrbind=\"disabled=zcVu7d_1k\/C5gNJc;aria-label=zcVu7d_1k\/bOjMyf;class=zcVu7d_1k\/UpSNec\" data-ved=\"2ahUKEwj1h4eUn-OSAxUwOfsDHbQgIhYQye0OegYIAQgIEAA\"><\/button><\/div>\n<div class=\"Y3BBE\" data-sfc-cp=\"\" data-hveid=\"CAEICRAA\" data-complete=\"true\" data-processed=\"true\">Ce mod\u00e8le est polyvalent et s&#8217;adapte \u00e0 de multiples profils :<button class=\"rBl3me\" tabindex=\"0\" data-amic=\"true\" data-icl-uuid=\"d57f93fc-43f9-49a9-b76f-b8153ba11aea\" aria-label=\"Ver enlaces relacionados\" data-wiz-attrbind=\"disabled=zcVu7d_1o\/C5gNJc;aria-label=zcVu7d_1o\/bOjMyf;class=zcVu7d_1o\/UpSNec\" data-ved=\"2ahUKEwj1h4eUn-OSAxUwOfsDHbQgIhYQye0OegYIAQgJEAE\"><\/button><\/div>\n<ol class=\"IaGLZe VimKh\" data-complete=\"true\" data-processed=\"true\">\n<li data-hveid=\"CAEIChAA\" data-complete=\"true\" data-sae=\"\"><span class=\"T286Pc\" data-sfc-cp=\"\" data-complete=\"true\"><strong class=\"Yjhzub\" data-complete=\"true\">\u00c9tudiants en biologie et sciences :<\/strong>\u00a0Un excellent outil visuel pour m\u00e9moriser le nom des principaux os et comprendre la sym\u00e9trie du corps.<\/span><\/li>\n<li data-hveid=\"CAEIChAB\" data-complete=\"true\" data-sae=\"\"><span class=\"T286Pc\" data-sfc-cp=\"\" data-complete=\"true\"><strong class=\"Yjhzub\" data-complete=\"true\">Artistes et dessinateurs :<\/strong>\u00a0Sa taille compacte le rend parfait pour \u00eatre plac\u00e9 sur une table \u00e0 dessin comme r\u00e9f\u00e9rence de\u00a0<strong class=\"Yjhzub\" data-complete=\"true\">proportion et de structure osseuse<\/strong>.<\/span><\/li>\n<li data-hveid=\"CAEIChAC\" data-complete=\"true\" data-sae=\"\"><span class=\"T286Pc\" data-sfc-cp=\"\" data-complete=\"true\"><strong class=\"Yjhzub\" data-complete=\"true\">Cadeau \u00e9ducatif :<\/strong>\u00a0Par sa taille et son prix abordable, c&#8217;est le cadeau id\u00e9al pour \u00e9veiller la curiosit\u00e9 scientifique chez les enfants et les adolescents.<\/span><\/li>\n<li data-hveid=\"CAEIChAD\" data-complete=\"true\" data-sae=\"\"><span class=\"T286Pc\" data-sfc-cp=\"\" data-complete=\"true\"><strong class=\"Yjhzub\" data-complete=\"true\">D\u00e9coration professionnelle :<\/strong>\u00a0Il apporte une touche acad\u00e9mique et distingu\u00e9e aux cabinets m\u00e9dicaux, cliniques de kin\u00e9sith\u00e9rapie ou biblioth\u00e8ques personnelles.<\/span><button class=\"rBl3me\" tabindex=\"0\" data-amic=\"true\" data-icl-uuid=\"1884766a-33eb-4a8f-b86d-ad2989c363c2\" aria-label=\"Ver enlaces relacionados\" data-wiz-attrbind=\"disabled=zcVu7d_25\/C5gNJc;aria-label=zcVu7d_25\/bOjMyf;class=zcVu7d_25\/UpSNec\" data-ved=\"2ahUKEwj1h4eUn-OSAxUwOfsDHbQgIhYQye0OegYIAQgKEAQ\"><\/button><\/li>\n<\/ol>\n<div class=\"Y3BBE\" data-sfc-cp=\"\" data-hveid=\"CAEICxAA\" data-complete=\"true\" data-processed=\"true\" aria-owns=\"action-menu-parent-container\">En conclusion, le mod\u00e8le de 42 cm est un\u00a0<strong class=\"Yjhzub\" data-complete=\"true\">outil d&#8217;apprentissage abordable<\/strong>\u00a0qui d\u00e9mocratise l&#8217;acc\u00e8s \u00e0 l&#8217;\u00e9tude de l&#8217;anatomie, offrant clart\u00e9 et r\u00e9alisme dans un format miniature.<\/div>\n","protected":false},"excerpt":{"rendered":"<p>Mod\u00e8le de squelette humain de 42 cm : Miniature de  [&#8230;]<\/p>\n","protected":false},"featured_media":36722,"template":"","meta":[],"product_brand":[],"product_cat":[724],"product_tag":[],"class_list":{"0":"post-28579","1":"product","2":"type-product","3":"status-publish","4":"has-post-thumbnail","6":"product_cat-modelesm-fr","7":"pa_formacion-medicina-fr","9":"first","10":"instock","11":"taxable","12":"shipping-taxable","13":"purchasable","14":"product-type-simple"},"yoast_head":"<!-- This site is optimized with the Yoast SEO Premium plugin v27.0 (Yoast SEO v27.4) - https:\/\/yoast.com\/product\/yoast-seo-premium-wordpress\/ -->\n<title>MOD\u00c8LE DE SQUELETTE HUMAIN 42 CM - yoestudiosalud.es<\/title>\n<meta name=\"description\" content=\"L&#039;anatomie partout avec vous ! Mini-squelette de 42 cm, pr\u00e9cis et articul\u00e9. Id\u00e9al pour offrir !\" \/>\n<meta name=\"robots\" content=\"index, follow, max-snippet:-1, max-image-preview:large, max-video-preview:-1\" \/>\n<link rel=\"canonical\" href=\"https:\/\/yoestudiosalud.es\/fr\/produit\/modele-de-squelette-humain-42-cm\/\" \/>\n<meta property=\"og:locale\" content=\"fr_FR\" \/>\n<meta property=\"og:type\" content=\"article\" \/>\n<meta property=\"og:title\" content=\"MOD\u00c8LE DE SQUELETTE HUMAIN 42 CM\" \/>\n<meta property=\"og:description\" content=\"L&#039;anatomie partout avec vous ! Mini-squelette de 42 cm, pr\u00e9cis et articul\u00e9. Id\u00e9al pour offrir !\" \/>\n<meta property=\"og:url\" content=\"https:\/\/yoestudiosalud.es\/fr\/produit\/modele-de-squelette-humain-42-cm\/\" \/>\n<meta property=\"og:site_name\" content=\"yoestudiosalud.es\" \/>\n<meta property=\"article:modified_time\" content=\"2026-02-18T14:30:50+00:00\" \/>\n<meta property=\"og:image\" content=\"https:\/\/yoestudiosalud.es\/wp-content\/uploads\/2018\/08\/001191.webp\" \/>\n\t<meta property=\"og:image:width\" content=\"650\" \/>\n\t<meta property=\"og:image:height\" content=\"650\" \/>\n\t<meta property=\"og:image:type\" content=\"image\/webp\" \/>\n<meta name=\"twitter:card\" content=\"summary_large_image\" \/>\n<meta name=\"twitter:label1\" content=\"Dur\u00e9e de lecture estim\u00e9e\" \/>\n\t<meta name=\"twitter:data1\" content=\"2 minutes\" \/>\n<script type=\"application\/ld+json\" class=\"yoast-schema-graph\">{\"@context\":\"https:\\\/\\\/schema.org\",\"@graph\":[{\"@type\":\"WebPage\",\"@id\":\"https:\\\/\\\/yoestudiosalud.es\\\/fr\\\/produit\\\/modele-de-squelette-humain-42-cm\\\/\",\"url\":\"https:\\\/\\\/yoestudiosalud.es\\\/fr\\\/produit\\\/modele-de-squelette-humain-42-cm\\\/\",\"name\":\"MOD\u00c8LE DE SQUELETTE HUMAIN 42 CM - yoestudiosalud.es\",\"isPartOf\":{\"@id\":\"https:\\\/\\\/yoestudiosalud.es\\\/en\\\/#website\"},\"primaryImageOfPage\":{\"@id\":\"https:\\\/\\\/yoestudiosalud.es\\\/fr\\\/produit\\\/modele-de-squelette-humain-42-cm\\\/#primaryimage\"},\"image\":{\"@id\":\"https:\\\/\\\/yoestudiosalud.es\\\/fr\\\/produit\\\/modele-de-squelette-humain-42-cm\\\/#primaryimage\"},\"thumbnailUrl\":\"https:\\\/\\\/yoestudiosalud.es\\\/wp-content\\\/uploads\\\/2018\\\/08\\\/001191.webp\",\"datePublished\":\"2018-08-02T16:47:51+00:00\",\"dateModified\":\"2026-02-18T14:30:50+00:00\",\"description\":\"L'anatomie partout avec vous ! Mini-squelette de 42 cm, pr\u00e9cis et articul\u00e9. Id\u00e9al pour offrir !\",\"breadcrumb\":{\"@id\":\"https:\\\/\\\/yoestudiosalud.es\\\/fr\\\/produit\\\/modele-de-squelette-humain-42-cm\\\/#breadcrumb\"},\"inLanguage\":\"fr-FR\",\"potentialAction\":[{\"@type\":\"ReadAction\",\"target\":[\"https:\\\/\\\/yoestudiosalud.es\\\/fr\\\/produit\\\/modele-de-squelette-humain-42-cm\\\/\"]}]},{\"@type\":\"ImageObject\",\"inLanguage\":\"fr-FR\",\"@id\":\"https:\\\/\\\/yoestudiosalud.es\\\/fr\\\/produit\\\/modele-de-squelette-humain-42-cm\\\/#primaryimage\",\"url\":\"https:\\\/\\\/yoestudiosalud.es\\\/wp-content\\\/uploads\\\/2018\\\/08\\\/001191.webp\",\"contentUrl\":\"https:\\\/\\\/yoestudiosalud.es\\\/wp-content\\\/uploads\\\/2018\\\/08\\\/001191.webp\",\"width\":650,\"height\":650,\"caption\":\"MOD\u00c8LE DE SQUELETTE HUMAIN 42 CM\"},{\"@type\":\"BreadcrumbList\",\"@id\":\"https:\\\/\\\/yoestudiosalud.es\\\/fr\\\/produit\\\/modele-de-squelette-humain-42-cm\\\/#breadcrumb\",\"itemListElement\":[{\"@type\":\"ListItem\",\"position\":1,\"name\":\"Portada\",\"item\":\"https:\\\/\\\/yoestudiosalud.es\\\/fr\\\/\"},{\"@type\":\"ListItem\",\"position\":2,\"name\":\"Boutique\",\"item\":\"https:\\\/\\\/yoestudiosalud.es\\\/fr\\\/boutique\\\/\"},{\"@type\":\"ListItem\",\"position\":3,\"name\":\"MOD\u00c8LE DE SQUELETTE HUMAIN 42 CM\"}]},{\"@type\":\"WebSite\",\"@id\":\"https:\\\/\\\/yoestudiosalud.es\\\/en\\\/#website\",\"url\":\"https:\\\/\\\/yoestudiosalud.es\\\/en\\\/\",\"name\":\"yoestudiosalud.es\",\"description\":\"Material para estudiantes del sector salud\",\"publisher\":{\"@id\":\"https:\\\/\\\/yoestudiosalud.es\\\/en\\\/#organization\"},\"potentialAction\":[{\"@type\":\"SearchAction\",\"target\":{\"@type\":\"EntryPoint\",\"urlTemplate\":\"https:\\\/\\\/yoestudiosalud.es\\\/en\\\/?s={search_term_string}\"},\"query-input\":{\"@type\":\"PropertyValueSpecification\",\"valueRequired\":true,\"valueName\":\"search_term_string\"}}],\"inLanguage\":\"fr-FR\"},{\"@type\":\"Organization\",\"@id\":\"https:\\\/\\\/yoestudiosalud.es\\\/en\\\/#organization\",\"name\":\"yoestudiosalud.es\",\"url\":\"https:\\\/\\\/yoestudiosalud.es\\\/en\\\/\",\"logo\":{\"@type\":\"ImageObject\",\"inLanguage\":\"fr-FR\",\"@id\":\"https:\\\/\\\/yoestudiosalud.es\\\/en\\\/#\\\/schema\\\/logo\\\/image\\\/\",\"url\":\"https:\\\/\\\/yoestudiosalud.es\\\/wp-content\\\/uploads\\\/2020\\\/04\\\/logonew-e1698080827687.png\",\"contentUrl\":\"https:\\\/\\\/yoestudiosalud.es\\\/wp-content\\\/uploads\\\/2020\\\/04\\\/logonew-e1698080827687.png\",\"width\":421,\"height\":393,\"caption\":\"yoestudiosalud.es\"},\"image\":{\"@id\":\"https:\\\/\\\/yoestudiosalud.es\\\/en\\\/#\\\/schema\\\/logo\\\/image\\\/\"}}]}<\/script>\n<!-- \/ Yoast SEO Premium plugin. -->","yoast_head_json":{"title":"MOD\u00c8LE DE SQUELETTE HUMAIN 42 CM - yoestudiosalud.es","description":"L'anatomie partout avec vous ! Mini-squelette de 42 cm, pr\u00e9cis et articul\u00e9. Id\u00e9al pour offrir !","robots":{"index":"index","follow":"follow","max-snippet":"max-snippet:-1","max-image-preview":"max-image-preview:large","max-video-preview":"max-video-preview:-1"},"canonical":"https:\/\/yoestudiosalud.es\/fr\/produit\/modele-de-squelette-humain-42-cm\/","og_locale":"fr_FR","og_type":"article","og_title":"MOD\u00c8LE DE SQUELETTE HUMAIN 42 CM","og_description":"L'anatomie partout avec vous ! Mini-squelette de 42 cm, pr\u00e9cis et articul\u00e9. Id\u00e9al pour offrir !","og_url":"https:\/\/yoestudiosalud.es\/fr\/produit\/modele-de-squelette-humain-42-cm\/","og_site_name":"yoestudiosalud.es","article_modified_time":"2026-02-18T14:30:50+00:00","og_image":[{"width":650,"height":650,"url":"https:\/\/yoestudiosalud.es\/wp-content\/uploads\/2018\/08\/001191.webp","type":"image\/webp"}],"twitter_card":"summary_large_image","twitter_misc":{"Dur\u00e9e de lecture estim\u00e9e":"2 minutes"},"schema":{"@context":"https:\/\/schema.org","@graph":[{"@type":"WebPage","@id":"https:\/\/yoestudiosalud.es\/fr\/produit\/modele-de-squelette-humain-42-cm\/","url":"https:\/\/yoestudiosalud.es\/fr\/produit\/modele-de-squelette-humain-42-cm\/","name":"MOD\u00c8LE DE SQUELETTE HUMAIN 42 CM - yoestudiosalud.es","isPartOf":{"@id":"https:\/\/yoestudiosalud.es\/en\/#website"},"primaryImageOfPage":{"@id":"https:\/\/yoestudiosalud.es\/fr\/produit\/modele-de-squelette-humain-42-cm\/#primaryimage"},"image":{"@id":"https:\/\/yoestudiosalud.es\/fr\/produit\/modele-de-squelette-humain-42-cm\/#primaryimage"},"thumbnailUrl":"https:\/\/yoestudiosalud.es\/wp-content\/uploads\/2018\/08\/001191.webp","datePublished":"2018-08-02T16:47:51+00:00","dateModified":"2026-02-18T14:30:50+00:00","description":"L'anatomie partout avec vous ! Mini-squelette de 42 cm, pr\u00e9cis et articul\u00e9. Id\u00e9al pour offrir !","breadcrumb":{"@id":"https:\/\/yoestudiosalud.es\/fr\/produit\/modele-de-squelette-humain-42-cm\/#breadcrumb"},"inLanguage":"fr-FR","potentialAction":[{"@type":"ReadAction","target":["https:\/\/yoestudiosalud.es\/fr\/produit\/modele-de-squelette-humain-42-cm\/"]}]},{"@type":"ImageObject","inLanguage":"fr-FR","@id":"https:\/\/yoestudiosalud.es\/fr\/produit\/modele-de-squelette-humain-42-cm\/#primaryimage","url":"https:\/\/yoestudiosalud.es\/wp-content\/uploads\/2018\/08\/001191.webp","contentUrl":"https:\/\/yoestudiosalud.es\/wp-content\/uploads\/2018\/08\/001191.webp","width":650,"height":650,"caption":"MOD\u00c8LE DE SQUELETTE HUMAIN 42 CM"},{"@type":"BreadcrumbList","@id":"https:\/\/yoestudiosalud.es\/fr\/produit\/modele-de-squelette-humain-42-cm\/#breadcrumb","itemListElement":[{"@type":"ListItem","position":1,"name":"Portada","item":"https:\/\/yoestudiosalud.es\/fr\/"},{"@type":"ListItem","position":2,"name":"Boutique","item":"https:\/\/yoestudiosalud.es\/fr\/boutique\/"},{"@type":"ListItem","position":3,"name":"MOD\u00c8LE DE SQUELETTE HUMAIN 42 CM"}]},{"@type":"WebSite","@id":"https:\/\/yoestudiosalud.es\/en\/#website","url":"https:\/\/yoestudiosalud.es\/en\/","name":"yoestudiosalud.es","description":"Material para estudiantes del sector salud","publisher":{"@id":"https:\/\/yoestudiosalud.es\/en\/#organization"},"potentialAction":[{"@type":"SearchAction","target":{"@type":"EntryPoint","urlTemplate":"https:\/\/yoestudiosalud.es\/en\/?s={search_term_string}"},"query-input":{"@type":"PropertyValueSpecification","valueRequired":true,"valueName":"search_term_string"}}],"inLanguage":"fr-FR"},{"@type":"Organization","@id":"https:\/\/yoestudiosalud.es\/en\/#organization","name":"yoestudiosalud.es","url":"https:\/\/yoestudiosalud.es\/en\/","logo":{"@type":"ImageObject","inLanguage":"fr-FR","@id":"https:\/\/yoestudiosalud.es\/en\/#\/schema\/logo\/image\/","url":"https:\/\/yoestudiosalud.es\/wp-content\/uploads\/2020\/04\/logonew-e1698080827687.png","contentUrl":"https:\/\/yoestudiosalud.es\/wp-content\/uploads\/2020\/04\/logonew-e1698080827687.png","width":421,"height":393,"caption":"yoestudiosalud.es"},"image":{"@id":"https:\/\/yoestudiosalud.es\/en\/#\/schema\/logo\/image\/"}}]}},"_links":{"self":[{"href":"https:\/\/yoestudiosalud.es\/fr\/wp-json\/wp\/v2\/product\/28579","targetHints":{"allow":["GET"]}}],"collection":[{"href":"https:\/\/yoestudiosalud.es\/fr\/wp-json\/wp\/v2\/product"}],"about":[{"href":"https:\/\/yoestudiosalud.es\/fr\/wp-json\/wp\/v2\/types\/product"}],"wp:featuredmedia":[{"embeddable":true,"href":"https:\/\/yoestudiosalud.es\/fr\/wp-json\/wp\/v2\/media\/36722"}],"wp:attachment":[{"href":"https:\/\/yoestudiosalud.es\/fr\/wp-json\/wp\/v2\/media?parent=28579"}],"wp:term":[{"taxonomy":"product_brand","embeddable":true,"href":"https:\/\/yoestudiosalud.es\/fr\/wp-json\/wp\/v2\/product_brand?post=28579"},{"taxonomy":"product_cat","embeddable":true,"href":"https:\/\/yoestudiosalud.es\/fr\/wp-json\/wp\/v2\/product_cat?post=28579"},{"taxonomy":"product_tag","embeddable":true,"href":"https:\/\/yoestudiosalud.es\/fr\/wp-json\/wp\/v2\/product_tag?post=28579"}],"curies":[{"name":"wp","href":"https:\/\/api.w.org\/{rel}","templated":true}]}}