{"id":28498,"date":"2018-08-01T16:50:16","date_gmt":"2018-08-01T16:50:16","guid":{"rendered":"https:\/\/yoestudiosalud.es\/producto\/remplacement-de-dentstypodont-a3\/"},"modified":"2024-06-12T09:56:45","modified_gmt":"2024-06-12T09:56:45","slug":"remplacement-de-dentstypodont-a3","status":"publish","type":"product","link":"https:\/\/yoestudiosalud.es\/fr\/produit\/remplacement-de-dentstypodont-a3\/","title":{"rendered":"REMPLACEMENT DE DENTS<br>TYPODONT A3<BR>ET \u00c9DENT\u00c9S PARTIELS"},"content":{"rendered":"<p>Remplacements de dents viss\u00e9es clon\u00e9es pour le fauteuil de dentiste Frasaco mod\u00e8le A3. Destin\u00e9es aux cabinets dentaires, elles sont fabriqu\u00e9es en plastique dur. L&#8217;anatomie de la surface de mastication est interm\u00e9diaire entre la dent proth\u00e9tique et la dent naturelle.<\/p>\n<p>Les dents clon\u00e9es pour le typodonte Frasaco A3 sont un outil fondamental pour la formation des \u00e9tudiants en m\u00e9decine dentaire dans les universit\u00e9s d&#8217;Espagne et du monde entier. Ces dents clon\u00e9es sont une r\u00e9plique exacte des dents naturelles et sont con\u00e7ues pour s&#8217;adapter parfaitement au typodonte Frasaco A3.<\/p>\n<p>Les dents clon\u00e9es permettent aux \u00e9tudiants de pratiquer diff\u00e9rentes techniques dentaires dans un environnement contr\u00f4l\u00e9 et s\u00fbr, am\u00e9liorant ainsi leurs comp\u00e9tences et leur confiance avant de traiter de vrais patients. En outre, ces dents clon\u00e9es sont tr\u00e8s utiles pour r\u00e9aliser diff\u00e9rentes techniques de proth\u00e8se dentaire, ce qui permet aux \u00e9tudiants d&#8217;acqu\u00e9rir une exp\u00e9rience approfondie dans la cr\u00e9ation de proth\u00e8ses compl\u00e8tes ou partielles.<\/p>\n<p>Dans les universit\u00e9s espagnoles, les \u00e9tudiants en m\u00e9decine dentaire utilisent les dents clon\u00e9es pour la typodontie de type Frasaco A3 dans leur pratique de laboratoire. L&#8217;objectif est que les \u00e9tudiants apprennent \u00e0 utiliser diff\u00e9rents mat\u00e9riaux et outils dentaires pour acqu\u00e9rir des techniques permettant de restaurer la sant\u00e9 bucco-dentaire du patient. La pratique constante avec ces dents clon\u00e9es leur permettra d&#8217;acqu\u00e9rir une technique pr\u00e9cise et une plus grande confiance en leurs comp\u00e9tences.<\/p>\n<p>Las universidades de Espa\u00f1a est\u00e1n siempre buscando herramientas de formaci\u00f3n innovadoras para sus estudiantes de odontolog\u00eda. Uno de los recursos m\u00e1s valiosos para la formaci\u00f3n odontol\u00f3gica es el dep\u00f3sito dental YoEstudioSalud.es, que ofrece una amplia gama de productos para la ense\u00f1anza y pr\u00e1ctica de la odontolog\u00eda, incluyendo los dientes cl\u00f3nicos para tipodonto tipo Frasaco A3.<\/p>\n<p>Los dientes cl\u00f3nicos para tipodonto tipo Frasaco A3 son una opci\u00f3n rentable y econ\u00f3mica para los estudiantes de las universidades que buscan proveer a sus estudiantes de la mejor formaci\u00f3n posible en pr\u00f3tesis dental y odontolog\u00eda restauradora. Estos dientes cl\u00f3nicos son f\u00e1ciles de usar y ofrecen una r\u00e9plica exacta de los dientes naturales, lo que permite a los estudiantes practicar con precisi\u00f3n y mejorar sus habilidades en las diferentes t\u00e9cnicas odontol\u00f3gicas.<\/p>\n<p>En resumen, los dientes cl\u00f3nicos para tipodonto tipo Frasaco A3 son una herramienta esencial para la formaci\u00f3n de estudiantes de odontolog\u00eda en las universidades de Espa\u00f1a. Estos dientes cl\u00f3nicos permiten a los estudiantes practicar t\u00e9cnicas odontol\u00f3gicas de forma segura y eficiente, mejorando su habilidad y confianza antes de tratar a pacientes reales. Adem\u00e1s, el dep\u00f3sito dental YoEstudioSalud.es ofrece una amplia gama de productos para la ense\u00f1anza de la odontolog\u00eda, incluyendo los dientes cl\u00f3nicos para tipodonto tipo Frasaco A3, que son una opci\u00f3n rentable y de alta calidad para las universidades de Espa\u00f1a que buscan proveer a sus estudiantes de la mejor formaci\u00f3n posible.<\/p>\n","protected":false},"excerpt":{"rendered":"<p>Remplacements de dents viss\u00e9es clon\u00e9es pour le fauteuil de dentiste Frasaco mod\u00e8le A3. Destin\u00e9es aux cabinets dentaires, elles sont fabriqu\u00e9es en plastique dur. Anatomie de la surface de mastication entre la dent proth\u00e9tique et la dent naturelle.<\/p>\n","protected":false},"featured_media":28838,"template":"","meta":[],"product_brand":[],"product_cat":[714],"product_tag":[],"class_list":{"0":"post-28498","1":"product","2":"type-product","3":"status-publish","4":"has-post-thumbnail","6":"product_cat-modeles-fr","7":"pa_formacion-odontologia-fr","8":"pa_posicion-348","9":"pa_posicion-327","10":"pa_posicion-338","11":"pa_posicion-349","12":"pa_posicion-328","13":"pa_posicion-339","14":"pa_posicion-350","15":"pa_posicion-329","16":"pa_posicion-340","17":"pa_posicion-351","18":"pa_posicion-330","19":"pa_posicion-341","20":"pa_posicion-352","21":"pa_posicion-331","22":"pa_posicion-342","23":"pa_posicion-353","24":"pa_posicion-332","25":"pa_posicion-343","26":"pa_posicion-354","27":"pa_posicion-333","28":"pa_posicion-344","29":"pa_posicion-355","30":"pa_posicion-334","31":"pa_posicion-345","32":"pa_posicion-356","33":"pa_posicion-335","34":"pa_posicion-346","35":"pa_posicion-357","36":"pa_posicion-336","37":"pa_posicion-347","38":"pa_posicion-326","39":"pa_posicion-337","41":"first","42":"instock","43":"taxable","44":"shipping-taxable","45":"purchasable","46":"product-type-variable"},"yoast_head":"<!-- This site is optimized with the Yoast SEO Premium plugin v27.0 (Yoast SEO v27.4) - https:\/\/yoast.com\/product\/yoast-seo-premium-wordpress\/ -->\n<title>REMPLACEMENT DE DENTSTYPODONT A3ET \u00c9DENT\u00c9S PARTIELS - yoestudiosalud.es<\/title>\n<meta name=\"description\" content=\"Remplacements de dents viss\u00e9es clon\u00e9es pour le fauteuil de dentiste Frasaco mod\u00e8le A3. Destin\u00e9es aux cabinets dentaires, elles sont fabriqu\u00e9es en plastique dur. L&#039;anatomie de la surface de mastication est interm\u00e9diaire entre la dent proth\u00e9tique et la dent naturelle.\" \/>\n<meta name=\"robots\" content=\"index, follow, max-snippet:-1, max-image-preview:large, max-video-preview:-1\" \/>\n<link rel=\"canonical\" href=\"https:\/\/yoestudiosalud.es\/produit\/reposicion-diente-tipodonto-modelo-a3\/\" \/>\n<meta property=\"og:locale\" content=\"fr_FR\" \/>\n<meta property=\"og:type\" content=\"article\" \/>\n<meta property=\"og:title\" content=\"REMPLACEMENT DE DENTSTYPODONT A3ET \u00c9DENT\u00c9S PARTIELS\" \/>\n<meta property=\"og:description\" content=\"Remplacements de dents viss\u00e9es clon\u00e9es pour le fauteuil de dentiste Frasaco mod\u00e8le A3. Destin\u00e9es aux cabinets dentaires, elles sont fabriqu\u00e9es en plastique dur. L&#039;anatomie de la surface de mastication est interm\u00e9diaire entre la dent proth\u00e9tique et la dent naturelle.\" \/>\n<meta property=\"og:url\" content=\"https:\/\/yoestudiosalud.es\/produit\/reposicion-diente-tipodonto-modelo-a3\/\" \/>\n<meta property=\"og:site_name\" content=\"yoestudiosalud.es\" \/>\n<meta property=\"article:modified_time\" content=\"2024-06-12T09:56:45+00:00\" \/>\n<meta property=\"og:image\" content=\"https:\/\/yoestudiosalud.es\/wp-content\/uploads\/2018\/08\/000001C.jpg\" \/>\n\t<meta property=\"og:image:width\" content=\"650\" \/>\n\t<meta property=\"og:image:height\" content=\"650\" \/>\n\t<meta property=\"og:image:type\" content=\"image\/jpeg\" \/>\n<meta name=\"twitter:card\" content=\"summary_large_image\" \/>\n<meta name=\"twitter:label1\" content=\"Dur\u00e9e de lecture estim\u00e9e\" \/>\n\t<meta name=\"twitter:data1\" content=\"3 minutes\" \/>\n<script type=\"application\/ld+json\" class=\"yoast-schema-graph\">{\"@context\":\"https:\\\/\\\/schema.org\",\"@graph\":[{\"@type\":\"WebPage\",\"@id\":\"https:\\\/\\\/yoestudiosalud.es\\\/produit\\\/reposicion-diente-tipodonto-modelo-a3\\\/\",\"url\":\"https:\\\/\\\/yoestudiosalud.es\\\/produit\\\/reposicion-diente-tipodonto-modelo-a3\\\/\",\"name\":\"REMPLACEMENT DE DENTS TYPODONT A3 ET \u00c9DENT\u00c9S PARTIELS - yoestudiosalud.es\",\"isPartOf\":{\"@id\":\"https:\\\/\\\/yoestudiosalud.es\\\/en\\\/#website\"},\"primaryImageOfPage\":{\"@id\":\"https:\\\/\\\/yoestudiosalud.es\\\/produit\\\/reposicion-diente-tipodonto-modelo-a3\\\/#primaryimage\"},\"image\":{\"@id\":\"https:\\\/\\\/yoestudiosalud.es\\\/produit\\\/reposicion-diente-tipodonto-modelo-a3\\\/#primaryimage\"},\"thumbnailUrl\":\"https:\\\/\\\/yoestudiosalud.es\\\/wp-content\\\/uploads\\\/2018\\\/08\\\/000001C.jpg\",\"datePublished\":\"2018-08-01T16:50:16+00:00\",\"dateModified\":\"2024-06-12T09:56:45+00:00\",\"description\":\"Remplacements de dents viss\u00e9es clon\u00e9es pour le fauteuil de dentiste Frasaco mod\u00e8le A3. Destin\u00e9es aux cabinets dentaires, elles sont fabriqu\u00e9es en plastique dur. L'anatomie de la surface de mastication est interm\u00e9diaire entre la dent proth\u00e9tique et la dent naturelle.\",\"breadcrumb\":{\"@id\":\"https:\\\/\\\/yoestudiosalud.es\\\/produit\\\/reposicion-diente-tipodonto-modelo-a3\\\/#breadcrumb\"},\"inLanguage\":\"fr-FR\",\"potentialAction\":[{\"@type\":\"ReadAction\",\"target\":[\"https:\\\/\\\/yoestudiosalud.es\\\/produit\\\/reposicion-diente-tipodonto-modelo-a3\\\/\"]}]},{\"@type\":\"ImageObject\",\"inLanguage\":\"fr-FR\",\"@id\":\"https:\\\/\\\/yoestudiosalud.es\\\/produit\\\/reposicion-diente-tipodonto-modelo-a3\\\/#primaryimage\",\"url\":\"https:\\\/\\\/yoestudiosalud.es\\\/wp-content\\\/uploads\\\/2018\\\/08\\\/000001C.jpg\",\"contentUrl\":\"https:\\\/\\\/yoestudiosalud.es\\\/wp-content\\\/uploads\\\/2018\\\/08\\\/000001C.jpg\",\"width\":650,\"height\":650,\"caption\":\"REPOSICI\u00d3N DIENTE TIPODONTO A3\"},{\"@type\":\"BreadcrumbList\",\"@id\":\"https:\\\/\\\/yoestudiosalud.es\\\/produit\\\/reposicion-diente-tipodonto-modelo-a3\\\/#breadcrumb\",\"itemListElement\":[{\"@type\":\"ListItem\",\"position\":1,\"name\":\"Portada\",\"item\":\"https:\\\/\\\/yoestudiosalud.es\\\/fr\\\/\"},{\"@type\":\"ListItem\",\"position\":2,\"name\":\"Boutique\",\"item\":\"https:\\\/\\\/yoestudiosalud.es\\\/fr\\\/boutique\\\/\"},{\"@type\":\"ListItem\",\"position\":3,\"name\":\"REMPLACEMENT DE DENTSTYPODONT A3ET \u00c9DENT\u00c9S PARTIELS\"}]},{\"@type\":\"WebSite\",\"@id\":\"https:\\\/\\\/yoestudiosalud.es\\\/en\\\/#website\",\"url\":\"https:\\\/\\\/yoestudiosalud.es\\\/en\\\/\",\"name\":\"yoestudiosalud.es\",\"description\":\"Material para estudiantes del sector salud\",\"publisher\":{\"@id\":\"https:\\\/\\\/yoestudiosalud.es\\\/en\\\/#organization\"},\"potentialAction\":[{\"@type\":\"SearchAction\",\"target\":{\"@type\":\"EntryPoint\",\"urlTemplate\":\"https:\\\/\\\/yoestudiosalud.es\\\/en\\\/?s={search_term_string}\"},\"query-input\":{\"@type\":\"PropertyValueSpecification\",\"valueRequired\":true,\"valueName\":\"search_term_string\"}}],\"inLanguage\":\"fr-FR\"},{\"@type\":\"Organization\",\"@id\":\"https:\\\/\\\/yoestudiosalud.es\\\/en\\\/#organization\",\"name\":\"yoestudiosalud.es\",\"url\":\"https:\\\/\\\/yoestudiosalud.es\\\/en\\\/\",\"logo\":{\"@type\":\"ImageObject\",\"inLanguage\":\"fr-FR\",\"@id\":\"https:\\\/\\\/yoestudiosalud.es\\\/en\\\/#\\\/schema\\\/logo\\\/image\\\/\",\"url\":\"https:\\\/\\\/yoestudiosalud.es\\\/wp-content\\\/uploads\\\/2020\\\/04\\\/logonew-e1698080827687.png\",\"contentUrl\":\"https:\\\/\\\/yoestudiosalud.es\\\/wp-content\\\/uploads\\\/2020\\\/04\\\/logonew-e1698080827687.png\",\"width\":421,\"height\":393,\"caption\":\"yoestudiosalud.es\"},\"image\":{\"@id\":\"https:\\\/\\\/yoestudiosalud.es\\\/en\\\/#\\\/schema\\\/logo\\\/image\\\/\"}}]}<\/script>\n<!-- \/ Yoast SEO Premium plugin. -->","yoast_head_json":{"title":"REMPLACEMENT DE DENTSTYPODONT A3ET \u00c9DENT\u00c9S PARTIELS - yoestudiosalud.es","description":"Remplacements de dents viss\u00e9es clon\u00e9es pour le fauteuil de dentiste Frasaco mod\u00e8le A3. Destin\u00e9es aux cabinets dentaires, elles sont fabriqu\u00e9es en plastique dur. L'anatomie de la surface de mastication est interm\u00e9diaire entre la dent proth\u00e9tique et la dent naturelle.","robots":{"index":"index","follow":"follow","max-snippet":"max-snippet:-1","max-image-preview":"max-image-preview:large","max-video-preview":"max-video-preview:-1"},"canonical":"https:\/\/yoestudiosalud.es\/produit\/reposicion-diente-tipodonto-modelo-a3\/","og_locale":"fr_FR","og_type":"article","og_title":"REMPLACEMENT DE DENTSTYPODONT A3ET \u00c9DENT\u00c9S PARTIELS","og_description":"Remplacements de dents viss\u00e9es clon\u00e9es pour le fauteuil de dentiste Frasaco mod\u00e8le A3. Destin\u00e9es aux cabinets dentaires, elles sont fabriqu\u00e9es en plastique dur. L'anatomie de la surface de mastication est interm\u00e9diaire entre la dent proth\u00e9tique et la dent naturelle.","og_url":"https:\/\/yoestudiosalud.es\/produit\/reposicion-diente-tipodonto-modelo-a3\/","og_site_name":"yoestudiosalud.es","article_modified_time":"2024-06-12T09:56:45+00:00","og_image":[{"width":650,"height":650,"url":"https:\/\/yoestudiosalud.es\/wp-content\/uploads\/2018\/08\/000001C.jpg","type":"image\/jpeg"}],"twitter_card":"summary_large_image","twitter_misc":{"Dur\u00e9e de lecture estim\u00e9e":"3 minutes"},"schema":{"@context":"https:\/\/schema.org","@graph":[{"@type":"WebPage","@id":"https:\/\/yoestudiosalud.es\/produit\/reposicion-diente-tipodonto-modelo-a3\/","url":"https:\/\/yoestudiosalud.es\/produit\/reposicion-diente-tipodonto-modelo-a3\/","name":"REMPLACEMENT DE DENTS TYPODONT A3 ET \u00c9DENT\u00c9S PARTIELS - yoestudiosalud.es","isPartOf":{"@id":"https:\/\/yoestudiosalud.es\/en\/#website"},"primaryImageOfPage":{"@id":"https:\/\/yoestudiosalud.es\/produit\/reposicion-diente-tipodonto-modelo-a3\/#primaryimage"},"image":{"@id":"https:\/\/yoestudiosalud.es\/produit\/reposicion-diente-tipodonto-modelo-a3\/#primaryimage"},"thumbnailUrl":"https:\/\/yoestudiosalud.es\/wp-content\/uploads\/2018\/08\/000001C.jpg","datePublished":"2018-08-01T16:50:16+00:00","dateModified":"2024-06-12T09:56:45+00:00","description":"Remplacements de dents viss\u00e9es clon\u00e9es pour le fauteuil de dentiste Frasaco mod\u00e8le A3. Destin\u00e9es aux cabinets dentaires, elles sont fabriqu\u00e9es en plastique dur. L'anatomie de la surface de mastication est interm\u00e9diaire entre la dent proth\u00e9tique et la dent naturelle.","breadcrumb":{"@id":"https:\/\/yoestudiosalud.es\/produit\/reposicion-diente-tipodonto-modelo-a3\/#breadcrumb"},"inLanguage":"fr-FR","potentialAction":[{"@type":"ReadAction","target":["https:\/\/yoestudiosalud.es\/produit\/reposicion-diente-tipodonto-modelo-a3\/"]}]},{"@type":"ImageObject","inLanguage":"fr-FR","@id":"https:\/\/yoestudiosalud.es\/produit\/reposicion-diente-tipodonto-modelo-a3\/#primaryimage","url":"https:\/\/yoestudiosalud.es\/wp-content\/uploads\/2018\/08\/000001C.jpg","contentUrl":"https:\/\/yoestudiosalud.es\/wp-content\/uploads\/2018\/08\/000001C.jpg","width":650,"height":650,"caption":"REPOSICI\u00d3N DIENTE TIPODONTO A3"},{"@type":"BreadcrumbList","@id":"https:\/\/yoestudiosalud.es\/produit\/reposicion-diente-tipodonto-modelo-a3\/#breadcrumb","itemListElement":[{"@type":"ListItem","position":1,"name":"Portada","item":"https:\/\/yoestudiosalud.es\/fr\/"},{"@type":"ListItem","position":2,"name":"Boutique","item":"https:\/\/yoestudiosalud.es\/fr\/boutique\/"},{"@type":"ListItem","position":3,"name":"REMPLACEMENT DE DENTSTYPODONT A3ET \u00c9DENT\u00c9S PARTIELS"}]},{"@type":"WebSite","@id":"https:\/\/yoestudiosalud.es\/en\/#website","url":"https:\/\/yoestudiosalud.es\/en\/","name":"yoestudiosalud.es","description":"Material para estudiantes del sector salud","publisher":{"@id":"https:\/\/yoestudiosalud.es\/en\/#organization"},"potentialAction":[{"@type":"SearchAction","target":{"@type":"EntryPoint","urlTemplate":"https:\/\/yoestudiosalud.es\/en\/?s={search_term_string}"},"query-input":{"@type":"PropertyValueSpecification","valueRequired":true,"valueName":"search_term_string"}}],"inLanguage":"fr-FR"},{"@type":"Organization","@id":"https:\/\/yoestudiosalud.es\/en\/#organization","name":"yoestudiosalud.es","url":"https:\/\/yoestudiosalud.es\/en\/","logo":{"@type":"ImageObject","inLanguage":"fr-FR","@id":"https:\/\/yoestudiosalud.es\/en\/#\/schema\/logo\/image\/","url":"https:\/\/yoestudiosalud.es\/wp-content\/uploads\/2020\/04\/logonew-e1698080827687.png","contentUrl":"https:\/\/yoestudiosalud.es\/wp-content\/uploads\/2020\/04\/logonew-e1698080827687.png","width":421,"height":393,"caption":"yoestudiosalud.es"},"image":{"@id":"https:\/\/yoestudiosalud.es\/en\/#\/schema\/logo\/image\/"}}]}},"_links":{"self":[{"href":"https:\/\/yoestudiosalud.es\/fr\/wp-json\/wp\/v2\/product\/28498","targetHints":{"allow":["GET"]}}],"collection":[{"href":"https:\/\/yoestudiosalud.es\/fr\/wp-json\/wp\/v2\/product"}],"about":[{"href":"https:\/\/yoestudiosalud.es\/fr\/wp-json\/wp\/v2\/types\/product"}],"wp:featuredmedia":[{"embeddable":true,"href":"https:\/\/yoestudiosalud.es\/fr\/wp-json\/wp\/v2\/media\/28838"}],"wp:attachment":[{"href":"https:\/\/yoestudiosalud.es\/fr\/wp-json\/wp\/v2\/media?parent=28498"}],"wp:term":[{"taxonomy":"product_brand","embeddable":true,"href":"https:\/\/yoestudiosalud.es\/fr\/wp-json\/wp\/v2\/product_brand?post=28498"},{"taxonomy":"product_cat","embeddable":true,"href":"https:\/\/yoestudiosalud.es\/fr\/wp-json\/wp\/v2\/product_cat?post=28498"},{"taxonomy":"product_tag","embeddable":true,"href":"https:\/\/yoestudiosalud.es\/fr\/wp-json\/wp\/v2\/product_tag?post=28498"}],"curies":[{"name":"wp","href":"https:\/\/api.w.org\/{rel}","templated":true}]}}