{"id":28446,"date":"2018-07-24T12:39:17","date_gmt":"2018-07-24T12:39:17","guid":{"rendered":"https:\/\/yoestudiosalud.es\/producto\/ciseaux-courbes-iris-11-5cm\/"},"modified":"2025-06-03T09:29:08","modified_gmt":"2025-06-03T09:29:08","slug":"ciseaux-courbes-iris-11-5cm","status":"publish","type":"product","link":"https:\/\/yoestudiosalud.es\/fr\/produit\/ciseaux-courbes-iris-11-5cm\/","title":{"rendered":"CISEAUX COURBES IRIS 11.5CM"},"content":{"rendered":"<p>Ciseaux courbes Iris 11,5 cm indispensables en dentisterie, m\u00e9decine et m\u00e9decine v\u00e9t\u00e9rinaire. Gr\u00e2ce \u00e0 leur conception ergonomique et \u00e0 leur taille compacte, ces ciseaux sont faciles \u00e0 manipuler et offrent un contr\u00f4le pr\u00e9cis pendant les proc\u00e9dures.<\/p>\n<p>Fabriqu\u00e9s en acier inoxydable de haute qualit\u00e9, les ciseaux Iris courb\u00e9s de 11,5 cm sont solides et durables, garantissant des performances \u00e0 long terme. Leur forme incurv\u00e9e permet d&#8217;acc\u00e9der aux zones difficiles d&#8217;acc\u00e8s et de couper avec pr\u00e9cision les tissus mous.<\/p>\n<p>Ces ciseaux se caract\u00e9risent par des lames tranchantes, angulaires et incurv\u00e9es, qui facilitent l&#8217;acc\u00e8s et la visibilit\u00e9 pendant les proc\u00e9dures chirurgicales ou dentaires.<\/p>\n<p>En dentisterie, les ciseaux Iris courb\u00e9s de 11,5 cm sont utiles pour inciser les gencives et les tissus mous, ainsi que pour couper les sutures et les mat\u00e9riaux dentaires. En m\u00e9decine, ils sont utilis\u00e9s dans diverses sp\u00e9cialit\u00e9s, telles que la chirurgie g\u00e9n\u00e9rale, la dermatologie et l&#8217;ophtalmologie, pour r\u00e9aliser des coupes pr\u00e9cises dans les tissus et les sutures.<\/p>\n<p>Dans le domaine v\u00e9t\u00e9rinaire, ces ciseaux sont utiles pour la chirurgie des petits animaux, ainsi que pour les soins dentaires et les soins des tissus mous. Leur conception incurv\u00e9e permet aux professionnels v\u00e9t\u00e9rinaires de couper avec pr\u00e9cision et en toute s\u00e9curit\u00e9.<\/p>\n<p>Ce ciseau est indispensable dans la trousse d&#8217;instruments de tout professionnel de la sant\u00e9. Sa polyvalence, sa conception ergonomique et sa durabilit\u00e9 en font un choix fiable pour un large \u00e9ventail de proc\u00e9dures. Que ce soit en dentisterie, en m\u00e9decine ou en m\u00e9decine v\u00e9t\u00e9rinaire, ce ciseau r\u00e9pond aux normes de qualit\u00e9 et de performance exig\u00e9es en milieu clinique.<\/p>\n<p>Fabriqu\u00e9s par Master Surgical, nous garantissons une grande qualit\u00e9 au meilleur prix.<\/p>\n","protected":false},"excerpt":{"rendered":"<p>Ciseaux courbes Iris 11,5 cm indispensables en dentisterie, m\u00e9decine et m\u00e9decine v\u00e9t\u00e9rinaire. Gr\u00e2ce \u00e0 leur conception ergonomique et \u00e0 leur taille compacte, ces ciseaux sont faciles \u00e0 manipuler et offrent un contr\u00f4le pr\u00e9cis pendant les proc\u00e9dures.<\/p>\n","protected":false},"featured_media":28447,"template":"","meta":[],"product_brand":[],"product_cat":[669,836],"product_tag":[732],"class_list":{"0":"post-28446","1":"product","2":"type-product","3":"status-publish","4":"has-post-thumbnail","6":"product_cat-general-fr","7":"product_cat-odontologie-en-vedette","8":"product_tag-ucv4","9":"pa_formacion-veterinaria-fr","10":"pa_formacion-medicina-fr","11":"pa_formacion-odontologia-fr","13":"first","14":"instock","15":"sale","16":"taxable","17":"shipping-taxable","18":"purchasable","19":"product-type-simple"},"yoast_head":"<!-- This site is optimized with the Yoast SEO Premium plugin v27.0 (Yoast SEO v27.4) - https:\/\/yoast.com\/product\/yoast-seo-premium-wordpress\/ -->\n<title>CISEAUX COURBES IRIS 11.5CM - yoestudiosalud.es dep\u00f3sito dental<\/title>\n<meta name=\"description\" content=\"Ciseaux courbes Iris 11,5 cm indispensables en dentisterie, m\u00e9decine et m\u00e9decine v\u00e9t\u00e9rinaire. Gr\u00e2ce \u00e0 leur conception ergonomique et \u00e0 leur taille compacte, ces ciseaux sont faciles \u00e0 manipuler et offrent un contr\u00f4le pr\u00e9cis pendant les proc\u00e9dures.\" \/>\n<meta name=\"robots\" content=\"index, follow, max-snippet:-1, max-image-preview:large, max-video-preview:-1\" \/>\n<link rel=\"canonical\" href=\"https:\/\/yoestudiosalud.es\/fr\/produit\/ciseaux-courbes-iris-11-5cm\/\" \/>\n<meta property=\"og:locale\" content=\"fr_FR\" \/>\n<meta property=\"og:type\" content=\"article\" \/>\n<meta property=\"og:title\" content=\"CISEAUX COURBES IRIS 11.5CM\" \/>\n<meta property=\"og:description\" content=\"Ciseaux courbes Iris 11,5 cm indispensables en dentisterie, m\u00e9decine et m\u00e9decine v\u00e9t\u00e9rinaire. Gr\u00e2ce \u00e0 leur conception ergonomique et \u00e0 leur taille compacte, ces ciseaux sont faciles \u00e0 manipuler et offrent un contr\u00f4le pr\u00e9cis pendant les proc\u00e9dures.\" \/>\n<meta property=\"og:url\" content=\"https:\/\/yoestudiosalud.es\/fr\/produit\/ciseaux-courbes-iris-11-5cm\/\" \/>\n<meta property=\"og:site_name\" content=\"yoestudiosalud.es\" \/>\n<meta property=\"article:modified_time\" content=\"2025-06-03T09:29:08+00:00\" \/>\n<meta property=\"og:image\" content=\"https:\/\/yoestudiosalud.es\/wp-content\/uploads\/2018\/07\/002841-1.jpg\" \/>\n\t<meta property=\"og:image:width\" content=\"650\" \/>\n\t<meta property=\"og:image:height\" content=\"650\" \/>\n\t<meta property=\"og:image:type\" content=\"image\/jpeg\" \/>\n<meta name=\"twitter:card\" content=\"summary_large_image\" \/>\n<meta name=\"twitter:label1\" content=\"Dur\u00e9e de lecture estim\u00e9e\" \/>\n\t<meta name=\"twitter:data1\" content=\"2 minutes\" \/>\n<script type=\"application\/ld+json\" class=\"yoast-schema-graph\">{\"@context\":\"https:\\\/\\\/schema.org\",\"@graph\":[{\"@type\":\"WebPage\",\"@id\":\"https:\\\/\\\/yoestudiosalud.es\\\/fr\\\/produit\\\/ciseaux-courbes-iris-11-5cm\\\/\",\"url\":\"https:\\\/\\\/yoestudiosalud.es\\\/fr\\\/produit\\\/ciseaux-courbes-iris-11-5cm\\\/\",\"name\":\"CISEAUX COURBES IRIS 11.5CM - yoestudiosalud.es dep\u00f3sito dental\",\"isPartOf\":{\"@id\":\"https:\\\/\\\/yoestudiosalud.es\\\/en\\\/#website\"},\"primaryImageOfPage\":{\"@id\":\"https:\\\/\\\/yoestudiosalud.es\\\/fr\\\/produit\\\/ciseaux-courbes-iris-11-5cm\\\/#primaryimage\"},\"image\":{\"@id\":\"https:\\\/\\\/yoestudiosalud.es\\\/fr\\\/produit\\\/ciseaux-courbes-iris-11-5cm\\\/#primaryimage\"},\"thumbnailUrl\":\"https:\\\/\\\/yoestudiosalud.es\\\/wp-content\\\/uploads\\\/2018\\\/07\\\/002841-1.jpg\",\"datePublished\":\"2018-07-24T12:39:17+00:00\",\"dateModified\":\"2025-06-03T09:29:08+00:00\",\"description\":\"Ciseaux courbes Iris 11,5 cm indispensables en dentisterie, m\u00e9decine et m\u00e9decine v\u00e9t\u00e9rinaire. Gr\u00e2ce \u00e0 leur conception ergonomique et \u00e0 leur taille compacte, ces ciseaux sont faciles \u00e0 manipuler et offrent un contr\u00f4le pr\u00e9cis pendant les proc\u00e9dures.\",\"breadcrumb\":{\"@id\":\"https:\\\/\\\/yoestudiosalud.es\\\/fr\\\/produit\\\/ciseaux-courbes-iris-11-5cm\\\/#breadcrumb\"},\"inLanguage\":\"fr-FR\",\"potentialAction\":[{\"@type\":\"ReadAction\",\"target\":[\"https:\\\/\\\/yoestudiosalud.es\\\/fr\\\/produit\\\/ciseaux-courbes-iris-11-5cm\\\/\"]}]},{\"@type\":\"ImageObject\",\"inLanguage\":\"fr-FR\",\"@id\":\"https:\\\/\\\/yoestudiosalud.es\\\/fr\\\/produit\\\/ciseaux-courbes-iris-11-5cm\\\/#primaryimage\",\"url\":\"https:\\\/\\\/yoestudiosalud.es\\\/wp-content\\\/uploads\\\/2018\\\/07\\\/002841-1.jpg\",\"contentUrl\":\"https:\\\/\\\/yoestudiosalud.es\\\/wp-content\\\/uploads\\\/2018\\\/07\\\/002841-1.jpg\",\"width\":650,\"height\":650,\"caption\":\"CISEAUX COURBES IRIS 11.5CM\"},{\"@type\":\"BreadcrumbList\",\"@id\":\"https:\\\/\\\/yoestudiosalud.es\\\/fr\\\/produit\\\/ciseaux-courbes-iris-11-5cm\\\/#breadcrumb\",\"itemListElement\":[{\"@type\":\"ListItem\",\"position\":1,\"name\":\"Portada\",\"item\":\"https:\\\/\\\/yoestudiosalud.es\\\/fr\\\/\"},{\"@type\":\"ListItem\",\"position\":2,\"name\":\"Boutique\",\"item\":\"https:\\\/\\\/yoestudiosalud.es\\\/fr\\\/boutique\\\/\"},{\"@type\":\"ListItem\",\"position\":3,\"name\":\"CISEAUX COURBES IRIS 11.5CM\"}]},{\"@type\":\"WebSite\",\"@id\":\"https:\\\/\\\/yoestudiosalud.es\\\/en\\\/#website\",\"url\":\"https:\\\/\\\/yoestudiosalud.es\\\/en\\\/\",\"name\":\"yoestudiosalud.es\",\"description\":\"Material para estudiantes del sector salud\",\"publisher\":{\"@id\":\"https:\\\/\\\/yoestudiosalud.es\\\/en\\\/#organization\"},\"potentialAction\":[{\"@type\":\"SearchAction\",\"target\":{\"@type\":\"EntryPoint\",\"urlTemplate\":\"https:\\\/\\\/yoestudiosalud.es\\\/en\\\/?s={search_term_string}\"},\"query-input\":{\"@type\":\"PropertyValueSpecification\",\"valueRequired\":true,\"valueName\":\"search_term_string\"}}],\"inLanguage\":\"fr-FR\"},{\"@type\":\"Organization\",\"@id\":\"https:\\\/\\\/yoestudiosalud.es\\\/en\\\/#organization\",\"name\":\"yoestudiosalud.es\",\"url\":\"https:\\\/\\\/yoestudiosalud.es\\\/en\\\/\",\"logo\":{\"@type\":\"ImageObject\",\"inLanguage\":\"fr-FR\",\"@id\":\"https:\\\/\\\/yoestudiosalud.es\\\/en\\\/#\\\/schema\\\/logo\\\/image\\\/\",\"url\":\"https:\\\/\\\/yoestudiosalud.es\\\/wp-content\\\/uploads\\\/2020\\\/04\\\/logonew-e1698080827687.png\",\"contentUrl\":\"https:\\\/\\\/yoestudiosalud.es\\\/wp-content\\\/uploads\\\/2020\\\/04\\\/logonew-e1698080827687.png\",\"width\":421,\"height\":393,\"caption\":\"yoestudiosalud.es\"},\"image\":{\"@id\":\"https:\\\/\\\/yoestudiosalud.es\\\/en\\\/#\\\/schema\\\/logo\\\/image\\\/\"}}]}<\/script>\n<!-- \/ Yoast SEO Premium plugin. -->","yoast_head_json":{"title":"CISEAUX COURBES IRIS 11.5CM - yoestudiosalud.es dep\u00f3sito dental","description":"Ciseaux courbes Iris 11,5 cm indispensables en dentisterie, m\u00e9decine et m\u00e9decine v\u00e9t\u00e9rinaire. Gr\u00e2ce \u00e0 leur conception ergonomique et \u00e0 leur taille compacte, ces ciseaux sont faciles \u00e0 manipuler et offrent un contr\u00f4le pr\u00e9cis pendant les proc\u00e9dures.","robots":{"index":"index","follow":"follow","max-snippet":"max-snippet:-1","max-image-preview":"max-image-preview:large","max-video-preview":"max-video-preview:-1"},"canonical":"https:\/\/yoestudiosalud.es\/fr\/produit\/ciseaux-courbes-iris-11-5cm\/","og_locale":"fr_FR","og_type":"article","og_title":"CISEAUX COURBES IRIS 11.5CM","og_description":"Ciseaux courbes Iris 11,5 cm indispensables en dentisterie, m\u00e9decine et m\u00e9decine v\u00e9t\u00e9rinaire. Gr\u00e2ce \u00e0 leur conception ergonomique et \u00e0 leur taille compacte, ces ciseaux sont faciles \u00e0 manipuler et offrent un contr\u00f4le pr\u00e9cis pendant les proc\u00e9dures.","og_url":"https:\/\/yoestudiosalud.es\/fr\/produit\/ciseaux-courbes-iris-11-5cm\/","og_site_name":"yoestudiosalud.es","article_modified_time":"2025-06-03T09:29:08+00:00","og_image":[{"width":650,"height":650,"url":"https:\/\/yoestudiosalud.es\/wp-content\/uploads\/2018\/07\/002841-1.jpg","type":"image\/jpeg"}],"twitter_card":"summary_large_image","twitter_misc":{"Dur\u00e9e de lecture estim\u00e9e":"2 minutes"},"schema":{"@context":"https:\/\/schema.org","@graph":[{"@type":"WebPage","@id":"https:\/\/yoestudiosalud.es\/fr\/produit\/ciseaux-courbes-iris-11-5cm\/","url":"https:\/\/yoestudiosalud.es\/fr\/produit\/ciseaux-courbes-iris-11-5cm\/","name":"CISEAUX COURBES IRIS 11.5CM - yoestudiosalud.es dep\u00f3sito dental","isPartOf":{"@id":"https:\/\/yoestudiosalud.es\/en\/#website"},"primaryImageOfPage":{"@id":"https:\/\/yoestudiosalud.es\/fr\/produit\/ciseaux-courbes-iris-11-5cm\/#primaryimage"},"image":{"@id":"https:\/\/yoestudiosalud.es\/fr\/produit\/ciseaux-courbes-iris-11-5cm\/#primaryimage"},"thumbnailUrl":"https:\/\/yoestudiosalud.es\/wp-content\/uploads\/2018\/07\/002841-1.jpg","datePublished":"2018-07-24T12:39:17+00:00","dateModified":"2025-06-03T09:29:08+00:00","description":"Ciseaux courbes Iris 11,5 cm indispensables en dentisterie, m\u00e9decine et m\u00e9decine v\u00e9t\u00e9rinaire. Gr\u00e2ce \u00e0 leur conception ergonomique et \u00e0 leur taille compacte, ces ciseaux sont faciles \u00e0 manipuler et offrent un contr\u00f4le pr\u00e9cis pendant les proc\u00e9dures.","breadcrumb":{"@id":"https:\/\/yoestudiosalud.es\/fr\/produit\/ciseaux-courbes-iris-11-5cm\/#breadcrumb"},"inLanguage":"fr-FR","potentialAction":[{"@type":"ReadAction","target":["https:\/\/yoestudiosalud.es\/fr\/produit\/ciseaux-courbes-iris-11-5cm\/"]}]},{"@type":"ImageObject","inLanguage":"fr-FR","@id":"https:\/\/yoestudiosalud.es\/fr\/produit\/ciseaux-courbes-iris-11-5cm\/#primaryimage","url":"https:\/\/yoestudiosalud.es\/wp-content\/uploads\/2018\/07\/002841-1.jpg","contentUrl":"https:\/\/yoestudiosalud.es\/wp-content\/uploads\/2018\/07\/002841-1.jpg","width":650,"height":650,"caption":"CISEAUX COURBES IRIS 11.5CM"},{"@type":"BreadcrumbList","@id":"https:\/\/yoestudiosalud.es\/fr\/produit\/ciseaux-courbes-iris-11-5cm\/#breadcrumb","itemListElement":[{"@type":"ListItem","position":1,"name":"Portada","item":"https:\/\/yoestudiosalud.es\/fr\/"},{"@type":"ListItem","position":2,"name":"Boutique","item":"https:\/\/yoestudiosalud.es\/fr\/boutique\/"},{"@type":"ListItem","position":3,"name":"CISEAUX COURBES IRIS 11.5CM"}]},{"@type":"WebSite","@id":"https:\/\/yoestudiosalud.es\/en\/#website","url":"https:\/\/yoestudiosalud.es\/en\/","name":"yoestudiosalud.es","description":"Material para estudiantes del sector salud","publisher":{"@id":"https:\/\/yoestudiosalud.es\/en\/#organization"},"potentialAction":[{"@type":"SearchAction","target":{"@type":"EntryPoint","urlTemplate":"https:\/\/yoestudiosalud.es\/en\/?s={search_term_string}"},"query-input":{"@type":"PropertyValueSpecification","valueRequired":true,"valueName":"search_term_string"}}],"inLanguage":"fr-FR"},{"@type":"Organization","@id":"https:\/\/yoestudiosalud.es\/en\/#organization","name":"yoestudiosalud.es","url":"https:\/\/yoestudiosalud.es\/en\/","logo":{"@type":"ImageObject","inLanguage":"fr-FR","@id":"https:\/\/yoestudiosalud.es\/en\/#\/schema\/logo\/image\/","url":"https:\/\/yoestudiosalud.es\/wp-content\/uploads\/2020\/04\/logonew-e1698080827687.png","contentUrl":"https:\/\/yoestudiosalud.es\/wp-content\/uploads\/2020\/04\/logonew-e1698080827687.png","width":421,"height":393,"caption":"yoestudiosalud.es"},"image":{"@id":"https:\/\/yoestudiosalud.es\/en\/#\/schema\/logo\/image\/"}}]}},"_links":{"self":[{"href":"https:\/\/yoestudiosalud.es\/fr\/wp-json\/wp\/v2\/product\/28446","targetHints":{"allow":["GET"]}}],"collection":[{"href":"https:\/\/yoestudiosalud.es\/fr\/wp-json\/wp\/v2\/product"}],"about":[{"href":"https:\/\/yoestudiosalud.es\/fr\/wp-json\/wp\/v2\/types\/product"}],"wp:featuredmedia":[{"embeddable":true,"href":"https:\/\/yoestudiosalud.es\/fr\/wp-json\/wp\/v2\/media\/28447"}],"wp:attachment":[{"href":"https:\/\/yoestudiosalud.es\/fr\/wp-json\/wp\/v2\/media?parent=28446"}],"wp:term":[{"taxonomy":"product_brand","embeddable":true,"href":"https:\/\/yoestudiosalud.es\/fr\/wp-json\/wp\/v2\/product_brand?post=28446"},{"taxonomy":"product_cat","embeddable":true,"href":"https:\/\/yoestudiosalud.es\/fr\/wp-json\/wp\/v2\/product_cat?post=28446"},{"taxonomy":"product_tag","embeddable":true,"href":"https:\/\/yoestudiosalud.es\/fr\/wp-json\/wp\/v2\/product_tag?post=28446"}],"curies":[{"name":"wp","href":"https:\/\/api.w.org\/{rel}","templated":true}]}}