{"id":28441,"date":"2018-07-24T12:35:46","date_gmt":"2018-07-24T12:35:46","guid":{"rendered":"https:\/\/yoestudiosalud.es\/producto\/ciseaux-iris-droits-11-5cm\/"},"modified":"2024-06-06T16:08:53","modified_gmt":"2024-06-06T16:08:53","slug":"ciseaux-iris-droits-11-5cm","status":"publish","type":"product","link":"https:\/\/yoestudiosalud.es\/fr\/produit\/ciseaux-iris-droits-11-5cm\/","title":{"rendered":"CISEAUX IRIS DROITS 11.5CM"},"content":{"rendered":"","protected":false},"excerpt":{"rendered":"<p>Les ciseaux droits Iris de 11,5 cm, avec leur design ergonomique et leur taille compacte, sont largement utilis\u00e9s en dentisterie, en m\u00e9decine, en m\u00e9decine v\u00e9t\u00e9rinaire et dans diverses disciplines m\u00e9dicales.<\/p>\n<p>Gr\u00e2ce \u00e0 leur taille compacte et \u00e0 leur facilit\u00e9 d&#8217;utilisation, les ciseaux droits Iris de 11,5 cm font partie du kit de suture de base et sont aussi utiles pour les interventions chirurgicales d\u00e9licates et minutieuses que pour couper les fils de suture. C&#8217;est pourquoi la grande polyvalence qu&#8217;ils offrent est leur principale caract\u00e9ristique, qui en fait un choix fiable et efficace dans un large \u00e9ventail d&#8217;applications m\u00e9dicales et scientifiques.<\/p>\n","protected":false},"featured_media":28444,"template":"","meta":[],"product_brand":[],"product_cat":[669],"product_tag":[690,763,930,673,677,684,688],"class_list":{"0":"post-28441","1":"product","2":"type-product","3":"status-publish","4":"has-post-thumbnail","6":"product_cat-general-fr","7":"product_tag-uem3-fr","8":"product_tag-uev3","9":"product_tag-ceuelche3","10":"product_tag-uv3","11":"product_tag-uemc_mbc","12":"product_tag-uemc_cns","13":"product_tag-ceu3","14":"pa_formacion-veterinaria-fr","15":"pa_formacion-medicina-fr","16":"pa_formacion-odontologia-fr","18":"first","19":"instock","20":"taxable","21":"shipping-taxable","22":"purchasable","23":"product-type-simple"},"yoast_head":"<!-- This site is optimized with the Yoast SEO Premium plugin v27.0 (Yoast SEO v27.4) - https:\/\/yoast.com\/product\/yoast-seo-premium-wordpress\/ -->\n<title>CISEAUX IRIS DROITS 11.5CM - yoestudiosalud.es dep\u00f3sito dental<\/title>\n<meta name=\"description\" content=\"Les ciseaux droits Iris de 11,5 cm, avec leur design ergonomique et leur taille compacte, sont largement utilis\u00e9s en dentisterie, en m\u00e9decine, en m\u00e9decine v\u00e9t\u00e9rinaire et dans diverses disciplines m\u00e9dicales.\" \/>\n<meta name=\"robots\" content=\"index, follow, max-snippet:-1, max-image-preview:large, max-video-preview:-1\" \/>\n<link rel=\"canonical\" href=\"https:\/\/yoestudiosalud.es\/fr\/produit\/ciseaux-iris-droits-11-5cm\/\" \/>\n<meta property=\"og:locale\" content=\"fr_FR\" \/>\n<meta property=\"og:type\" content=\"article\" \/>\n<meta property=\"og:title\" content=\"CISEAUX IRIS DROITS 11.5CM\" \/>\n<meta property=\"og:description\" content=\"Les ciseaux droits Iris de 11,5 cm, avec leur design ergonomique et leur taille compacte, sont largement utilis\u00e9s en dentisterie, en m\u00e9decine, en m\u00e9decine v\u00e9t\u00e9rinaire et dans diverses disciplines m\u00e9dicales.\" \/>\n<meta property=\"og:url\" content=\"https:\/\/yoestudiosalud.es\/fr\/produit\/ciseaux-iris-droits-11-5cm\/\" \/>\n<meta property=\"og:site_name\" content=\"yoestudiosalud.es\" \/>\n<meta property=\"article:modified_time\" content=\"2024-06-06T16:08:53+00:00\" \/>\n<meta property=\"og:image\" content=\"https:\/\/yoestudiosalud.es\/wp-content\/uploads\/2018\/07\/002840-2.jpg\" \/>\n\t<meta property=\"og:image:width\" content=\"650\" \/>\n\t<meta property=\"og:image:height\" content=\"650\" \/>\n\t<meta property=\"og:image:type\" content=\"image\/jpeg\" \/>\n<meta name=\"twitter:card\" content=\"summary_large_image\" \/>\n<script type=\"application\/ld+json\" class=\"yoast-schema-graph\">{\"@context\":\"https:\\\/\\\/schema.org\",\"@graph\":[{\"@type\":\"WebPage\",\"@id\":\"https:\\\/\\\/yoestudiosalud.es\\\/fr\\\/produit\\\/ciseaux-iris-droits-11-5cm\\\/\",\"url\":\"https:\\\/\\\/yoestudiosalud.es\\\/fr\\\/produit\\\/ciseaux-iris-droits-11-5cm\\\/\",\"name\":\"CISEAUX IRIS DROITS 11.5CM - yoestudiosalud.es dep\u00f3sito dental\",\"isPartOf\":{\"@id\":\"https:\\\/\\\/yoestudiosalud.es\\\/en\\\/#website\"},\"primaryImageOfPage\":{\"@id\":\"https:\\\/\\\/yoestudiosalud.es\\\/fr\\\/produit\\\/ciseaux-iris-droits-11-5cm\\\/#primaryimage\"},\"image\":{\"@id\":\"https:\\\/\\\/yoestudiosalud.es\\\/fr\\\/produit\\\/ciseaux-iris-droits-11-5cm\\\/#primaryimage\"},\"thumbnailUrl\":\"https:\\\/\\\/yoestudiosalud.es\\\/wp-content\\\/uploads\\\/2018\\\/07\\\/002840-2.jpg\",\"datePublished\":\"2018-07-24T12:35:46+00:00\",\"dateModified\":\"2024-06-06T16:08:53+00:00\",\"description\":\"Les ciseaux droits Iris de 11,5 cm, avec leur design ergonomique et leur taille compacte, sont largement utilis\u00e9s en dentisterie, en m\u00e9decine, en m\u00e9decine v\u00e9t\u00e9rinaire et dans diverses disciplines m\u00e9dicales.\",\"breadcrumb\":{\"@id\":\"https:\\\/\\\/yoestudiosalud.es\\\/fr\\\/produit\\\/ciseaux-iris-droits-11-5cm\\\/#breadcrumb\"},\"inLanguage\":\"fr-FR\",\"potentialAction\":[{\"@type\":\"ReadAction\",\"target\":[\"https:\\\/\\\/yoestudiosalud.es\\\/fr\\\/produit\\\/ciseaux-iris-droits-11-5cm\\\/\"]}]},{\"@type\":\"ImageObject\",\"inLanguage\":\"fr-FR\",\"@id\":\"https:\\\/\\\/yoestudiosalud.es\\\/fr\\\/produit\\\/ciseaux-iris-droits-11-5cm\\\/#primaryimage\",\"url\":\"https:\\\/\\\/yoestudiosalud.es\\\/wp-content\\\/uploads\\\/2018\\\/07\\\/002840-2.jpg\",\"contentUrl\":\"https:\\\/\\\/yoestudiosalud.es\\\/wp-content\\\/uploads\\\/2018\\\/07\\\/002840-2.jpg\",\"width\":650,\"height\":650,\"caption\":\"CISEAUX IRIS DROITS 11.5CM\"},{\"@type\":\"BreadcrumbList\",\"@id\":\"https:\\\/\\\/yoestudiosalud.es\\\/fr\\\/produit\\\/ciseaux-iris-droits-11-5cm\\\/#breadcrumb\",\"itemListElement\":[{\"@type\":\"ListItem\",\"position\":1,\"name\":\"Portada\",\"item\":\"https:\\\/\\\/yoestudiosalud.es\\\/fr\\\/\"},{\"@type\":\"ListItem\",\"position\":2,\"name\":\"Boutique\",\"item\":\"https:\\\/\\\/yoestudiosalud.es\\\/fr\\\/boutique\\\/\"},{\"@type\":\"ListItem\",\"position\":3,\"name\":\"CISEAUX IRIS DROITS 11.5CM\"}]},{\"@type\":\"WebSite\",\"@id\":\"https:\\\/\\\/yoestudiosalud.es\\\/en\\\/#website\",\"url\":\"https:\\\/\\\/yoestudiosalud.es\\\/en\\\/\",\"name\":\"yoestudiosalud.es\",\"description\":\"Material para estudiantes del sector salud\",\"publisher\":{\"@id\":\"https:\\\/\\\/yoestudiosalud.es\\\/en\\\/#organization\"},\"potentialAction\":[{\"@type\":\"SearchAction\",\"target\":{\"@type\":\"EntryPoint\",\"urlTemplate\":\"https:\\\/\\\/yoestudiosalud.es\\\/en\\\/?s={search_term_string}\"},\"query-input\":{\"@type\":\"PropertyValueSpecification\",\"valueRequired\":true,\"valueName\":\"search_term_string\"}}],\"inLanguage\":\"fr-FR\"},{\"@type\":\"Organization\",\"@id\":\"https:\\\/\\\/yoestudiosalud.es\\\/en\\\/#organization\",\"name\":\"yoestudiosalud.es\",\"url\":\"https:\\\/\\\/yoestudiosalud.es\\\/en\\\/\",\"logo\":{\"@type\":\"ImageObject\",\"inLanguage\":\"fr-FR\",\"@id\":\"https:\\\/\\\/yoestudiosalud.es\\\/en\\\/#\\\/schema\\\/logo\\\/image\\\/\",\"url\":\"https:\\\/\\\/yoestudiosalud.es\\\/wp-content\\\/uploads\\\/2020\\\/04\\\/logonew-e1698080827687.png\",\"contentUrl\":\"https:\\\/\\\/yoestudiosalud.es\\\/wp-content\\\/uploads\\\/2020\\\/04\\\/logonew-e1698080827687.png\",\"width\":421,\"height\":393,\"caption\":\"yoestudiosalud.es\"},\"image\":{\"@id\":\"https:\\\/\\\/yoestudiosalud.es\\\/en\\\/#\\\/schema\\\/logo\\\/image\\\/\"}}]}<\/script>\n<!-- \/ Yoast SEO Premium plugin. -->","yoast_head_json":{"title":"CISEAUX IRIS DROITS 11.5CM - yoestudiosalud.es dep\u00f3sito dental","description":"Les ciseaux droits Iris de 11,5 cm, avec leur design ergonomique et leur taille compacte, sont largement utilis\u00e9s en dentisterie, en m\u00e9decine, en m\u00e9decine v\u00e9t\u00e9rinaire et dans diverses disciplines m\u00e9dicales.","robots":{"index":"index","follow":"follow","max-snippet":"max-snippet:-1","max-image-preview":"max-image-preview:large","max-video-preview":"max-video-preview:-1"},"canonical":"https:\/\/yoestudiosalud.es\/fr\/produit\/ciseaux-iris-droits-11-5cm\/","og_locale":"fr_FR","og_type":"article","og_title":"CISEAUX IRIS DROITS 11.5CM","og_description":"Les ciseaux droits Iris de 11,5 cm, avec leur design ergonomique et leur taille compacte, sont largement utilis\u00e9s en dentisterie, en m\u00e9decine, en m\u00e9decine v\u00e9t\u00e9rinaire et dans diverses disciplines m\u00e9dicales.","og_url":"https:\/\/yoestudiosalud.es\/fr\/produit\/ciseaux-iris-droits-11-5cm\/","og_site_name":"yoestudiosalud.es","article_modified_time":"2024-06-06T16:08:53+00:00","og_image":[{"width":650,"height":650,"url":"https:\/\/yoestudiosalud.es\/wp-content\/uploads\/2018\/07\/002840-2.jpg","type":"image\/jpeg"}],"twitter_card":"summary_large_image","schema":{"@context":"https:\/\/schema.org","@graph":[{"@type":"WebPage","@id":"https:\/\/yoestudiosalud.es\/fr\/produit\/ciseaux-iris-droits-11-5cm\/","url":"https:\/\/yoestudiosalud.es\/fr\/produit\/ciseaux-iris-droits-11-5cm\/","name":"CISEAUX IRIS DROITS 11.5CM - yoestudiosalud.es dep\u00f3sito dental","isPartOf":{"@id":"https:\/\/yoestudiosalud.es\/en\/#website"},"primaryImageOfPage":{"@id":"https:\/\/yoestudiosalud.es\/fr\/produit\/ciseaux-iris-droits-11-5cm\/#primaryimage"},"image":{"@id":"https:\/\/yoestudiosalud.es\/fr\/produit\/ciseaux-iris-droits-11-5cm\/#primaryimage"},"thumbnailUrl":"https:\/\/yoestudiosalud.es\/wp-content\/uploads\/2018\/07\/002840-2.jpg","datePublished":"2018-07-24T12:35:46+00:00","dateModified":"2024-06-06T16:08:53+00:00","description":"Les ciseaux droits Iris de 11,5 cm, avec leur design ergonomique et leur taille compacte, sont largement utilis\u00e9s en dentisterie, en m\u00e9decine, en m\u00e9decine v\u00e9t\u00e9rinaire et dans diverses disciplines m\u00e9dicales.","breadcrumb":{"@id":"https:\/\/yoestudiosalud.es\/fr\/produit\/ciseaux-iris-droits-11-5cm\/#breadcrumb"},"inLanguage":"fr-FR","potentialAction":[{"@type":"ReadAction","target":["https:\/\/yoestudiosalud.es\/fr\/produit\/ciseaux-iris-droits-11-5cm\/"]}]},{"@type":"ImageObject","inLanguage":"fr-FR","@id":"https:\/\/yoestudiosalud.es\/fr\/produit\/ciseaux-iris-droits-11-5cm\/#primaryimage","url":"https:\/\/yoestudiosalud.es\/wp-content\/uploads\/2018\/07\/002840-2.jpg","contentUrl":"https:\/\/yoestudiosalud.es\/wp-content\/uploads\/2018\/07\/002840-2.jpg","width":650,"height":650,"caption":"CISEAUX IRIS DROITS 11.5CM"},{"@type":"BreadcrumbList","@id":"https:\/\/yoestudiosalud.es\/fr\/produit\/ciseaux-iris-droits-11-5cm\/#breadcrumb","itemListElement":[{"@type":"ListItem","position":1,"name":"Portada","item":"https:\/\/yoestudiosalud.es\/fr\/"},{"@type":"ListItem","position":2,"name":"Boutique","item":"https:\/\/yoestudiosalud.es\/fr\/boutique\/"},{"@type":"ListItem","position":3,"name":"CISEAUX IRIS DROITS 11.5CM"}]},{"@type":"WebSite","@id":"https:\/\/yoestudiosalud.es\/en\/#website","url":"https:\/\/yoestudiosalud.es\/en\/","name":"yoestudiosalud.es","description":"Material para estudiantes del sector salud","publisher":{"@id":"https:\/\/yoestudiosalud.es\/en\/#organization"},"potentialAction":[{"@type":"SearchAction","target":{"@type":"EntryPoint","urlTemplate":"https:\/\/yoestudiosalud.es\/en\/?s={search_term_string}"},"query-input":{"@type":"PropertyValueSpecification","valueRequired":true,"valueName":"search_term_string"}}],"inLanguage":"fr-FR"},{"@type":"Organization","@id":"https:\/\/yoestudiosalud.es\/en\/#organization","name":"yoestudiosalud.es","url":"https:\/\/yoestudiosalud.es\/en\/","logo":{"@type":"ImageObject","inLanguage":"fr-FR","@id":"https:\/\/yoestudiosalud.es\/en\/#\/schema\/logo\/image\/","url":"https:\/\/yoestudiosalud.es\/wp-content\/uploads\/2020\/04\/logonew-e1698080827687.png","contentUrl":"https:\/\/yoestudiosalud.es\/wp-content\/uploads\/2020\/04\/logonew-e1698080827687.png","width":421,"height":393,"caption":"yoestudiosalud.es"},"image":{"@id":"https:\/\/yoestudiosalud.es\/en\/#\/schema\/logo\/image\/"}}]}},"_links":{"self":[{"href":"https:\/\/yoestudiosalud.es\/fr\/wp-json\/wp\/v2\/product\/28441","targetHints":{"allow":["GET"]}}],"collection":[{"href":"https:\/\/yoestudiosalud.es\/fr\/wp-json\/wp\/v2\/product"}],"about":[{"href":"https:\/\/yoestudiosalud.es\/fr\/wp-json\/wp\/v2\/types\/product"}],"wp:featuredmedia":[{"embeddable":true,"href":"https:\/\/yoestudiosalud.es\/fr\/wp-json\/wp\/v2\/media\/28444"}],"wp:attachment":[{"href":"https:\/\/yoestudiosalud.es\/fr\/wp-json\/wp\/v2\/media?parent=28441"}],"wp:term":[{"taxonomy":"product_brand","embeddable":true,"href":"https:\/\/yoestudiosalud.es\/fr\/wp-json\/wp\/v2\/product_brand?post=28441"},{"taxonomy":"product_cat","embeddable":true,"href":"https:\/\/yoestudiosalud.es\/fr\/wp-json\/wp\/v2\/product_cat?post=28441"},{"taxonomy":"product_tag","embeddable":true,"href":"https:\/\/yoestudiosalud.es\/fr\/wp-json\/wp\/v2\/product_tag?post=28441"}],"curies":[{"name":"wp","href":"https:\/\/api.w.org\/{rel}","templated":true}]}}