{"id":28402,"date":"2018-07-12T17:20:56","date_gmt":"2018-07-12T17:20:56","guid":{"rendered":"https:\/\/yoestudiosalud.es\/producto\/pantalon-hygienique\/"},"modified":"2025-06-27T13:31:45","modified_gmt":"2025-06-27T11:31:45","slug":"pantalon-hygienique","status":"publish","type":"product","link":"https:\/\/yoestudiosalud.es\/fr\/produit\/pantalon-hygienique\/","title":{"rendered":"PANTALON HYGI\u00c9NIQUE"},"content":{"rendered":"<p>Pantalon de gommage unisexe, de type pyjama, conforme aux sp\u00e9cifications et exigences universitaires.<\/p>\n<p>Avec une coupe confortable et une large gamme de tailles disponibles, c&#8217;est l&#8217;uniforme m\u00e9dical id\u00e9al pour les \u00e9tudiants de tous les secteurs de la m\u00e9decine. Test\u00e9 par des \u00e9tudiants en m\u00e9decine dentaire et en soins infirmiers de toute l&#8217;Espagne, votre satisfaction est notre gage de qualit\u00e9.<\/p>\n<p>Pour choisir votre pyjama id\u00e9al, nous vous recommandons de rechercher votre taille dans le tableau ci-dessous.<\/p>\n<table style=\"height: 198px;\" width=\"1308\">\n<tbody>\n<tr class=\"odd\">\n<td class=\"\" colspan=\"2\">\n<div style=\"text-align: center;\"><strong>US<\/strong><\/div>\n<\/td>\n<td class=\"\" style=\"text-align: center;\" colspan=\"2\">\n<div><strong>XS<\/strong><\/div>\n<\/td>\n<td class=\"\" style=\"text-align: center;\" colspan=\"2\">\n<div><strong>S<\/strong><\/div>\n<\/td>\n<td class=\"\" style=\"text-align: center;\" colspan=\"2\">\n<div><strong>M<\/strong><\/div>\n<\/td>\n<td class=\"\" style=\"text-align: center;\" colspan=\"2\">\n<div><strong>L<\/strong><\/div>\n<\/td>\n<td class=\"\" style=\"text-align: center;\" colspan=\"2\">\n<div><strong>XL<\/strong><\/div>\n<\/td>\n<td class=\"\" style=\"text-align: center;\" colspan=\"2\">\n<div><strong>2XL<\/strong><\/div>\n<\/td>\n<td class=\"last\" colspan=\"2\">\n<div style=\"text-align: center;\"><strong>3XL<\/strong><\/div>\n<\/td>\n<\/tr>\n<tr class=\"\">\n<td class=\"\" style=\"text-align: center;\" colspan=\"2\">HYGI\u00c9NIQUE<\/td>\n<td class=\"\" style=\"text-align: center;\" colspan=\"2\">0<\/td>\n<td class=\"\" style=\"text-align: center;\" colspan=\"2\">2<\/td>\n<td class=\"\" style=\"text-align: center;\" colspan=\"2\">4<\/td>\n<td class=\"\" style=\"text-align: center;\" colspan=\"2\">6<\/td>\n<td class=\"\" style=\"text-align: center;\" colspan=\"2\">8<\/td>\n<td class=\"\" style=\"text-align: center;\" colspan=\"2\">10<\/td>\n<td class=\"last\" style=\"text-align: center;\" colspan=\"2\">12<\/td>\n<\/tr>\n<tr class=\"odd\">\n<td class=\"\" style=\"text-align: center;\" colspan=\"2\">EU<\/td>\n<td class=\"\" style=\"text-align: center;\" colspan=\"2\">34<\/td>\n<td class=\"\" style=\"text-align: center;\">36<\/td>\n<td class=\"\" style=\"text-align: center;\">38<\/td>\n<td class=\"\" style=\"text-align: center;\">40<\/td>\n<td class=\"\" style=\"text-align: center;\">42<\/td>\n<td class=\"\" style=\"text-align: center;\">44<\/td>\n<td class=\"\" style=\"text-align: center;\">46<\/td>\n<td class=\"\" style=\"text-align: center;\">48<\/td>\n<td class=\"\" style=\"text-align: center;\">50<\/td>\n<td class=\"\" style=\"text-align: center;\">52<\/td>\n<td class=\"\" style=\"text-align: center;\">54<\/td>\n<td class=\"\" style=\"text-align: center;\">56<\/td>\n<td class=\"last\" style=\"text-align: center;\">58<\/td>\n<\/tr>\n<tr class=\"\">\n<td class=\"\" style=\"text-align: center;\" colspan=\"2\">TAILLE (cm)<\/td>\n<td class=\"\" style=\"text-align: center;\" colspan=\"2\">68-70<\/td>\n<td class=\"\" style=\"text-align: center;\">70-74<\/td>\n<td class=\"\" style=\"text-align: center;\">74-78<\/td>\n<td class=\"\" style=\"text-align: center;\">78-82<\/td>\n<td class=\"\" style=\"text-align: center;\">82-86<\/td>\n<td class=\"\" style=\"text-align: center;\">86-90<\/td>\n<td class=\"\" style=\"text-align: center;\">90-94<\/td>\n<td class=\"\" style=\"text-align: center;\">94-98<\/td>\n<td class=\"\" style=\"text-align: center;\">98-102<\/td>\n<td class=\"\" style=\"text-align: center;\">102-106<\/td>\n<td class=\"\" style=\"text-align: center;\">106-111<\/td>\n<td class=\"\" style=\"text-align: center;\">111-117<\/td>\n<td class=\"last\" style=\"text-align: center;\">117-123<\/td>\n<\/tr>\n<\/tbody>\n<\/table>\n<p>Produit par la marque Velilla, avec plus de 70 ans d&#8217;exp\u00e9rience dans le secteur des v\u00eatements de travail.<\/p>\n<h2 data-sourcepos=\"1:1-1:37\">Velilla : Confection pour la Sant\u00e9<\/h2>\n<p data-sourcepos=\"3:1-3:435\">Velilla est une marque espagnole de v\u00eatements de sant\u00e9. Fond\u00e9e en 1948, elle a une longue histoire. Initialement, elle s&#8217;est concentr\u00e9e sur les v\u00eatements de travail. Post\u00e9rieurement, elle a \u00e9largi son catalogue au secteur de la sant\u00e9. Actuellement, Velilla offre une vaste gamme de v\u00eatements. Ceux-ci incluent des pyjamas m\u00e9dicaux, des blouses, des tuniques et des pantalons. Ils fabriquent \u00e9galement des chaussures et des accessoires.<\/p>\n<h3 data-sourcepos=\"5:1-5:29\">Qualit\u00e9 et Fonctionnalit\u00e9<\/h3>\n<p data-sourcepos=\"7:1-7:381\">La marque se distingue par la qualit\u00e9 de ses mat\u00e9riaux. Ils utilisent des tissus r\u00e9sistants et durables. De plus, ils con\u00e7oivent des v\u00eatements confortables et fonctionnels. Leurs v\u00eatements facilitent le mouvement. De m\u00eame, ils respectent les r\u00e9glementations sanitaires. Par exemple, ils offrent des propri\u00e9t\u00e9s antibact\u00e9riennes. Ils incorporent \u00e9galement des traitements antitaches.<\/p>\n<h3 data-sourcepos=\"9:1-9:21\">Design et Vari\u00e9t\u00e9<\/h3>\n<p data-sourcepos=\"11:1-11:313\">Velilla pr\u00eate attention au design. Ses collections pr\u00e9sentent une vari\u00e9t\u00e9 de couleurs et de styles. Les professionnels peuvent trouver des v\u00eatements modernes et pratiques. De plus, la marque offre des options pour diff\u00e9rentes sp\u00e9cialit\u00e9s. Par exemple, des uniformes pour l&#8217;infirmerie, la m\u00e9decine et la pharmacie.<\/p>\n<h3 data-sourcepos=\"13:1-13:30\">Engagement et Distribution<\/h3>\n<p data-sourcepos=\"15:1-15:384\">Velilla a un fort engagement envers ses clients. Ils offrent un bon service client. De plus, ils distribuent leurs produits au niveau national et international. Par cons\u00e9quent, de nombreux professionnels font confiance \u00e0 cette marque. Leur exp\u00e9rience et leur qualit\u00e9 en font une r\u00e9f\u00e9rence dans le secteur des v\u00eatements de sant\u00e9. En d\u00e9finitive, Velilla combine tradition et innovation.<\/p>\n","protected":false},"excerpt":{"rendered":"<p>Pantalon de gommage unisexe, de type pyjama, conforme aux sp\u00e9cifications et exigences universitaires.<\/p>\n","protected":false},"featured_media":28404,"template":"","meta":[],"product_brand":[],"product_cat":[701,702,700],"product_tag":[673],"class_list":{"0":"post-28402","1":"product","2":"type-product","3":"status-publish","4":"has-post-thumbnail","6":"product_cat-vetementsm-fr","7":"product_cat-vetementsv-fr","8":"product_cat-vetements-fr","9":"product_tag-uv3","10":"pa_formacion-veterinaria-fr","11":"pa_formacion-medicina-fr","12":"pa_formacion-odontologia-fr","14":"first","15":"outofstock","16":"taxable","17":"shipping-taxable","18":"purchasable","19":"product-type-variable"},"yoast_head":"<!-- This site is optimized with the Yoast SEO Premium plugin v27.0 (Yoast SEO v27.2) - https:\/\/yoast.com\/product\/yoast-seo-premium-wordpress\/ -->\n<title>PANTALON HYGI\u00c9NIQUE VELILLA - yoestudiosalud.es le d\u00e9p\u00f4t de mat\u00e9riel sanitaire<\/title>\n<meta name=\"description\" content=\"Pantalon unisexe type pyjama m\u00e9dical conforme aux sp\u00e9cifications et exigences des universit\u00e9s. Achetez-le en ligne sur la boutique.\" \/>\n<meta name=\"robots\" content=\"index, follow, max-snippet:-1, max-image-preview:large, max-video-preview:-1\" \/>\n<link rel=\"canonical\" href=\"https:\/\/yoestudiosalud.es\/produit\/pantalon-pijama-sanitario\/\" \/>\n<meta property=\"og:locale\" content=\"fr_FR\" \/>\n<meta property=\"og:type\" content=\"article\" \/>\n<meta property=\"og:title\" content=\"PANTALON HYGI\u00c9NIQUE\" \/>\n<meta property=\"og:description\" content=\"Pantalon unisexe type pyjama m\u00e9dical conforme aux sp\u00e9cifications et exigences des universit\u00e9s. Achetez-le en ligne sur la boutique.\" \/>\n<meta property=\"og:url\" content=\"https:\/\/yoestudiosalud.es\/produit\/pantalon-pijama-sanitario\/\" \/>\n<meta property=\"og:site_name\" content=\"yoestudiosalud.es\" \/>\n<meta property=\"article:modified_time\" content=\"2025-06-27T11:31:45+00:00\" \/>\n<meta property=\"og:image\" content=\"https:\/\/yoestudiosalud.es\/wp-content\/uploads\/2018\/07\/V002413.jpg\" \/>\n\t<meta property=\"og:image:width\" content=\"650\" \/>\n\t<meta property=\"og:image:height\" content=\"650\" \/>\n\t<meta property=\"og:image:type\" content=\"image\/jpeg\" \/>\n<meta name=\"twitter:card\" content=\"summary_large_image\" \/>\n<meta name=\"twitter:label1\" content=\"Dur\u00e9e de lecture estim\u00e9e\" \/>\n\t<meta name=\"twitter:data1\" content=\"2 minutes\" \/>\n<script type=\"application\/ld+json\" class=\"yoast-schema-graph\">{\"@context\":\"https:\/\/schema.org\",\"@graph\":[{\"@type\":\"WebPage\",\"@id\":\"https:\/\/yoestudiosalud.es\/produit\/pantalon-pijama-sanitario\/\",\"url\":\"https:\/\/yoestudiosalud.es\/produit\/pantalon-pijama-sanitario\/\",\"name\":\"PANTALON HYGI\u00c9NIQUE VELILLA - yoestudiosalud.es le d\u00e9p\u00f4t de mat\u00e9riel sanitaire\",\"isPartOf\":{\"@id\":\"https:\/\/yoestudiosalud.es\/en\/#website\"},\"primaryImageOfPage\":{\"@id\":\"https:\/\/yoestudiosalud.es\/produit\/pantalon-pijama-sanitario\/#primaryimage\"},\"image\":{\"@id\":\"https:\/\/yoestudiosalud.es\/produit\/pantalon-pijama-sanitario\/#primaryimage\"},\"thumbnailUrl\":\"https:\/\/yoestudiosalud.es\/wp-content\/uploads\/2018\/07\/V002413.jpg\",\"datePublished\":\"2018-07-12T17:20:56+00:00\",\"dateModified\":\"2025-06-27T11:31:45+00:00\",\"description\":\"Pantalon unisexe type pyjama m\u00e9dical conforme aux sp\u00e9cifications et exigences des universit\u00e9s. Achetez-le en ligne sur la boutique.\",\"breadcrumb\":{\"@id\":\"https:\/\/yoestudiosalud.es\/produit\/pantalon-pijama-sanitario\/#breadcrumb\"},\"inLanguage\":\"fr-FR\",\"potentialAction\":[{\"@type\":\"ReadAction\",\"target\":[\"https:\/\/yoestudiosalud.es\/produit\/pantalon-pijama-sanitario\/\"]}]},{\"@type\":\"ImageObject\",\"inLanguage\":\"fr-FR\",\"@id\":\"https:\/\/yoestudiosalud.es\/produit\/pantalon-pijama-sanitario\/#primaryimage\",\"url\":\"https:\/\/yoestudiosalud.es\/wp-content\/uploads\/2018\/07\/V002413.jpg\",\"contentUrl\":\"https:\/\/yoestudiosalud.es\/wp-content\/uploads\/2018\/07\/V002413.jpg\",\"width\":650,\"height\":650,\"caption\":\"PANTALON HYGI\u00c9NIQUE\"},{\"@type\":\"BreadcrumbList\",\"@id\":\"https:\/\/yoestudiosalud.es\/produit\/pantalon-pijama-sanitario\/#breadcrumb\",\"itemListElement\":[{\"@type\":\"ListItem\",\"position\":1,\"name\":\"Portada\",\"item\":\"https:\/\/yoestudiosalud.es\/fr\/\"},{\"@type\":\"ListItem\",\"position\":2,\"name\":\"Boutique\",\"item\":\"https:\/\/yoestudiosalud.es\/fr\/boutique\/\"},{\"@type\":\"ListItem\",\"position\":3,\"name\":\"PANTALON HYGI\u00c9NIQUE\"}]},{\"@type\":\"WebSite\",\"@id\":\"https:\/\/yoestudiosalud.es\/en\/#website\",\"url\":\"https:\/\/yoestudiosalud.es\/en\/\",\"name\":\"yoestudiosalud.es\",\"description\":\"Material para estudiantes del sector salud\",\"publisher\":{\"@id\":\"https:\/\/yoestudiosalud.es\/en\/#organization\"},\"potentialAction\":[{\"@type\":\"SearchAction\",\"target\":{\"@type\":\"EntryPoint\",\"urlTemplate\":\"https:\/\/yoestudiosalud.es\/en\/?s={search_term_string}\"},\"query-input\":{\"@type\":\"PropertyValueSpecification\",\"valueRequired\":true,\"valueName\":\"search_term_string\"}}],\"inLanguage\":\"fr-FR\"},{\"@type\":\"Organization\",\"@id\":\"https:\/\/yoestudiosalud.es\/en\/#organization\",\"name\":\"yoestudiosalud.es\",\"url\":\"https:\/\/yoestudiosalud.es\/en\/\",\"logo\":{\"@type\":\"ImageObject\",\"inLanguage\":\"fr-FR\",\"@id\":\"https:\/\/yoestudiosalud.es\/en\/#\/schema\/logo\/image\/\",\"url\":\"https:\/\/yoestudiosalud.es\/wp-content\/uploads\/2020\/04\/logonew-e1698080827687.png\",\"contentUrl\":\"https:\/\/yoestudiosalud.es\/wp-content\/uploads\/2020\/04\/logonew-e1698080827687.png\",\"width\":421,\"height\":393,\"caption\":\"yoestudiosalud.es\"},\"image\":{\"@id\":\"https:\/\/yoestudiosalud.es\/en\/#\/schema\/logo\/image\/\"}}]}<\/script>\n<!-- \/ Yoast SEO Premium plugin. -->","yoast_head_json":{"title":"PANTALON HYGI\u00c9NIQUE VELILLA - yoestudiosalud.es le d\u00e9p\u00f4t de mat\u00e9riel sanitaire","description":"Pantalon unisexe type pyjama m\u00e9dical conforme aux sp\u00e9cifications et exigences des universit\u00e9s. Achetez-le en ligne sur la boutique.","robots":{"index":"index","follow":"follow","max-snippet":"max-snippet:-1","max-image-preview":"max-image-preview:large","max-video-preview":"max-video-preview:-1"},"canonical":"https:\/\/yoestudiosalud.es\/produit\/pantalon-pijama-sanitario\/","og_locale":"fr_FR","og_type":"article","og_title":"PANTALON HYGI\u00c9NIQUE","og_description":"Pantalon unisexe type pyjama m\u00e9dical conforme aux sp\u00e9cifications et exigences des universit\u00e9s. Achetez-le en ligne sur la boutique.","og_url":"https:\/\/yoestudiosalud.es\/produit\/pantalon-pijama-sanitario\/","og_site_name":"yoestudiosalud.es","article_modified_time":"2025-06-27T11:31:45+00:00","og_image":[{"width":650,"height":650,"url":"https:\/\/yoestudiosalud.es\/wp-content\/uploads\/2018\/07\/V002413.jpg","type":"image\/jpeg"}],"twitter_card":"summary_large_image","twitter_misc":{"Dur\u00e9e de lecture estim\u00e9e":"2 minutes"},"schema":{"@context":"https:\/\/schema.org","@graph":[{"@type":"WebPage","@id":"https:\/\/yoestudiosalud.es\/produit\/pantalon-pijama-sanitario\/","url":"https:\/\/yoestudiosalud.es\/produit\/pantalon-pijama-sanitario\/","name":"PANTALON HYGI\u00c9NIQUE VELILLA - yoestudiosalud.es le d\u00e9p\u00f4t de mat\u00e9riel sanitaire","isPartOf":{"@id":"https:\/\/yoestudiosalud.es\/en\/#website"},"primaryImageOfPage":{"@id":"https:\/\/yoestudiosalud.es\/produit\/pantalon-pijama-sanitario\/#primaryimage"},"image":{"@id":"https:\/\/yoestudiosalud.es\/produit\/pantalon-pijama-sanitario\/#primaryimage"},"thumbnailUrl":"https:\/\/yoestudiosalud.es\/wp-content\/uploads\/2018\/07\/V002413.jpg","datePublished":"2018-07-12T17:20:56+00:00","dateModified":"2025-06-27T11:31:45+00:00","description":"Pantalon unisexe type pyjama m\u00e9dical conforme aux sp\u00e9cifications et exigences des universit\u00e9s. Achetez-le en ligne sur la boutique.","breadcrumb":{"@id":"https:\/\/yoestudiosalud.es\/produit\/pantalon-pijama-sanitario\/#breadcrumb"},"inLanguage":"fr-FR","potentialAction":[{"@type":"ReadAction","target":["https:\/\/yoestudiosalud.es\/produit\/pantalon-pijama-sanitario\/"]}]},{"@type":"ImageObject","inLanguage":"fr-FR","@id":"https:\/\/yoestudiosalud.es\/produit\/pantalon-pijama-sanitario\/#primaryimage","url":"https:\/\/yoestudiosalud.es\/wp-content\/uploads\/2018\/07\/V002413.jpg","contentUrl":"https:\/\/yoestudiosalud.es\/wp-content\/uploads\/2018\/07\/V002413.jpg","width":650,"height":650,"caption":"PANTALON HYGI\u00c9NIQUE"},{"@type":"BreadcrumbList","@id":"https:\/\/yoestudiosalud.es\/produit\/pantalon-pijama-sanitario\/#breadcrumb","itemListElement":[{"@type":"ListItem","position":1,"name":"Portada","item":"https:\/\/yoestudiosalud.es\/fr\/"},{"@type":"ListItem","position":2,"name":"Boutique","item":"https:\/\/yoestudiosalud.es\/fr\/boutique\/"},{"@type":"ListItem","position":3,"name":"PANTALON HYGI\u00c9NIQUE"}]},{"@type":"WebSite","@id":"https:\/\/yoestudiosalud.es\/en\/#website","url":"https:\/\/yoestudiosalud.es\/en\/","name":"yoestudiosalud.es","description":"Material para estudiantes del sector salud","publisher":{"@id":"https:\/\/yoestudiosalud.es\/en\/#organization"},"potentialAction":[{"@type":"SearchAction","target":{"@type":"EntryPoint","urlTemplate":"https:\/\/yoestudiosalud.es\/en\/?s={search_term_string}"},"query-input":{"@type":"PropertyValueSpecification","valueRequired":true,"valueName":"search_term_string"}}],"inLanguage":"fr-FR"},{"@type":"Organization","@id":"https:\/\/yoestudiosalud.es\/en\/#organization","name":"yoestudiosalud.es","url":"https:\/\/yoestudiosalud.es\/en\/","logo":{"@type":"ImageObject","inLanguage":"fr-FR","@id":"https:\/\/yoestudiosalud.es\/en\/#\/schema\/logo\/image\/","url":"https:\/\/yoestudiosalud.es\/wp-content\/uploads\/2020\/04\/logonew-e1698080827687.png","contentUrl":"https:\/\/yoestudiosalud.es\/wp-content\/uploads\/2020\/04\/logonew-e1698080827687.png","width":421,"height":393,"caption":"yoestudiosalud.es"},"image":{"@id":"https:\/\/yoestudiosalud.es\/en\/#\/schema\/logo\/image\/"}}]}},"_links":{"self":[{"href":"https:\/\/yoestudiosalud.es\/fr\/wp-json\/wp\/v2\/product\/28402","targetHints":{"allow":["GET"]}}],"collection":[{"href":"https:\/\/yoestudiosalud.es\/fr\/wp-json\/wp\/v2\/product"}],"about":[{"href":"https:\/\/yoestudiosalud.es\/fr\/wp-json\/wp\/v2\/types\/product"}],"wp:featuredmedia":[{"embeddable":true,"href":"https:\/\/yoestudiosalud.es\/fr\/wp-json\/wp\/v2\/media\/28404"}],"wp:attachment":[{"href":"https:\/\/yoestudiosalud.es\/fr\/wp-json\/wp\/v2\/media?parent=28402"}],"wp:term":[{"taxonomy":"product_brand","embeddable":true,"href":"https:\/\/yoestudiosalud.es\/fr\/wp-json\/wp\/v2\/product_brand?post=28402"},{"taxonomy":"product_cat","embeddable":true,"href":"https:\/\/yoestudiosalud.es\/fr\/wp-json\/wp\/v2\/product_cat?post=28402"},{"taxonomy":"product_tag","embeddable":true,"href":"https:\/\/yoestudiosalud.es\/fr\/wp-json\/wp\/v2\/product_tag?post=28402"}],"curies":[{"name":"wp","href":"https:\/\/api.w.org\/{rel}","templated":true}]}}