{"id":28399,"date":"2018-07-12T17:20:54","date_gmt":"2018-07-12T17:20:54","guid":{"rendered":"https:\/\/yoestudiosalud.es\/producto\/pince-a-dissection-sans-dents\/"},"modified":"2018-07-12T17:20:54","modified_gmt":"2018-07-12T17:20:54","slug":"pince-a-dissection-sans-dents","status":"publish","type":"product","link":"https:\/\/yoestudiosalud.es\/fr\/produit\/pince-a-dissection-sans-dents\/","title":{"rendered":"PINCE \u00c0 DISSECTION SANS DENTS"},"content":{"rendered":"<p>La pince \u00e0 dissection sans dents est un instrument m\u00e9tallique \u00e0 deux branches utilis\u00e9 pour s\u00e9parer, approcher, confronter et saisir les tissus. Elle est g\u00e9n\u00e9ralement utilis\u00e9e pour la manipulation des tissus en chirurgie.<\/p>\n<p>La pince \u00e0 dissection sans dents a la particularit\u00e9 d&#8217;\u00eatre atraumatique et est destin\u00e9e aux tissus d\u00e9licats. Fabriqu\u00e9e en acier inoxydable, elle mesure 14 cm de long.<\/p>\n<p>Produite par Master Surgical, nous garantissons une haute qualit\u00e9 au meilleur prix.<\/p>\n","protected":false},"excerpt":{"rendered":"<p>La pince \u00e0 dissection sans dents est un instrument m\u00e9tallique \u00e0 deux branches utilis\u00e9 pour s\u00e9parer, approcher, confronter et saisir les tissus. Elle est g\u00e9n\u00e9ralement utilis\u00e9e pour la manipulation des tissus en chirurgie.<\/p>\n<p>La pince \u00e0 dissection sans dents a la particularit\u00e9 d&#8217;\u00eatre atraumatique et est destin\u00e9e aux tissus d\u00e9licats. Fabriqu\u00e9e en acier inoxydable, elle mesure 14 cm de long.<\/p>\n<p>Produite par Master Surgical, nous garantissons une haute qualit\u00e9 au meilleur prix.<\/p>\n","protected":false},"featured_media":28400,"template":"","meta":[],"product_brand":[],"product_cat":[671,720,722],"product_tag":[],"class_list":{"0":"post-28399","1":"product","2":"type-product","3":"status-publish","4":"has-post-thumbnail","6":"product_cat-instrumental-fr","7":"product_cat-instrumentalv-fr","8":"product_cat-instrumentalm-fr","9":"pa_formacion-veterinaria-fr","10":"pa_formacion-medicina-fr","11":"pa_formacion-odontologia-fr","13":"first","14":"onbackorder","15":"sale","16":"taxable","17":"shipping-taxable","18":"purchasable","19":"product-type-simple"},"yoast_head":"<!-- This site is optimized with the Yoast SEO Premium plugin v27.0 (Yoast SEO v27.2) - https:\/\/yoast.com\/product\/yoast-seo-premium-wordpress\/ -->\n<title>PINCE \u00c0 DISSECTION SANS DENTS - yoestudiosalud.es<\/title>\n<meta name=\"description\" content=\"La pince \u00e0 dissection sans dents est un instrument m\u00e9tallique \u00e0 deux branches utilis\u00e9 pour s\u00e9parer, approcher, confronter et saisir les tissus. Elle est g\u00e9n\u00e9ralement utilis\u00e9e pour la manipulation des tissus en chirurgie.\" \/>\n<meta name=\"robots\" content=\"index, follow, max-snippet:-1, max-image-preview:large, max-video-preview:-1\" \/>\n<link rel=\"canonical\" href=\"https:\/\/yoestudiosalud.es\/produit\/pinza-diseccin\/\" \/>\n<meta property=\"og:locale\" content=\"fr_FR\" \/>\n<meta property=\"og:type\" content=\"article\" \/>\n<meta property=\"og:title\" content=\"PINCE \u00c0 DISSECTION SANS DENTS\" \/>\n<meta property=\"og:description\" content=\"La pince \u00e0 dissection sans dents est un instrument m\u00e9tallique \u00e0 deux branches utilis\u00e9 pour s\u00e9parer, approcher, confronter et saisir les tissus. Elle est g\u00e9n\u00e9ralement utilis\u00e9e pour la manipulation des tissus en chirurgie.\" \/>\n<meta property=\"og:url\" content=\"https:\/\/yoestudiosalud.es\/produit\/pinza-diseccin\/\" \/>\n<meta property=\"og:site_name\" content=\"yoestudiosalud.es\" \/>\n<meta property=\"og:image\" content=\"https:\/\/yoestudiosalud.es\/wp-content\/uploads\/2018\/07\/001516-1.jpg\" \/>\n\t<meta property=\"og:image:width\" content=\"640\" \/>\n\t<meta property=\"og:image:height\" content=\"640\" \/>\n\t<meta property=\"og:image:type\" content=\"image\/jpeg\" \/>\n<meta name=\"twitter:card\" content=\"summary_large_image\" \/>\n<script type=\"application\/ld+json\" class=\"yoast-schema-graph\">{\"@context\":\"https:\/\/schema.org\",\"@graph\":[{\"@type\":\"WebPage\",\"@id\":\"https:\/\/yoestudiosalud.es\/produit\/pinza-diseccin\/\",\"url\":\"https:\/\/yoestudiosalud.es\/produit\/pinza-diseccin\/\",\"name\":\"PINCE \u00c0 DISSECTION SANS DENTS - yoestudiosalud.es\",\"isPartOf\":{\"@id\":\"https:\/\/yoestudiosalud.es\/en\/#website\"},\"primaryImageOfPage\":{\"@id\":\"https:\/\/yoestudiosalud.es\/produit\/pinza-diseccin\/#primaryimage\"},\"image\":{\"@id\":\"https:\/\/yoestudiosalud.es\/produit\/pinza-diseccin\/#primaryimage\"},\"thumbnailUrl\":\"https:\/\/yoestudiosalud.es\/wp-content\/uploads\/2018\/07\/001516-1.jpg\",\"datePublished\":\"2018-07-12T17:20:54+00:00\",\"description\":\"La pince \u00e0 dissection sans dents est un instrument m\u00e9tallique \u00e0 deux branches utilis\u00e9 pour s\u00e9parer, approcher, confronter et saisir les tissus. Elle est g\u00e9n\u00e9ralement utilis\u00e9e pour la manipulation des tissus en chirurgie.\",\"breadcrumb\":{\"@id\":\"https:\/\/yoestudiosalud.es\/produit\/pinza-diseccin\/#breadcrumb\"},\"inLanguage\":\"fr-FR\",\"potentialAction\":[{\"@type\":\"ReadAction\",\"target\":[\"https:\/\/yoestudiosalud.es\/produit\/pinza-diseccin\/\"]}]},{\"@type\":\"ImageObject\",\"inLanguage\":\"fr-FR\",\"@id\":\"https:\/\/yoestudiosalud.es\/produit\/pinza-diseccin\/#primaryimage\",\"url\":\"https:\/\/yoestudiosalud.es\/wp-content\/uploads\/2018\/07\/001516-1.jpg\",\"contentUrl\":\"https:\/\/yoestudiosalud.es\/wp-content\/uploads\/2018\/07\/001516-1.jpg\",\"width\":640,\"height\":640},{\"@type\":\"BreadcrumbList\",\"@id\":\"https:\/\/yoestudiosalud.es\/produit\/pinza-diseccin\/#breadcrumb\",\"itemListElement\":[{\"@type\":\"ListItem\",\"position\":1,\"name\":\"Portada\",\"item\":\"https:\/\/yoestudiosalud.es\/fr\/\"},{\"@type\":\"ListItem\",\"position\":2,\"name\":\"Boutique\",\"item\":\"https:\/\/yoestudiosalud.es\/fr\/boutique\/\"},{\"@type\":\"ListItem\",\"position\":3,\"name\":\"PINCE \u00c0 DISSECTION SANS DENTS\"}]},{\"@type\":\"WebSite\",\"@id\":\"https:\/\/yoestudiosalud.es\/en\/#website\",\"url\":\"https:\/\/yoestudiosalud.es\/en\/\",\"name\":\"yoestudiosalud.es\",\"description\":\"Material para estudiantes del sector salud\",\"publisher\":{\"@id\":\"https:\/\/yoestudiosalud.es\/en\/#organization\"},\"potentialAction\":[{\"@type\":\"SearchAction\",\"target\":{\"@type\":\"EntryPoint\",\"urlTemplate\":\"https:\/\/yoestudiosalud.es\/en\/?s={search_term_string}\"},\"query-input\":{\"@type\":\"PropertyValueSpecification\",\"valueRequired\":true,\"valueName\":\"search_term_string\"}}],\"inLanguage\":\"fr-FR\"},{\"@type\":\"Organization\",\"@id\":\"https:\/\/yoestudiosalud.es\/en\/#organization\",\"name\":\"yoestudiosalud.es\",\"url\":\"https:\/\/yoestudiosalud.es\/en\/\",\"logo\":{\"@type\":\"ImageObject\",\"inLanguage\":\"fr-FR\",\"@id\":\"https:\/\/yoestudiosalud.es\/en\/#\/schema\/logo\/image\/\",\"url\":\"https:\/\/yoestudiosalud.es\/wp-content\/uploads\/2020\/04\/logonew-e1698080827687.png\",\"contentUrl\":\"https:\/\/yoestudiosalud.es\/wp-content\/uploads\/2020\/04\/logonew-e1698080827687.png\",\"width\":421,\"height\":393,\"caption\":\"yoestudiosalud.es\"},\"image\":{\"@id\":\"https:\/\/yoestudiosalud.es\/en\/#\/schema\/logo\/image\/\"}}]}<\/script>\n<!-- \/ Yoast SEO Premium plugin. -->","yoast_head_json":{"title":"PINCE \u00c0 DISSECTION SANS DENTS - yoestudiosalud.es","description":"La pince \u00e0 dissection sans dents est un instrument m\u00e9tallique \u00e0 deux branches utilis\u00e9 pour s\u00e9parer, approcher, confronter et saisir les tissus. Elle est g\u00e9n\u00e9ralement utilis\u00e9e pour la manipulation des tissus en chirurgie.","robots":{"index":"index","follow":"follow","max-snippet":"max-snippet:-1","max-image-preview":"max-image-preview:large","max-video-preview":"max-video-preview:-1"},"canonical":"https:\/\/yoestudiosalud.es\/produit\/pinza-diseccin\/","og_locale":"fr_FR","og_type":"article","og_title":"PINCE \u00c0 DISSECTION SANS DENTS","og_description":"La pince \u00e0 dissection sans dents est un instrument m\u00e9tallique \u00e0 deux branches utilis\u00e9 pour s\u00e9parer, approcher, confronter et saisir les tissus. Elle est g\u00e9n\u00e9ralement utilis\u00e9e pour la manipulation des tissus en chirurgie.","og_url":"https:\/\/yoestudiosalud.es\/produit\/pinza-diseccin\/","og_site_name":"yoestudiosalud.es","og_image":[{"width":640,"height":640,"url":"https:\/\/yoestudiosalud.es\/wp-content\/uploads\/2018\/07\/001516-1.jpg","type":"image\/jpeg"}],"twitter_card":"summary_large_image","schema":{"@context":"https:\/\/schema.org","@graph":[{"@type":"WebPage","@id":"https:\/\/yoestudiosalud.es\/produit\/pinza-diseccin\/","url":"https:\/\/yoestudiosalud.es\/produit\/pinza-diseccin\/","name":"PINCE \u00c0 DISSECTION SANS DENTS - yoestudiosalud.es","isPartOf":{"@id":"https:\/\/yoestudiosalud.es\/en\/#website"},"primaryImageOfPage":{"@id":"https:\/\/yoestudiosalud.es\/produit\/pinza-diseccin\/#primaryimage"},"image":{"@id":"https:\/\/yoestudiosalud.es\/produit\/pinza-diseccin\/#primaryimage"},"thumbnailUrl":"https:\/\/yoestudiosalud.es\/wp-content\/uploads\/2018\/07\/001516-1.jpg","datePublished":"2018-07-12T17:20:54+00:00","description":"La pince \u00e0 dissection sans dents est un instrument m\u00e9tallique \u00e0 deux branches utilis\u00e9 pour s\u00e9parer, approcher, confronter et saisir les tissus. Elle est g\u00e9n\u00e9ralement utilis\u00e9e pour la manipulation des tissus en chirurgie.","breadcrumb":{"@id":"https:\/\/yoestudiosalud.es\/produit\/pinza-diseccin\/#breadcrumb"},"inLanguage":"fr-FR","potentialAction":[{"@type":"ReadAction","target":["https:\/\/yoestudiosalud.es\/produit\/pinza-diseccin\/"]}]},{"@type":"ImageObject","inLanguage":"fr-FR","@id":"https:\/\/yoestudiosalud.es\/produit\/pinza-diseccin\/#primaryimage","url":"https:\/\/yoestudiosalud.es\/wp-content\/uploads\/2018\/07\/001516-1.jpg","contentUrl":"https:\/\/yoestudiosalud.es\/wp-content\/uploads\/2018\/07\/001516-1.jpg","width":640,"height":640},{"@type":"BreadcrumbList","@id":"https:\/\/yoestudiosalud.es\/produit\/pinza-diseccin\/#breadcrumb","itemListElement":[{"@type":"ListItem","position":1,"name":"Portada","item":"https:\/\/yoestudiosalud.es\/fr\/"},{"@type":"ListItem","position":2,"name":"Boutique","item":"https:\/\/yoestudiosalud.es\/fr\/boutique\/"},{"@type":"ListItem","position":3,"name":"PINCE \u00c0 DISSECTION SANS DENTS"}]},{"@type":"WebSite","@id":"https:\/\/yoestudiosalud.es\/en\/#website","url":"https:\/\/yoestudiosalud.es\/en\/","name":"yoestudiosalud.es","description":"Material para estudiantes del sector salud","publisher":{"@id":"https:\/\/yoestudiosalud.es\/en\/#organization"},"potentialAction":[{"@type":"SearchAction","target":{"@type":"EntryPoint","urlTemplate":"https:\/\/yoestudiosalud.es\/en\/?s={search_term_string}"},"query-input":{"@type":"PropertyValueSpecification","valueRequired":true,"valueName":"search_term_string"}}],"inLanguage":"fr-FR"},{"@type":"Organization","@id":"https:\/\/yoestudiosalud.es\/en\/#organization","name":"yoestudiosalud.es","url":"https:\/\/yoestudiosalud.es\/en\/","logo":{"@type":"ImageObject","inLanguage":"fr-FR","@id":"https:\/\/yoestudiosalud.es\/en\/#\/schema\/logo\/image\/","url":"https:\/\/yoestudiosalud.es\/wp-content\/uploads\/2020\/04\/logonew-e1698080827687.png","contentUrl":"https:\/\/yoestudiosalud.es\/wp-content\/uploads\/2020\/04\/logonew-e1698080827687.png","width":421,"height":393,"caption":"yoestudiosalud.es"},"image":{"@id":"https:\/\/yoestudiosalud.es\/en\/#\/schema\/logo\/image\/"}}]}},"_links":{"self":[{"href":"https:\/\/yoestudiosalud.es\/fr\/wp-json\/wp\/v2\/product\/28399","targetHints":{"allow":["GET"]}}],"collection":[{"href":"https:\/\/yoestudiosalud.es\/fr\/wp-json\/wp\/v2\/product"}],"about":[{"href":"https:\/\/yoestudiosalud.es\/fr\/wp-json\/wp\/v2\/types\/product"}],"wp:featuredmedia":[{"embeddable":true,"href":"https:\/\/yoestudiosalud.es\/fr\/wp-json\/wp\/v2\/media\/28400"}],"wp:attachment":[{"href":"https:\/\/yoestudiosalud.es\/fr\/wp-json\/wp\/v2\/media?parent=28399"}],"wp:term":[{"taxonomy":"product_brand","embeddable":true,"href":"https:\/\/yoestudiosalud.es\/fr\/wp-json\/wp\/v2\/product_brand?post=28399"},{"taxonomy":"product_cat","embeddable":true,"href":"https:\/\/yoestudiosalud.es\/fr\/wp-json\/wp\/v2\/product_cat?post=28399"},{"taxonomy":"product_tag","embeddable":true,"href":"https:\/\/yoestudiosalud.es\/fr\/wp-json\/wp\/v2\/product_tag?post=28399"}],"curies":[{"name":"wp","href":"https:\/\/api.w.org\/{rel}","templated":true}]}}