{"id":28398,"date":"2018-07-12T17:20:54","date_gmt":"2018-07-12T17:20:54","guid":{"rendered":"https:\/\/yoestudiosalud.es\/producto\/ecarteur-farabeuf\/"},"modified":"2025-09-29T21:27:27","modified_gmt":"2025-09-29T19:27:27","slug":"ecarteur-farabeuf","status":"publish","type":"product","link":"https:\/\/yoestudiosalud.es\/fr\/produit\/ecarteur-farabeuf\/","title":{"rendered":"ECARTEUR FARABEUF"},"content":{"rendered":"<p>L&#8217;\u00e9carteur chirurgical Farabeuf est le plus utilis\u00e9 pour sa grande fonctionnalit\u00e9 dans la s\u00e9paration des tissus et des parois d&#8217;une cavit\u00e9, ce qui nous permet d&#8217;acc\u00e9der facilement \u00e0 la zone chirurgicale, de prot\u00e9ger les tissus adjacents et de fournir une visibilit\u00e9 ad\u00e9quate de la zone op\u00e9ratoire.<\/p>\n<p>L&#8217;\u00e9carteur chirurgical de Farabeuf est un outil essentiel en dentisterie et en chirurgie buccale, ainsi que dans diverses branches de la m\u00e9decine chirurgicale.<\/p>\n<p>En dentisterie et en chirurgie buccale, l&#8217;\u00e9carteur Farabeuf est particuli\u00e8rement utile lors d&#8217;interventions telles que l&#8217;extraction des dents de sagesse, les implants dentaires, les greffes osseuses et la chirurgie parodontale. En pla\u00e7ant l&#8217;\u00e9carteur dans la bouche du patient, la cavit\u00e9 buccale peut \u00eatre maintenue ouverte, ce qui permet au chirurgien de travailler plus confortablement et avec plus de pr\u00e9cision. Cela est essentiel pour garantir la r\u00e9ussite de l&#8217;intervention et minimiser le risque de blessure des tissus mous environnants.<\/p>\n<p>En chirurgie g\u00e9n\u00e9rale, il est utilis\u00e9 dans une large gamme d&#8217;interventions dans tous les types de chirurgie : g\u00e9n\u00e9rale, abdominale, thoracique, vasculaire, plastique, orthop\u00e9dique pour maintenir le champ op\u00e9ratoire expos\u00e9 et faciliter la manipulation des tissus.<\/p>\n<p>L&#8217;\u00e9carteur de Farabeuf se compose d&#8217;une fine pi\u00e8ce m\u00e9tallique incurv\u00e9e, avec une pointe arrondie \u00e0 chaque extr\u00e9mit\u00e9, qui est pli\u00e9e \u00e0 un angle de 90 degr\u00e9s. Une fois plac\u00e9 dans la bouche du patient, les extr\u00e9mit\u00e9s incurv\u00e9es de l&#8217;\u00e9carteur sont ins\u00e9r\u00e9es dans les espaces entre les tissus mous et les dents afin de les maintenir ouverts et d&#8217;assurer un meilleur confort.<\/p>\n","protected":false},"excerpt":{"rendered":"<p>L&#8217;\u00e9carteur chirurgical Farabeuf est le plus utilis\u00e9 pour sa grande fonctionnalit\u00e9 dans la s\u00e9paration des tissus et des parois d&#8217;une cavit\u00e9, ce qui nous permet d&#8217;acc\u00e9der facilement \u00e0 la zone chirurgicale, de prot\u00e9ger les tissus adjacents et de fournir une visibilit\u00e9 ad\u00e9quate de la zone op\u00e9ratoire.<\/p>\n<p>L&#8217;\u00e9carteur chirurgical de Farabeuf est un outil essentiel en dentisterie et en chirurgie buccale, ainsi que dans diverses branches de la m\u00e9decine chirurgicale.<\/p>\n<p>En dentisterie et en chirurgie buccale, l&#8217;\u00e9carteur Farabeuf est particuli\u00e8rement utile lors d&#8217;interventions telles que l&#8217;extraction des dents de sagesse, les implants dentaires, les greffes osseuses et la chirurgie parodontale. En pla\u00e7ant l&#8217;\u00e9carteur dans la bouche du patient, la cavit\u00e9 buccale peut \u00eatre maintenue ouverte, ce qui permet au chirurgien de travailler plus confortablement et avec plus de pr\u00e9cision. Cela est essentiel pour garantir la r\u00e9ussite de l&#8217;intervention et minimiser le risque de blessure des tissus mous environnants.<\/p>\n<p>En chirurgie g\u00e9n\u00e9rale, il est utilis\u00e9 dans une large gamme d&#8217;interventions dans tous les types de chirurgie : g\u00e9n\u00e9rale, abdominale, thoracique, vasculaire, plastique, orthop\u00e9dique pour maintenir le champ op\u00e9ratoire expos\u00e9 et faciliter la manipulation des tissus.<\/p>\n<p>L&#8217;\u00e9carteur de Farabeuf se compose d&#8217;une fine pi\u00e8ce m\u00e9tallique incurv\u00e9e, avec une pointe arrondie \u00e0 chaque extr\u00e9mit\u00e9, qui est pli\u00e9e \u00e0 un angle de 90 degr\u00e9s. Une fois plac\u00e9 dans la bouche du patient, les extr\u00e9mit\u00e9s incurv\u00e9es de l&#8217;\u00e9carteur sont ins\u00e9r\u00e9es dans les espaces entre les tissus mous et les dents afin de les maintenir ouverts et d&#8217;assurer un meilleur confort.<\/p>\n","protected":false},"featured_media":28129,"template":"","meta":[],"product_brand":[],"product_cat":[720,722],"product_tag":[763,755],"class_list":{"0":"post-28398","1":"product","2":"type-product","3":"status-publish","4":"has-post-thumbnail","6":"product_cat-instrumentalv-fr","7":"product_cat-instrumentalm-fr","8":"product_tag-uev3","9":"product_tag-ucam3-fr","10":"pa_formacion-veterinaria-fr","11":"pa_formacion-medicina-fr","12":"pa_formacion-odontologia-fr","14":"first","15":"instock","16":"sale","17":"taxable","18":"shipping-taxable","19":"purchasable","20":"product-type-simple"},"yoast_head":"<!-- This site is optimized with the Yoast SEO Premium plugin v27.0 (Yoast SEO v27.2) - https:\/\/yoast.com\/product\/yoast-seo-premium-wordpress\/ -->\n<title>ECARTEUR FARABEUF - yoestudiosalud.es - dep\u00f3sito dental<\/title>\n<meta name=\"description\" content=\"L&#039;\u00e9carteur chirurgical Farabeuf est le plus utilis\u00e9 pour sa grande fonctionnalit\u00e9 dans la s\u00e9paration des tissus et des parois d&#039;une cavit\u00e9\" \/>\n<meta name=\"robots\" content=\"index, follow, max-snippet:-1, max-image-preview:large, max-video-preview:-1\" \/>\n<link rel=\"canonical\" href=\"https:\/\/yoestudiosalud.es\/produit\/separador-farabeuf-kit-2-und\/\" \/>\n<meta property=\"og:locale\" content=\"fr_FR\" \/>\n<meta property=\"og:type\" content=\"article\" \/>\n<meta property=\"og:title\" content=\"ECARTEUR FARABEUF\" \/>\n<meta property=\"og:description\" content=\"L&#039;\u00e9carteur chirurgical Farabeuf est le plus utilis\u00e9 pour sa grande fonctionnalit\u00e9 dans la s\u00e9paration des tissus et des parois d&#039;une cavit\u00e9\" \/>\n<meta property=\"og:url\" content=\"https:\/\/yoestudiosalud.es\/produit\/separador-farabeuf-kit-2-und\/\" \/>\n<meta property=\"og:site_name\" content=\"yoestudiosalud.es\" \/>\n<meta property=\"article:modified_time\" content=\"2025-09-29T19:27:27+00:00\" \/>\n<meta property=\"og:image\" content=\"https:\/\/yoestudiosalud.es\/wp-content\/uploads\/2018\/07\/001645-ms.jpg\" \/>\n\t<meta property=\"og:image:width\" content=\"800\" \/>\n\t<meta property=\"og:image:height\" content=\"800\" \/>\n\t<meta property=\"og:image:type\" content=\"image\/jpeg\" \/>\n<meta name=\"twitter:card\" content=\"summary_large_image\" \/>\n<meta name=\"twitter:label1\" content=\"Dur\u00e9e de lecture estim\u00e9e\" \/>\n\t<meta name=\"twitter:data1\" content=\"1 minute\" \/>\n<script type=\"application\/ld+json\" class=\"yoast-schema-graph\">{\"@context\":\"https:\/\/schema.org\",\"@graph\":[{\"@type\":\"WebPage\",\"@id\":\"https:\/\/yoestudiosalud.es\/produit\/separador-farabeuf-kit-2-und\/\",\"url\":\"https:\/\/yoestudiosalud.es\/produit\/separador-farabeuf-kit-2-und\/\",\"name\":\"ECARTEUR FARABEUF - yoestudiosalud.es - dep\u00f3sito dental\",\"isPartOf\":{\"@id\":\"https:\/\/yoestudiosalud.es\/en\/#website\"},\"primaryImageOfPage\":{\"@id\":\"https:\/\/yoestudiosalud.es\/produit\/separador-farabeuf-kit-2-und\/#primaryimage\"},\"image\":{\"@id\":\"https:\/\/yoestudiosalud.es\/produit\/separador-farabeuf-kit-2-und\/#primaryimage\"},\"thumbnailUrl\":\"https:\/\/yoestudiosalud.es\/wp-content\/uploads\/2018\/07\/001645-ms.jpg\",\"datePublished\":\"2018-07-12T17:20:54+00:00\",\"dateModified\":\"2025-09-29T19:27:27+00:00\",\"description\":\"L'\u00e9carteur chirurgical Farabeuf est le plus utilis\u00e9 pour sa grande fonctionnalit\u00e9 dans la s\u00e9paration des tissus et des parois d'une cavit\u00e9\",\"breadcrumb\":{\"@id\":\"https:\/\/yoestudiosalud.es\/produit\/separador-farabeuf-kit-2-und\/#breadcrumb\"},\"inLanguage\":\"fr-FR\",\"potentialAction\":[{\"@type\":\"ReadAction\",\"target\":[\"https:\/\/yoestudiosalud.es\/produit\/separador-farabeuf-kit-2-und\/\"]}]},{\"@type\":\"ImageObject\",\"inLanguage\":\"fr-FR\",\"@id\":\"https:\/\/yoestudiosalud.es\/produit\/separador-farabeuf-kit-2-und\/#primaryimage\",\"url\":\"https:\/\/yoestudiosalud.es\/wp-content\/uploads\/2018\/07\/001645-ms.jpg\",\"contentUrl\":\"https:\/\/yoestudiosalud.es\/wp-content\/uploads\/2018\/07\/001645-ms.jpg\",\"width\":800,\"height\":800},{\"@type\":\"BreadcrumbList\",\"@id\":\"https:\/\/yoestudiosalud.es\/produit\/separador-farabeuf-kit-2-und\/#breadcrumb\",\"itemListElement\":[{\"@type\":\"ListItem\",\"position\":1,\"name\":\"Portada\",\"item\":\"https:\/\/yoestudiosalud.es\/fr\/\"},{\"@type\":\"ListItem\",\"position\":2,\"name\":\"Boutique\",\"item\":\"https:\/\/yoestudiosalud.es\/fr\/boutique\/\"},{\"@type\":\"ListItem\",\"position\":3,\"name\":\"ECARTEUR FARABEUF\"}]},{\"@type\":\"WebSite\",\"@id\":\"https:\/\/yoestudiosalud.es\/en\/#website\",\"url\":\"https:\/\/yoestudiosalud.es\/en\/\",\"name\":\"yoestudiosalud.es\",\"description\":\"Material para estudiantes del sector salud\",\"publisher\":{\"@id\":\"https:\/\/yoestudiosalud.es\/en\/#organization\"},\"potentialAction\":[{\"@type\":\"SearchAction\",\"target\":{\"@type\":\"EntryPoint\",\"urlTemplate\":\"https:\/\/yoestudiosalud.es\/en\/?s={search_term_string}\"},\"query-input\":{\"@type\":\"PropertyValueSpecification\",\"valueRequired\":true,\"valueName\":\"search_term_string\"}}],\"inLanguage\":\"fr-FR\"},{\"@type\":\"Organization\",\"@id\":\"https:\/\/yoestudiosalud.es\/en\/#organization\",\"name\":\"yoestudiosalud.es\",\"url\":\"https:\/\/yoestudiosalud.es\/en\/\",\"logo\":{\"@type\":\"ImageObject\",\"inLanguage\":\"fr-FR\",\"@id\":\"https:\/\/yoestudiosalud.es\/en\/#\/schema\/logo\/image\/\",\"url\":\"https:\/\/yoestudiosalud.es\/wp-content\/uploads\/2020\/04\/logonew-e1698080827687.png\",\"contentUrl\":\"https:\/\/yoestudiosalud.es\/wp-content\/uploads\/2020\/04\/logonew-e1698080827687.png\",\"width\":421,\"height\":393,\"caption\":\"yoestudiosalud.es\"},\"image\":{\"@id\":\"https:\/\/yoestudiosalud.es\/en\/#\/schema\/logo\/image\/\"}}]}<\/script>\n<!-- \/ Yoast SEO Premium plugin. -->","yoast_head_json":{"title":"ECARTEUR FARABEUF - yoestudiosalud.es - dep\u00f3sito dental","description":"L'\u00e9carteur chirurgical Farabeuf est le plus utilis\u00e9 pour sa grande fonctionnalit\u00e9 dans la s\u00e9paration des tissus et des parois d'une cavit\u00e9","robots":{"index":"index","follow":"follow","max-snippet":"max-snippet:-1","max-image-preview":"max-image-preview:large","max-video-preview":"max-video-preview:-1"},"canonical":"https:\/\/yoestudiosalud.es\/produit\/separador-farabeuf-kit-2-und\/","og_locale":"fr_FR","og_type":"article","og_title":"ECARTEUR FARABEUF","og_description":"L'\u00e9carteur chirurgical Farabeuf est le plus utilis\u00e9 pour sa grande fonctionnalit\u00e9 dans la s\u00e9paration des tissus et des parois d'une cavit\u00e9","og_url":"https:\/\/yoestudiosalud.es\/produit\/separador-farabeuf-kit-2-und\/","og_site_name":"yoestudiosalud.es","article_modified_time":"2025-09-29T19:27:27+00:00","og_image":[{"width":800,"height":800,"url":"https:\/\/yoestudiosalud.es\/wp-content\/uploads\/2018\/07\/001645-ms.jpg","type":"image\/jpeg"}],"twitter_card":"summary_large_image","twitter_misc":{"Dur\u00e9e de lecture estim\u00e9e":"1 minute"},"schema":{"@context":"https:\/\/schema.org","@graph":[{"@type":"WebPage","@id":"https:\/\/yoestudiosalud.es\/produit\/separador-farabeuf-kit-2-und\/","url":"https:\/\/yoestudiosalud.es\/produit\/separador-farabeuf-kit-2-und\/","name":"ECARTEUR FARABEUF - yoestudiosalud.es - dep\u00f3sito dental","isPartOf":{"@id":"https:\/\/yoestudiosalud.es\/en\/#website"},"primaryImageOfPage":{"@id":"https:\/\/yoestudiosalud.es\/produit\/separador-farabeuf-kit-2-und\/#primaryimage"},"image":{"@id":"https:\/\/yoestudiosalud.es\/produit\/separador-farabeuf-kit-2-und\/#primaryimage"},"thumbnailUrl":"https:\/\/yoestudiosalud.es\/wp-content\/uploads\/2018\/07\/001645-ms.jpg","datePublished":"2018-07-12T17:20:54+00:00","dateModified":"2025-09-29T19:27:27+00:00","description":"L'\u00e9carteur chirurgical Farabeuf est le plus utilis\u00e9 pour sa grande fonctionnalit\u00e9 dans la s\u00e9paration des tissus et des parois d'une cavit\u00e9","breadcrumb":{"@id":"https:\/\/yoestudiosalud.es\/produit\/separador-farabeuf-kit-2-und\/#breadcrumb"},"inLanguage":"fr-FR","potentialAction":[{"@type":"ReadAction","target":["https:\/\/yoestudiosalud.es\/produit\/separador-farabeuf-kit-2-und\/"]}]},{"@type":"ImageObject","inLanguage":"fr-FR","@id":"https:\/\/yoestudiosalud.es\/produit\/separador-farabeuf-kit-2-und\/#primaryimage","url":"https:\/\/yoestudiosalud.es\/wp-content\/uploads\/2018\/07\/001645-ms.jpg","contentUrl":"https:\/\/yoestudiosalud.es\/wp-content\/uploads\/2018\/07\/001645-ms.jpg","width":800,"height":800},{"@type":"BreadcrumbList","@id":"https:\/\/yoestudiosalud.es\/produit\/separador-farabeuf-kit-2-und\/#breadcrumb","itemListElement":[{"@type":"ListItem","position":1,"name":"Portada","item":"https:\/\/yoestudiosalud.es\/fr\/"},{"@type":"ListItem","position":2,"name":"Boutique","item":"https:\/\/yoestudiosalud.es\/fr\/boutique\/"},{"@type":"ListItem","position":3,"name":"ECARTEUR FARABEUF"}]},{"@type":"WebSite","@id":"https:\/\/yoestudiosalud.es\/en\/#website","url":"https:\/\/yoestudiosalud.es\/en\/","name":"yoestudiosalud.es","description":"Material para estudiantes del sector salud","publisher":{"@id":"https:\/\/yoestudiosalud.es\/en\/#organization"},"potentialAction":[{"@type":"SearchAction","target":{"@type":"EntryPoint","urlTemplate":"https:\/\/yoestudiosalud.es\/en\/?s={search_term_string}"},"query-input":{"@type":"PropertyValueSpecification","valueRequired":true,"valueName":"search_term_string"}}],"inLanguage":"fr-FR"},{"@type":"Organization","@id":"https:\/\/yoestudiosalud.es\/en\/#organization","name":"yoestudiosalud.es","url":"https:\/\/yoestudiosalud.es\/en\/","logo":{"@type":"ImageObject","inLanguage":"fr-FR","@id":"https:\/\/yoestudiosalud.es\/en\/#\/schema\/logo\/image\/","url":"https:\/\/yoestudiosalud.es\/wp-content\/uploads\/2020\/04\/logonew-e1698080827687.png","contentUrl":"https:\/\/yoestudiosalud.es\/wp-content\/uploads\/2020\/04\/logonew-e1698080827687.png","width":421,"height":393,"caption":"yoestudiosalud.es"},"image":{"@id":"https:\/\/yoestudiosalud.es\/en\/#\/schema\/logo\/image\/"}}]}},"_links":{"self":[{"href":"https:\/\/yoestudiosalud.es\/fr\/wp-json\/wp\/v2\/product\/28398","targetHints":{"allow":["GET"]}}],"collection":[{"href":"https:\/\/yoestudiosalud.es\/fr\/wp-json\/wp\/v2\/product"}],"about":[{"href":"https:\/\/yoestudiosalud.es\/fr\/wp-json\/wp\/v2\/types\/product"}],"wp:featuredmedia":[{"embeddable":true,"href":"https:\/\/yoestudiosalud.es\/fr\/wp-json\/wp\/v2\/media\/28129"}],"wp:attachment":[{"href":"https:\/\/yoestudiosalud.es\/fr\/wp-json\/wp\/v2\/media?parent=28398"}],"wp:term":[{"taxonomy":"product_brand","embeddable":true,"href":"https:\/\/yoestudiosalud.es\/fr\/wp-json\/wp\/v2\/product_brand?post=28398"},{"taxonomy":"product_cat","embeddable":true,"href":"https:\/\/yoestudiosalud.es\/fr\/wp-json\/wp\/v2\/product_cat?post=28398"},{"taxonomy":"product_tag","embeddable":true,"href":"https:\/\/yoestudiosalud.es\/fr\/wp-json\/wp\/v2\/product_tag?post=28398"}],"curies":[{"name":"wp","href":"https:\/\/api.w.org\/{rel}","templated":true}]}}