{"id":28388,"date":"2018-07-12T17:20:53","date_gmt":"2018-07-12T17:20:53","guid":{"rendered":"https:\/\/yoestudiosalud.es\/producto\/pince-hemostatique-crile-14cm\/"},"modified":"2018-07-12T17:20:53","modified_gmt":"2018-07-12T17:20:53","slug":"pince-hemostatique-crile-14cm","status":"publish","type":"product","link":"https:\/\/yoestudiosalud.es\/fr\/produit\/pince-hemostatique-crile-14cm\/","title":{"rendered":"PINCE H\u00c9MOSTATIQUE CRILE 14CM"},"content":{"rendered":"<p>Les pinces h\u00e9mostatiques Crile de 14 cm sont utilis\u00e9es pour exercer une pression et comprimer les vaisseaux sanguins afin de pr\u00e9venir les h\u00e9morragies lors de diverses interventions chirurgicales.<\/p>\n<p>Les pinces h\u00e9mostatiques Crile de 14 cm sont des pinces h\u00e9mostatiques en m\u00e9tal, en acier inoxydable, dot\u00e9es d&#8217;une poign\u00e9e annulaire. La partie active comporte deux branches avec des rainures sur les bords int\u00e9rieurs qui servent \u00e0 approcher, attraper, maintenir ou comprimer les vaisseaux sanguins ou les tissus.<\/p>\n","protected":false},"excerpt":{"rendered":"<p>Les pinces h\u00e9mostatiques Crile de 14 cm sont utilis\u00e9es pour exercer une pression et comprimer les vaisseaux sanguins afin de pr\u00e9venir les h\u00e9morragies lors de diverses interventions chirurgicales.<\/p>\n<p>Les pinces h\u00e9mostatiques Crile de 14 cm sont des pinces h\u00e9mostatiques en m\u00e9tal, en acier inoxydable, dot\u00e9es d&#8217;une poign\u00e9e annulaire. La partie active comporte deux branches avec des rainures sur les bords int\u00e9rieurs qui servent \u00e0 approcher, attraper, maintenir ou comprimer les vaisseaux sanguins ou les tissus.<\/p>\n","protected":false},"featured_media":28389,"template":"","meta":[],"product_brand":[],"product_cat":[720,722],"product_tag":[],"class_list":{"0":"post-28388","1":"product","2":"type-product","3":"status-publish","4":"has-post-thumbnail","6":"product_cat-instrumentalv-fr","7":"product_cat-instrumentalm-fr","8":"pa_formacion-veterinaria-fr","9":"pa_formacion-medicina-fr","11":"first","12":"instock","13":"sale","14":"taxable","15":"shipping-taxable","16":"purchasable","17":"product-type-variable"},"yoast_head":"<!-- This site is optimized with the Yoast SEO Premium plugin v27.0 (Yoast SEO v27.2) - https:\/\/yoast.com\/product\/yoast-seo-premium-wordpress\/ -->\n<title>PINCE H\u00c9MOSTATIQUE CRILE 14CM - yoestudiosalud.es<\/title>\n<meta name=\"description\" content=\"Les pinces h\u00e9mostatiques Crile de 14 cm sont utilis\u00e9es pour exercer une pression et comprimer les vaisseaux sanguins afin de pr\u00e9venir les h\u00e9morragies lors de diverses interventions chirurgicales.\" \/>\n<meta name=\"robots\" content=\"index, follow, max-snippet:-1, max-image-preview:large, max-video-preview:-1\" \/>\n<link rel=\"canonical\" href=\"https:\/\/yoestudiosalud.es\/produit\/pinza-crile-14-cm\/\" \/>\n<meta property=\"og:locale\" content=\"fr_FR\" \/>\n<meta property=\"og:type\" content=\"article\" \/>\n<meta property=\"og:title\" content=\"PINCE H\u00c9MOSTATIQUE CRILE 14CM\" \/>\n<meta property=\"og:description\" content=\"Les pinces h\u00e9mostatiques Crile de 14 cm sont utilis\u00e9es pour exercer une pression et comprimer les vaisseaux sanguins afin de pr\u00e9venir les h\u00e9morragies lors de diverses interventions chirurgicales.\" \/>\n<meta property=\"og:url\" content=\"https:\/\/yoestudiosalud.es\/produit\/pinza-crile-14-cm\/\" \/>\n<meta property=\"og:site_name\" content=\"yoestudiosalud.es\" \/>\n<meta property=\"og:image\" content=\"https:\/\/yoestudiosalud.es\/wp-content\/uploads\/2018\/07\/001634-1.jpg\" \/>\n\t<meta property=\"og:image:width\" content=\"640\" \/>\n\t<meta property=\"og:image:height\" content=\"640\" \/>\n\t<meta property=\"og:image:type\" content=\"image\/jpeg\" \/>\n<meta name=\"twitter:card\" content=\"summary_large_image\" \/>\n<script type=\"application\/ld+json\" class=\"yoast-schema-graph\">{\"@context\":\"https:\/\/schema.org\",\"@graph\":[{\"@type\":\"WebPage\",\"@id\":\"https:\/\/yoestudiosalud.es\/produit\/pinza-crile-14-cm\/\",\"url\":\"https:\/\/yoestudiosalud.es\/produit\/pinza-crile-14-cm\/\",\"name\":\"PINCE H\u00c9MOSTATIQUE CRILE 14CM - yoestudiosalud.es\",\"isPartOf\":{\"@id\":\"https:\/\/yoestudiosalud.es\/en\/#website\"},\"primaryImageOfPage\":{\"@id\":\"https:\/\/yoestudiosalud.es\/produit\/pinza-crile-14-cm\/#primaryimage\"},\"image\":{\"@id\":\"https:\/\/yoestudiosalud.es\/produit\/pinza-crile-14-cm\/#primaryimage\"},\"thumbnailUrl\":\"https:\/\/yoestudiosalud.es\/wp-content\/uploads\/2018\/07\/001634-1.jpg\",\"datePublished\":\"2018-07-12T17:20:53+00:00\",\"description\":\"Les pinces h\u00e9mostatiques Crile de 14 cm sont utilis\u00e9es pour exercer une pression et comprimer les vaisseaux sanguins afin de pr\u00e9venir les h\u00e9morragies lors de diverses interventions chirurgicales.\",\"breadcrumb\":{\"@id\":\"https:\/\/yoestudiosalud.es\/produit\/pinza-crile-14-cm\/#breadcrumb\"},\"inLanguage\":\"fr-FR\",\"potentialAction\":[{\"@type\":\"ReadAction\",\"target\":[\"https:\/\/yoestudiosalud.es\/produit\/pinza-crile-14-cm\/\"]}]},{\"@type\":\"ImageObject\",\"inLanguage\":\"fr-FR\",\"@id\":\"https:\/\/yoestudiosalud.es\/produit\/pinza-crile-14-cm\/#primaryimage\",\"url\":\"https:\/\/yoestudiosalud.es\/wp-content\/uploads\/2018\/07\/001634-1.jpg\",\"contentUrl\":\"https:\/\/yoestudiosalud.es\/wp-content\/uploads\/2018\/07\/001634-1.jpg\",\"width\":640,\"height\":640},{\"@type\":\"BreadcrumbList\",\"@id\":\"https:\/\/yoestudiosalud.es\/produit\/pinza-crile-14-cm\/#breadcrumb\",\"itemListElement\":[{\"@type\":\"ListItem\",\"position\":1,\"name\":\"Portada\",\"item\":\"https:\/\/yoestudiosalud.es\/fr\/\"},{\"@type\":\"ListItem\",\"position\":2,\"name\":\"Boutique\",\"item\":\"https:\/\/yoestudiosalud.es\/fr\/boutique\/\"},{\"@type\":\"ListItem\",\"position\":3,\"name\":\"PINCE H\u00c9MOSTATIQUE CRILE 14CM\"}]},{\"@type\":\"WebSite\",\"@id\":\"https:\/\/yoestudiosalud.es\/en\/#website\",\"url\":\"https:\/\/yoestudiosalud.es\/en\/\",\"name\":\"yoestudiosalud.es\",\"description\":\"Material para estudiantes del sector salud\",\"publisher\":{\"@id\":\"https:\/\/yoestudiosalud.es\/en\/#organization\"},\"potentialAction\":[{\"@type\":\"SearchAction\",\"target\":{\"@type\":\"EntryPoint\",\"urlTemplate\":\"https:\/\/yoestudiosalud.es\/en\/?s={search_term_string}\"},\"query-input\":{\"@type\":\"PropertyValueSpecification\",\"valueRequired\":true,\"valueName\":\"search_term_string\"}}],\"inLanguage\":\"fr-FR\"},{\"@type\":\"Organization\",\"@id\":\"https:\/\/yoestudiosalud.es\/en\/#organization\",\"name\":\"yoestudiosalud.es\",\"url\":\"https:\/\/yoestudiosalud.es\/en\/\",\"logo\":{\"@type\":\"ImageObject\",\"inLanguage\":\"fr-FR\",\"@id\":\"https:\/\/yoestudiosalud.es\/en\/#\/schema\/logo\/image\/\",\"url\":\"https:\/\/yoestudiosalud.es\/wp-content\/uploads\/2020\/04\/logonew-e1698080827687.png\",\"contentUrl\":\"https:\/\/yoestudiosalud.es\/wp-content\/uploads\/2020\/04\/logonew-e1698080827687.png\",\"width\":421,\"height\":393,\"caption\":\"yoestudiosalud.es\"},\"image\":{\"@id\":\"https:\/\/yoestudiosalud.es\/en\/#\/schema\/logo\/image\/\"}}]}<\/script>\n<!-- \/ Yoast SEO Premium plugin. -->","yoast_head_json":{"title":"PINCE H\u00c9MOSTATIQUE CRILE 14CM - yoestudiosalud.es","description":"Les pinces h\u00e9mostatiques Crile de 14 cm sont utilis\u00e9es pour exercer une pression et comprimer les vaisseaux sanguins afin de pr\u00e9venir les h\u00e9morragies lors de diverses interventions chirurgicales.","robots":{"index":"index","follow":"follow","max-snippet":"max-snippet:-1","max-image-preview":"max-image-preview:large","max-video-preview":"max-video-preview:-1"},"canonical":"https:\/\/yoestudiosalud.es\/produit\/pinza-crile-14-cm\/","og_locale":"fr_FR","og_type":"article","og_title":"PINCE H\u00c9MOSTATIQUE CRILE 14CM","og_description":"Les pinces h\u00e9mostatiques Crile de 14 cm sont utilis\u00e9es pour exercer une pression et comprimer les vaisseaux sanguins afin de pr\u00e9venir les h\u00e9morragies lors de diverses interventions chirurgicales.","og_url":"https:\/\/yoestudiosalud.es\/produit\/pinza-crile-14-cm\/","og_site_name":"yoestudiosalud.es","og_image":[{"width":640,"height":640,"url":"https:\/\/yoestudiosalud.es\/wp-content\/uploads\/2018\/07\/001634-1.jpg","type":"image\/jpeg"}],"twitter_card":"summary_large_image","schema":{"@context":"https:\/\/schema.org","@graph":[{"@type":"WebPage","@id":"https:\/\/yoestudiosalud.es\/produit\/pinza-crile-14-cm\/","url":"https:\/\/yoestudiosalud.es\/produit\/pinza-crile-14-cm\/","name":"PINCE H\u00c9MOSTATIQUE CRILE 14CM - yoestudiosalud.es","isPartOf":{"@id":"https:\/\/yoestudiosalud.es\/en\/#website"},"primaryImageOfPage":{"@id":"https:\/\/yoestudiosalud.es\/produit\/pinza-crile-14-cm\/#primaryimage"},"image":{"@id":"https:\/\/yoestudiosalud.es\/produit\/pinza-crile-14-cm\/#primaryimage"},"thumbnailUrl":"https:\/\/yoestudiosalud.es\/wp-content\/uploads\/2018\/07\/001634-1.jpg","datePublished":"2018-07-12T17:20:53+00:00","description":"Les pinces h\u00e9mostatiques Crile de 14 cm sont utilis\u00e9es pour exercer une pression et comprimer les vaisseaux sanguins afin de pr\u00e9venir les h\u00e9morragies lors de diverses interventions chirurgicales.","breadcrumb":{"@id":"https:\/\/yoestudiosalud.es\/produit\/pinza-crile-14-cm\/#breadcrumb"},"inLanguage":"fr-FR","potentialAction":[{"@type":"ReadAction","target":["https:\/\/yoestudiosalud.es\/produit\/pinza-crile-14-cm\/"]}]},{"@type":"ImageObject","inLanguage":"fr-FR","@id":"https:\/\/yoestudiosalud.es\/produit\/pinza-crile-14-cm\/#primaryimage","url":"https:\/\/yoestudiosalud.es\/wp-content\/uploads\/2018\/07\/001634-1.jpg","contentUrl":"https:\/\/yoestudiosalud.es\/wp-content\/uploads\/2018\/07\/001634-1.jpg","width":640,"height":640},{"@type":"BreadcrumbList","@id":"https:\/\/yoestudiosalud.es\/produit\/pinza-crile-14-cm\/#breadcrumb","itemListElement":[{"@type":"ListItem","position":1,"name":"Portada","item":"https:\/\/yoestudiosalud.es\/fr\/"},{"@type":"ListItem","position":2,"name":"Boutique","item":"https:\/\/yoestudiosalud.es\/fr\/boutique\/"},{"@type":"ListItem","position":3,"name":"PINCE H\u00c9MOSTATIQUE CRILE 14CM"}]},{"@type":"WebSite","@id":"https:\/\/yoestudiosalud.es\/en\/#website","url":"https:\/\/yoestudiosalud.es\/en\/","name":"yoestudiosalud.es","description":"Material para estudiantes del sector salud","publisher":{"@id":"https:\/\/yoestudiosalud.es\/en\/#organization"},"potentialAction":[{"@type":"SearchAction","target":{"@type":"EntryPoint","urlTemplate":"https:\/\/yoestudiosalud.es\/en\/?s={search_term_string}"},"query-input":{"@type":"PropertyValueSpecification","valueRequired":true,"valueName":"search_term_string"}}],"inLanguage":"fr-FR"},{"@type":"Organization","@id":"https:\/\/yoestudiosalud.es\/en\/#organization","name":"yoestudiosalud.es","url":"https:\/\/yoestudiosalud.es\/en\/","logo":{"@type":"ImageObject","inLanguage":"fr-FR","@id":"https:\/\/yoestudiosalud.es\/en\/#\/schema\/logo\/image\/","url":"https:\/\/yoestudiosalud.es\/wp-content\/uploads\/2020\/04\/logonew-e1698080827687.png","contentUrl":"https:\/\/yoestudiosalud.es\/wp-content\/uploads\/2020\/04\/logonew-e1698080827687.png","width":421,"height":393,"caption":"yoestudiosalud.es"},"image":{"@id":"https:\/\/yoestudiosalud.es\/en\/#\/schema\/logo\/image\/"}}]}},"_links":{"self":[{"href":"https:\/\/yoestudiosalud.es\/fr\/wp-json\/wp\/v2\/product\/28388","targetHints":{"allow":["GET"]}}],"collection":[{"href":"https:\/\/yoestudiosalud.es\/fr\/wp-json\/wp\/v2\/product"}],"about":[{"href":"https:\/\/yoestudiosalud.es\/fr\/wp-json\/wp\/v2\/types\/product"}],"wp:featuredmedia":[{"embeddable":true,"href":"https:\/\/yoestudiosalud.es\/fr\/wp-json\/wp\/v2\/media\/28389"}],"wp:attachment":[{"href":"https:\/\/yoestudiosalud.es\/fr\/wp-json\/wp\/v2\/media?parent=28388"}],"wp:term":[{"taxonomy":"product_brand","embeddable":true,"href":"https:\/\/yoestudiosalud.es\/fr\/wp-json\/wp\/v2\/product_brand?post=28388"},{"taxonomy":"product_cat","embeddable":true,"href":"https:\/\/yoestudiosalud.es\/fr\/wp-json\/wp\/v2\/product_cat?post=28388"},{"taxonomy":"product_tag","embeddable":true,"href":"https:\/\/yoestudiosalud.es\/fr\/wp-json\/wp\/v2\/product_tag?post=28388"}],"curies":[{"name":"wp","href":"https:\/\/api.w.org\/{rel}","templated":true}]}}