{"id":28358,"date":"2018-07-12T17:20:51","date_gmt":"2018-07-12T17:20:51","guid":{"rendered":"https:\/\/yoestudiosalud.es\/producto\/porte-aiguille-mayo-14cm\/"},"modified":"2018-07-12T17:20:51","modified_gmt":"2018-07-12T17:20:51","slug":"porte-aiguille-mayo-14cm","status":"publish","type":"product","link":"https:\/\/yoestudiosalud.es\/fr\/produit\/porte-aiguille-mayo-14cm\/","title":{"rendered":"PORTE-AIGUILLE MAYO 14CM"},"content":{"rendered":"<p>Le porte-aiguille Mayo 14cm est un instrument de synth\u00e8se pour la suture.<\/p>\n<p>Fabriqu\u00e9 en forme de ciseaux, il est dot\u00e9 d&#8217;une pince solide avec des rainures sur la face interne et d&#8217;un cliquet autobloquant \u00e0 la base du doigt, ce qui le rend facile \u00e0 utiliser et emp\u00eache l&#8217;aiguille de glisser lors de la suture.<\/p>\n","protected":false},"excerpt":{"rendered":"<p>Le porte-aiguille Mayo 14cm est un instrument de synth\u00e8se pour la suture.<\/p>\n<p>Fabriqu\u00e9 en forme de ciseaux, il est dot\u00e9 d&#8217;une pince solide avec des rainures sur la face interne et d&#8217;un cliquet autobloquant \u00e0 la base du doigt, ce qui le rend facile \u00e0 utiliser et emp\u00eache l&#8217;aiguille de glisser lors de la suture.<\/p>\n","protected":false},"featured_media":26736,"template":"","meta":[],"product_brand":[],"product_cat":[720,722,681],"product_tag":[688,732,930,673,677],"class_list":{"0":"post-28358","1":"product","2":"type-product","3":"status-publish","4":"has-post-thumbnail","6":"product_cat-instrumentalv-fr","7":"product_cat-instrumentalm-fr","8":"product_cat-chirurgie-fr","9":"product_tag-ceu3","10":"product_tag-ucv4","11":"product_tag-ceuelche3","12":"product_tag-uv3","13":"product_tag-uemc_mbc","14":"pa_formacion-veterinaria-fr","15":"pa_formacion-medicina-fr","16":"pa_formacion-odontologia-fr","18":"first","19":"instock","20":"taxable","21":"shipping-taxable","22":"purchasable","23":"product-type-simple"},"yoast_head":"<!-- This site is optimized with the Yoast SEO Premium plugin v27.0 (Yoast SEO v27.4) - https:\/\/yoast.com\/product\/yoast-seo-premium-wordpress\/ -->\n<title>PORTE-AIGUILLE MAYO 14CM - yoestudiosalud.es Dep\u00f3sito dental<\/title>\n<meta name=\"description\" content=\"Le porte-aiguille Mayo 14cm est un instrument de synth\u00e8se pour la suture. Fabriqu\u00e9 en forme de ciseaux, il est dot\u00e9 d&#039;une pince solide avec des rainures sur la face interne et d&#039;un cliquet autobloquant \u00e0 la base du doigt, ce qui le rend facile \u00e0 utiliser et emp\u00eache l&#039;aiguille de glisser lors de la suture.\" \/>\n<meta name=\"robots\" content=\"index, follow, max-snippet:-1, max-image-preview:large, max-video-preview:-1\" \/>\n<link rel=\"canonical\" href=\"https:\/\/yoestudiosalud.es\/fr\/produit\/porte-aiguille-mayo-14cm\/\" \/>\n<meta property=\"og:locale\" content=\"fr_FR\" \/>\n<meta property=\"og:type\" content=\"article\" \/>\n<meta property=\"og:title\" content=\"PORTE-AIGUILLE MAYO 14CM\" \/>\n<meta property=\"og:description\" content=\"Le porte-aiguille Mayo 14cm est un instrument de synth\u00e8se pour la suture. Fabriqu\u00e9 en forme de ciseaux, il est dot\u00e9 d&#039;une pince solide avec des rainures sur la face interne et d&#039;un cliquet autobloquant \u00e0 la base du doigt, ce qui le rend facile \u00e0 utiliser et emp\u00eache l&#039;aiguille de glisser lors de la suture.\" \/>\n<meta property=\"og:url\" content=\"https:\/\/yoestudiosalud.es\/fr\/produit\/porte-aiguille-mayo-14cm\/\" \/>\n<meta property=\"og:site_name\" content=\"yoestudiosalud.es\" \/>\n<meta property=\"og:image\" content=\"https:\/\/yoestudiosalud.es\/wp-content\/uploads\/2018\/07\/001522C.jpg\" \/>\n\t<meta property=\"og:image:width\" content=\"650\" \/>\n\t<meta property=\"og:image:height\" content=\"650\" \/>\n\t<meta property=\"og:image:type\" content=\"image\/jpeg\" \/>\n<meta name=\"twitter:card\" content=\"summary_large_image\" \/>\n<script type=\"application\/ld+json\" class=\"yoast-schema-graph\">{\"@context\":\"https:\\\/\\\/schema.org\",\"@graph\":[{\"@type\":\"WebPage\",\"@id\":\"https:\\\/\\\/yoestudiosalud.es\\\/fr\\\/produit\\\/porte-aiguille-mayo-14cm\\\/\",\"url\":\"https:\\\/\\\/yoestudiosalud.es\\\/fr\\\/produit\\\/porte-aiguille-mayo-14cm\\\/\",\"name\":\"PORTE-AIGUILLE MAYO 14CM - yoestudiosalud.es Dep\u00f3sito dental\",\"isPartOf\":{\"@id\":\"https:\\\/\\\/yoestudiosalud.es\\\/en\\\/#website\"},\"primaryImageOfPage\":{\"@id\":\"https:\\\/\\\/yoestudiosalud.es\\\/fr\\\/produit\\\/porte-aiguille-mayo-14cm\\\/#primaryimage\"},\"image\":{\"@id\":\"https:\\\/\\\/yoestudiosalud.es\\\/fr\\\/produit\\\/porte-aiguille-mayo-14cm\\\/#primaryimage\"},\"thumbnailUrl\":\"https:\\\/\\\/yoestudiosalud.es\\\/wp-content\\\/uploads\\\/2018\\\/07\\\/001522C.jpg\",\"datePublished\":\"2018-07-12T17:20:51+00:00\",\"description\":\"Le porte-aiguille Mayo 14cm est un instrument de synth\u00e8se pour la suture. Fabriqu\u00e9 en forme de ciseaux, il est dot\u00e9 d'une pince solide avec des rainures sur la face interne et d'un cliquet autobloquant \u00e0 la base du doigt, ce qui le rend facile \u00e0 utiliser et emp\u00eache l'aiguille de glisser lors de la suture.\",\"breadcrumb\":{\"@id\":\"https:\\\/\\\/yoestudiosalud.es\\\/fr\\\/produit\\\/porte-aiguille-mayo-14cm\\\/#breadcrumb\"},\"inLanguage\":\"fr-FR\",\"potentialAction\":[{\"@type\":\"ReadAction\",\"target\":[\"https:\\\/\\\/yoestudiosalud.es\\\/fr\\\/produit\\\/porte-aiguille-mayo-14cm\\\/\"]}]},{\"@type\":\"ImageObject\",\"inLanguage\":\"fr-FR\",\"@id\":\"https:\\\/\\\/yoestudiosalud.es\\\/fr\\\/produit\\\/porte-aiguille-mayo-14cm\\\/#primaryimage\",\"url\":\"https:\\\/\\\/yoestudiosalud.es\\\/wp-content\\\/uploads\\\/2018\\\/07\\\/001522C.jpg\",\"contentUrl\":\"https:\\\/\\\/yoestudiosalud.es\\\/wp-content\\\/uploads\\\/2018\\\/07\\\/001522C.jpg\",\"width\":650,\"height\":650,\"caption\":\"Porte-aiguille Mayo 14 cm\"},{\"@type\":\"BreadcrumbList\",\"@id\":\"https:\\\/\\\/yoestudiosalud.es\\\/fr\\\/produit\\\/porte-aiguille-mayo-14cm\\\/#breadcrumb\",\"itemListElement\":[{\"@type\":\"ListItem\",\"position\":1,\"name\":\"Portada\",\"item\":\"https:\\\/\\\/yoestudiosalud.es\\\/fr\\\/\"},{\"@type\":\"ListItem\",\"position\":2,\"name\":\"Boutique\",\"item\":\"https:\\\/\\\/yoestudiosalud.es\\\/fr\\\/boutique\\\/\"},{\"@type\":\"ListItem\",\"position\":3,\"name\":\"PORTE-AIGUILLE MAYO 14CM\"}]},{\"@type\":\"WebSite\",\"@id\":\"https:\\\/\\\/yoestudiosalud.es\\\/en\\\/#website\",\"url\":\"https:\\\/\\\/yoestudiosalud.es\\\/en\\\/\",\"name\":\"yoestudiosalud.es\",\"description\":\"Material para estudiantes del sector salud\",\"publisher\":{\"@id\":\"https:\\\/\\\/yoestudiosalud.es\\\/en\\\/#organization\"},\"potentialAction\":[{\"@type\":\"SearchAction\",\"target\":{\"@type\":\"EntryPoint\",\"urlTemplate\":\"https:\\\/\\\/yoestudiosalud.es\\\/en\\\/?s={search_term_string}\"},\"query-input\":{\"@type\":\"PropertyValueSpecification\",\"valueRequired\":true,\"valueName\":\"search_term_string\"}}],\"inLanguage\":\"fr-FR\"},{\"@type\":\"Organization\",\"@id\":\"https:\\\/\\\/yoestudiosalud.es\\\/en\\\/#organization\",\"name\":\"yoestudiosalud.es\",\"url\":\"https:\\\/\\\/yoestudiosalud.es\\\/en\\\/\",\"logo\":{\"@type\":\"ImageObject\",\"inLanguage\":\"fr-FR\",\"@id\":\"https:\\\/\\\/yoestudiosalud.es\\\/en\\\/#\\\/schema\\\/logo\\\/image\\\/\",\"url\":\"https:\\\/\\\/yoestudiosalud.es\\\/wp-content\\\/uploads\\\/2020\\\/04\\\/logonew-e1698080827687.png\",\"contentUrl\":\"https:\\\/\\\/yoestudiosalud.es\\\/wp-content\\\/uploads\\\/2020\\\/04\\\/logonew-e1698080827687.png\",\"width\":421,\"height\":393,\"caption\":\"yoestudiosalud.es\"},\"image\":{\"@id\":\"https:\\\/\\\/yoestudiosalud.es\\\/en\\\/#\\\/schema\\\/logo\\\/image\\\/\"}}]}<\/script>\n<!-- \/ Yoast SEO Premium plugin. -->","yoast_head_json":{"title":"PORTE-AIGUILLE MAYO 14CM - yoestudiosalud.es Dep\u00f3sito dental","description":"Le porte-aiguille Mayo 14cm est un instrument de synth\u00e8se pour la suture. Fabriqu\u00e9 en forme de ciseaux, il est dot\u00e9 d'une pince solide avec des rainures sur la face interne et d'un cliquet autobloquant \u00e0 la base du doigt, ce qui le rend facile \u00e0 utiliser et emp\u00eache l'aiguille de glisser lors de la suture.","robots":{"index":"index","follow":"follow","max-snippet":"max-snippet:-1","max-image-preview":"max-image-preview:large","max-video-preview":"max-video-preview:-1"},"canonical":"https:\/\/yoestudiosalud.es\/fr\/produit\/porte-aiguille-mayo-14cm\/","og_locale":"fr_FR","og_type":"article","og_title":"PORTE-AIGUILLE MAYO 14CM","og_description":"Le porte-aiguille Mayo 14cm est un instrument de synth\u00e8se pour la suture. Fabriqu\u00e9 en forme de ciseaux, il est dot\u00e9 d'une pince solide avec des rainures sur la face interne et d'un cliquet autobloquant \u00e0 la base du doigt, ce qui le rend facile \u00e0 utiliser et emp\u00eache l'aiguille de glisser lors de la suture.","og_url":"https:\/\/yoestudiosalud.es\/fr\/produit\/porte-aiguille-mayo-14cm\/","og_site_name":"yoestudiosalud.es","og_image":[{"width":650,"height":650,"url":"https:\/\/yoestudiosalud.es\/wp-content\/uploads\/2018\/07\/001522C.jpg","type":"image\/jpeg"}],"twitter_card":"summary_large_image","schema":{"@context":"https:\/\/schema.org","@graph":[{"@type":"WebPage","@id":"https:\/\/yoestudiosalud.es\/fr\/produit\/porte-aiguille-mayo-14cm\/","url":"https:\/\/yoestudiosalud.es\/fr\/produit\/porte-aiguille-mayo-14cm\/","name":"PORTE-AIGUILLE MAYO 14CM - yoestudiosalud.es Dep\u00f3sito dental","isPartOf":{"@id":"https:\/\/yoestudiosalud.es\/en\/#website"},"primaryImageOfPage":{"@id":"https:\/\/yoestudiosalud.es\/fr\/produit\/porte-aiguille-mayo-14cm\/#primaryimage"},"image":{"@id":"https:\/\/yoestudiosalud.es\/fr\/produit\/porte-aiguille-mayo-14cm\/#primaryimage"},"thumbnailUrl":"https:\/\/yoestudiosalud.es\/wp-content\/uploads\/2018\/07\/001522C.jpg","datePublished":"2018-07-12T17:20:51+00:00","description":"Le porte-aiguille Mayo 14cm est un instrument de synth\u00e8se pour la suture. Fabriqu\u00e9 en forme de ciseaux, il est dot\u00e9 d'une pince solide avec des rainures sur la face interne et d'un cliquet autobloquant \u00e0 la base du doigt, ce qui le rend facile \u00e0 utiliser et emp\u00eache l'aiguille de glisser lors de la suture.","breadcrumb":{"@id":"https:\/\/yoestudiosalud.es\/fr\/produit\/porte-aiguille-mayo-14cm\/#breadcrumb"},"inLanguage":"fr-FR","potentialAction":[{"@type":"ReadAction","target":["https:\/\/yoestudiosalud.es\/fr\/produit\/porte-aiguille-mayo-14cm\/"]}]},{"@type":"ImageObject","inLanguage":"fr-FR","@id":"https:\/\/yoestudiosalud.es\/fr\/produit\/porte-aiguille-mayo-14cm\/#primaryimage","url":"https:\/\/yoestudiosalud.es\/wp-content\/uploads\/2018\/07\/001522C.jpg","contentUrl":"https:\/\/yoestudiosalud.es\/wp-content\/uploads\/2018\/07\/001522C.jpg","width":650,"height":650,"caption":"Porte-aiguille Mayo 14 cm"},{"@type":"BreadcrumbList","@id":"https:\/\/yoestudiosalud.es\/fr\/produit\/porte-aiguille-mayo-14cm\/#breadcrumb","itemListElement":[{"@type":"ListItem","position":1,"name":"Portada","item":"https:\/\/yoestudiosalud.es\/fr\/"},{"@type":"ListItem","position":2,"name":"Boutique","item":"https:\/\/yoestudiosalud.es\/fr\/boutique\/"},{"@type":"ListItem","position":3,"name":"PORTE-AIGUILLE MAYO 14CM"}]},{"@type":"WebSite","@id":"https:\/\/yoestudiosalud.es\/en\/#website","url":"https:\/\/yoestudiosalud.es\/en\/","name":"yoestudiosalud.es","description":"Material para estudiantes del sector salud","publisher":{"@id":"https:\/\/yoestudiosalud.es\/en\/#organization"},"potentialAction":[{"@type":"SearchAction","target":{"@type":"EntryPoint","urlTemplate":"https:\/\/yoestudiosalud.es\/en\/?s={search_term_string}"},"query-input":{"@type":"PropertyValueSpecification","valueRequired":true,"valueName":"search_term_string"}}],"inLanguage":"fr-FR"},{"@type":"Organization","@id":"https:\/\/yoestudiosalud.es\/en\/#organization","name":"yoestudiosalud.es","url":"https:\/\/yoestudiosalud.es\/en\/","logo":{"@type":"ImageObject","inLanguage":"fr-FR","@id":"https:\/\/yoestudiosalud.es\/en\/#\/schema\/logo\/image\/","url":"https:\/\/yoestudiosalud.es\/wp-content\/uploads\/2020\/04\/logonew-e1698080827687.png","contentUrl":"https:\/\/yoestudiosalud.es\/wp-content\/uploads\/2020\/04\/logonew-e1698080827687.png","width":421,"height":393,"caption":"yoestudiosalud.es"},"image":{"@id":"https:\/\/yoestudiosalud.es\/en\/#\/schema\/logo\/image\/"}}]}},"_links":{"self":[{"href":"https:\/\/yoestudiosalud.es\/fr\/wp-json\/wp\/v2\/product\/28358","targetHints":{"allow":["GET"]}}],"collection":[{"href":"https:\/\/yoestudiosalud.es\/fr\/wp-json\/wp\/v2\/product"}],"about":[{"href":"https:\/\/yoestudiosalud.es\/fr\/wp-json\/wp\/v2\/types\/product"}],"wp:featuredmedia":[{"embeddable":true,"href":"https:\/\/yoestudiosalud.es\/fr\/wp-json\/wp\/v2\/media\/26736"}],"wp:attachment":[{"href":"https:\/\/yoestudiosalud.es\/fr\/wp-json\/wp\/v2\/media?parent=28358"}],"wp:term":[{"taxonomy":"product_brand","embeddable":true,"href":"https:\/\/yoestudiosalud.es\/fr\/wp-json\/wp\/v2\/product_brand?post=28358"},{"taxonomy":"product_cat","embeddable":true,"href":"https:\/\/yoestudiosalud.es\/fr\/wp-json\/wp\/v2\/product_cat?post=28358"},{"taxonomy":"product_tag","embeddable":true,"href":"https:\/\/yoestudiosalud.es\/fr\/wp-json\/wp\/v2\/product_tag?post=28358"}],"curies":[{"name":"wp","href":"https:\/\/api.w.org\/{rel}","templated":true}]}}