{"id":28353,"date":"2018-07-12T17:20:50","date_gmt":"2018-07-12T17:20:50","guid":{"rendered":"https:\/\/yoestudiosalud.es\/producto\/pince-metallique-pour-porte-rayons\/"},"modified":"2018-07-12T17:20:50","modified_gmt":"2018-07-12T17:20:50","slug":"pince-metallique-pour-porte-rayons","status":"publish","type":"product","link":"https:\/\/yoestudiosalud.es\/fr\/produit\/pince-metallique-pour-porte-rayons\/","title":{"rendered":"PINCE M\u00c9TALLIQUE POUR PORTE-RAYONS"},"content":{"rendered":"<p>La pince m\u00e9tallique pour radiographie est un instrument en acier inoxydable, con\u00e7u pour un maintien confortable et pr\u00e9cis de la plaque de radiographie.<\/p>\n<p>De marque Mestra, nous assurons une haute qualit\u00e9 au meilleur prix.<\/p>\n<p>&nbsp;<\/p>\n","protected":false},"excerpt":{"rendered":"<p>La Pinza metal Porta radiograf\u00edas es un instrumento para sujeci\u00f3n c\u00f3moda y precisa de la placa de Rx . Marca Mestra<\/p>\n","protected":false},"featured_media":28356,"template":"","meta":[],"product_brand":[],"product_cat":[691],"product_tag":[689],"class_list":{"0":"post-28353","1":"product","2":"type-product","3":"status-publish","4":"has-post-thumbnail","6":"product_cat-radiologie-fr","7":"product_tag-ucv3","8":"pa_formacion-odontologia-fr","10":"first","11":"instock","12":"sale","13":"taxable","14":"shipping-taxable","15":"purchasable","16":"product-type-simple"},"yoast_head":"<!-- This site is optimized with the Yoast SEO Premium plugin v27.0 (Yoast SEO v27.2) - https:\/\/yoast.com\/product\/yoast-seo-premium-wordpress\/ -->\n<title>PINCE M\u00c9TALLIQUE POUR PORTE-RAYONS - yoestudiosalud.es<\/title>\n<meta name=\"description\" content=\"La pince m\u00e9tallique pour radiographie est un instrument en acier inoxydable, con\u00e7u pour un maintien confortable et pr\u00e9cis de la plaque de radiographie.\" \/>\n<meta name=\"robots\" content=\"index, follow, max-snippet:-1, max-image-preview:large, max-video-preview:-1\" \/>\n<link rel=\"canonical\" href=\"https:\/\/yoestudiosalud.es\/fr\/produit\/pince-metallique-pour-porte-rayons\/\" \/>\n<meta property=\"og:locale\" content=\"fr_FR\" \/>\n<meta property=\"og:type\" content=\"article\" \/>\n<meta property=\"og:title\" content=\"PINCE M\u00c9TALLIQUE POUR PORTE-RAYONS\" \/>\n<meta property=\"og:description\" content=\"La pince m\u00e9tallique pour radiographie est un instrument en acier inoxydable, con\u00e7u pour un maintien confortable et pr\u00e9cis de la plaque de radiographie.\" \/>\n<meta property=\"og:url\" content=\"https:\/\/yoestudiosalud.es\/fr\/produit\/pince-metallique-pour-porte-rayons\/\" \/>\n<meta property=\"og:site_name\" content=\"yoestudiosalud.es\" \/>\n<meta property=\"og:image\" content=\"https:\/\/yoestudiosalud.es\/wp-content\/uploads\/2018\/07\/002394-3.jpg\" \/>\n\t<meta property=\"og:image:width\" content=\"650\" \/>\n\t<meta property=\"og:image:height\" content=\"650\" \/>\n\t<meta property=\"og:image:type\" content=\"image\/jpeg\" \/>\n<meta name=\"twitter:card\" content=\"summary_large_image\" \/>\n<script type=\"application\/ld+json\" class=\"yoast-schema-graph\">{\"@context\":\"https:\/\/schema.org\",\"@graph\":[{\"@type\":\"WebPage\",\"@id\":\"https:\/\/yoestudiosalud.es\/fr\/produit\/pince-metallique-pour-porte-rayons\/\",\"url\":\"https:\/\/yoestudiosalud.es\/fr\/produit\/pince-metallique-pour-porte-rayons\/\",\"name\":\"PINCE M\u00c9TALLIQUE POUR PORTE-RAYONS - yoestudiosalud.es\",\"isPartOf\":{\"@id\":\"https:\/\/yoestudiosalud.es\/en\/#website\"},\"primaryImageOfPage\":{\"@id\":\"https:\/\/yoestudiosalud.es\/fr\/produit\/pince-metallique-pour-porte-rayons\/#primaryimage\"},\"image\":{\"@id\":\"https:\/\/yoestudiosalud.es\/fr\/produit\/pince-metallique-pour-porte-rayons\/#primaryimage\"},\"thumbnailUrl\":\"https:\/\/yoestudiosalud.es\/wp-content\/uploads\/2018\/07\/002394-3.jpg\",\"datePublished\":\"2018-07-12T17:20:50+00:00\",\"description\":\"La pince m\u00e9tallique pour radiographie est un instrument en acier inoxydable, con\u00e7u pour un maintien confortable et pr\u00e9cis de la plaque de radiographie.\",\"breadcrumb\":{\"@id\":\"https:\/\/yoestudiosalud.es\/fr\/produit\/pince-metallique-pour-porte-rayons\/#breadcrumb\"},\"inLanguage\":\"fr-FR\",\"potentialAction\":[{\"@type\":\"ReadAction\",\"target\":[\"https:\/\/yoestudiosalud.es\/fr\/produit\/pince-metallique-pour-porte-rayons\/\"]}]},{\"@type\":\"ImageObject\",\"inLanguage\":\"fr-FR\",\"@id\":\"https:\/\/yoestudiosalud.es\/fr\/produit\/pince-metallique-pour-porte-rayons\/#primaryimage\",\"url\":\"https:\/\/yoestudiosalud.es\/wp-content\/uploads\/2018\/07\/002394-3.jpg\",\"contentUrl\":\"https:\/\/yoestudiosalud.es\/wp-content\/uploads\/2018\/07\/002394-3.jpg\",\"width\":650,\"height\":650},{\"@type\":\"BreadcrumbList\",\"@id\":\"https:\/\/yoestudiosalud.es\/fr\/produit\/pince-metallique-pour-porte-rayons\/#breadcrumb\",\"itemListElement\":[{\"@type\":\"ListItem\",\"position\":1,\"name\":\"Portada\",\"item\":\"https:\/\/yoestudiosalud.es\/fr\/\"},{\"@type\":\"ListItem\",\"position\":2,\"name\":\"Boutique\",\"item\":\"https:\/\/yoestudiosalud.es\/fr\/boutique\/\"},{\"@type\":\"ListItem\",\"position\":3,\"name\":\"PINCE M\u00c9TALLIQUE POUR PORTE-RAYONS\"}]},{\"@type\":\"WebSite\",\"@id\":\"https:\/\/yoestudiosalud.es\/en\/#website\",\"url\":\"https:\/\/yoestudiosalud.es\/en\/\",\"name\":\"yoestudiosalud.es\",\"description\":\"Material para estudiantes del sector salud\",\"publisher\":{\"@id\":\"https:\/\/yoestudiosalud.es\/en\/#organization\"},\"potentialAction\":[{\"@type\":\"SearchAction\",\"target\":{\"@type\":\"EntryPoint\",\"urlTemplate\":\"https:\/\/yoestudiosalud.es\/en\/?s={search_term_string}\"},\"query-input\":{\"@type\":\"PropertyValueSpecification\",\"valueRequired\":true,\"valueName\":\"search_term_string\"}}],\"inLanguage\":\"fr-FR\"},{\"@type\":\"Organization\",\"@id\":\"https:\/\/yoestudiosalud.es\/en\/#organization\",\"name\":\"yoestudiosalud.es\",\"url\":\"https:\/\/yoestudiosalud.es\/en\/\",\"logo\":{\"@type\":\"ImageObject\",\"inLanguage\":\"fr-FR\",\"@id\":\"https:\/\/yoestudiosalud.es\/en\/#\/schema\/logo\/image\/\",\"url\":\"https:\/\/yoestudiosalud.es\/wp-content\/uploads\/2020\/04\/logonew-e1698080827687.png\",\"contentUrl\":\"https:\/\/yoestudiosalud.es\/wp-content\/uploads\/2020\/04\/logonew-e1698080827687.png\",\"width\":421,\"height\":393,\"caption\":\"yoestudiosalud.es\"},\"image\":{\"@id\":\"https:\/\/yoestudiosalud.es\/en\/#\/schema\/logo\/image\/\"}}]}<\/script>\n<!-- \/ Yoast SEO Premium plugin. -->","yoast_head_json":{"title":"PINCE M\u00c9TALLIQUE POUR PORTE-RAYONS - yoestudiosalud.es","description":"La pince m\u00e9tallique pour radiographie est un instrument en acier inoxydable, con\u00e7u pour un maintien confortable et pr\u00e9cis de la plaque de radiographie.","robots":{"index":"index","follow":"follow","max-snippet":"max-snippet:-1","max-image-preview":"max-image-preview:large","max-video-preview":"max-video-preview:-1"},"canonical":"https:\/\/yoestudiosalud.es\/fr\/produit\/pince-metallique-pour-porte-rayons\/","og_locale":"fr_FR","og_type":"article","og_title":"PINCE M\u00c9TALLIQUE POUR PORTE-RAYONS","og_description":"La pince m\u00e9tallique pour radiographie est un instrument en acier inoxydable, con\u00e7u pour un maintien confortable et pr\u00e9cis de la plaque de radiographie.","og_url":"https:\/\/yoestudiosalud.es\/fr\/produit\/pince-metallique-pour-porte-rayons\/","og_site_name":"yoestudiosalud.es","og_image":[{"width":650,"height":650,"url":"https:\/\/yoestudiosalud.es\/wp-content\/uploads\/2018\/07\/002394-3.jpg","type":"image\/jpeg"}],"twitter_card":"summary_large_image","schema":{"@context":"https:\/\/schema.org","@graph":[{"@type":"WebPage","@id":"https:\/\/yoestudiosalud.es\/fr\/produit\/pince-metallique-pour-porte-rayons\/","url":"https:\/\/yoestudiosalud.es\/fr\/produit\/pince-metallique-pour-porte-rayons\/","name":"PINCE M\u00c9TALLIQUE POUR PORTE-RAYONS - yoestudiosalud.es","isPartOf":{"@id":"https:\/\/yoestudiosalud.es\/en\/#website"},"primaryImageOfPage":{"@id":"https:\/\/yoestudiosalud.es\/fr\/produit\/pince-metallique-pour-porte-rayons\/#primaryimage"},"image":{"@id":"https:\/\/yoestudiosalud.es\/fr\/produit\/pince-metallique-pour-porte-rayons\/#primaryimage"},"thumbnailUrl":"https:\/\/yoestudiosalud.es\/wp-content\/uploads\/2018\/07\/002394-3.jpg","datePublished":"2018-07-12T17:20:50+00:00","description":"La pince m\u00e9tallique pour radiographie est un instrument en acier inoxydable, con\u00e7u pour un maintien confortable et pr\u00e9cis de la plaque de radiographie.","breadcrumb":{"@id":"https:\/\/yoestudiosalud.es\/fr\/produit\/pince-metallique-pour-porte-rayons\/#breadcrumb"},"inLanguage":"fr-FR","potentialAction":[{"@type":"ReadAction","target":["https:\/\/yoestudiosalud.es\/fr\/produit\/pince-metallique-pour-porte-rayons\/"]}]},{"@type":"ImageObject","inLanguage":"fr-FR","@id":"https:\/\/yoestudiosalud.es\/fr\/produit\/pince-metallique-pour-porte-rayons\/#primaryimage","url":"https:\/\/yoestudiosalud.es\/wp-content\/uploads\/2018\/07\/002394-3.jpg","contentUrl":"https:\/\/yoestudiosalud.es\/wp-content\/uploads\/2018\/07\/002394-3.jpg","width":650,"height":650},{"@type":"BreadcrumbList","@id":"https:\/\/yoestudiosalud.es\/fr\/produit\/pince-metallique-pour-porte-rayons\/#breadcrumb","itemListElement":[{"@type":"ListItem","position":1,"name":"Portada","item":"https:\/\/yoestudiosalud.es\/fr\/"},{"@type":"ListItem","position":2,"name":"Boutique","item":"https:\/\/yoestudiosalud.es\/fr\/boutique\/"},{"@type":"ListItem","position":3,"name":"PINCE M\u00c9TALLIQUE POUR PORTE-RAYONS"}]},{"@type":"WebSite","@id":"https:\/\/yoestudiosalud.es\/en\/#website","url":"https:\/\/yoestudiosalud.es\/en\/","name":"yoestudiosalud.es","description":"Material para estudiantes del sector salud","publisher":{"@id":"https:\/\/yoestudiosalud.es\/en\/#organization"},"potentialAction":[{"@type":"SearchAction","target":{"@type":"EntryPoint","urlTemplate":"https:\/\/yoestudiosalud.es\/en\/?s={search_term_string}"},"query-input":{"@type":"PropertyValueSpecification","valueRequired":true,"valueName":"search_term_string"}}],"inLanguage":"fr-FR"},{"@type":"Organization","@id":"https:\/\/yoestudiosalud.es\/en\/#organization","name":"yoestudiosalud.es","url":"https:\/\/yoestudiosalud.es\/en\/","logo":{"@type":"ImageObject","inLanguage":"fr-FR","@id":"https:\/\/yoestudiosalud.es\/en\/#\/schema\/logo\/image\/","url":"https:\/\/yoestudiosalud.es\/wp-content\/uploads\/2020\/04\/logonew-e1698080827687.png","contentUrl":"https:\/\/yoestudiosalud.es\/wp-content\/uploads\/2020\/04\/logonew-e1698080827687.png","width":421,"height":393,"caption":"yoestudiosalud.es"},"image":{"@id":"https:\/\/yoestudiosalud.es\/en\/#\/schema\/logo\/image\/"}}]}},"_links":{"self":[{"href":"https:\/\/yoestudiosalud.es\/fr\/wp-json\/wp\/v2\/product\/28353","targetHints":{"allow":["GET"]}}],"collection":[{"href":"https:\/\/yoestudiosalud.es\/fr\/wp-json\/wp\/v2\/product"}],"about":[{"href":"https:\/\/yoestudiosalud.es\/fr\/wp-json\/wp\/v2\/types\/product"}],"wp:featuredmedia":[{"embeddable":true,"href":"https:\/\/yoestudiosalud.es\/fr\/wp-json\/wp\/v2\/media\/28356"}],"wp:attachment":[{"href":"https:\/\/yoestudiosalud.es\/fr\/wp-json\/wp\/v2\/media?parent=28353"}],"wp:term":[{"taxonomy":"product_brand","embeddable":true,"href":"https:\/\/yoestudiosalud.es\/fr\/wp-json\/wp\/v2\/product_brand?post=28353"},{"taxonomy":"product_cat","embeddable":true,"href":"https:\/\/yoestudiosalud.es\/fr\/wp-json\/wp\/v2\/product_cat?post=28353"},{"taxonomy":"product_tag","embeddable":true,"href":"https:\/\/yoestudiosalud.es\/fr\/wp-json\/wp\/v2\/product_tag?post=28353"}],"curies":[{"name":"wp","href":"https:\/\/api.w.org\/{rel}","templated":true}]}}