{"id":28327,"date":"2024-06-06T10:27:59","date_gmt":"2024-06-06T10:27:59","guid":{"rendered":"https:\/\/yoestudiosalud.es\/producto\/dent-ana4z3rn-24-frasaco\/"},"modified":"2025-06-19T16:16:12","modified_gmt":"2025-06-19T14:16:12","slug":"dent-ana4z3rn-24-frasaco","status":"publish","type":"product","link":"https:\/\/yoestudiosalud.es\/fr\/produit\/dent-ana4z3rn-24-frasaco\/","title":{"rendered":"DENT ANA4Z3RN-24 FRASACO"},"content":{"rendered":"<p data-sourcepos=\"1:1-1:286\">La dent maxillaire 24 ANA4Z3RN-24 de FRASACO fait partie de la nouvelle gamme de dents d&#8217;exercice avec des racines anatomiques en \u00e9mail de FRASACO-ADAMANT, ce qui permet des diff\u00e9rences de duret\u00e9 entre l&#8217;\u00e9mail et la dentine qui peuvent \u00eatre remarqu\u00e9es lors du processus de pr\u00e9paration.<\/p>\n<p data-sourcepos=\"3:1-3:472\">Le mat\u00e9riau de la racine de la dent ANA4Z3RN-24 de FRASACO permet une pr\u00e9paration r\u00e9aliste similaire au c\u00e9ment radiculaire naturel. La pulpe et les tissus radiculaires sont simul\u00e9s \u00e0 l&#8217;aide d&#8217;un mat\u00e9riau souple. De cette mani\u00e8re, toutes les \u00e9tapes d&#8217;un traitement de canal radiculaire peuvent \u00eatre simul\u00e9es avec l&#8217;aide de radiographies et de mesures de la longueur apicale. Cette dent est livr\u00e9e sans vis, car elle est fix\u00e9e au mod\u00e8le par un m\u00e9canisme de fixation int\u00e9gr\u00e9.<\/p>\n<p data-sourcepos=\"5:1-5:219\">FRASACO propose un vaste programme de produits didactiques avec des mod\u00e8les d&#8217;\u00e9tude et de pratique qui permettent des exercices pratiques dans le laboratoire d&#8217;\u00e9tudes pr\u00e9cliniques et dans des cours sur patients simul\u00e9s.<\/p>\n<p data-sourcepos=\"7:1-7:544\">De plus, les mod\u00e8les dentaires FRASACO sont \u00e9galement indispensables dans la formation continue dans les domaines de la dentisterie pr\u00e9ventive et conservatrice, de la proth\u00e8se fixe et amovible, de la proth\u00e8se pour patient \u00e9dent\u00e9, de la dentisterie p\u00e9diatrique et de l&#8217;orthodontie, de l&#8217;analyse radiographique et de l&#8217;anesth\u00e9sie, de l&#8217;endodontie, de l&#8217;extraction dentaire, de la chirurgie maxillaire, de l&#8217;hygi\u00e8ne bucco-dentaire, de la parodontie, de la g\u00e9rontologie et de l&#8217;implantologie, ainsi qu&#8217;en pathologie, anatomie et proth\u00e8se dentaire.<\/p>\n","protected":false},"excerpt":{"rendered":"<p>La dent maxillaire 24 ANA4Z3RN-24 de FRASACO fait partie de  [&#8230;]<\/p>\n","protected":false},"featured_media":28318,"template":"","meta":[],"product_brand":[],"product_cat":[714],"product_tag":[705],"class_list":{"0":"post-28327","1":"product","2":"type-product","3":"status-publish","4":"has-post-thumbnail","6":"product_cat-modeles-fr","7":"product_tag-uev4","8":"pa_formacion-odontologia-fr","10":"first","11":"instock","12":"sale","13":"taxable","14":"shipping-taxable","15":"purchasable","16":"product-type-simple"},"yoast_head":"<!-- This site is optimized with the Yoast SEO Premium plugin v27.0 (Yoast SEO v27.2) - https:\/\/yoast.com\/product\/yoast-seo-premium-wordpress\/ -->\n<title>DENT ANA4Z3RN-24 FRASACO - yoestudiosalud.es le d\u00e9p\u00f4t de l&#039;\u00e9tudiant<\/title>\n<meta name=\"description\" content=\"La dent maxillaire 24 ANA4Z3RN-24 de FRASACO fait partie de la nouvelle gamme de dents d&#039;exercice avec des racines anatomiques en \u00e9mail de FRASACO.\" \/>\n<meta name=\"robots\" content=\"index, follow, max-snippet:-1, max-image-preview:large, max-video-preview:-1\" \/>\n<link rel=\"canonical\" href=\"https:\/\/yoestudiosalud.es\/produit\/diente-ana4z3rn-24-frasaco\/\" \/>\n<meta property=\"og:locale\" content=\"fr_FR\" \/>\n<meta property=\"og:type\" content=\"article\" \/>\n<meta property=\"og:title\" content=\"DENT ANA4Z3RN-24 FRASACO\" \/>\n<meta property=\"og:description\" content=\"La dent maxillaire 24 ANA4Z3RN-24 de FRASACO fait partie de la nouvelle gamme de dents d&#039;exercice avec des racines anatomiques en \u00e9mail de FRASACO.\" \/>\n<meta property=\"og:url\" content=\"https:\/\/yoestudiosalud.es\/produit\/diente-ana4z3rn-24-frasaco\/\" \/>\n<meta property=\"og:site_name\" content=\"yoestudiosalud.es\" \/>\n<meta property=\"article:modified_time\" content=\"2025-06-19T14:16:12+00:00\" \/>\n<meta property=\"og:image\" content=\"https:\/\/yoestudiosalud.es\/wp-content\/uploads\/2024\/06\/24.jpg\" \/>\n\t<meta property=\"og:image:width\" content=\"1080\" \/>\n\t<meta property=\"og:image:height\" content=\"1080\" \/>\n\t<meta property=\"og:image:type\" content=\"image\/jpeg\" \/>\n<meta name=\"twitter:card\" content=\"summary_large_image\" \/>\n<meta name=\"twitter:label1\" content=\"Dur\u00e9e de lecture estim\u00e9e\" \/>\n\t<meta name=\"twitter:data1\" content=\"1 minute\" \/>\n<script type=\"application\/ld+json\" class=\"yoast-schema-graph\">{\"@context\":\"https:\/\/schema.org\",\"@graph\":[{\"@type\":\"WebPage\",\"@id\":\"https:\/\/yoestudiosalud.es\/produit\/diente-ana4z3rn-24-frasaco\/\",\"url\":\"https:\/\/yoestudiosalud.es\/produit\/diente-ana4z3rn-24-frasaco\/\",\"name\":\"DENT ANA4Z3RN-24 FRASACO - yoestudiosalud.es le d\u00e9p\u00f4t de l'\u00e9tudiant\",\"isPartOf\":{\"@id\":\"https:\/\/yoestudiosalud.es\/en\/#website\"},\"primaryImageOfPage\":{\"@id\":\"https:\/\/yoestudiosalud.es\/produit\/diente-ana4z3rn-24-frasaco\/#primaryimage\"},\"image\":{\"@id\":\"https:\/\/yoestudiosalud.es\/produit\/diente-ana4z3rn-24-frasaco\/#primaryimage\"},\"thumbnailUrl\":\"https:\/\/yoestudiosalud.es\/wp-content\/uploads\/2024\/06\/24.jpg\",\"datePublished\":\"2024-06-06T10:27:59+00:00\",\"dateModified\":\"2025-06-19T14:16:12+00:00\",\"description\":\"La dent maxillaire 24 ANA4Z3RN-24 de FRASACO fait partie de la nouvelle gamme de dents d'exercice avec des racines anatomiques en \u00e9mail de FRASACO.\",\"breadcrumb\":{\"@id\":\"https:\/\/yoestudiosalud.es\/produit\/diente-ana4z3rn-24-frasaco\/#breadcrumb\"},\"inLanguage\":\"fr-FR\",\"potentialAction\":[{\"@type\":\"ReadAction\",\"target\":[\"https:\/\/yoestudiosalud.es\/produit\/diente-ana4z3rn-24-frasaco\/\"]}]},{\"@type\":\"ImageObject\",\"inLanguage\":\"fr-FR\",\"@id\":\"https:\/\/yoestudiosalud.es\/produit\/diente-ana4z3rn-24-frasaco\/#primaryimage\",\"url\":\"https:\/\/yoestudiosalud.es\/wp-content\/uploads\/2024\/06\/24.jpg\",\"contentUrl\":\"https:\/\/yoestudiosalud.es\/wp-content\/uploads\/2024\/06\/24.jpg\",\"width\":1080,\"height\":1080,\"caption\":\"003988.24\"},{\"@type\":\"BreadcrumbList\",\"@id\":\"https:\/\/yoestudiosalud.es\/produit\/diente-ana4z3rn-24-frasaco\/#breadcrumb\",\"itemListElement\":[{\"@type\":\"ListItem\",\"position\":1,\"name\":\"Portada\",\"item\":\"https:\/\/yoestudiosalud.es\/fr\/\"},{\"@type\":\"ListItem\",\"position\":2,\"name\":\"Boutique\",\"item\":\"https:\/\/yoestudiosalud.es\/fr\/boutique\/\"},{\"@type\":\"ListItem\",\"position\":3,\"name\":\"DENT ANA4Z3RN-24 FRASACO\"}]},{\"@type\":\"WebSite\",\"@id\":\"https:\/\/yoestudiosalud.es\/en\/#website\",\"url\":\"https:\/\/yoestudiosalud.es\/en\/\",\"name\":\"yoestudiosalud.es\",\"description\":\"Material para estudiantes del sector salud\",\"publisher\":{\"@id\":\"https:\/\/yoestudiosalud.es\/en\/#organization\"},\"potentialAction\":[{\"@type\":\"SearchAction\",\"target\":{\"@type\":\"EntryPoint\",\"urlTemplate\":\"https:\/\/yoestudiosalud.es\/en\/?s={search_term_string}\"},\"query-input\":{\"@type\":\"PropertyValueSpecification\",\"valueRequired\":true,\"valueName\":\"search_term_string\"}}],\"inLanguage\":\"fr-FR\"},{\"@type\":\"Organization\",\"@id\":\"https:\/\/yoestudiosalud.es\/en\/#organization\",\"name\":\"yoestudiosalud.es\",\"url\":\"https:\/\/yoestudiosalud.es\/en\/\",\"logo\":{\"@type\":\"ImageObject\",\"inLanguage\":\"fr-FR\",\"@id\":\"https:\/\/yoestudiosalud.es\/en\/#\/schema\/logo\/image\/\",\"url\":\"https:\/\/yoestudiosalud.es\/wp-content\/uploads\/2020\/04\/logonew-e1698080827687.png\",\"contentUrl\":\"https:\/\/yoestudiosalud.es\/wp-content\/uploads\/2020\/04\/logonew-e1698080827687.png\",\"width\":421,\"height\":393,\"caption\":\"yoestudiosalud.es\"},\"image\":{\"@id\":\"https:\/\/yoestudiosalud.es\/en\/#\/schema\/logo\/image\/\"}}]}<\/script>\n<!-- \/ Yoast SEO Premium plugin. -->","yoast_head_json":{"title":"DENT ANA4Z3RN-24 FRASACO - yoestudiosalud.es le d\u00e9p\u00f4t de l'\u00e9tudiant","description":"La dent maxillaire 24 ANA4Z3RN-24 de FRASACO fait partie de la nouvelle gamme de dents d'exercice avec des racines anatomiques en \u00e9mail de FRASACO.","robots":{"index":"index","follow":"follow","max-snippet":"max-snippet:-1","max-image-preview":"max-image-preview:large","max-video-preview":"max-video-preview:-1"},"canonical":"https:\/\/yoestudiosalud.es\/produit\/diente-ana4z3rn-24-frasaco\/","og_locale":"fr_FR","og_type":"article","og_title":"DENT ANA4Z3RN-24 FRASACO","og_description":"La dent maxillaire 24 ANA4Z3RN-24 de FRASACO fait partie de la nouvelle gamme de dents d'exercice avec des racines anatomiques en \u00e9mail de FRASACO.","og_url":"https:\/\/yoestudiosalud.es\/produit\/diente-ana4z3rn-24-frasaco\/","og_site_name":"yoestudiosalud.es","article_modified_time":"2025-06-19T14:16:12+00:00","og_image":[{"width":1080,"height":1080,"url":"https:\/\/yoestudiosalud.es\/wp-content\/uploads\/2024\/06\/24.jpg","type":"image\/jpeg"}],"twitter_card":"summary_large_image","twitter_misc":{"Dur\u00e9e de lecture estim\u00e9e":"1 minute"},"schema":{"@context":"https:\/\/schema.org","@graph":[{"@type":"WebPage","@id":"https:\/\/yoestudiosalud.es\/produit\/diente-ana4z3rn-24-frasaco\/","url":"https:\/\/yoestudiosalud.es\/produit\/diente-ana4z3rn-24-frasaco\/","name":"DENT ANA4Z3RN-24 FRASACO - yoestudiosalud.es le d\u00e9p\u00f4t de l'\u00e9tudiant","isPartOf":{"@id":"https:\/\/yoestudiosalud.es\/en\/#website"},"primaryImageOfPage":{"@id":"https:\/\/yoestudiosalud.es\/produit\/diente-ana4z3rn-24-frasaco\/#primaryimage"},"image":{"@id":"https:\/\/yoestudiosalud.es\/produit\/diente-ana4z3rn-24-frasaco\/#primaryimage"},"thumbnailUrl":"https:\/\/yoestudiosalud.es\/wp-content\/uploads\/2024\/06\/24.jpg","datePublished":"2024-06-06T10:27:59+00:00","dateModified":"2025-06-19T14:16:12+00:00","description":"La dent maxillaire 24 ANA4Z3RN-24 de FRASACO fait partie de la nouvelle gamme de dents d'exercice avec des racines anatomiques en \u00e9mail de FRASACO.","breadcrumb":{"@id":"https:\/\/yoestudiosalud.es\/produit\/diente-ana4z3rn-24-frasaco\/#breadcrumb"},"inLanguage":"fr-FR","potentialAction":[{"@type":"ReadAction","target":["https:\/\/yoestudiosalud.es\/produit\/diente-ana4z3rn-24-frasaco\/"]}]},{"@type":"ImageObject","inLanguage":"fr-FR","@id":"https:\/\/yoestudiosalud.es\/produit\/diente-ana4z3rn-24-frasaco\/#primaryimage","url":"https:\/\/yoestudiosalud.es\/wp-content\/uploads\/2024\/06\/24.jpg","contentUrl":"https:\/\/yoestudiosalud.es\/wp-content\/uploads\/2024\/06\/24.jpg","width":1080,"height":1080,"caption":"003988.24"},{"@type":"BreadcrumbList","@id":"https:\/\/yoestudiosalud.es\/produit\/diente-ana4z3rn-24-frasaco\/#breadcrumb","itemListElement":[{"@type":"ListItem","position":1,"name":"Portada","item":"https:\/\/yoestudiosalud.es\/fr\/"},{"@type":"ListItem","position":2,"name":"Boutique","item":"https:\/\/yoestudiosalud.es\/fr\/boutique\/"},{"@type":"ListItem","position":3,"name":"DENT ANA4Z3RN-24 FRASACO"}]},{"@type":"WebSite","@id":"https:\/\/yoestudiosalud.es\/en\/#website","url":"https:\/\/yoestudiosalud.es\/en\/","name":"yoestudiosalud.es","description":"Material para estudiantes del sector salud","publisher":{"@id":"https:\/\/yoestudiosalud.es\/en\/#organization"},"potentialAction":[{"@type":"SearchAction","target":{"@type":"EntryPoint","urlTemplate":"https:\/\/yoestudiosalud.es\/en\/?s={search_term_string}"},"query-input":{"@type":"PropertyValueSpecification","valueRequired":true,"valueName":"search_term_string"}}],"inLanguage":"fr-FR"},{"@type":"Organization","@id":"https:\/\/yoestudiosalud.es\/en\/#organization","name":"yoestudiosalud.es","url":"https:\/\/yoestudiosalud.es\/en\/","logo":{"@type":"ImageObject","inLanguage":"fr-FR","@id":"https:\/\/yoestudiosalud.es\/en\/#\/schema\/logo\/image\/","url":"https:\/\/yoestudiosalud.es\/wp-content\/uploads\/2020\/04\/logonew-e1698080827687.png","contentUrl":"https:\/\/yoestudiosalud.es\/wp-content\/uploads\/2020\/04\/logonew-e1698080827687.png","width":421,"height":393,"caption":"yoestudiosalud.es"},"image":{"@id":"https:\/\/yoestudiosalud.es\/en\/#\/schema\/logo\/image\/"}}]}},"_links":{"self":[{"href":"https:\/\/yoestudiosalud.es\/fr\/wp-json\/wp\/v2\/product\/28327","targetHints":{"allow":["GET"]}}],"collection":[{"href":"https:\/\/yoestudiosalud.es\/fr\/wp-json\/wp\/v2\/product"}],"about":[{"href":"https:\/\/yoestudiosalud.es\/fr\/wp-json\/wp\/v2\/types\/product"}],"wp:featuredmedia":[{"embeddable":true,"href":"https:\/\/yoestudiosalud.es\/fr\/wp-json\/wp\/v2\/media\/28318"}],"wp:attachment":[{"href":"https:\/\/yoestudiosalud.es\/fr\/wp-json\/wp\/v2\/media?parent=28327"}],"wp:term":[{"taxonomy":"product_brand","embeddable":true,"href":"https:\/\/yoestudiosalud.es\/fr\/wp-json\/wp\/v2\/product_brand?post=28327"},{"taxonomy":"product_cat","embeddable":true,"href":"https:\/\/yoestudiosalud.es\/fr\/wp-json\/wp\/v2\/product_cat?post=28327"},{"taxonomy":"product_tag","embeddable":true,"href":"https:\/\/yoestudiosalud.es\/fr\/wp-json\/wp\/v2\/product_tag?post=28327"}],"curies":[{"name":"wp","href":"https:\/\/api.w.org\/{rel}","templated":true}]}}