{"id":28299,"date":"2024-06-05T16:41:38","date_gmt":"2024-06-05T16:41:38","guid":{"rendered":"https:\/\/yoestudiosalud.es\/producto\/uev-endoset\/"},"modified":"2025-07-01T15:45:59","modified_gmt":"2025-07-01T13:45:59","slug":"uev-endoset-fr","status":"publish","type":"product","link":"https:\/\/yoestudiosalud.es\/fr\/produit\/uev-endoset-fr\/","title":{"rendered":"UEV ENDOSET"},"content":{"rendered":"<p>UEV ENDOSET BASIC est un kit qui contient tout le mat\u00e9riel dont les \u00e9tudiants de l&#8217;Universit\u00e9 europ\u00e9enne de Valence auront besoin pour leurs mati\u00e8res o\u00f9 un travail d&#8217;endodontie est requis.<\/p>\n<p>Le kit contient :<\/p>\n<ul>\n<li>LIMES K KERR\u00a9 21MM (08,10)<\/li>\n<li>LIMES K KERR\u00a9 25MM (08,10,45-80)<\/li>\n<li>LIMES K KERR\u00a9 31MM (45-80)<\/li>\n<li>LIMES FLEXO KERR\u00a9 21MM (15,20,25,30,35,40)<\/li>\n<li>LIMES FLEXO KERR\u00a9 25MM (15,20,25,30,35,40)<\/li>\n<li>LIMES FLEXO KERR\u00a9 30MM (15-40)<\/li>\n<li>LIMES H KERR\u00a9 25MM (15,20,25,30,35,40)<\/li>\n<li>FOR\u00caTS GOLDEN-GATE (1,2,3,4)<\/li>\n<li>SPREADERS 25MM (20,25)<\/li>\n<li>PROTAPER GOLD 25MM SURTIDO<\/li>\n<li>BROCHE BARBEL\u00c9E<\/li>\n<li>CLEAN STAND<\/li>\n<li>ANNEAU DE R\u00c8GLE MILLIM\u00c9TRIQUE<\/li>\n<\/ul>\n<p>Comme vous pouvez le voir, il comprend tout le mat\u00e9riel n\u00e9cessaire pour r\u00e9pondre aux exigences fix\u00e9es par la facult\u00e9 de l&#8217;Universit\u00e9 europ\u00e9enne de Valence. En outre, nous avons le Pack UEV Endoset Complement qui comprend les fichiers qui sont dupliqu\u00e9s dans la liste 2025-2026.<\/p>\n<p>Les fichiers suppl\u00e9mentaires sont les suivants (non inclus dans l&#8217;Endoset Basic) :<\/p>\n<ul>\n<li>KERR\u00a9 K-FILE 21mm no. 10<\/li>\n<li>KERR\u00a9 K-FILE 25mm no. 8<\/li>\n<li>KERR\u00a9 K-FILE 25mm no. 10<\/li>\n<li>KERR\u00a9 K-FILE 25mm no. 15<\/li>\n<li>KERR\u00a9 K-FILE 25mm no. 20<\/li>\n<\/ul>\n<p>L&#8217;UEV Endoset est un produit de l&#8217;UEV EXCLUSIVE, notre plan de mat\u00e9riaux et conditions sp\u00e9ciales exclusivement d\u00e9di\u00e9s aux \u00e9tudiants de l&#8217;Universit\u00e9 Europ\u00e9enne de Valence. Ce kit vous permettra de b\u00e9n\u00e9ficier de l&#8217;ensemble de mat\u00e9riel le plus complet du march\u00e9. Plus une bague de r\u00e8gle millim\u00e9tr\u00e9e en cadeau.<\/p>\n","protected":false},"excerpt":{"rendered":"<p>UEV ENDOSET BASIC qui contient tout le mat\u00e9riel dont les \u00e9tudiants de l&#8217;Universidad Europea de Valencia auront besoin pour leurs mati\u00e8res o\u00f9 un travail d&#8217;endodontie est requis.<\/p>\n<p>Vous devriez prendre de l&#8217;avance sur la folie qu&#8217;est la saison des dossiers et au moins les r\u00e9server&#8230; Je dis simplement qu&#8217;il y a beaucoup de dossiers et qu&#8217;ils arrivent toujours en trombe !<\/p>\n","protected":false},"featured_media":33452,"template":"","meta":[],"product_brand":[],"product_cat":[680,681],"product_tag":[705],"class_list":{"0":"post-28299","1":"product","2":"type-product","3":"status-publish","4":"has-post-thumbnail","6":"product_cat-endodontie-fr","7":"product_cat-chirurgie-fr","8":"product_tag-uev4","9":"pa_formacion-odontologia-fr","11":"first","12":"onbackorder","13":"taxable","14":"shipping-taxable","15":"purchasable","16":"product-type-simple"},"yoast_head":"<!-- This site is optimized with the Yoast SEO Premium plugin v27.0 (Yoast SEO v27.4) - https:\/\/yoast.com\/product\/yoast-seo-premium-wordpress\/ -->\n<title>UEV ENDOSET - yoestudiosalud.es<\/title>\n<meta name=\"description\" content=\"UEV ENDOSET est un kit qui contient tout le mat\u00e9riel dont les \u00e9tudiants de l&#039;Universit\u00e9 europ\u00e9enne de Valence auront besoin pour leurs mati\u00e8res o\u00f9 un travail d&#039;endodontie est n\u00e9cessaire.\" \/>\n<meta name=\"robots\" content=\"index, follow, max-snippet:-1, max-image-preview:large, max-video-preview:-1\" \/>\n<link rel=\"canonical\" href=\"https:\/\/yoestudiosalud.es\/fr\/produit\/uev-endoset-fr\/\" \/>\n<meta property=\"og:locale\" content=\"fr_FR\" \/>\n<meta property=\"og:type\" content=\"article\" \/>\n<meta property=\"og:title\" content=\"UEV ENDOSET\" \/>\n<meta property=\"og:description\" content=\"UEV ENDOSET est un kit qui contient tout le mat\u00e9riel dont les \u00e9tudiants de l&#039;Universit\u00e9 europ\u00e9enne de Valence auront besoin pour leurs mati\u00e8res o\u00f9 un travail d&#039;endodontie est n\u00e9cessaire.\" \/>\n<meta property=\"og:url\" content=\"https:\/\/yoestudiosalud.es\/fr\/produit\/uev-endoset-fr\/\" \/>\n<meta property=\"og:site_name\" content=\"yoestudiosalud.es\" \/>\n<meta property=\"article:modified_time\" content=\"2025-07-01T13:45:59+00:00\" \/>\n<meta property=\"og:image\" content=\"https:\/\/yoestudiosalud.es\/wp-content\/uploads\/2024\/06\/005054-2025f.jpg\" \/>\n\t<meta property=\"og:image:width\" content=\"650\" \/>\n\t<meta property=\"og:image:height\" content=\"650\" \/>\n\t<meta property=\"og:image:type\" content=\"image\/jpeg\" \/>\n<meta name=\"twitter:card\" content=\"summary_large_image\" \/>\n<meta name=\"twitter:label1\" content=\"Dur\u00e9e de lecture estim\u00e9e\" \/>\n\t<meta name=\"twitter:data1\" content=\"1 minute\" \/>\n<script type=\"application\/ld+json\" class=\"yoast-schema-graph\">{\"@context\":\"https:\\\/\\\/schema.org\",\"@graph\":[{\"@type\":\"WebPage\",\"@id\":\"https:\\\/\\\/yoestudiosalud.es\\\/fr\\\/produit\\\/uev-endoset-fr\\\/\",\"url\":\"https:\\\/\\\/yoestudiosalud.es\\\/fr\\\/produit\\\/uev-endoset-fr\\\/\",\"name\":\"UEV ENDOSET - yoestudiosalud.es\",\"isPartOf\":{\"@id\":\"https:\\\/\\\/yoestudiosalud.es\\\/en\\\/#website\"},\"primaryImageOfPage\":{\"@id\":\"https:\\\/\\\/yoestudiosalud.es\\\/fr\\\/produit\\\/uev-endoset-fr\\\/#primaryimage\"},\"image\":{\"@id\":\"https:\\\/\\\/yoestudiosalud.es\\\/fr\\\/produit\\\/uev-endoset-fr\\\/#primaryimage\"},\"thumbnailUrl\":\"https:\\\/\\\/yoestudiosalud.es\\\/wp-content\\\/uploads\\\/2024\\\/06\\\/005054-2025f.jpg\",\"datePublished\":\"2024-06-05T16:41:38+00:00\",\"dateModified\":\"2025-07-01T13:45:59+00:00\",\"description\":\"UEV ENDOSET est un kit qui contient tout le mat\u00e9riel dont les \u00e9tudiants de l'Universit\u00e9 europ\u00e9enne de Valence auront besoin pour leurs mati\u00e8res o\u00f9 un travail d'endodontie est n\u00e9cessaire.\",\"breadcrumb\":{\"@id\":\"https:\\\/\\\/yoestudiosalud.es\\\/fr\\\/produit\\\/uev-endoset-fr\\\/#breadcrumb\"},\"inLanguage\":\"fr-FR\",\"potentialAction\":[{\"@type\":\"ReadAction\",\"target\":[\"https:\\\/\\\/yoestudiosalud.es\\\/fr\\\/produit\\\/uev-endoset-fr\\\/\"]}]},{\"@type\":\"ImageObject\",\"inLanguage\":\"fr-FR\",\"@id\":\"https:\\\/\\\/yoestudiosalud.es\\\/fr\\\/produit\\\/uev-endoset-fr\\\/#primaryimage\",\"url\":\"https:\\\/\\\/yoestudiosalud.es\\\/wp-content\\\/uploads\\\/2024\\\/06\\\/005054-2025f.jpg\",\"contentUrl\":\"https:\\\/\\\/yoestudiosalud.es\\\/wp-content\\\/uploads\\\/2024\\\/06\\\/005054-2025f.jpg\",\"width\":650,\"height\":650},{\"@type\":\"BreadcrumbList\",\"@id\":\"https:\\\/\\\/yoestudiosalud.es\\\/fr\\\/produit\\\/uev-endoset-fr\\\/#breadcrumb\",\"itemListElement\":[{\"@type\":\"ListItem\",\"position\":1,\"name\":\"Portada\",\"item\":\"https:\\\/\\\/yoestudiosalud.es\\\/fr\\\/\"},{\"@type\":\"ListItem\",\"position\":2,\"name\":\"Boutique\",\"item\":\"https:\\\/\\\/yoestudiosalud.es\\\/fr\\\/boutique\\\/\"},{\"@type\":\"ListItem\",\"position\":3,\"name\":\"UEV ENDOSET\"}]},{\"@type\":\"WebSite\",\"@id\":\"https:\\\/\\\/yoestudiosalud.es\\\/en\\\/#website\",\"url\":\"https:\\\/\\\/yoestudiosalud.es\\\/en\\\/\",\"name\":\"yoestudiosalud.es\",\"description\":\"Material para estudiantes del sector salud\",\"publisher\":{\"@id\":\"https:\\\/\\\/yoestudiosalud.es\\\/en\\\/#organization\"},\"potentialAction\":[{\"@type\":\"SearchAction\",\"target\":{\"@type\":\"EntryPoint\",\"urlTemplate\":\"https:\\\/\\\/yoestudiosalud.es\\\/en\\\/?s={search_term_string}\"},\"query-input\":{\"@type\":\"PropertyValueSpecification\",\"valueRequired\":true,\"valueName\":\"search_term_string\"}}],\"inLanguage\":\"fr-FR\"},{\"@type\":\"Organization\",\"@id\":\"https:\\\/\\\/yoestudiosalud.es\\\/en\\\/#organization\",\"name\":\"yoestudiosalud.es\",\"url\":\"https:\\\/\\\/yoestudiosalud.es\\\/en\\\/\",\"logo\":{\"@type\":\"ImageObject\",\"inLanguage\":\"fr-FR\",\"@id\":\"https:\\\/\\\/yoestudiosalud.es\\\/en\\\/#\\\/schema\\\/logo\\\/image\\\/\",\"url\":\"https:\\\/\\\/yoestudiosalud.es\\\/wp-content\\\/uploads\\\/2020\\\/04\\\/logonew-e1698080827687.png\",\"contentUrl\":\"https:\\\/\\\/yoestudiosalud.es\\\/wp-content\\\/uploads\\\/2020\\\/04\\\/logonew-e1698080827687.png\",\"width\":421,\"height\":393,\"caption\":\"yoestudiosalud.es\"},\"image\":{\"@id\":\"https:\\\/\\\/yoestudiosalud.es\\\/en\\\/#\\\/schema\\\/logo\\\/image\\\/\"}}]}<\/script>\n<!-- \/ Yoast SEO Premium plugin. -->","yoast_head_json":{"title":"UEV ENDOSET - yoestudiosalud.es","description":"UEV ENDOSET est un kit qui contient tout le mat\u00e9riel dont les \u00e9tudiants de l'Universit\u00e9 europ\u00e9enne de Valence auront besoin pour leurs mati\u00e8res o\u00f9 un travail d'endodontie est n\u00e9cessaire.","robots":{"index":"index","follow":"follow","max-snippet":"max-snippet:-1","max-image-preview":"max-image-preview:large","max-video-preview":"max-video-preview:-1"},"canonical":"https:\/\/yoestudiosalud.es\/fr\/produit\/uev-endoset-fr\/","og_locale":"fr_FR","og_type":"article","og_title":"UEV ENDOSET","og_description":"UEV ENDOSET est un kit qui contient tout le mat\u00e9riel dont les \u00e9tudiants de l'Universit\u00e9 europ\u00e9enne de Valence auront besoin pour leurs mati\u00e8res o\u00f9 un travail d'endodontie est n\u00e9cessaire.","og_url":"https:\/\/yoestudiosalud.es\/fr\/produit\/uev-endoset-fr\/","og_site_name":"yoestudiosalud.es","article_modified_time":"2025-07-01T13:45:59+00:00","og_image":[{"width":650,"height":650,"url":"https:\/\/yoestudiosalud.es\/wp-content\/uploads\/2024\/06\/005054-2025f.jpg","type":"image\/jpeg"}],"twitter_card":"summary_large_image","twitter_misc":{"Dur\u00e9e de lecture estim\u00e9e":"1 minute"},"schema":{"@context":"https:\/\/schema.org","@graph":[{"@type":"WebPage","@id":"https:\/\/yoestudiosalud.es\/fr\/produit\/uev-endoset-fr\/","url":"https:\/\/yoestudiosalud.es\/fr\/produit\/uev-endoset-fr\/","name":"UEV ENDOSET - yoestudiosalud.es","isPartOf":{"@id":"https:\/\/yoestudiosalud.es\/en\/#website"},"primaryImageOfPage":{"@id":"https:\/\/yoestudiosalud.es\/fr\/produit\/uev-endoset-fr\/#primaryimage"},"image":{"@id":"https:\/\/yoestudiosalud.es\/fr\/produit\/uev-endoset-fr\/#primaryimage"},"thumbnailUrl":"https:\/\/yoestudiosalud.es\/wp-content\/uploads\/2024\/06\/005054-2025f.jpg","datePublished":"2024-06-05T16:41:38+00:00","dateModified":"2025-07-01T13:45:59+00:00","description":"UEV ENDOSET est un kit qui contient tout le mat\u00e9riel dont les \u00e9tudiants de l'Universit\u00e9 europ\u00e9enne de Valence auront besoin pour leurs mati\u00e8res o\u00f9 un travail d'endodontie est n\u00e9cessaire.","breadcrumb":{"@id":"https:\/\/yoestudiosalud.es\/fr\/produit\/uev-endoset-fr\/#breadcrumb"},"inLanguage":"fr-FR","potentialAction":[{"@type":"ReadAction","target":["https:\/\/yoestudiosalud.es\/fr\/produit\/uev-endoset-fr\/"]}]},{"@type":"ImageObject","inLanguage":"fr-FR","@id":"https:\/\/yoestudiosalud.es\/fr\/produit\/uev-endoset-fr\/#primaryimage","url":"https:\/\/yoestudiosalud.es\/wp-content\/uploads\/2024\/06\/005054-2025f.jpg","contentUrl":"https:\/\/yoestudiosalud.es\/wp-content\/uploads\/2024\/06\/005054-2025f.jpg","width":650,"height":650},{"@type":"BreadcrumbList","@id":"https:\/\/yoestudiosalud.es\/fr\/produit\/uev-endoset-fr\/#breadcrumb","itemListElement":[{"@type":"ListItem","position":1,"name":"Portada","item":"https:\/\/yoestudiosalud.es\/fr\/"},{"@type":"ListItem","position":2,"name":"Boutique","item":"https:\/\/yoestudiosalud.es\/fr\/boutique\/"},{"@type":"ListItem","position":3,"name":"UEV ENDOSET"}]},{"@type":"WebSite","@id":"https:\/\/yoestudiosalud.es\/en\/#website","url":"https:\/\/yoestudiosalud.es\/en\/","name":"yoestudiosalud.es","description":"Material para estudiantes del sector salud","publisher":{"@id":"https:\/\/yoestudiosalud.es\/en\/#organization"},"potentialAction":[{"@type":"SearchAction","target":{"@type":"EntryPoint","urlTemplate":"https:\/\/yoestudiosalud.es\/en\/?s={search_term_string}"},"query-input":{"@type":"PropertyValueSpecification","valueRequired":true,"valueName":"search_term_string"}}],"inLanguage":"fr-FR"},{"@type":"Organization","@id":"https:\/\/yoestudiosalud.es\/en\/#organization","name":"yoestudiosalud.es","url":"https:\/\/yoestudiosalud.es\/en\/","logo":{"@type":"ImageObject","inLanguage":"fr-FR","@id":"https:\/\/yoestudiosalud.es\/en\/#\/schema\/logo\/image\/","url":"https:\/\/yoestudiosalud.es\/wp-content\/uploads\/2020\/04\/logonew-e1698080827687.png","contentUrl":"https:\/\/yoestudiosalud.es\/wp-content\/uploads\/2020\/04\/logonew-e1698080827687.png","width":421,"height":393,"caption":"yoestudiosalud.es"},"image":{"@id":"https:\/\/yoestudiosalud.es\/en\/#\/schema\/logo\/image\/"}}]}},"_links":{"self":[{"href":"https:\/\/yoestudiosalud.es\/fr\/wp-json\/wp\/v2\/product\/28299","targetHints":{"allow":["GET"]}}],"collection":[{"href":"https:\/\/yoestudiosalud.es\/fr\/wp-json\/wp\/v2\/product"}],"about":[{"href":"https:\/\/yoestudiosalud.es\/fr\/wp-json\/wp\/v2\/types\/product"}],"wp:featuredmedia":[{"embeddable":true,"href":"https:\/\/yoestudiosalud.es\/fr\/wp-json\/wp\/v2\/media\/33452"}],"wp:attachment":[{"href":"https:\/\/yoestudiosalud.es\/fr\/wp-json\/wp\/v2\/media?parent=28299"}],"wp:term":[{"taxonomy":"product_brand","embeddable":true,"href":"https:\/\/yoestudiosalud.es\/fr\/wp-json\/wp\/v2\/product_brand?post=28299"},{"taxonomy":"product_cat","embeddable":true,"href":"https:\/\/yoestudiosalud.es\/fr\/wp-json\/wp\/v2\/product_cat?post=28299"},{"taxonomy":"product_tag","embeddable":true,"href":"https:\/\/yoestudiosalud.es\/fr\/wp-json\/wp\/v2\/product_tag?post=28299"}],"curies":[{"name":"wp","href":"https:\/\/api.w.org\/{rel}","templated":true}]}}