{"id":28287,"date":"2019-09-11T10:15:22","date_gmt":"2019-09-11T10:15:22","guid":{"rendered":"https:\/\/yoestudiosalud.es\/producto\/vaseline-liquide\/"},"modified":"2025-06-25T23:04:25","modified_gmt":"2025-06-25T21:04:25","slug":"vaseline-liquide","status":"publish","type":"product","link":"https:\/\/yoestudiosalud.es\/fr\/produit\/vaseline-liquide\/","title":{"rendered":"VASELINE LIQUIDE"},"content":{"rendered":"","protected":false},"excerpt":{"rendered":"<p>Vaseline liquide essentielle avec pierre de l&#8217;Arkansas pour un aff\u00fbtage doux et uniforme des curettes. Parfait pour une utilisation pratique dentaire et dermatologique.<\/p>\n","protected":false},"featured_media":28286,"template":"","meta":[],"product_brand":[],"product_cat":[712],"product_tag":[762,928,686,689,692,699,703],"class_list":{"0":"post-28287","1":"product","2":"type-product","3":"status-publish","4":"has-post-thumbnail","6":"product_cat-periodontie-fr","7":"product_tag-ucam4-fr","8":"product_tag-ceuelche4","9":"product_tag-ucm1-fr","10":"product_tag-ucv3","11":"product_tag-uev2","12":"product_tag-ceu4","13":"product_tag-uemc_prd-fr","14":"pa_formacion-odontologia-fr","15":"pa_universidades-universidad-europea-de-valencia-uev-fr","17":"first","18":"instock","19":"taxable","20":"shipping-taxable","21":"purchasable","22":"product-type-simple"},"yoast_head":"<!-- This site is optimized with the Yoast SEO Premium plugin v27.0 (Yoast SEO v27.4) - https:\/\/yoast.com\/product\/yoast-seo-premium-wordpress\/ -->\n<title>VASELINE LIQUIDE - yoestudiosalud.es d\u00e9p\u00f4t dentaire<\/title>\n<meta name=\"description\" content=\"Vaseline liquide essentielle avec pierre de l&#039;Arkansas pour un aff\u00fbtage doux et uniforme des curettes. Achetez-le dans la boutique en ligne Yoestudiosalud.es\" \/>\n<meta name=\"robots\" content=\"index, follow, max-snippet:-1, max-image-preview:large, max-video-preview:-1\" \/>\n<link rel=\"canonical\" href=\"https:\/\/yoestudiosalud.es\/produit\/vaselina-liquida\/\" \/>\n<meta property=\"og:locale\" content=\"fr_FR\" \/>\n<meta property=\"og:type\" content=\"article\" \/>\n<meta property=\"og:title\" content=\"VASELINE LIQUIDE\" \/>\n<meta property=\"og:description\" content=\"Vaseline liquide essentielle avec pierre de l&#039;Arkansas pour un aff\u00fbtage doux et uniforme des curettes. Achetez-le dans la boutique en ligne Yoestudiosalud.es\" \/>\n<meta property=\"og:url\" content=\"https:\/\/yoestudiosalud.es\/produit\/vaselina-liquida\/\" \/>\n<meta property=\"og:site_name\" content=\"yoestudiosalud.es\" \/>\n<meta property=\"article:modified_time\" content=\"2025-06-25T21:04:25+00:00\" \/>\n<meta property=\"og:image\" content=\"https:\/\/yoestudiosalud.es\/wp-content\/uploads\/2019\/09\/003268B.jpg\" \/>\n\t<meta property=\"og:image:width\" content=\"1080\" \/>\n\t<meta property=\"og:image:height\" content=\"1080\" \/>\n\t<meta property=\"og:image:type\" content=\"image\/jpeg\" \/>\n<meta name=\"twitter:card\" content=\"summary_large_image\" \/>\n<script type=\"application\/ld+json\" class=\"yoast-schema-graph\">{\"@context\":\"https:\\\/\\\/schema.org\",\"@graph\":[{\"@type\":\"WebPage\",\"@id\":\"https:\\\/\\\/yoestudiosalud.es\\\/produit\\\/vaselina-liquida\\\/\",\"url\":\"https:\\\/\\\/yoestudiosalud.es\\\/produit\\\/vaselina-liquida\\\/\",\"name\":\"VASELINE LIQUIDE - yoestudiosalud.es d\u00e9p\u00f4t dentaire\",\"isPartOf\":{\"@id\":\"https:\\\/\\\/yoestudiosalud.es\\\/en\\\/#website\"},\"primaryImageOfPage\":{\"@id\":\"https:\\\/\\\/yoestudiosalud.es\\\/produit\\\/vaselina-liquida\\\/#primaryimage\"},\"image\":{\"@id\":\"https:\\\/\\\/yoestudiosalud.es\\\/produit\\\/vaselina-liquida\\\/#primaryimage\"},\"thumbnailUrl\":\"https:\\\/\\\/yoestudiosalud.es\\\/wp-content\\\/uploads\\\/2019\\\/09\\\/003268B.jpg\",\"datePublished\":\"2019-09-11T10:15:22+00:00\",\"dateModified\":\"2025-06-25T21:04:25+00:00\",\"description\":\"Vaseline liquide essentielle avec pierre de l'Arkansas pour un aff\u00fbtage doux et uniforme des curettes. Achetez-le dans la boutique en ligne Yoestudiosalud.es\",\"breadcrumb\":{\"@id\":\"https:\\\/\\\/yoestudiosalud.es\\\/produit\\\/vaselina-liquida\\\/#breadcrumb\"},\"inLanguage\":\"fr-FR\",\"potentialAction\":[{\"@type\":\"ReadAction\",\"target\":[\"https:\\\/\\\/yoestudiosalud.es\\\/produit\\\/vaselina-liquida\\\/\"]}]},{\"@type\":\"ImageObject\",\"inLanguage\":\"fr-FR\",\"@id\":\"https:\\\/\\\/yoestudiosalud.es\\\/produit\\\/vaselina-liquida\\\/#primaryimage\",\"url\":\"https:\\\/\\\/yoestudiosalud.es\\\/wp-content\\\/uploads\\\/2019\\\/09\\\/003268B.jpg\",\"contentUrl\":\"https:\\\/\\\/yoestudiosalud.es\\\/wp-content\\\/uploads\\\/2019\\\/09\\\/003268B.jpg\",\"width\":1080,\"height\":1080,\"caption\":\"VASELINE LIQUIDE\"},{\"@type\":\"BreadcrumbList\",\"@id\":\"https:\\\/\\\/yoestudiosalud.es\\\/produit\\\/vaselina-liquida\\\/#breadcrumb\",\"itemListElement\":[{\"@type\":\"ListItem\",\"position\":1,\"name\":\"Portada\",\"item\":\"https:\\\/\\\/yoestudiosalud.es\\\/fr\\\/\"},{\"@type\":\"ListItem\",\"position\":2,\"name\":\"Boutique\",\"item\":\"https:\\\/\\\/yoestudiosalud.es\\\/fr\\\/boutique\\\/\"},{\"@type\":\"ListItem\",\"position\":3,\"name\":\"VASELINE LIQUIDE\"}]},{\"@type\":\"WebSite\",\"@id\":\"https:\\\/\\\/yoestudiosalud.es\\\/en\\\/#website\",\"url\":\"https:\\\/\\\/yoestudiosalud.es\\\/en\\\/\",\"name\":\"yoestudiosalud.es\",\"description\":\"Material para estudiantes del sector salud\",\"publisher\":{\"@id\":\"https:\\\/\\\/yoestudiosalud.es\\\/en\\\/#organization\"},\"potentialAction\":[{\"@type\":\"SearchAction\",\"target\":{\"@type\":\"EntryPoint\",\"urlTemplate\":\"https:\\\/\\\/yoestudiosalud.es\\\/en\\\/?s={search_term_string}\"},\"query-input\":{\"@type\":\"PropertyValueSpecification\",\"valueRequired\":true,\"valueName\":\"search_term_string\"}}],\"inLanguage\":\"fr-FR\"},{\"@type\":\"Organization\",\"@id\":\"https:\\\/\\\/yoestudiosalud.es\\\/en\\\/#organization\",\"name\":\"yoestudiosalud.es\",\"url\":\"https:\\\/\\\/yoestudiosalud.es\\\/en\\\/\",\"logo\":{\"@type\":\"ImageObject\",\"inLanguage\":\"fr-FR\",\"@id\":\"https:\\\/\\\/yoestudiosalud.es\\\/en\\\/#\\\/schema\\\/logo\\\/image\\\/\",\"url\":\"https:\\\/\\\/yoestudiosalud.es\\\/wp-content\\\/uploads\\\/2020\\\/04\\\/logonew-e1698080827687.png\",\"contentUrl\":\"https:\\\/\\\/yoestudiosalud.es\\\/wp-content\\\/uploads\\\/2020\\\/04\\\/logonew-e1698080827687.png\",\"width\":421,\"height\":393,\"caption\":\"yoestudiosalud.es\"},\"image\":{\"@id\":\"https:\\\/\\\/yoestudiosalud.es\\\/en\\\/#\\\/schema\\\/logo\\\/image\\\/\"}}]}<\/script>\n<!-- \/ Yoast SEO Premium plugin. -->","yoast_head_json":{"title":"VASELINE LIQUIDE - yoestudiosalud.es d\u00e9p\u00f4t dentaire","description":"Vaseline liquide essentielle avec pierre de l'Arkansas pour un aff\u00fbtage doux et uniforme des curettes. Achetez-le dans la boutique en ligne Yoestudiosalud.es","robots":{"index":"index","follow":"follow","max-snippet":"max-snippet:-1","max-image-preview":"max-image-preview:large","max-video-preview":"max-video-preview:-1"},"canonical":"https:\/\/yoestudiosalud.es\/produit\/vaselina-liquida\/","og_locale":"fr_FR","og_type":"article","og_title":"VASELINE LIQUIDE","og_description":"Vaseline liquide essentielle avec pierre de l'Arkansas pour un aff\u00fbtage doux et uniforme des curettes. Achetez-le dans la boutique en ligne Yoestudiosalud.es","og_url":"https:\/\/yoestudiosalud.es\/produit\/vaselina-liquida\/","og_site_name":"yoestudiosalud.es","article_modified_time":"2025-06-25T21:04:25+00:00","og_image":[{"width":1080,"height":1080,"url":"https:\/\/yoestudiosalud.es\/wp-content\/uploads\/2019\/09\/003268B.jpg","type":"image\/jpeg"}],"twitter_card":"summary_large_image","schema":{"@context":"https:\/\/schema.org","@graph":[{"@type":"WebPage","@id":"https:\/\/yoestudiosalud.es\/produit\/vaselina-liquida\/","url":"https:\/\/yoestudiosalud.es\/produit\/vaselina-liquida\/","name":"VASELINE LIQUIDE - yoestudiosalud.es d\u00e9p\u00f4t dentaire","isPartOf":{"@id":"https:\/\/yoestudiosalud.es\/en\/#website"},"primaryImageOfPage":{"@id":"https:\/\/yoestudiosalud.es\/produit\/vaselina-liquida\/#primaryimage"},"image":{"@id":"https:\/\/yoestudiosalud.es\/produit\/vaselina-liquida\/#primaryimage"},"thumbnailUrl":"https:\/\/yoestudiosalud.es\/wp-content\/uploads\/2019\/09\/003268B.jpg","datePublished":"2019-09-11T10:15:22+00:00","dateModified":"2025-06-25T21:04:25+00:00","description":"Vaseline liquide essentielle avec pierre de l'Arkansas pour un aff\u00fbtage doux et uniforme des curettes. Achetez-le dans la boutique en ligne Yoestudiosalud.es","breadcrumb":{"@id":"https:\/\/yoestudiosalud.es\/produit\/vaselina-liquida\/#breadcrumb"},"inLanguage":"fr-FR","potentialAction":[{"@type":"ReadAction","target":["https:\/\/yoestudiosalud.es\/produit\/vaselina-liquida\/"]}]},{"@type":"ImageObject","inLanguage":"fr-FR","@id":"https:\/\/yoestudiosalud.es\/produit\/vaselina-liquida\/#primaryimage","url":"https:\/\/yoestudiosalud.es\/wp-content\/uploads\/2019\/09\/003268B.jpg","contentUrl":"https:\/\/yoestudiosalud.es\/wp-content\/uploads\/2019\/09\/003268B.jpg","width":1080,"height":1080,"caption":"VASELINE LIQUIDE"},{"@type":"BreadcrumbList","@id":"https:\/\/yoestudiosalud.es\/produit\/vaselina-liquida\/#breadcrumb","itemListElement":[{"@type":"ListItem","position":1,"name":"Portada","item":"https:\/\/yoestudiosalud.es\/fr\/"},{"@type":"ListItem","position":2,"name":"Boutique","item":"https:\/\/yoestudiosalud.es\/fr\/boutique\/"},{"@type":"ListItem","position":3,"name":"VASELINE LIQUIDE"}]},{"@type":"WebSite","@id":"https:\/\/yoestudiosalud.es\/en\/#website","url":"https:\/\/yoestudiosalud.es\/en\/","name":"yoestudiosalud.es","description":"Material para estudiantes del sector salud","publisher":{"@id":"https:\/\/yoestudiosalud.es\/en\/#organization"},"potentialAction":[{"@type":"SearchAction","target":{"@type":"EntryPoint","urlTemplate":"https:\/\/yoestudiosalud.es\/en\/?s={search_term_string}"},"query-input":{"@type":"PropertyValueSpecification","valueRequired":true,"valueName":"search_term_string"}}],"inLanguage":"fr-FR"},{"@type":"Organization","@id":"https:\/\/yoestudiosalud.es\/en\/#organization","name":"yoestudiosalud.es","url":"https:\/\/yoestudiosalud.es\/en\/","logo":{"@type":"ImageObject","inLanguage":"fr-FR","@id":"https:\/\/yoestudiosalud.es\/en\/#\/schema\/logo\/image\/","url":"https:\/\/yoestudiosalud.es\/wp-content\/uploads\/2020\/04\/logonew-e1698080827687.png","contentUrl":"https:\/\/yoestudiosalud.es\/wp-content\/uploads\/2020\/04\/logonew-e1698080827687.png","width":421,"height":393,"caption":"yoestudiosalud.es"},"image":{"@id":"https:\/\/yoestudiosalud.es\/en\/#\/schema\/logo\/image\/"}}]}},"_links":{"self":[{"href":"https:\/\/yoestudiosalud.es\/fr\/wp-json\/wp\/v2\/product\/28287","targetHints":{"allow":["GET"]}}],"collection":[{"href":"https:\/\/yoestudiosalud.es\/fr\/wp-json\/wp\/v2\/product"}],"about":[{"href":"https:\/\/yoestudiosalud.es\/fr\/wp-json\/wp\/v2\/types\/product"}],"wp:featuredmedia":[{"embeddable":true,"href":"https:\/\/yoestudiosalud.es\/fr\/wp-json\/wp\/v2\/media\/28286"}],"wp:attachment":[{"href":"https:\/\/yoestudiosalud.es\/fr\/wp-json\/wp\/v2\/media?parent=28287"}],"wp:term":[{"taxonomy":"product_brand","embeddable":true,"href":"https:\/\/yoestudiosalud.es\/fr\/wp-json\/wp\/v2\/product_brand?post=28287"},{"taxonomy":"product_cat","embeddable":true,"href":"https:\/\/yoestudiosalud.es\/fr\/wp-json\/wp\/v2\/product_cat?post=28287"},{"taxonomy":"product_tag","embeddable":true,"href":"https:\/\/yoestudiosalud.es\/fr\/wp-json\/wp\/v2\/product_tag?post=28287"}],"curies":[{"name":"wp","href":"https:\/\/api.w.org\/{rel}","templated":true}]}}