{"id":28283,"date":"2024-06-05T15:15:13","date_gmt":"2024-06-05T15:15:13","guid":{"rendered":"https:\/\/yoestudiosalud.es\/producto\/pied-a-coulisse-numerique\/"},"modified":"2024-06-05T15:15:13","modified_gmt":"2024-06-05T15:15:13","slug":"pied-a-coulisse-numerique","status":"publish","type":"product","link":"https:\/\/yoestudiosalud.es\/fr\/produit\/pied-a-coulisse-numerique\/","title":{"rendered":"PIED A COULISSE NUM\u00c9RIQUE"},"content":{"rendered":"<p>Le pied \u00e0 coulisse num\u00e9rique est un instrument de pr\u00e9cision qui permet de prendre des mesures tr\u00e8s pr\u00e9cises, aussi bien internes qu&#8217;externes. Cet instrument permet d&#8217;utiliser \u00e0 la fois des \u00e9chelles millim\u00e9triques et des unit\u00e9s anglaises (pouces) et dispose d&#8217;un \u00e9cran LCD facile \u00e0 lire et d&#8217;une excellente pr\u00e9cision. Il dispose \u00e9galement d&#8217;une vis de verrouillage, qui permettra de transporter la mesure sans \u00eatre alt\u00e9r\u00e9e par des mouvements ou. impacts.<\/p>\n","protected":false},"excerpt":{"rendered":"<p>Le pied \u00e0 coulisse num\u00e9rique est un instrument de pr\u00e9cision  [&#8230;]<\/p>\n","protected":false},"featured_media":28281,"template":"","meta":[],"product_brand":[],"product_cat":[669],"product_tag":[692],"class_list":{"0":"post-28283","1":"product","2":"type-product","3":"status-publish","4":"has-post-thumbnail","6":"product_cat-general-fr","7":"product_tag-uev2","9":"first","10":"instock","11":"sale","12":"taxable","13":"shipping-taxable","14":"purchasable","15":"product-type-simple"},"yoast_head":"<!-- This site is optimized with the Yoast SEO Premium plugin v27.0 (Yoast SEO v27.4) - https:\/\/yoast.com\/product\/yoast-seo-premium-wordpress\/ -->\n<title>PIED A COULISSE NUM\u00c9RIQUE - yoestudiosalud.es l&#039;entrep\u00f4t dentaire num\u00e9rique<\/title>\n<meta name=\"description\" content=\"Le pied \u00e0 coulisse num\u00e9rique ou pied \u00e0 coulisse num\u00e9rique est un instrument de pr\u00e9cision qui permet de prendre des mesures tr\u00e8s pr\u00e9cises, aussi bien internes qu&#039;externes.\" \/>\n<meta name=\"robots\" content=\"index, follow, max-snippet:-1, max-image-preview:large, max-video-preview:-1\" \/>\n<link rel=\"canonical\" href=\"https:\/\/yoestudiosalud.es\/produit\/calibrador-vernier-digital\/\" \/>\n<meta property=\"og:locale\" content=\"fr_FR\" \/>\n<meta property=\"og:type\" content=\"article\" \/>\n<meta property=\"og:title\" content=\"PIED A COULISSE NUM\u00c9RIQUE\" \/>\n<meta property=\"og:description\" content=\"Le pied \u00e0 coulisse num\u00e9rique ou pied \u00e0 coulisse num\u00e9rique est un instrument de pr\u00e9cision qui permet de prendre des mesures tr\u00e8s pr\u00e9cises, aussi bien internes qu&#039;externes.\" \/>\n<meta property=\"og:url\" content=\"https:\/\/yoestudiosalud.es\/produit\/calibrador-vernier-digital\/\" \/>\n<meta property=\"og:site_name\" content=\"yoestudiosalud.es\" \/>\n<meta property=\"og:image\" content=\"https:\/\/yoestudiosalud.es\/wp-content\/uploads\/2024\/06\/003830.jpg\" \/>\n\t<meta property=\"og:image:width\" content=\"1080\" \/>\n\t<meta property=\"og:image:height\" content=\"1080\" \/>\n\t<meta property=\"og:image:type\" content=\"image\/jpeg\" \/>\n<meta name=\"twitter:card\" content=\"summary_large_image\" \/>\n<script type=\"application\/ld+json\" class=\"yoast-schema-graph\">{\"@context\":\"https:\\\/\\\/schema.org\",\"@graph\":[{\"@type\":\"WebPage\",\"@id\":\"https:\\\/\\\/yoestudiosalud.es\\\/produit\\\/calibrador-vernier-digital\\\/\",\"url\":\"https:\\\/\\\/yoestudiosalud.es\\\/produit\\\/calibrador-vernier-digital\\\/\",\"name\":\"PIED A COULISSE NUM\u00c9RIQUE - yoestudiosalud.es l'entrep\u00f4t dentaire num\u00e9rique\",\"isPartOf\":{\"@id\":\"https:\\\/\\\/yoestudiosalud.es\\\/en\\\/#website\"},\"primaryImageOfPage\":{\"@id\":\"https:\\\/\\\/yoestudiosalud.es\\\/produit\\\/calibrador-vernier-digital\\\/#primaryimage\"},\"image\":{\"@id\":\"https:\\\/\\\/yoestudiosalud.es\\\/produit\\\/calibrador-vernier-digital\\\/#primaryimage\"},\"thumbnailUrl\":\"https:\\\/\\\/yoestudiosalud.es\\\/wp-content\\\/uploads\\\/2024\\\/06\\\/003830.jpg\",\"datePublished\":\"2024-06-05T15:15:13+00:00\",\"description\":\"Le pied \u00e0 coulisse num\u00e9rique ou pied \u00e0 coulisse num\u00e9rique est un instrument de pr\u00e9cision qui permet de prendre des mesures tr\u00e8s pr\u00e9cises, aussi bien internes qu'externes.\",\"breadcrumb\":{\"@id\":\"https:\\\/\\\/yoestudiosalud.es\\\/produit\\\/calibrador-vernier-digital\\\/#breadcrumb\"},\"inLanguage\":\"fr-FR\",\"potentialAction\":[{\"@type\":\"ReadAction\",\"target\":[\"https:\\\/\\\/yoestudiosalud.es\\\/produit\\\/calibrador-vernier-digital\\\/\"]}]},{\"@type\":\"ImageObject\",\"inLanguage\":\"fr-FR\",\"@id\":\"https:\\\/\\\/yoestudiosalud.es\\\/produit\\\/calibrador-vernier-digital\\\/#primaryimage\",\"url\":\"https:\\\/\\\/yoestudiosalud.es\\\/wp-content\\\/uploads\\\/2024\\\/06\\\/003830.jpg\",\"contentUrl\":\"https:\\\/\\\/yoestudiosalud.es\\\/wp-content\\\/uploads\\\/2024\\\/06\\\/003830.jpg\",\"width\":1080,\"height\":1080,\"caption\":\"PIED A COULISSE NUM\u00c9RIQUE\"},{\"@type\":\"BreadcrumbList\",\"@id\":\"https:\\\/\\\/yoestudiosalud.es\\\/produit\\\/calibrador-vernier-digital\\\/#breadcrumb\",\"itemListElement\":[{\"@type\":\"ListItem\",\"position\":1,\"name\":\"Portada\",\"item\":\"https:\\\/\\\/yoestudiosalud.es\\\/fr\\\/\"},{\"@type\":\"ListItem\",\"position\":2,\"name\":\"Boutique\",\"item\":\"https:\\\/\\\/yoestudiosalud.es\\\/fr\\\/boutique\\\/\"},{\"@type\":\"ListItem\",\"position\":3,\"name\":\"PIED A COULISSE NUM\u00c9RIQUE\"}]},{\"@type\":\"WebSite\",\"@id\":\"https:\\\/\\\/yoestudiosalud.es\\\/en\\\/#website\",\"url\":\"https:\\\/\\\/yoestudiosalud.es\\\/en\\\/\",\"name\":\"yoestudiosalud.es\",\"description\":\"Material para estudiantes del sector salud\",\"publisher\":{\"@id\":\"https:\\\/\\\/yoestudiosalud.es\\\/en\\\/#organization\"},\"potentialAction\":[{\"@type\":\"SearchAction\",\"target\":{\"@type\":\"EntryPoint\",\"urlTemplate\":\"https:\\\/\\\/yoestudiosalud.es\\\/en\\\/?s={search_term_string}\"},\"query-input\":{\"@type\":\"PropertyValueSpecification\",\"valueRequired\":true,\"valueName\":\"search_term_string\"}}],\"inLanguage\":\"fr-FR\"},{\"@type\":\"Organization\",\"@id\":\"https:\\\/\\\/yoestudiosalud.es\\\/en\\\/#organization\",\"name\":\"yoestudiosalud.es\",\"url\":\"https:\\\/\\\/yoestudiosalud.es\\\/en\\\/\",\"logo\":{\"@type\":\"ImageObject\",\"inLanguage\":\"fr-FR\",\"@id\":\"https:\\\/\\\/yoestudiosalud.es\\\/en\\\/#\\\/schema\\\/logo\\\/image\\\/\",\"url\":\"https:\\\/\\\/yoestudiosalud.es\\\/wp-content\\\/uploads\\\/2020\\\/04\\\/logonew-e1698080827687.png\",\"contentUrl\":\"https:\\\/\\\/yoestudiosalud.es\\\/wp-content\\\/uploads\\\/2020\\\/04\\\/logonew-e1698080827687.png\",\"width\":421,\"height\":393,\"caption\":\"yoestudiosalud.es\"},\"image\":{\"@id\":\"https:\\\/\\\/yoestudiosalud.es\\\/en\\\/#\\\/schema\\\/logo\\\/image\\\/\"}}]}<\/script>\n<!-- \/ Yoast SEO Premium plugin. -->","yoast_head_json":{"title":"PIED A COULISSE NUM\u00c9RIQUE - yoestudiosalud.es l'entrep\u00f4t dentaire num\u00e9rique","description":"Le pied \u00e0 coulisse num\u00e9rique ou pied \u00e0 coulisse num\u00e9rique est un instrument de pr\u00e9cision qui permet de prendre des mesures tr\u00e8s pr\u00e9cises, aussi bien internes qu'externes.","robots":{"index":"index","follow":"follow","max-snippet":"max-snippet:-1","max-image-preview":"max-image-preview:large","max-video-preview":"max-video-preview:-1"},"canonical":"https:\/\/yoestudiosalud.es\/produit\/calibrador-vernier-digital\/","og_locale":"fr_FR","og_type":"article","og_title":"PIED A COULISSE NUM\u00c9RIQUE","og_description":"Le pied \u00e0 coulisse num\u00e9rique ou pied \u00e0 coulisse num\u00e9rique est un instrument de pr\u00e9cision qui permet de prendre des mesures tr\u00e8s pr\u00e9cises, aussi bien internes qu'externes.","og_url":"https:\/\/yoestudiosalud.es\/produit\/calibrador-vernier-digital\/","og_site_name":"yoestudiosalud.es","og_image":[{"width":1080,"height":1080,"url":"https:\/\/yoestudiosalud.es\/wp-content\/uploads\/2024\/06\/003830.jpg","type":"image\/jpeg"}],"twitter_card":"summary_large_image","schema":{"@context":"https:\/\/schema.org","@graph":[{"@type":"WebPage","@id":"https:\/\/yoestudiosalud.es\/produit\/calibrador-vernier-digital\/","url":"https:\/\/yoestudiosalud.es\/produit\/calibrador-vernier-digital\/","name":"PIED A COULISSE NUM\u00c9RIQUE - yoestudiosalud.es l'entrep\u00f4t dentaire num\u00e9rique","isPartOf":{"@id":"https:\/\/yoestudiosalud.es\/en\/#website"},"primaryImageOfPage":{"@id":"https:\/\/yoestudiosalud.es\/produit\/calibrador-vernier-digital\/#primaryimage"},"image":{"@id":"https:\/\/yoestudiosalud.es\/produit\/calibrador-vernier-digital\/#primaryimage"},"thumbnailUrl":"https:\/\/yoestudiosalud.es\/wp-content\/uploads\/2024\/06\/003830.jpg","datePublished":"2024-06-05T15:15:13+00:00","description":"Le pied \u00e0 coulisse num\u00e9rique ou pied \u00e0 coulisse num\u00e9rique est un instrument de pr\u00e9cision qui permet de prendre des mesures tr\u00e8s pr\u00e9cises, aussi bien internes qu'externes.","breadcrumb":{"@id":"https:\/\/yoestudiosalud.es\/produit\/calibrador-vernier-digital\/#breadcrumb"},"inLanguage":"fr-FR","potentialAction":[{"@type":"ReadAction","target":["https:\/\/yoestudiosalud.es\/produit\/calibrador-vernier-digital\/"]}]},{"@type":"ImageObject","inLanguage":"fr-FR","@id":"https:\/\/yoestudiosalud.es\/produit\/calibrador-vernier-digital\/#primaryimage","url":"https:\/\/yoestudiosalud.es\/wp-content\/uploads\/2024\/06\/003830.jpg","contentUrl":"https:\/\/yoestudiosalud.es\/wp-content\/uploads\/2024\/06\/003830.jpg","width":1080,"height":1080,"caption":"PIED A COULISSE NUM\u00c9RIQUE"},{"@type":"BreadcrumbList","@id":"https:\/\/yoestudiosalud.es\/produit\/calibrador-vernier-digital\/#breadcrumb","itemListElement":[{"@type":"ListItem","position":1,"name":"Portada","item":"https:\/\/yoestudiosalud.es\/fr\/"},{"@type":"ListItem","position":2,"name":"Boutique","item":"https:\/\/yoestudiosalud.es\/fr\/boutique\/"},{"@type":"ListItem","position":3,"name":"PIED A COULISSE NUM\u00c9RIQUE"}]},{"@type":"WebSite","@id":"https:\/\/yoestudiosalud.es\/en\/#website","url":"https:\/\/yoestudiosalud.es\/en\/","name":"yoestudiosalud.es","description":"Material para estudiantes del sector salud","publisher":{"@id":"https:\/\/yoestudiosalud.es\/en\/#organization"},"potentialAction":[{"@type":"SearchAction","target":{"@type":"EntryPoint","urlTemplate":"https:\/\/yoestudiosalud.es\/en\/?s={search_term_string}"},"query-input":{"@type":"PropertyValueSpecification","valueRequired":true,"valueName":"search_term_string"}}],"inLanguage":"fr-FR"},{"@type":"Organization","@id":"https:\/\/yoestudiosalud.es\/en\/#organization","name":"yoestudiosalud.es","url":"https:\/\/yoestudiosalud.es\/en\/","logo":{"@type":"ImageObject","inLanguage":"fr-FR","@id":"https:\/\/yoestudiosalud.es\/en\/#\/schema\/logo\/image\/","url":"https:\/\/yoestudiosalud.es\/wp-content\/uploads\/2020\/04\/logonew-e1698080827687.png","contentUrl":"https:\/\/yoestudiosalud.es\/wp-content\/uploads\/2020\/04\/logonew-e1698080827687.png","width":421,"height":393,"caption":"yoestudiosalud.es"},"image":{"@id":"https:\/\/yoestudiosalud.es\/en\/#\/schema\/logo\/image\/"}}]}},"_links":{"self":[{"href":"https:\/\/yoestudiosalud.es\/fr\/wp-json\/wp\/v2\/product\/28283","targetHints":{"allow":["GET"]}}],"collection":[{"href":"https:\/\/yoestudiosalud.es\/fr\/wp-json\/wp\/v2\/product"}],"about":[{"href":"https:\/\/yoestudiosalud.es\/fr\/wp-json\/wp\/v2\/types\/product"}],"wp:featuredmedia":[{"embeddable":true,"href":"https:\/\/yoestudiosalud.es\/fr\/wp-json\/wp\/v2\/media\/28281"}],"wp:attachment":[{"href":"https:\/\/yoestudiosalud.es\/fr\/wp-json\/wp\/v2\/media?parent=28283"}],"wp:term":[{"taxonomy":"product_brand","embeddable":true,"href":"https:\/\/yoestudiosalud.es\/fr\/wp-json\/wp\/v2\/product_brand?post=28283"},{"taxonomy":"product_cat","embeddable":true,"href":"https:\/\/yoestudiosalud.es\/fr\/wp-json\/wp\/v2\/product_cat?post=28283"},{"taxonomy":"product_tag","embeddable":true,"href":"https:\/\/yoestudiosalud.es\/fr\/wp-json\/wp\/v2\/product_tag?post=28283"}],"curies":[{"name":"wp","href":"https:\/\/api.w.org\/{rel}","templated":true}]}}