{"id":28225,"date":"2018-07-12T17:20:47","date_gmt":"2018-07-12T17:20:47","guid":{"rendered":"https:\/\/yoestudiosalud.es\/producto\/curettes-universelle-columbia-4r-4l-hu-friedy\/"},"modified":"2024-05-29T11:31:04","modified_gmt":"2024-05-29T11:31:04","slug":"curettes-universelle-columbia-4r-4lsilver","status":"publish","type":"product","link":"https:\/\/yoestudiosalud.es\/fr\/produit\/curettes-universelle-columbia-4r-4lsilver\/","title":{"rendered":"CURETTES UNIVERSELLE COLUMBIA 4R\/4L<br>SILVER"},"content":{"rendered":"<p>La curette Hu-Friedy Columbia Silver 4R\/4L est un instrument manuel pour le traitement parodontal. Elle est indiqu\u00e9e pour l&#8217;\u00e9limination du tartre sur les surfaces post\u00e9rieures.<\/p>\n<p>Les curettes Columbia Silver de Hu-Friedy sont des outils de diagnostic et de traitement utilis\u00e9s en dentisterie. Leur conception sp\u00e9cifique permet d&#8217;acc\u00e9der \u00e0 diff\u00e9rentes zones de la bouche et d&#8217;\u00e9liminer avec une grande pr\u00e9cision le tartre et la plaque sur les surfaces radiculaires des dents.<\/p>\n<p>Les curettes Columbia ont une forme et une courbure uniques qui leur permettent d&#8217;atteindre les zones difficiles d&#8217;acc\u00e8s de la bouche. En outre, elles sont dot\u00e9es d&#8217;une pointe ac\u00e9r\u00e9e qui permet d&#8217;\u00e9liminer avec pr\u00e9cision le tartre et la plaque dentaire. Ces curettes sont fabriqu\u00e9es en acier inoxydable de haute qualit\u00e9, ce qui leur conf\u00e8re une longue dur\u00e9e de vie et des performances constantes.<\/p>\n<p>Les professionnels dentaires utilisent les curettes Columbia lors des traitements de d\u00e9tartrage et de surfa\u00e7age radiculaire, qui constituent un \u00e9l\u00e9ment essentiel du traitement de la parodontite. La parodontite est une maladie qui affecte les gencives et les tissus qui soutiennent les dents, et qui peut conduire \u00e0 la perte des dents.<\/p>\n<p>L&#8217;utilisation des curettes Columbia est tr\u00e8s importante pour l&#8217;\u00e9limination du tartre et de la plaque bact\u00e9rienne, car ces d\u00e9p\u00f4ts sont la cause principale des maladies parodontales. En outre, ces curettes sont id\u00e9ales pour l&#8217;\u00e9limination du tartre et de la plaque bact\u00e9rienne sur les surfaces radiculaires profondes et incurv\u00e9es.<\/p>\n<p>En r\u00e9sum\u00e9, les curettes Silver by Hu-Friedy Columbia sont un outil essentiel pour le diagnostic et le traitement de la parodontite. Leur conception sp\u00e9cifique et la pr\u00e9cision avec laquelle elles \u00e9liminent le tartre et la plaque sur les surfaces radiculaires en font un choix id\u00e9al pour les professionnels des soins dentaires. L&#8217;utilisation correcte de ces curettes peut contribuer \u00e0 pr\u00e9venir la perte de dents et \u00e0 maintenir une bonne sant\u00e9 bucco-dentaire.<\/p>\n","protected":false},"excerpt":{"rendered":"<p>La curette Hu-Friedy Columbia Silver 4R\/4L est un instrument manuel pour le traitement parodontal. Elle est indiqu\u00e9e pour l&#8217;\u00e9limination du tartre sur les surfaces post\u00e9rieures.<\/p>\n","protected":false},"featured_media":28226,"template":"","meta":[],"product_brand":[],"product_cat":[712],"product_tag":[689,692],"class_list":{"0":"post-28225","1":"product","2":"type-product","3":"status-publish","4":"has-post-thumbnail","6":"product_cat-periodontie-fr","7":"product_tag-ucv3","8":"product_tag-uev2","9":"pa_formacion-odontologia-fr","11":"first","12":"instock","13":"sale","14":"taxable","15":"shipping-taxable","16":"purchasable","17":"product-type-simple"},"yoast_head":"<!-- This site is optimized with the Yoast SEO Premium plugin v27.0 (Yoast SEO v27.4) - https:\/\/yoast.com\/product\/yoast-seo-premium-wordpress\/ -->\n<title>CURETTES UNIVERSELLE COLUMBIA 4R\/4LSILVER - yoestudiosalud.es<\/title>\n<meta name=\"description\" content=\"Les curettes Universelle SILVER Columbia 4R\/4L sont des instruments dentaires \u00e0 main pour le traitement parodontal.\" \/>\n<meta name=\"robots\" content=\"index, follow, max-snippet:-1, max-image-preview:large, max-video-preview:-1\" \/>\n<link rel=\"canonical\" href=\"https:\/\/yoestudiosalud.es\/fr\/produit\/curettes-universelle-columbia-4r-4lsilver\/\" \/>\n<meta property=\"og:locale\" content=\"fr_FR\" \/>\n<meta property=\"og:type\" content=\"article\" \/>\n<meta property=\"og:title\" content=\"CURETTES UNIVERSELLE COLUMBIA 4R\/4LSILVER\" \/>\n<meta property=\"og:description\" content=\"Les curettes Universelle SILVER Columbia 4R\/4L sont des instruments dentaires \u00e0 main pour le traitement parodontal.\" \/>\n<meta property=\"og:url\" content=\"https:\/\/yoestudiosalud.es\/fr\/produit\/curettes-universelle-columbia-4r-4lsilver\/\" \/>\n<meta property=\"og:site_name\" content=\"yoestudiosalud.es\" \/>\n<meta property=\"article:modified_time\" content=\"2024-05-29T11:31:04+00:00\" \/>\n<meta property=\"og:image\" content=\"https:\/\/yoestudiosalud.es\/wp-content\/uploads\/2018\/07\/002500.jpg\" \/>\n\t<meta property=\"og:image:width\" content=\"650\" \/>\n\t<meta property=\"og:image:height\" content=\"650\" \/>\n\t<meta property=\"og:image:type\" content=\"image\/jpeg\" \/>\n<meta name=\"twitter:card\" content=\"summary_large_image\" \/>\n<meta name=\"twitter:label1\" content=\"Dur\u00e9e de lecture estim\u00e9e\" \/>\n\t<meta name=\"twitter:data1\" content=\"2 minutes\" \/>\n<script type=\"application\/ld+json\" class=\"yoast-schema-graph\">{\"@context\":\"https:\\\/\\\/schema.org\",\"@graph\":[{\"@type\":\"WebPage\",\"@id\":\"https:\\\/\\\/yoestudiosalud.es\\\/fr\\\/produit\\\/curettes-universelle-columbia-4r-4lsilver\\\/\",\"url\":\"https:\\\/\\\/yoestudiosalud.es\\\/fr\\\/produit\\\/curettes-universelle-columbia-4r-4lsilver\\\/\",\"name\":\"CURETTES UNIVERSELLE COLUMBIA 4R\\\/4L SILVER - yoestudiosalud.es\",\"isPartOf\":{\"@id\":\"https:\\\/\\\/yoestudiosalud.es\\\/en\\\/#website\"},\"primaryImageOfPage\":{\"@id\":\"https:\\\/\\\/yoestudiosalud.es\\\/fr\\\/produit\\\/curettes-universelle-columbia-4r-4lsilver\\\/#primaryimage\"},\"image\":{\"@id\":\"https:\\\/\\\/yoestudiosalud.es\\\/fr\\\/produit\\\/curettes-universelle-columbia-4r-4lsilver\\\/#primaryimage\"},\"thumbnailUrl\":\"https:\\\/\\\/yoestudiosalud.es\\\/wp-content\\\/uploads\\\/2018\\\/07\\\/002500.jpg\",\"datePublished\":\"2018-07-12T17:20:47+00:00\",\"dateModified\":\"2024-05-29T11:31:04+00:00\",\"description\":\"Les curettes Universelle SILVER Columbia 4R\\\/4L sont des instruments dentaires \u00e0 main pour le traitement parodontal.\",\"breadcrumb\":{\"@id\":\"https:\\\/\\\/yoestudiosalud.es\\\/fr\\\/produit\\\/curettes-universelle-columbia-4r-4lsilver\\\/#breadcrumb\"},\"inLanguage\":\"fr-FR\",\"potentialAction\":[{\"@type\":\"ReadAction\",\"target\":[\"https:\\\/\\\/yoestudiosalud.es\\\/fr\\\/produit\\\/curettes-universelle-columbia-4r-4lsilver\\\/\"]}]},{\"@type\":\"ImageObject\",\"inLanguage\":\"fr-FR\",\"@id\":\"https:\\\/\\\/yoestudiosalud.es\\\/fr\\\/produit\\\/curettes-universelle-columbia-4r-4lsilver\\\/#primaryimage\",\"url\":\"https:\\\/\\\/yoestudiosalud.es\\\/wp-content\\\/uploads\\\/2018\\\/07\\\/002500.jpg\",\"contentUrl\":\"https:\\\/\\\/yoestudiosalud.es\\\/wp-content\\\/uploads\\\/2018\\\/07\\\/002500.jpg\",\"width\":650,\"height\":650,\"caption\":\"CURETTES UNIVERSELLE COLUMBIA 4R\\\/4L SILVER\"},{\"@type\":\"BreadcrumbList\",\"@id\":\"https:\\\/\\\/yoestudiosalud.es\\\/fr\\\/produit\\\/curettes-universelle-columbia-4r-4lsilver\\\/#breadcrumb\",\"itemListElement\":[{\"@type\":\"ListItem\",\"position\":1,\"name\":\"Portada\",\"item\":\"https:\\\/\\\/yoestudiosalud.es\\\/fr\\\/\"},{\"@type\":\"ListItem\",\"position\":2,\"name\":\"Boutique\",\"item\":\"https:\\\/\\\/yoestudiosalud.es\\\/fr\\\/boutique\\\/\"},{\"@type\":\"ListItem\",\"position\":3,\"name\":\"CURETTES UNIVERSELLE COLUMBIA 4R\\\/4LSILVER\"}]},{\"@type\":\"WebSite\",\"@id\":\"https:\\\/\\\/yoestudiosalud.es\\\/en\\\/#website\",\"url\":\"https:\\\/\\\/yoestudiosalud.es\\\/en\\\/\",\"name\":\"yoestudiosalud.es\",\"description\":\"Material para estudiantes del sector salud\",\"publisher\":{\"@id\":\"https:\\\/\\\/yoestudiosalud.es\\\/en\\\/#organization\"},\"potentialAction\":[{\"@type\":\"SearchAction\",\"target\":{\"@type\":\"EntryPoint\",\"urlTemplate\":\"https:\\\/\\\/yoestudiosalud.es\\\/en\\\/?s={search_term_string}\"},\"query-input\":{\"@type\":\"PropertyValueSpecification\",\"valueRequired\":true,\"valueName\":\"search_term_string\"}}],\"inLanguage\":\"fr-FR\"},{\"@type\":\"Organization\",\"@id\":\"https:\\\/\\\/yoestudiosalud.es\\\/en\\\/#organization\",\"name\":\"yoestudiosalud.es\",\"url\":\"https:\\\/\\\/yoestudiosalud.es\\\/en\\\/\",\"logo\":{\"@type\":\"ImageObject\",\"inLanguage\":\"fr-FR\",\"@id\":\"https:\\\/\\\/yoestudiosalud.es\\\/en\\\/#\\\/schema\\\/logo\\\/image\\\/\",\"url\":\"https:\\\/\\\/yoestudiosalud.es\\\/wp-content\\\/uploads\\\/2020\\\/04\\\/logonew-e1698080827687.png\",\"contentUrl\":\"https:\\\/\\\/yoestudiosalud.es\\\/wp-content\\\/uploads\\\/2020\\\/04\\\/logonew-e1698080827687.png\",\"width\":421,\"height\":393,\"caption\":\"yoestudiosalud.es\"},\"image\":{\"@id\":\"https:\\\/\\\/yoestudiosalud.es\\\/en\\\/#\\\/schema\\\/logo\\\/image\\\/\"}}]}<\/script>\n<!-- \/ Yoast SEO Premium plugin. -->","yoast_head_json":{"title":"CURETTES UNIVERSELLE COLUMBIA 4R\/4LSILVER - yoestudiosalud.es","description":"Les curettes Universelle SILVER Columbia 4R\/4L sont des instruments dentaires \u00e0 main pour le traitement parodontal.","robots":{"index":"index","follow":"follow","max-snippet":"max-snippet:-1","max-image-preview":"max-image-preview:large","max-video-preview":"max-video-preview:-1"},"canonical":"https:\/\/yoestudiosalud.es\/fr\/produit\/curettes-universelle-columbia-4r-4lsilver\/","og_locale":"fr_FR","og_type":"article","og_title":"CURETTES UNIVERSELLE COLUMBIA 4R\/4LSILVER","og_description":"Les curettes Universelle SILVER Columbia 4R\/4L sont des instruments dentaires \u00e0 main pour le traitement parodontal.","og_url":"https:\/\/yoestudiosalud.es\/fr\/produit\/curettes-universelle-columbia-4r-4lsilver\/","og_site_name":"yoestudiosalud.es","article_modified_time":"2024-05-29T11:31:04+00:00","og_image":[{"width":650,"height":650,"url":"https:\/\/yoestudiosalud.es\/wp-content\/uploads\/2018\/07\/002500.jpg","type":"image\/jpeg"}],"twitter_card":"summary_large_image","twitter_misc":{"Dur\u00e9e de lecture estim\u00e9e":"2 minutes"},"schema":{"@context":"https:\/\/schema.org","@graph":[{"@type":"WebPage","@id":"https:\/\/yoestudiosalud.es\/fr\/produit\/curettes-universelle-columbia-4r-4lsilver\/","url":"https:\/\/yoestudiosalud.es\/fr\/produit\/curettes-universelle-columbia-4r-4lsilver\/","name":"CURETTES UNIVERSELLE COLUMBIA 4R\/4L SILVER - yoestudiosalud.es","isPartOf":{"@id":"https:\/\/yoestudiosalud.es\/en\/#website"},"primaryImageOfPage":{"@id":"https:\/\/yoestudiosalud.es\/fr\/produit\/curettes-universelle-columbia-4r-4lsilver\/#primaryimage"},"image":{"@id":"https:\/\/yoestudiosalud.es\/fr\/produit\/curettes-universelle-columbia-4r-4lsilver\/#primaryimage"},"thumbnailUrl":"https:\/\/yoestudiosalud.es\/wp-content\/uploads\/2018\/07\/002500.jpg","datePublished":"2018-07-12T17:20:47+00:00","dateModified":"2024-05-29T11:31:04+00:00","description":"Les curettes Universelle SILVER Columbia 4R\/4L sont des instruments dentaires \u00e0 main pour le traitement parodontal.","breadcrumb":{"@id":"https:\/\/yoestudiosalud.es\/fr\/produit\/curettes-universelle-columbia-4r-4lsilver\/#breadcrumb"},"inLanguage":"fr-FR","potentialAction":[{"@type":"ReadAction","target":["https:\/\/yoestudiosalud.es\/fr\/produit\/curettes-universelle-columbia-4r-4lsilver\/"]}]},{"@type":"ImageObject","inLanguage":"fr-FR","@id":"https:\/\/yoestudiosalud.es\/fr\/produit\/curettes-universelle-columbia-4r-4lsilver\/#primaryimage","url":"https:\/\/yoestudiosalud.es\/wp-content\/uploads\/2018\/07\/002500.jpg","contentUrl":"https:\/\/yoestudiosalud.es\/wp-content\/uploads\/2018\/07\/002500.jpg","width":650,"height":650,"caption":"CURETTES UNIVERSELLE COLUMBIA 4R\/4L SILVER"},{"@type":"BreadcrumbList","@id":"https:\/\/yoestudiosalud.es\/fr\/produit\/curettes-universelle-columbia-4r-4lsilver\/#breadcrumb","itemListElement":[{"@type":"ListItem","position":1,"name":"Portada","item":"https:\/\/yoestudiosalud.es\/fr\/"},{"@type":"ListItem","position":2,"name":"Boutique","item":"https:\/\/yoestudiosalud.es\/fr\/boutique\/"},{"@type":"ListItem","position":3,"name":"CURETTES UNIVERSELLE COLUMBIA 4R\/4LSILVER"}]},{"@type":"WebSite","@id":"https:\/\/yoestudiosalud.es\/en\/#website","url":"https:\/\/yoestudiosalud.es\/en\/","name":"yoestudiosalud.es","description":"Material para estudiantes del sector salud","publisher":{"@id":"https:\/\/yoestudiosalud.es\/en\/#organization"},"potentialAction":[{"@type":"SearchAction","target":{"@type":"EntryPoint","urlTemplate":"https:\/\/yoestudiosalud.es\/en\/?s={search_term_string}"},"query-input":{"@type":"PropertyValueSpecification","valueRequired":true,"valueName":"search_term_string"}}],"inLanguage":"fr-FR"},{"@type":"Organization","@id":"https:\/\/yoestudiosalud.es\/en\/#organization","name":"yoestudiosalud.es","url":"https:\/\/yoestudiosalud.es\/en\/","logo":{"@type":"ImageObject","inLanguage":"fr-FR","@id":"https:\/\/yoestudiosalud.es\/en\/#\/schema\/logo\/image\/","url":"https:\/\/yoestudiosalud.es\/wp-content\/uploads\/2020\/04\/logonew-e1698080827687.png","contentUrl":"https:\/\/yoestudiosalud.es\/wp-content\/uploads\/2020\/04\/logonew-e1698080827687.png","width":421,"height":393,"caption":"yoestudiosalud.es"},"image":{"@id":"https:\/\/yoestudiosalud.es\/en\/#\/schema\/logo\/image\/"}}]}},"_links":{"self":[{"href":"https:\/\/yoestudiosalud.es\/fr\/wp-json\/wp\/v2\/product\/28225","targetHints":{"allow":["GET"]}}],"collection":[{"href":"https:\/\/yoestudiosalud.es\/fr\/wp-json\/wp\/v2\/product"}],"about":[{"href":"https:\/\/yoestudiosalud.es\/fr\/wp-json\/wp\/v2\/types\/product"}],"wp:featuredmedia":[{"embeddable":true,"href":"https:\/\/yoestudiosalud.es\/fr\/wp-json\/wp\/v2\/media\/28226"}],"wp:attachment":[{"href":"https:\/\/yoestudiosalud.es\/fr\/wp-json\/wp\/v2\/media?parent=28225"}],"wp:term":[{"taxonomy":"product_brand","embeddable":true,"href":"https:\/\/yoestudiosalud.es\/fr\/wp-json\/wp\/v2\/product_brand?post=28225"},{"taxonomy":"product_cat","embeddable":true,"href":"https:\/\/yoestudiosalud.es\/fr\/wp-json\/wp\/v2\/product_cat?post=28225"},{"taxonomy":"product_tag","embeddable":true,"href":"https:\/\/yoestudiosalud.es\/fr\/wp-json\/wp\/v2\/product_tag?post=28225"}],"curies":[{"name":"wp","href":"https:\/\/api.w.org\/{rel}","templated":true}]}}