{"id":28038,"date":"2024-04-29T16:08:23","date_gmt":"2024-04-29T16:08:23","guid":{"rendered":"https:\/\/yoestudiosalud.es\/producto\/arc-young-en-metal-pour-enfants\/"},"modified":"2025-06-17T22:17:48","modified_gmt":"2025-06-17T20:17:48","slug":"arco-de-young-metalico-infantil","status":"publish","type":"product","link":"https:\/\/yoestudiosalud.es\/fr\/produit\/arco-de-young-metalico-infantil\/","title":{"rendered":"Arche m\u00e9tallique de Young pour enfants"},"content":{"rendered":"<p>Arche m\u00e9tallique de Young pour enfants<\/p>\n<p>L\u2019arche m\u00e9tallique de Young pour enfants est un instrument dentaire utilis\u00e9 pour isoler la cavit\u00e9 buccale lors des proc\u00e9dures p\u00e9diatriques.<\/p>\n<p>Fabriqu\u00e9 en acier inoxydable de haute qualit\u00e9, il se compose d\u2019un arc en forme de &#8220;U&#8221; flexible qui s\u2019adapte \u00e0 la bouche de l\u2019enfant. Il poss\u00e8de de petites pointes m\u00e9talliques qui maintiennent la digue en place, la tendent et garantissent une position id\u00e9ale pour effectuer les soins dentaires en toute s\u00e9curit\u00e9, tant pour le professionnel que pour le patient. Sa petite taille est adapt\u00e9e aux dimensions de la bouche des enfants.<\/p>\n<p>L\u2019objectif principal de l\u2019arche de Young m\u00e9tallique infantile est d\u2019isoler la zone de travail en la s\u00e9parant de la langue et des joues. Cela am\u00e9liore la visibilit\u00e9 et l\u2019acc\u00e8s aux dents \u00e0 traiter, facilitant ainsi des interventions pr\u00e9cises et efficaces. De plus, il pr\u00e9vient la contamination de la zone avec la salive et autres fluides buccaux, maintenant un environnement st\u00e9rile et r\u00e9duisant le risque d\u2019infection.<\/p>\n<p>Cet instrument est particuli\u00e8rement utile pour les restaurations en composite, la pose de scellants, le traitement des caries et autres interventions n\u00e9cessitant un champ sec et contr\u00f4l\u00e9 en odontologie p\u00e9diatrique.<\/p>\n<p>En r\u00e9sum\u00e9, l\u2019arche m\u00e9tallique de Young pour enfants est indispensable pour l\u2019isolation de la cavit\u00e9 buccale, offrant un environnement sec, contr\u00f4l\u00e9, isol\u00e9 et s\u00e9curis\u00e9 pour le dentiste.<\/p>\n<p><strong>Caract\u00e9ristiques :<\/strong><br \/>\n&#8211; Acier inoxydable de haute qualit\u00e9 et r\u00e9sistance.<br \/>\n&#8211; Dimensions adapt\u00e9es \u00e0 la p\u00e9diatrie : 7,5 cm partie ant\u00e9rieure x 8 cm largeur partie post\u00e9rieure, profondeur de 7,5 cm.<br \/>\n&#8211; St\u00e9rilisable en autoclave.<br \/>\n&#8211; Essentiel pour les techniques d\u2019isolement de champ en odontop\u00e9diatrie.<\/p>\n","protected":false},"excerpt":{"rendered":"<div class=\"flex flex-grow flex-col max-w-full\">\n<div class=\"min-h-[20px] text-message flex flex-col items-start gap-3 whitespace-pre-wrap break-words [.text-message+&amp;]:mt-5 overflow-x-auto\" dir=\"auto\" data-message-author-role=\"assistant\" data-message-id=\"4d9fd52a-82ba-4925-a283-643fa40ec17f\">\n<div class=\"markdown prose w-full break-words dark:prose-invert light\">\n<p>L\u2019arche m\u00e9tallique de Young pour enfants est un instrument dentaire utilis\u00e9 pour l\u2019isolement de la cavit\u00e9 buccale lors des proc\u00e9dures dentaires p\u00e9diatriques. Sa capacit\u00e9 \u00e0 fournir un environnement sec et contr\u00f4l\u00e9 dans la bouche de l\u2019enfant contribue \u00e0 am\u00e9liorer la qualit\u00e9 et l\u2019efficacit\u00e9 des traitements dentaires, tout en garantissant le confort et la s\u00e9curit\u00e9 du patient.<\/p>\n<\/p><\/div>\n<\/p><\/div>\n<\/div>\n<div class=\"mt-1 flex gap-3 empty:hidden\">\n<div class=\"text-gray-400 flex self-end lg:self-center items-center justify-center lg:justify-start mt-0 -ml-1 h-7 gap-[2px] visible\"><\/div>\n<\/div>\n","protected":false},"featured_media":28041,"template":"","meta":[],"product_brand":[],"product_cat":[671,680,681,710,720],"product_tag":[],"class_list":{"0":"post-28038","1":"product","2":"type-product","3":"status-publish","4":"has-post-thumbnail","6":"product_cat-instrumental-fr","7":"product_cat-endodontie-fr","8":"product_cat-chirurgie-fr","9":"product_cat-odontologie-fr","10":"product_cat-instrumentalv-fr","11":"pa_formacion-odontologia-fr","13":"first","14":"instock","15":"sale","16":"taxable","17":"shipping-taxable","18":"purchasable","19":"product-type-simple"},"yoast_head":"<!-- This site is optimized with the Yoast SEO Premium plugin v27.0 (Yoast SEO v27.2) - https:\/\/yoast.com\/product\/yoast-seo-premium-wordpress\/ -->\n<title>Arche m\u00e9tallique de Young pour enfants - yoestudiosalud.es<\/title>\n<meta name=\"description\" content=\"El arco de Young met\u00e1lico infantil \u00fatil para el aislamiento de la cavidad oral durante procedimientos dentales pedi\u00e1tricos.\u00a0C\u00f3mpralo online !\" \/>\n<meta name=\"robots\" content=\"index, follow, max-snippet:-1, max-image-preview:large, max-video-preview:-1\" \/>\n<link rel=\"canonical\" href=\"https:\/\/yoestudiosalud.es\/fr\/produit\/arco-de-young-metalico-infantil\/\" \/>\n<meta property=\"og:locale\" content=\"fr_FR\" \/>\n<meta property=\"og:type\" content=\"article\" \/>\n<meta property=\"og:title\" content=\"Arche m\u00e9tallique de Young pour enfants\" \/>\n<meta property=\"og:description\" content=\"El arco de Young met\u00e1lico infantil \u00fatil para el aislamiento de la cavidad oral durante procedimientos dentales pedi\u00e1tricos.\u00a0C\u00f3mpralo online !\" \/>\n<meta property=\"og:url\" content=\"https:\/\/yoestudiosalud.es\/fr\/produit\/arco-de-young-metalico-infantil\/\" \/>\n<meta property=\"og:site_name\" content=\"yoestudiosalud.es\" \/>\n<meta property=\"article:modified_time\" content=\"2025-06-17T20:17:48+00:00\" \/>\n<meta property=\"og:image\" content=\"https:\/\/yoestudiosalud.es\/wp-content\/uploads\/2024\/04\/005043.jpg\" \/>\n\t<meta property=\"og:image:width\" content=\"800\" \/>\n\t<meta property=\"og:image:height\" content=\"800\" \/>\n\t<meta property=\"og:image:type\" content=\"image\/jpeg\" \/>\n<meta name=\"twitter:card\" content=\"summary_large_image\" \/>\n<meta name=\"twitter:label1\" content=\"Dur\u00e9e de lecture estim\u00e9e\" \/>\n\t<meta name=\"twitter:data1\" content=\"2 minutes\" \/>\n<script type=\"application\/ld+json\" class=\"yoast-schema-graph\">{\"@context\":\"https:\/\/schema.org\",\"@graph\":[{\"@type\":\"WebPage\",\"@id\":\"https:\/\/yoestudiosalud.es\/fr\/produit\/arco-de-young-metalico-infantil\/\",\"url\":\"https:\/\/yoestudiosalud.es\/fr\/produit\/arco-de-young-metalico-infantil\/\",\"name\":\"Arche m\u00e9tallique de Young pour enfants - yoestudiosalud.es\",\"isPartOf\":{\"@id\":\"https:\/\/yoestudiosalud.es\/en\/#website\"},\"primaryImageOfPage\":{\"@id\":\"https:\/\/yoestudiosalud.es\/fr\/produit\/arco-de-young-metalico-infantil\/#primaryimage\"},\"image\":{\"@id\":\"https:\/\/yoestudiosalud.es\/fr\/produit\/arco-de-young-metalico-infantil\/#primaryimage\"},\"thumbnailUrl\":\"https:\/\/yoestudiosalud.es\/wp-content\/uploads\/2024\/04\/005043.jpg\",\"datePublished\":\"2024-04-29T16:08:23+00:00\",\"dateModified\":\"2025-06-17T20:17:48+00:00\",\"description\":\"El arco de Young met\u00e1lico infantil \u00fatil para el aislamiento de la cavidad oral durante procedimientos dentales pedi\u00e1tricos.\u00a0C\u00f3mpralo online !\",\"breadcrumb\":{\"@id\":\"https:\/\/yoestudiosalud.es\/fr\/produit\/arco-de-young-metalico-infantil\/#breadcrumb\"},\"inLanguage\":\"fr-FR\",\"potentialAction\":[{\"@type\":\"ReadAction\",\"target\":[\"https:\/\/yoestudiosalud.es\/fr\/produit\/arco-de-young-metalico-infantil\/\"]}]},{\"@type\":\"ImageObject\",\"inLanguage\":\"fr-FR\",\"@id\":\"https:\/\/yoestudiosalud.es\/fr\/produit\/arco-de-young-metalico-infantil\/#primaryimage\",\"url\":\"https:\/\/yoestudiosalud.es\/wp-content\/uploads\/2024\/04\/005043.jpg\",\"contentUrl\":\"https:\/\/yoestudiosalud.es\/wp-content\/uploads\/2024\/04\/005043.jpg\",\"width\":800,\"height\":800,\"caption\":\"ARCO DE YOUNG MET\u00c1LICO INFANTIL\"},{\"@type\":\"BreadcrumbList\",\"@id\":\"https:\/\/yoestudiosalud.es\/fr\/produit\/arco-de-young-metalico-infantil\/#breadcrumb\",\"itemListElement\":[{\"@type\":\"ListItem\",\"position\":1,\"name\":\"Portada\",\"item\":\"https:\/\/yoestudiosalud.es\/fr\/\"},{\"@type\":\"ListItem\",\"position\":2,\"name\":\"Boutique\",\"item\":\"https:\/\/yoestudiosalud.es\/fr\/boutique\/\"},{\"@type\":\"ListItem\",\"position\":3,\"name\":\"Arche m\u00e9tallique de Young pour enfants\"}]},{\"@type\":\"WebSite\",\"@id\":\"https:\/\/yoestudiosalud.es\/en\/#website\",\"url\":\"https:\/\/yoestudiosalud.es\/en\/\",\"name\":\"yoestudiosalud.es\",\"description\":\"Material para estudiantes del sector salud\",\"publisher\":{\"@id\":\"https:\/\/yoestudiosalud.es\/en\/#organization\"},\"potentialAction\":[{\"@type\":\"SearchAction\",\"target\":{\"@type\":\"EntryPoint\",\"urlTemplate\":\"https:\/\/yoestudiosalud.es\/en\/?s={search_term_string}\"},\"query-input\":{\"@type\":\"PropertyValueSpecification\",\"valueRequired\":true,\"valueName\":\"search_term_string\"}}],\"inLanguage\":\"fr-FR\"},{\"@type\":\"Organization\",\"@id\":\"https:\/\/yoestudiosalud.es\/en\/#organization\",\"name\":\"yoestudiosalud.es\",\"url\":\"https:\/\/yoestudiosalud.es\/en\/\",\"logo\":{\"@type\":\"ImageObject\",\"inLanguage\":\"fr-FR\",\"@id\":\"https:\/\/yoestudiosalud.es\/en\/#\/schema\/logo\/image\/\",\"url\":\"https:\/\/yoestudiosalud.es\/wp-content\/uploads\/2020\/04\/logonew-e1698080827687.png\",\"contentUrl\":\"https:\/\/yoestudiosalud.es\/wp-content\/uploads\/2020\/04\/logonew-e1698080827687.png\",\"width\":421,\"height\":393,\"caption\":\"yoestudiosalud.es\"},\"image\":{\"@id\":\"https:\/\/yoestudiosalud.es\/en\/#\/schema\/logo\/image\/\"}}]}<\/script>\n<!-- \/ Yoast SEO Premium plugin. -->","yoast_head_json":{"title":"Arche m\u00e9tallique de Young pour enfants - yoestudiosalud.es","description":"El arco de Young met\u00e1lico infantil \u00fatil para el aislamiento de la cavidad oral durante procedimientos dentales pedi\u00e1tricos.\u00a0C\u00f3mpralo online !","robots":{"index":"index","follow":"follow","max-snippet":"max-snippet:-1","max-image-preview":"max-image-preview:large","max-video-preview":"max-video-preview:-1"},"canonical":"https:\/\/yoestudiosalud.es\/fr\/produit\/arco-de-young-metalico-infantil\/","og_locale":"fr_FR","og_type":"article","og_title":"Arche m\u00e9tallique de Young pour enfants","og_description":"El arco de Young met\u00e1lico infantil \u00fatil para el aislamiento de la cavidad oral durante procedimientos dentales pedi\u00e1tricos.\u00a0C\u00f3mpralo online !","og_url":"https:\/\/yoestudiosalud.es\/fr\/produit\/arco-de-young-metalico-infantil\/","og_site_name":"yoestudiosalud.es","article_modified_time":"2025-06-17T20:17:48+00:00","og_image":[{"width":800,"height":800,"url":"https:\/\/yoestudiosalud.es\/wp-content\/uploads\/2024\/04\/005043.jpg","type":"image\/jpeg"}],"twitter_card":"summary_large_image","twitter_misc":{"Dur\u00e9e de lecture estim\u00e9e":"2 minutes"},"schema":{"@context":"https:\/\/schema.org","@graph":[{"@type":"WebPage","@id":"https:\/\/yoestudiosalud.es\/fr\/produit\/arco-de-young-metalico-infantil\/","url":"https:\/\/yoestudiosalud.es\/fr\/produit\/arco-de-young-metalico-infantil\/","name":"Arche m\u00e9tallique de Young pour enfants - yoestudiosalud.es","isPartOf":{"@id":"https:\/\/yoestudiosalud.es\/en\/#website"},"primaryImageOfPage":{"@id":"https:\/\/yoestudiosalud.es\/fr\/produit\/arco-de-young-metalico-infantil\/#primaryimage"},"image":{"@id":"https:\/\/yoestudiosalud.es\/fr\/produit\/arco-de-young-metalico-infantil\/#primaryimage"},"thumbnailUrl":"https:\/\/yoestudiosalud.es\/wp-content\/uploads\/2024\/04\/005043.jpg","datePublished":"2024-04-29T16:08:23+00:00","dateModified":"2025-06-17T20:17:48+00:00","description":"El arco de Young met\u00e1lico infantil \u00fatil para el aislamiento de la cavidad oral durante procedimientos dentales pedi\u00e1tricos.\u00a0C\u00f3mpralo online !","breadcrumb":{"@id":"https:\/\/yoestudiosalud.es\/fr\/produit\/arco-de-young-metalico-infantil\/#breadcrumb"},"inLanguage":"fr-FR","potentialAction":[{"@type":"ReadAction","target":["https:\/\/yoestudiosalud.es\/fr\/produit\/arco-de-young-metalico-infantil\/"]}]},{"@type":"ImageObject","inLanguage":"fr-FR","@id":"https:\/\/yoestudiosalud.es\/fr\/produit\/arco-de-young-metalico-infantil\/#primaryimage","url":"https:\/\/yoestudiosalud.es\/wp-content\/uploads\/2024\/04\/005043.jpg","contentUrl":"https:\/\/yoestudiosalud.es\/wp-content\/uploads\/2024\/04\/005043.jpg","width":800,"height":800,"caption":"ARCO DE YOUNG MET\u00c1LICO INFANTIL"},{"@type":"BreadcrumbList","@id":"https:\/\/yoestudiosalud.es\/fr\/produit\/arco-de-young-metalico-infantil\/#breadcrumb","itemListElement":[{"@type":"ListItem","position":1,"name":"Portada","item":"https:\/\/yoestudiosalud.es\/fr\/"},{"@type":"ListItem","position":2,"name":"Boutique","item":"https:\/\/yoestudiosalud.es\/fr\/boutique\/"},{"@type":"ListItem","position":3,"name":"Arche m\u00e9tallique de Young pour enfants"}]},{"@type":"WebSite","@id":"https:\/\/yoestudiosalud.es\/en\/#website","url":"https:\/\/yoestudiosalud.es\/en\/","name":"yoestudiosalud.es","description":"Material para estudiantes del sector salud","publisher":{"@id":"https:\/\/yoestudiosalud.es\/en\/#organization"},"potentialAction":[{"@type":"SearchAction","target":{"@type":"EntryPoint","urlTemplate":"https:\/\/yoestudiosalud.es\/en\/?s={search_term_string}"},"query-input":{"@type":"PropertyValueSpecification","valueRequired":true,"valueName":"search_term_string"}}],"inLanguage":"fr-FR"},{"@type":"Organization","@id":"https:\/\/yoestudiosalud.es\/en\/#organization","name":"yoestudiosalud.es","url":"https:\/\/yoestudiosalud.es\/en\/","logo":{"@type":"ImageObject","inLanguage":"fr-FR","@id":"https:\/\/yoestudiosalud.es\/en\/#\/schema\/logo\/image\/","url":"https:\/\/yoestudiosalud.es\/wp-content\/uploads\/2020\/04\/logonew-e1698080827687.png","contentUrl":"https:\/\/yoestudiosalud.es\/wp-content\/uploads\/2020\/04\/logonew-e1698080827687.png","width":421,"height":393,"caption":"yoestudiosalud.es"},"image":{"@id":"https:\/\/yoestudiosalud.es\/en\/#\/schema\/logo\/image\/"}}]}},"_links":{"self":[{"href":"https:\/\/yoestudiosalud.es\/fr\/wp-json\/wp\/v2\/product\/28038","targetHints":{"allow":["GET"]}}],"collection":[{"href":"https:\/\/yoestudiosalud.es\/fr\/wp-json\/wp\/v2\/product"}],"about":[{"href":"https:\/\/yoestudiosalud.es\/fr\/wp-json\/wp\/v2\/types\/product"}],"wp:featuredmedia":[{"embeddable":true,"href":"https:\/\/yoestudiosalud.es\/fr\/wp-json\/wp\/v2\/media\/28041"}],"wp:attachment":[{"href":"https:\/\/yoestudiosalud.es\/fr\/wp-json\/wp\/v2\/media?parent=28038"}],"wp:term":[{"taxonomy":"product_brand","embeddable":true,"href":"https:\/\/yoestudiosalud.es\/fr\/wp-json\/wp\/v2\/product_brand?post=28038"},{"taxonomy":"product_cat","embeddable":true,"href":"https:\/\/yoestudiosalud.es\/fr\/wp-json\/wp\/v2\/product_cat?post=28038"},{"taxonomy":"product_tag","embeddable":true,"href":"https:\/\/yoestudiosalud.es\/fr\/wp-json\/wp\/v2\/product_tag?post=28038"}],"curies":[{"name":"wp","href":"https:\/\/api.w.org\/{rel}","templated":true}]}}