{"id":27989,"date":"2018-07-12T17:21:00","date_gmt":"2018-07-12T17:21:00","guid":{"rendered":"https:\/\/yoestudiosalud.es\/producto\/kit-dexamen-neurologique\/"},"modified":"2024-04-25T11:22:02","modified_gmt":"2024-04-25T11:22:02","slug":"kit-dexamen-neurologique","status":"publish","type":"product","link":"https:\/\/yoestudiosalud.es\/fr\/produit\/kit-dexamen-neurologique\/","title":{"rendered":"KIT D&#8217;EXAMEN NEUROLOGIQUE"},"content":{"rendered":"<p>Le kit d&#8217;examen neurologique est indispensable au personnel soignant, aux m\u00e9decins ou aux neurologues pour r\u00e9aliser une \u00e9valuation du patient. Le kit comprend le marteau Buck, le marteau Taylor et le marteau Babinsky, chacun ayant sa propre utilit\u00e9 de diagnostic pour \u00e9valuer le syst\u00e8me nerveux.<\/p>\n<p>Le marteau Buck, ou marteau \u00e0 r\u00e9flexes, est un instrument \u00e0 percussion dot\u00e9 d&#8217;extr\u00e9mit\u00e9s en caoutchouc utilis\u00e9 pour \u00e9valuer les r\u00e9flexes tendineux profonds. En tapotant doucement sur le tendon, comme le tendon rotulien du genou, la r\u00e9ponse musculaire et la sensibilit\u00e9 r\u00e9flexe peuvent \u00eatre observ\u00e9es. Cela fournit des informations pr\u00e9cieuses sur l\u2019int\u00e9grit\u00e9 de la moelle \u00e9pini\u00e8re et des nerfs p\u00e9riph\u00e9riques. Ce qui pr\u00e9c\u00e8de aide au diagnostic d\u2019affections telles que la scl\u00e9rose en plaques, les l\u00e9sions de la moelle \u00e9pini\u00e8re ou la neuropathie p\u00e9riph\u00e9rique. Il comprend \u00e9galement des accessoires tels que la brosse et l&#8217;aiguille pour \u00e9valuer la sensibilit\u00e9 cutan\u00e9e superficielle et profonde.<\/p>\n<p>D&#8217;autre part, le marteau Taylor, \u00e9galement connu sous le nom de marteau \u00e0 percussion, est utilis\u00e9 pour \u00e9valuer la sensibilit\u00e9 cutan\u00e9e et la r\u00e9ponse r\u00e9flexe dans les zones plus sensibles du corps, comme les tendons de l&#8217;avant-bras ou les muscles du visage. En tapotant doucement la peau dans ces zones, diff\u00e9rentes r\u00e9ponses peuvent \u00eatre \u00e9valu\u00e9es, comme le r\u00e9flexe de sevrage ou la r\u00e9ponse r\u00e9flexe cutan\u00e9o-abdominal, fournissant des informations sur l&#8217;\u00e9tat du syst\u00e8me nerveux p\u00e9riph\u00e9rique et la fonction motrice.<\/p>\n<p>Enfin, le marteau Babinsky est un instrument sp\u00e9cialis\u00e9 utilis\u00e9 pour \u00e9valuer le r\u00e9flexe plantaire. En passant doucement l\u2019extr\u00e9mit\u00e9 du marteau le long de la plante du pied, on observe la r\u00e9ponse du gros orteil. Une r\u00e9ponse sous forme d\u2019extension du gros orteil, plut\u00f4t que de flexion normale, peut \u00eatre le signe d\u2019une l\u00e9sion du tractus pyramidal. Elle peut aider \u00e0 diagnostiquer des pathologies telles que la scl\u00e9rose lat\u00e9rale amyotrophique ou la scl\u00e9rose en plaques.<\/p>\n<p>En r\u00e9sum\u00e9, le kit d&#8217;examen neurologique qui comprend le marteau Buck, le marteau Taylor et le marteau Babinsky est un outil pr\u00e9cieux pour \u00e9valuer la fonction neurologique et diagnostiquer une grande vari\u00e9t\u00e9 de troubles du syst\u00e8me nerveux central et p\u00e9riph\u00e9rique. Ces instruments fournissent des informations cruciales qui aident les m\u00e9decins \u00e0 d\u00e9terminer le d\u00e9roulement du traitement et \u00e0 prodiguer des soins appropri\u00e9s aux patients souffrant de troubles neurologiques.<\/p>\n<h5>Contenu et caract\u00e9ristiques du Kit d&#8217;Examen Neurologique :<\/h5>\n<ul>\n<li>Marteau \u00e0 deux t\u00eates en caoutchouc, compact et l\u00e9ger. manche qui int\u00e8gre une aiguille et un pinceau.<\/li>\n<li>Marteau Taylor avec pointe ac\u00e9r\u00e9e au bout du manche et t\u00eate triangulaire en PVC, 20 cm.<\/li>\n<li>Marteau Babinsky \u00e0 t\u00eate externe en caoutchouc, r\u00e9glable dans deux directions gr\u00e2ce \u00e0 un filetage. 24 cm de longueur x 5 cm de diam\u00e8tre<\/li>\n<\/ul>\n","protected":false},"excerpt":{"rendered":"<p>Le kit d&#8217;examen neurologique comprend le marteau Buck, le marteau Taylor et le marteau Babinsky, chacun ayant sa propre utilit\u00e9 diagnostique dans l&#8217;\u00e9valuation du syst\u00e8me nerveux central et p\u00e9riph\u00e9rique.<\/p>\n","protected":false},"featured_media":7417,"template":"","meta":[],"product_brand":[],"product_cat":[723],"product_tag":[],"class_list":{"0":"post-27989","1":"product","2":"type-product","3":"status-publish","4":"has-post-thumbnail","6":"product_cat-equipmentm-fr","7":"pa_formacion-medicina-fr","9":"first","10":"instock","11":"sale","12":"taxable","13":"shipping-taxable","14":"purchasable","15":"product-type-simple"},"yoast_head":"<!-- This site is optimized with the Yoast SEO Premium plugin v27.0 (Yoast SEO v27.2) - https:\/\/yoast.com\/product\/yoast-seo-premium-wordpress\/ -->\n<title>KIT D&#039;EXAMEN NEUROLOGIQUE - yoestudiosalud.es<\/title>\n<meta name=\"description\" content=\"Le kit d&#039;examen neurologique, 3 marteaux, permet d&#039;\u00e9valuer le patient et de d\u00e9tecter les anomalies SN centrales et p\u00e9riph\u00e9riques. Achetez-le en ligne!\" \/>\n<meta name=\"robots\" content=\"index, follow, max-snippet:-1, max-image-preview:large, max-video-preview:-1\" \/>\n<link rel=\"canonical\" href=\"https:\/\/yoestudiosalud.es\/produit\/kit-exploracion-neurologica\/\" \/>\n<meta property=\"og:locale\" content=\"fr_FR\" \/>\n<meta property=\"og:type\" content=\"article\" \/>\n<meta property=\"og:title\" content=\"KIT D&#039;EXAMEN NEUROLOGIQUE\" \/>\n<meta property=\"og:description\" content=\"Le kit d&#039;examen neurologique, 3 marteaux, permet d&#039;\u00e9valuer le patient et de d\u00e9tecter les anomalies SN centrales et p\u00e9riph\u00e9riques. Achetez-le en ligne!\" \/>\n<meta property=\"og:url\" content=\"https:\/\/yoestudiosalud.es\/produit\/kit-exploracion-neurologica\/\" \/>\n<meta property=\"og:site_name\" content=\"yoestudiosalud.es\" \/>\n<meta property=\"article:modified_time\" content=\"2024-04-25T11:22:02+00:00\" \/>\n<meta property=\"og:image\" content=\"https:\/\/yoestudiosalud.es\/wp-content\/uploads\/2018\/07\/000967-1.jpg\" \/>\n\t<meta property=\"og:image:width\" content=\"640\" \/>\n\t<meta property=\"og:image:height\" content=\"640\" \/>\n\t<meta property=\"og:image:type\" content=\"image\/jpeg\" \/>\n<meta name=\"twitter:card\" content=\"summary_large_image\" \/>\n<meta name=\"twitter:label1\" content=\"Dur\u00e9e de lecture estim\u00e9e\" \/>\n\t<meta name=\"twitter:data1\" content=\"2 minutes\" \/>\n<script type=\"application\/ld+json\" class=\"yoast-schema-graph\">{\"@context\":\"https:\/\/schema.org\",\"@graph\":[{\"@type\":\"WebPage\",\"@id\":\"https:\/\/yoestudiosalud.es\/produit\/kit-exploracion-neurologica\/\",\"url\":\"https:\/\/yoestudiosalud.es\/produit\/kit-exploracion-neurologica\/\",\"name\":\"KIT D'EXAMEN NEUROLOGIQUE - yoestudiosalud.es\",\"isPartOf\":{\"@id\":\"https:\/\/yoestudiosalud.es\/en\/#website\"},\"primaryImageOfPage\":{\"@id\":\"https:\/\/yoestudiosalud.es\/produit\/kit-exploracion-neurologica\/#primaryimage\"},\"image\":{\"@id\":\"https:\/\/yoestudiosalud.es\/produit\/kit-exploracion-neurologica\/#primaryimage\"},\"thumbnailUrl\":\"https:\/\/yoestudiosalud.es\/wp-content\/uploads\/2018\/07\/000967-1.jpg\",\"datePublished\":\"2018-07-12T17:21:00+00:00\",\"dateModified\":\"2024-04-25T11:22:02+00:00\",\"description\":\"Le kit d'examen neurologique, 3 marteaux, permet d'\u00e9valuer le patient et de d\u00e9tecter les anomalies SN centrales et p\u00e9riph\u00e9riques. Achetez-le en ligne!\",\"breadcrumb\":{\"@id\":\"https:\/\/yoestudiosalud.es\/produit\/kit-exploracion-neurologica\/#breadcrumb\"},\"inLanguage\":\"fr-FR\",\"potentialAction\":[{\"@type\":\"ReadAction\",\"target\":[\"https:\/\/yoestudiosalud.es\/produit\/kit-exploracion-neurologica\/\"]}]},{\"@type\":\"ImageObject\",\"inLanguage\":\"fr-FR\",\"@id\":\"https:\/\/yoestudiosalud.es\/produit\/kit-exploracion-neurologica\/#primaryimage\",\"url\":\"https:\/\/yoestudiosalud.es\/wp-content\/uploads\/2018\/07\/000967-1.jpg\",\"contentUrl\":\"https:\/\/yoestudiosalud.es\/wp-content\/uploads\/2018\/07\/000967-1.jpg\",\"width\":640,\"height\":640,\"caption\":\"KIT EXPLORACI\u00d3N NEUROL\u00d3GICA\"},{\"@type\":\"BreadcrumbList\",\"@id\":\"https:\/\/yoestudiosalud.es\/produit\/kit-exploracion-neurologica\/#breadcrumb\",\"itemListElement\":[{\"@type\":\"ListItem\",\"position\":1,\"name\":\"Portada\",\"item\":\"https:\/\/yoestudiosalud.es\/fr\/\"},{\"@type\":\"ListItem\",\"position\":2,\"name\":\"Boutique\",\"item\":\"https:\/\/yoestudiosalud.es\/fr\/boutique\/\"},{\"@type\":\"ListItem\",\"position\":3,\"name\":\"KIT D&#8217;EXAMEN NEUROLOGIQUE\"}]},{\"@type\":\"WebSite\",\"@id\":\"https:\/\/yoestudiosalud.es\/en\/#website\",\"url\":\"https:\/\/yoestudiosalud.es\/en\/\",\"name\":\"yoestudiosalud.es\",\"description\":\"Material para estudiantes del sector salud\",\"publisher\":{\"@id\":\"https:\/\/yoestudiosalud.es\/en\/#organization\"},\"potentialAction\":[{\"@type\":\"SearchAction\",\"target\":{\"@type\":\"EntryPoint\",\"urlTemplate\":\"https:\/\/yoestudiosalud.es\/en\/?s={search_term_string}\"},\"query-input\":{\"@type\":\"PropertyValueSpecification\",\"valueRequired\":true,\"valueName\":\"search_term_string\"}}],\"inLanguage\":\"fr-FR\"},{\"@type\":\"Organization\",\"@id\":\"https:\/\/yoestudiosalud.es\/en\/#organization\",\"name\":\"yoestudiosalud.es\",\"url\":\"https:\/\/yoestudiosalud.es\/en\/\",\"logo\":{\"@type\":\"ImageObject\",\"inLanguage\":\"fr-FR\",\"@id\":\"https:\/\/yoestudiosalud.es\/en\/#\/schema\/logo\/image\/\",\"url\":\"https:\/\/yoestudiosalud.es\/wp-content\/uploads\/2020\/04\/logonew-e1698080827687.png\",\"contentUrl\":\"https:\/\/yoestudiosalud.es\/wp-content\/uploads\/2020\/04\/logonew-e1698080827687.png\",\"width\":421,\"height\":393,\"caption\":\"yoestudiosalud.es\"},\"image\":{\"@id\":\"https:\/\/yoestudiosalud.es\/en\/#\/schema\/logo\/image\/\"}}]}<\/script>\n<!-- \/ Yoast SEO Premium plugin. -->","yoast_head_json":{"title":"KIT D'EXAMEN NEUROLOGIQUE - yoestudiosalud.es","description":"Le kit d'examen neurologique, 3 marteaux, permet d'\u00e9valuer le patient et de d\u00e9tecter les anomalies SN centrales et p\u00e9riph\u00e9riques. Achetez-le en ligne!","robots":{"index":"index","follow":"follow","max-snippet":"max-snippet:-1","max-image-preview":"max-image-preview:large","max-video-preview":"max-video-preview:-1"},"canonical":"https:\/\/yoestudiosalud.es\/produit\/kit-exploracion-neurologica\/","og_locale":"fr_FR","og_type":"article","og_title":"KIT D'EXAMEN NEUROLOGIQUE","og_description":"Le kit d'examen neurologique, 3 marteaux, permet d'\u00e9valuer le patient et de d\u00e9tecter les anomalies SN centrales et p\u00e9riph\u00e9riques. Achetez-le en ligne!","og_url":"https:\/\/yoestudiosalud.es\/produit\/kit-exploracion-neurologica\/","og_site_name":"yoestudiosalud.es","article_modified_time":"2024-04-25T11:22:02+00:00","og_image":[{"width":640,"height":640,"url":"https:\/\/yoestudiosalud.es\/wp-content\/uploads\/2018\/07\/000967-1.jpg","type":"image\/jpeg"}],"twitter_card":"summary_large_image","twitter_misc":{"Dur\u00e9e de lecture estim\u00e9e":"2 minutes"},"schema":{"@context":"https:\/\/schema.org","@graph":[{"@type":"WebPage","@id":"https:\/\/yoestudiosalud.es\/produit\/kit-exploracion-neurologica\/","url":"https:\/\/yoestudiosalud.es\/produit\/kit-exploracion-neurologica\/","name":"KIT D'EXAMEN NEUROLOGIQUE - yoestudiosalud.es","isPartOf":{"@id":"https:\/\/yoestudiosalud.es\/en\/#website"},"primaryImageOfPage":{"@id":"https:\/\/yoestudiosalud.es\/produit\/kit-exploracion-neurologica\/#primaryimage"},"image":{"@id":"https:\/\/yoestudiosalud.es\/produit\/kit-exploracion-neurologica\/#primaryimage"},"thumbnailUrl":"https:\/\/yoestudiosalud.es\/wp-content\/uploads\/2018\/07\/000967-1.jpg","datePublished":"2018-07-12T17:21:00+00:00","dateModified":"2024-04-25T11:22:02+00:00","description":"Le kit d'examen neurologique, 3 marteaux, permet d'\u00e9valuer le patient et de d\u00e9tecter les anomalies SN centrales et p\u00e9riph\u00e9riques. Achetez-le en ligne!","breadcrumb":{"@id":"https:\/\/yoestudiosalud.es\/produit\/kit-exploracion-neurologica\/#breadcrumb"},"inLanguage":"fr-FR","potentialAction":[{"@type":"ReadAction","target":["https:\/\/yoestudiosalud.es\/produit\/kit-exploracion-neurologica\/"]}]},{"@type":"ImageObject","inLanguage":"fr-FR","@id":"https:\/\/yoestudiosalud.es\/produit\/kit-exploracion-neurologica\/#primaryimage","url":"https:\/\/yoestudiosalud.es\/wp-content\/uploads\/2018\/07\/000967-1.jpg","contentUrl":"https:\/\/yoestudiosalud.es\/wp-content\/uploads\/2018\/07\/000967-1.jpg","width":640,"height":640,"caption":"KIT EXPLORACI\u00d3N NEUROL\u00d3GICA"},{"@type":"BreadcrumbList","@id":"https:\/\/yoestudiosalud.es\/produit\/kit-exploracion-neurologica\/#breadcrumb","itemListElement":[{"@type":"ListItem","position":1,"name":"Portada","item":"https:\/\/yoestudiosalud.es\/fr\/"},{"@type":"ListItem","position":2,"name":"Boutique","item":"https:\/\/yoestudiosalud.es\/fr\/boutique\/"},{"@type":"ListItem","position":3,"name":"KIT D&#8217;EXAMEN NEUROLOGIQUE"}]},{"@type":"WebSite","@id":"https:\/\/yoestudiosalud.es\/en\/#website","url":"https:\/\/yoestudiosalud.es\/en\/","name":"yoestudiosalud.es","description":"Material para estudiantes del sector salud","publisher":{"@id":"https:\/\/yoestudiosalud.es\/en\/#organization"},"potentialAction":[{"@type":"SearchAction","target":{"@type":"EntryPoint","urlTemplate":"https:\/\/yoestudiosalud.es\/en\/?s={search_term_string}"},"query-input":{"@type":"PropertyValueSpecification","valueRequired":true,"valueName":"search_term_string"}}],"inLanguage":"fr-FR"},{"@type":"Organization","@id":"https:\/\/yoestudiosalud.es\/en\/#organization","name":"yoestudiosalud.es","url":"https:\/\/yoestudiosalud.es\/en\/","logo":{"@type":"ImageObject","inLanguage":"fr-FR","@id":"https:\/\/yoestudiosalud.es\/en\/#\/schema\/logo\/image\/","url":"https:\/\/yoestudiosalud.es\/wp-content\/uploads\/2020\/04\/logonew-e1698080827687.png","contentUrl":"https:\/\/yoestudiosalud.es\/wp-content\/uploads\/2020\/04\/logonew-e1698080827687.png","width":421,"height":393,"caption":"yoestudiosalud.es"},"image":{"@id":"https:\/\/yoestudiosalud.es\/en\/#\/schema\/logo\/image\/"}}]}},"_links":{"self":[{"href":"https:\/\/yoestudiosalud.es\/fr\/wp-json\/wp\/v2\/product\/27989","targetHints":{"allow":["GET"]}}],"collection":[{"href":"https:\/\/yoestudiosalud.es\/fr\/wp-json\/wp\/v2\/product"}],"about":[{"href":"https:\/\/yoestudiosalud.es\/fr\/wp-json\/wp\/v2\/types\/product"}],"wp:featuredmedia":[{"embeddable":true,"href":"https:\/\/yoestudiosalud.es\/fr\/wp-json\/wp\/v2\/media\/7417"}],"wp:attachment":[{"href":"https:\/\/yoestudiosalud.es\/fr\/wp-json\/wp\/v2\/media?parent=27989"}],"wp:term":[{"taxonomy":"product_brand","embeddable":true,"href":"https:\/\/yoestudiosalud.es\/fr\/wp-json\/wp\/v2\/product_brand?post=27989"},{"taxonomy":"product_cat","embeddable":true,"href":"https:\/\/yoestudiosalud.es\/fr\/wp-json\/wp\/v2\/product_cat?post=27989"},{"taxonomy":"product_tag","embeddable":true,"href":"https:\/\/yoestudiosalud.es\/fr\/wp-json\/wp\/v2\/product_tag?post=27989"}],"curies":[{"name":"wp","href":"https:\/\/api.w.org\/{rel}","templated":true}]}}