{"id":27813,"date":"2018-07-12T17:20:37","date_gmt":"2018-07-12T17:20:37","guid":{"rendered":"https:\/\/yoestudiosalud.es\/producto\/cale-bouche-silicone\/"},"modified":"2025-10-24T16:19:54","modified_gmt":"2025-10-24T14:19:54","slug":"cale-bouche-silicone","status":"publish","type":"product","link":"https:\/\/yoestudiosalud.es\/fr\/produit\/cale-bouche-silicone\/","title":{"rendered":"CALE-BOUCHE SILICONE"},"content":{"rendered":"<p>Les cale-bouche en silicone sont des blocs \u00e0 mordre qui permettent de maintenir la bouche du patient ouverte pendant une longue p\u00e9riode. Ils sont fabriqu\u00e9s en silicone hypoallerg\u00e9nique, s\u00fbr et adaptable qui vous permet de garder la bouche ouverte confortablement, sans causer de fatigue.<\/p>\n<p>Ils \u00e9vitent \u00e9galement la contamination de la zone de travail en cas de fermeture \u00e9ventuelle de la bouche et prot\u00e8gent la langue des \u00e9ventuels dommages caus\u00e9s par les instruments rotatifs. Ces anneaux de dentition permettent un large acc\u00e8s \u00e0 la cavit\u00e9 buccale et, lorsqu&#8217;ils sont correctement plac\u00e9s, ils repr\u00e9sentent un mat\u00e9riau qui facilite les interventions dentaires, notamment celles qui durent plus longtemps comme les canaux radiculaires, les obturations, les extractions.<\/p>\n<p>Un placement correct entre les molaires des deux arcades oppos\u00e9es au c\u00f4t\u00e9 travaillant offre au patient un confort, moins de tension de la m\u00e2choire et moins d&#8217;inconfort ult\u00e9rieur\u00a0; Il offre au dentiste la tranquillit\u00e9 d&#8217;esprit de pouvoir travailler dans une zone offrant un large acc\u00e8s aux tissus bucco-dentaires et aux dents.<\/p>\n<p>Ils sont pr\u00e9sent\u00e9s individuellement, avec diff\u00e9rentes tailles, la verte \u00e9tant la grande taille ; Le bleu est de taille moyenne et le lilas est de petite taille.<\/p>\n<p>Chez les patients p\u00e9diatriques qui peuvent avoir plus de difficult\u00e9s \u00e0 garder la bouche ouverte, l&#8217;ouvre-bouche en silicone lilas est une excellente option qui permettra un travail plus efficace et moins ennuyeux.<\/p>\n<p>Avant de l&#8217;utiliser, enlever la salet\u00e9 de la surface avec un chiffon \u00e0 usage unique ou un chiffon en papier, utiliser des d\u00e9sinfectants adapt\u00e9s aux plastiques et apr\u00e8s le nettoyage, \u00e9liminer les restes en rin\u00e7ant abondamment \u00e0 l&#8217;eau. Il est possible de le st\u00e9riliser aux temp\u00e9ratures indiqu\u00e9es. mati\u00e8re plastique et pas plus de 5 minutes.<\/p>\n<p>Il est id\u00e9al d&#8217;avoir des embouts de dentition en silicone de diff\u00e9rentes tailles, afin d&#8217;avoir \u00e0 port\u00e9e de main l&#8217;anneau de dentition qui convient le mieux au patient et au type d&#8217;intervention dentaire \u00e0 r\u00e9aliser.<\/p>\n","protected":false},"excerpt":{"rendered":"<p>Les cale-bouche en silicone<\/p>\n","protected":false},"featured_media":27815,"template":"","meta":[],"product_brand":[],"product_cat":[669],"product_tag":[732],"class_list":{"0":"post-27813","1":"product","2":"type-product","3":"status-publish","4":"has-post-thumbnail","6":"product_cat-general-fr","7":"product_tag-ucv4","8":"pa_formacion-odontologia-fr","10":"first","11":"instock","12":"sale","13":"taxable","14":"shipping-taxable","15":"purchasable","16":"product-type-variable"},"yoast_head":"<!-- This site is optimized with the Yoast SEO Premium plugin v27.0 (Yoast SEO v27.2) - https:\/\/yoast.com\/product\/yoast-seo-premium-wordpress\/ -->\n<title>CALE-BOUCHE SILICONE - yoestudiosalud.es<\/title>\n<meta name=\"description\" content=\"Les cale-bouche en silicone sont des blocs \u00e0 mordre qui permettent de maintenir la bouche du patient ouverte pendant une longue p\u00e9riode\" \/>\n<meta name=\"robots\" content=\"index, follow, max-snippet:-1, max-image-preview:large, max-video-preview:-1\" \/>\n<link rel=\"canonical\" href=\"https:\/\/yoestudiosalud.es\/produit\/abre-boca-de-silicona-autoclavable\/\" \/>\n<meta property=\"og:locale\" content=\"fr_FR\" \/>\n<meta property=\"og:type\" content=\"article\" \/>\n<meta property=\"og:title\" content=\"CALE-BOUCHE SILICONE\" \/>\n<meta property=\"og:description\" content=\"Les cale-bouche en silicone sont des blocs \u00e0 mordre qui permettent de maintenir la bouche du patient ouverte pendant une longue p\u00e9riode\" \/>\n<meta property=\"og:url\" content=\"https:\/\/yoestudiosalud.es\/produit\/abre-boca-de-silicona-autoclavable\/\" \/>\n<meta property=\"og:site_name\" content=\"yoestudiosalud.es\" \/>\n<meta property=\"article:modified_time\" content=\"2025-10-24T14:19:54+00:00\" \/>\n<meta property=\"og:image\" content=\"https:\/\/yoestudiosalud.es\/wp-content\/uploads\/2018\/07\/abreboca.jpg\" \/>\n\t<meta property=\"og:image:width\" content=\"650\" \/>\n\t<meta property=\"og:image:height\" content=\"650\" \/>\n\t<meta property=\"og:image:type\" content=\"image\/jpeg\" \/>\n<meta name=\"twitter:card\" content=\"summary_large_image\" \/>\n<meta name=\"twitter:label1\" content=\"Dur\u00e9e de lecture estim\u00e9e\" \/>\n\t<meta name=\"twitter:data1\" content=\"2 minutes\" \/>\n<script type=\"application\/ld+json\" class=\"yoast-schema-graph\">{\"@context\":\"https:\/\/schema.org\",\"@graph\":[{\"@type\":\"WebPage\",\"@id\":\"https:\/\/yoestudiosalud.es\/produit\/abre-boca-de-silicona-autoclavable\/\",\"url\":\"https:\/\/yoestudiosalud.es\/produit\/abre-boca-de-silicona-autoclavable\/\",\"name\":\"CALE-BOUCHE SILICONE - yoestudiosalud.es\",\"isPartOf\":{\"@id\":\"https:\/\/yoestudiosalud.es\/en\/#website\"},\"primaryImageOfPage\":{\"@id\":\"https:\/\/yoestudiosalud.es\/produit\/abre-boca-de-silicona-autoclavable\/#primaryimage\"},\"image\":{\"@id\":\"https:\/\/yoestudiosalud.es\/produit\/abre-boca-de-silicona-autoclavable\/#primaryimage\"},\"thumbnailUrl\":\"https:\/\/yoestudiosalud.es\/wp-content\/uploads\/2018\/07\/abreboca.jpg\",\"datePublished\":\"2018-07-12T17:20:37+00:00\",\"dateModified\":\"2025-10-24T14:19:54+00:00\",\"description\":\"Les cale-bouche en silicone sont des blocs \u00e0 mordre qui permettent de maintenir la bouche du patient ouverte pendant une longue p\u00e9riode\",\"breadcrumb\":{\"@id\":\"https:\/\/yoestudiosalud.es\/produit\/abre-boca-de-silicona-autoclavable\/#breadcrumb\"},\"inLanguage\":\"fr-FR\",\"potentialAction\":[{\"@type\":\"ReadAction\",\"target\":[\"https:\/\/yoestudiosalud.es\/produit\/abre-boca-de-silicona-autoclavable\/\"]}]},{\"@type\":\"ImageObject\",\"inLanguage\":\"fr-FR\",\"@id\":\"https:\/\/yoestudiosalud.es\/produit\/abre-boca-de-silicona-autoclavable\/#primaryimage\",\"url\":\"https:\/\/yoestudiosalud.es\/wp-content\/uploads\/2018\/07\/abreboca.jpg\",\"contentUrl\":\"https:\/\/yoestudiosalud.es\/wp-content\/uploads\/2018\/07\/abreboca.jpg\",\"width\":650,\"height\":650,\"caption\":\"CALE-BOUCHE SILICONE\"},{\"@type\":\"BreadcrumbList\",\"@id\":\"https:\/\/yoestudiosalud.es\/produit\/abre-boca-de-silicona-autoclavable\/#breadcrumb\",\"itemListElement\":[{\"@type\":\"ListItem\",\"position\":1,\"name\":\"Portada\",\"item\":\"https:\/\/yoestudiosalud.es\/fr\/\"},{\"@type\":\"ListItem\",\"position\":2,\"name\":\"Boutique\",\"item\":\"https:\/\/yoestudiosalud.es\/fr\/boutique\/\"},{\"@type\":\"ListItem\",\"position\":3,\"name\":\"CALE-BOUCHE SILICONE\"}]},{\"@type\":\"WebSite\",\"@id\":\"https:\/\/yoestudiosalud.es\/en\/#website\",\"url\":\"https:\/\/yoestudiosalud.es\/en\/\",\"name\":\"yoestudiosalud.es\",\"description\":\"Material para estudiantes del sector salud\",\"publisher\":{\"@id\":\"https:\/\/yoestudiosalud.es\/en\/#organization\"},\"potentialAction\":[{\"@type\":\"SearchAction\",\"target\":{\"@type\":\"EntryPoint\",\"urlTemplate\":\"https:\/\/yoestudiosalud.es\/en\/?s={search_term_string}\"},\"query-input\":{\"@type\":\"PropertyValueSpecification\",\"valueRequired\":true,\"valueName\":\"search_term_string\"}}],\"inLanguage\":\"fr-FR\"},{\"@type\":\"Organization\",\"@id\":\"https:\/\/yoestudiosalud.es\/en\/#organization\",\"name\":\"yoestudiosalud.es\",\"url\":\"https:\/\/yoestudiosalud.es\/en\/\",\"logo\":{\"@type\":\"ImageObject\",\"inLanguage\":\"fr-FR\",\"@id\":\"https:\/\/yoestudiosalud.es\/en\/#\/schema\/logo\/image\/\",\"url\":\"https:\/\/yoestudiosalud.es\/wp-content\/uploads\/2020\/04\/logonew-e1698080827687.png\",\"contentUrl\":\"https:\/\/yoestudiosalud.es\/wp-content\/uploads\/2020\/04\/logonew-e1698080827687.png\",\"width\":421,\"height\":393,\"caption\":\"yoestudiosalud.es\"},\"image\":{\"@id\":\"https:\/\/yoestudiosalud.es\/en\/#\/schema\/logo\/image\/\"}}]}<\/script>\n<!-- \/ Yoast SEO Premium plugin. -->","yoast_head_json":{"title":"CALE-BOUCHE SILICONE - yoestudiosalud.es","description":"Les cale-bouche en silicone sont des blocs \u00e0 mordre qui permettent de maintenir la bouche du patient ouverte pendant une longue p\u00e9riode","robots":{"index":"index","follow":"follow","max-snippet":"max-snippet:-1","max-image-preview":"max-image-preview:large","max-video-preview":"max-video-preview:-1"},"canonical":"https:\/\/yoestudiosalud.es\/produit\/abre-boca-de-silicona-autoclavable\/","og_locale":"fr_FR","og_type":"article","og_title":"CALE-BOUCHE SILICONE","og_description":"Les cale-bouche en silicone sont des blocs \u00e0 mordre qui permettent de maintenir la bouche du patient ouverte pendant une longue p\u00e9riode","og_url":"https:\/\/yoestudiosalud.es\/produit\/abre-boca-de-silicona-autoclavable\/","og_site_name":"yoestudiosalud.es","article_modified_time":"2025-10-24T14:19:54+00:00","og_image":[{"width":650,"height":650,"url":"https:\/\/yoestudiosalud.es\/wp-content\/uploads\/2018\/07\/abreboca.jpg","type":"image\/jpeg"}],"twitter_card":"summary_large_image","twitter_misc":{"Dur\u00e9e de lecture estim\u00e9e":"2 minutes"},"schema":{"@context":"https:\/\/schema.org","@graph":[{"@type":"WebPage","@id":"https:\/\/yoestudiosalud.es\/produit\/abre-boca-de-silicona-autoclavable\/","url":"https:\/\/yoestudiosalud.es\/produit\/abre-boca-de-silicona-autoclavable\/","name":"CALE-BOUCHE SILICONE - yoestudiosalud.es","isPartOf":{"@id":"https:\/\/yoestudiosalud.es\/en\/#website"},"primaryImageOfPage":{"@id":"https:\/\/yoestudiosalud.es\/produit\/abre-boca-de-silicona-autoclavable\/#primaryimage"},"image":{"@id":"https:\/\/yoestudiosalud.es\/produit\/abre-boca-de-silicona-autoclavable\/#primaryimage"},"thumbnailUrl":"https:\/\/yoestudiosalud.es\/wp-content\/uploads\/2018\/07\/abreboca.jpg","datePublished":"2018-07-12T17:20:37+00:00","dateModified":"2025-10-24T14:19:54+00:00","description":"Les cale-bouche en silicone sont des blocs \u00e0 mordre qui permettent de maintenir la bouche du patient ouverte pendant une longue p\u00e9riode","breadcrumb":{"@id":"https:\/\/yoestudiosalud.es\/produit\/abre-boca-de-silicona-autoclavable\/#breadcrumb"},"inLanguage":"fr-FR","potentialAction":[{"@type":"ReadAction","target":["https:\/\/yoestudiosalud.es\/produit\/abre-boca-de-silicona-autoclavable\/"]}]},{"@type":"ImageObject","inLanguage":"fr-FR","@id":"https:\/\/yoestudiosalud.es\/produit\/abre-boca-de-silicona-autoclavable\/#primaryimage","url":"https:\/\/yoestudiosalud.es\/wp-content\/uploads\/2018\/07\/abreboca.jpg","contentUrl":"https:\/\/yoestudiosalud.es\/wp-content\/uploads\/2018\/07\/abreboca.jpg","width":650,"height":650,"caption":"CALE-BOUCHE SILICONE"},{"@type":"BreadcrumbList","@id":"https:\/\/yoestudiosalud.es\/produit\/abre-boca-de-silicona-autoclavable\/#breadcrumb","itemListElement":[{"@type":"ListItem","position":1,"name":"Portada","item":"https:\/\/yoestudiosalud.es\/fr\/"},{"@type":"ListItem","position":2,"name":"Boutique","item":"https:\/\/yoestudiosalud.es\/fr\/boutique\/"},{"@type":"ListItem","position":3,"name":"CALE-BOUCHE SILICONE"}]},{"@type":"WebSite","@id":"https:\/\/yoestudiosalud.es\/en\/#website","url":"https:\/\/yoestudiosalud.es\/en\/","name":"yoestudiosalud.es","description":"Material para estudiantes del sector salud","publisher":{"@id":"https:\/\/yoestudiosalud.es\/en\/#organization"},"potentialAction":[{"@type":"SearchAction","target":{"@type":"EntryPoint","urlTemplate":"https:\/\/yoestudiosalud.es\/en\/?s={search_term_string}"},"query-input":{"@type":"PropertyValueSpecification","valueRequired":true,"valueName":"search_term_string"}}],"inLanguage":"fr-FR"},{"@type":"Organization","@id":"https:\/\/yoestudiosalud.es\/en\/#organization","name":"yoestudiosalud.es","url":"https:\/\/yoestudiosalud.es\/en\/","logo":{"@type":"ImageObject","inLanguage":"fr-FR","@id":"https:\/\/yoestudiosalud.es\/en\/#\/schema\/logo\/image\/","url":"https:\/\/yoestudiosalud.es\/wp-content\/uploads\/2020\/04\/logonew-e1698080827687.png","contentUrl":"https:\/\/yoestudiosalud.es\/wp-content\/uploads\/2020\/04\/logonew-e1698080827687.png","width":421,"height":393,"caption":"yoestudiosalud.es"},"image":{"@id":"https:\/\/yoestudiosalud.es\/en\/#\/schema\/logo\/image\/"}}]}},"_links":{"self":[{"href":"https:\/\/yoestudiosalud.es\/fr\/wp-json\/wp\/v2\/product\/27813","targetHints":{"allow":["GET"]}}],"collection":[{"href":"https:\/\/yoestudiosalud.es\/fr\/wp-json\/wp\/v2\/product"}],"about":[{"href":"https:\/\/yoestudiosalud.es\/fr\/wp-json\/wp\/v2\/types\/product"}],"wp:featuredmedia":[{"embeddable":true,"href":"https:\/\/yoestudiosalud.es\/fr\/wp-json\/wp\/v2\/media\/27815"}],"wp:attachment":[{"href":"https:\/\/yoestudiosalud.es\/fr\/wp-json\/wp\/v2\/media?parent=27813"}],"wp:term":[{"taxonomy":"product_brand","embeddable":true,"href":"https:\/\/yoestudiosalud.es\/fr\/wp-json\/wp\/v2\/product_brand?post=27813"},{"taxonomy":"product_cat","embeddable":true,"href":"https:\/\/yoestudiosalud.es\/fr\/wp-json\/wp\/v2\/product_cat?post=27813"},{"taxonomy":"product_tag","embeddable":true,"href":"https:\/\/yoestudiosalud.es\/fr\/wp-json\/wp\/v2\/product_tag?post=27813"}],"curies":[{"name":"wp","href":"https:\/\/api.w.org\/{rel}","templated":true}]}}