{"id":27494,"date":"2018-07-12T17:20:32","date_gmt":"2018-07-12T17:20:32","guid":{"rendered":"https:\/\/yoestudiosalud.es\/producto\/guttapercha-plugger-a280s-1-3\/"},"modified":"2018-07-12T17:20:32","modified_gmt":"2018-07-12T17:20:32","slug":"guttapercha-plugger-a280s-1-3","status":"publish","type":"product","link":"https:\/\/yoestudiosalud.es\/fr\/produit\/guttapercha-plugger-a280s-1-3\/","title":{"rendered":"GUTTAPERCHA PLUGGER A280S 1\/3"},"content":{"rendered":"<p>L&#8217;obturateur de gutta-percha A280S 1\/3 , de couleur jaune, est utile en endodontie. Sa fonction principale est de condenser la gutta-percha dans le canal radiculaire afin d&#8217;obtenir un joint \u00e9tanche et une obturation efficace.<\/p>\n<p>Cet obturateur, con\u00e7u sp\u00e9cifiquement pour cette t\u00e2che, poss\u00e8de un embout conique qui s&#8217;adapte parfaitement au canal radiculaire. Son utilisation permet d&#8217;exercer une pression pr\u00e9cise et contr\u00f4l\u00e9e pour compacter la gutta-percha et assurer sa r\u00e9partition uniforme.<\/p>\n<p>La forme active et ergonomique de l&#8217;obturateur de gutta-percha permet une manipulation confortable et efficace pendant la proc\u00e9dure endodontique. Deux extr\u00e9mit\u00e9s actives de taille et de conception diff\u00e9rentes facilitent l&#8217;acc\u00e8s aux zones difficiles \u00e0 atteindre et assurent une application efficace de la force n\u00e9cessaire au compactage.<\/p>\n<p>L&#8217;utilisation de cet obturateur en endodontie permet d&#8217;obtenir une obturation tridimensionnelle du canal radiculaire. Cela signifie que la gutta percha est compl\u00e8tement adapt\u00e9e \u00e0 la forme et \u00e0 la courbure du canal, \u00e9vitant ainsi les vides et les infiltrations bact\u00e9riennes.<\/p>\n<p>Une bonne condensation de la gutta percha avec le gutta percha plugger 1\/3 est essentielle pour la r\u00e9ussite du traitement endodontique. En la compactant efficacement, la stabilit\u00e9 et la long\u00e9vit\u00e9 de l&#8217;obturation sont assur\u00e9es, ce qui contribue \u00e0 la sant\u00e9 et \u00e0 la pr\u00e9servation de la dent.<\/p>\n<p>Le Guttapercha plugger type A280S existe en diff\u00e9rentes tailles : taille 1\/3 avec un manche en silicone jaune et taille 2\/3 avec un manche en silicone rouge. L&#8217;id\u00e9al est d&#8217;utiliser le plugger \u00e0 gutta percha pour condenser la gutta percha, puis de la ramollir et de la fa\u00e7onner \u00e0 l&#8217;aide des porteurs de chaleur.<\/p>\n<p>En r\u00e9sum\u00e9, l&#8217;obturateur de gutta-percha A280S 1\/3 est indispensable en dentisterie endodontique. Sa fonction principale est de condenser la gutta-percha dans le canal radiculaire, afin d&#8217;obtenir un joint \u00e9tanche et une obturation tridimensionnelle. Gr\u00e2ce \u00e0 sa conception ergonomique et \u00e0 sa manipulation pr\u00e9cise, cet obturateur garantit des r\u00e9sultats optimaux et durables dans les traitements endodontiques.<\/p>\n<p>Fabriqu\u00e9 par Master Surgical, il offre un excellent rapport qualit\u00e9-<\/p>\n","protected":false},"excerpt":{"rendered":"<p>L&#8217;obturateur de gutta-percha A280S 1\/3 , de couleur jaune, est utile en endodontie. Sa fonction principale est de condenser la gutta-percha dans le canal radiculaire afin d&#8217;obtenir un joint \u00e9tanche et une obturation efficace.<\/p>\n","protected":false},"featured_media":27500,"template":"","meta":[],"product_brand":[],"product_cat":[680],"product_tag":[673,684,699],"class_list":{"0":"post-27494","1":"product","2":"type-product","3":"status-publish","4":"has-post-thumbnail","6":"product_cat-endodontie-fr","7":"product_tag-uv3","8":"product_tag-uemc_cns","9":"product_tag-ceu4","10":"pa_formacion-odontologia-fr","12":"first","13":"instock","14":"taxable","15":"shipping-taxable","16":"purchasable","17":"product-type-simple"},"yoast_head":"<!-- This site is optimized with the Yoast SEO Premium plugin v27.0 (Yoast SEO v27.2) - https:\/\/yoast.com\/product\/yoast-seo-premium-wordpress\/ -->\n<title>GUTTAPERCHA PLUGGER A280S 1\/3 - yoestudiosalud.es<\/title>\n<meta name=\"description\" content=\"L&#039;obturateur de gutta-percha A280S 1\/3 , de couleur jaune, est utile en endodontie. Sa fonction principale est de condenser la gutta-percha dans le canal radiculaire afin d&#039;obtenir un joint \u00e9tanche et une obturation efficace.\" \/>\n<meta name=\"robots\" content=\"index, follow, max-snippet:-1, max-image-preview:large, max-video-preview:-1\" \/>\n<link rel=\"canonical\" href=\"https:\/\/yoestudiosalud.es\/produit\/guttapercha-plugger-a280s-13-sp\/\" \/>\n<meta property=\"og:locale\" content=\"fr_FR\" \/>\n<meta property=\"og:type\" content=\"article\" \/>\n<meta property=\"og:title\" content=\"GUTTAPERCHA PLUGGER A280S 1\/3\" \/>\n<meta property=\"og:description\" content=\"L&#039;obturateur de gutta-percha A280S 1\/3 , de couleur jaune, est utile en endodontie. Sa fonction principale est de condenser la gutta-percha dans le canal radiculaire afin d&#039;obtenir un joint \u00e9tanche et une obturation efficace.\" \/>\n<meta property=\"og:url\" content=\"https:\/\/yoestudiosalud.es\/produit\/guttapercha-plugger-a280s-13-sp\/\" \/>\n<meta property=\"og:site_name\" content=\"yoestudiosalud.es\" \/>\n<meta property=\"og:image\" content=\"https:\/\/yoestudiosalud.es\/wp-content\/uploads\/2018\/07\/000533B.jpg\" \/>\n\t<meta property=\"og:image:width\" content=\"650\" \/>\n\t<meta property=\"og:image:height\" content=\"650\" \/>\n\t<meta property=\"og:image:type\" content=\"image\/jpeg\" \/>\n<meta name=\"twitter:card\" content=\"summary_large_image\" \/>\n<meta name=\"twitter:label1\" content=\"Dur\u00e9e de lecture estim\u00e9e\" \/>\n\t<meta name=\"twitter:data1\" content=\"2 minutes\" \/>\n<script type=\"application\/ld+json\" class=\"yoast-schema-graph\">{\"@context\":\"https:\/\/schema.org\",\"@graph\":[{\"@type\":\"WebPage\",\"@id\":\"https:\/\/yoestudiosalud.es\/produit\/guttapercha-plugger-a280s-13-sp\/\",\"url\":\"https:\/\/yoestudiosalud.es\/produit\/guttapercha-plugger-a280s-13-sp\/\",\"name\":\"GUTTAPERCHA PLUGGER A280S 1\/3 - yoestudiosalud.es\",\"isPartOf\":{\"@id\":\"https:\/\/yoestudiosalud.es\/en\/#website\"},\"primaryImageOfPage\":{\"@id\":\"https:\/\/yoestudiosalud.es\/produit\/guttapercha-plugger-a280s-13-sp\/#primaryimage\"},\"image\":{\"@id\":\"https:\/\/yoestudiosalud.es\/produit\/guttapercha-plugger-a280s-13-sp\/#primaryimage\"},\"thumbnailUrl\":\"https:\/\/yoestudiosalud.es\/wp-content\/uploads\/2018\/07\/000533B.jpg\",\"datePublished\":\"2018-07-12T17:20:32+00:00\",\"description\":\"L'obturateur de gutta-percha A280S 1\/3 , de couleur jaune, est utile en endodontie. Sa fonction principale est de condenser la gutta-percha dans le canal radiculaire afin d'obtenir un joint \u00e9tanche et une obturation efficace.\",\"breadcrumb\":{\"@id\":\"https:\/\/yoestudiosalud.es\/produit\/guttapercha-plugger-a280s-13-sp\/#breadcrumb\"},\"inLanguage\":\"fr-FR\",\"potentialAction\":[{\"@type\":\"ReadAction\",\"target\":[\"https:\/\/yoestudiosalud.es\/produit\/guttapercha-plugger-a280s-13-sp\/\"]}]},{\"@type\":\"ImageObject\",\"inLanguage\":\"fr-FR\",\"@id\":\"https:\/\/yoestudiosalud.es\/produit\/guttapercha-plugger-a280s-13-sp\/#primaryimage\",\"url\":\"https:\/\/yoestudiosalud.es\/wp-content\/uploads\/2018\/07\/000533B.jpg\",\"contentUrl\":\"https:\/\/yoestudiosalud.es\/wp-content\/uploads\/2018\/07\/000533B.jpg\",\"width\":650,\"height\":650,\"caption\":\"GUTTAPERCHA PLUGGER A280S 1\/3\"},{\"@type\":\"BreadcrumbList\",\"@id\":\"https:\/\/yoestudiosalud.es\/produit\/guttapercha-plugger-a280s-13-sp\/#breadcrumb\",\"itemListElement\":[{\"@type\":\"ListItem\",\"position\":1,\"name\":\"Portada\",\"item\":\"https:\/\/yoestudiosalud.es\/fr\/\"},{\"@type\":\"ListItem\",\"position\":2,\"name\":\"Boutique\",\"item\":\"https:\/\/yoestudiosalud.es\/fr\/boutique\/\"},{\"@type\":\"ListItem\",\"position\":3,\"name\":\"GUTTAPERCHA PLUGGER A280S 1\/3\"}]},{\"@type\":\"WebSite\",\"@id\":\"https:\/\/yoestudiosalud.es\/en\/#website\",\"url\":\"https:\/\/yoestudiosalud.es\/en\/\",\"name\":\"yoestudiosalud.es\",\"description\":\"Material para estudiantes del sector salud\",\"publisher\":{\"@id\":\"https:\/\/yoestudiosalud.es\/en\/#organization\"},\"potentialAction\":[{\"@type\":\"SearchAction\",\"target\":{\"@type\":\"EntryPoint\",\"urlTemplate\":\"https:\/\/yoestudiosalud.es\/en\/?s={search_term_string}\"},\"query-input\":{\"@type\":\"PropertyValueSpecification\",\"valueRequired\":true,\"valueName\":\"search_term_string\"}}],\"inLanguage\":\"fr-FR\"},{\"@type\":\"Organization\",\"@id\":\"https:\/\/yoestudiosalud.es\/en\/#organization\",\"name\":\"yoestudiosalud.es\",\"url\":\"https:\/\/yoestudiosalud.es\/en\/\",\"logo\":{\"@type\":\"ImageObject\",\"inLanguage\":\"fr-FR\",\"@id\":\"https:\/\/yoestudiosalud.es\/en\/#\/schema\/logo\/image\/\",\"url\":\"https:\/\/yoestudiosalud.es\/wp-content\/uploads\/2020\/04\/logonew-e1698080827687.png\",\"contentUrl\":\"https:\/\/yoestudiosalud.es\/wp-content\/uploads\/2020\/04\/logonew-e1698080827687.png\",\"width\":421,\"height\":393,\"caption\":\"yoestudiosalud.es\"},\"image\":{\"@id\":\"https:\/\/yoestudiosalud.es\/en\/#\/schema\/logo\/image\/\"}}]}<\/script>\n<!-- \/ Yoast SEO Premium plugin. -->","yoast_head_json":{"title":"GUTTAPERCHA PLUGGER A280S 1\/3 - yoestudiosalud.es","description":"L'obturateur de gutta-percha A280S 1\/3 , de couleur jaune, est utile en endodontie. Sa fonction principale est de condenser la gutta-percha dans le canal radiculaire afin d'obtenir un joint \u00e9tanche et une obturation efficace.","robots":{"index":"index","follow":"follow","max-snippet":"max-snippet:-1","max-image-preview":"max-image-preview:large","max-video-preview":"max-video-preview:-1"},"canonical":"https:\/\/yoestudiosalud.es\/produit\/guttapercha-plugger-a280s-13-sp\/","og_locale":"fr_FR","og_type":"article","og_title":"GUTTAPERCHA PLUGGER A280S 1\/3","og_description":"L'obturateur de gutta-percha A280S 1\/3 , de couleur jaune, est utile en endodontie. Sa fonction principale est de condenser la gutta-percha dans le canal radiculaire afin d'obtenir un joint \u00e9tanche et une obturation efficace.","og_url":"https:\/\/yoestudiosalud.es\/produit\/guttapercha-plugger-a280s-13-sp\/","og_site_name":"yoestudiosalud.es","og_image":[{"width":650,"height":650,"url":"https:\/\/yoestudiosalud.es\/wp-content\/uploads\/2018\/07\/000533B.jpg","type":"image\/jpeg"}],"twitter_card":"summary_large_image","twitter_misc":{"Dur\u00e9e de lecture estim\u00e9e":"2 minutes"},"schema":{"@context":"https:\/\/schema.org","@graph":[{"@type":"WebPage","@id":"https:\/\/yoestudiosalud.es\/produit\/guttapercha-plugger-a280s-13-sp\/","url":"https:\/\/yoestudiosalud.es\/produit\/guttapercha-plugger-a280s-13-sp\/","name":"GUTTAPERCHA PLUGGER A280S 1\/3 - yoestudiosalud.es","isPartOf":{"@id":"https:\/\/yoestudiosalud.es\/en\/#website"},"primaryImageOfPage":{"@id":"https:\/\/yoestudiosalud.es\/produit\/guttapercha-plugger-a280s-13-sp\/#primaryimage"},"image":{"@id":"https:\/\/yoestudiosalud.es\/produit\/guttapercha-plugger-a280s-13-sp\/#primaryimage"},"thumbnailUrl":"https:\/\/yoestudiosalud.es\/wp-content\/uploads\/2018\/07\/000533B.jpg","datePublished":"2018-07-12T17:20:32+00:00","description":"L'obturateur de gutta-percha A280S 1\/3 , de couleur jaune, est utile en endodontie. Sa fonction principale est de condenser la gutta-percha dans le canal radiculaire afin d'obtenir un joint \u00e9tanche et une obturation efficace.","breadcrumb":{"@id":"https:\/\/yoestudiosalud.es\/produit\/guttapercha-plugger-a280s-13-sp\/#breadcrumb"},"inLanguage":"fr-FR","potentialAction":[{"@type":"ReadAction","target":["https:\/\/yoestudiosalud.es\/produit\/guttapercha-plugger-a280s-13-sp\/"]}]},{"@type":"ImageObject","inLanguage":"fr-FR","@id":"https:\/\/yoestudiosalud.es\/produit\/guttapercha-plugger-a280s-13-sp\/#primaryimage","url":"https:\/\/yoestudiosalud.es\/wp-content\/uploads\/2018\/07\/000533B.jpg","contentUrl":"https:\/\/yoestudiosalud.es\/wp-content\/uploads\/2018\/07\/000533B.jpg","width":650,"height":650,"caption":"GUTTAPERCHA PLUGGER A280S 1\/3"},{"@type":"BreadcrumbList","@id":"https:\/\/yoestudiosalud.es\/produit\/guttapercha-plugger-a280s-13-sp\/#breadcrumb","itemListElement":[{"@type":"ListItem","position":1,"name":"Portada","item":"https:\/\/yoestudiosalud.es\/fr\/"},{"@type":"ListItem","position":2,"name":"Boutique","item":"https:\/\/yoestudiosalud.es\/fr\/boutique\/"},{"@type":"ListItem","position":3,"name":"GUTTAPERCHA PLUGGER A280S 1\/3"}]},{"@type":"WebSite","@id":"https:\/\/yoestudiosalud.es\/en\/#website","url":"https:\/\/yoestudiosalud.es\/en\/","name":"yoestudiosalud.es","description":"Material para estudiantes del sector salud","publisher":{"@id":"https:\/\/yoestudiosalud.es\/en\/#organization"},"potentialAction":[{"@type":"SearchAction","target":{"@type":"EntryPoint","urlTemplate":"https:\/\/yoestudiosalud.es\/en\/?s={search_term_string}"},"query-input":{"@type":"PropertyValueSpecification","valueRequired":true,"valueName":"search_term_string"}}],"inLanguage":"fr-FR"},{"@type":"Organization","@id":"https:\/\/yoestudiosalud.es\/en\/#organization","name":"yoestudiosalud.es","url":"https:\/\/yoestudiosalud.es\/en\/","logo":{"@type":"ImageObject","inLanguage":"fr-FR","@id":"https:\/\/yoestudiosalud.es\/en\/#\/schema\/logo\/image\/","url":"https:\/\/yoestudiosalud.es\/wp-content\/uploads\/2020\/04\/logonew-e1698080827687.png","contentUrl":"https:\/\/yoestudiosalud.es\/wp-content\/uploads\/2020\/04\/logonew-e1698080827687.png","width":421,"height":393,"caption":"yoestudiosalud.es"},"image":{"@id":"https:\/\/yoestudiosalud.es\/en\/#\/schema\/logo\/image\/"}}]}},"_links":{"self":[{"href":"https:\/\/yoestudiosalud.es\/fr\/wp-json\/wp\/v2\/product\/27494","targetHints":{"allow":["GET"]}}],"collection":[{"href":"https:\/\/yoestudiosalud.es\/fr\/wp-json\/wp\/v2\/product"}],"about":[{"href":"https:\/\/yoestudiosalud.es\/fr\/wp-json\/wp\/v2\/types\/product"}],"wp:featuredmedia":[{"embeddable":true,"href":"https:\/\/yoestudiosalud.es\/fr\/wp-json\/wp\/v2\/media\/27500"}],"wp:attachment":[{"href":"https:\/\/yoestudiosalud.es\/fr\/wp-json\/wp\/v2\/media?parent=27494"}],"wp:term":[{"taxonomy":"product_brand","embeddable":true,"href":"https:\/\/yoestudiosalud.es\/fr\/wp-json\/wp\/v2\/product_brand?post=27494"},{"taxonomy":"product_cat","embeddable":true,"href":"https:\/\/yoestudiosalud.es\/fr\/wp-json\/wp\/v2\/product_cat?post=27494"},{"taxonomy":"product_tag","embeddable":true,"href":"https:\/\/yoestudiosalud.es\/fr\/wp-json\/wp\/v2\/product_tag?post=27494"}],"curies":[{"name":"wp","href":"https:\/\/api.w.org\/{rel}","templated":true}]}}