{"id":27492,"date":"2018-07-12T17:20:30","date_gmt":"2018-07-12T17:20:30","guid":{"rendered":"https:\/\/yoestudiosalud.es\/producto\/applicateur-double-pitch-hu-friedy\/"},"modified":"2018-07-12T17:20:30","modified_gmt":"2018-07-12T17:20:30","slug":"applicateur-double-pitch-hu-friedy","status":"publish","type":"product","link":"https:\/\/yoestudiosalud.es\/fr\/produit\/applicateur-double-pitch-hu-friedy\/","title":{"rendered":"APPLICATEUR DOUBLE PITCH HU-FRIEDY"},"content":{"rendered":"<p>Applicateur d&#8217;hydroxyde de calcium Hu-friedy. Il s&#8217;agit d&#8217;un instrument dot\u00e9 d&#8217;une pointe ou d&#8217;une extr\u00e9mit\u00e9 sph\u00e9rique, dont la fonction est de manipuler le ciment d&#8217;hydroxyde de calcium et de l&#8217;amener dans la cavit\u00e9 dentaire.<\/p>\n","protected":false},"excerpt":{"rendered":"<p>Applicateur d&#8217;hydroxyde de calcium Hu-friedy. Il s&#8217;agit d&#8217;un instrument dot\u00e9 d&#8217;une pointe ou d&#8217;une extr\u00e9mit\u00e9 sph\u00e9rique, dont la fonction est de manipuler le ciment d&#8217;hydroxyde de calcium et de l&#8217;amener dans la cavit\u00e9 dentaire.<\/p>\n","protected":false},"featured_media":27493,"template":"","meta":[],"product_brand":[],"product_cat":[669],"product_tag":[],"class_list":{"0":"post-27492","1":"product","2":"type-product","3":"status-publish","4":"has-post-thumbnail","6":"product_cat-general-fr","7":"pa_formacion-odontologia-fr","9":"first","10":"instock","11":"sale","12":"taxable","13":"shipping-taxable","14":"purchasable","15":"product-type-simple"},"yoast_head":"<!-- This site is optimized with the Yoast SEO Premium plugin v27.0 (Yoast SEO v27.4) - https:\/\/yoast.com\/product\/yoast-seo-premium-wordpress\/ -->\n<title>APPLICATEUR DOUBLE PITCH HU-FRIEDY - yoestudiosalud.es<\/title>\n<meta name=\"description\" content=\"Applicateur d&#039;hydroxyde de calcium Hu-friedy. Il s&#039;agit d&#039;un instrument dot\u00e9 d&#039;une pointe ou d&#039;une extr\u00e9mit\u00e9 sph\u00e9rique, dont la fonction est de manipuler le ciment d&#039;hydroxyde de calcium et de l&#039;amener dans la cavit\u00e9 dentaire.\" \/>\n<meta name=\"robots\" content=\"index, follow, max-snippet:-1, max-image-preview:large, max-video-preview:-1\" \/>\n<link rel=\"canonical\" href=\"https:\/\/yoestudiosalud.es\/produit\/aplicador-hidroxido-de-calcio-hu-friedy\/\" \/>\n<meta property=\"og:locale\" content=\"fr_FR\" \/>\n<meta property=\"og:type\" content=\"article\" \/>\n<meta property=\"og:title\" content=\"APPLICATEUR DOUBLE PITCH HU-FRIEDY\" \/>\n<meta property=\"og:description\" content=\"Applicateur d&#039;hydroxyde de calcium Hu-friedy. Il s&#039;agit d&#039;un instrument dot\u00e9 d&#039;une pointe ou d&#039;une extr\u00e9mit\u00e9 sph\u00e9rique, dont la fonction est de manipuler le ciment d&#039;hydroxyde de calcium et de l&#039;amener dans la cavit\u00e9 dentaire.\" \/>\n<meta property=\"og:url\" content=\"https:\/\/yoestudiosalud.es\/produit\/aplicador-hidroxido-de-calcio-hu-friedy\/\" \/>\n<meta property=\"og:site_name\" content=\"yoestudiosalud.es\" \/>\n<meta property=\"og:image\" content=\"https:\/\/yoestudiosalud.es\/wp-content\/uploads\/2018\/07\/000733B.jpg\" \/>\n\t<meta property=\"og:image:width\" content=\"650\" \/>\n\t<meta property=\"og:image:height\" content=\"650\" \/>\n\t<meta property=\"og:image:type\" content=\"image\/jpeg\" \/>\n<meta name=\"twitter:card\" content=\"summary_large_image\" \/>\n<script type=\"application\/ld+json\" class=\"yoast-schema-graph\">{\"@context\":\"https:\\\/\\\/schema.org\",\"@graph\":[{\"@type\":\"WebPage\",\"@id\":\"https:\\\/\\\/yoestudiosalud.es\\\/produit\\\/aplicador-hidroxido-de-calcio-hu-friedy\\\/\",\"url\":\"https:\\\/\\\/yoestudiosalud.es\\\/produit\\\/aplicador-hidroxido-de-calcio-hu-friedy\\\/\",\"name\":\"APPLICATEUR DOUBLE PITCH HU-FRIEDY - yoestudiosalud.es\",\"isPartOf\":{\"@id\":\"https:\\\/\\\/yoestudiosalud.es\\\/en\\\/#website\"},\"primaryImageOfPage\":{\"@id\":\"https:\\\/\\\/yoestudiosalud.es\\\/produit\\\/aplicador-hidroxido-de-calcio-hu-friedy\\\/#primaryimage\"},\"image\":{\"@id\":\"https:\\\/\\\/yoestudiosalud.es\\\/produit\\\/aplicador-hidroxido-de-calcio-hu-friedy\\\/#primaryimage\"},\"thumbnailUrl\":\"https:\\\/\\\/yoestudiosalud.es\\\/wp-content\\\/uploads\\\/2018\\\/07\\\/000733B.jpg\",\"datePublished\":\"2018-07-12T17:20:30+00:00\",\"description\":\"Applicateur d'hydroxyde de calcium Hu-friedy. Il s'agit d'un instrument dot\u00e9 d'une pointe ou d'une extr\u00e9mit\u00e9 sph\u00e9rique, dont la fonction est de manipuler le ciment d'hydroxyde de calcium et de l'amener dans la cavit\u00e9 dentaire.\",\"breadcrumb\":{\"@id\":\"https:\\\/\\\/yoestudiosalud.es\\\/produit\\\/aplicador-hidroxido-de-calcio-hu-friedy\\\/#breadcrumb\"},\"inLanguage\":\"fr-FR\",\"potentialAction\":[{\"@type\":\"ReadAction\",\"target\":[\"https:\\\/\\\/yoestudiosalud.es\\\/produit\\\/aplicador-hidroxido-de-calcio-hu-friedy\\\/\"]}]},{\"@type\":\"ImageObject\",\"inLanguage\":\"fr-FR\",\"@id\":\"https:\\\/\\\/yoestudiosalud.es\\\/produit\\\/aplicador-hidroxido-de-calcio-hu-friedy\\\/#primaryimage\",\"url\":\"https:\\\/\\\/yoestudiosalud.es\\\/wp-content\\\/uploads\\\/2018\\\/07\\\/000733B.jpg\",\"contentUrl\":\"https:\\\/\\\/yoestudiosalud.es\\\/wp-content\\\/uploads\\\/2018\\\/07\\\/000733B.jpg\",\"width\":650,\"height\":650,\"caption\":\"APPLICATEUR DOUBLE PITCH HU-FRIEDY\"},{\"@type\":\"BreadcrumbList\",\"@id\":\"https:\\\/\\\/yoestudiosalud.es\\\/produit\\\/aplicador-hidroxido-de-calcio-hu-friedy\\\/#breadcrumb\",\"itemListElement\":[{\"@type\":\"ListItem\",\"position\":1,\"name\":\"Portada\",\"item\":\"https:\\\/\\\/yoestudiosalud.es\\\/fr\\\/\"},{\"@type\":\"ListItem\",\"position\":2,\"name\":\"Boutique\",\"item\":\"https:\\\/\\\/yoestudiosalud.es\\\/fr\\\/boutique\\\/\"},{\"@type\":\"ListItem\",\"position\":3,\"name\":\"APPLICATEUR DOUBLE PITCH HU-FRIEDY\"}]},{\"@type\":\"WebSite\",\"@id\":\"https:\\\/\\\/yoestudiosalud.es\\\/en\\\/#website\",\"url\":\"https:\\\/\\\/yoestudiosalud.es\\\/en\\\/\",\"name\":\"yoestudiosalud.es\",\"description\":\"Material para estudiantes del sector salud\",\"publisher\":{\"@id\":\"https:\\\/\\\/yoestudiosalud.es\\\/en\\\/#organization\"},\"potentialAction\":[{\"@type\":\"SearchAction\",\"target\":{\"@type\":\"EntryPoint\",\"urlTemplate\":\"https:\\\/\\\/yoestudiosalud.es\\\/en\\\/?s={search_term_string}\"},\"query-input\":{\"@type\":\"PropertyValueSpecification\",\"valueRequired\":true,\"valueName\":\"search_term_string\"}}],\"inLanguage\":\"fr-FR\"},{\"@type\":\"Organization\",\"@id\":\"https:\\\/\\\/yoestudiosalud.es\\\/en\\\/#organization\",\"name\":\"yoestudiosalud.es\",\"url\":\"https:\\\/\\\/yoestudiosalud.es\\\/en\\\/\",\"logo\":{\"@type\":\"ImageObject\",\"inLanguage\":\"fr-FR\",\"@id\":\"https:\\\/\\\/yoestudiosalud.es\\\/en\\\/#\\\/schema\\\/logo\\\/image\\\/\",\"url\":\"https:\\\/\\\/yoestudiosalud.es\\\/wp-content\\\/uploads\\\/2020\\\/04\\\/logonew-e1698080827687.png\",\"contentUrl\":\"https:\\\/\\\/yoestudiosalud.es\\\/wp-content\\\/uploads\\\/2020\\\/04\\\/logonew-e1698080827687.png\",\"width\":421,\"height\":393,\"caption\":\"yoestudiosalud.es\"},\"image\":{\"@id\":\"https:\\\/\\\/yoestudiosalud.es\\\/en\\\/#\\\/schema\\\/logo\\\/image\\\/\"}}]}<\/script>\n<!-- \/ Yoast SEO Premium plugin. -->","yoast_head_json":{"title":"APPLICATEUR DOUBLE PITCH HU-FRIEDY - yoestudiosalud.es","description":"Applicateur d'hydroxyde de calcium Hu-friedy. Il s'agit d'un instrument dot\u00e9 d'une pointe ou d'une extr\u00e9mit\u00e9 sph\u00e9rique, dont la fonction est de manipuler le ciment d'hydroxyde de calcium et de l'amener dans la cavit\u00e9 dentaire.","robots":{"index":"index","follow":"follow","max-snippet":"max-snippet:-1","max-image-preview":"max-image-preview:large","max-video-preview":"max-video-preview:-1"},"canonical":"https:\/\/yoestudiosalud.es\/produit\/aplicador-hidroxido-de-calcio-hu-friedy\/","og_locale":"fr_FR","og_type":"article","og_title":"APPLICATEUR DOUBLE PITCH HU-FRIEDY","og_description":"Applicateur d'hydroxyde de calcium Hu-friedy. Il s'agit d'un instrument dot\u00e9 d'une pointe ou d'une extr\u00e9mit\u00e9 sph\u00e9rique, dont la fonction est de manipuler le ciment d'hydroxyde de calcium et de l'amener dans la cavit\u00e9 dentaire.","og_url":"https:\/\/yoestudiosalud.es\/produit\/aplicador-hidroxido-de-calcio-hu-friedy\/","og_site_name":"yoestudiosalud.es","og_image":[{"width":650,"height":650,"url":"https:\/\/yoestudiosalud.es\/wp-content\/uploads\/2018\/07\/000733B.jpg","type":"image\/jpeg"}],"twitter_card":"summary_large_image","schema":{"@context":"https:\/\/schema.org","@graph":[{"@type":"WebPage","@id":"https:\/\/yoestudiosalud.es\/produit\/aplicador-hidroxido-de-calcio-hu-friedy\/","url":"https:\/\/yoestudiosalud.es\/produit\/aplicador-hidroxido-de-calcio-hu-friedy\/","name":"APPLICATEUR DOUBLE PITCH HU-FRIEDY - yoestudiosalud.es","isPartOf":{"@id":"https:\/\/yoestudiosalud.es\/en\/#website"},"primaryImageOfPage":{"@id":"https:\/\/yoestudiosalud.es\/produit\/aplicador-hidroxido-de-calcio-hu-friedy\/#primaryimage"},"image":{"@id":"https:\/\/yoestudiosalud.es\/produit\/aplicador-hidroxido-de-calcio-hu-friedy\/#primaryimage"},"thumbnailUrl":"https:\/\/yoestudiosalud.es\/wp-content\/uploads\/2018\/07\/000733B.jpg","datePublished":"2018-07-12T17:20:30+00:00","description":"Applicateur d'hydroxyde de calcium Hu-friedy. Il s'agit d'un instrument dot\u00e9 d'une pointe ou d'une extr\u00e9mit\u00e9 sph\u00e9rique, dont la fonction est de manipuler le ciment d'hydroxyde de calcium et de l'amener dans la cavit\u00e9 dentaire.","breadcrumb":{"@id":"https:\/\/yoestudiosalud.es\/produit\/aplicador-hidroxido-de-calcio-hu-friedy\/#breadcrumb"},"inLanguage":"fr-FR","potentialAction":[{"@type":"ReadAction","target":["https:\/\/yoestudiosalud.es\/produit\/aplicador-hidroxido-de-calcio-hu-friedy\/"]}]},{"@type":"ImageObject","inLanguage":"fr-FR","@id":"https:\/\/yoestudiosalud.es\/produit\/aplicador-hidroxido-de-calcio-hu-friedy\/#primaryimage","url":"https:\/\/yoestudiosalud.es\/wp-content\/uploads\/2018\/07\/000733B.jpg","contentUrl":"https:\/\/yoestudiosalud.es\/wp-content\/uploads\/2018\/07\/000733B.jpg","width":650,"height":650,"caption":"APPLICATEUR DOUBLE PITCH HU-FRIEDY"},{"@type":"BreadcrumbList","@id":"https:\/\/yoestudiosalud.es\/produit\/aplicador-hidroxido-de-calcio-hu-friedy\/#breadcrumb","itemListElement":[{"@type":"ListItem","position":1,"name":"Portada","item":"https:\/\/yoestudiosalud.es\/fr\/"},{"@type":"ListItem","position":2,"name":"Boutique","item":"https:\/\/yoestudiosalud.es\/fr\/boutique\/"},{"@type":"ListItem","position":3,"name":"APPLICATEUR DOUBLE PITCH HU-FRIEDY"}]},{"@type":"WebSite","@id":"https:\/\/yoestudiosalud.es\/en\/#website","url":"https:\/\/yoestudiosalud.es\/en\/","name":"yoestudiosalud.es","description":"Material para estudiantes del sector salud","publisher":{"@id":"https:\/\/yoestudiosalud.es\/en\/#organization"},"potentialAction":[{"@type":"SearchAction","target":{"@type":"EntryPoint","urlTemplate":"https:\/\/yoestudiosalud.es\/en\/?s={search_term_string}"},"query-input":{"@type":"PropertyValueSpecification","valueRequired":true,"valueName":"search_term_string"}}],"inLanguage":"fr-FR"},{"@type":"Organization","@id":"https:\/\/yoestudiosalud.es\/en\/#organization","name":"yoestudiosalud.es","url":"https:\/\/yoestudiosalud.es\/en\/","logo":{"@type":"ImageObject","inLanguage":"fr-FR","@id":"https:\/\/yoestudiosalud.es\/en\/#\/schema\/logo\/image\/","url":"https:\/\/yoestudiosalud.es\/wp-content\/uploads\/2020\/04\/logonew-e1698080827687.png","contentUrl":"https:\/\/yoestudiosalud.es\/wp-content\/uploads\/2020\/04\/logonew-e1698080827687.png","width":421,"height":393,"caption":"yoestudiosalud.es"},"image":{"@id":"https:\/\/yoestudiosalud.es\/en\/#\/schema\/logo\/image\/"}}]}},"_links":{"self":[{"href":"https:\/\/yoestudiosalud.es\/fr\/wp-json\/wp\/v2\/product\/27492","targetHints":{"allow":["GET"]}}],"collection":[{"href":"https:\/\/yoestudiosalud.es\/fr\/wp-json\/wp\/v2\/product"}],"about":[{"href":"https:\/\/yoestudiosalud.es\/fr\/wp-json\/wp\/v2\/types\/product"}],"wp:featuredmedia":[{"embeddable":true,"href":"https:\/\/yoestudiosalud.es\/fr\/wp-json\/wp\/v2\/media\/27493"}],"wp:attachment":[{"href":"https:\/\/yoestudiosalud.es\/fr\/wp-json\/wp\/v2\/media?parent=27492"}],"wp:term":[{"taxonomy":"product_brand","embeddable":true,"href":"https:\/\/yoestudiosalud.es\/fr\/wp-json\/wp\/v2\/product_brand?post=27492"},{"taxonomy":"product_cat","embeddable":true,"href":"https:\/\/yoestudiosalud.es\/fr\/wp-json\/wp\/v2\/product_cat?post=27492"},{"taxonomy":"product_tag","embeddable":true,"href":"https:\/\/yoestudiosalud.es\/fr\/wp-json\/wp\/v2\/product_tag?post=27492"}],"curies":[{"name":"wp","href":"https:\/\/api.w.org\/{rel}","templated":true}]}}