{"id":27473,"date":"2018-07-12T17:20:30","date_gmt":"2018-07-12T17:20:30","guid":{"rendered":"https:\/\/yoestudiosalud.es\/producto\/reglette-dendodontie\/"},"modified":"2018-07-12T17:20:30","modified_gmt":"2018-07-12T17:20:30","slug":"reglette-dendodontie","status":"publish","type":"product","link":"https:\/\/yoestudiosalud.es\/fr\/produit\/reglette-dendodontie\/","title":{"rendered":"R\u00c9GLETTE D\u00b4ENDODONTIE"},"content":{"rendered":"<p>La r\u00e8gle endodontique, un instrument utilis\u00e9 pour mesurer la longueur des limes, des pointes de papier et de la gutta-percha d&#8217;une seule main.<\/p>\n<p>Produite par Master Surgical, nous garantissons une haute qualit\u00e9 au meilleur prix.<\/p>\n","protected":false},"excerpt":{"rendered":"<p>La r\u00e8gle endodontique, un instrument utilis\u00e9 pour mesurer la longueur des limes, des pointes de papier et de la gutta-percha d&#8217;une seule main.<\/p>\n","protected":false},"featured_media":29011,"template":"","meta":[],"product_brand":[],"product_cat":[680],"product_tag":[763,673,684,699,707],"class_list":{"0":"post-27473","1":"product","2":"type-product","3":"status-publish","4":"has-post-thumbnail","6":"product_cat-endodontie-fr","7":"product_tag-uev3","8":"product_tag-uv3","9":"product_tag-uemc_cns","10":"product_tag-ceu4","11":"product_tag-uem4-fr","12":"pa_formacion-odontologia-fr","14":"first","15":"instock","16":"taxable","17":"shipping-taxable","18":"purchasable","19":"product-type-simple"},"yoast_head":"<!-- This site is optimized with the Yoast SEO Premium plugin v27.0 (Yoast SEO v27.2) - https:\/\/yoast.com\/product\/yoast-seo-premium-wordpress\/ -->\n<title>R\u00c9GLETTE D\u00b4ENDODONTIE - yoestudiosalud.es dep\u00f3sito dental<\/title>\n<meta name=\"description\" content=\"La r\u00e8gle endodontique, un instrument utilis\u00e9 pour mesurer la longueur des limes, des pointes de papier et de la gutta-percha d&#039;une seule main.\" \/>\n<meta name=\"robots\" content=\"index, follow, max-snippet:-1, max-image-preview:large, max-video-preview:-1\" \/>\n<link rel=\"canonical\" href=\"https:\/\/yoestudiosalud.es\/fr\/produit\/reglette-dendodontie\/\" \/>\n<meta property=\"og:locale\" content=\"fr_FR\" \/>\n<meta property=\"og:type\" content=\"article\" \/>\n<meta property=\"og:title\" content=\"R\u00c9GLETTE D\u00b4ENDODONTIE\" \/>\n<meta property=\"og:description\" content=\"La r\u00e8gle endodontique, un instrument utilis\u00e9 pour mesurer la longueur des limes, des pointes de papier et de la gutta-percha d&#039;une seule main.\" \/>\n<meta property=\"og:url\" content=\"https:\/\/yoestudiosalud.es\/fr\/produit\/reglette-dendodontie\/\" \/>\n<meta property=\"og:site_name\" content=\"yoestudiosalud.es\" \/>\n<meta property=\"og:image\" content=\"https:\/\/yoestudiosalud.es\/wp-content\/uploads\/2018\/07\/000465-2.jpg\" \/>\n\t<meta property=\"og:image:width\" content=\"1080\" \/>\n\t<meta property=\"og:image:height\" content=\"1080\" \/>\n\t<meta property=\"og:image:type\" content=\"image\/jpeg\" \/>\n<meta name=\"twitter:card\" content=\"summary_large_image\" \/>\n<script type=\"application\/ld+json\" class=\"yoast-schema-graph\">{\"@context\":\"https:\/\/schema.org\",\"@graph\":[{\"@type\":\"WebPage\",\"@id\":\"https:\/\/yoestudiosalud.es\/fr\/produit\/reglette-dendodontie\/\",\"url\":\"https:\/\/yoestudiosalud.es\/fr\/produit\/reglette-dendodontie\/\",\"name\":\"R\u00c9GLETTE D\u00b4ENDODONTIE - yoestudiosalud.es dep\u00f3sito dental\",\"isPartOf\":{\"@id\":\"https:\/\/yoestudiosalud.es\/en\/#website\"},\"primaryImageOfPage\":{\"@id\":\"https:\/\/yoestudiosalud.es\/fr\/produit\/reglette-dendodontie\/#primaryimage\"},\"image\":{\"@id\":\"https:\/\/yoestudiosalud.es\/fr\/produit\/reglette-dendodontie\/#primaryimage\"},\"thumbnailUrl\":\"https:\/\/yoestudiosalud.es\/wp-content\/uploads\/2018\/07\/000465-2.jpg\",\"datePublished\":\"2018-07-12T17:20:30+00:00\",\"description\":\"La r\u00e8gle endodontique, un instrument utilis\u00e9 pour mesurer la longueur des limes, des pointes de papier et de la gutta-percha d'une seule main.\",\"breadcrumb\":{\"@id\":\"https:\/\/yoestudiosalud.es\/fr\/produit\/reglette-dendodontie\/#breadcrumb\"},\"inLanguage\":\"fr-FR\",\"potentialAction\":[{\"@type\":\"ReadAction\",\"target\":[\"https:\/\/yoestudiosalud.es\/fr\/produit\/reglette-dendodontie\/\"]}]},{\"@type\":\"ImageObject\",\"inLanguage\":\"fr-FR\",\"@id\":\"https:\/\/yoestudiosalud.es\/fr\/produit\/reglette-dendodontie\/#primaryimage\",\"url\":\"https:\/\/yoestudiosalud.es\/wp-content\/uploads\/2018\/07\/000465-2.jpg\",\"contentUrl\":\"https:\/\/yoestudiosalud.es\/wp-content\/uploads\/2018\/07\/000465-2.jpg\",\"width\":1080,\"height\":1080,\"caption\":\"REGLASENDO\"},{\"@type\":\"BreadcrumbList\",\"@id\":\"https:\/\/yoestudiosalud.es\/fr\/produit\/reglette-dendodontie\/#breadcrumb\",\"itemListElement\":[{\"@type\":\"ListItem\",\"position\":1,\"name\":\"Portada\",\"item\":\"https:\/\/yoestudiosalud.es\/fr\/\"},{\"@type\":\"ListItem\",\"position\":2,\"name\":\"Boutique\",\"item\":\"https:\/\/yoestudiosalud.es\/fr\/boutique\/\"},{\"@type\":\"ListItem\",\"position\":3,\"name\":\"R\u00c9GLETTE D\u00b4ENDODONTIE\"}]},{\"@type\":\"WebSite\",\"@id\":\"https:\/\/yoestudiosalud.es\/en\/#website\",\"url\":\"https:\/\/yoestudiosalud.es\/en\/\",\"name\":\"yoestudiosalud.es\",\"description\":\"Material para estudiantes del sector salud\",\"publisher\":{\"@id\":\"https:\/\/yoestudiosalud.es\/en\/#organization\"},\"potentialAction\":[{\"@type\":\"SearchAction\",\"target\":{\"@type\":\"EntryPoint\",\"urlTemplate\":\"https:\/\/yoestudiosalud.es\/en\/?s={search_term_string}\"},\"query-input\":{\"@type\":\"PropertyValueSpecification\",\"valueRequired\":true,\"valueName\":\"search_term_string\"}}],\"inLanguage\":\"fr-FR\"},{\"@type\":\"Organization\",\"@id\":\"https:\/\/yoestudiosalud.es\/en\/#organization\",\"name\":\"yoestudiosalud.es\",\"url\":\"https:\/\/yoestudiosalud.es\/en\/\",\"logo\":{\"@type\":\"ImageObject\",\"inLanguage\":\"fr-FR\",\"@id\":\"https:\/\/yoestudiosalud.es\/en\/#\/schema\/logo\/image\/\",\"url\":\"https:\/\/yoestudiosalud.es\/wp-content\/uploads\/2020\/04\/logonew-e1698080827687.png\",\"contentUrl\":\"https:\/\/yoestudiosalud.es\/wp-content\/uploads\/2020\/04\/logonew-e1698080827687.png\",\"width\":421,\"height\":393,\"caption\":\"yoestudiosalud.es\"},\"image\":{\"@id\":\"https:\/\/yoestudiosalud.es\/en\/#\/schema\/logo\/image\/\"}}]}<\/script>\n<!-- \/ Yoast SEO Premium plugin. -->","yoast_head_json":{"title":"R\u00c9GLETTE D\u00b4ENDODONTIE - yoestudiosalud.es dep\u00f3sito dental","description":"La r\u00e8gle endodontique, un instrument utilis\u00e9 pour mesurer la longueur des limes, des pointes de papier et de la gutta-percha d'une seule main.","robots":{"index":"index","follow":"follow","max-snippet":"max-snippet:-1","max-image-preview":"max-image-preview:large","max-video-preview":"max-video-preview:-1"},"canonical":"https:\/\/yoestudiosalud.es\/fr\/produit\/reglette-dendodontie\/","og_locale":"fr_FR","og_type":"article","og_title":"R\u00c9GLETTE D\u00b4ENDODONTIE","og_description":"La r\u00e8gle endodontique, un instrument utilis\u00e9 pour mesurer la longueur des limes, des pointes de papier et de la gutta-percha d'une seule main.","og_url":"https:\/\/yoestudiosalud.es\/fr\/produit\/reglette-dendodontie\/","og_site_name":"yoestudiosalud.es","og_image":[{"width":1080,"height":1080,"url":"https:\/\/yoestudiosalud.es\/wp-content\/uploads\/2018\/07\/000465-2.jpg","type":"image\/jpeg"}],"twitter_card":"summary_large_image","schema":{"@context":"https:\/\/schema.org","@graph":[{"@type":"WebPage","@id":"https:\/\/yoestudiosalud.es\/fr\/produit\/reglette-dendodontie\/","url":"https:\/\/yoestudiosalud.es\/fr\/produit\/reglette-dendodontie\/","name":"R\u00c9GLETTE D\u00b4ENDODONTIE - yoestudiosalud.es dep\u00f3sito dental","isPartOf":{"@id":"https:\/\/yoestudiosalud.es\/en\/#website"},"primaryImageOfPage":{"@id":"https:\/\/yoestudiosalud.es\/fr\/produit\/reglette-dendodontie\/#primaryimage"},"image":{"@id":"https:\/\/yoestudiosalud.es\/fr\/produit\/reglette-dendodontie\/#primaryimage"},"thumbnailUrl":"https:\/\/yoestudiosalud.es\/wp-content\/uploads\/2018\/07\/000465-2.jpg","datePublished":"2018-07-12T17:20:30+00:00","description":"La r\u00e8gle endodontique, un instrument utilis\u00e9 pour mesurer la longueur des limes, des pointes de papier et de la gutta-percha d'une seule main.","breadcrumb":{"@id":"https:\/\/yoestudiosalud.es\/fr\/produit\/reglette-dendodontie\/#breadcrumb"},"inLanguage":"fr-FR","potentialAction":[{"@type":"ReadAction","target":["https:\/\/yoestudiosalud.es\/fr\/produit\/reglette-dendodontie\/"]}]},{"@type":"ImageObject","inLanguage":"fr-FR","@id":"https:\/\/yoestudiosalud.es\/fr\/produit\/reglette-dendodontie\/#primaryimage","url":"https:\/\/yoestudiosalud.es\/wp-content\/uploads\/2018\/07\/000465-2.jpg","contentUrl":"https:\/\/yoestudiosalud.es\/wp-content\/uploads\/2018\/07\/000465-2.jpg","width":1080,"height":1080,"caption":"REGLASENDO"},{"@type":"BreadcrumbList","@id":"https:\/\/yoestudiosalud.es\/fr\/produit\/reglette-dendodontie\/#breadcrumb","itemListElement":[{"@type":"ListItem","position":1,"name":"Portada","item":"https:\/\/yoestudiosalud.es\/fr\/"},{"@type":"ListItem","position":2,"name":"Boutique","item":"https:\/\/yoestudiosalud.es\/fr\/boutique\/"},{"@type":"ListItem","position":3,"name":"R\u00c9GLETTE D\u00b4ENDODONTIE"}]},{"@type":"WebSite","@id":"https:\/\/yoestudiosalud.es\/en\/#website","url":"https:\/\/yoestudiosalud.es\/en\/","name":"yoestudiosalud.es","description":"Material para estudiantes del sector salud","publisher":{"@id":"https:\/\/yoestudiosalud.es\/en\/#organization"},"potentialAction":[{"@type":"SearchAction","target":{"@type":"EntryPoint","urlTemplate":"https:\/\/yoestudiosalud.es\/en\/?s={search_term_string}"},"query-input":{"@type":"PropertyValueSpecification","valueRequired":true,"valueName":"search_term_string"}}],"inLanguage":"fr-FR"},{"@type":"Organization","@id":"https:\/\/yoestudiosalud.es\/en\/#organization","name":"yoestudiosalud.es","url":"https:\/\/yoestudiosalud.es\/en\/","logo":{"@type":"ImageObject","inLanguage":"fr-FR","@id":"https:\/\/yoestudiosalud.es\/en\/#\/schema\/logo\/image\/","url":"https:\/\/yoestudiosalud.es\/wp-content\/uploads\/2020\/04\/logonew-e1698080827687.png","contentUrl":"https:\/\/yoestudiosalud.es\/wp-content\/uploads\/2020\/04\/logonew-e1698080827687.png","width":421,"height":393,"caption":"yoestudiosalud.es"},"image":{"@id":"https:\/\/yoestudiosalud.es\/en\/#\/schema\/logo\/image\/"}}]}},"_links":{"self":[{"href":"https:\/\/yoestudiosalud.es\/fr\/wp-json\/wp\/v2\/product\/27473","targetHints":{"allow":["GET"]}}],"collection":[{"href":"https:\/\/yoestudiosalud.es\/fr\/wp-json\/wp\/v2\/product"}],"about":[{"href":"https:\/\/yoestudiosalud.es\/fr\/wp-json\/wp\/v2\/types\/product"}],"wp:featuredmedia":[{"embeddable":true,"href":"https:\/\/yoestudiosalud.es\/fr\/wp-json\/wp\/v2\/media\/29011"}],"wp:attachment":[{"href":"https:\/\/yoestudiosalud.es\/fr\/wp-json\/wp\/v2\/media?parent=27473"}],"wp:term":[{"taxonomy":"product_brand","embeddable":true,"href":"https:\/\/yoestudiosalud.es\/fr\/wp-json\/wp\/v2\/product_brand?post=27473"},{"taxonomy":"product_cat","embeddable":true,"href":"https:\/\/yoestudiosalud.es\/fr\/wp-json\/wp\/v2\/product_cat?post=27473"},{"taxonomy":"product_tag","embeddable":true,"href":"https:\/\/yoestudiosalud.es\/fr\/wp-json\/wp\/v2\/product_tag?post=27473"}],"curies":[{"name":"wp","href":"https:\/\/api.w.org\/{rel}","templated":true}]}}