{"id":27139,"date":"2018-07-12T17:20:27","date_gmt":"2018-07-12T17:20:27","guid":{"rendered":"https:\/\/yoestudiosalud.es\/producto\/instrument-cleoid-discoid\/"},"modified":"2018-07-12T17:20:27","modified_gmt":"2018-07-12T17:20:27","slug":"instrument-cleoid-discoid","status":"publish","type":"product","link":"https:\/\/yoestudiosalud.es\/fr\/produit\/instrument-cleoid-discoid\/","title":{"rendered":"INSTRUMENT CLEOID-DISCOID"},"content":{"rendered":"<p>Le Instrument Cleoid-Discoid est un instrument dentaire. Sa fonction est de donner une forme anatomique \u00e0 l&#8217;amalgame et de restaurer les contours naturels, ce qui permet d&#8217;obtenir une occlusion optimale. Il se compose de deux parties actives, une partie ronde (disco\u00efde) pour enlever l&#8217;exc\u00e8s de mat\u00e9riau et une partie en forme de lance (cl\u00e9o\u00efde) pour meuler l&#8217;anatomie.<\/p>\n","protected":false},"excerpt":{"rendered":"<p>Le Instrument Cleoid-Discoid est un instrument dentaire. Sa fonction est de donner une forme anatomique \u00e0 l&#8217;amalgame et de restaurer les contours naturels, ce qui permet d&#8217;obtenir une occlusion optimale. Il se compose de deux parties actives, une partie ronde (disco\u00efde) pour enlever l&#8217;exc\u00e8s de mat\u00e9riau et une partie en forme de lance (cl\u00e9o\u00efde) pour meuler l&#8217;anatomie.<\/p>\n","protected":false},"featured_media":27141,"template":"","meta":[],"product_brand":[],"product_cat":[669],"product_tag":[690],"class_list":{"0":"post-27139","1":"product","2":"type-product","3":"status-publish","4":"has-post-thumbnail","6":"product_cat-general-fr","7":"product_tag-uem3-fr","8":"pa_formacion-odontologia-fr","10":"first","11":"instock","12":"sale","13":"taxable","14":"shipping-taxable","15":"purchasable","16":"product-type-variable"},"yoast_head":"<!-- This site is optimized with the Yoast SEO Premium plugin v27.0 (Yoast SEO v27.2) - https:\/\/yoast.com\/product\/yoast-seo-premium-wordpress\/ -->\n<title>INSTRUMENT CLEOID-DISCOID - yoestudiosalud.es<\/title>\n<meta name=\"description\" content=\"Le Instrument Cleoid-Discoid est un instrument dentaire. Sa fonction est de donner une forme anatomique \u00e0 l&#039;amalgame et de restaurer les contours naturels, ce qui permet d&#039;obtenir une occlusion optimale. Il se compose de deux parties actives, une partie ronde (disco\u00efde) pour enlever l&#039;exc\u00e8s de mat\u00e9riau et une partie en forme de lance (cl\u00e9o\u00efde) pour meuler l&#039;anatomie.\" \/>\n<meta name=\"robots\" content=\"index, follow, max-snippet:-1, max-image-preview:large, max-video-preview:-1\" \/>\n<link rel=\"canonical\" href=\"https:\/\/yoestudiosalud.es\/produit\/tallador-cleoide-discoide\/\" \/>\n<meta property=\"og:locale\" content=\"fr_FR\" \/>\n<meta property=\"og:type\" content=\"article\" \/>\n<meta property=\"og:title\" content=\"INSTRUMENT CLEOID-DISCOID\" \/>\n<meta property=\"og:description\" content=\"Le Instrument Cleoid-Discoid est un instrument dentaire. Sa fonction est de donner une forme anatomique \u00e0 l&#039;amalgame et de restaurer les contours naturels, ce qui permet d&#039;obtenir une occlusion optimale. Il se compose de deux parties actives, une partie ronde (disco\u00efde) pour enlever l&#039;exc\u00e8s de mat\u00e9riau et une partie en forme de lance (cl\u00e9o\u00efde) pour meuler l&#039;anatomie.\" \/>\n<meta property=\"og:url\" content=\"https:\/\/yoestudiosalud.es\/produit\/tallador-cleoide-discoide\/\" \/>\n<meta property=\"og:site_name\" content=\"yoestudiosalud.es\" \/>\n<meta property=\"og:image\" content=\"https:\/\/yoestudiosalud.es\/wp-content\/uploads\/2018\/07\/000993B.jpg\" \/>\n\t<meta property=\"og:image:width\" content=\"650\" \/>\n\t<meta property=\"og:image:height\" content=\"650\" \/>\n\t<meta property=\"og:image:type\" content=\"image\/jpeg\" \/>\n<meta name=\"twitter:card\" content=\"summary_large_image\" \/>\n<script type=\"application\/ld+json\" class=\"yoast-schema-graph\">{\"@context\":\"https:\/\/schema.org\",\"@graph\":[{\"@type\":\"WebPage\",\"@id\":\"https:\/\/yoestudiosalud.es\/produit\/tallador-cleoide-discoide\/\",\"url\":\"https:\/\/yoestudiosalud.es\/produit\/tallador-cleoide-discoide\/\",\"name\":\"INSTRUMENT CLEOID-DISCOID - yoestudiosalud.es\",\"isPartOf\":{\"@id\":\"https:\/\/yoestudiosalud.es\/en\/#website\"},\"primaryImageOfPage\":{\"@id\":\"https:\/\/yoestudiosalud.es\/produit\/tallador-cleoide-discoide\/#primaryimage\"},\"image\":{\"@id\":\"https:\/\/yoestudiosalud.es\/produit\/tallador-cleoide-discoide\/#primaryimage\"},\"thumbnailUrl\":\"https:\/\/yoestudiosalud.es\/wp-content\/uploads\/2018\/07\/000993B.jpg\",\"datePublished\":\"2018-07-12T17:20:27+00:00\",\"description\":\"Le Instrument Cleoid-Discoid est un instrument dentaire. Sa fonction est de donner une forme anatomique \u00e0 l'amalgame et de restaurer les contours naturels, ce qui permet d'obtenir une occlusion optimale. Il se compose de deux parties actives, une partie ronde (disco\u00efde) pour enlever l'exc\u00e8s de mat\u00e9riau et une partie en forme de lance (cl\u00e9o\u00efde) pour meuler l'anatomie.\",\"breadcrumb\":{\"@id\":\"https:\/\/yoestudiosalud.es\/produit\/tallador-cleoide-discoide\/#breadcrumb\"},\"inLanguage\":\"fr-FR\",\"potentialAction\":[{\"@type\":\"ReadAction\",\"target\":[\"https:\/\/yoestudiosalud.es\/produit\/tallador-cleoide-discoide\/\"]}]},{\"@type\":\"ImageObject\",\"inLanguage\":\"fr-FR\",\"@id\":\"https:\/\/yoestudiosalud.es\/produit\/tallador-cleoide-discoide\/#primaryimage\",\"url\":\"https:\/\/yoestudiosalud.es\/wp-content\/uploads\/2018\/07\/000993B.jpg\",\"contentUrl\":\"https:\/\/yoestudiosalud.es\/wp-content\/uploads\/2018\/07\/000993B.jpg\",\"width\":650,\"height\":650,\"caption\":\"INSTRUMENT CLEOID-DISCOID\"},{\"@type\":\"BreadcrumbList\",\"@id\":\"https:\/\/yoestudiosalud.es\/produit\/tallador-cleoide-discoide\/#breadcrumb\",\"itemListElement\":[{\"@type\":\"ListItem\",\"position\":1,\"name\":\"Portada\",\"item\":\"https:\/\/yoestudiosalud.es\/fr\/\"},{\"@type\":\"ListItem\",\"position\":2,\"name\":\"Boutique\",\"item\":\"https:\/\/yoestudiosalud.es\/fr\/boutique\/\"},{\"@type\":\"ListItem\",\"position\":3,\"name\":\"INSTRUMENT CLEOID-DISCOID\"}]},{\"@type\":\"WebSite\",\"@id\":\"https:\/\/yoestudiosalud.es\/en\/#website\",\"url\":\"https:\/\/yoestudiosalud.es\/en\/\",\"name\":\"yoestudiosalud.es\",\"description\":\"Material para estudiantes del sector salud\",\"publisher\":{\"@id\":\"https:\/\/yoestudiosalud.es\/en\/#organization\"},\"potentialAction\":[{\"@type\":\"SearchAction\",\"target\":{\"@type\":\"EntryPoint\",\"urlTemplate\":\"https:\/\/yoestudiosalud.es\/en\/?s={search_term_string}\"},\"query-input\":{\"@type\":\"PropertyValueSpecification\",\"valueRequired\":true,\"valueName\":\"search_term_string\"}}],\"inLanguage\":\"fr-FR\"},{\"@type\":\"Organization\",\"@id\":\"https:\/\/yoestudiosalud.es\/en\/#organization\",\"name\":\"yoestudiosalud.es\",\"url\":\"https:\/\/yoestudiosalud.es\/en\/\",\"logo\":{\"@type\":\"ImageObject\",\"inLanguage\":\"fr-FR\",\"@id\":\"https:\/\/yoestudiosalud.es\/en\/#\/schema\/logo\/image\/\",\"url\":\"https:\/\/yoestudiosalud.es\/wp-content\/uploads\/2020\/04\/logonew-e1698080827687.png\",\"contentUrl\":\"https:\/\/yoestudiosalud.es\/wp-content\/uploads\/2020\/04\/logonew-e1698080827687.png\",\"width\":421,\"height\":393,\"caption\":\"yoestudiosalud.es\"},\"image\":{\"@id\":\"https:\/\/yoestudiosalud.es\/en\/#\/schema\/logo\/image\/\"}}]}<\/script>\n<!-- \/ Yoast SEO Premium plugin. -->","yoast_head_json":{"title":"INSTRUMENT CLEOID-DISCOID - yoestudiosalud.es","description":"Le Instrument Cleoid-Discoid est un instrument dentaire. Sa fonction est de donner une forme anatomique \u00e0 l'amalgame et de restaurer les contours naturels, ce qui permet d'obtenir une occlusion optimale. Il se compose de deux parties actives, une partie ronde (disco\u00efde) pour enlever l'exc\u00e8s de mat\u00e9riau et une partie en forme de lance (cl\u00e9o\u00efde) pour meuler l'anatomie.","robots":{"index":"index","follow":"follow","max-snippet":"max-snippet:-1","max-image-preview":"max-image-preview:large","max-video-preview":"max-video-preview:-1"},"canonical":"https:\/\/yoestudiosalud.es\/produit\/tallador-cleoide-discoide\/","og_locale":"fr_FR","og_type":"article","og_title":"INSTRUMENT CLEOID-DISCOID","og_description":"Le Instrument Cleoid-Discoid est un instrument dentaire. Sa fonction est de donner une forme anatomique \u00e0 l'amalgame et de restaurer les contours naturels, ce qui permet d'obtenir une occlusion optimale. Il se compose de deux parties actives, une partie ronde (disco\u00efde) pour enlever l'exc\u00e8s de mat\u00e9riau et une partie en forme de lance (cl\u00e9o\u00efde) pour meuler l'anatomie.","og_url":"https:\/\/yoestudiosalud.es\/produit\/tallador-cleoide-discoide\/","og_site_name":"yoestudiosalud.es","og_image":[{"width":650,"height":650,"url":"https:\/\/yoestudiosalud.es\/wp-content\/uploads\/2018\/07\/000993B.jpg","type":"image\/jpeg"}],"twitter_card":"summary_large_image","schema":{"@context":"https:\/\/schema.org","@graph":[{"@type":"WebPage","@id":"https:\/\/yoestudiosalud.es\/produit\/tallador-cleoide-discoide\/","url":"https:\/\/yoestudiosalud.es\/produit\/tallador-cleoide-discoide\/","name":"INSTRUMENT CLEOID-DISCOID - yoestudiosalud.es","isPartOf":{"@id":"https:\/\/yoestudiosalud.es\/en\/#website"},"primaryImageOfPage":{"@id":"https:\/\/yoestudiosalud.es\/produit\/tallador-cleoide-discoide\/#primaryimage"},"image":{"@id":"https:\/\/yoestudiosalud.es\/produit\/tallador-cleoide-discoide\/#primaryimage"},"thumbnailUrl":"https:\/\/yoestudiosalud.es\/wp-content\/uploads\/2018\/07\/000993B.jpg","datePublished":"2018-07-12T17:20:27+00:00","description":"Le Instrument Cleoid-Discoid est un instrument dentaire. Sa fonction est de donner une forme anatomique \u00e0 l'amalgame et de restaurer les contours naturels, ce qui permet d'obtenir une occlusion optimale. Il se compose de deux parties actives, une partie ronde (disco\u00efde) pour enlever l'exc\u00e8s de mat\u00e9riau et une partie en forme de lance (cl\u00e9o\u00efde) pour meuler l'anatomie.","breadcrumb":{"@id":"https:\/\/yoestudiosalud.es\/produit\/tallador-cleoide-discoide\/#breadcrumb"},"inLanguage":"fr-FR","potentialAction":[{"@type":"ReadAction","target":["https:\/\/yoestudiosalud.es\/produit\/tallador-cleoide-discoide\/"]}]},{"@type":"ImageObject","inLanguage":"fr-FR","@id":"https:\/\/yoestudiosalud.es\/produit\/tallador-cleoide-discoide\/#primaryimage","url":"https:\/\/yoestudiosalud.es\/wp-content\/uploads\/2018\/07\/000993B.jpg","contentUrl":"https:\/\/yoestudiosalud.es\/wp-content\/uploads\/2018\/07\/000993B.jpg","width":650,"height":650,"caption":"INSTRUMENT CLEOID-DISCOID"},{"@type":"BreadcrumbList","@id":"https:\/\/yoestudiosalud.es\/produit\/tallador-cleoide-discoide\/#breadcrumb","itemListElement":[{"@type":"ListItem","position":1,"name":"Portada","item":"https:\/\/yoestudiosalud.es\/fr\/"},{"@type":"ListItem","position":2,"name":"Boutique","item":"https:\/\/yoestudiosalud.es\/fr\/boutique\/"},{"@type":"ListItem","position":3,"name":"INSTRUMENT CLEOID-DISCOID"}]},{"@type":"WebSite","@id":"https:\/\/yoestudiosalud.es\/en\/#website","url":"https:\/\/yoestudiosalud.es\/en\/","name":"yoestudiosalud.es","description":"Material para estudiantes del sector salud","publisher":{"@id":"https:\/\/yoestudiosalud.es\/en\/#organization"},"potentialAction":[{"@type":"SearchAction","target":{"@type":"EntryPoint","urlTemplate":"https:\/\/yoestudiosalud.es\/en\/?s={search_term_string}"},"query-input":{"@type":"PropertyValueSpecification","valueRequired":true,"valueName":"search_term_string"}}],"inLanguage":"fr-FR"},{"@type":"Organization","@id":"https:\/\/yoestudiosalud.es\/en\/#organization","name":"yoestudiosalud.es","url":"https:\/\/yoestudiosalud.es\/en\/","logo":{"@type":"ImageObject","inLanguage":"fr-FR","@id":"https:\/\/yoestudiosalud.es\/en\/#\/schema\/logo\/image\/","url":"https:\/\/yoestudiosalud.es\/wp-content\/uploads\/2020\/04\/logonew-e1698080827687.png","contentUrl":"https:\/\/yoestudiosalud.es\/wp-content\/uploads\/2020\/04\/logonew-e1698080827687.png","width":421,"height":393,"caption":"yoestudiosalud.es"},"image":{"@id":"https:\/\/yoestudiosalud.es\/en\/#\/schema\/logo\/image\/"}}]}},"_links":{"self":[{"href":"https:\/\/yoestudiosalud.es\/fr\/wp-json\/wp\/v2\/product\/27139","targetHints":{"allow":["GET"]}}],"collection":[{"href":"https:\/\/yoestudiosalud.es\/fr\/wp-json\/wp\/v2\/product"}],"about":[{"href":"https:\/\/yoestudiosalud.es\/fr\/wp-json\/wp\/v2\/types\/product"}],"wp:featuredmedia":[{"embeddable":true,"href":"https:\/\/yoestudiosalud.es\/fr\/wp-json\/wp\/v2\/media\/27141"}],"wp:attachment":[{"href":"https:\/\/yoestudiosalud.es\/fr\/wp-json\/wp\/v2\/media?parent=27139"}],"wp:term":[{"taxonomy":"product_brand","embeddable":true,"href":"https:\/\/yoestudiosalud.es\/fr\/wp-json\/wp\/v2\/product_brand?post=27139"},{"taxonomy":"product_cat","embeddable":true,"href":"https:\/\/yoestudiosalud.es\/fr\/wp-json\/wp\/v2\/product_cat?post=27139"},{"taxonomy":"product_tag","embeddable":true,"href":"https:\/\/yoestudiosalud.es\/fr\/wp-json\/wp\/v2\/product_tag?post=27139"}],"curies":[{"name":"wp","href":"https:\/\/api.w.org\/{rel}","templated":true}]}}