{"id":27131,"date":"2018-07-12T17:20:26","date_gmt":"2018-07-12T17:20:26","guid":{"rendered":"https:\/\/yoestudiosalud.es\/producto\/fouloirs-hollenback-carl-martin\/"},"modified":"2018-07-12T17:20:26","modified_gmt":"2018-07-12T17:20:26","slug":"fouloirs-hollenback-carl-martin","status":"publish","type":"product","link":"https:\/\/yoestudiosalud.es\/fr\/produit\/fouloirs-hollenback-carl-martin\/","title":{"rendered":"FOULOIRS HOLLENBACK CARL MARTIN"},"content":{"rendered":"<p>Le Fouloirs Carl Martin hollenback #1\/2. Instrument dentaire permettant de sculpter et de mouler le mat\u00e9riau d&#8217;obturation souple pour l&#8217;adapter \u00e0 la morphologie et \u00e0 l&#8217;anatomie de la dent.<\/p>\n","protected":false},"excerpt":{"rendered":"<p>Le Fouloirs Carl Martin hollenback #1\/2. Instrument dentaire permettant de sculpter et de mouler le mat\u00e9riau d&#8217;obturation souple pour l&#8217;adapter \u00e0 la morphologie et \u00e0 l&#8217;anatomie de la dent.<\/p>\n","protected":false},"featured_media":27134,"template":"","meta":[],"product_brand":[],"product_cat":[669],"product_tag":[],"class_list":{"0":"post-27131","1":"product","2":"type-product","3":"status-publish","4":"has-post-thumbnail","6":"product_cat-general-fr","7":"pa_formacion-odontologia-fr","9":"first","10":"instock","11":"sale","12":"taxable","13":"shipping-taxable","14":"purchasable","15":"product-type-simple"},"yoast_head":"<!-- This site is optimized with the Yoast SEO Premium plugin v27.0 (Yoast SEO v27.2) - https:\/\/yoast.com\/product\/yoast-seo-premium-wordpress\/ -->\n<title>FOULOIRS HOLLENBACK CARL MARTIN - yoestudiosalud.es<\/title>\n<meta name=\"description\" content=\"Le Fouloirs Carl Martin hollenback #1\/2. Instrument dentaire permettant de sculpter et de mouler le mat\u00e9riau d&#039;obturation souple pour l&#039;adapter \u00e0 la morphologie et \u00e0 l&#039;anatomie de la dent.\" \/>\n<meta name=\"robots\" content=\"index, follow, max-snippet:-1, max-image-preview:large, max-video-preview:-1\" \/>\n<link rel=\"canonical\" href=\"https:\/\/yoestudiosalud.es\/produit\/recortador-hollenback-carl-martin\/\" \/>\n<meta property=\"og:locale\" content=\"fr_FR\" \/>\n<meta property=\"og:type\" content=\"article\" \/>\n<meta property=\"og:title\" content=\"FOULOIRS HOLLENBACK CARL MARTIN\" \/>\n<meta property=\"og:description\" content=\"Le Fouloirs Carl Martin hollenback #1\/2. Instrument dentaire permettant de sculpter et de mouler le mat\u00e9riau d&#039;obturation souple pour l&#039;adapter \u00e0 la morphologie et \u00e0 l&#039;anatomie de la dent.\" \/>\n<meta property=\"og:url\" content=\"https:\/\/yoestudiosalud.es\/produit\/recortador-hollenback-carl-martin\/\" \/>\n<meta property=\"og:site_name\" content=\"yoestudiosalud.es\" \/>\n<meta property=\"og:image\" content=\"https:\/\/yoestudiosalud.es\/wp-content\/uploads\/2018\/07\/002256-2.jpg\" \/>\n\t<meta property=\"og:image:width\" content=\"650\" \/>\n\t<meta property=\"og:image:height\" content=\"650\" \/>\n\t<meta property=\"og:image:type\" content=\"image\/jpeg\" \/>\n<meta name=\"twitter:card\" content=\"summary_large_image\" \/>\n<script type=\"application\/ld+json\" class=\"yoast-schema-graph\">{\"@context\":\"https:\/\/schema.org\",\"@graph\":[{\"@type\":\"WebPage\",\"@id\":\"https:\/\/yoestudiosalud.es\/produit\/recortador-hollenback-carl-martin\/\",\"url\":\"https:\/\/yoestudiosalud.es\/produit\/recortador-hollenback-carl-martin\/\",\"name\":\"FOULOIRS HOLLENBACK CARL MARTIN - yoestudiosalud.es\",\"isPartOf\":{\"@id\":\"https:\/\/yoestudiosalud.es\/en\/#website\"},\"primaryImageOfPage\":{\"@id\":\"https:\/\/yoestudiosalud.es\/produit\/recortador-hollenback-carl-martin\/#primaryimage\"},\"image\":{\"@id\":\"https:\/\/yoestudiosalud.es\/produit\/recortador-hollenback-carl-martin\/#primaryimage\"},\"thumbnailUrl\":\"https:\/\/yoestudiosalud.es\/wp-content\/uploads\/2018\/07\/002256-2.jpg\",\"datePublished\":\"2018-07-12T17:20:26+00:00\",\"description\":\"Le Fouloirs Carl Martin hollenback #1\/2. Instrument dentaire permettant de sculpter et de mouler le mat\u00e9riau d'obturation souple pour l'adapter \u00e0 la morphologie et \u00e0 l'anatomie de la dent.\",\"breadcrumb\":{\"@id\":\"https:\/\/yoestudiosalud.es\/produit\/recortador-hollenback-carl-martin\/#breadcrumb\"},\"inLanguage\":\"fr-FR\",\"potentialAction\":[{\"@type\":\"ReadAction\",\"target\":[\"https:\/\/yoestudiosalud.es\/produit\/recortador-hollenback-carl-martin\/\"]}]},{\"@type\":\"ImageObject\",\"inLanguage\":\"fr-FR\",\"@id\":\"https:\/\/yoestudiosalud.es\/produit\/recortador-hollenback-carl-martin\/#primaryimage\",\"url\":\"https:\/\/yoestudiosalud.es\/wp-content\/uploads\/2018\/07\/002256-2.jpg\",\"contentUrl\":\"https:\/\/yoestudiosalud.es\/wp-content\/uploads\/2018\/07\/002256-2.jpg\",\"width\":650,\"height\":650,\"caption\":\"FOULOIRS HOLLENBACK CARL MARTIN\"},{\"@type\":\"BreadcrumbList\",\"@id\":\"https:\/\/yoestudiosalud.es\/produit\/recortador-hollenback-carl-martin\/#breadcrumb\",\"itemListElement\":[{\"@type\":\"ListItem\",\"position\":1,\"name\":\"Portada\",\"item\":\"https:\/\/yoestudiosalud.es\/fr\/\"},{\"@type\":\"ListItem\",\"position\":2,\"name\":\"Boutique\",\"item\":\"https:\/\/yoestudiosalud.es\/fr\/boutique\/\"},{\"@type\":\"ListItem\",\"position\":3,\"name\":\"FOULOIRS HOLLENBACK CARL MARTIN\"}]},{\"@type\":\"WebSite\",\"@id\":\"https:\/\/yoestudiosalud.es\/en\/#website\",\"url\":\"https:\/\/yoestudiosalud.es\/en\/\",\"name\":\"yoestudiosalud.es\",\"description\":\"Material para estudiantes del sector salud\",\"publisher\":{\"@id\":\"https:\/\/yoestudiosalud.es\/en\/#organization\"},\"potentialAction\":[{\"@type\":\"SearchAction\",\"target\":{\"@type\":\"EntryPoint\",\"urlTemplate\":\"https:\/\/yoestudiosalud.es\/en\/?s={search_term_string}\"},\"query-input\":{\"@type\":\"PropertyValueSpecification\",\"valueRequired\":true,\"valueName\":\"search_term_string\"}}],\"inLanguage\":\"fr-FR\"},{\"@type\":\"Organization\",\"@id\":\"https:\/\/yoestudiosalud.es\/en\/#organization\",\"name\":\"yoestudiosalud.es\",\"url\":\"https:\/\/yoestudiosalud.es\/en\/\",\"logo\":{\"@type\":\"ImageObject\",\"inLanguage\":\"fr-FR\",\"@id\":\"https:\/\/yoestudiosalud.es\/en\/#\/schema\/logo\/image\/\",\"url\":\"https:\/\/yoestudiosalud.es\/wp-content\/uploads\/2020\/04\/logonew-e1698080827687.png\",\"contentUrl\":\"https:\/\/yoestudiosalud.es\/wp-content\/uploads\/2020\/04\/logonew-e1698080827687.png\",\"width\":421,\"height\":393,\"caption\":\"yoestudiosalud.es\"},\"image\":{\"@id\":\"https:\/\/yoestudiosalud.es\/en\/#\/schema\/logo\/image\/\"}}]}<\/script>\n<!-- \/ Yoast SEO Premium plugin. -->","yoast_head_json":{"title":"FOULOIRS HOLLENBACK CARL MARTIN - yoestudiosalud.es","description":"Le Fouloirs Carl Martin hollenback #1\/2. Instrument dentaire permettant de sculpter et de mouler le mat\u00e9riau d'obturation souple pour l'adapter \u00e0 la morphologie et \u00e0 l'anatomie de la dent.","robots":{"index":"index","follow":"follow","max-snippet":"max-snippet:-1","max-image-preview":"max-image-preview:large","max-video-preview":"max-video-preview:-1"},"canonical":"https:\/\/yoestudiosalud.es\/produit\/recortador-hollenback-carl-martin\/","og_locale":"fr_FR","og_type":"article","og_title":"FOULOIRS HOLLENBACK CARL MARTIN","og_description":"Le Fouloirs Carl Martin hollenback #1\/2. Instrument dentaire permettant de sculpter et de mouler le mat\u00e9riau d'obturation souple pour l'adapter \u00e0 la morphologie et \u00e0 l'anatomie de la dent.","og_url":"https:\/\/yoestudiosalud.es\/produit\/recortador-hollenback-carl-martin\/","og_site_name":"yoestudiosalud.es","og_image":[{"width":650,"height":650,"url":"https:\/\/yoestudiosalud.es\/wp-content\/uploads\/2018\/07\/002256-2.jpg","type":"image\/jpeg"}],"twitter_card":"summary_large_image","schema":{"@context":"https:\/\/schema.org","@graph":[{"@type":"WebPage","@id":"https:\/\/yoestudiosalud.es\/produit\/recortador-hollenback-carl-martin\/","url":"https:\/\/yoestudiosalud.es\/produit\/recortador-hollenback-carl-martin\/","name":"FOULOIRS HOLLENBACK CARL MARTIN - yoestudiosalud.es","isPartOf":{"@id":"https:\/\/yoestudiosalud.es\/en\/#website"},"primaryImageOfPage":{"@id":"https:\/\/yoestudiosalud.es\/produit\/recortador-hollenback-carl-martin\/#primaryimage"},"image":{"@id":"https:\/\/yoestudiosalud.es\/produit\/recortador-hollenback-carl-martin\/#primaryimage"},"thumbnailUrl":"https:\/\/yoestudiosalud.es\/wp-content\/uploads\/2018\/07\/002256-2.jpg","datePublished":"2018-07-12T17:20:26+00:00","description":"Le Fouloirs Carl Martin hollenback #1\/2. Instrument dentaire permettant de sculpter et de mouler le mat\u00e9riau d'obturation souple pour l'adapter \u00e0 la morphologie et \u00e0 l'anatomie de la dent.","breadcrumb":{"@id":"https:\/\/yoestudiosalud.es\/produit\/recortador-hollenback-carl-martin\/#breadcrumb"},"inLanguage":"fr-FR","potentialAction":[{"@type":"ReadAction","target":["https:\/\/yoestudiosalud.es\/produit\/recortador-hollenback-carl-martin\/"]}]},{"@type":"ImageObject","inLanguage":"fr-FR","@id":"https:\/\/yoestudiosalud.es\/produit\/recortador-hollenback-carl-martin\/#primaryimage","url":"https:\/\/yoestudiosalud.es\/wp-content\/uploads\/2018\/07\/002256-2.jpg","contentUrl":"https:\/\/yoestudiosalud.es\/wp-content\/uploads\/2018\/07\/002256-2.jpg","width":650,"height":650,"caption":"FOULOIRS HOLLENBACK CARL MARTIN"},{"@type":"BreadcrumbList","@id":"https:\/\/yoestudiosalud.es\/produit\/recortador-hollenback-carl-martin\/#breadcrumb","itemListElement":[{"@type":"ListItem","position":1,"name":"Portada","item":"https:\/\/yoestudiosalud.es\/fr\/"},{"@type":"ListItem","position":2,"name":"Boutique","item":"https:\/\/yoestudiosalud.es\/fr\/boutique\/"},{"@type":"ListItem","position":3,"name":"FOULOIRS HOLLENBACK CARL MARTIN"}]},{"@type":"WebSite","@id":"https:\/\/yoestudiosalud.es\/en\/#website","url":"https:\/\/yoestudiosalud.es\/en\/","name":"yoestudiosalud.es","description":"Material para estudiantes del sector salud","publisher":{"@id":"https:\/\/yoestudiosalud.es\/en\/#organization"},"potentialAction":[{"@type":"SearchAction","target":{"@type":"EntryPoint","urlTemplate":"https:\/\/yoestudiosalud.es\/en\/?s={search_term_string}"},"query-input":{"@type":"PropertyValueSpecification","valueRequired":true,"valueName":"search_term_string"}}],"inLanguage":"fr-FR"},{"@type":"Organization","@id":"https:\/\/yoestudiosalud.es\/en\/#organization","name":"yoestudiosalud.es","url":"https:\/\/yoestudiosalud.es\/en\/","logo":{"@type":"ImageObject","inLanguage":"fr-FR","@id":"https:\/\/yoestudiosalud.es\/en\/#\/schema\/logo\/image\/","url":"https:\/\/yoestudiosalud.es\/wp-content\/uploads\/2020\/04\/logonew-e1698080827687.png","contentUrl":"https:\/\/yoestudiosalud.es\/wp-content\/uploads\/2020\/04\/logonew-e1698080827687.png","width":421,"height":393,"caption":"yoestudiosalud.es"},"image":{"@id":"https:\/\/yoestudiosalud.es\/en\/#\/schema\/logo\/image\/"}}]}},"_links":{"self":[{"href":"https:\/\/yoestudiosalud.es\/fr\/wp-json\/wp\/v2\/product\/27131","targetHints":{"allow":["GET"]}}],"collection":[{"href":"https:\/\/yoestudiosalud.es\/fr\/wp-json\/wp\/v2\/product"}],"about":[{"href":"https:\/\/yoestudiosalud.es\/fr\/wp-json\/wp\/v2\/types\/product"}],"wp:featuredmedia":[{"embeddable":true,"href":"https:\/\/yoestudiosalud.es\/fr\/wp-json\/wp\/v2\/media\/27134"}],"wp:attachment":[{"href":"https:\/\/yoestudiosalud.es\/fr\/wp-json\/wp\/v2\/media?parent=27131"}],"wp:term":[{"taxonomy":"product_brand","embeddable":true,"href":"https:\/\/yoestudiosalud.es\/fr\/wp-json\/wp\/v2\/product_brand?post=27131"},{"taxonomy":"product_cat","embeddable":true,"href":"https:\/\/yoestudiosalud.es\/fr\/wp-json\/wp\/v2\/product_cat?post=27131"},{"taxonomy":"product_tag","embeddable":true,"href":"https:\/\/yoestudiosalud.es\/fr\/wp-json\/wp\/v2\/product_tag?post=27131"}],"curies":[{"name":"wp","href":"https:\/\/api.w.org\/{rel}","templated":true}]}}