{"id":27116,"date":"2018-07-12T17:20:23","date_gmt":"2018-07-12T17:20:23","guid":{"rendered":"https:\/\/yoestudiosalud.es\/producto\/sonde-parodontale-cp11\/"},"modified":"2025-06-25T23:11:36","modified_gmt":"2025-06-25T21:11:36","slug":"sonde-parodontale-cp11","status":"publish","type":"product","link":"https:\/\/yoestudiosalud.es\/fr\/produit\/sonde-parodontale-cp11\/","title":{"rendered":"SONDE PARODONTALE CP11"},"content":{"rendered":"<p>La sonde parodontale CP11 est un instrument tr\u00e8s fin, calibr\u00e9 millim\u00e8tre par millim\u00e8tre, qui permet de p\u00e9n\u00e9trer dans la poche parodontale en toute s\u00e9curit\u00e9 et de conna\u00eetre avec pr\u00e9cision la profondeur de la poche gr\u00e2ce \u00e0 ses rep\u00e8res de mesure. Convient aux sp\u00e9cialit\u00e9s de la dentisterie et de la parodontologie.<\/p>\n","protected":false},"excerpt":{"rendered":"<p>La sonde parodontale CP11 est un instrument tr\u00e8s fin, calibr\u00e9  [&#8230;]<\/p>\n","protected":false},"featured_media":27119,"template":"","meta":[],"product_brand":[],"product_cat":[712],"product_tag":[692,703,774],"class_list":{"0":"post-27116","1":"product","2":"type-product","3":"status-publish","4":"has-post-thumbnail","6":"product_cat-periodontie-fr","7":"product_tag-uev2","8":"product_tag-uemc_prd-fr","9":"product_tag-ucm4-fr","10":"pa_formacion-odontologia-fr","11":"pa_sonda-periodontal-cp11-fr","12":"pa_sonda-periodontal-cp12-fr","13":"pa_sonda-periodontal-cp15-fr","14":"pa_universidades-universidad-europea-de-valencia-uev-fr","16":"first","17":"instock","18":"sale","19":"taxable","20":"shipping-taxable","21":"purchasable","22":"product-type-simple"},"yoast_head":"<!-- This site is optimized with the Yoast SEO Premium plugin v27.0 (Yoast SEO v27.4) - https:\/\/yoast.com\/product\/yoast-seo-premium-wordpress\/ -->\n<title>SONDE PARODONTALE CP11 - yoestudiosalud.es Dep\u00f3sito dental<\/title>\n<meta name=\"description\" content=\"La sonde parodontale CP11 est un instrument tr\u00e8s fin, calibr\u00e9 millim\u00e8tre par millim\u00e8tre, qui permet de p\u00e9n\u00e9trer dans la poche parodontale en toute s\u00e9curit\u00e9 et de conna\u00eetre avec pr\u00e9cision la profondeur de la poche gr\u00e2ce \u00e0 ses rep\u00e8res de mesure. Convient aux sp\u00e9cialit\u00e9s de la dentisterie et de la parodontologie.\" \/>\n<meta name=\"robots\" content=\"index, follow, max-snippet:-1, max-image-preview:large, max-video-preview:-1\" \/>\n<link rel=\"canonical\" href=\"https:\/\/yoestudiosalud.es\/fr\/produit\/sonde-parodontale-cp11\/\" \/>\n<meta property=\"og:locale\" content=\"fr_FR\" \/>\n<meta property=\"og:type\" content=\"article\" \/>\n<meta property=\"og:title\" content=\"SONDE PARODONTALE CP11\" \/>\n<meta property=\"og:description\" content=\"La sonde parodontale CP11 est un instrument tr\u00e8s fin, calibr\u00e9 millim\u00e8tre par millim\u00e8tre, qui permet de p\u00e9n\u00e9trer dans la poche parodontale en toute s\u00e9curit\u00e9 et de conna\u00eetre avec pr\u00e9cision la profondeur de la poche gr\u00e2ce \u00e0 ses rep\u00e8res de mesure. Convient aux sp\u00e9cialit\u00e9s de la dentisterie et de la parodontologie.\" \/>\n<meta property=\"og:url\" content=\"https:\/\/yoestudiosalud.es\/fr\/produit\/sonde-parodontale-cp11\/\" \/>\n<meta property=\"og:site_name\" content=\"yoestudiosalud.es\" \/>\n<meta property=\"article:modified_time\" content=\"2025-06-25T21:11:36+00:00\" \/>\n<meta property=\"og:image\" content=\"https:\/\/yoestudiosalud.es\/wp-content\/uploads\/2018\/07\/002807B.jpg\" \/>\n\t<meta property=\"og:image:width\" content=\"650\" \/>\n\t<meta property=\"og:image:height\" content=\"650\" \/>\n\t<meta property=\"og:image:type\" content=\"image\/jpeg\" \/>\n<meta name=\"twitter:card\" content=\"summary_large_image\" \/>\n<script type=\"application\/ld+json\" class=\"yoast-schema-graph\">{\"@context\":\"https:\\\/\\\/schema.org\",\"@graph\":[{\"@type\":\"WebPage\",\"@id\":\"https:\\\/\\\/yoestudiosalud.es\\\/fr\\\/produit\\\/sonde-parodontale-cp11\\\/\",\"url\":\"https:\\\/\\\/yoestudiosalud.es\\\/fr\\\/produit\\\/sonde-parodontale-cp11\\\/\",\"name\":\"SONDE PARODONTALE CP11 - yoestudiosalud.es Dep\u00f3sito dental\",\"isPartOf\":{\"@id\":\"https:\\\/\\\/yoestudiosalud.es\\\/en\\\/#website\"},\"primaryImageOfPage\":{\"@id\":\"https:\\\/\\\/yoestudiosalud.es\\\/fr\\\/produit\\\/sonde-parodontale-cp11\\\/#primaryimage\"},\"image\":{\"@id\":\"https:\\\/\\\/yoestudiosalud.es\\\/fr\\\/produit\\\/sonde-parodontale-cp11\\\/#primaryimage\"},\"thumbnailUrl\":\"https:\\\/\\\/yoestudiosalud.es\\\/wp-content\\\/uploads\\\/2018\\\/07\\\/002807B.jpg\",\"datePublished\":\"2018-07-12T17:20:23+00:00\",\"dateModified\":\"2025-06-25T21:11:36+00:00\",\"description\":\"La sonde parodontale CP11 est un instrument tr\u00e8s fin, calibr\u00e9 millim\u00e8tre par millim\u00e8tre, qui permet de p\u00e9n\u00e9trer dans la poche parodontale en toute s\u00e9curit\u00e9 et de conna\u00eetre avec pr\u00e9cision la profondeur de la poche gr\u00e2ce \u00e0 ses rep\u00e8res de mesure. Convient aux sp\u00e9cialit\u00e9s de la dentisterie et de la parodontologie.\",\"breadcrumb\":{\"@id\":\"https:\\\/\\\/yoestudiosalud.es\\\/fr\\\/produit\\\/sonde-parodontale-cp11\\\/#breadcrumb\"},\"inLanguage\":\"fr-FR\",\"potentialAction\":[{\"@type\":\"ReadAction\",\"target\":[\"https:\\\/\\\/yoestudiosalud.es\\\/fr\\\/produit\\\/sonde-parodontale-cp11\\\/\"]}]},{\"@type\":\"ImageObject\",\"inLanguage\":\"fr-FR\",\"@id\":\"https:\\\/\\\/yoestudiosalud.es\\\/fr\\\/produit\\\/sonde-parodontale-cp11\\\/#primaryimage\",\"url\":\"https:\\\/\\\/yoestudiosalud.es\\\/wp-content\\\/uploads\\\/2018\\\/07\\\/002807B.jpg\",\"contentUrl\":\"https:\\\/\\\/yoestudiosalud.es\\\/wp-content\\\/uploads\\\/2018\\\/07\\\/002807B.jpg\",\"width\":650,\"height\":650,\"caption\":\"SONDE PARODONTALE CP11\"},{\"@type\":\"BreadcrumbList\",\"@id\":\"https:\\\/\\\/yoestudiosalud.es\\\/fr\\\/produit\\\/sonde-parodontale-cp11\\\/#breadcrumb\",\"itemListElement\":[{\"@type\":\"ListItem\",\"position\":1,\"name\":\"Portada\",\"item\":\"https:\\\/\\\/yoestudiosalud.es\\\/fr\\\/\"},{\"@type\":\"ListItem\",\"position\":2,\"name\":\"Boutique\",\"item\":\"https:\\\/\\\/yoestudiosalud.es\\\/fr\\\/boutique\\\/\"},{\"@type\":\"ListItem\",\"position\":3,\"name\":\"SONDE PARODONTALE CP11\"}]},{\"@type\":\"WebSite\",\"@id\":\"https:\\\/\\\/yoestudiosalud.es\\\/en\\\/#website\",\"url\":\"https:\\\/\\\/yoestudiosalud.es\\\/en\\\/\",\"name\":\"yoestudiosalud.es\",\"description\":\"Material para estudiantes del sector salud\",\"publisher\":{\"@id\":\"https:\\\/\\\/yoestudiosalud.es\\\/en\\\/#organization\"},\"potentialAction\":[{\"@type\":\"SearchAction\",\"target\":{\"@type\":\"EntryPoint\",\"urlTemplate\":\"https:\\\/\\\/yoestudiosalud.es\\\/en\\\/?s={search_term_string}\"},\"query-input\":{\"@type\":\"PropertyValueSpecification\",\"valueRequired\":true,\"valueName\":\"search_term_string\"}}],\"inLanguage\":\"fr-FR\"},{\"@type\":\"Organization\",\"@id\":\"https:\\\/\\\/yoestudiosalud.es\\\/en\\\/#organization\",\"name\":\"yoestudiosalud.es\",\"url\":\"https:\\\/\\\/yoestudiosalud.es\\\/en\\\/\",\"logo\":{\"@type\":\"ImageObject\",\"inLanguage\":\"fr-FR\",\"@id\":\"https:\\\/\\\/yoestudiosalud.es\\\/en\\\/#\\\/schema\\\/logo\\\/image\\\/\",\"url\":\"https:\\\/\\\/yoestudiosalud.es\\\/wp-content\\\/uploads\\\/2020\\\/04\\\/logonew-e1698080827687.png\",\"contentUrl\":\"https:\\\/\\\/yoestudiosalud.es\\\/wp-content\\\/uploads\\\/2020\\\/04\\\/logonew-e1698080827687.png\",\"width\":421,\"height\":393,\"caption\":\"yoestudiosalud.es\"},\"image\":{\"@id\":\"https:\\\/\\\/yoestudiosalud.es\\\/en\\\/#\\\/schema\\\/logo\\\/image\\\/\"}}]}<\/script>\n<!-- \/ Yoast SEO Premium plugin. -->","yoast_head_json":{"title":"SONDE PARODONTALE CP11 - yoestudiosalud.es Dep\u00f3sito dental","description":"La sonde parodontale CP11 est un instrument tr\u00e8s fin, calibr\u00e9 millim\u00e8tre par millim\u00e8tre, qui permet de p\u00e9n\u00e9trer dans la poche parodontale en toute s\u00e9curit\u00e9 et de conna\u00eetre avec pr\u00e9cision la profondeur de la poche gr\u00e2ce \u00e0 ses rep\u00e8res de mesure. Convient aux sp\u00e9cialit\u00e9s de la dentisterie et de la parodontologie.","robots":{"index":"index","follow":"follow","max-snippet":"max-snippet:-1","max-image-preview":"max-image-preview:large","max-video-preview":"max-video-preview:-1"},"canonical":"https:\/\/yoestudiosalud.es\/fr\/produit\/sonde-parodontale-cp11\/","og_locale":"fr_FR","og_type":"article","og_title":"SONDE PARODONTALE CP11","og_description":"La sonde parodontale CP11 est un instrument tr\u00e8s fin, calibr\u00e9 millim\u00e8tre par millim\u00e8tre, qui permet de p\u00e9n\u00e9trer dans la poche parodontale en toute s\u00e9curit\u00e9 et de conna\u00eetre avec pr\u00e9cision la profondeur de la poche gr\u00e2ce \u00e0 ses rep\u00e8res de mesure. Convient aux sp\u00e9cialit\u00e9s de la dentisterie et de la parodontologie.","og_url":"https:\/\/yoestudiosalud.es\/fr\/produit\/sonde-parodontale-cp11\/","og_site_name":"yoestudiosalud.es","article_modified_time":"2025-06-25T21:11:36+00:00","og_image":[{"width":650,"height":650,"url":"https:\/\/yoestudiosalud.es\/wp-content\/uploads\/2018\/07\/002807B.jpg","type":"image\/jpeg"}],"twitter_card":"summary_large_image","schema":{"@context":"https:\/\/schema.org","@graph":[{"@type":"WebPage","@id":"https:\/\/yoestudiosalud.es\/fr\/produit\/sonde-parodontale-cp11\/","url":"https:\/\/yoestudiosalud.es\/fr\/produit\/sonde-parodontale-cp11\/","name":"SONDE PARODONTALE CP11 - yoestudiosalud.es Dep\u00f3sito dental","isPartOf":{"@id":"https:\/\/yoestudiosalud.es\/en\/#website"},"primaryImageOfPage":{"@id":"https:\/\/yoestudiosalud.es\/fr\/produit\/sonde-parodontale-cp11\/#primaryimage"},"image":{"@id":"https:\/\/yoestudiosalud.es\/fr\/produit\/sonde-parodontale-cp11\/#primaryimage"},"thumbnailUrl":"https:\/\/yoestudiosalud.es\/wp-content\/uploads\/2018\/07\/002807B.jpg","datePublished":"2018-07-12T17:20:23+00:00","dateModified":"2025-06-25T21:11:36+00:00","description":"La sonde parodontale CP11 est un instrument tr\u00e8s fin, calibr\u00e9 millim\u00e8tre par millim\u00e8tre, qui permet de p\u00e9n\u00e9trer dans la poche parodontale en toute s\u00e9curit\u00e9 et de conna\u00eetre avec pr\u00e9cision la profondeur de la poche gr\u00e2ce \u00e0 ses rep\u00e8res de mesure. Convient aux sp\u00e9cialit\u00e9s de la dentisterie et de la parodontologie.","breadcrumb":{"@id":"https:\/\/yoestudiosalud.es\/fr\/produit\/sonde-parodontale-cp11\/#breadcrumb"},"inLanguage":"fr-FR","potentialAction":[{"@type":"ReadAction","target":["https:\/\/yoestudiosalud.es\/fr\/produit\/sonde-parodontale-cp11\/"]}]},{"@type":"ImageObject","inLanguage":"fr-FR","@id":"https:\/\/yoestudiosalud.es\/fr\/produit\/sonde-parodontale-cp11\/#primaryimage","url":"https:\/\/yoestudiosalud.es\/wp-content\/uploads\/2018\/07\/002807B.jpg","contentUrl":"https:\/\/yoestudiosalud.es\/wp-content\/uploads\/2018\/07\/002807B.jpg","width":650,"height":650,"caption":"SONDE PARODONTALE CP11"},{"@type":"BreadcrumbList","@id":"https:\/\/yoestudiosalud.es\/fr\/produit\/sonde-parodontale-cp11\/#breadcrumb","itemListElement":[{"@type":"ListItem","position":1,"name":"Portada","item":"https:\/\/yoestudiosalud.es\/fr\/"},{"@type":"ListItem","position":2,"name":"Boutique","item":"https:\/\/yoestudiosalud.es\/fr\/boutique\/"},{"@type":"ListItem","position":3,"name":"SONDE PARODONTALE CP11"}]},{"@type":"WebSite","@id":"https:\/\/yoestudiosalud.es\/en\/#website","url":"https:\/\/yoestudiosalud.es\/en\/","name":"yoestudiosalud.es","description":"Material para estudiantes del sector salud","publisher":{"@id":"https:\/\/yoestudiosalud.es\/en\/#organization"},"potentialAction":[{"@type":"SearchAction","target":{"@type":"EntryPoint","urlTemplate":"https:\/\/yoestudiosalud.es\/en\/?s={search_term_string}"},"query-input":{"@type":"PropertyValueSpecification","valueRequired":true,"valueName":"search_term_string"}}],"inLanguage":"fr-FR"},{"@type":"Organization","@id":"https:\/\/yoestudiosalud.es\/en\/#organization","name":"yoestudiosalud.es","url":"https:\/\/yoestudiosalud.es\/en\/","logo":{"@type":"ImageObject","inLanguage":"fr-FR","@id":"https:\/\/yoestudiosalud.es\/en\/#\/schema\/logo\/image\/","url":"https:\/\/yoestudiosalud.es\/wp-content\/uploads\/2020\/04\/logonew-e1698080827687.png","contentUrl":"https:\/\/yoestudiosalud.es\/wp-content\/uploads\/2020\/04\/logonew-e1698080827687.png","width":421,"height":393,"caption":"yoestudiosalud.es"},"image":{"@id":"https:\/\/yoestudiosalud.es\/en\/#\/schema\/logo\/image\/"}}]}},"_links":{"self":[{"href":"https:\/\/yoestudiosalud.es\/fr\/wp-json\/wp\/v2\/product\/27116","targetHints":{"allow":["GET"]}}],"collection":[{"href":"https:\/\/yoestudiosalud.es\/fr\/wp-json\/wp\/v2\/product"}],"about":[{"href":"https:\/\/yoestudiosalud.es\/fr\/wp-json\/wp\/v2\/types\/product"}],"wp:featuredmedia":[{"embeddable":true,"href":"https:\/\/yoestudiosalud.es\/fr\/wp-json\/wp\/v2\/media\/27119"}],"wp:attachment":[{"href":"https:\/\/yoestudiosalud.es\/fr\/wp-json\/wp\/v2\/media?parent=27116"}],"wp:term":[{"taxonomy":"product_brand","embeddable":true,"href":"https:\/\/yoestudiosalud.es\/fr\/wp-json\/wp\/v2\/product_brand?post=27116"},{"taxonomy":"product_cat","embeddable":true,"href":"https:\/\/yoestudiosalud.es\/fr\/wp-json\/wp\/v2\/product_cat?post=27116"},{"taxonomy":"product_tag","embeddable":true,"href":"https:\/\/yoestudiosalud.es\/fr\/wp-json\/wp\/v2\/product_tag?post=27116"}],"curies":[{"name":"wp","href":"https:\/\/api.w.org\/{rel}","templated":true}]}}