{"id":27099,"date":"2021-08-13T11:02:16","date_gmt":"2021-08-13T11:02:16","guid":{"rendered":"https:\/\/yoestudiosalud.es\/producto\/articulateur-et-arche-elitebio-art-4000s\/"},"modified":"2025-04-15T11:42:48","modified_gmt":"2025-04-15T11:42:48","slug":"articulateur-et-arche-elitebio-art-4000s","status":"publish","type":"product","link":"https:\/\/yoestudiosalud.es\/fr\/produit\/articulateur-et-arche-elitebio-art-4000s\/","title":{"rendered":"ARTICULATEUR ET ARCHE ELITE<br>BIO-ART 4000S"},"content":{"rendered":"<p>L&#8217;articulateur Bio-Art 4000s avec arc facial de type Elite est l&#8217;ensemble id\u00e9al pour les cabinets proth\u00e9tiques des \u00e9tudiants universitaires en m\u00e9decine dentaire.<\/p>\n<p>&nbsp;<\/p>\n<p><strong>L&#8217;articulateur dentaire Bio Art 4000-S<\/strong> est un appareil semi-r\u00e9glable utilis\u00e9 en dentisterie pour reproduire les positions maxillo-mandibulaires. Ci-dessous un r\u00e9capitulatif de cet articulateur et de sa compatibilit\u00e9 avec l&#8217;arc facial Elite :<\/p>\n<p>&nbsp;<\/p>\n<ol>\n<li>Caract\u00e9ristiques de <strong>l&#8217;articulateur 4000-S<\/strong>:<\/li>\n<\/ol>\n<ul>\n<li style=\"list-style-type: none;\">\n<ul>\n<li><strong>Type Arcon<\/strong> : Le 4000-S suit la conception traditionnelle des articulateurs semi-r\u00e9glables. Gr\u00e2ce \u00e0 sa structure en aluminium, il garantit une durabilit\u00e9 et une grande stabilit\u00e9.<\/li>\n<li><strong>Reproduction de position<\/strong> : Permet de reproduire les positions maxillo-mandibulaires, ce qui est essentiel \u00e0 la planification des traitements dentaires.<\/li>\n<li><strong>Stabilisation :<\/strong> Il dispose d&#8217;un syst\u00e8me de stabilisation qui am\u00e9liore la pr\u00e9cision des mouvements articulaires.<\/li>\n<li><strong>Guide condylien incurv\u00e9<\/strong> : Le guide condylien incurv\u00e9 assure une occlusion correcte et une r\u00e9partition uniforme des forces de mastication.<\/li>\n<li><strong>Angle Bennet r\u00e9glable<\/strong> : l&#8217;angle Bennet peut \u00eatre ajust\u00e9 en fonction des besoins du patient.<\/li>\n<\/ul>\n<\/li>\n<\/ul>\n<ol start=\"2\">\n<li>Compatibilit\u00e9 de l&#8217;arc facial\u00a0:<\/li>\n<\/ol>\n<ul>\n<li style=\"list-style-type: none;\">\n<ul>\n<li><strong>L&#8217;articulateur 4000-S<\/strong> est compatible avec les arcs faciaux Standard et Elite.<\/li>\n<li><strong>Elite Face Bow<\/strong> : Cet arc facial dispose d&#8217;un syst\u00e8me d&#8217;articulation et de fixation de fourche qui permet un enregistrement rapide et confortable pour le professionnel et le patient, ce qui \u00e9limine \u00e9galement le besoin de l&#8217;arc dans le processus d&#8217;assemblage des mod\u00e8les dans l&#8217;articulateur, ce qui le rend plus pratique et stable.<\/li>\n<\/ul>\n<\/li>\n<\/ul>\n<p>En r\u00e9sum\u00e9<strong>, l&#8217;articulateur Bio Art 4000-S<\/strong> est un outil fiable pour la reproduction pr\u00e9cise des relations maxillo-mandibulaires en dentisterie. Sa compatibilit\u00e9 avec l&#8217;arc facial Elite en fait une option polyvalente pour les professionnels recherchant une planification de traitement dentaire pr\u00e9cise et efficace.<\/p>\n<p>Tout ce qui pr\u00e9c\u00e8de fait de l\u2019arc d\u2019\u00e9lite et de l\u2019articulateur Bio-art 4000s l\u2019outil id\u00e9al pour les pratiques de laboratoire dans les universit\u00e9s.<\/p>\n","protected":false},"excerpt":{"rendered":"<p>Articulateur semi-r\u00e9glable type Bio-Art 4000 S. R\u00e9glage de l&#8217;angle Bennet et guide condylien incurv\u00e9, stabilisation des mouvements articulaires (\u00e9lastique), distance inter-condylienne r\u00e9glable (axe d&#8217;expansion). Arc facial d\u2019\u00e9lite<\/p>\n<p style=\"text-align: center;\"><span style=\"color: #ff0000;\"><strong>TEMPORAIREMENT EN RUPTURE DE STOCK<\/strong><\/span><\/p>\n<p style=\"text-align: center;\">Plus d&#8217;unit\u00e9s le 26 f\u00e9vrier<\/p>\n<p style=\"text-align: center;\"><strong>Appelez pour r\u00e9server<\/strong><\/p>\n","protected":false},"featured_media":36906,"template":"","meta":[],"product_brand":[],"product_cat":[717],"product_tag":[692,735],"class_list":{"0":"post-27099","1":"product","2":"type-product","3":"status-publish","4":"has-post-thumbnail","6":"product_cat-articulateurs-fr","7":"product_tag-uev2","8":"product_tag-uv_art-fr","9":"pa_formacion-odontologia-fr","11":"first","12":"instock","13":"taxable","14":"shipping-taxable","15":"purchasable","16":"product-type-simple"},"yoast_head":"<!-- This site is optimized with the Yoast SEO Premium plugin v27.0 (Yoast SEO v27.2) - https:\/\/yoast.com\/product\/yoast-seo-premium-wordpress\/ -->\n<title>ARTICULATEUR ET ARCHE ELITEBIO-ART 4000S - yoestudiosalud.es le d\u00e9p\u00f4t dentaire<\/title>\n<meta name=\"description\" content=\"Articulateur et arc \u00e9lite Bio-art 4000S. Inclut articulateur r\u00e9glable, \u00e9tui et arc facial \u00e9lite. Achetez-le en ligne sur la boutique.\" \/>\n<meta name=\"robots\" content=\"index, follow, max-snippet:-1, max-image-preview:large, max-video-preview:-1\" \/>\n<link rel=\"canonical\" href=\"https:\/\/yoestudiosalud.es\/produit\/articulador-y-arco-elite-bio-art-4000s\/\" \/>\n<meta property=\"og:locale\" content=\"fr_FR\" \/>\n<meta property=\"og:type\" content=\"article\" \/>\n<meta property=\"og:title\" content=\"ARTICULATEUR ET ARCHE ELITEBIO-ART 4000S\" \/>\n<meta property=\"og:description\" content=\"Articulateur et arc \u00e9lite Bio-art 4000S. Inclut articulateur r\u00e9glable, \u00e9tui et arc facial \u00e9lite. Achetez-le en ligne sur la boutique.\" \/>\n<meta property=\"og:url\" content=\"https:\/\/yoestudiosalud.es\/produit\/articulador-y-arco-elite-bio-art-4000s\/\" \/>\n<meta property=\"og:site_name\" content=\"yoestudiosalud.es\" \/>\n<meta property=\"article:modified_time\" content=\"2025-04-15T11:42:48+00:00\" \/>\n<meta property=\"og:image\" content=\"https:\/\/yoestudiosalud.es\/wp-content\/uploads\/2021\/08\/000919K03.jpg\" \/>\n\t<meta property=\"og:image:width\" content=\"650\" \/>\n\t<meta property=\"og:image:height\" content=\"650\" \/>\n\t<meta property=\"og:image:type\" content=\"image\/jpeg\" \/>\n<meta name=\"twitter:card\" content=\"summary_large_image\" \/>\n<meta name=\"twitter:label1\" content=\"Dur\u00e9e de lecture estim\u00e9e\" \/>\n\t<meta name=\"twitter:data1\" content=\"2 minutes\" \/>\n<script type=\"application\/ld+json\" class=\"yoast-schema-graph\">{\"@context\":\"https:\/\/schema.org\",\"@graph\":[{\"@type\":\"WebPage\",\"@id\":\"https:\/\/yoestudiosalud.es\/produit\/articulador-y-arco-elite-bio-art-4000s\/\",\"url\":\"https:\/\/yoestudiosalud.es\/produit\/articulador-y-arco-elite-bio-art-4000s\/\",\"name\":\"ARTICULATEUR ET ARCHE ELITE BIO-ART 4000S - yoestudiosalud.es le d\u00e9p\u00f4t dentaire\",\"isPartOf\":{\"@id\":\"https:\/\/yoestudiosalud.es\/en\/#website\"},\"primaryImageOfPage\":{\"@id\":\"https:\/\/yoestudiosalud.es\/produit\/articulador-y-arco-elite-bio-art-4000s\/#primaryimage\"},\"image\":{\"@id\":\"https:\/\/yoestudiosalud.es\/produit\/articulador-y-arco-elite-bio-art-4000s\/#primaryimage\"},\"thumbnailUrl\":\"https:\/\/yoestudiosalud.es\/wp-content\/uploads\/2021\/08\/000919K03.webp\",\"datePublished\":\"2021-08-13T11:02:16+00:00\",\"dateModified\":\"2025-04-15T11:42:48+00:00\",\"description\":\"Articulateur et arc \u00e9lite Bio-art 4000S. Inclut articulateur r\u00e9glable, \u00e9tui et arc facial \u00e9lite. Achetez-le en ligne sur la boutique.\",\"breadcrumb\":{\"@id\":\"https:\/\/yoestudiosalud.es\/produit\/articulador-y-arco-elite-bio-art-4000s\/#breadcrumb\"},\"inLanguage\":\"fr-FR\",\"potentialAction\":[{\"@type\":\"ReadAction\",\"target\":[\"https:\/\/yoestudiosalud.es\/produit\/articulador-y-arco-elite-bio-art-4000s\/\"]}]},{\"@type\":\"ImageObject\",\"inLanguage\":\"fr-FR\",\"@id\":\"https:\/\/yoestudiosalud.es\/produit\/articulador-y-arco-elite-bio-art-4000s\/#primaryimage\",\"url\":\"https:\/\/yoestudiosalud.es\/wp-content\/uploads\/2021\/08\/000919K03.webp\",\"contentUrl\":\"https:\/\/yoestudiosalud.es\/wp-content\/uploads\/2021\/08\/000919K03.webp\",\"width\":650,\"height\":650,\"caption\":\"ARTICULADOR Y ARCO \u00c9LITE BIO-ART 4000S\"},{\"@type\":\"BreadcrumbList\",\"@id\":\"https:\/\/yoestudiosalud.es\/produit\/articulador-y-arco-elite-bio-art-4000s\/#breadcrumb\",\"itemListElement\":[{\"@type\":\"ListItem\",\"position\":1,\"name\":\"Portada\",\"item\":\"https:\/\/yoestudiosalud.es\/fr\/\"},{\"@type\":\"ListItem\",\"position\":2,\"name\":\"Boutique\",\"item\":\"https:\/\/yoestudiosalud.es\/fr\/boutique\/\"},{\"@type\":\"ListItem\",\"position\":3,\"name\":\"ARTICULATEUR ET ARCHE ELITEBIO-ART 4000S\"}]},{\"@type\":\"WebSite\",\"@id\":\"https:\/\/yoestudiosalud.es\/en\/#website\",\"url\":\"https:\/\/yoestudiosalud.es\/en\/\",\"name\":\"yoestudiosalud.es\",\"description\":\"Material para estudiantes del sector salud\",\"publisher\":{\"@id\":\"https:\/\/yoestudiosalud.es\/en\/#organization\"},\"potentialAction\":[{\"@type\":\"SearchAction\",\"target\":{\"@type\":\"EntryPoint\",\"urlTemplate\":\"https:\/\/yoestudiosalud.es\/en\/?s={search_term_string}\"},\"query-input\":{\"@type\":\"PropertyValueSpecification\",\"valueRequired\":true,\"valueName\":\"search_term_string\"}}],\"inLanguage\":\"fr-FR\"},{\"@type\":\"Organization\",\"@id\":\"https:\/\/yoestudiosalud.es\/en\/#organization\",\"name\":\"yoestudiosalud.es\",\"url\":\"https:\/\/yoestudiosalud.es\/en\/\",\"logo\":{\"@type\":\"ImageObject\",\"inLanguage\":\"fr-FR\",\"@id\":\"https:\/\/yoestudiosalud.es\/en\/#\/schema\/logo\/image\/\",\"url\":\"https:\/\/yoestudiosalud.es\/wp-content\/uploads\/2020\/04\/logonew-e1698080827687.png\",\"contentUrl\":\"https:\/\/yoestudiosalud.es\/wp-content\/uploads\/2020\/04\/logonew-e1698080827687.png\",\"width\":421,\"height\":393,\"caption\":\"yoestudiosalud.es\"},\"image\":{\"@id\":\"https:\/\/yoestudiosalud.es\/en\/#\/schema\/logo\/image\/\"}}]}<\/script>\n<!-- \/ Yoast SEO Premium plugin. -->","yoast_head_json":{"title":"ARTICULATEUR ET ARCHE ELITEBIO-ART 4000S - yoestudiosalud.es le d\u00e9p\u00f4t dentaire","description":"Articulateur et arc \u00e9lite Bio-art 4000S. Inclut articulateur r\u00e9glable, \u00e9tui et arc facial \u00e9lite. Achetez-le en ligne sur la boutique.","robots":{"index":"index","follow":"follow","max-snippet":"max-snippet:-1","max-image-preview":"max-image-preview:large","max-video-preview":"max-video-preview:-1"},"canonical":"https:\/\/yoestudiosalud.es\/produit\/articulador-y-arco-elite-bio-art-4000s\/","og_locale":"fr_FR","og_type":"article","og_title":"ARTICULATEUR ET ARCHE ELITEBIO-ART 4000S","og_description":"Articulateur et arc \u00e9lite Bio-art 4000S. Inclut articulateur r\u00e9glable, \u00e9tui et arc facial \u00e9lite. Achetez-le en ligne sur la boutique.","og_url":"https:\/\/yoestudiosalud.es\/produit\/articulador-y-arco-elite-bio-art-4000s\/","og_site_name":"yoestudiosalud.es","article_modified_time":"2025-04-15T11:42:48+00:00","og_image":[{"width":650,"height":650,"url":"https:\/\/yoestudiosalud.es\/wp-content\/uploads\/2021\/08\/000919K03.jpg","type":"image\/jpeg"}],"twitter_card":"summary_large_image","twitter_misc":{"Dur\u00e9e de lecture estim\u00e9e":"2 minutes"},"schema":{"@context":"https:\/\/schema.org","@graph":[{"@type":"WebPage","@id":"https:\/\/yoestudiosalud.es\/produit\/articulador-y-arco-elite-bio-art-4000s\/","url":"https:\/\/yoestudiosalud.es\/produit\/articulador-y-arco-elite-bio-art-4000s\/","name":"ARTICULATEUR ET ARCHE ELITE BIO-ART 4000S - yoestudiosalud.es le d\u00e9p\u00f4t dentaire","isPartOf":{"@id":"https:\/\/yoestudiosalud.es\/en\/#website"},"primaryImageOfPage":{"@id":"https:\/\/yoestudiosalud.es\/produit\/articulador-y-arco-elite-bio-art-4000s\/#primaryimage"},"image":{"@id":"https:\/\/yoestudiosalud.es\/produit\/articulador-y-arco-elite-bio-art-4000s\/#primaryimage"},"thumbnailUrl":"https:\/\/yoestudiosalud.es\/wp-content\/uploads\/2021\/08\/000919K03.webp","datePublished":"2021-08-13T11:02:16+00:00","dateModified":"2025-04-15T11:42:48+00:00","description":"Articulateur et arc \u00e9lite Bio-art 4000S. Inclut articulateur r\u00e9glable, \u00e9tui et arc facial \u00e9lite. Achetez-le en ligne sur la boutique.","breadcrumb":{"@id":"https:\/\/yoestudiosalud.es\/produit\/articulador-y-arco-elite-bio-art-4000s\/#breadcrumb"},"inLanguage":"fr-FR","potentialAction":[{"@type":"ReadAction","target":["https:\/\/yoestudiosalud.es\/produit\/articulador-y-arco-elite-bio-art-4000s\/"]}]},{"@type":"ImageObject","inLanguage":"fr-FR","@id":"https:\/\/yoestudiosalud.es\/produit\/articulador-y-arco-elite-bio-art-4000s\/#primaryimage","url":"https:\/\/yoestudiosalud.es\/wp-content\/uploads\/2021\/08\/000919K03.webp","contentUrl":"https:\/\/yoestudiosalud.es\/wp-content\/uploads\/2021\/08\/000919K03.webp","width":650,"height":650,"caption":"ARTICULADOR Y ARCO \u00c9LITE BIO-ART 4000S"},{"@type":"BreadcrumbList","@id":"https:\/\/yoestudiosalud.es\/produit\/articulador-y-arco-elite-bio-art-4000s\/#breadcrumb","itemListElement":[{"@type":"ListItem","position":1,"name":"Portada","item":"https:\/\/yoestudiosalud.es\/fr\/"},{"@type":"ListItem","position":2,"name":"Boutique","item":"https:\/\/yoestudiosalud.es\/fr\/boutique\/"},{"@type":"ListItem","position":3,"name":"ARTICULATEUR ET ARCHE ELITEBIO-ART 4000S"}]},{"@type":"WebSite","@id":"https:\/\/yoestudiosalud.es\/en\/#website","url":"https:\/\/yoestudiosalud.es\/en\/","name":"yoestudiosalud.es","description":"Material para estudiantes del sector salud","publisher":{"@id":"https:\/\/yoestudiosalud.es\/en\/#organization"},"potentialAction":[{"@type":"SearchAction","target":{"@type":"EntryPoint","urlTemplate":"https:\/\/yoestudiosalud.es\/en\/?s={search_term_string}"},"query-input":{"@type":"PropertyValueSpecification","valueRequired":true,"valueName":"search_term_string"}}],"inLanguage":"fr-FR"},{"@type":"Organization","@id":"https:\/\/yoestudiosalud.es\/en\/#organization","name":"yoestudiosalud.es","url":"https:\/\/yoestudiosalud.es\/en\/","logo":{"@type":"ImageObject","inLanguage":"fr-FR","@id":"https:\/\/yoestudiosalud.es\/en\/#\/schema\/logo\/image\/","url":"https:\/\/yoestudiosalud.es\/wp-content\/uploads\/2020\/04\/logonew-e1698080827687.png","contentUrl":"https:\/\/yoestudiosalud.es\/wp-content\/uploads\/2020\/04\/logonew-e1698080827687.png","width":421,"height":393,"caption":"yoestudiosalud.es"},"image":{"@id":"https:\/\/yoestudiosalud.es\/en\/#\/schema\/logo\/image\/"}}]}},"_links":{"self":[{"href":"https:\/\/yoestudiosalud.es\/fr\/wp-json\/wp\/v2\/product\/27099","targetHints":{"allow":["GET"]}}],"collection":[{"href":"https:\/\/yoestudiosalud.es\/fr\/wp-json\/wp\/v2\/product"}],"about":[{"href":"https:\/\/yoestudiosalud.es\/fr\/wp-json\/wp\/v2\/types\/product"}],"wp:featuredmedia":[{"embeddable":true,"href":"https:\/\/yoestudiosalud.es\/fr\/wp-json\/wp\/v2\/media\/36906"}],"wp:attachment":[{"href":"https:\/\/yoestudiosalud.es\/fr\/wp-json\/wp\/v2\/media?parent=27099"}],"wp:term":[{"taxonomy":"product_brand","embeddable":true,"href":"https:\/\/yoestudiosalud.es\/fr\/wp-json\/wp\/v2\/product_brand?post=27099"},{"taxonomy":"product_cat","embeddable":true,"href":"https:\/\/yoestudiosalud.es\/fr\/wp-json\/wp\/v2\/product_cat?post=27099"},{"taxonomy":"product_tag","embeddable":true,"href":"https:\/\/yoestudiosalud.es\/fr\/wp-json\/wp\/v2\/product_tag?post=27099"}],"curies":[{"name":"wp","href":"https:\/\/api.w.org\/{rel}","templated":true}]}}