{"id":27023,"date":"2018-07-12T17:20:12","date_gmt":"2018-07-12T17:20:12","guid":{"rendered":"https:\/\/yoestudiosalud.es\/producto\/spatule-a-ciment-double\/"},"modified":"2025-06-25T23:13:14","modified_gmt":"2025-06-25T21:13:14","slug":"spatule-a-ciment-double","status":"publish","type":"product","link":"https:\/\/yoestudiosalud.es\/fr\/produit\/spatule-a-ciment-double\/","title":{"rendered":"SPATULE \u00c0 CIMENT DOUBLE"},"content":{"rendered":"<p>Spatule \u00e0 ciment double pour la pr\u00e9paration et le m\u00e9lange du ciment dentaire, compos\u00e9 de deux parties actives.<\/p>\n","protected":false},"excerpt":{"rendered":"<p>Spatule \u00e0 ciment double pour la pr\u00e9paration et le m\u00e9lange du ciment dentaire, compos\u00e9 de deux parties actives.<\/p>\n","protected":false},"featured_media":27026,"template":"","meta":[],"product_brand":[],"product_cat":[669],"product_tag":[682,685,692,746,759,668,676,678,679],"class_list":{"0":"post-27023","1":"product","2":"type-product","3":"status-publish","4":"has-post-thumbnail","6":"product_cat-general-fr","7":"product_tag-ucv2","8":"product_tag-uemc_ort","9":"product_tag-uev2","10":"product_tag-ugranada2-fr","11":"product_tag-egasmoniz1-fr","12":"product_tag-ceu2","13":"product_tag-ucam2-fr","14":"product_tag-uemc_prt","15":"product_tag-ceusp2-fr","16":"pa_formacion-odontologia-fr","17":"pa_universidades-egas-moniz-fr","19":"first","20":"instock","21":"taxable","22":"shipping-taxable","23":"purchasable","24":"product-type-simple"},"yoast_head":"<!-- This site is optimized with the Yoast SEO Premium plugin v27.0 (Yoast SEO v27.2) - https:\/\/yoast.com\/product\/yoast-seo-premium-wordpress\/ -->\n<title>SPATULE \u00c0 CIMENT DOUBLE - yoestudiosalud.es<\/title>\n<meta name=\"description\" content=\"Spatule \u00e0 ciment double pour la pr\u00e9paration et le m\u00e9lange du ciment dentaire, compos\u00e9 de deux parties actives.\" \/>\n<meta name=\"robots\" content=\"index, follow, max-snippet:-1, max-image-preview:large, max-video-preview:-1\" \/>\n<link rel=\"canonical\" href=\"https:\/\/yoestudiosalud.es\/produit\/esptula-para-cemento-dupla-2\/\" \/>\n<meta property=\"og:locale\" content=\"fr_FR\" \/>\n<meta property=\"og:type\" content=\"article\" \/>\n<meta property=\"og:title\" content=\"SPATULE \u00c0 CIMENT DOUBLE\" \/>\n<meta property=\"og:description\" content=\"Spatule \u00e0 ciment double pour la pr\u00e9paration et le m\u00e9lange du ciment dentaire, compos\u00e9 de deux parties actives.\" \/>\n<meta property=\"og:url\" content=\"https:\/\/yoestudiosalud.es\/produit\/esptula-para-cemento-dupla-2\/\" \/>\n<meta property=\"og:site_name\" content=\"yoestudiosalud.es\" \/>\n<meta property=\"article:modified_time\" content=\"2025-06-25T21:13:14+00:00\" \/>\n<meta property=\"og:image\" content=\"https:\/\/yoestudiosalud.es\/wp-content\/uploads\/2018\/07\/002891.jpg\" \/>\n\t<meta property=\"og:image:width\" content=\"650\" \/>\n\t<meta property=\"og:image:height\" content=\"650\" \/>\n\t<meta property=\"og:image:type\" content=\"image\/jpeg\" \/>\n<meta name=\"twitter:card\" content=\"summary_large_image\" \/>\n<script type=\"application\/ld+json\" class=\"yoast-schema-graph\">{\"@context\":\"https:\/\/schema.org\",\"@graph\":[{\"@type\":\"WebPage\",\"@id\":\"https:\/\/yoestudiosalud.es\/produit\/esptula-para-cemento-dupla-2\/\",\"url\":\"https:\/\/yoestudiosalud.es\/produit\/esptula-para-cemento-dupla-2\/\",\"name\":\"SPATULE \u00c0 CIMENT DOUBLE - yoestudiosalud.es\",\"isPartOf\":{\"@id\":\"https:\/\/yoestudiosalud.es\/en\/#website\"},\"primaryImageOfPage\":{\"@id\":\"https:\/\/yoestudiosalud.es\/produit\/esptula-para-cemento-dupla-2\/#primaryimage\"},\"image\":{\"@id\":\"https:\/\/yoestudiosalud.es\/produit\/esptula-para-cemento-dupla-2\/#primaryimage\"},\"thumbnailUrl\":\"https:\/\/yoestudiosalud.es\/wp-content\/uploads\/2018\/07\/002891.jpg\",\"datePublished\":\"2018-07-12T17:20:12+00:00\",\"dateModified\":\"2025-06-25T21:13:14+00:00\",\"description\":\"Spatule \u00e0 ciment double pour la pr\u00e9paration et le m\u00e9lange du ciment dentaire, compos\u00e9 de deux parties actives.\",\"breadcrumb\":{\"@id\":\"https:\/\/yoestudiosalud.es\/produit\/esptula-para-cemento-dupla-2\/#breadcrumb\"},\"inLanguage\":\"fr-FR\",\"potentialAction\":[{\"@type\":\"ReadAction\",\"target\":[\"https:\/\/yoestudiosalud.es\/produit\/esptula-para-cemento-dupla-2\/\"]}]},{\"@type\":\"ImageObject\",\"inLanguage\":\"fr-FR\",\"@id\":\"https:\/\/yoestudiosalud.es\/produit\/esptula-para-cemento-dupla-2\/#primaryimage\",\"url\":\"https:\/\/yoestudiosalud.es\/wp-content\/uploads\/2018\/07\/002891.jpg\",\"contentUrl\":\"https:\/\/yoestudiosalud.es\/wp-content\/uploads\/2018\/07\/002891.jpg\",\"width\":650,\"height\":650,\"caption\":\"SPATULE \u00c0 CIMENT DOUBLE\"},{\"@type\":\"BreadcrumbList\",\"@id\":\"https:\/\/yoestudiosalud.es\/produit\/esptula-para-cemento-dupla-2\/#breadcrumb\",\"itemListElement\":[{\"@type\":\"ListItem\",\"position\":1,\"name\":\"Portada\",\"item\":\"https:\/\/yoestudiosalud.es\/fr\/\"},{\"@type\":\"ListItem\",\"position\":2,\"name\":\"Boutique\",\"item\":\"https:\/\/yoestudiosalud.es\/fr\/boutique\/\"},{\"@type\":\"ListItem\",\"position\":3,\"name\":\"SPATULE \u00c0 CIMENT DOUBLE\"}]},{\"@type\":\"WebSite\",\"@id\":\"https:\/\/yoestudiosalud.es\/en\/#website\",\"url\":\"https:\/\/yoestudiosalud.es\/en\/\",\"name\":\"yoestudiosalud.es\",\"description\":\"Material para estudiantes del sector salud\",\"publisher\":{\"@id\":\"https:\/\/yoestudiosalud.es\/en\/#organization\"},\"potentialAction\":[{\"@type\":\"SearchAction\",\"target\":{\"@type\":\"EntryPoint\",\"urlTemplate\":\"https:\/\/yoestudiosalud.es\/en\/?s={search_term_string}\"},\"query-input\":{\"@type\":\"PropertyValueSpecification\",\"valueRequired\":true,\"valueName\":\"search_term_string\"}}],\"inLanguage\":\"fr-FR\"},{\"@type\":\"Organization\",\"@id\":\"https:\/\/yoestudiosalud.es\/en\/#organization\",\"name\":\"yoestudiosalud.es\",\"url\":\"https:\/\/yoestudiosalud.es\/en\/\",\"logo\":{\"@type\":\"ImageObject\",\"inLanguage\":\"fr-FR\",\"@id\":\"https:\/\/yoestudiosalud.es\/en\/#\/schema\/logo\/image\/\",\"url\":\"https:\/\/yoestudiosalud.es\/wp-content\/uploads\/2020\/04\/logonew-e1698080827687.png\",\"contentUrl\":\"https:\/\/yoestudiosalud.es\/wp-content\/uploads\/2020\/04\/logonew-e1698080827687.png\",\"width\":421,\"height\":393,\"caption\":\"yoestudiosalud.es\"},\"image\":{\"@id\":\"https:\/\/yoestudiosalud.es\/en\/#\/schema\/logo\/image\/\"}}]}<\/script>\n<!-- \/ Yoast SEO Premium plugin. -->","yoast_head_json":{"title":"SPATULE \u00c0 CIMENT DOUBLE - yoestudiosalud.es","description":"Spatule \u00e0 ciment double pour la pr\u00e9paration et le m\u00e9lange du ciment dentaire, compos\u00e9 de deux parties actives.","robots":{"index":"index","follow":"follow","max-snippet":"max-snippet:-1","max-image-preview":"max-image-preview:large","max-video-preview":"max-video-preview:-1"},"canonical":"https:\/\/yoestudiosalud.es\/produit\/esptula-para-cemento-dupla-2\/","og_locale":"fr_FR","og_type":"article","og_title":"SPATULE \u00c0 CIMENT DOUBLE","og_description":"Spatule \u00e0 ciment double pour la pr\u00e9paration et le m\u00e9lange du ciment dentaire, compos\u00e9 de deux parties actives.","og_url":"https:\/\/yoestudiosalud.es\/produit\/esptula-para-cemento-dupla-2\/","og_site_name":"yoestudiosalud.es","article_modified_time":"2025-06-25T21:13:14+00:00","og_image":[{"width":650,"height":650,"url":"https:\/\/yoestudiosalud.es\/wp-content\/uploads\/2018\/07\/002891.jpg","type":"image\/jpeg"}],"twitter_card":"summary_large_image","schema":{"@context":"https:\/\/schema.org","@graph":[{"@type":"WebPage","@id":"https:\/\/yoestudiosalud.es\/produit\/esptula-para-cemento-dupla-2\/","url":"https:\/\/yoestudiosalud.es\/produit\/esptula-para-cemento-dupla-2\/","name":"SPATULE \u00c0 CIMENT DOUBLE - yoestudiosalud.es","isPartOf":{"@id":"https:\/\/yoestudiosalud.es\/en\/#website"},"primaryImageOfPage":{"@id":"https:\/\/yoestudiosalud.es\/produit\/esptula-para-cemento-dupla-2\/#primaryimage"},"image":{"@id":"https:\/\/yoestudiosalud.es\/produit\/esptula-para-cemento-dupla-2\/#primaryimage"},"thumbnailUrl":"https:\/\/yoestudiosalud.es\/wp-content\/uploads\/2018\/07\/002891.jpg","datePublished":"2018-07-12T17:20:12+00:00","dateModified":"2025-06-25T21:13:14+00:00","description":"Spatule \u00e0 ciment double pour la pr\u00e9paration et le m\u00e9lange du ciment dentaire, compos\u00e9 de deux parties actives.","breadcrumb":{"@id":"https:\/\/yoestudiosalud.es\/produit\/esptula-para-cemento-dupla-2\/#breadcrumb"},"inLanguage":"fr-FR","potentialAction":[{"@type":"ReadAction","target":["https:\/\/yoestudiosalud.es\/produit\/esptula-para-cemento-dupla-2\/"]}]},{"@type":"ImageObject","inLanguage":"fr-FR","@id":"https:\/\/yoestudiosalud.es\/produit\/esptula-para-cemento-dupla-2\/#primaryimage","url":"https:\/\/yoestudiosalud.es\/wp-content\/uploads\/2018\/07\/002891.jpg","contentUrl":"https:\/\/yoestudiosalud.es\/wp-content\/uploads\/2018\/07\/002891.jpg","width":650,"height":650,"caption":"SPATULE \u00c0 CIMENT DOUBLE"},{"@type":"BreadcrumbList","@id":"https:\/\/yoestudiosalud.es\/produit\/esptula-para-cemento-dupla-2\/#breadcrumb","itemListElement":[{"@type":"ListItem","position":1,"name":"Portada","item":"https:\/\/yoestudiosalud.es\/fr\/"},{"@type":"ListItem","position":2,"name":"Boutique","item":"https:\/\/yoestudiosalud.es\/fr\/boutique\/"},{"@type":"ListItem","position":3,"name":"SPATULE \u00c0 CIMENT DOUBLE"}]},{"@type":"WebSite","@id":"https:\/\/yoestudiosalud.es\/en\/#website","url":"https:\/\/yoestudiosalud.es\/en\/","name":"yoestudiosalud.es","description":"Material para estudiantes del sector salud","publisher":{"@id":"https:\/\/yoestudiosalud.es\/en\/#organization"},"potentialAction":[{"@type":"SearchAction","target":{"@type":"EntryPoint","urlTemplate":"https:\/\/yoestudiosalud.es\/en\/?s={search_term_string}"},"query-input":{"@type":"PropertyValueSpecification","valueRequired":true,"valueName":"search_term_string"}}],"inLanguage":"fr-FR"},{"@type":"Organization","@id":"https:\/\/yoestudiosalud.es\/en\/#organization","name":"yoestudiosalud.es","url":"https:\/\/yoestudiosalud.es\/en\/","logo":{"@type":"ImageObject","inLanguage":"fr-FR","@id":"https:\/\/yoestudiosalud.es\/en\/#\/schema\/logo\/image\/","url":"https:\/\/yoestudiosalud.es\/wp-content\/uploads\/2020\/04\/logonew-e1698080827687.png","contentUrl":"https:\/\/yoestudiosalud.es\/wp-content\/uploads\/2020\/04\/logonew-e1698080827687.png","width":421,"height":393,"caption":"yoestudiosalud.es"},"image":{"@id":"https:\/\/yoestudiosalud.es\/en\/#\/schema\/logo\/image\/"}}]}},"_links":{"self":[{"href":"https:\/\/yoestudiosalud.es\/fr\/wp-json\/wp\/v2\/product\/27023","targetHints":{"allow":["GET"]}}],"collection":[{"href":"https:\/\/yoestudiosalud.es\/fr\/wp-json\/wp\/v2\/product"}],"about":[{"href":"https:\/\/yoestudiosalud.es\/fr\/wp-json\/wp\/v2\/types\/product"}],"wp:featuredmedia":[{"embeddable":true,"href":"https:\/\/yoestudiosalud.es\/fr\/wp-json\/wp\/v2\/media\/27026"}],"wp:attachment":[{"href":"https:\/\/yoestudiosalud.es\/fr\/wp-json\/wp\/v2\/media?parent=27023"}],"wp:term":[{"taxonomy":"product_brand","embeddable":true,"href":"https:\/\/yoestudiosalud.es\/fr\/wp-json\/wp\/v2\/product_brand?post=27023"},{"taxonomy":"product_cat","embeddable":true,"href":"https:\/\/yoestudiosalud.es\/fr\/wp-json\/wp\/v2\/product_cat?post=27023"},{"taxonomy":"product_tag","embeddable":true,"href":"https:\/\/yoestudiosalud.es\/fr\/wp-json\/wp\/v2\/product_tag?post=27023"}],"curies":[{"name":"wp","href":"https:\/\/api.w.org\/{rel}","templated":true}]}}