{"id":26774,"date":"2018-07-12T17:20:12","date_gmt":"2018-07-12T17:20:12","guid":{"rendered":"https:\/\/yoestudiosalud.es\/producto\/spatule-en-pour-alginate\/"},"modified":"2025-06-26T17:09:01","modified_gmt":"2025-06-26T15:09:01","slug":"spatule-en-pour-alginate","status":"publish","type":"product","link":"https:\/\/yoestudiosalud.es\/fr\/produit\/spatule-en-pour-alginate\/","title":{"rendered":"SPATULE COURBE POUR ALGINATE"},"content":{"rendered":"<p>Spatule Courbe pour alginate. Fabriqu\u00e9 en acier inoxydable avec une extr\u00e9mit\u00e9 incurv\u00e9e et un manche en bois, il offre une r\u00e9sistance et une durabilit\u00e9 ad\u00e9quates.<\/p>\n<p>&nbsp;<\/p>\n","protected":false},"excerpt":{"rendered":"<p>Spatule Courbe pour alginate. Fabriqu\u00e9 en acier inoxydable avec une extr\u00e9mit\u00e9 incurv\u00e9e et un manche en bois, il offre une r\u00e9sistance et une durabilit\u00e9 ad\u00e9quates.<\/p>\n","protected":false},"featured_media":28269,"template":"","meta":[],"product_brand":[],"product_cat":[669],"product_tag":[761,679,683],"class_list":{"0":"post-26774","1":"product","2":"type-product","3":"status-publish","4":"has-post-thumbnail","6":"product_cat-general-fr","7":"product_tag-ufporto2-fr","8":"product_tag-ceusp2-fr","9":"product_tag-uev1","10":"pa_formacion-odontologia-fr","12":"first","13":"instock","14":"sale","15":"taxable","16":"shipping-taxable","17":"purchasable","18":"product-type-simple"},"yoast_head":"<!-- This site is optimized with the Yoast SEO Premium plugin v27.0 (Yoast SEO v27.2) - https:\/\/yoast.com\/product\/yoast-seo-premium-wordpress\/ -->\n<title>SPATULE COURBE POUR ALGINATE - yoestudiosalud.es dep\u00f3sito dental<\/title>\n<meta name=\"description\" content=\"Spatule Courbe pour alginate. Fabriqu\u00e9 en acier inoxydable avec une extr\u00e9mit\u00e9 incurv\u00e9e et un manche en bois, il offre une r\u00e9sistance et une durabilit\u00e9 ad\u00e9quates.\" \/>\n<meta name=\"robots\" content=\"index, follow, max-snippet:-1, max-image-preview:large, max-video-preview:-1\" \/>\n<link rel=\"canonical\" href=\"https:\/\/yoestudiosalud.es\/fr\/produit\/spatule-en-pour-alginate\/\" \/>\n<meta property=\"og:locale\" content=\"fr_FR\" \/>\n<meta property=\"og:type\" content=\"article\" \/>\n<meta property=\"og:title\" content=\"SPATULE COURBE POUR ALGINATE\" \/>\n<meta property=\"og:description\" content=\"Spatule Courbe pour alginate. Fabriqu\u00e9 en acier inoxydable avec une extr\u00e9mit\u00e9 incurv\u00e9e et un manche en bois, il offre une r\u00e9sistance et une durabilit\u00e9 ad\u00e9quates.\" \/>\n<meta property=\"og:url\" content=\"https:\/\/yoestudiosalud.es\/fr\/produit\/spatule-en-pour-alginate\/\" \/>\n<meta property=\"og:site_name\" content=\"yoestudiosalud.es\" \/>\n<meta property=\"article:modified_time\" content=\"2025-06-26T15:09:01+00:00\" \/>\n<meta property=\"og:image\" content=\"https:\/\/yoestudiosalud.es\/wp-content\/uploads\/2018\/07\/Espatula.jpg\" \/>\n\t<meta property=\"og:image:width\" content=\"1080\" \/>\n\t<meta property=\"og:image:height\" content=\"1080\" \/>\n\t<meta property=\"og:image:type\" content=\"image\/jpeg\" \/>\n<meta name=\"twitter:card\" content=\"summary_large_image\" \/>\n<script type=\"application\/ld+json\" class=\"yoast-schema-graph\">{\"@context\":\"https:\/\/schema.org\",\"@graph\":[{\"@type\":\"WebPage\",\"@id\":\"https:\/\/yoestudiosalud.es\/fr\/produit\/spatule-en-pour-alginate\/\",\"url\":\"https:\/\/yoestudiosalud.es\/fr\/produit\/spatule-en-pour-alginate\/\",\"name\":\"SPATULE COURBE POUR ALGINATE - yoestudiosalud.es dep\u00f3sito dental\",\"isPartOf\":{\"@id\":\"https:\/\/yoestudiosalud.es\/en\/#website\"},\"primaryImageOfPage\":{\"@id\":\"https:\/\/yoestudiosalud.es\/fr\/produit\/spatule-en-pour-alginate\/#primaryimage\"},\"image\":{\"@id\":\"https:\/\/yoestudiosalud.es\/fr\/produit\/spatule-en-pour-alginate\/#primaryimage\"},\"thumbnailUrl\":\"https:\/\/yoestudiosalud.es\/wp-content\/uploads\/2018\/07\/Espatula.jpg\",\"datePublished\":\"2018-07-12T17:20:12+00:00\",\"dateModified\":\"2025-06-26T15:09:01+00:00\",\"description\":\"Spatule Courbe pour alginate. Fabriqu\u00e9 en acier inoxydable avec une extr\u00e9mit\u00e9 incurv\u00e9e et un manche en bois, il offre une r\u00e9sistance et une durabilit\u00e9 ad\u00e9quates.\",\"breadcrumb\":{\"@id\":\"https:\/\/yoestudiosalud.es\/fr\/produit\/spatule-en-pour-alginate\/#breadcrumb\"},\"inLanguage\":\"fr-FR\",\"potentialAction\":[{\"@type\":\"ReadAction\",\"target\":[\"https:\/\/yoestudiosalud.es\/fr\/produit\/spatule-en-pour-alginate\/\"]}]},{\"@type\":\"ImageObject\",\"inLanguage\":\"fr-FR\",\"@id\":\"https:\/\/yoestudiosalud.es\/fr\/produit\/spatule-en-pour-alginate\/#primaryimage\",\"url\":\"https:\/\/yoestudiosalud.es\/wp-content\/uploads\/2018\/07\/Espatula.jpg\",\"contentUrl\":\"https:\/\/yoestudiosalud.es\/wp-content\/uploads\/2018\/07\/Espatula.jpg\",\"width\":1080,\"height\":1080},{\"@type\":\"BreadcrumbList\",\"@id\":\"https:\/\/yoestudiosalud.es\/fr\/produit\/spatule-en-pour-alginate\/#breadcrumb\",\"itemListElement\":[{\"@type\":\"ListItem\",\"position\":1,\"name\":\"Portada\",\"item\":\"https:\/\/yoestudiosalud.es\/fr\/\"},{\"@type\":\"ListItem\",\"position\":2,\"name\":\"Boutique\",\"item\":\"https:\/\/yoestudiosalud.es\/fr\/boutique\/\"},{\"@type\":\"ListItem\",\"position\":3,\"name\":\"SPATULE COURBE POUR ALGINATE\"}]},{\"@type\":\"WebSite\",\"@id\":\"https:\/\/yoestudiosalud.es\/en\/#website\",\"url\":\"https:\/\/yoestudiosalud.es\/en\/\",\"name\":\"yoestudiosalud.es\",\"description\":\"Material para estudiantes del sector salud\",\"publisher\":{\"@id\":\"https:\/\/yoestudiosalud.es\/en\/#organization\"},\"potentialAction\":[{\"@type\":\"SearchAction\",\"target\":{\"@type\":\"EntryPoint\",\"urlTemplate\":\"https:\/\/yoestudiosalud.es\/en\/?s={search_term_string}\"},\"query-input\":{\"@type\":\"PropertyValueSpecification\",\"valueRequired\":true,\"valueName\":\"search_term_string\"}}],\"inLanguage\":\"fr-FR\"},{\"@type\":\"Organization\",\"@id\":\"https:\/\/yoestudiosalud.es\/en\/#organization\",\"name\":\"yoestudiosalud.es\",\"url\":\"https:\/\/yoestudiosalud.es\/en\/\",\"logo\":{\"@type\":\"ImageObject\",\"inLanguage\":\"fr-FR\",\"@id\":\"https:\/\/yoestudiosalud.es\/en\/#\/schema\/logo\/image\/\",\"url\":\"https:\/\/yoestudiosalud.es\/wp-content\/uploads\/2020\/04\/logonew-e1698080827687.png\",\"contentUrl\":\"https:\/\/yoestudiosalud.es\/wp-content\/uploads\/2020\/04\/logonew-e1698080827687.png\",\"width\":421,\"height\":393,\"caption\":\"yoestudiosalud.es\"},\"image\":{\"@id\":\"https:\/\/yoestudiosalud.es\/en\/#\/schema\/logo\/image\/\"}}]}<\/script>\n<!-- \/ Yoast SEO Premium plugin. -->","yoast_head_json":{"title":"SPATULE COURBE POUR ALGINATE - yoestudiosalud.es dep\u00f3sito dental","description":"Spatule Courbe pour alginate. Fabriqu\u00e9 en acier inoxydable avec une extr\u00e9mit\u00e9 incurv\u00e9e et un manche en bois, il offre une r\u00e9sistance et une durabilit\u00e9 ad\u00e9quates.","robots":{"index":"index","follow":"follow","max-snippet":"max-snippet:-1","max-image-preview":"max-image-preview:large","max-video-preview":"max-video-preview:-1"},"canonical":"https:\/\/yoestudiosalud.es\/fr\/produit\/spatule-en-pour-alginate\/","og_locale":"fr_FR","og_type":"article","og_title":"SPATULE COURBE POUR ALGINATE","og_description":"Spatule Courbe pour alginate. Fabriqu\u00e9 en acier inoxydable avec une extr\u00e9mit\u00e9 incurv\u00e9e et un manche en bois, il offre une r\u00e9sistance et une durabilit\u00e9 ad\u00e9quates.","og_url":"https:\/\/yoestudiosalud.es\/fr\/produit\/spatule-en-pour-alginate\/","og_site_name":"yoestudiosalud.es","article_modified_time":"2025-06-26T15:09:01+00:00","og_image":[{"width":1080,"height":1080,"url":"https:\/\/yoestudiosalud.es\/wp-content\/uploads\/2018\/07\/Espatula.jpg","type":"image\/jpeg"}],"twitter_card":"summary_large_image","schema":{"@context":"https:\/\/schema.org","@graph":[{"@type":"WebPage","@id":"https:\/\/yoestudiosalud.es\/fr\/produit\/spatule-en-pour-alginate\/","url":"https:\/\/yoestudiosalud.es\/fr\/produit\/spatule-en-pour-alginate\/","name":"SPATULE COURBE POUR ALGINATE - yoestudiosalud.es dep\u00f3sito dental","isPartOf":{"@id":"https:\/\/yoestudiosalud.es\/en\/#website"},"primaryImageOfPage":{"@id":"https:\/\/yoestudiosalud.es\/fr\/produit\/spatule-en-pour-alginate\/#primaryimage"},"image":{"@id":"https:\/\/yoestudiosalud.es\/fr\/produit\/spatule-en-pour-alginate\/#primaryimage"},"thumbnailUrl":"https:\/\/yoestudiosalud.es\/wp-content\/uploads\/2018\/07\/Espatula.jpg","datePublished":"2018-07-12T17:20:12+00:00","dateModified":"2025-06-26T15:09:01+00:00","description":"Spatule Courbe pour alginate. Fabriqu\u00e9 en acier inoxydable avec une extr\u00e9mit\u00e9 incurv\u00e9e et un manche en bois, il offre une r\u00e9sistance et une durabilit\u00e9 ad\u00e9quates.","breadcrumb":{"@id":"https:\/\/yoestudiosalud.es\/fr\/produit\/spatule-en-pour-alginate\/#breadcrumb"},"inLanguage":"fr-FR","potentialAction":[{"@type":"ReadAction","target":["https:\/\/yoestudiosalud.es\/fr\/produit\/spatule-en-pour-alginate\/"]}]},{"@type":"ImageObject","inLanguage":"fr-FR","@id":"https:\/\/yoestudiosalud.es\/fr\/produit\/spatule-en-pour-alginate\/#primaryimage","url":"https:\/\/yoestudiosalud.es\/wp-content\/uploads\/2018\/07\/Espatula.jpg","contentUrl":"https:\/\/yoestudiosalud.es\/wp-content\/uploads\/2018\/07\/Espatula.jpg","width":1080,"height":1080},{"@type":"BreadcrumbList","@id":"https:\/\/yoestudiosalud.es\/fr\/produit\/spatule-en-pour-alginate\/#breadcrumb","itemListElement":[{"@type":"ListItem","position":1,"name":"Portada","item":"https:\/\/yoestudiosalud.es\/fr\/"},{"@type":"ListItem","position":2,"name":"Boutique","item":"https:\/\/yoestudiosalud.es\/fr\/boutique\/"},{"@type":"ListItem","position":3,"name":"SPATULE COURBE POUR ALGINATE"}]},{"@type":"WebSite","@id":"https:\/\/yoestudiosalud.es\/en\/#website","url":"https:\/\/yoestudiosalud.es\/en\/","name":"yoestudiosalud.es","description":"Material para estudiantes del sector salud","publisher":{"@id":"https:\/\/yoestudiosalud.es\/en\/#organization"},"potentialAction":[{"@type":"SearchAction","target":{"@type":"EntryPoint","urlTemplate":"https:\/\/yoestudiosalud.es\/en\/?s={search_term_string}"},"query-input":{"@type":"PropertyValueSpecification","valueRequired":true,"valueName":"search_term_string"}}],"inLanguage":"fr-FR"},{"@type":"Organization","@id":"https:\/\/yoestudiosalud.es\/en\/#organization","name":"yoestudiosalud.es","url":"https:\/\/yoestudiosalud.es\/en\/","logo":{"@type":"ImageObject","inLanguage":"fr-FR","@id":"https:\/\/yoestudiosalud.es\/en\/#\/schema\/logo\/image\/","url":"https:\/\/yoestudiosalud.es\/wp-content\/uploads\/2020\/04\/logonew-e1698080827687.png","contentUrl":"https:\/\/yoestudiosalud.es\/wp-content\/uploads\/2020\/04\/logonew-e1698080827687.png","width":421,"height":393,"caption":"yoestudiosalud.es"},"image":{"@id":"https:\/\/yoestudiosalud.es\/en\/#\/schema\/logo\/image\/"}}]}},"_links":{"self":[{"href":"https:\/\/yoestudiosalud.es\/fr\/wp-json\/wp\/v2\/product\/26774","targetHints":{"allow":["GET"]}}],"collection":[{"href":"https:\/\/yoestudiosalud.es\/fr\/wp-json\/wp\/v2\/product"}],"about":[{"href":"https:\/\/yoestudiosalud.es\/fr\/wp-json\/wp\/v2\/types\/product"}],"wp:featuredmedia":[{"embeddable":true,"href":"https:\/\/yoestudiosalud.es\/fr\/wp-json\/wp\/v2\/media\/28269"}],"wp:attachment":[{"href":"https:\/\/yoestudiosalud.es\/fr\/wp-json\/wp\/v2\/media?parent=26774"}],"wp:term":[{"taxonomy":"product_brand","embeddable":true,"href":"https:\/\/yoestudiosalud.es\/fr\/wp-json\/wp\/v2\/product_brand?post=26774"},{"taxonomy":"product_cat","embeddable":true,"href":"https:\/\/yoestudiosalud.es\/fr\/wp-json\/wp\/v2\/product_cat?post=26774"},{"taxonomy":"product_tag","embeddable":true,"href":"https:\/\/yoestudiosalud.es\/fr\/wp-json\/wp\/v2\/product_tag?post=26774"}],"curies":[{"name":"wp","href":"https:\/\/api.w.org\/{rel}","templated":true}]}}