{"id":26734,"date":"2018-07-12T17:20:11","date_gmt":"2018-07-12T17:20:11","guid":{"rendered":"https:\/\/yoestudiosalud.es\/producto\/kit-de-sutures-dentaires\/"},"modified":"2025-06-25T23:14:10","modified_gmt":"2025-06-25T21:14:10","slug":"kit-de-sutures-dentaires","status":"publish","type":"product","link":"https:\/\/yoestudiosalud.es\/fr\/produit\/kit-de-sutures-dentaires\/","title":{"rendered":"KIT DE SUTURES DENTAIRES"},"content":{"rendered":"<p>Kit de suture destin\u00e9 aux \u00e9tudiants en m\u00e9decine dentaire.<\/p>\n<p>Parfait pour la pratique, ce kit est con\u00e7u par l&#8217;\u00e9quipe de Yoestudiosalud.es et comprend tout le mat\u00e9riel n\u00e9cessaire au processus de suture.<\/p>\n<p>Le kit est compos\u00e9 de<\/p>\n<p>Pince d&#8217;Adson sans dents 12 cm<br \/>\nPorte-aiguille Mayo 14 cm<br \/>\nManche de bistouri #3<br \/>\nCiseaux \u00e0 iris droits 11,5 cm<br \/>\nEn outre, le kit comprend comme cadeau pour l&#8217;achat :<\/p>\n<p>3 lames de bistouri #15<br \/>\n2 paquets de suture.<\/p>\n","protected":false},"excerpt":{"rendered":"<p>Kit de suture destin\u00e9 aux \u00e9tudiants en m\u00e9decine dentaire.<\/p>\n","protected":false},"featured_media":26735,"template":"","meta":[],"product_brand":[],"product_cat":[681],"product_tag":[704],"class_list":{"0":"post-26734","1":"product","2":"type-product","3":"status-publish","4":"has-post-thumbnail","6":"product_cat-chirurgie-fr","7":"product_tag-ceumr","8":"pa_formacion-odontologia-fr","9":"pa_universidades-ceu-fr","11":"first","12":"instock","13":"sale","14":"featured","15":"taxable","16":"shipping-taxable","17":"purchasable","18":"product-type-simple"},"yoast_head":"<!-- This site is optimized with the Yoast SEO Premium plugin v27.0 (Yoast SEO v27.2) - https:\/\/yoast.com\/product\/yoast-seo-premium-wordpress\/ -->\n<title>KIT DE SUTURES DENTAIRES - yoestudiosalud.es dep\u00f3sito dental<\/title>\n<meta name=\"description\" content=\"Kit de suture destin\u00e9 aux \u00e9tudiants en m\u00e9decine dentaire.\" \/>\n<meta name=\"robots\" content=\"index, follow, max-snippet:-1, max-image-preview:large, max-video-preview:-1\" \/>\n<link rel=\"canonical\" href=\"https:\/\/yoestudiosalud.es\/produit\/kit-de-sutura-odontologica\/\" \/>\n<meta property=\"og:locale\" content=\"fr_FR\" \/>\n<meta property=\"og:type\" content=\"article\" \/>\n<meta property=\"og:title\" content=\"KIT DE SUTURES DENTAIRES\" \/>\n<meta property=\"og:description\" content=\"Kit de suture destin\u00e9 aux \u00e9tudiants en m\u00e9decine dentaire.\" \/>\n<meta property=\"og:url\" content=\"https:\/\/yoestudiosalud.es\/produit\/kit-de-sutura-odontologica\/\" \/>\n<meta property=\"og:site_name\" content=\"yoestudiosalud.es\" \/>\n<meta property=\"article:modified_time\" content=\"2025-06-25T21:14:10+00:00\" \/>\n<meta property=\"og:image\" content=\"https:\/\/yoestudiosalud.es\/wp-content\/uploads\/2018\/07\/002567-1.jpg\" \/>\n\t<meta property=\"og:image:width\" content=\"640\" \/>\n\t<meta property=\"og:image:height\" content=\"640\" \/>\n\t<meta property=\"og:image:type\" content=\"image\/jpeg\" \/>\n<meta name=\"twitter:card\" content=\"summary_large_image\" \/>\n<script type=\"application\/ld+json\" class=\"yoast-schema-graph\">{\"@context\":\"https:\/\/schema.org\",\"@graph\":[{\"@type\":\"WebPage\",\"@id\":\"https:\/\/yoestudiosalud.es\/produit\/kit-de-sutura-odontologica\/\",\"url\":\"https:\/\/yoestudiosalud.es\/produit\/kit-de-sutura-odontologica\/\",\"name\":\"KIT DE SUTURES DENTAIRES - yoestudiosalud.es dep\u00f3sito dental\",\"isPartOf\":{\"@id\":\"https:\/\/yoestudiosalud.es\/en\/#website\"},\"primaryImageOfPage\":{\"@id\":\"https:\/\/yoestudiosalud.es\/produit\/kit-de-sutura-odontologica\/#primaryimage\"},\"image\":{\"@id\":\"https:\/\/yoestudiosalud.es\/produit\/kit-de-sutura-odontologica\/#primaryimage\"},\"thumbnailUrl\":\"https:\/\/yoestudiosalud.es\/wp-content\/uploads\/2018\/07\/002567-1.jpg\",\"datePublished\":\"2018-07-12T17:20:11+00:00\",\"dateModified\":\"2025-06-25T21:14:10+00:00\",\"description\":\"Kit de suture destin\u00e9 aux \u00e9tudiants en m\u00e9decine dentaire.\",\"breadcrumb\":{\"@id\":\"https:\/\/yoestudiosalud.es\/produit\/kit-de-sutura-odontologica\/#breadcrumb\"},\"inLanguage\":\"fr-FR\",\"potentialAction\":[{\"@type\":\"ReadAction\",\"target\":[\"https:\/\/yoestudiosalud.es\/produit\/kit-de-sutura-odontologica\/\"]}]},{\"@type\":\"ImageObject\",\"inLanguage\":\"fr-FR\",\"@id\":\"https:\/\/yoestudiosalud.es\/produit\/kit-de-sutura-odontologica\/#primaryimage\",\"url\":\"https:\/\/yoestudiosalud.es\/wp-content\/uploads\/2018\/07\/002567-1.jpg\",\"contentUrl\":\"https:\/\/yoestudiosalud.es\/wp-content\/uploads\/2018\/07\/002567-1.jpg\",\"width\":640,\"height\":640,\"caption\":\"KIT DE SUTURES DENTAIRES\"},{\"@type\":\"BreadcrumbList\",\"@id\":\"https:\/\/yoestudiosalud.es\/produit\/kit-de-sutura-odontologica\/#breadcrumb\",\"itemListElement\":[{\"@type\":\"ListItem\",\"position\":1,\"name\":\"Portada\",\"item\":\"https:\/\/yoestudiosalud.es\/fr\/\"},{\"@type\":\"ListItem\",\"position\":2,\"name\":\"Boutique\",\"item\":\"https:\/\/yoestudiosalud.es\/fr\/boutique\/\"},{\"@type\":\"ListItem\",\"position\":3,\"name\":\"KIT DE SUTURES DENTAIRES\"}]},{\"@type\":\"WebSite\",\"@id\":\"https:\/\/yoestudiosalud.es\/en\/#website\",\"url\":\"https:\/\/yoestudiosalud.es\/en\/\",\"name\":\"yoestudiosalud.es\",\"description\":\"Material para estudiantes del sector salud\",\"publisher\":{\"@id\":\"https:\/\/yoestudiosalud.es\/en\/#organization\"},\"potentialAction\":[{\"@type\":\"SearchAction\",\"target\":{\"@type\":\"EntryPoint\",\"urlTemplate\":\"https:\/\/yoestudiosalud.es\/en\/?s={search_term_string}\"},\"query-input\":{\"@type\":\"PropertyValueSpecification\",\"valueRequired\":true,\"valueName\":\"search_term_string\"}}],\"inLanguage\":\"fr-FR\"},{\"@type\":\"Organization\",\"@id\":\"https:\/\/yoestudiosalud.es\/en\/#organization\",\"name\":\"yoestudiosalud.es\",\"url\":\"https:\/\/yoestudiosalud.es\/en\/\",\"logo\":{\"@type\":\"ImageObject\",\"inLanguage\":\"fr-FR\",\"@id\":\"https:\/\/yoestudiosalud.es\/en\/#\/schema\/logo\/image\/\",\"url\":\"https:\/\/yoestudiosalud.es\/wp-content\/uploads\/2020\/04\/logonew-e1698080827687.png\",\"contentUrl\":\"https:\/\/yoestudiosalud.es\/wp-content\/uploads\/2020\/04\/logonew-e1698080827687.png\",\"width\":421,\"height\":393,\"caption\":\"yoestudiosalud.es\"},\"image\":{\"@id\":\"https:\/\/yoestudiosalud.es\/en\/#\/schema\/logo\/image\/\"}}]}<\/script>\n<!-- \/ Yoast SEO Premium plugin. -->","yoast_head_json":{"title":"KIT DE SUTURES DENTAIRES - yoestudiosalud.es dep\u00f3sito dental","description":"Kit de suture destin\u00e9 aux \u00e9tudiants en m\u00e9decine dentaire.","robots":{"index":"index","follow":"follow","max-snippet":"max-snippet:-1","max-image-preview":"max-image-preview:large","max-video-preview":"max-video-preview:-1"},"canonical":"https:\/\/yoestudiosalud.es\/produit\/kit-de-sutura-odontologica\/","og_locale":"fr_FR","og_type":"article","og_title":"KIT DE SUTURES DENTAIRES","og_description":"Kit de suture destin\u00e9 aux \u00e9tudiants en m\u00e9decine dentaire.","og_url":"https:\/\/yoestudiosalud.es\/produit\/kit-de-sutura-odontologica\/","og_site_name":"yoestudiosalud.es","article_modified_time":"2025-06-25T21:14:10+00:00","og_image":[{"width":640,"height":640,"url":"https:\/\/yoestudiosalud.es\/wp-content\/uploads\/2018\/07\/002567-1.jpg","type":"image\/jpeg"}],"twitter_card":"summary_large_image","schema":{"@context":"https:\/\/schema.org","@graph":[{"@type":"WebPage","@id":"https:\/\/yoestudiosalud.es\/produit\/kit-de-sutura-odontologica\/","url":"https:\/\/yoestudiosalud.es\/produit\/kit-de-sutura-odontologica\/","name":"KIT DE SUTURES DENTAIRES - yoestudiosalud.es dep\u00f3sito dental","isPartOf":{"@id":"https:\/\/yoestudiosalud.es\/en\/#website"},"primaryImageOfPage":{"@id":"https:\/\/yoestudiosalud.es\/produit\/kit-de-sutura-odontologica\/#primaryimage"},"image":{"@id":"https:\/\/yoestudiosalud.es\/produit\/kit-de-sutura-odontologica\/#primaryimage"},"thumbnailUrl":"https:\/\/yoestudiosalud.es\/wp-content\/uploads\/2018\/07\/002567-1.jpg","datePublished":"2018-07-12T17:20:11+00:00","dateModified":"2025-06-25T21:14:10+00:00","description":"Kit de suture destin\u00e9 aux \u00e9tudiants en m\u00e9decine dentaire.","breadcrumb":{"@id":"https:\/\/yoestudiosalud.es\/produit\/kit-de-sutura-odontologica\/#breadcrumb"},"inLanguage":"fr-FR","potentialAction":[{"@type":"ReadAction","target":["https:\/\/yoestudiosalud.es\/produit\/kit-de-sutura-odontologica\/"]}]},{"@type":"ImageObject","inLanguage":"fr-FR","@id":"https:\/\/yoestudiosalud.es\/produit\/kit-de-sutura-odontologica\/#primaryimage","url":"https:\/\/yoestudiosalud.es\/wp-content\/uploads\/2018\/07\/002567-1.jpg","contentUrl":"https:\/\/yoestudiosalud.es\/wp-content\/uploads\/2018\/07\/002567-1.jpg","width":640,"height":640,"caption":"KIT DE SUTURES DENTAIRES"},{"@type":"BreadcrumbList","@id":"https:\/\/yoestudiosalud.es\/produit\/kit-de-sutura-odontologica\/#breadcrumb","itemListElement":[{"@type":"ListItem","position":1,"name":"Portada","item":"https:\/\/yoestudiosalud.es\/fr\/"},{"@type":"ListItem","position":2,"name":"Boutique","item":"https:\/\/yoestudiosalud.es\/fr\/boutique\/"},{"@type":"ListItem","position":3,"name":"KIT DE SUTURES DENTAIRES"}]},{"@type":"WebSite","@id":"https:\/\/yoestudiosalud.es\/en\/#website","url":"https:\/\/yoestudiosalud.es\/en\/","name":"yoestudiosalud.es","description":"Material para estudiantes del sector salud","publisher":{"@id":"https:\/\/yoestudiosalud.es\/en\/#organization"},"potentialAction":[{"@type":"SearchAction","target":{"@type":"EntryPoint","urlTemplate":"https:\/\/yoestudiosalud.es\/en\/?s={search_term_string}"},"query-input":{"@type":"PropertyValueSpecification","valueRequired":true,"valueName":"search_term_string"}}],"inLanguage":"fr-FR"},{"@type":"Organization","@id":"https:\/\/yoestudiosalud.es\/en\/#organization","name":"yoestudiosalud.es","url":"https:\/\/yoestudiosalud.es\/en\/","logo":{"@type":"ImageObject","inLanguage":"fr-FR","@id":"https:\/\/yoestudiosalud.es\/en\/#\/schema\/logo\/image\/","url":"https:\/\/yoestudiosalud.es\/wp-content\/uploads\/2020\/04\/logonew-e1698080827687.png","contentUrl":"https:\/\/yoestudiosalud.es\/wp-content\/uploads\/2020\/04\/logonew-e1698080827687.png","width":421,"height":393,"caption":"yoestudiosalud.es"},"image":{"@id":"https:\/\/yoestudiosalud.es\/en\/#\/schema\/logo\/image\/"}}]}},"_links":{"self":[{"href":"https:\/\/yoestudiosalud.es\/fr\/wp-json\/wp\/v2\/product\/26734","targetHints":{"allow":["GET"]}}],"collection":[{"href":"https:\/\/yoestudiosalud.es\/fr\/wp-json\/wp\/v2\/product"}],"about":[{"href":"https:\/\/yoestudiosalud.es\/fr\/wp-json\/wp\/v2\/types\/product"}],"wp:featuredmedia":[{"embeddable":true,"href":"https:\/\/yoestudiosalud.es\/fr\/wp-json\/wp\/v2\/media\/26735"}],"wp:attachment":[{"href":"https:\/\/yoestudiosalud.es\/fr\/wp-json\/wp\/v2\/media?parent=26734"}],"wp:term":[{"taxonomy":"product_brand","embeddable":true,"href":"https:\/\/yoestudiosalud.es\/fr\/wp-json\/wp\/v2\/product_brand?post=26734"},{"taxonomy":"product_cat","embeddable":true,"href":"https:\/\/yoestudiosalud.es\/fr\/wp-json\/wp\/v2\/product_cat?post=26734"},{"taxonomy":"product_tag","embeddable":true,"href":"https:\/\/yoestudiosalud.es\/fr\/wp-json\/wp\/v2\/product_tag?post=26734"}],"curies":[{"name":"wp","href":"https:\/\/api.w.org\/{rel}","templated":true}]}}