{"id":26730,"date":"2018-07-12T17:20:11","date_gmt":"2018-07-12T17:20:11","guid":{"rendered":"https:\/\/yoestudiosalud.es\/producto\/decolleurs-de-molt\/"},"modified":"2025-06-25T23:14:04","modified_gmt":"2025-06-25T21:14:04","slug":"decolleurs-de-molt","status":"publish","type":"product","link":"https:\/\/yoestudiosalud.es\/fr\/produit\/decolleurs-de-molt\/","title":{"rendered":"D\u00c9COLLEURS DE MOLT"},"content":{"rendered":"<p>Le D\u00e9colleurs de Molt est un outil chirurgical utilis\u00e9 en dentisterie et en chirurgie buccale pour couper et s\u00e9parer les tissus mous de l&#8217;os sans l&#8217;endommager. Cet outil porte le nom du chirurgien suisse Carl Molt, qui l&#8217;a mis au point \u00e0 la fin du XIXe si\u00e8cle. Depuis lors, il est largement utilis\u00e9 dans les proc\u00e9dures de chirurgie dentaire en raison de son efficacit\u00e9 et de sa pr\u00e9cision.<\/p>\n<p>Le bistouri p\u00e9riost\u00e9 de Molt ressemble \u00e0 un ciseau dont l&#8217;une des extr\u00e9mit\u00e9s est courb\u00e9e et tranchante. Cet outil est con\u00e7u pour couper et s\u00e9parer les tissus mous de l&#8217;os, ce qui permet au chirurgien d&#8217;acc\u00e9der \u00e0 l&#8217;os sans l&#8217;endommager. Cette caract\u00e9ristique est importante car les tissus mous entourant l&#8217;os peuvent \u00eatre fragiles et sensibles, ce qui les rend difficiles \u00e0 manipuler sans les endommager.<\/p>\n<p>L&#8217;utilisation du p\u00e9riostotome de Molt en chirurgie dentaire pr\u00e9sente de multiples avantages. Tout d&#8217;abord, l&#8217;outil permet un acc\u00e8s plus facile et plus s\u00fbr \u00e0 l&#8217;os, ce qui facilite les interventions chirurgicales telles que l&#8217;\u00e9l\u00e9vation de la membrane sinusale ou le retrait d&#8217;un implant dentaire. En outre, l&#8217;utilisation du p\u00e9riostotome de Molt contribue \u00e0 minimiser la douleur et le gonflement postop\u00e9ratoires, car il coupe et s\u00e9pare les tissus mous avec pr\u00e9cision, r\u00e9duisant ainsi le traumatisme de la zone.<\/p>\n","protected":false},"excerpt":{"rendered":"<p>Le D\u00e9colleurs de Molt est un outil chirurgical utilis\u00e9 en dentisterie et en chirurgie buccale pour couper et s\u00e9parer les tissus mous de l&#8217;os sans l&#8217;endommager<\/p>\n","protected":false},"featured_media":28120,"template":"","meta":[],"product_brand":[],"product_cat":[681],"product_tag":[755,763,673,688],"class_list":{"0":"post-26730","1":"product","2":"type-product","3":"status-publish","4":"has-post-thumbnail","6":"product_cat-chirurgie-fr","7":"product_tag-ucam3-fr","8":"product_tag-uev3","9":"product_tag-uv3","10":"product_tag-ceu3","11":"pa_formacion-odontologia-fr","13":"first","14":"instock","15":"sale","16":"taxable","17":"shipping-taxable","18":"purchasable","19":"product-type-simple"},"yoast_head":"<!-- This site is optimized with the Yoast SEO Premium plugin v27.0 (Yoast SEO v27.2) - https:\/\/yoast.com\/product\/yoast-seo-premium-wordpress\/ -->\n<title>D\u00c9COLLEURS DE MOLT - yoestudiosalud.es dep\u00f3sito dental<\/title>\n<meta name=\"description\" content=\"Le D\u00e9colleurs de Molt est un outil chirurgical utilis\u00e9 en dentisterie et en chirurgie buccale pour couper et s\u00e9parer les tissus mous de l&#039;os sans l&#039;endommager\" \/>\n<meta name=\"robots\" content=\"index, follow, max-snippet:-1, max-image-preview:large, max-video-preview:-1\" \/>\n<link rel=\"canonical\" href=\"https:\/\/yoestudiosalud.es\/produit\/periostotomo-de-molt\/\" \/>\n<meta property=\"og:locale\" content=\"fr_FR\" \/>\n<meta property=\"og:type\" content=\"article\" \/>\n<meta property=\"og:title\" content=\"D\u00c9COLLEURS DE MOLT\" \/>\n<meta property=\"og:description\" content=\"Le D\u00e9colleurs de Molt est un outil chirurgical utilis\u00e9 en dentisterie et en chirurgie buccale pour couper et s\u00e9parer les tissus mous de l&#039;os sans l&#039;endommager\" \/>\n<meta property=\"og:url\" content=\"https:\/\/yoestudiosalud.es\/produit\/periostotomo-de-molt\/\" \/>\n<meta property=\"og:site_name\" content=\"yoestudiosalud.es\" \/>\n<meta property=\"article:modified_time\" content=\"2025-06-25T21:14:04+00:00\" \/>\n<meta property=\"og:image\" content=\"https:\/\/yoestudiosalud.es\/wp-content\/uploads\/2018\/07\/002480-1.jpg\" \/>\n\t<meta property=\"og:image:width\" content=\"800\" \/>\n\t<meta property=\"og:image:height\" content=\"800\" \/>\n\t<meta property=\"og:image:type\" content=\"image\/jpeg\" \/>\n<meta name=\"twitter:card\" content=\"summary_large_image\" \/>\n<meta name=\"twitter:label1\" content=\"Dur\u00e9e de lecture estim\u00e9e\" \/>\n\t<meta name=\"twitter:data1\" content=\"1 minute\" \/>\n<script type=\"application\/ld+json\" class=\"yoast-schema-graph\">{\"@context\":\"https:\/\/schema.org\",\"@graph\":[{\"@type\":\"WebPage\",\"@id\":\"https:\/\/yoestudiosalud.es\/produit\/periostotomo-de-molt\/\",\"url\":\"https:\/\/yoestudiosalud.es\/produit\/periostotomo-de-molt\/\",\"name\":\"D\u00c9COLLEURS DE MOLT - yoestudiosalud.es dep\u00f3sito dental\",\"isPartOf\":{\"@id\":\"https:\/\/yoestudiosalud.es\/en\/#website\"},\"primaryImageOfPage\":{\"@id\":\"https:\/\/yoestudiosalud.es\/produit\/periostotomo-de-molt\/#primaryimage\"},\"image\":{\"@id\":\"https:\/\/yoestudiosalud.es\/produit\/periostotomo-de-molt\/#primaryimage\"},\"thumbnailUrl\":\"https:\/\/yoestudiosalud.es\/wp-content\/uploads\/2018\/07\/002480-1.jpg\",\"datePublished\":\"2018-07-12T17:20:11+00:00\",\"dateModified\":\"2025-06-25T21:14:04+00:00\",\"description\":\"Le D\u00e9colleurs de Molt est un outil chirurgical utilis\u00e9 en dentisterie et en chirurgie buccale pour couper et s\u00e9parer les tissus mous de l'os sans l'endommager\",\"breadcrumb\":{\"@id\":\"https:\/\/yoestudiosalud.es\/produit\/periostotomo-de-molt\/#breadcrumb\"},\"inLanguage\":\"fr-FR\",\"potentialAction\":[{\"@type\":\"ReadAction\",\"target\":[\"https:\/\/yoestudiosalud.es\/produit\/periostotomo-de-molt\/\"]}]},{\"@type\":\"ImageObject\",\"inLanguage\":\"fr-FR\",\"@id\":\"https:\/\/yoestudiosalud.es\/produit\/periostotomo-de-molt\/#primaryimage\",\"url\":\"https:\/\/yoestudiosalud.es\/wp-content\/uploads\/2018\/07\/002480-1.jpg\",\"contentUrl\":\"https:\/\/yoestudiosalud.es\/wp-content\/uploads\/2018\/07\/002480-1.jpg\",\"width\":800,\"height\":800,\"caption\":\"002480\"},{\"@type\":\"BreadcrumbList\",\"@id\":\"https:\/\/yoestudiosalud.es\/produit\/periostotomo-de-molt\/#breadcrumb\",\"itemListElement\":[{\"@type\":\"ListItem\",\"position\":1,\"name\":\"Portada\",\"item\":\"https:\/\/yoestudiosalud.es\/fr\/\"},{\"@type\":\"ListItem\",\"position\":2,\"name\":\"Boutique\",\"item\":\"https:\/\/yoestudiosalud.es\/fr\/boutique\/\"},{\"@type\":\"ListItem\",\"position\":3,\"name\":\"D\u00c9COLLEURS DE MOLT\"}]},{\"@type\":\"WebSite\",\"@id\":\"https:\/\/yoestudiosalud.es\/en\/#website\",\"url\":\"https:\/\/yoestudiosalud.es\/en\/\",\"name\":\"yoestudiosalud.es\",\"description\":\"Material para estudiantes del sector salud\",\"publisher\":{\"@id\":\"https:\/\/yoestudiosalud.es\/en\/#organization\"},\"potentialAction\":[{\"@type\":\"SearchAction\",\"target\":{\"@type\":\"EntryPoint\",\"urlTemplate\":\"https:\/\/yoestudiosalud.es\/en\/?s={search_term_string}\"},\"query-input\":{\"@type\":\"PropertyValueSpecification\",\"valueRequired\":true,\"valueName\":\"search_term_string\"}}],\"inLanguage\":\"fr-FR\"},{\"@type\":\"Organization\",\"@id\":\"https:\/\/yoestudiosalud.es\/en\/#organization\",\"name\":\"yoestudiosalud.es\",\"url\":\"https:\/\/yoestudiosalud.es\/en\/\",\"logo\":{\"@type\":\"ImageObject\",\"inLanguage\":\"fr-FR\",\"@id\":\"https:\/\/yoestudiosalud.es\/en\/#\/schema\/logo\/image\/\",\"url\":\"https:\/\/yoestudiosalud.es\/wp-content\/uploads\/2020\/04\/logonew-e1698080827687.png\",\"contentUrl\":\"https:\/\/yoestudiosalud.es\/wp-content\/uploads\/2020\/04\/logonew-e1698080827687.png\",\"width\":421,\"height\":393,\"caption\":\"yoestudiosalud.es\"},\"image\":{\"@id\":\"https:\/\/yoestudiosalud.es\/en\/#\/schema\/logo\/image\/\"}}]}<\/script>\n<!-- \/ Yoast SEO Premium plugin. -->","yoast_head_json":{"title":"D\u00c9COLLEURS DE MOLT - yoestudiosalud.es dep\u00f3sito dental","description":"Le D\u00e9colleurs de Molt est un outil chirurgical utilis\u00e9 en dentisterie et en chirurgie buccale pour couper et s\u00e9parer les tissus mous de l'os sans l'endommager","robots":{"index":"index","follow":"follow","max-snippet":"max-snippet:-1","max-image-preview":"max-image-preview:large","max-video-preview":"max-video-preview:-1"},"canonical":"https:\/\/yoestudiosalud.es\/produit\/periostotomo-de-molt\/","og_locale":"fr_FR","og_type":"article","og_title":"D\u00c9COLLEURS DE MOLT","og_description":"Le D\u00e9colleurs de Molt est un outil chirurgical utilis\u00e9 en dentisterie et en chirurgie buccale pour couper et s\u00e9parer les tissus mous de l'os sans l'endommager","og_url":"https:\/\/yoestudiosalud.es\/produit\/periostotomo-de-molt\/","og_site_name":"yoestudiosalud.es","article_modified_time":"2025-06-25T21:14:04+00:00","og_image":[{"width":800,"height":800,"url":"https:\/\/yoestudiosalud.es\/wp-content\/uploads\/2018\/07\/002480-1.jpg","type":"image\/jpeg"}],"twitter_card":"summary_large_image","twitter_misc":{"Dur\u00e9e de lecture estim\u00e9e":"1 minute"},"schema":{"@context":"https:\/\/schema.org","@graph":[{"@type":"WebPage","@id":"https:\/\/yoestudiosalud.es\/produit\/periostotomo-de-molt\/","url":"https:\/\/yoestudiosalud.es\/produit\/periostotomo-de-molt\/","name":"D\u00c9COLLEURS DE MOLT - yoestudiosalud.es dep\u00f3sito dental","isPartOf":{"@id":"https:\/\/yoestudiosalud.es\/en\/#website"},"primaryImageOfPage":{"@id":"https:\/\/yoestudiosalud.es\/produit\/periostotomo-de-molt\/#primaryimage"},"image":{"@id":"https:\/\/yoestudiosalud.es\/produit\/periostotomo-de-molt\/#primaryimage"},"thumbnailUrl":"https:\/\/yoestudiosalud.es\/wp-content\/uploads\/2018\/07\/002480-1.jpg","datePublished":"2018-07-12T17:20:11+00:00","dateModified":"2025-06-25T21:14:04+00:00","description":"Le D\u00e9colleurs de Molt est un outil chirurgical utilis\u00e9 en dentisterie et en chirurgie buccale pour couper et s\u00e9parer les tissus mous de l'os sans l'endommager","breadcrumb":{"@id":"https:\/\/yoestudiosalud.es\/produit\/periostotomo-de-molt\/#breadcrumb"},"inLanguage":"fr-FR","potentialAction":[{"@type":"ReadAction","target":["https:\/\/yoestudiosalud.es\/produit\/periostotomo-de-molt\/"]}]},{"@type":"ImageObject","inLanguage":"fr-FR","@id":"https:\/\/yoestudiosalud.es\/produit\/periostotomo-de-molt\/#primaryimage","url":"https:\/\/yoestudiosalud.es\/wp-content\/uploads\/2018\/07\/002480-1.jpg","contentUrl":"https:\/\/yoestudiosalud.es\/wp-content\/uploads\/2018\/07\/002480-1.jpg","width":800,"height":800,"caption":"002480"},{"@type":"BreadcrumbList","@id":"https:\/\/yoestudiosalud.es\/produit\/periostotomo-de-molt\/#breadcrumb","itemListElement":[{"@type":"ListItem","position":1,"name":"Portada","item":"https:\/\/yoestudiosalud.es\/fr\/"},{"@type":"ListItem","position":2,"name":"Boutique","item":"https:\/\/yoestudiosalud.es\/fr\/boutique\/"},{"@type":"ListItem","position":3,"name":"D\u00c9COLLEURS DE MOLT"}]},{"@type":"WebSite","@id":"https:\/\/yoestudiosalud.es\/en\/#website","url":"https:\/\/yoestudiosalud.es\/en\/","name":"yoestudiosalud.es","description":"Material para estudiantes del sector salud","publisher":{"@id":"https:\/\/yoestudiosalud.es\/en\/#organization"},"potentialAction":[{"@type":"SearchAction","target":{"@type":"EntryPoint","urlTemplate":"https:\/\/yoestudiosalud.es\/en\/?s={search_term_string}"},"query-input":{"@type":"PropertyValueSpecification","valueRequired":true,"valueName":"search_term_string"}}],"inLanguage":"fr-FR"},{"@type":"Organization","@id":"https:\/\/yoestudiosalud.es\/en\/#organization","name":"yoestudiosalud.es","url":"https:\/\/yoestudiosalud.es\/en\/","logo":{"@type":"ImageObject","inLanguage":"fr-FR","@id":"https:\/\/yoestudiosalud.es\/en\/#\/schema\/logo\/image\/","url":"https:\/\/yoestudiosalud.es\/wp-content\/uploads\/2020\/04\/logonew-e1698080827687.png","contentUrl":"https:\/\/yoestudiosalud.es\/wp-content\/uploads\/2020\/04\/logonew-e1698080827687.png","width":421,"height":393,"caption":"yoestudiosalud.es"},"image":{"@id":"https:\/\/yoestudiosalud.es\/en\/#\/schema\/logo\/image\/"}}]}},"_links":{"self":[{"href":"https:\/\/yoestudiosalud.es\/fr\/wp-json\/wp\/v2\/product\/26730","targetHints":{"allow":["GET"]}}],"collection":[{"href":"https:\/\/yoestudiosalud.es\/fr\/wp-json\/wp\/v2\/product"}],"about":[{"href":"https:\/\/yoestudiosalud.es\/fr\/wp-json\/wp\/v2\/types\/product"}],"wp:featuredmedia":[{"embeddable":true,"href":"https:\/\/yoestudiosalud.es\/fr\/wp-json\/wp\/v2\/media\/28120"}],"wp:attachment":[{"href":"https:\/\/yoestudiosalud.es\/fr\/wp-json\/wp\/v2\/media?parent=26730"}],"wp:term":[{"taxonomy":"product_brand","embeddable":true,"href":"https:\/\/yoestudiosalud.es\/fr\/wp-json\/wp\/v2\/product_brand?post=26730"},{"taxonomy":"product_cat","embeddable":true,"href":"https:\/\/yoestudiosalud.es\/fr\/wp-json\/wp\/v2\/product_cat?post=26730"},{"taxonomy":"product_tag","embeddable":true,"href":"https:\/\/yoestudiosalud.es\/fr\/wp-json\/wp\/v2\/product_tag?post=26730"}],"curies":[{"name":"wp","href":"https:\/\/api.w.org\/{rel}","templated":true}]}}