{"id":26577,"date":"2018-07-12T17:20:57","date_gmt":"2018-07-12T17:20:57","guid":{"rendered":"https:\/\/yoestudiosalud.es\/producto\/littmann-phonendoscope\/"},"modified":"2025-06-03T10:27:08","modified_gmt":"2025-06-03T10:27:08","slug":"littmann-phonendoscope","status":"publish","type":"product","link":"https:\/\/yoestudiosalud.es\/fr\/produit\/littmann-phonendoscope\/","title":{"rendered":"LITTMANN PHONENDOSCOPE<br>CLASSIC III"},"content":{"rendered":"<div class=\"tabContentContainer MMM--contentToggle-target MMM--isActive\">\n<div class=\"MMM--contentPadded MMM--accordionPanel\">\n<div class=\"MMM--grids\">\n<div class=\"MMM--grids-col MMM--grids-col_pdpMain\">\n<p>&nbsp;<\/p>\n<h4 style=\"text-align: center;\">Littmann Classic III<\/h4>\n<p>Le st\u00e9thoscope ou st\u00e9thoscope Littmann Classic III est compact et sensible \u2013 l&#8217;instrument id\u00e9al pour les professionnels de la sant\u00e9 qui surveillent et examinent les patients p\u00e9diatriques et adultes en dehors des environnements critiques. Ce qui pr\u00e9c\u00e8de gr\u00e2ce \u00e0 sa fabrication avec des mat\u00e9riaux r\u00e9sistants mais l\u00e9gers, ce qui lui permet d&#8217;\u00eatre utilis\u00e9 confortablement pendant de longues journ\u00e9es.<\/p>\n<p>Le st\u00e9thoscope ou st\u00e9thoscope Littmann Classic III est la version la plus moderne du st\u00e9thoscope qui aide des millions de professionnels de la sant\u00e9 \u00e0 prodiguer les meilleurs soins. Il offre \u00e9galement une grande sensibilit\u00e9 acoustique qui offre des performances optimales, ainsi qu&#8217;une hotte polyvalente double face avec membranes double fr\u00e9quence.<\/p>\n<p>Les \u00e9tudiants et les professionnels de la sant\u00e9 utilisent le st\u00e9thoscope Classic III pour identifier, \u00e9couter et \u00e9tudier les bruits cardiaques, les bruits pulmonaires et d&#8217;autres bruits corporels lors d&#8217;examens physiques, de surveillance de patients et de diagnostics.<\/p>\n<h5 style=\"text-align: center;\">Membrane double fr\u00e9quence<\/h5>\n<p>La technologie de membrane bi-fr\u00e9quence (brevet\u00e9e par 3M) permet aux professionnels de sant\u00e9 d&#8217;entendre des sons de diff\u00e9rentes fr\u00e9quences en ajustant simplement la pression exerc\u00e9e sur la cagoule. Appuyez et maintenez l\u00e9g\u00e8rement la cloche pour entendre les sons de basse fr\u00e9quence et appliquez un peu plus de pression pour entendre les sons de fr\u00e9quence plus \u00e9lev\u00e9e.<\/p>\n<p>Gr\u00e2ce au gain de temps r\u00e9alis\u00e9 gr\u00e2ce \u00e0 cette fonction, le professionnel de sant\u00e9 peut se concentrer sur le patient, qui b\u00e9n\u00e9ficie d&#8217;un plus grand confort gr\u00e2ce \u00e0 la membrane d&#8217;\u00e9vacuation du froid.<\/p>\n<h4 style=\"text-align: center;\">Le casque<\/h4>\n<p class=\"SNAPS--pdpTabDes\">La tension des \u00e9couteurs s&#8217;adapte confortablement et facilement \u00e0 la taille de la t\u00eate en joignant ou en s\u00e9parant les tubes auriculaires. Les embouts ultra doux \u00e0 clipser s&#8217;adaptent \u00e0 chaque oreille pour une excellente isolation phonique et un ajustement confortable. Les embouts s&#8217;ajustent fermement aux extr\u00e9mit\u00e9s des tubes et, pour plus de s\u00e9curit\u00e9, un certain effort est n\u00e9cessaire pour les retirer.<\/p>\n<h4 style=\"text-align: center;\">Le tube<\/h4>\n<p>Le tube durable et \u00e0 la pointe de la technologie conserve sa forme et sa flexibilit\u00e9 m\u00eame apr\u00e8s avoir \u00e9t\u00e9 roul\u00e9 et compress\u00e9 dans votre poche. Prolonge la dur\u00e9e de vie du st\u00e9thoscope gr\u00e2ce \u00e0 sa plus grande r\u00e9sistance \u00e0 l&#8217;alcool, \u00e0 l&#8217;huile cutan\u00e9e et aux taches.<\/p>\n<p>Le tube \u00e0 la pointe de la technologie est sans latex, ce qui constitue un avantage pour les professionnels de sant\u00e9 et les patients allergiques au latex. De m\u00eame, pour contribuer \u00e0 la protection de la sant\u00e9 et de l&#8217;environnement, le tube de derni\u00e8re g\u00e9n\u00e9ration ne contient pas de plastifiants phtalates.<\/p>\n<p>Le st\u00e9thoscope Classic III est enti\u00e8rement fabriqu\u00e9 aux \u00c9tats-Unis pour une qualit\u00e9 constante. Comprend un jeu d&#8217;embouts super doux en grandes et petites tailles, un caoutchouc d\u00e9givrant pour la cloche et des instructions.<\/p>\n<h5 class=\"MMM--hdg MMM--hdg_2 SNAPS--hdg_2 MMM--tabHeader\" style=\"text-align: center;\">D\u00e9tails du Produit<\/h5>\n<div class=\"tabContentContainer MMM--contentToggle-target MMM--isActive\">\n<div class=\"MMM--contentPadded MMM--accordionPanel\">\n<div class=\"MMM--grids\">\n<div class=\"MMM--grids-col MMM--grids-col_pdpMain\">\n<ul class=\"MMM--pdpList SNAPS--bullets\">\n<li>Surveiller et examiner une grande vari\u00e9t\u00e9 de patients<\/li>\n<li>D\u00e9tecter les sons et rythmes normaux et anormaux<\/li>\n<li>Convient aux environnements non critiques tels que les cabinets m\u00e9dicaux, les services g\u00e9n\u00e9raux, les services d&#8217;obst\u00e9trique-gyn\u00e9cologie, de m\u00e9decine ambulatoire et les urgences.<\/li>\n<li>5 ans de garantie<\/li>\n<li>Amusant et intense, pour que vous puissiez choisir la couleur et la finition qui refl\u00e8tent le mieux votre personnalit\u00e9<\/li>\n<li>Con\u00e7u pour \u00eatre utilis\u00e9 avec des patients p\u00e9diatriques et adultes<\/li>\n<li>Hotte inox double face \u00e0 membrane bi-fr\u00e9quence, avec hotte ouverte ou ferm\u00e9e<\/li>\n<li>Cagoule avec caoutchouc anti-froid pour offrir plus de confort au patient<\/li>\n<li>Avec des embouts super doux qui offrent un grand confort et une excellente isolation phonique<\/li>\n<li>Fabriqu\u00e9 aux USA, sans latex de caoutchouc naturelAplicaciones Recomendadas<\/li>\n<\/ul>\n<p style=\"text-align: center;\"><span style=\"font-size: 14px;\"><strong>Applications recommand\u00e9es<\/strong><\/span><\/p>\n<\/div>\n<\/div>\n<\/div>\n<\/div>\n<ul class=\"MMM--pdpList SNAPS--bullets\">\n<li>Auscultaciones generales y Diagnosis<\/li>\n<\/ul>\n<\/div>\n<\/div>\n<p><a href=\"https:\/\/www.youtube.com\/watch?v=G6qhqeXwX9I\">https:\/\/www.youtube.com\/watch?v=G6qhqeXwX9I<\/a><\/p>\n<\/div>\n<\/div>\n","protected":false},"excerpt":{"rendered":"<p>St\u00e9thoscope 3M Littmann Classique III<\/p>\n","protected":false},"featured_media":26593,"template":"","meta":[],"product_brand":[],"product_cat":[723,834,721],"product_tag":[729,730,731,706],"class_list":{"0":"post-26577","1":"product","2":"type-product","3":"status-publish","4":"has-post-thumbnail","6":"product_cat-equipmentm-fr","7":"product_cat-medecine-en-vedette","8":"product_cat-diagnosticv-fr","9":"product_tag-littmann-classic-iii-fr","10":"product_tag-stethoscope-fr","11":"product_tag-stethoscope-littmann-fr","12":"product_tag-ucm2-fr","13":"pa_formacion-veterinaria-fr","14":"pa_formacion-medicina-fr","16":"first","17":"instock","18":"sale","19":"featured","20":"taxable","21":"shipping-taxable","22":"purchasable","23":"product-type-variable"},"yoast_head":"<!-- This site is optimized with the Yoast SEO Premium plugin v27.0 (Yoast SEO v27.2) - https:\/\/yoast.com\/product\/yoast-seo-premium-wordpress\/ -->\n<title>LITTMANN PHONENDOSCOPECLASSIC III - yoestudiosalud.es<\/title>\n<meta name=\"description\" content=\"Le st\u00e9thoscope Littmann Classic III est la version la plus r\u00e9cente des st\u00e9thoscopes 3M. Achetez-le en ligne en magasin.\" \/>\n<meta name=\"robots\" content=\"index, follow, max-snippet:-1, max-image-preview:large, max-video-preview:-1\" \/>\n<link rel=\"canonical\" href=\"https:\/\/yoestudiosalud.es\/produit\/fonendoscopio-littmann-classic-iii\/\" \/>\n<meta property=\"og:locale\" content=\"fr_FR\" \/>\n<meta property=\"og:type\" content=\"article\" \/>\n<meta property=\"og:title\" content=\"LITTMANN PHONENDOSCOPECLASSIC III\" \/>\n<meta property=\"og:description\" content=\"Le st\u00e9thoscope Littmann Classic III est la version la plus r\u00e9cente des st\u00e9thoscopes 3M. Achetez-le en ligne en magasin.\" \/>\n<meta property=\"og:url\" content=\"https:\/\/yoestudiosalud.es\/produit\/fonendoscopio-littmann-classic-iii\/\" \/>\n<meta property=\"og:site_name\" content=\"yoestudiosalud.es\" \/>\n<meta property=\"article:modified_time\" content=\"2025-06-03T10:27:08+00:00\" \/>\n<meta property=\"og:image\" content=\"https:\/\/yoestudiosalud.es\/wp-content\/uploads\/2018\/07\/Littmann_III.jpg\" \/>\n\t<meta property=\"og:image:width\" content=\"650\" \/>\n\t<meta property=\"og:image:height\" content=\"650\" \/>\n\t<meta property=\"og:image:type\" content=\"image\/jpeg\" \/>\n<meta name=\"twitter:card\" content=\"summary_large_image\" \/>\n<meta name=\"twitter:label1\" content=\"Dur\u00e9e de lecture estim\u00e9e\" \/>\n\t<meta name=\"twitter:data1\" content=\"3 minutes\" \/>\n<script type=\"application\/ld+json\" class=\"yoast-schema-graph\">{\"@context\":\"https:\/\/schema.org\",\"@graph\":[{\"@type\":\"WebPage\",\"@id\":\"https:\/\/yoestudiosalud.es\/produit\/fonendoscopio-littmann-classic-iii\/\",\"url\":\"https:\/\/yoestudiosalud.es\/produit\/fonendoscopio-littmann-classic-iii\/\",\"name\":\"LITTMANN PHONENDOSCOPE CLASSIC III - yoestudiosalud.es\",\"isPartOf\":{\"@id\":\"https:\/\/yoestudiosalud.es\/en\/#website\"},\"primaryImageOfPage\":{\"@id\":\"https:\/\/yoestudiosalud.es\/produit\/fonendoscopio-littmann-classic-iii\/#primaryimage\"},\"image\":{\"@id\":\"https:\/\/yoestudiosalud.es\/produit\/fonendoscopio-littmann-classic-iii\/#primaryimage\"},\"thumbnailUrl\":\"https:\/\/yoestudiosalud.es\/wp-content\/uploads\/2018\/07\/Littmann_III.jpg\",\"datePublished\":\"2018-07-12T17:20:57+00:00\",\"dateModified\":\"2025-06-03T10:27:08+00:00\",\"description\":\"Le st\u00e9thoscope Littmann Classic III est la version la plus r\u00e9cente des st\u00e9thoscopes 3M. Achetez-le en ligne en magasin.\",\"breadcrumb\":{\"@id\":\"https:\/\/yoestudiosalud.es\/produit\/fonendoscopio-littmann-classic-iii\/#breadcrumb\"},\"inLanguage\":\"fr-FR\",\"potentialAction\":[{\"@type\":\"ReadAction\",\"target\":[\"https:\/\/yoestudiosalud.es\/produit\/fonendoscopio-littmann-classic-iii\/\"]}]},{\"@type\":\"ImageObject\",\"inLanguage\":\"fr-FR\",\"@id\":\"https:\/\/yoestudiosalud.es\/produit\/fonendoscopio-littmann-classic-iii\/#primaryimage\",\"url\":\"https:\/\/yoestudiosalud.es\/wp-content\/uploads\/2018\/07\/Littmann_III.jpg\",\"contentUrl\":\"https:\/\/yoestudiosalud.es\/wp-content\/uploads\/2018\/07\/Littmann_III.jpg\",\"width\":650,\"height\":650,\"caption\":\"PHONENDOSCOPE LITTMANN CLASSIC III\"},{\"@type\":\"BreadcrumbList\",\"@id\":\"https:\/\/yoestudiosalud.es\/produit\/fonendoscopio-littmann-classic-iii\/#breadcrumb\",\"itemListElement\":[{\"@type\":\"ListItem\",\"position\":1,\"name\":\"Portada\",\"item\":\"https:\/\/yoestudiosalud.es\/fr\/\"},{\"@type\":\"ListItem\",\"position\":2,\"name\":\"Boutique\",\"item\":\"https:\/\/yoestudiosalud.es\/fr\/boutique\/\"},{\"@type\":\"ListItem\",\"position\":3,\"name\":\"LITTMANN PHONENDOSCOPECLASSIC III\"}]},{\"@type\":\"WebSite\",\"@id\":\"https:\/\/yoestudiosalud.es\/en\/#website\",\"url\":\"https:\/\/yoestudiosalud.es\/en\/\",\"name\":\"yoestudiosalud.es\",\"description\":\"Material para estudiantes del sector salud\",\"publisher\":{\"@id\":\"https:\/\/yoestudiosalud.es\/en\/#organization\"},\"potentialAction\":[{\"@type\":\"SearchAction\",\"target\":{\"@type\":\"EntryPoint\",\"urlTemplate\":\"https:\/\/yoestudiosalud.es\/en\/?s={search_term_string}\"},\"query-input\":{\"@type\":\"PropertyValueSpecification\",\"valueRequired\":true,\"valueName\":\"search_term_string\"}}],\"inLanguage\":\"fr-FR\"},{\"@type\":\"Organization\",\"@id\":\"https:\/\/yoestudiosalud.es\/en\/#organization\",\"name\":\"yoestudiosalud.es\",\"url\":\"https:\/\/yoestudiosalud.es\/en\/\",\"logo\":{\"@type\":\"ImageObject\",\"inLanguage\":\"fr-FR\",\"@id\":\"https:\/\/yoestudiosalud.es\/en\/#\/schema\/logo\/image\/\",\"url\":\"https:\/\/yoestudiosalud.es\/wp-content\/uploads\/2020\/04\/logonew-e1698080827687.png\",\"contentUrl\":\"https:\/\/yoestudiosalud.es\/wp-content\/uploads\/2020\/04\/logonew-e1698080827687.png\",\"width\":421,\"height\":393,\"caption\":\"yoestudiosalud.es\"},\"image\":{\"@id\":\"https:\/\/yoestudiosalud.es\/en\/#\/schema\/logo\/image\/\"}}]}<\/script>\n<!-- \/ Yoast SEO Premium plugin. -->","yoast_head_json":{"title":"LITTMANN PHONENDOSCOPECLASSIC III - yoestudiosalud.es","description":"Le st\u00e9thoscope Littmann Classic III est la version la plus r\u00e9cente des st\u00e9thoscopes 3M. Achetez-le en ligne en magasin.","robots":{"index":"index","follow":"follow","max-snippet":"max-snippet:-1","max-image-preview":"max-image-preview:large","max-video-preview":"max-video-preview:-1"},"canonical":"https:\/\/yoestudiosalud.es\/produit\/fonendoscopio-littmann-classic-iii\/","og_locale":"fr_FR","og_type":"article","og_title":"LITTMANN PHONENDOSCOPECLASSIC III","og_description":"Le st\u00e9thoscope Littmann Classic III est la version la plus r\u00e9cente des st\u00e9thoscopes 3M. Achetez-le en ligne en magasin.","og_url":"https:\/\/yoestudiosalud.es\/produit\/fonendoscopio-littmann-classic-iii\/","og_site_name":"yoestudiosalud.es","article_modified_time":"2025-06-03T10:27:08+00:00","og_image":[{"width":650,"height":650,"url":"https:\/\/yoestudiosalud.es\/wp-content\/uploads\/2018\/07\/Littmann_III.jpg","type":"image\/jpeg"}],"twitter_card":"summary_large_image","twitter_misc":{"Dur\u00e9e de lecture estim\u00e9e":"3 minutes"},"schema":{"@context":"https:\/\/schema.org","@graph":[{"@type":"WebPage","@id":"https:\/\/yoestudiosalud.es\/produit\/fonendoscopio-littmann-classic-iii\/","url":"https:\/\/yoestudiosalud.es\/produit\/fonendoscopio-littmann-classic-iii\/","name":"LITTMANN PHONENDOSCOPE CLASSIC III - yoestudiosalud.es","isPartOf":{"@id":"https:\/\/yoestudiosalud.es\/en\/#website"},"primaryImageOfPage":{"@id":"https:\/\/yoestudiosalud.es\/produit\/fonendoscopio-littmann-classic-iii\/#primaryimage"},"image":{"@id":"https:\/\/yoestudiosalud.es\/produit\/fonendoscopio-littmann-classic-iii\/#primaryimage"},"thumbnailUrl":"https:\/\/yoestudiosalud.es\/wp-content\/uploads\/2018\/07\/Littmann_III.jpg","datePublished":"2018-07-12T17:20:57+00:00","dateModified":"2025-06-03T10:27:08+00:00","description":"Le st\u00e9thoscope Littmann Classic III est la version la plus r\u00e9cente des st\u00e9thoscopes 3M. Achetez-le en ligne en magasin.","breadcrumb":{"@id":"https:\/\/yoestudiosalud.es\/produit\/fonendoscopio-littmann-classic-iii\/#breadcrumb"},"inLanguage":"fr-FR","potentialAction":[{"@type":"ReadAction","target":["https:\/\/yoestudiosalud.es\/produit\/fonendoscopio-littmann-classic-iii\/"]}]},{"@type":"ImageObject","inLanguage":"fr-FR","@id":"https:\/\/yoestudiosalud.es\/produit\/fonendoscopio-littmann-classic-iii\/#primaryimage","url":"https:\/\/yoestudiosalud.es\/wp-content\/uploads\/2018\/07\/Littmann_III.jpg","contentUrl":"https:\/\/yoestudiosalud.es\/wp-content\/uploads\/2018\/07\/Littmann_III.jpg","width":650,"height":650,"caption":"PHONENDOSCOPE LITTMANN CLASSIC III"},{"@type":"BreadcrumbList","@id":"https:\/\/yoestudiosalud.es\/produit\/fonendoscopio-littmann-classic-iii\/#breadcrumb","itemListElement":[{"@type":"ListItem","position":1,"name":"Portada","item":"https:\/\/yoestudiosalud.es\/fr\/"},{"@type":"ListItem","position":2,"name":"Boutique","item":"https:\/\/yoestudiosalud.es\/fr\/boutique\/"},{"@type":"ListItem","position":3,"name":"LITTMANN PHONENDOSCOPECLASSIC III"}]},{"@type":"WebSite","@id":"https:\/\/yoestudiosalud.es\/en\/#website","url":"https:\/\/yoestudiosalud.es\/en\/","name":"yoestudiosalud.es","description":"Material para estudiantes del sector salud","publisher":{"@id":"https:\/\/yoestudiosalud.es\/en\/#organization"},"potentialAction":[{"@type":"SearchAction","target":{"@type":"EntryPoint","urlTemplate":"https:\/\/yoestudiosalud.es\/en\/?s={search_term_string}"},"query-input":{"@type":"PropertyValueSpecification","valueRequired":true,"valueName":"search_term_string"}}],"inLanguage":"fr-FR"},{"@type":"Organization","@id":"https:\/\/yoestudiosalud.es\/en\/#organization","name":"yoestudiosalud.es","url":"https:\/\/yoestudiosalud.es\/en\/","logo":{"@type":"ImageObject","inLanguage":"fr-FR","@id":"https:\/\/yoestudiosalud.es\/en\/#\/schema\/logo\/image\/","url":"https:\/\/yoestudiosalud.es\/wp-content\/uploads\/2020\/04\/logonew-e1698080827687.png","contentUrl":"https:\/\/yoestudiosalud.es\/wp-content\/uploads\/2020\/04\/logonew-e1698080827687.png","width":421,"height":393,"caption":"yoestudiosalud.es"},"image":{"@id":"https:\/\/yoestudiosalud.es\/en\/#\/schema\/logo\/image\/"}}]}},"_links":{"self":[{"href":"https:\/\/yoestudiosalud.es\/fr\/wp-json\/wp\/v2\/product\/26577","targetHints":{"allow":["GET"]}}],"collection":[{"href":"https:\/\/yoestudiosalud.es\/fr\/wp-json\/wp\/v2\/product"}],"about":[{"href":"https:\/\/yoestudiosalud.es\/fr\/wp-json\/wp\/v2\/types\/product"}],"wp:featuredmedia":[{"embeddable":true,"href":"https:\/\/yoestudiosalud.es\/fr\/wp-json\/wp\/v2\/media\/26593"}],"wp:attachment":[{"href":"https:\/\/yoestudiosalud.es\/fr\/wp-json\/wp\/v2\/media?parent=26577"}],"wp:term":[{"taxonomy":"product_brand","embeddable":true,"href":"https:\/\/yoestudiosalud.es\/fr\/wp-json\/wp\/v2\/product_brand?post=26577"},{"taxonomy":"product_cat","embeddable":true,"href":"https:\/\/yoestudiosalud.es\/fr\/wp-json\/wp\/v2\/product_cat?post=26577"},{"taxonomy":"product_tag","embeddable":true,"href":"https:\/\/yoestudiosalud.es\/fr\/wp-json\/wp\/v2\/product_tag?post=26577"}],"curies":[{"name":"wp","href":"https:\/\/api.w.org\/{rel}","templated":true}]}}