{"id":26556,"date":"2018-07-12T17:20:56","date_gmt":"2018-07-12T17:20:56","guid":{"rendered":"https:\/\/yoestudiosalud.es\/producto\/camisole-pyjama-sanitaire\/"},"modified":"2025-06-27T13:36:34","modified_gmt":"2025-06-27T11:36:34","slug":"camisole-pyjama-sanitaire","status":"publish","type":"product","link":"https:\/\/yoestudiosalud.es\/fr\/produit\/camisole-pyjama-sanitaire\/","title":{"rendered":"CAMISOLE PYJAMA SANITAIRE"},"content":{"rendered":"<p>Pyjama sanitaire type camisole unisexe selon les sp\u00e9cifications et exigences des universit\u00e9s.<\/p>\n<p>Avec une coupe confortable, un col en V, des d\u00e9coupes lat\u00e9rales et trois poches plaqu\u00e9es. Fabriqu\u00e9 en serg\u00e9 190 GMS, 65 % polyester et 35 % coton. La grande vari\u00e9t\u00e9 de tailles disponibles en fait l&#8217;uniforme m\u00e9dical id\u00e9al pour les \u00e9tudiants de tous les secteurs m\u00e9dicaux. V\u00e9rifi\u00e9e par des \u00e9tudiants en m\u00e9decine dentaire et en soins infirmiers de toute l&#8217;Espagne, votre satisfaction est notre label de qualit\u00e9.<\/p>\n<p>Pour s\u00e9lectionner votre caraco de pyjama hygi\u00e9nique id\u00e9al, nous vous recommandons de rechercher votre taille dans le tableau ci-dessous.<\/p>\n<table style=\"height: 256px;\" width=\"1308\">\n<tbody>\n<tr class=\"odd\">\n<td class=\"\" colspan=\"2\">\n<div style=\"text-align: center;\">Taille am\u00e9ricaine<\/div>\n<\/td>\n<td class=\"\" style=\"text-align: center;\" colspan=\"2\">\n<div><strong>XS<\/strong><\/div>\n<\/td>\n<td class=\"\" style=\"text-align: center;\" colspan=\"2\">\n<div><strong>S<\/strong><\/div>\n<\/td>\n<td class=\"\" style=\"text-align: center;\" colspan=\"2\">\n<div><strong>M<\/strong><\/div>\n<\/td>\n<td class=\"\" style=\"text-align: center;\" colspan=\"2\">\n<div><strong>L<\/strong><\/div>\n<\/td>\n<td class=\"\" style=\"text-align: center;\" colspan=\"2\">\n<div><strong>XL<\/strong><\/div>\n<\/td>\n<td class=\"\" style=\"text-align: center;\" colspan=\"2\">\n<div><strong>2XL<\/strong><\/div>\n<\/td>\n<td class=\"last\" colspan=\"2\">\n<div style=\"text-align: center;\"><strong>3XL<\/strong><\/div>\n<\/td>\n<\/tr>\n<tr class=\"\">\n<td class=\"\" style=\"text-align: center;\" colspan=\"2\">Taille sanitaire<\/td>\n<td class=\"\" style=\"text-align: center;\" colspan=\"2\">0<\/td>\n<td class=\"\" style=\"text-align: center;\" colspan=\"2\">2<\/td>\n<td class=\"\" style=\"text-align: center;\" colspan=\"2\">4<\/td>\n<td class=\"\" style=\"text-align: center;\" colspan=\"2\">6<\/td>\n<td class=\"\" style=\"text-align: center;\" colspan=\"2\">8<\/td>\n<td class=\"\" style=\"text-align: center;\" colspan=\"2\">10<\/td>\n<td class=\"last\" style=\"text-align: center;\" colspan=\"2\">12<\/td>\n<\/tr>\n<tr class=\"odd\">\n<td class=\"\" style=\"text-align: center;\" colspan=\"2\">Taille europ\u00e9enne<\/td>\n<td class=\"\" style=\"text-align: center;\">38<\/td>\n<td class=\"\" style=\"text-align: center;\">40<\/td>\n<td class=\"\" style=\"text-align: center;\">42<\/td>\n<td class=\"\" style=\"text-align: center;\">44<\/td>\n<td class=\"\" style=\"text-align: center;\">46<\/td>\n<td class=\"\" style=\"text-align: center;\">48<\/td>\n<td class=\"\" style=\"text-align: center;\">50<\/td>\n<td class=\"\" style=\"text-align: center;\">52<\/td>\n<td class=\"\" style=\"text-align: center;\">54<\/td>\n<td class=\"\" style=\"text-align: center;\">56<\/td>\n<td class=\"\" style=\"text-align: center;\">58<\/td>\n<td class=\"\" style=\"text-align: center;\">60<\/td>\n<td class=\"\" style=\"text-align: center;\">62<\/td>\n<td class=\"last\" style=\"text-align: center;\">64<\/td>\n<\/tr>\n<tr class=\"\">\n<td class=\"\" style=\"text-align: center;\" colspan=\"2\">Tour de poitrine (cm)<\/td>\n<td class=\"\" style=\"text-align: center;\">74-78<\/td>\n<td class=\"\" style=\"text-align: center;\">78-82<\/td>\n<td class=\"\" style=\"text-align: center;\">82-86<\/td>\n<td class=\"\" style=\"text-align: center;\">86-90<\/td>\n<td class=\"\" style=\"text-align: center;\">90-94<\/td>\n<td class=\"\" style=\"text-align: center;\">94-98<\/td>\n<td class=\"\" style=\"text-align: center;\">98-102<\/td>\n<td class=\"\" style=\"text-align: center;\">102-106<\/td>\n<td class=\"\" style=\"text-align: center;\">106-110<\/td>\n<td class=\"\" style=\"text-align: center;\">110-114<\/td>\n<td class=\"\" style=\"text-align: center;\">114-118<\/td>\n<td class=\"\" style=\"text-align: center;\">118-123<\/td>\n<td class=\"\" style=\"text-align: center;\">123-129<\/td>\n<td class=\"last\" style=\"text-align: center;\">129-135<\/td>\n<\/tr>\n<tr class=\"odd\">\n<td class=\"\" style=\"text-align: center;\" colspan=\"2\">Tour de taille (cm)<\/td>\n<td class=\"\" style=\"text-align: center;\">62-66<\/td>\n<td class=\"\" style=\"text-align: center;\">66-70<\/td>\n<td class=\"\" style=\"text-align: center;\">70-74<\/td>\n<td class=\"\" style=\"text-align: center;\">74-78<\/td>\n<td class=\"\" style=\"text-align: center;\">78-82<\/td>\n<td class=\"\" style=\"text-align: center;\">82-86<\/td>\n<td class=\"\" style=\"text-align: center;\">86-90<\/td>\n<td class=\"\" style=\"text-align: center;\">90-94<\/td>\n<td class=\"\" style=\"text-align: center;\">94-98<\/td>\n<td class=\"\" style=\"text-align: center;\">98-102<\/td>\n<td class=\"\" style=\"text-align: center;\">102-106<\/td>\n<td class=\"\" style=\"text-align: center;\">106-111<\/td>\n<td class=\"\" style=\"text-align: center;\">111-117<\/td>\n<td class=\"last\" style=\"text-align: center;\">117-123<\/td>\n<\/tr>\n<\/tbody>\n<\/table>\n","protected":false},"excerpt":{"rendered":"<p>Pyjama sanitaire\u00a0 type camisole unisexe selon les sp\u00e9cifications et exigences des universit\u00e9s.<\/p>\n<p>Avec une coupe confortable, un col en V, des d\u00e9coupes lat\u00e9rales et trois poches plaqu\u00e9es. Fabriqu\u00e9 en serg\u00e9 190 GMS, 65 % polyester et 35 % coton. La grande vari\u00e9t\u00e9 de tailles disponibles en fait l&#8217;uniforme m\u00e9dical id\u00e9al pour les \u00e9tudiants de tous les secteurs m\u00e9dicaux. V\u00e9rifi\u00e9e par des \u00e9tudiants en m\u00e9decine dentaire et en soins infirmiers de toute l&#8217;Espagne, votre satisfaction est notre label de qualit\u00e9.<\/p>\n<p>Pyjama sanitaire blanc type camisole unisexe selon les sp\u00e9cifications et exigences des universit\u00e9s<\/p>\n","protected":false},"featured_media":26557,"template":"","meta":[],"product_brand":[],"product_cat":[701,702,834,700],"product_tag":[673],"class_list":{"0":"post-26556","1":"product","2":"type-product","3":"status-publish","4":"has-post-thumbnail","6":"product_cat-vetementsm-fr","7":"product_cat-vetementsv-fr","8":"product_cat-medecine-en-vedette","9":"product_cat-vetements-fr","10":"product_tag-uv3","11":"pa_formacion-veterinaria-fr","12":"pa_formacion-medicina-fr","13":"pa_formacion-odontologia-fr","15":"first","16":"outofstock","17":"taxable","18":"shipping-taxable","19":"purchasable","20":"product-type-variable","21":"has-default-attributes"},"yoast_head":"<!-- This site is optimized with the Yoast SEO Premium plugin v27.0 (Yoast SEO v27.2) - https:\/\/yoast.com\/product\/yoast-seo-premium-wordpress\/ -->\n<title>CAMISOLE PYJAMA SANITAIRE VELILLA - yoestudiosalud.es<\/title>\n<meta name=\"description\" content=\"Pyjama hygi\u00e9nique unisexe de type camisole ou veste selon les sp\u00e9cifications et exigences des universit\u00e9s. Achetez-le en ligne en magasin\" \/>\n<meta name=\"robots\" content=\"index, follow, max-snippet:-1, max-image-preview:large, max-video-preview:-1\" \/>\n<link rel=\"canonical\" href=\"https:\/\/yoestudiosalud.es\/produit\/camisola-pijama-sanitario\/\" \/>\n<meta property=\"og:locale\" content=\"fr_FR\" \/>\n<meta property=\"og:type\" content=\"article\" \/>\n<meta property=\"og:title\" content=\"CAMISOLE PYJAMA SANITAIRE\" \/>\n<meta property=\"og:description\" content=\"Pyjama hygi\u00e9nique unisexe de type camisole ou veste selon les sp\u00e9cifications et exigences des universit\u00e9s. Achetez-le en ligne en magasin\" \/>\n<meta property=\"og:url\" content=\"https:\/\/yoestudiosalud.es\/produit\/camisola-pijama-sanitario\/\" \/>\n<meta property=\"og:site_name\" content=\"yoestudiosalud.es\" \/>\n<meta property=\"article:modified_time\" content=\"2025-06-27T11:36:34+00:00\" \/>\n<meta property=\"og:image\" content=\"https:\/\/yoestudiosalud.es\/wp-content\/uploads\/2018\/07\/V002414.jpg\" \/>\n\t<meta property=\"og:image:width\" content=\"650\" \/>\n\t<meta property=\"og:image:height\" content=\"650\" \/>\n\t<meta property=\"og:image:type\" content=\"image\/jpeg\" \/>\n<meta name=\"twitter:card\" content=\"summary_large_image\" \/>\n<meta name=\"twitter:label1\" content=\"Dur\u00e9e de lecture estim\u00e9e\" \/>\n\t<meta name=\"twitter:data1\" content=\"1 minute\" \/>\n<script type=\"application\/ld+json\" class=\"yoast-schema-graph\">{\"@context\":\"https:\/\/schema.org\",\"@graph\":[{\"@type\":\"WebPage\",\"@id\":\"https:\/\/yoestudiosalud.es\/produit\/camisola-pijama-sanitario\/\",\"url\":\"https:\/\/yoestudiosalud.es\/produit\/camisola-pijama-sanitario\/\",\"name\":\"CAMISOLE PYJAMA SANITAIRE VELILLA - yoestudiosalud.es\",\"isPartOf\":{\"@id\":\"https:\/\/yoestudiosalud.es\/en\/#website\"},\"primaryImageOfPage\":{\"@id\":\"https:\/\/yoestudiosalud.es\/produit\/camisola-pijama-sanitario\/#primaryimage\"},\"image\":{\"@id\":\"https:\/\/yoestudiosalud.es\/produit\/camisola-pijama-sanitario\/#primaryimage\"},\"thumbnailUrl\":\"https:\/\/yoestudiosalud.es\/wp-content\/uploads\/2018\/07\/V002414.jpg\",\"datePublished\":\"2018-07-12T17:20:56+00:00\",\"dateModified\":\"2025-06-27T11:36:34+00:00\",\"description\":\"Pyjama hygi\u00e9nique unisexe de type camisole ou veste selon les sp\u00e9cifications et exigences des universit\u00e9s. Achetez-le en ligne en magasin\",\"breadcrumb\":{\"@id\":\"https:\/\/yoestudiosalud.es\/produit\/camisola-pijama-sanitario\/#breadcrumb\"},\"inLanguage\":\"fr-FR\",\"potentialAction\":[{\"@type\":\"ReadAction\",\"target\":[\"https:\/\/yoestudiosalud.es\/produit\/camisola-pijama-sanitario\/\"]}]},{\"@type\":\"ImageObject\",\"inLanguage\":\"fr-FR\",\"@id\":\"https:\/\/yoestudiosalud.es\/produit\/camisola-pijama-sanitario\/#primaryimage\",\"url\":\"https:\/\/yoestudiosalud.es\/wp-content\/uploads\/2018\/07\/V002414.jpg\",\"contentUrl\":\"https:\/\/yoestudiosalud.es\/wp-content\/uploads\/2018\/07\/V002414.jpg\",\"width\":650,\"height\":650,\"caption\":\"CAMISOLE PYJAMA SANITAIRE\"},{\"@type\":\"BreadcrumbList\",\"@id\":\"https:\/\/yoestudiosalud.es\/produit\/camisola-pijama-sanitario\/#breadcrumb\",\"itemListElement\":[{\"@type\":\"ListItem\",\"position\":1,\"name\":\"Portada\",\"item\":\"https:\/\/yoestudiosalud.es\/fr\/\"},{\"@type\":\"ListItem\",\"position\":2,\"name\":\"Boutique\",\"item\":\"https:\/\/yoestudiosalud.es\/fr\/boutique\/\"},{\"@type\":\"ListItem\",\"position\":3,\"name\":\"CAMISOLE PYJAMA SANITAIRE\"}]},{\"@type\":\"WebSite\",\"@id\":\"https:\/\/yoestudiosalud.es\/en\/#website\",\"url\":\"https:\/\/yoestudiosalud.es\/en\/\",\"name\":\"yoestudiosalud.es\",\"description\":\"Material para estudiantes del sector salud\",\"publisher\":{\"@id\":\"https:\/\/yoestudiosalud.es\/en\/#organization\"},\"potentialAction\":[{\"@type\":\"SearchAction\",\"target\":{\"@type\":\"EntryPoint\",\"urlTemplate\":\"https:\/\/yoestudiosalud.es\/en\/?s={search_term_string}\"},\"query-input\":{\"@type\":\"PropertyValueSpecification\",\"valueRequired\":true,\"valueName\":\"search_term_string\"}}],\"inLanguage\":\"fr-FR\"},{\"@type\":\"Organization\",\"@id\":\"https:\/\/yoestudiosalud.es\/en\/#organization\",\"name\":\"yoestudiosalud.es\",\"url\":\"https:\/\/yoestudiosalud.es\/en\/\",\"logo\":{\"@type\":\"ImageObject\",\"inLanguage\":\"fr-FR\",\"@id\":\"https:\/\/yoestudiosalud.es\/en\/#\/schema\/logo\/image\/\",\"url\":\"https:\/\/yoestudiosalud.es\/wp-content\/uploads\/2020\/04\/logonew-e1698080827687.png\",\"contentUrl\":\"https:\/\/yoestudiosalud.es\/wp-content\/uploads\/2020\/04\/logonew-e1698080827687.png\",\"width\":421,\"height\":393,\"caption\":\"yoestudiosalud.es\"},\"image\":{\"@id\":\"https:\/\/yoestudiosalud.es\/en\/#\/schema\/logo\/image\/\"}}]}<\/script>\n<!-- \/ Yoast SEO Premium plugin. -->","yoast_head_json":{"title":"CAMISOLE PYJAMA SANITAIRE VELILLA - yoestudiosalud.es","description":"Pyjama hygi\u00e9nique unisexe de type camisole ou veste selon les sp\u00e9cifications et exigences des universit\u00e9s. Achetez-le en ligne en magasin","robots":{"index":"index","follow":"follow","max-snippet":"max-snippet:-1","max-image-preview":"max-image-preview:large","max-video-preview":"max-video-preview:-1"},"canonical":"https:\/\/yoestudiosalud.es\/produit\/camisola-pijama-sanitario\/","og_locale":"fr_FR","og_type":"article","og_title":"CAMISOLE PYJAMA SANITAIRE","og_description":"Pyjama hygi\u00e9nique unisexe de type camisole ou veste selon les sp\u00e9cifications et exigences des universit\u00e9s. Achetez-le en ligne en magasin","og_url":"https:\/\/yoestudiosalud.es\/produit\/camisola-pijama-sanitario\/","og_site_name":"yoestudiosalud.es","article_modified_time":"2025-06-27T11:36:34+00:00","og_image":[{"width":650,"height":650,"url":"https:\/\/yoestudiosalud.es\/wp-content\/uploads\/2018\/07\/V002414.jpg","type":"image\/jpeg"}],"twitter_card":"summary_large_image","twitter_misc":{"Dur\u00e9e de lecture estim\u00e9e":"1 minute"},"schema":{"@context":"https:\/\/schema.org","@graph":[{"@type":"WebPage","@id":"https:\/\/yoestudiosalud.es\/produit\/camisola-pijama-sanitario\/","url":"https:\/\/yoestudiosalud.es\/produit\/camisola-pijama-sanitario\/","name":"CAMISOLE PYJAMA SANITAIRE VELILLA - yoestudiosalud.es","isPartOf":{"@id":"https:\/\/yoestudiosalud.es\/en\/#website"},"primaryImageOfPage":{"@id":"https:\/\/yoestudiosalud.es\/produit\/camisola-pijama-sanitario\/#primaryimage"},"image":{"@id":"https:\/\/yoestudiosalud.es\/produit\/camisola-pijama-sanitario\/#primaryimage"},"thumbnailUrl":"https:\/\/yoestudiosalud.es\/wp-content\/uploads\/2018\/07\/V002414.jpg","datePublished":"2018-07-12T17:20:56+00:00","dateModified":"2025-06-27T11:36:34+00:00","description":"Pyjama hygi\u00e9nique unisexe de type camisole ou veste selon les sp\u00e9cifications et exigences des universit\u00e9s. Achetez-le en ligne en magasin","breadcrumb":{"@id":"https:\/\/yoestudiosalud.es\/produit\/camisola-pijama-sanitario\/#breadcrumb"},"inLanguage":"fr-FR","potentialAction":[{"@type":"ReadAction","target":["https:\/\/yoestudiosalud.es\/produit\/camisola-pijama-sanitario\/"]}]},{"@type":"ImageObject","inLanguage":"fr-FR","@id":"https:\/\/yoestudiosalud.es\/produit\/camisola-pijama-sanitario\/#primaryimage","url":"https:\/\/yoestudiosalud.es\/wp-content\/uploads\/2018\/07\/V002414.jpg","contentUrl":"https:\/\/yoestudiosalud.es\/wp-content\/uploads\/2018\/07\/V002414.jpg","width":650,"height":650,"caption":"CAMISOLE PYJAMA SANITAIRE"},{"@type":"BreadcrumbList","@id":"https:\/\/yoestudiosalud.es\/produit\/camisola-pijama-sanitario\/#breadcrumb","itemListElement":[{"@type":"ListItem","position":1,"name":"Portada","item":"https:\/\/yoestudiosalud.es\/fr\/"},{"@type":"ListItem","position":2,"name":"Boutique","item":"https:\/\/yoestudiosalud.es\/fr\/boutique\/"},{"@type":"ListItem","position":3,"name":"CAMISOLE PYJAMA SANITAIRE"}]},{"@type":"WebSite","@id":"https:\/\/yoestudiosalud.es\/en\/#website","url":"https:\/\/yoestudiosalud.es\/en\/","name":"yoestudiosalud.es","description":"Material para estudiantes del sector salud","publisher":{"@id":"https:\/\/yoestudiosalud.es\/en\/#organization"},"potentialAction":[{"@type":"SearchAction","target":{"@type":"EntryPoint","urlTemplate":"https:\/\/yoestudiosalud.es\/en\/?s={search_term_string}"},"query-input":{"@type":"PropertyValueSpecification","valueRequired":true,"valueName":"search_term_string"}}],"inLanguage":"fr-FR"},{"@type":"Organization","@id":"https:\/\/yoestudiosalud.es\/en\/#organization","name":"yoestudiosalud.es","url":"https:\/\/yoestudiosalud.es\/en\/","logo":{"@type":"ImageObject","inLanguage":"fr-FR","@id":"https:\/\/yoestudiosalud.es\/en\/#\/schema\/logo\/image\/","url":"https:\/\/yoestudiosalud.es\/wp-content\/uploads\/2020\/04\/logonew-e1698080827687.png","contentUrl":"https:\/\/yoestudiosalud.es\/wp-content\/uploads\/2020\/04\/logonew-e1698080827687.png","width":421,"height":393,"caption":"yoestudiosalud.es"},"image":{"@id":"https:\/\/yoestudiosalud.es\/en\/#\/schema\/logo\/image\/"}}]}},"_links":{"self":[{"href":"https:\/\/yoestudiosalud.es\/fr\/wp-json\/wp\/v2\/product\/26556","targetHints":{"allow":["GET"]}}],"collection":[{"href":"https:\/\/yoestudiosalud.es\/fr\/wp-json\/wp\/v2\/product"}],"about":[{"href":"https:\/\/yoestudiosalud.es\/fr\/wp-json\/wp\/v2\/types\/product"}],"wp:featuredmedia":[{"embeddable":true,"href":"https:\/\/yoestudiosalud.es\/fr\/wp-json\/wp\/v2\/media\/26557"}],"wp:attachment":[{"href":"https:\/\/yoestudiosalud.es\/fr\/wp-json\/wp\/v2\/media?parent=26556"}],"wp:term":[{"taxonomy":"product_brand","embeddable":true,"href":"https:\/\/yoestudiosalud.es\/fr\/wp-json\/wp\/v2\/product_brand?post=26556"},{"taxonomy":"product_cat","embeddable":true,"href":"https:\/\/yoestudiosalud.es\/fr\/wp-json\/wp\/v2\/product_cat?post=26556"},{"taxonomy":"product_tag","embeddable":true,"href":"https:\/\/yoestudiosalud.es\/fr\/wp-json\/wp\/v2\/product_tag?post=26556"}],"curies":[{"name":"wp","href":"https:\/\/api.w.org\/{rel}","templated":true}]}}