{"id":26549,"date":"2018-07-12T17:21:00","date_gmt":"2018-07-12T17:21:00","guid":{"rendered":"https:\/\/yoestudiosalud.es\/producto\/equipe-orl-lane\/"},"modified":"2026-01-27T18:52:16","modified_gmt":"2026-01-27T17:52:16","slug":"equipe-orl-lane","status":"publish","type":"product","link":"https:\/\/yoestudiosalud.es\/fr\/produit\/equipe-orl-lane\/","title":{"rendered":"RIESTER ENT ENSEMBLE DE DIAGNOSTIC OPHTALMO-ORL"},"content":{"rendered":"<p>Le kit de diagnostic ophtalmologique et ORL Riester est un ensemble d&#8217;instruments m\u00e9dicaux con\u00e7u pour l&#8217;\u00e9valuation de base et efficace des yeux, des oreilles, du nez et de la gorge. Ce type de kit est largement utilis\u00e9 par les m\u00e9decins g\u00e9n\u00e9ralistes, les \u00e9tudiants en m\u00e9decine, les v\u00e9t\u00e9rinaires et autres professionnels de sant\u00e9 qui recherchent des outils fiables, pratiques et abordables pour le diagnostic initial en pratique clinique.<\/p>\n<p>Riester est une marque internationalement reconnue pour la qualit\u00e9 et la durabilit\u00e9 de ses dispositifs m\u00e9dicaux. Sa gamme \u00e9conomique respecte les normes essentielles de pr\u00e9cision et de s\u00e9curit\u00e9. Le kit comprend g\u00e9n\u00e9ralement un ophtalmoscope et un otoscope, instruments fondamentaux pour l&#8217;examen des yeux et du conduit auditif, respectivement, ainsi qu&#8217;une lampe, un miroir et un \u00e9carteur nasal pour l&#8217;\u00e9valuation des cavit\u00e9s buccale, nasale, pharyng\u00e9e et laryng\u00e9e.<\/p>\n<p>L&#8217;ophtalmoscope permet l&#8217;observation du fond d&#8217;\u0153il, facilitant la d\u00e9tection d&#8217;anomalies telles que l&#8217;inflammation, les h\u00e9morragies ou les atteintes du nerf optique. L&#8217;otoscope, quant \u00e0 lui, est indispensable pour examiner l&#8217;oreille externe et le tympan, permettant d&#8217;identifier les infections, les accumulations de c\u00e9rumen ou d&#8217;autres pathologies courantes.<\/p>\n<p>L&#8217;un des principaux atouts du kit de diagnostic ORL Riester r\u00e9side dans sa conception ergonomique et portable, facilitant son transport et son utilisation quotidienne. De plus, son rapport qualit\u00e9-prix en fait une solution id\u00e9ale pour la formation universitaire et la pratique m\u00e9dicale courante.<\/p>\n<p>Caract\u00e9ristiques du kit de diagnostic ORL Riester\u00a0:<\/p>\n<p>T\u00eate d&#8217;otoscope Uni I avec lentille \u00e0 grossissement 4x\u00a0; capuchon en verre mobile permettant l&#8217;insertion d&#8217;instruments\u00a0; compatible avec l&#8217;otoscopie pneumatique.<\/p>\n<p>Ophtalmoscope Uni II se fixant facilement et solidement \u00e0 la poign\u00e9e et comprenant un disque de mise au point rotatif avec lentilles de 0 \u00e0 +20 ou de 0 \u00e0 -20 dioptries, ainsi qu&#8217;une large ouverture pour un examen optimal du fond d&#8217;\u0153il.<\/p>\n<p>Sp\u00e9culum nasal.<\/p>\n<p>\u00c9clairage int\u00e9gr\u00e9 \u00e0 la poign\u00e9e.<\/p>\n<p>Miroirs laryng\u00e9s n\u00b0\u00a03 et n\u00b0\u00a04. Poign\u00e9e pour piles de type C avec rh\u00e9ostat (piles non fournies).<\/p>\n<p>\u00c9clairage 2,7\u00a0V.<\/p>\n","protected":false},"excerpt":{"rendered":"<p>RIESTER ENT ENSEMBLE DE DIAGNOSTIC OPHTALMO-ORL<\/p>\n<ul>\n<li>Un illuminateur \u00e0 bras courb\u00e9 chrom\u00e9 ; Utilis\u00e9 pour \u00e9clairer la cavit\u00e9 buccale et la zone du pharynx.<\/li>\n<li>Deux miroirs chrom\u00e9s.<\/li>\n<li>Ophtalmoscope avec diff\u00e9rentes lentilles de correction allant de -20 \u00e0 +20.<\/li>\n<li>Sp\u00e9culum nasal chrom\u00e9.<\/li>\n<li>Otoscope avec trois sp\u00e9culums r\u00e9utilisables et loupe rotative.<\/li>\n<li>Support abaisse-langue.<\/li>\n<li>Emball\u00e9 dans un \u00e9tui en plastique pour une protection suppl\u00e9mentaire.<\/li>\n<\/ul>\n<p><strong>REMARQUE<\/strong> : La poign\u00e9e fonctionne avec deux piles de type \u00ab C \u00bb (non incluses).<\/p>\n","protected":false},"featured_media":26550,"template":"","meta":[],"product_brand":[],"product_cat":[834,840,721,723],"product_tag":[728,726,727],"class_list":{"0":"post-26549","1":"product","2":"type-product","3":"status-publish","4":"has-post-thumbnail","6":"product_cat-medecine-en-vedette","7":"product_cat-veterinaire-en-vedette","8":"product_cat-diagnosticv-fr","9":"product_cat-equipmentm-fr","10":"product_tag-lane-fr","11":"product_tag-equipe-orl","12":"product_tag-orl-fr","13":"pa_formacion-veterinaria-fr","14":"pa_formacion-medicina-fr","16":"first","17":"onbackorder","18":"featured","19":"taxable","20":"shipping-taxable","21":"purchasable","22":"product-type-simple"},"yoast_head":"<!-- This site is optimized with the Yoast SEO Premium plugin v27.0 (Yoast SEO v27.4) - https:\/\/yoast.com\/product\/yoast-seo-premium-wordpress\/ -->\n<title>RIESTER ENT ENSEMBLE DE DIAGNOSTIC OPHTALMO-ORL - yoestudiosalud.es d\u00e9p\u00f4t \u00e9tudiant<\/title>\n<meta name=\"description\" content=\"\u00c9quipement ENT LANE pour les diagnostics des oreilles, du nez et de la gorge. Avec \u00e9tui de protection et de transport. Achetez-le en ligne en magasin\" \/>\n<meta name=\"robots\" content=\"index, follow, max-snippet:-1, max-image-preview:large, max-video-preview:-1\" \/>\n<link rel=\"canonical\" href=\"https:\/\/yoestudiosalud.es\/produit\/equipo-orl-lane\/\" \/>\n<meta property=\"og:locale\" content=\"fr_FR\" \/>\n<meta property=\"og:type\" content=\"article\" \/>\n<meta property=\"og:title\" content=\"RIESTER ENT ENSEMBLE DE DIAGNOSTIC OPHTALMO-ORL\" \/>\n<meta property=\"og:description\" content=\"\u00c9quipement ENT LANE pour les diagnostics des oreilles, du nez et de la gorge. Avec \u00e9tui de protection et de transport. Achetez-le en ligne en magasin\" \/>\n<meta property=\"og:url\" content=\"https:\/\/yoestudiosalud.es\/produit\/equipo-orl-lane\/\" \/>\n<meta property=\"og:site_name\" content=\"yoestudiosalud.es\" \/>\n<meta property=\"article:modified_time\" content=\"2026-01-27T17:52:16+00:00\" \/>\n<meta property=\"og:image\" content=\"https:\/\/yoestudiosalud.es\/wp-content\/uploads\/2018\/07\/000946-1.jpg\" \/>\n\t<meta property=\"og:image:width\" content=\"640\" \/>\n\t<meta property=\"og:image:height\" content=\"640\" \/>\n\t<meta property=\"og:image:type\" content=\"image\/jpeg\" \/>\n<meta name=\"twitter:card\" content=\"summary_large_image\" \/>\n<meta name=\"twitter:label1\" content=\"Dur\u00e9e de lecture estim\u00e9e\" \/>\n\t<meta name=\"twitter:data1\" content=\"2 minutes\" \/>\n<script type=\"application\/ld+json\" class=\"yoast-schema-graph\">{\"@context\":\"https:\\\/\\\/schema.org\",\"@graph\":[{\"@type\":\"WebPage\",\"@id\":\"https:\\\/\\\/yoestudiosalud.es\\\/produit\\\/equipo-orl-lane\\\/\",\"url\":\"https:\\\/\\\/yoestudiosalud.es\\\/produit\\\/equipo-orl-lane\\\/\",\"name\":\"RIESTER ENT ENSEMBLE DE DIAGNOSTIC OPHTALMO-ORL - yoestudiosalud.es d\u00e9p\u00f4t \u00e9tudiant\",\"isPartOf\":{\"@id\":\"https:\\\/\\\/yoestudiosalud.es\\\/en\\\/#website\"},\"primaryImageOfPage\":{\"@id\":\"https:\\\/\\\/yoestudiosalud.es\\\/produit\\\/equipo-orl-lane\\\/#primaryimage\"},\"image\":{\"@id\":\"https:\\\/\\\/yoestudiosalud.es\\\/produit\\\/equipo-orl-lane\\\/#primaryimage\"},\"thumbnailUrl\":\"https:\\\/\\\/yoestudiosalud.es\\\/wp-content\\\/uploads\\\/2018\\\/07\\\/000946-1.jpg\",\"datePublished\":\"2018-07-12T17:21:00+00:00\",\"dateModified\":\"2026-01-27T17:52:16+00:00\",\"description\":\"\u00c9quipement ENT LANE pour les diagnostics des oreilles, du nez et de la gorge. Avec \u00e9tui de protection et de transport. Achetez-le en ligne en magasin\",\"breadcrumb\":{\"@id\":\"https:\\\/\\\/yoestudiosalud.es\\\/produit\\\/equipo-orl-lane\\\/#breadcrumb\"},\"inLanguage\":\"fr-FR\",\"potentialAction\":[{\"@type\":\"ReadAction\",\"target\":[\"https:\\\/\\\/yoestudiosalud.es\\\/produit\\\/equipo-orl-lane\\\/\"]}]},{\"@type\":\"ImageObject\",\"inLanguage\":\"fr-FR\",\"@id\":\"https:\\\/\\\/yoestudiosalud.es\\\/produit\\\/equipo-orl-lane\\\/#primaryimage\",\"url\":\"https:\\\/\\\/yoestudiosalud.es\\\/wp-content\\\/uploads\\\/2018\\\/07\\\/000946-1.jpg\",\"contentUrl\":\"https:\\\/\\\/yoestudiosalud.es\\\/wp-content\\\/uploads\\\/2018\\\/07\\\/000946-1.jpg\",\"width\":640,\"height\":640,\"caption\":\"Equipe ORL\"},{\"@type\":\"BreadcrumbList\",\"@id\":\"https:\\\/\\\/yoestudiosalud.es\\\/produit\\\/equipo-orl-lane\\\/#breadcrumb\",\"itemListElement\":[{\"@type\":\"ListItem\",\"position\":1,\"name\":\"Portada\",\"item\":\"https:\\\/\\\/yoestudiosalud.es\\\/fr\\\/\"},{\"@type\":\"ListItem\",\"position\":2,\"name\":\"Boutique\",\"item\":\"https:\\\/\\\/yoestudiosalud.es\\\/fr\\\/boutique\\\/\"},{\"@type\":\"ListItem\",\"position\":3,\"name\":\"RIESTER ENT ENSEMBLE DE DIAGNOSTIC OPHTALMO-ORL\"}]},{\"@type\":\"WebSite\",\"@id\":\"https:\\\/\\\/yoestudiosalud.es\\\/en\\\/#website\",\"url\":\"https:\\\/\\\/yoestudiosalud.es\\\/en\\\/\",\"name\":\"yoestudiosalud.es\",\"description\":\"Material para estudiantes del sector salud\",\"publisher\":{\"@id\":\"https:\\\/\\\/yoestudiosalud.es\\\/en\\\/#organization\"},\"potentialAction\":[{\"@type\":\"SearchAction\",\"target\":{\"@type\":\"EntryPoint\",\"urlTemplate\":\"https:\\\/\\\/yoestudiosalud.es\\\/en\\\/?s={search_term_string}\"},\"query-input\":{\"@type\":\"PropertyValueSpecification\",\"valueRequired\":true,\"valueName\":\"search_term_string\"}}],\"inLanguage\":\"fr-FR\"},{\"@type\":\"Organization\",\"@id\":\"https:\\\/\\\/yoestudiosalud.es\\\/en\\\/#organization\",\"name\":\"yoestudiosalud.es\",\"url\":\"https:\\\/\\\/yoestudiosalud.es\\\/en\\\/\",\"logo\":{\"@type\":\"ImageObject\",\"inLanguage\":\"fr-FR\",\"@id\":\"https:\\\/\\\/yoestudiosalud.es\\\/en\\\/#\\\/schema\\\/logo\\\/image\\\/\",\"url\":\"https:\\\/\\\/yoestudiosalud.es\\\/wp-content\\\/uploads\\\/2020\\\/04\\\/logonew-e1698080827687.png\",\"contentUrl\":\"https:\\\/\\\/yoestudiosalud.es\\\/wp-content\\\/uploads\\\/2020\\\/04\\\/logonew-e1698080827687.png\",\"width\":421,\"height\":393,\"caption\":\"yoestudiosalud.es\"},\"image\":{\"@id\":\"https:\\\/\\\/yoestudiosalud.es\\\/en\\\/#\\\/schema\\\/logo\\\/image\\\/\"}}]}<\/script>\n<!-- \/ Yoast SEO Premium plugin. -->","yoast_head_json":{"title":"RIESTER ENT ENSEMBLE DE DIAGNOSTIC OPHTALMO-ORL - yoestudiosalud.es d\u00e9p\u00f4t \u00e9tudiant","description":"\u00c9quipement ENT LANE pour les diagnostics des oreilles, du nez et de la gorge. Avec \u00e9tui de protection et de transport. Achetez-le en ligne en magasin","robots":{"index":"index","follow":"follow","max-snippet":"max-snippet:-1","max-image-preview":"max-image-preview:large","max-video-preview":"max-video-preview:-1"},"canonical":"https:\/\/yoestudiosalud.es\/produit\/equipo-orl-lane\/","og_locale":"fr_FR","og_type":"article","og_title":"RIESTER ENT ENSEMBLE DE DIAGNOSTIC OPHTALMO-ORL","og_description":"\u00c9quipement ENT LANE pour les diagnostics des oreilles, du nez et de la gorge. Avec \u00e9tui de protection et de transport. Achetez-le en ligne en magasin","og_url":"https:\/\/yoestudiosalud.es\/produit\/equipo-orl-lane\/","og_site_name":"yoestudiosalud.es","article_modified_time":"2026-01-27T17:52:16+00:00","og_image":[{"width":640,"height":640,"url":"https:\/\/yoestudiosalud.es\/wp-content\/uploads\/2018\/07\/000946-1.jpg","type":"image\/jpeg"}],"twitter_card":"summary_large_image","twitter_misc":{"Dur\u00e9e de lecture estim\u00e9e":"2 minutes"},"schema":{"@context":"https:\/\/schema.org","@graph":[{"@type":"WebPage","@id":"https:\/\/yoestudiosalud.es\/produit\/equipo-orl-lane\/","url":"https:\/\/yoestudiosalud.es\/produit\/equipo-orl-lane\/","name":"RIESTER ENT ENSEMBLE DE DIAGNOSTIC OPHTALMO-ORL - yoestudiosalud.es d\u00e9p\u00f4t \u00e9tudiant","isPartOf":{"@id":"https:\/\/yoestudiosalud.es\/en\/#website"},"primaryImageOfPage":{"@id":"https:\/\/yoestudiosalud.es\/produit\/equipo-orl-lane\/#primaryimage"},"image":{"@id":"https:\/\/yoestudiosalud.es\/produit\/equipo-orl-lane\/#primaryimage"},"thumbnailUrl":"https:\/\/yoestudiosalud.es\/wp-content\/uploads\/2018\/07\/000946-1.jpg","datePublished":"2018-07-12T17:21:00+00:00","dateModified":"2026-01-27T17:52:16+00:00","description":"\u00c9quipement ENT LANE pour les diagnostics des oreilles, du nez et de la gorge. Avec \u00e9tui de protection et de transport. Achetez-le en ligne en magasin","breadcrumb":{"@id":"https:\/\/yoestudiosalud.es\/produit\/equipo-orl-lane\/#breadcrumb"},"inLanguage":"fr-FR","potentialAction":[{"@type":"ReadAction","target":["https:\/\/yoestudiosalud.es\/produit\/equipo-orl-lane\/"]}]},{"@type":"ImageObject","inLanguage":"fr-FR","@id":"https:\/\/yoestudiosalud.es\/produit\/equipo-orl-lane\/#primaryimage","url":"https:\/\/yoestudiosalud.es\/wp-content\/uploads\/2018\/07\/000946-1.jpg","contentUrl":"https:\/\/yoestudiosalud.es\/wp-content\/uploads\/2018\/07\/000946-1.jpg","width":640,"height":640,"caption":"Equipe ORL"},{"@type":"BreadcrumbList","@id":"https:\/\/yoestudiosalud.es\/produit\/equipo-orl-lane\/#breadcrumb","itemListElement":[{"@type":"ListItem","position":1,"name":"Portada","item":"https:\/\/yoestudiosalud.es\/fr\/"},{"@type":"ListItem","position":2,"name":"Boutique","item":"https:\/\/yoestudiosalud.es\/fr\/boutique\/"},{"@type":"ListItem","position":3,"name":"RIESTER ENT ENSEMBLE DE DIAGNOSTIC OPHTALMO-ORL"}]},{"@type":"WebSite","@id":"https:\/\/yoestudiosalud.es\/en\/#website","url":"https:\/\/yoestudiosalud.es\/en\/","name":"yoestudiosalud.es","description":"Material para estudiantes del sector salud","publisher":{"@id":"https:\/\/yoestudiosalud.es\/en\/#organization"},"potentialAction":[{"@type":"SearchAction","target":{"@type":"EntryPoint","urlTemplate":"https:\/\/yoestudiosalud.es\/en\/?s={search_term_string}"},"query-input":{"@type":"PropertyValueSpecification","valueRequired":true,"valueName":"search_term_string"}}],"inLanguage":"fr-FR"},{"@type":"Organization","@id":"https:\/\/yoestudiosalud.es\/en\/#organization","name":"yoestudiosalud.es","url":"https:\/\/yoestudiosalud.es\/en\/","logo":{"@type":"ImageObject","inLanguage":"fr-FR","@id":"https:\/\/yoestudiosalud.es\/en\/#\/schema\/logo\/image\/","url":"https:\/\/yoestudiosalud.es\/wp-content\/uploads\/2020\/04\/logonew-e1698080827687.png","contentUrl":"https:\/\/yoestudiosalud.es\/wp-content\/uploads\/2020\/04\/logonew-e1698080827687.png","width":421,"height":393,"caption":"yoestudiosalud.es"},"image":{"@id":"https:\/\/yoestudiosalud.es\/en\/#\/schema\/logo\/image\/"}}]}},"_links":{"self":[{"href":"https:\/\/yoestudiosalud.es\/fr\/wp-json\/wp\/v2\/product\/26549","targetHints":{"allow":["GET"]}}],"collection":[{"href":"https:\/\/yoestudiosalud.es\/fr\/wp-json\/wp\/v2\/product"}],"about":[{"href":"https:\/\/yoestudiosalud.es\/fr\/wp-json\/wp\/v2\/types\/product"}],"wp:featuredmedia":[{"embeddable":true,"href":"https:\/\/yoestudiosalud.es\/fr\/wp-json\/wp\/v2\/media\/26550"}],"wp:attachment":[{"href":"https:\/\/yoestudiosalud.es\/fr\/wp-json\/wp\/v2\/media?parent=26549"}],"wp:term":[{"taxonomy":"product_brand","embeddable":true,"href":"https:\/\/yoestudiosalud.es\/fr\/wp-json\/wp\/v2\/product_brand?post=26549"},{"taxonomy":"product_cat","embeddable":true,"href":"https:\/\/yoestudiosalud.es\/fr\/wp-json\/wp\/v2\/product_cat?post=26549"},{"taxonomy":"product_tag","embeddable":true,"href":"https:\/\/yoestudiosalud.es\/fr\/wp-json\/wp\/v2\/product_tag?post=26549"}],"curies":[{"name":"wp","href":"https:\/\/api.w.org\/{rel}","templated":true}]}}