{"id":26296,"date":"2018-07-12T17:20:04","date_gmt":"2018-07-12T17:20:04","guid":{"rendered":"https:\/\/yoestudiosalud.es\/producto\/kit-de-pinces-dextraction-adultes\/"},"modified":"2025-09-29T21:27:26","modified_gmt":"2025-09-29T19:27:26","slug":"kit-de-pinces-dextraction-adultes","status":"publish","type":"product","link":"https:\/\/yoestudiosalud.es\/fr\/produit\/kit-de-pinces-dextraction-adultes\/","title":{"rendered":"KIT DE PINCES D\u00c9XTRACTION ADULTES"},"content":{"rendered":"<p>Le kit de pinces d&#8217;extraction pour adultes est indispensable pour des extractions dentaires s\u00fbres et efficaces. Il comprend 11 pinces de base, compl\u00e8tes et vari\u00e9es pour les extractions dentaires des arcades sup\u00e9rieures et inf\u00e9rieures.<\/p>\n<p>Chaque type de pince dentaire est donc con\u00e7u pour s&#8217;adapter \u00e0 un groupe de dents sp\u00e9cifique. Le choix du bon davier d\u00e9pend du type de dent et de son emplacement dans la bouche.<\/p>\n<p>Il existe diff\u00e9rents types de daviers, chacun \u00e9tant con\u00e7u pour s&#8217;adapter \u00e0 la forme et \u00e0 la taille sp\u00e9cifiques des dents. Le kit de pinces \u00e0 extraction pour adultes contient les pinces les plus couramment utilis\u00e9es.<\/p>\n<p>Par exemple, les pinces pour molaires sont plus robustes et ont des extr\u00e9mit\u00e9s plus longues et plus solides, tandis que les pinces pour incisives sont plus fines et plus d\u00e9licates. Au cours de la proc\u00e9dure d&#8217;extraction dentaire, le dentiste doit exercer une pression douce mais ferme pour d\u00e9gager la dent et \u00e9viter d&#8217;endommager les structures environnantes.<\/p>\n<p>Les comp\u00e9tences et l&#8217;exp\u00e9rience du dentiste sont donc essentielles pour r\u00e9aliser l&#8217;extraction en toute s\u00e9curit\u00e9 et minimiser la g\u00eane ou l&#8217;inconfort du patient.<\/p>\n<p>En conclusion, les pinces dentaires sont \u00e9galement utilis\u00e9es dans d&#8217;autres proc\u00e9dures dentaires, telles que l&#8217;extraction de racines fractur\u00e9es ou de dents incluses. Dans ces cas, le dentiste utilise le davier pour saisir et extraire la partie de la dent ou de la racine qui n&#8217;est pas visible dans la bouche.<\/p>\n<p>Le kit de pinces d&#8217;extraction pour adultes permet au dentiste d&#8217;appliquer la force n\u00e9cessaire pour extraire la dent sans endommager les tissus environnants.<\/p>\n<p>Le kit de pinces d&#8217;extraction pour adultes, de forme anglaise, comprend :<\/p>\n<p>#01 Pince longue pour les incisives centrales et la canine sup\u00e9rieure.<br \/>\n#07 Pince pour les pr\u00e9molaires sup\u00e9rieures.<br \/>\n#13 Pince pour les pr\u00e9molaires inf\u00e9rieures, bilat\u00e9rales.<br \/>\n#17 Pince pour les molaires sup\u00e9rieures droites.<br \/>\n#18 Pince pour les molaires sup\u00e9rieures gauches.<br \/>\n#22 Pince pour les molaires inf\u00e9rieures<br \/>\n#33 Pince pour les racines inf\u00e9rieures<br \/>\n#51A Davier pour racines sup\u00e9rieures<br \/>\n#67A Davier pour les troisi\u00e8mes molaires sup\u00e9rieures, bilat\u00e9ral #79 Davier pour les troisi\u00e8mes molaires sup\u00e9rieures, bilat\u00e9ral<br \/>\n#79C Davier pour les troisi\u00e8mes molaires inf\u00e9rieures, bilat\u00e9ral<br \/>\nPince #86C pour les molaires inf\u00e9rieures cari\u00e9es ou dont la couronne est fractur\u00e9e.<\/p>\n","protected":false},"excerpt":{"rendered":"<p>Le kit de pinces d&#8217;extraction pour adultes est indispensable pour des extractions dentaires s\u00fbres et efficaces. Il comprend 11 pinces de base, compl\u00e8tes et vari\u00e9es pour les extractions dentaires des arcades sup\u00e9rieures et inf\u00e9rieures.<\/p>\n","protected":false},"featured_media":26297,"template":"","meta":[],"product_brand":[],"product_cat":[681],"product_tag":[930,672,688,690,755,763],"class_list":{"0":"post-26296","1":"product","2":"type-product","3":"status-publish","4":"has-post-thumbnail","6":"product_cat-chirurgie-fr","7":"product_tag-ceuelche3","8":"product_tag-destacado_odontologia-fr","9":"product_tag-ceu3","10":"product_tag-uem3-fr","11":"product_tag-ucam3-fr","12":"product_tag-uev3","13":"pa_destacado_odontologia-destacado_odontologia-fr","14":"pa_formacion-odontologia-fr","16":"first","17":"instock","18":"featured","19":"taxable","20":"shipping-taxable","21":"purchasable","22":"product-type-simple"},"yoast_head":"<!-- This site is optimized with the Yoast SEO Premium plugin v27.0 (Yoast SEO v27.4) - https:\/\/yoast.com\/product\/yoast-seo-premium-wordpress\/ -->\n<title>KIT DE PINCES D\u00c9XTRACTION ADULTES - yoestudiosalud.es<\/title>\n<meta name=\"description\" content=\"Le kit de pinces d&#039;extraction pour adultes est indispensable pour des extractions dentaires s\u00fbres et efficaces. Il comprend 11 pinces de base, compl\u00e8tes et vari\u00e9es pour les extractions dentaires des arcades sup\u00e9rieures et inf\u00e9rieures.\" \/>\n<meta name=\"robots\" content=\"index, follow, max-snippet:-1, max-image-preview:large, max-video-preview:-1\" \/>\n<link rel=\"canonical\" href=\"https:\/\/yoestudiosalud.es\/fr\/produit\/kit-de-pinces-dextraction-adultes\/\" \/>\n<meta property=\"og:locale\" content=\"fr_FR\" \/>\n<meta property=\"og:type\" content=\"article\" \/>\n<meta property=\"og:title\" content=\"KIT DE PINCES D\u00c9XTRACTION ADULTES\" \/>\n<meta property=\"og:description\" content=\"Le kit de pinces d&#039;extraction pour adultes est indispensable pour des extractions dentaires s\u00fbres et efficaces. Il comprend 11 pinces de base, compl\u00e8tes et vari\u00e9es pour les extractions dentaires des arcades sup\u00e9rieures et inf\u00e9rieures.\" \/>\n<meta property=\"og:url\" content=\"https:\/\/yoestudiosalud.es\/fr\/produit\/kit-de-pinces-dextraction-adultes\/\" \/>\n<meta property=\"og:site_name\" content=\"yoestudiosalud.es\" \/>\n<meta property=\"article:modified_time\" content=\"2025-09-29T19:27:26+00:00\" \/>\n<meta property=\"og:image\" content=\"https:\/\/yoestudiosalud.es\/wp-content\/uploads\/2018\/07\/002723-1.jpg\" \/>\n\t<meta property=\"og:image:width\" content=\"650\" \/>\n\t<meta property=\"og:image:height\" content=\"650\" \/>\n\t<meta property=\"og:image:type\" content=\"image\/jpeg\" \/>\n<meta name=\"twitter:card\" content=\"summary_large_image\" \/>\n<meta name=\"twitter:label1\" content=\"Dur\u00e9e de lecture estim\u00e9e\" \/>\n\t<meta name=\"twitter:data1\" content=\"2 minutes\" \/>\n<script type=\"application\/ld+json\" class=\"yoast-schema-graph\">{\"@context\":\"https:\\\/\\\/schema.org\",\"@graph\":[{\"@type\":\"WebPage\",\"@id\":\"https:\\\/\\\/yoestudiosalud.es\\\/fr\\\/produit\\\/kit-de-pinces-dextraction-adultes\\\/\",\"url\":\"https:\\\/\\\/yoestudiosalud.es\\\/fr\\\/produit\\\/kit-de-pinces-dextraction-adultes\\\/\",\"name\":\"KIT DE PINCES D\u00c9XTRACTION ADULTES - yoestudiosalud.es\",\"isPartOf\":{\"@id\":\"https:\\\/\\\/yoestudiosalud.es\\\/en\\\/#website\"},\"primaryImageOfPage\":{\"@id\":\"https:\\\/\\\/yoestudiosalud.es\\\/fr\\\/produit\\\/kit-de-pinces-dextraction-adultes\\\/#primaryimage\"},\"image\":{\"@id\":\"https:\\\/\\\/yoestudiosalud.es\\\/fr\\\/produit\\\/kit-de-pinces-dextraction-adultes\\\/#primaryimage\"},\"thumbnailUrl\":\"https:\\\/\\\/yoestudiosalud.es\\\/wp-content\\\/uploads\\\/2018\\\/07\\\/002723-1.jpg\",\"datePublished\":\"2018-07-12T17:20:04+00:00\",\"dateModified\":\"2025-09-29T19:27:26+00:00\",\"description\":\"Le kit de pinces d'extraction pour adultes est indispensable pour des extractions dentaires s\u00fbres et efficaces. Il comprend 11 pinces de base, compl\u00e8tes et vari\u00e9es pour les extractions dentaires des arcades sup\u00e9rieures et inf\u00e9rieures.\",\"breadcrumb\":{\"@id\":\"https:\\\/\\\/yoestudiosalud.es\\\/fr\\\/produit\\\/kit-de-pinces-dextraction-adultes\\\/#breadcrumb\"},\"inLanguage\":\"fr-FR\",\"potentialAction\":[{\"@type\":\"ReadAction\",\"target\":[\"https:\\\/\\\/yoestudiosalud.es\\\/fr\\\/produit\\\/kit-de-pinces-dextraction-adultes\\\/\"]}]},{\"@type\":\"ImageObject\",\"inLanguage\":\"fr-FR\",\"@id\":\"https:\\\/\\\/yoestudiosalud.es\\\/fr\\\/produit\\\/kit-de-pinces-dextraction-adultes\\\/#primaryimage\",\"url\":\"https:\\\/\\\/yoestudiosalud.es\\\/wp-content\\\/uploads\\\/2018\\\/07\\\/002723-1.jpg\",\"contentUrl\":\"https:\\\/\\\/yoestudiosalud.es\\\/wp-content\\\/uploads\\\/2018\\\/07\\\/002723-1.jpg\",\"width\":650,\"height\":650,\"caption\":\"Le kit de pinces d'extraction\"},{\"@type\":\"BreadcrumbList\",\"@id\":\"https:\\\/\\\/yoestudiosalud.es\\\/fr\\\/produit\\\/kit-de-pinces-dextraction-adultes\\\/#breadcrumb\",\"itemListElement\":[{\"@type\":\"ListItem\",\"position\":1,\"name\":\"Portada\",\"item\":\"https:\\\/\\\/yoestudiosalud.es\\\/fr\\\/\"},{\"@type\":\"ListItem\",\"position\":2,\"name\":\"Boutique\",\"item\":\"https:\\\/\\\/yoestudiosalud.es\\\/fr\\\/boutique\\\/\"},{\"@type\":\"ListItem\",\"position\":3,\"name\":\"KIT DE PINCES D\u00c9XTRACTION ADULTES\"}]},{\"@type\":\"WebSite\",\"@id\":\"https:\\\/\\\/yoestudiosalud.es\\\/en\\\/#website\",\"url\":\"https:\\\/\\\/yoestudiosalud.es\\\/en\\\/\",\"name\":\"yoestudiosalud.es\",\"description\":\"Material para estudiantes del sector salud\",\"publisher\":{\"@id\":\"https:\\\/\\\/yoestudiosalud.es\\\/en\\\/#organization\"},\"potentialAction\":[{\"@type\":\"SearchAction\",\"target\":{\"@type\":\"EntryPoint\",\"urlTemplate\":\"https:\\\/\\\/yoestudiosalud.es\\\/en\\\/?s={search_term_string}\"},\"query-input\":{\"@type\":\"PropertyValueSpecification\",\"valueRequired\":true,\"valueName\":\"search_term_string\"}}],\"inLanguage\":\"fr-FR\"},{\"@type\":\"Organization\",\"@id\":\"https:\\\/\\\/yoestudiosalud.es\\\/en\\\/#organization\",\"name\":\"yoestudiosalud.es\",\"url\":\"https:\\\/\\\/yoestudiosalud.es\\\/en\\\/\",\"logo\":{\"@type\":\"ImageObject\",\"inLanguage\":\"fr-FR\",\"@id\":\"https:\\\/\\\/yoestudiosalud.es\\\/en\\\/#\\\/schema\\\/logo\\\/image\\\/\",\"url\":\"https:\\\/\\\/yoestudiosalud.es\\\/wp-content\\\/uploads\\\/2020\\\/04\\\/logonew-e1698080827687.png\",\"contentUrl\":\"https:\\\/\\\/yoestudiosalud.es\\\/wp-content\\\/uploads\\\/2020\\\/04\\\/logonew-e1698080827687.png\",\"width\":421,\"height\":393,\"caption\":\"yoestudiosalud.es\"},\"image\":{\"@id\":\"https:\\\/\\\/yoestudiosalud.es\\\/en\\\/#\\\/schema\\\/logo\\\/image\\\/\"}}]}<\/script>\n<!-- \/ Yoast SEO Premium plugin. -->","yoast_head_json":{"title":"KIT DE PINCES D\u00c9XTRACTION ADULTES - yoestudiosalud.es","description":"Le kit de pinces d'extraction pour adultes est indispensable pour des extractions dentaires s\u00fbres et efficaces. Il comprend 11 pinces de base, compl\u00e8tes et vari\u00e9es pour les extractions dentaires des arcades sup\u00e9rieures et inf\u00e9rieures.","robots":{"index":"index","follow":"follow","max-snippet":"max-snippet:-1","max-image-preview":"max-image-preview:large","max-video-preview":"max-video-preview:-1"},"canonical":"https:\/\/yoestudiosalud.es\/fr\/produit\/kit-de-pinces-dextraction-adultes\/","og_locale":"fr_FR","og_type":"article","og_title":"KIT DE PINCES D\u00c9XTRACTION ADULTES","og_description":"Le kit de pinces d'extraction pour adultes est indispensable pour des extractions dentaires s\u00fbres et efficaces. Il comprend 11 pinces de base, compl\u00e8tes et vari\u00e9es pour les extractions dentaires des arcades sup\u00e9rieures et inf\u00e9rieures.","og_url":"https:\/\/yoestudiosalud.es\/fr\/produit\/kit-de-pinces-dextraction-adultes\/","og_site_name":"yoestudiosalud.es","article_modified_time":"2025-09-29T19:27:26+00:00","og_image":[{"width":650,"height":650,"url":"https:\/\/yoestudiosalud.es\/wp-content\/uploads\/2018\/07\/002723-1.jpg","type":"image\/jpeg"}],"twitter_card":"summary_large_image","twitter_misc":{"Dur\u00e9e de lecture estim\u00e9e":"2 minutes"},"schema":{"@context":"https:\/\/schema.org","@graph":[{"@type":"WebPage","@id":"https:\/\/yoestudiosalud.es\/fr\/produit\/kit-de-pinces-dextraction-adultes\/","url":"https:\/\/yoestudiosalud.es\/fr\/produit\/kit-de-pinces-dextraction-adultes\/","name":"KIT DE PINCES D\u00c9XTRACTION ADULTES - yoestudiosalud.es","isPartOf":{"@id":"https:\/\/yoestudiosalud.es\/en\/#website"},"primaryImageOfPage":{"@id":"https:\/\/yoestudiosalud.es\/fr\/produit\/kit-de-pinces-dextraction-adultes\/#primaryimage"},"image":{"@id":"https:\/\/yoestudiosalud.es\/fr\/produit\/kit-de-pinces-dextraction-adultes\/#primaryimage"},"thumbnailUrl":"https:\/\/yoestudiosalud.es\/wp-content\/uploads\/2018\/07\/002723-1.jpg","datePublished":"2018-07-12T17:20:04+00:00","dateModified":"2025-09-29T19:27:26+00:00","description":"Le kit de pinces d'extraction pour adultes est indispensable pour des extractions dentaires s\u00fbres et efficaces. Il comprend 11 pinces de base, compl\u00e8tes et vari\u00e9es pour les extractions dentaires des arcades sup\u00e9rieures et inf\u00e9rieures.","breadcrumb":{"@id":"https:\/\/yoestudiosalud.es\/fr\/produit\/kit-de-pinces-dextraction-adultes\/#breadcrumb"},"inLanguage":"fr-FR","potentialAction":[{"@type":"ReadAction","target":["https:\/\/yoestudiosalud.es\/fr\/produit\/kit-de-pinces-dextraction-adultes\/"]}]},{"@type":"ImageObject","inLanguage":"fr-FR","@id":"https:\/\/yoestudiosalud.es\/fr\/produit\/kit-de-pinces-dextraction-adultes\/#primaryimage","url":"https:\/\/yoestudiosalud.es\/wp-content\/uploads\/2018\/07\/002723-1.jpg","contentUrl":"https:\/\/yoestudiosalud.es\/wp-content\/uploads\/2018\/07\/002723-1.jpg","width":650,"height":650,"caption":"Le kit de pinces d'extraction"},{"@type":"BreadcrumbList","@id":"https:\/\/yoestudiosalud.es\/fr\/produit\/kit-de-pinces-dextraction-adultes\/#breadcrumb","itemListElement":[{"@type":"ListItem","position":1,"name":"Portada","item":"https:\/\/yoestudiosalud.es\/fr\/"},{"@type":"ListItem","position":2,"name":"Boutique","item":"https:\/\/yoestudiosalud.es\/fr\/boutique\/"},{"@type":"ListItem","position":3,"name":"KIT DE PINCES D\u00c9XTRACTION ADULTES"}]},{"@type":"WebSite","@id":"https:\/\/yoestudiosalud.es\/en\/#website","url":"https:\/\/yoestudiosalud.es\/en\/","name":"yoestudiosalud.es","description":"Material para estudiantes del sector salud","publisher":{"@id":"https:\/\/yoestudiosalud.es\/en\/#organization"},"potentialAction":[{"@type":"SearchAction","target":{"@type":"EntryPoint","urlTemplate":"https:\/\/yoestudiosalud.es\/en\/?s={search_term_string}"},"query-input":{"@type":"PropertyValueSpecification","valueRequired":true,"valueName":"search_term_string"}}],"inLanguage":"fr-FR"},{"@type":"Organization","@id":"https:\/\/yoestudiosalud.es\/en\/#organization","name":"yoestudiosalud.es","url":"https:\/\/yoestudiosalud.es\/en\/","logo":{"@type":"ImageObject","inLanguage":"fr-FR","@id":"https:\/\/yoestudiosalud.es\/en\/#\/schema\/logo\/image\/","url":"https:\/\/yoestudiosalud.es\/wp-content\/uploads\/2020\/04\/logonew-e1698080827687.png","contentUrl":"https:\/\/yoestudiosalud.es\/wp-content\/uploads\/2020\/04\/logonew-e1698080827687.png","width":421,"height":393,"caption":"yoestudiosalud.es"},"image":{"@id":"https:\/\/yoestudiosalud.es\/en\/#\/schema\/logo\/image\/"}}]}},"_links":{"self":[{"href":"https:\/\/yoestudiosalud.es\/fr\/wp-json\/wp\/v2\/product\/26296","targetHints":{"allow":["GET"]}}],"collection":[{"href":"https:\/\/yoestudiosalud.es\/fr\/wp-json\/wp\/v2\/product"}],"about":[{"href":"https:\/\/yoestudiosalud.es\/fr\/wp-json\/wp\/v2\/types\/product"}],"wp:featuredmedia":[{"embeddable":true,"href":"https:\/\/yoestudiosalud.es\/fr\/wp-json\/wp\/v2\/media\/26297"}],"wp:attachment":[{"href":"https:\/\/yoestudiosalud.es\/fr\/wp-json\/wp\/v2\/media?parent=26296"}],"wp:term":[{"taxonomy":"product_brand","embeddable":true,"href":"https:\/\/yoestudiosalud.es\/fr\/wp-json\/wp\/v2\/product_brand?post=26296"},{"taxonomy":"product_cat","embeddable":true,"href":"https:\/\/yoestudiosalud.es\/fr\/wp-json\/wp\/v2\/product_cat?post=26296"},{"taxonomy":"product_tag","embeddable":true,"href":"https:\/\/yoestudiosalud.es\/fr\/wp-json\/wp\/v2\/product_tag?post=26296"}],"curies":[{"name":"wp","href":"https:\/\/api.w.org\/{rel}","templated":true}]}}