{"id":26294,"date":"2018-07-12T17:20:04","date_gmt":"2018-07-12T17:20:04","guid":{"rendered":"https:\/\/yoestudiosalud.es\/producto\/kit-de-11-pinces-dextraction-medesy\/"},"modified":"2025-06-25T23:17:22","modified_gmt":"2025-06-25T21:17:22","slug":"kit-de-11-pinces-dextraction-medesy","status":"publish","type":"product","link":"https:\/\/yoestudiosalud.es\/fr\/produit\/kit-de-11-pinces-dextraction-medesy\/","title":{"rendered":"KIT DE 11 PINCES D\u00b4EXTRACTION MEDESY"},"content":{"rendered":"<p>Kit de 11 pinces pour extraction de dent adulte Medesy. Con\u00e7ues selon la forme anglaise, ces pinces sont de haute qualit\u00e9, avec une finition polie et un manche rugueux pour une meilleure prise en main antid\u00e9rapante.<\/p>\n<p>Ce kit de pinces comprend :<\/p>\n<p>#01 Pince longue pour incisives centrales et canines sup\u00e9rieures.<br \/>\n#07 Pince pour pr\u00e9molaires sup\u00e9rieures.<br \/>\n#13 Pince pour pr\u00e9molaires inf\u00e9rieures, bilat\u00e9rale.<br \/>\nPince n\u00b017 \u200b\u200bpour molaires sup\u00e9rieures droites<br \/>\nPince n\u00b018 pour molaires sup\u00e9rieures gauches<br \/>\nPince n\u00b022 pour molaires inf\u00e9rieures<br \/>\nPince n\u00b033 pour racines inf\u00e9rieures<br \/>\nPince \u00e0 racine sup\u00e9rieure n\u00b0 51A<br \/>\nPince n\u00b0 67A pour troisi\u00e8mes molaires maxillaires, bilat\u00e9rale<br \/>\nPince n\u00b0 79 pour troisi\u00e8mes molaires inf\u00e9rieures bilat\u00e9rales<br \/>\nPince n\u00b0 86C pour molaires inf\u00e9rieures cari\u00e9es ou fractur\u00e9es<br \/>\nProduit par la marque italienne Medesy. Avec une tradition de plus de 600 ans, les instruments Medesy sont un exemple de qualit\u00e9, avec leurs finitions polies et leurs designs uniques.<\/p>\n<p>Le KIT 11 DE PINCES D&#8217;EXTRACTION POUR ADULTES MEDESY est recommand\u00e9 aux \u00e9tudiants \u00e0 la recherche d&#8217;une alternative sup\u00e9rieure \u00e0 leur \u00e9quipement d&#8217;extraction.<\/p>\n","protected":false},"excerpt":{"rendered":"<p>KIT DE 11 PINCES D\u00b4EXTRACTION MEDESY<\/p>\n","protected":false},"featured_media":26295,"template":"","meta":[],"product_brand":[],"product_cat":[681],"product_tag":[],"class_list":{"0":"post-26294","1":"product","2":"type-product","3":"status-publish","4":"has-post-thumbnail","6":"product_cat-chirurgie-fr","7":"pa_formacion-odontologia-fr","9":"first","10":"instock","11":"taxable","12":"shipping-taxable","13":"purchasable","14":"product-type-simple"},"yoast_head":"<!-- This site is optimized with the Yoast SEO Premium plugin v27.0 (Yoast SEO v27.4) - https:\/\/yoast.com\/product\/yoast-seo-premium-wordpress\/ -->\n<title>KIT DE 11 PINCES D\u00b4EXTRACTION MEDESY | yoestudiosalud.es<\/title>\n<meta name=\"description\" content=\"Kit de 11 pinces pour extraction de dent adulte Medesy. Con\u00e7ues selon la forme anglaise, ces pinces sont de haute qualit\u00e9, avec une finition polie et un manche rugueux pour une meilleure prise en main antid\u00e9rapante.\" \/>\n<meta name=\"robots\" content=\"index, follow, max-snippet:-1, max-image-preview:large, max-video-preview:-1\" \/>\n<link rel=\"canonical\" href=\"https:\/\/yoestudiosalud.es\/produit\/kit-11-forceps-de-extraccion-adulto-medesy\/\" \/>\n<meta property=\"og:locale\" content=\"fr_FR\" \/>\n<meta property=\"og:type\" content=\"article\" \/>\n<meta property=\"og:title\" content=\"KIT DE 11 PINCES D\u00b4EXTRACTION MEDESY\" \/>\n<meta property=\"og:description\" content=\"Kit de 11 pinces pour extraction de dent adulte Medesy. Con\u00e7ues selon la forme anglaise, ces pinces sont de haute qualit\u00e9, avec une finition polie et un manche rugueux pour une meilleure prise en main antid\u00e9rapante.\" \/>\n<meta property=\"og:url\" content=\"https:\/\/yoestudiosalud.es\/produit\/kit-11-forceps-de-extraccion-adulto-medesy\/\" \/>\n<meta property=\"og:site_name\" content=\"yoestudiosalud.es\" \/>\n<meta property=\"article:modified_time\" content=\"2025-06-25T21:17:22+00:00\" \/>\n<meta property=\"og:image\" content=\"https:\/\/yoestudiosalud.es\/wp-content\/uploads\/2018\/07\/002677B.jpg\" \/>\n\t<meta property=\"og:image:width\" content=\"650\" \/>\n\t<meta property=\"og:image:height\" content=\"650\" \/>\n\t<meta property=\"og:image:type\" content=\"image\/jpeg\" \/>\n<meta name=\"twitter:card\" content=\"summary_large_image\" \/>\n<meta name=\"twitter:label1\" content=\"Dur\u00e9e de lecture estim\u00e9e\" \/>\n\t<meta name=\"twitter:data1\" content=\"1 minute\" \/>\n<script type=\"application\/ld+json\" class=\"yoast-schema-graph\">{\"@context\":\"https:\\\/\\\/schema.org\",\"@graph\":[{\"@type\":\"WebPage\",\"@id\":\"https:\\\/\\\/yoestudiosalud.es\\\/produit\\\/kit-11-forceps-de-extraccion-adulto-medesy\\\/\",\"url\":\"https:\\\/\\\/yoestudiosalud.es\\\/produit\\\/kit-11-forceps-de-extraccion-adulto-medesy\\\/\",\"name\":\"KIT DE 11 PINCES D\u00b4EXTRACTION MEDESY | yoestudiosalud.es\",\"isPartOf\":{\"@id\":\"https:\\\/\\\/yoestudiosalud.es\\\/en\\\/#website\"},\"primaryImageOfPage\":{\"@id\":\"https:\\\/\\\/yoestudiosalud.es\\\/produit\\\/kit-11-forceps-de-extraccion-adulto-medesy\\\/#primaryimage\"},\"image\":{\"@id\":\"https:\\\/\\\/yoestudiosalud.es\\\/produit\\\/kit-11-forceps-de-extraccion-adulto-medesy\\\/#primaryimage\"},\"thumbnailUrl\":\"https:\\\/\\\/yoestudiosalud.es\\\/wp-content\\\/uploads\\\/2018\\\/07\\\/002677B.jpg\",\"datePublished\":\"2018-07-12T17:20:04+00:00\",\"dateModified\":\"2025-06-25T21:17:22+00:00\",\"description\":\"Kit de 11 pinces pour extraction de dent adulte Medesy. Con\u00e7ues selon la forme anglaise, ces pinces sont de haute qualit\u00e9, avec une finition polie et un manche rugueux pour une meilleure prise en main antid\u00e9rapante.\",\"breadcrumb\":{\"@id\":\"https:\\\/\\\/yoestudiosalud.es\\\/produit\\\/kit-11-forceps-de-extraccion-adulto-medesy\\\/#breadcrumb\"},\"inLanguage\":\"fr-FR\",\"potentialAction\":[{\"@type\":\"ReadAction\",\"target\":[\"https:\\\/\\\/yoestudiosalud.es\\\/produit\\\/kit-11-forceps-de-extraccion-adulto-medesy\\\/\"]}]},{\"@type\":\"ImageObject\",\"inLanguage\":\"fr-FR\",\"@id\":\"https:\\\/\\\/yoestudiosalud.es\\\/produit\\\/kit-11-forceps-de-extraccion-adulto-medesy\\\/#primaryimage\",\"url\":\"https:\\\/\\\/yoestudiosalud.es\\\/wp-content\\\/uploads\\\/2018\\\/07\\\/002677B.jpg\",\"contentUrl\":\"https:\\\/\\\/yoestudiosalud.es\\\/wp-content\\\/uploads\\\/2018\\\/07\\\/002677B.jpg\",\"width\":650,\"height\":650,\"caption\":\"KIT DE 11 PINCES D\u00b4EXTRACTION MEDESY\"},{\"@type\":\"BreadcrumbList\",\"@id\":\"https:\\\/\\\/yoestudiosalud.es\\\/produit\\\/kit-11-forceps-de-extraccion-adulto-medesy\\\/#breadcrumb\",\"itemListElement\":[{\"@type\":\"ListItem\",\"position\":1,\"name\":\"Portada\",\"item\":\"https:\\\/\\\/yoestudiosalud.es\\\/fr\\\/\"},{\"@type\":\"ListItem\",\"position\":2,\"name\":\"Boutique\",\"item\":\"https:\\\/\\\/yoestudiosalud.es\\\/fr\\\/boutique\\\/\"},{\"@type\":\"ListItem\",\"position\":3,\"name\":\"KIT DE 11 PINCES D\u00b4EXTRACTION MEDESY\"}]},{\"@type\":\"WebSite\",\"@id\":\"https:\\\/\\\/yoestudiosalud.es\\\/en\\\/#website\",\"url\":\"https:\\\/\\\/yoestudiosalud.es\\\/en\\\/\",\"name\":\"yoestudiosalud.es\",\"description\":\"Material para estudiantes del sector salud\",\"publisher\":{\"@id\":\"https:\\\/\\\/yoestudiosalud.es\\\/en\\\/#organization\"},\"potentialAction\":[{\"@type\":\"SearchAction\",\"target\":{\"@type\":\"EntryPoint\",\"urlTemplate\":\"https:\\\/\\\/yoestudiosalud.es\\\/en\\\/?s={search_term_string}\"},\"query-input\":{\"@type\":\"PropertyValueSpecification\",\"valueRequired\":true,\"valueName\":\"search_term_string\"}}],\"inLanguage\":\"fr-FR\"},{\"@type\":\"Organization\",\"@id\":\"https:\\\/\\\/yoestudiosalud.es\\\/en\\\/#organization\",\"name\":\"yoestudiosalud.es\",\"url\":\"https:\\\/\\\/yoestudiosalud.es\\\/en\\\/\",\"logo\":{\"@type\":\"ImageObject\",\"inLanguage\":\"fr-FR\",\"@id\":\"https:\\\/\\\/yoestudiosalud.es\\\/en\\\/#\\\/schema\\\/logo\\\/image\\\/\",\"url\":\"https:\\\/\\\/yoestudiosalud.es\\\/wp-content\\\/uploads\\\/2020\\\/04\\\/logonew-e1698080827687.png\",\"contentUrl\":\"https:\\\/\\\/yoestudiosalud.es\\\/wp-content\\\/uploads\\\/2020\\\/04\\\/logonew-e1698080827687.png\",\"width\":421,\"height\":393,\"caption\":\"yoestudiosalud.es\"},\"image\":{\"@id\":\"https:\\\/\\\/yoestudiosalud.es\\\/en\\\/#\\\/schema\\\/logo\\\/image\\\/\"}}]}<\/script>\n<!-- \/ Yoast SEO Premium plugin. -->","yoast_head_json":{"title":"KIT DE 11 PINCES D\u00b4EXTRACTION MEDESY | yoestudiosalud.es","description":"Kit de 11 pinces pour extraction de dent adulte Medesy. Con\u00e7ues selon la forme anglaise, ces pinces sont de haute qualit\u00e9, avec une finition polie et un manche rugueux pour une meilleure prise en main antid\u00e9rapante.","robots":{"index":"index","follow":"follow","max-snippet":"max-snippet:-1","max-image-preview":"max-image-preview:large","max-video-preview":"max-video-preview:-1"},"canonical":"https:\/\/yoestudiosalud.es\/produit\/kit-11-forceps-de-extraccion-adulto-medesy\/","og_locale":"fr_FR","og_type":"article","og_title":"KIT DE 11 PINCES D\u00b4EXTRACTION MEDESY","og_description":"Kit de 11 pinces pour extraction de dent adulte Medesy. Con\u00e7ues selon la forme anglaise, ces pinces sont de haute qualit\u00e9, avec une finition polie et un manche rugueux pour une meilleure prise en main antid\u00e9rapante.","og_url":"https:\/\/yoestudiosalud.es\/produit\/kit-11-forceps-de-extraccion-adulto-medesy\/","og_site_name":"yoestudiosalud.es","article_modified_time":"2025-06-25T21:17:22+00:00","og_image":[{"width":650,"height":650,"url":"https:\/\/yoestudiosalud.es\/wp-content\/uploads\/2018\/07\/002677B.jpg","type":"image\/jpeg"}],"twitter_card":"summary_large_image","twitter_misc":{"Dur\u00e9e de lecture estim\u00e9e":"1 minute"},"schema":{"@context":"https:\/\/schema.org","@graph":[{"@type":"WebPage","@id":"https:\/\/yoestudiosalud.es\/produit\/kit-11-forceps-de-extraccion-adulto-medesy\/","url":"https:\/\/yoestudiosalud.es\/produit\/kit-11-forceps-de-extraccion-adulto-medesy\/","name":"KIT DE 11 PINCES D\u00b4EXTRACTION MEDESY | yoestudiosalud.es","isPartOf":{"@id":"https:\/\/yoestudiosalud.es\/en\/#website"},"primaryImageOfPage":{"@id":"https:\/\/yoestudiosalud.es\/produit\/kit-11-forceps-de-extraccion-adulto-medesy\/#primaryimage"},"image":{"@id":"https:\/\/yoestudiosalud.es\/produit\/kit-11-forceps-de-extraccion-adulto-medesy\/#primaryimage"},"thumbnailUrl":"https:\/\/yoestudiosalud.es\/wp-content\/uploads\/2018\/07\/002677B.jpg","datePublished":"2018-07-12T17:20:04+00:00","dateModified":"2025-06-25T21:17:22+00:00","description":"Kit de 11 pinces pour extraction de dent adulte Medesy. Con\u00e7ues selon la forme anglaise, ces pinces sont de haute qualit\u00e9, avec une finition polie et un manche rugueux pour une meilleure prise en main antid\u00e9rapante.","breadcrumb":{"@id":"https:\/\/yoestudiosalud.es\/produit\/kit-11-forceps-de-extraccion-adulto-medesy\/#breadcrumb"},"inLanguage":"fr-FR","potentialAction":[{"@type":"ReadAction","target":["https:\/\/yoestudiosalud.es\/produit\/kit-11-forceps-de-extraccion-adulto-medesy\/"]}]},{"@type":"ImageObject","inLanguage":"fr-FR","@id":"https:\/\/yoestudiosalud.es\/produit\/kit-11-forceps-de-extraccion-adulto-medesy\/#primaryimage","url":"https:\/\/yoestudiosalud.es\/wp-content\/uploads\/2018\/07\/002677B.jpg","contentUrl":"https:\/\/yoestudiosalud.es\/wp-content\/uploads\/2018\/07\/002677B.jpg","width":650,"height":650,"caption":"KIT DE 11 PINCES D\u00b4EXTRACTION MEDESY"},{"@type":"BreadcrumbList","@id":"https:\/\/yoestudiosalud.es\/produit\/kit-11-forceps-de-extraccion-adulto-medesy\/#breadcrumb","itemListElement":[{"@type":"ListItem","position":1,"name":"Portada","item":"https:\/\/yoestudiosalud.es\/fr\/"},{"@type":"ListItem","position":2,"name":"Boutique","item":"https:\/\/yoestudiosalud.es\/fr\/boutique\/"},{"@type":"ListItem","position":3,"name":"KIT DE 11 PINCES D\u00b4EXTRACTION MEDESY"}]},{"@type":"WebSite","@id":"https:\/\/yoestudiosalud.es\/en\/#website","url":"https:\/\/yoestudiosalud.es\/en\/","name":"yoestudiosalud.es","description":"Material para estudiantes del sector salud","publisher":{"@id":"https:\/\/yoestudiosalud.es\/en\/#organization"},"potentialAction":[{"@type":"SearchAction","target":{"@type":"EntryPoint","urlTemplate":"https:\/\/yoestudiosalud.es\/en\/?s={search_term_string}"},"query-input":{"@type":"PropertyValueSpecification","valueRequired":true,"valueName":"search_term_string"}}],"inLanguage":"fr-FR"},{"@type":"Organization","@id":"https:\/\/yoestudiosalud.es\/en\/#organization","name":"yoestudiosalud.es","url":"https:\/\/yoestudiosalud.es\/en\/","logo":{"@type":"ImageObject","inLanguage":"fr-FR","@id":"https:\/\/yoestudiosalud.es\/en\/#\/schema\/logo\/image\/","url":"https:\/\/yoestudiosalud.es\/wp-content\/uploads\/2020\/04\/logonew-e1698080827687.png","contentUrl":"https:\/\/yoestudiosalud.es\/wp-content\/uploads\/2020\/04\/logonew-e1698080827687.png","width":421,"height":393,"caption":"yoestudiosalud.es"},"image":{"@id":"https:\/\/yoestudiosalud.es\/en\/#\/schema\/logo\/image\/"}}]}},"_links":{"self":[{"href":"https:\/\/yoestudiosalud.es\/fr\/wp-json\/wp\/v2\/product\/26294","targetHints":{"allow":["GET"]}}],"collection":[{"href":"https:\/\/yoestudiosalud.es\/fr\/wp-json\/wp\/v2\/product"}],"about":[{"href":"https:\/\/yoestudiosalud.es\/fr\/wp-json\/wp\/v2\/types\/product"}],"wp:featuredmedia":[{"embeddable":true,"href":"https:\/\/yoestudiosalud.es\/fr\/wp-json\/wp\/v2\/media\/26295"}],"wp:attachment":[{"href":"https:\/\/yoestudiosalud.es\/fr\/wp-json\/wp\/v2\/media?parent=26294"}],"wp:term":[{"taxonomy":"product_brand","embeddable":true,"href":"https:\/\/yoestudiosalud.es\/fr\/wp-json\/wp\/v2\/product_brand?post=26294"},{"taxonomy":"product_cat","embeddable":true,"href":"https:\/\/yoestudiosalud.es\/fr\/wp-json\/wp\/v2\/product_cat?post=26294"},{"taxonomy":"product_tag","embeddable":true,"href":"https:\/\/yoestudiosalud.es\/fr\/wp-json\/wp\/v2\/product_tag?post=26294"}],"curies":[{"name":"wp","href":"https:\/\/api.w.org\/{rel}","templated":true}]}}