{"id":26292,"date":"2018-07-12T17:20:04","date_gmt":"2018-07-12T17:20:04","guid":{"rendered":"https:\/\/yoestudiosalud.es\/producto\/kit-de-7-pinces-dextraction-pediatriques\/"},"modified":"2025-06-25T23:17:18","modified_gmt":"2025-06-25T21:17:18","slug":"kit-de-7-pinces-dextraction-pediatriques","status":"publish","type":"product","link":"https:\/\/yoestudiosalud.es\/fr\/produit\/kit-de-7-pinces-dextraction-pediatriques\/","title":{"rendered":"KIT DE 7 PINCES D\u00b4EXTRACTION PEDIATRIQUES"},"content":{"rendered":"<p>Kit de 7 pinces d&#8217;extraction p\u00e9diatriques. Pince \u00e0 ressort de forme anglaise pour enfants.<\/p>\n<p>Ce pack comprend les pinces num\u00e9ros #03, #05, #06, #07, #51S, #137, #139 pour une extraction compl\u00e8te et est livr\u00e9 dans un \u00e9tui de transport.<\/p>\n<p>La PINCE D&#8217;EXTRACTION P\u00c9DIATRIQUE KIT 7 est fabriqu\u00e9e par la marque Master Surgical<\/p>\n","protected":false},"excerpt":{"rendered":"<p>Kit de 7 pinces d&#8217;extraction p\u00e9diatriques. Pince \u00e0 ressort de forme anglaise pour enfants.<\/p>\n<p>Ce pack comprend les pinces num\u00e9ros #03, #05, #06, #07, #51S, #137, #139 pour une extraction compl\u00e8te et est livr\u00e9 dans un \u00e9tui de transport.<\/p>\n","protected":false},"featured_media":26293,"template":"","meta":[],"product_brand":[],"product_cat":[681],"product_tag":[707,762],"class_list":{"0":"post-26292","1":"product","2":"type-product","3":"status-publish","4":"has-post-thumbnail","6":"product_cat-chirurgie-fr","7":"product_tag-uem4-fr","8":"product_tag-ucam4-fr","9":"pa_formacion-odontologia-fr","11":"first","12":"instock","13":"taxable","14":"shipping-taxable","15":"purchasable","16":"product-type-simple"},"yoast_head":"<!-- This site is optimized with the Yoast SEO Premium plugin v27.0 (Yoast SEO v27.2) - https:\/\/yoast.com\/product\/yoast-seo-premium-wordpress\/ -->\n<title>KIT DE 7 PINCES D\u00b4EXTRACTION PEDIATRIQUES - yoestudiosalud.es<\/title>\n<meta name=\"description\" content=\"Kit de 7 pinces d&#039;extraction p\u00e9diatriques. Pince \u00e0 ressort de forme anglaise pour enfants. Ce pack comprend les pinces num\u00e9ros #03, #05, #06, #07, #51S, #137, #139 pour une extraction compl\u00e8te et est livr\u00e9 dans un \u00e9tui de transport.\" \/>\n<meta name=\"robots\" content=\"index, follow, max-snippet:-1, max-image-preview:large, max-video-preview:-1\" \/>\n<link rel=\"canonical\" href=\"https:\/\/yoestudiosalud.es\/produit\/kit-forceps-extraccion-pediatricos\/\" \/>\n<meta property=\"og:locale\" content=\"fr_FR\" \/>\n<meta property=\"og:type\" content=\"article\" \/>\n<meta property=\"og:title\" content=\"KIT DE 7 PINCES D\u00b4EXTRACTION PEDIATRIQUES\" \/>\n<meta property=\"og:description\" content=\"Kit de 7 pinces d&#039;extraction p\u00e9diatriques. Pince \u00e0 ressort de forme anglaise pour enfants. Ce pack comprend les pinces num\u00e9ros #03, #05, #06, #07, #51S, #137, #139 pour une extraction compl\u00e8te et est livr\u00e9 dans un \u00e9tui de transport.\" \/>\n<meta property=\"og:url\" content=\"https:\/\/yoestudiosalud.es\/produit\/kit-forceps-extraccion-pediatricos\/\" \/>\n<meta property=\"og:site_name\" content=\"yoestudiosalud.es\" \/>\n<meta property=\"article:modified_time\" content=\"2025-06-25T21:17:18+00:00\" \/>\n<meta property=\"og:image\" content=\"https:\/\/yoestudiosalud.es\/wp-content\/uploads\/2018\/07\/02724B.jpg\" \/>\n\t<meta property=\"og:image:width\" content=\"650\" \/>\n\t<meta property=\"og:image:height\" content=\"650\" \/>\n\t<meta property=\"og:image:type\" content=\"image\/jpeg\" \/>\n<meta name=\"twitter:card\" content=\"summary_large_image\" \/>\n<script type=\"application\/ld+json\" class=\"yoast-schema-graph\">{\"@context\":\"https:\/\/schema.org\",\"@graph\":[{\"@type\":\"WebPage\",\"@id\":\"https:\/\/yoestudiosalud.es\/produit\/kit-forceps-extraccion-pediatricos\/\",\"url\":\"https:\/\/yoestudiosalud.es\/produit\/kit-forceps-extraccion-pediatricos\/\",\"name\":\"KIT DE 7 PINCES D\u00b4EXTRACTION PEDIATRIQUES - yoestudiosalud.es\",\"isPartOf\":{\"@id\":\"https:\/\/yoestudiosalud.es\/en\/#website\"},\"primaryImageOfPage\":{\"@id\":\"https:\/\/yoestudiosalud.es\/produit\/kit-forceps-extraccion-pediatricos\/#primaryimage\"},\"image\":{\"@id\":\"https:\/\/yoestudiosalud.es\/produit\/kit-forceps-extraccion-pediatricos\/#primaryimage\"},\"thumbnailUrl\":\"https:\/\/yoestudiosalud.es\/wp-content\/uploads\/2018\/07\/02724B.jpg\",\"datePublished\":\"2018-07-12T17:20:04+00:00\",\"dateModified\":\"2025-06-25T21:17:18+00:00\",\"description\":\"Kit de 7 pinces d'extraction p\u00e9diatriques. Pince \u00e0 ressort de forme anglaise pour enfants. Ce pack comprend les pinces num\u00e9ros #03, #05, #06, #07, #51S, #137, #139 pour une extraction compl\u00e8te et est livr\u00e9 dans un \u00e9tui de transport.\",\"breadcrumb\":{\"@id\":\"https:\/\/yoestudiosalud.es\/produit\/kit-forceps-extraccion-pediatricos\/#breadcrumb\"},\"inLanguage\":\"fr-FR\",\"potentialAction\":[{\"@type\":\"ReadAction\",\"target\":[\"https:\/\/yoestudiosalud.es\/produit\/kit-forceps-extraccion-pediatricos\/\"]}]},{\"@type\":\"ImageObject\",\"inLanguage\":\"fr-FR\",\"@id\":\"https:\/\/yoestudiosalud.es\/produit\/kit-forceps-extraccion-pediatricos\/#primaryimage\",\"url\":\"https:\/\/yoestudiosalud.es\/wp-content\/uploads\/2018\/07\/02724B.jpg\",\"contentUrl\":\"https:\/\/yoestudiosalud.es\/wp-content\/uploads\/2018\/07\/02724B.jpg\",\"width\":650,\"height\":650,\"caption\":\"KIT DE 7 PINCES D\u00b4EXTRACTION PEDIATRIQUES\"},{\"@type\":\"BreadcrumbList\",\"@id\":\"https:\/\/yoestudiosalud.es\/produit\/kit-forceps-extraccion-pediatricos\/#breadcrumb\",\"itemListElement\":[{\"@type\":\"ListItem\",\"position\":1,\"name\":\"Portada\",\"item\":\"https:\/\/yoestudiosalud.es\/fr\/\"},{\"@type\":\"ListItem\",\"position\":2,\"name\":\"Boutique\",\"item\":\"https:\/\/yoestudiosalud.es\/fr\/boutique\/\"},{\"@type\":\"ListItem\",\"position\":3,\"name\":\"KIT DE 7 PINCES D\u00b4EXTRACTION PEDIATRIQUES\"}]},{\"@type\":\"WebSite\",\"@id\":\"https:\/\/yoestudiosalud.es\/en\/#website\",\"url\":\"https:\/\/yoestudiosalud.es\/en\/\",\"name\":\"yoestudiosalud.es\",\"description\":\"Material para estudiantes del sector salud\",\"publisher\":{\"@id\":\"https:\/\/yoestudiosalud.es\/en\/#organization\"},\"potentialAction\":[{\"@type\":\"SearchAction\",\"target\":{\"@type\":\"EntryPoint\",\"urlTemplate\":\"https:\/\/yoestudiosalud.es\/en\/?s={search_term_string}\"},\"query-input\":{\"@type\":\"PropertyValueSpecification\",\"valueRequired\":true,\"valueName\":\"search_term_string\"}}],\"inLanguage\":\"fr-FR\"},{\"@type\":\"Organization\",\"@id\":\"https:\/\/yoestudiosalud.es\/en\/#organization\",\"name\":\"yoestudiosalud.es\",\"url\":\"https:\/\/yoestudiosalud.es\/en\/\",\"logo\":{\"@type\":\"ImageObject\",\"inLanguage\":\"fr-FR\",\"@id\":\"https:\/\/yoestudiosalud.es\/en\/#\/schema\/logo\/image\/\",\"url\":\"https:\/\/yoestudiosalud.es\/wp-content\/uploads\/2020\/04\/logonew-e1698080827687.png\",\"contentUrl\":\"https:\/\/yoestudiosalud.es\/wp-content\/uploads\/2020\/04\/logonew-e1698080827687.png\",\"width\":421,\"height\":393,\"caption\":\"yoestudiosalud.es\"},\"image\":{\"@id\":\"https:\/\/yoestudiosalud.es\/en\/#\/schema\/logo\/image\/\"}}]}<\/script>\n<!-- \/ Yoast SEO Premium plugin. -->","yoast_head_json":{"title":"KIT DE 7 PINCES D\u00b4EXTRACTION PEDIATRIQUES - yoestudiosalud.es","description":"Kit de 7 pinces d'extraction p\u00e9diatriques. Pince \u00e0 ressort de forme anglaise pour enfants. Ce pack comprend les pinces num\u00e9ros #03, #05, #06, #07, #51S, #137, #139 pour une extraction compl\u00e8te et est livr\u00e9 dans un \u00e9tui de transport.","robots":{"index":"index","follow":"follow","max-snippet":"max-snippet:-1","max-image-preview":"max-image-preview:large","max-video-preview":"max-video-preview:-1"},"canonical":"https:\/\/yoestudiosalud.es\/produit\/kit-forceps-extraccion-pediatricos\/","og_locale":"fr_FR","og_type":"article","og_title":"KIT DE 7 PINCES D\u00b4EXTRACTION PEDIATRIQUES","og_description":"Kit de 7 pinces d'extraction p\u00e9diatriques. Pince \u00e0 ressort de forme anglaise pour enfants. Ce pack comprend les pinces num\u00e9ros #03, #05, #06, #07, #51S, #137, #139 pour une extraction compl\u00e8te et est livr\u00e9 dans un \u00e9tui de transport.","og_url":"https:\/\/yoestudiosalud.es\/produit\/kit-forceps-extraccion-pediatricos\/","og_site_name":"yoestudiosalud.es","article_modified_time":"2025-06-25T21:17:18+00:00","og_image":[{"width":650,"height":650,"url":"https:\/\/yoestudiosalud.es\/wp-content\/uploads\/2018\/07\/02724B.jpg","type":"image\/jpeg"}],"twitter_card":"summary_large_image","schema":{"@context":"https:\/\/schema.org","@graph":[{"@type":"WebPage","@id":"https:\/\/yoestudiosalud.es\/produit\/kit-forceps-extraccion-pediatricos\/","url":"https:\/\/yoestudiosalud.es\/produit\/kit-forceps-extraccion-pediatricos\/","name":"KIT DE 7 PINCES D\u00b4EXTRACTION PEDIATRIQUES - yoestudiosalud.es","isPartOf":{"@id":"https:\/\/yoestudiosalud.es\/en\/#website"},"primaryImageOfPage":{"@id":"https:\/\/yoestudiosalud.es\/produit\/kit-forceps-extraccion-pediatricos\/#primaryimage"},"image":{"@id":"https:\/\/yoestudiosalud.es\/produit\/kit-forceps-extraccion-pediatricos\/#primaryimage"},"thumbnailUrl":"https:\/\/yoestudiosalud.es\/wp-content\/uploads\/2018\/07\/02724B.jpg","datePublished":"2018-07-12T17:20:04+00:00","dateModified":"2025-06-25T21:17:18+00:00","description":"Kit de 7 pinces d'extraction p\u00e9diatriques. Pince \u00e0 ressort de forme anglaise pour enfants. Ce pack comprend les pinces num\u00e9ros #03, #05, #06, #07, #51S, #137, #139 pour une extraction compl\u00e8te et est livr\u00e9 dans un \u00e9tui de transport.","breadcrumb":{"@id":"https:\/\/yoestudiosalud.es\/produit\/kit-forceps-extraccion-pediatricos\/#breadcrumb"},"inLanguage":"fr-FR","potentialAction":[{"@type":"ReadAction","target":["https:\/\/yoestudiosalud.es\/produit\/kit-forceps-extraccion-pediatricos\/"]}]},{"@type":"ImageObject","inLanguage":"fr-FR","@id":"https:\/\/yoestudiosalud.es\/produit\/kit-forceps-extraccion-pediatricos\/#primaryimage","url":"https:\/\/yoestudiosalud.es\/wp-content\/uploads\/2018\/07\/02724B.jpg","contentUrl":"https:\/\/yoestudiosalud.es\/wp-content\/uploads\/2018\/07\/02724B.jpg","width":650,"height":650,"caption":"KIT DE 7 PINCES D\u00b4EXTRACTION PEDIATRIQUES"},{"@type":"BreadcrumbList","@id":"https:\/\/yoestudiosalud.es\/produit\/kit-forceps-extraccion-pediatricos\/#breadcrumb","itemListElement":[{"@type":"ListItem","position":1,"name":"Portada","item":"https:\/\/yoestudiosalud.es\/fr\/"},{"@type":"ListItem","position":2,"name":"Boutique","item":"https:\/\/yoestudiosalud.es\/fr\/boutique\/"},{"@type":"ListItem","position":3,"name":"KIT DE 7 PINCES D\u00b4EXTRACTION PEDIATRIQUES"}]},{"@type":"WebSite","@id":"https:\/\/yoestudiosalud.es\/en\/#website","url":"https:\/\/yoestudiosalud.es\/en\/","name":"yoestudiosalud.es","description":"Material para estudiantes del sector salud","publisher":{"@id":"https:\/\/yoestudiosalud.es\/en\/#organization"},"potentialAction":[{"@type":"SearchAction","target":{"@type":"EntryPoint","urlTemplate":"https:\/\/yoestudiosalud.es\/en\/?s={search_term_string}"},"query-input":{"@type":"PropertyValueSpecification","valueRequired":true,"valueName":"search_term_string"}}],"inLanguage":"fr-FR"},{"@type":"Organization","@id":"https:\/\/yoestudiosalud.es\/en\/#organization","name":"yoestudiosalud.es","url":"https:\/\/yoestudiosalud.es\/en\/","logo":{"@type":"ImageObject","inLanguage":"fr-FR","@id":"https:\/\/yoestudiosalud.es\/en\/#\/schema\/logo\/image\/","url":"https:\/\/yoestudiosalud.es\/wp-content\/uploads\/2020\/04\/logonew-e1698080827687.png","contentUrl":"https:\/\/yoestudiosalud.es\/wp-content\/uploads\/2020\/04\/logonew-e1698080827687.png","width":421,"height":393,"caption":"yoestudiosalud.es"},"image":{"@id":"https:\/\/yoestudiosalud.es\/en\/#\/schema\/logo\/image\/"}}]}},"_links":{"self":[{"href":"https:\/\/yoestudiosalud.es\/fr\/wp-json\/wp\/v2\/product\/26292","targetHints":{"allow":["GET"]}}],"collection":[{"href":"https:\/\/yoestudiosalud.es\/fr\/wp-json\/wp\/v2\/product"}],"about":[{"href":"https:\/\/yoestudiosalud.es\/fr\/wp-json\/wp\/v2\/types\/product"}],"wp:featuredmedia":[{"embeddable":true,"href":"https:\/\/yoestudiosalud.es\/fr\/wp-json\/wp\/v2\/media\/26293"}],"wp:attachment":[{"href":"https:\/\/yoestudiosalud.es\/fr\/wp-json\/wp\/v2\/media?parent=26292"}],"wp:term":[{"taxonomy":"product_brand","embeddable":true,"href":"https:\/\/yoestudiosalud.es\/fr\/wp-json\/wp\/v2\/product_brand?post=26292"},{"taxonomy":"product_cat","embeddable":true,"href":"https:\/\/yoestudiosalud.es\/fr\/wp-json\/wp\/v2\/product_cat?post=26292"},{"taxonomy":"product_tag","embeddable":true,"href":"https:\/\/yoestudiosalud.es\/fr\/wp-json\/wp\/v2\/product_tag?post=26292"}],"curies":[{"name":"wp","href":"https:\/\/api.w.org\/{rel}","templated":true}]}}