{"id":26288,"date":"2018-07-12T17:20:03","date_gmt":"2018-07-12T17:20:03","guid":{"rendered":"https:\/\/yoestudiosalud.es\/producto\/torche-a-gaz-2\/"},"modified":"2025-06-25T23:18:39","modified_gmt":"2025-06-25T21:18:39","slug":"torche-a-gaz-2","status":"publish","type":"product","link":"https:\/\/yoestudiosalud.es\/fr\/produit\/torche-a-gaz-2\/","title":{"rendered":"TORCHE \u00c1 GAZ 12 cm"},"content":{"rendered":"<p>Torche \u00e0 gaz rechargeable avec un syst\u00e8me de s\u00e9curit\u00e9 Lock. 12 cm<\/p>\n<p>Flamme bleue, stable, r\u00e9glable et qui atteint des temp\u00e9ratures sup\u00e9rieures \u00e0 1900 \u00baC.<\/p>\n<p>Produit par la marque LifeStyle.<\/p>\n","protected":false},"excerpt":{"rendered":"<p>Torche \u00e0 gaz rechargeable avec un syst\u00e8me de s\u00e9curit\u00e9 Lock. 12 cm<\/p>\n<p>Flamme bleue, stable, r\u00e9glable et qui atteint des temp\u00e9ratures sup\u00e9rieures \u00e0 1900 \u00baC.<\/p>\n","protected":false},"featured_media":26290,"template":"","meta":[],"product_brand":[],"product_cat":[667],"product_tag":[668,689,706,763],"class_list":{"0":"post-26288","1":"product","2":"type-product","3":"status-publish","4":"has-post-thumbnail","6":"product_cat-uncategorized-fr","7":"product_tag-ceu2","8":"product_tag-ucv3","9":"product_tag-ucm2-fr","10":"product_tag-uev3","11":"pa_formacion-veterinaria-fr","12":"pa_formacion-medicina-fr","13":"pa_formacion-odontologia-fr","15":"first","16":"instock","17":"taxable","18":"shipping-taxable","19":"purchasable","20":"product-type-simple"},"yoast_head":"<!-- This site is optimized with the Yoast SEO Premium plugin v27.0 (Yoast SEO v27.2) - https:\/\/yoast.com\/product\/yoast-seo-premium-wordpress\/ -->\n<title>TORCHE \u00c1 GAZ 12 cm - yoestudiosalud.es<\/title>\n<meta name=\"description\" content=\"Torche \u00e0 gaz rechargeable avec un syst\u00e8me de s\u00e9curit\u00e9 Lock. 12 cm\u00a0 Flamme bleue, stable, r\u00e9glable et qui atteint des temp\u00e9ratures sup\u00e9rieures \u00e0 1900 \u00baC.\" \/>\n<meta name=\"robots\" content=\"index, follow, max-snippet:-1, max-image-preview:large, max-video-preview:-1\" \/>\n<link rel=\"canonical\" href=\"https:\/\/yoestudiosalud.es\/produit\/soplete-a-gas-12-cm\/\" \/>\n<meta property=\"og:locale\" content=\"fr_FR\" \/>\n<meta property=\"og:type\" content=\"article\" \/>\n<meta property=\"og:title\" content=\"TORCHE \u00c1 GAZ 12 cm\" \/>\n<meta property=\"og:description\" content=\"Torche \u00e0 gaz rechargeable avec un syst\u00e8me de s\u00e9curit\u00e9 Lock. 12 cm\u00a0 Flamme bleue, stable, r\u00e9glable et qui atteint des temp\u00e9ratures sup\u00e9rieures \u00e0 1900 \u00baC.\" \/>\n<meta property=\"og:url\" content=\"https:\/\/yoestudiosalud.es\/produit\/soplete-a-gas-12-cm\/\" \/>\n<meta property=\"og:site_name\" content=\"yoestudiosalud.es\" \/>\n<meta property=\"article:modified_time\" content=\"2025-06-25T21:18:39+00:00\" \/>\n<meta property=\"og:image\" content=\"https:\/\/yoestudiosalud.es\/wp-content\/uploads\/2018\/07\/002189-1.jpg\" \/>\n\t<meta property=\"og:image:width\" content=\"650\" \/>\n\t<meta property=\"og:image:height\" content=\"650\" \/>\n\t<meta property=\"og:image:type\" content=\"image\/jpeg\" \/>\n<meta name=\"twitter:card\" content=\"summary_large_image\" \/>\n<script type=\"application\/ld+json\" class=\"yoast-schema-graph\">{\"@context\":\"https:\/\/schema.org\",\"@graph\":[{\"@type\":\"WebPage\",\"@id\":\"https:\/\/yoestudiosalud.es\/produit\/soplete-a-gas-12-cm\/\",\"url\":\"https:\/\/yoestudiosalud.es\/produit\/soplete-a-gas-12-cm\/\",\"name\":\"TORCHE \u00c1 GAZ 12 cm - yoestudiosalud.es\",\"isPartOf\":{\"@id\":\"https:\/\/yoestudiosalud.es\/en\/#website\"},\"primaryImageOfPage\":{\"@id\":\"https:\/\/yoestudiosalud.es\/produit\/soplete-a-gas-12-cm\/#primaryimage\"},\"image\":{\"@id\":\"https:\/\/yoestudiosalud.es\/produit\/soplete-a-gas-12-cm\/#primaryimage\"},\"thumbnailUrl\":\"https:\/\/yoestudiosalud.es\/wp-content\/uploads\/2018\/07\/002189-1.jpg\",\"datePublished\":\"2018-07-12T17:20:03+00:00\",\"dateModified\":\"2025-06-25T21:18:39+00:00\",\"description\":\"Torche \u00e0 gaz rechargeable avec un syst\u00e8me de s\u00e9curit\u00e9 Lock. 12 cm\u00a0 Flamme bleue, stable, r\u00e9glable et qui atteint des temp\u00e9ratures sup\u00e9rieures \u00e0 1900 \u00baC.\",\"breadcrumb\":{\"@id\":\"https:\/\/yoestudiosalud.es\/produit\/soplete-a-gas-12-cm\/#breadcrumb\"},\"inLanguage\":\"fr-FR\",\"potentialAction\":[{\"@type\":\"ReadAction\",\"target\":[\"https:\/\/yoestudiosalud.es\/produit\/soplete-a-gas-12-cm\/\"]}]},{\"@type\":\"ImageObject\",\"inLanguage\":\"fr-FR\",\"@id\":\"https:\/\/yoestudiosalud.es\/produit\/soplete-a-gas-12-cm\/#primaryimage\",\"url\":\"https:\/\/yoestudiosalud.es\/wp-content\/uploads\/2018\/07\/002189-1.jpg\",\"contentUrl\":\"https:\/\/yoestudiosalud.es\/wp-content\/uploads\/2018\/07\/002189-1.jpg\",\"width\":650,\"height\":650,\"caption\":\"TORCHE \u00c1 GAZ 12 cm\"},{\"@type\":\"BreadcrumbList\",\"@id\":\"https:\/\/yoestudiosalud.es\/produit\/soplete-a-gas-12-cm\/#breadcrumb\",\"itemListElement\":[{\"@type\":\"ListItem\",\"position\":1,\"name\":\"Portada\",\"item\":\"https:\/\/yoestudiosalud.es\/fr\/\"},{\"@type\":\"ListItem\",\"position\":2,\"name\":\"Boutique\",\"item\":\"https:\/\/yoestudiosalud.es\/fr\/boutique\/\"},{\"@type\":\"ListItem\",\"position\":3,\"name\":\"TORCHE \u00c1 GAZ 12 cm\"}]},{\"@type\":\"WebSite\",\"@id\":\"https:\/\/yoestudiosalud.es\/en\/#website\",\"url\":\"https:\/\/yoestudiosalud.es\/en\/\",\"name\":\"yoestudiosalud.es\",\"description\":\"Material para estudiantes del sector salud\",\"publisher\":{\"@id\":\"https:\/\/yoestudiosalud.es\/en\/#organization\"},\"potentialAction\":[{\"@type\":\"SearchAction\",\"target\":{\"@type\":\"EntryPoint\",\"urlTemplate\":\"https:\/\/yoestudiosalud.es\/en\/?s={search_term_string}\"},\"query-input\":{\"@type\":\"PropertyValueSpecification\",\"valueRequired\":true,\"valueName\":\"search_term_string\"}}],\"inLanguage\":\"fr-FR\"},{\"@type\":\"Organization\",\"@id\":\"https:\/\/yoestudiosalud.es\/en\/#organization\",\"name\":\"yoestudiosalud.es\",\"url\":\"https:\/\/yoestudiosalud.es\/en\/\",\"logo\":{\"@type\":\"ImageObject\",\"inLanguage\":\"fr-FR\",\"@id\":\"https:\/\/yoestudiosalud.es\/en\/#\/schema\/logo\/image\/\",\"url\":\"https:\/\/yoestudiosalud.es\/wp-content\/uploads\/2020\/04\/logonew-e1698080827687.png\",\"contentUrl\":\"https:\/\/yoestudiosalud.es\/wp-content\/uploads\/2020\/04\/logonew-e1698080827687.png\",\"width\":421,\"height\":393,\"caption\":\"yoestudiosalud.es\"},\"image\":{\"@id\":\"https:\/\/yoestudiosalud.es\/en\/#\/schema\/logo\/image\/\"}}]}<\/script>\n<!-- \/ Yoast SEO Premium plugin. -->","yoast_head_json":{"title":"TORCHE \u00c1 GAZ 12 cm - yoestudiosalud.es","description":"Torche \u00e0 gaz rechargeable avec un syst\u00e8me de s\u00e9curit\u00e9 Lock. 12 cm\u00a0 Flamme bleue, stable, r\u00e9glable et qui atteint des temp\u00e9ratures sup\u00e9rieures \u00e0 1900 \u00baC.","robots":{"index":"index","follow":"follow","max-snippet":"max-snippet:-1","max-image-preview":"max-image-preview:large","max-video-preview":"max-video-preview:-1"},"canonical":"https:\/\/yoestudiosalud.es\/produit\/soplete-a-gas-12-cm\/","og_locale":"fr_FR","og_type":"article","og_title":"TORCHE \u00c1 GAZ 12 cm","og_description":"Torche \u00e0 gaz rechargeable avec un syst\u00e8me de s\u00e9curit\u00e9 Lock. 12 cm\u00a0 Flamme bleue, stable, r\u00e9glable et qui atteint des temp\u00e9ratures sup\u00e9rieures \u00e0 1900 \u00baC.","og_url":"https:\/\/yoestudiosalud.es\/produit\/soplete-a-gas-12-cm\/","og_site_name":"yoestudiosalud.es","article_modified_time":"2025-06-25T21:18:39+00:00","og_image":[{"width":650,"height":650,"url":"https:\/\/yoestudiosalud.es\/wp-content\/uploads\/2018\/07\/002189-1.jpg","type":"image\/jpeg"}],"twitter_card":"summary_large_image","schema":{"@context":"https:\/\/schema.org","@graph":[{"@type":"WebPage","@id":"https:\/\/yoestudiosalud.es\/produit\/soplete-a-gas-12-cm\/","url":"https:\/\/yoestudiosalud.es\/produit\/soplete-a-gas-12-cm\/","name":"TORCHE \u00c1 GAZ 12 cm - yoestudiosalud.es","isPartOf":{"@id":"https:\/\/yoestudiosalud.es\/en\/#website"},"primaryImageOfPage":{"@id":"https:\/\/yoestudiosalud.es\/produit\/soplete-a-gas-12-cm\/#primaryimage"},"image":{"@id":"https:\/\/yoestudiosalud.es\/produit\/soplete-a-gas-12-cm\/#primaryimage"},"thumbnailUrl":"https:\/\/yoestudiosalud.es\/wp-content\/uploads\/2018\/07\/002189-1.jpg","datePublished":"2018-07-12T17:20:03+00:00","dateModified":"2025-06-25T21:18:39+00:00","description":"Torche \u00e0 gaz rechargeable avec un syst\u00e8me de s\u00e9curit\u00e9 Lock. 12 cm\u00a0 Flamme bleue, stable, r\u00e9glable et qui atteint des temp\u00e9ratures sup\u00e9rieures \u00e0 1900 \u00baC.","breadcrumb":{"@id":"https:\/\/yoestudiosalud.es\/produit\/soplete-a-gas-12-cm\/#breadcrumb"},"inLanguage":"fr-FR","potentialAction":[{"@type":"ReadAction","target":["https:\/\/yoestudiosalud.es\/produit\/soplete-a-gas-12-cm\/"]}]},{"@type":"ImageObject","inLanguage":"fr-FR","@id":"https:\/\/yoestudiosalud.es\/produit\/soplete-a-gas-12-cm\/#primaryimage","url":"https:\/\/yoestudiosalud.es\/wp-content\/uploads\/2018\/07\/002189-1.jpg","contentUrl":"https:\/\/yoestudiosalud.es\/wp-content\/uploads\/2018\/07\/002189-1.jpg","width":650,"height":650,"caption":"TORCHE \u00c1 GAZ 12 cm"},{"@type":"BreadcrumbList","@id":"https:\/\/yoestudiosalud.es\/produit\/soplete-a-gas-12-cm\/#breadcrumb","itemListElement":[{"@type":"ListItem","position":1,"name":"Portada","item":"https:\/\/yoestudiosalud.es\/fr\/"},{"@type":"ListItem","position":2,"name":"Boutique","item":"https:\/\/yoestudiosalud.es\/fr\/boutique\/"},{"@type":"ListItem","position":3,"name":"TORCHE \u00c1 GAZ 12 cm"}]},{"@type":"WebSite","@id":"https:\/\/yoestudiosalud.es\/en\/#website","url":"https:\/\/yoestudiosalud.es\/en\/","name":"yoestudiosalud.es","description":"Material para estudiantes del sector salud","publisher":{"@id":"https:\/\/yoestudiosalud.es\/en\/#organization"},"potentialAction":[{"@type":"SearchAction","target":{"@type":"EntryPoint","urlTemplate":"https:\/\/yoestudiosalud.es\/en\/?s={search_term_string}"},"query-input":{"@type":"PropertyValueSpecification","valueRequired":true,"valueName":"search_term_string"}}],"inLanguage":"fr-FR"},{"@type":"Organization","@id":"https:\/\/yoestudiosalud.es\/en\/#organization","name":"yoestudiosalud.es","url":"https:\/\/yoestudiosalud.es\/en\/","logo":{"@type":"ImageObject","inLanguage":"fr-FR","@id":"https:\/\/yoestudiosalud.es\/en\/#\/schema\/logo\/image\/","url":"https:\/\/yoestudiosalud.es\/wp-content\/uploads\/2020\/04\/logonew-e1698080827687.png","contentUrl":"https:\/\/yoestudiosalud.es\/wp-content\/uploads\/2020\/04\/logonew-e1698080827687.png","width":421,"height":393,"caption":"yoestudiosalud.es"},"image":{"@id":"https:\/\/yoestudiosalud.es\/en\/#\/schema\/logo\/image\/"}}]}},"_links":{"self":[{"href":"https:\/\/yoestudiosalud.es\/fr\/wp-json\/wp\/v2\/product\/26288","targetHints":{"allow":["GET"]}}],"collection":[{"href":"https:\/\/yoestudiosalud.es\/fr\/wp-json\/wp\/v2\/product"}],"about":[{"href":"https:\/\/yoestudiosalud.es\/fr\/wp-json\/wp\/v2\/types\/product"}],"wp:featuredmedia":[{"embeddable":true,"href":"https:\/\/yoestudiosalud.es\/fr\/wp-json\/wp\/v2\/media\/26290"}],"wp:attachment":[{"href":"https:\/\/yoestudiosalud.es\/fr\/wp-json\/wp\/v2\/media?parent=26288"}],"wp:term":[{"taxonomy":"product_brand","embeddable":true,"href":"https:\/\/yoestudiosalud.es\/fr\/wp-json\/wp\/v2\/product_brand?post=26288"},{"taxonomy":"product_cat","embeddable":true,"href":"https:\/\/yoestudiosalud.es\/fr\/wp-json\/wp\/v2\/product_cat?post=26288"},{"taxonomy":"product_tag","embeddable":true,"href":"https:\/\/yoestudiosalud.es\/fr\/wp-json\/wp\/v2\/product_tag?post=26288"}],"curies":[{"name":"wp","href":"https:\/\/api.w.org\/{rel}","templated":true}]}}