{"id":26279,"date":"2018-07-12T17:20:03","date_gmt":"2018-07-12T17:20:03","guid":{"rendered":"https:\/\/yoestudiosalud.es\/producto\/plateau-de-sterilisation-pour-10-instruments\/"},"modified":"2025-06-25T23:19:14","modified_gmt":"2025-06-25T21:19:14","slug":"plateau-de-sterilisation-pour-10-instruments","status":"publish","type":"product","link":"https:\/\/yoestudiosalud.es\/fr\/produit\/plateau-de-sterilisation-pour-10-instruments\/","title":{"rendered":"PLATEAU DE ST\u00c9RILISATION POUR 10 INSTRUMENTS"},"content":{"rendered":"<p>Plateau en acier pour la st\u00e9rilisation des instruments. Capacit\u00e9 20 instruments, dimensions 180x130x22 mm<\/p>\n<p>Ces plateaux sont dot\u00e9s de s\u00e9parateurs en plastique, de plaques perfor\u00e9es avec un verrou qui maintient tous les instruments fix\u00e9s \u00e0 l&#8217;int\u00e9rieur pendant l&#8217;autoclavage.<\/p>\n","protected":false},"excerpt":{"rendered":"<p>Plateau en acier pour la st\u00e9rilisation des instruments. Capacit\u00e9 20 instruments, dimensions 180x130x22 mm<\/p>\n<p>Ces plateaux sont dot\u00e9s de s\u00e9parateurs en plastique, de plaques perfor\u00e9es avec un verrou qui maintient tous les instruments fix\u00e9s \u00e0 l&#8217;int\u00e9rieur pendant l&#8217;autoclavage.<\/p>\n","protected":false},"featured_media":26281,"template":"","meta":[],"product_brand":[],"product_cat":[698],"product_tag":[704],"class_list":{"0":"post-26279","1":"product","2":"type-product","3":"status-publish","4":"has-post-thumbnail","6":"product_cat-organisation-fr","7":"product_tag-ceumr","8":"pa_formacion-veterinaria-fr","9":"pa_formacion-medicina-fr","10":"pa_formacion-odontologia-fr","11":"pa_universidades-ceu-fr","13":"first","14":"instock","15":"sale","16":"taxable","17":"shipping-taxable","18":"purchasable","19":"product-type-simple"},"yoast_head":"<!-- This site is optimized with the Yoast SEO Premium plugin v27.0 (Yoast SEO v27.2) - https:\/\/yoast.com\/product\/yoast-seo-premium-wordpress\/ -->\n<title>PLATEAU DE ST\u00c9RILISATION POUR 10 INSTRUMENTS | yoestudiosalud.es<\/title>\n<meta name=\"description\" content=\"Plateau en acier pour la st\u00e9rilisation des instruments. Capacit\u00e9 20 instruments, dimensions 180x130x22 mm Ces plateaux sont dot\u00e9s de s\u00e9parateurs en plastique, de plaques perfor\u00e9es avec un verrou qui maintient tous les instruments fix\u00e9s \u00e0 l&#039;int\u00e9rieur pendant l&#039;autoclavage.\" \/>\n<meta name=\"robots\" content=\"index, follow, max-snippet:-1, max-image-preview:large, max-video-preview:-1\" \/>\n<link rel=\"canonical\" href=\"https:\/\/yoestudiosalud.es\/produit\/bandeja-para-esterilizacin-10-instrumentos\/\" \/>\n<meta property=\"og:locale\" content=\"fr_FR\" \/>\n<meta property=\"og:type\" content=\"article\" \/>\n<meta property=\"og:title\" content=\"PLATEAU DE ST\u00c9RILISATION POUR 10 INSTRUMENTS\" \/>\n<meta property=\"og:description\" content=\"Plateau en acier pour la st\u00e9rilisation des instruments. Capacit\u00e9 20 instruments, dimensions 180x130x22 mm Ces plateaux sont dot\u00e9s de s\u00e9parateurs en plastique, de plaques perfor\u00e9es avec un verrou qui maintient tous les instruments fix\u00e9s \u00e0 l&#039;int\u00e9rieur pendant l&#039;autoclavage.\" \/>\n<meta property=\"og:url\" content=\"https:\/\/yoestudiosalud.es\/produit\/bandeja-para-esterilizacin-10-instrumentos\/\" \/>\n<meta property=\"og:site_name\" content=\"yoestudiosalud.es\" \/>\n<meta property=\"article:modified_time\" content=\"2025-06-25T21:19:14+00:00\" \/>\n<meta property=\"og:image\" content=\"https:\/\/yoestudiosalud.es\/wp-content\/uploads\/2018\/07\/001781B.jpg\" \/>\n\t<meta property=\"og:image:width\" content=\"650\" \/>\n\t<meta property=\"og:image:height\" content=\"650\" \/>\n\t<meta property=\"og:image:type\" content=\"image\/jpeg\" \/>\n<meta name=\"twitter:card\" content=\"summary_large_image\" \/>\n<script type=\"application\/ld+json\" class=\"yoast-schema-graph\">{\"@context\":\"https:\/\/schema.org\",\"@graph\":[{\"@type\":\"WebPage\",\"@id\":\"https:\/\/yoestudiosalud.es\/produit\/bandeja-para-esterilizacin-10-instrumentos\/\",\"url\":\"https:\/\/yoestudiosalud.es\/produit\/bandeja-para-esterilizacin-10-instrumentos\/\",\"name\":\"PLATEAU DE ST\u00c9RILISATION POUR 10 INSTRUMENTS | yoestudiosalud.es\",\"isPartOf\":{\"@id\":\"https:\/\/yoestudiosalud.es\/en\/#website\"},\"primaryImageOfPage\":{\"@id\":\"https:\/\/yoestudiosalud.es\/produit\/bandeja-para-esterilizacin-10-instrumentos\/#primaryimage\"},\"image\":{\"@id\":\"https:\/\/yoestudiosalud.es\/produit\/bandeja-para-esterilizacin-10-instrumentos\/#primaryimage\"},\"thumbnailUrl\":\"https:\/\/yoestudiosalud.es\/wp-content\/uploads\/2018\/07\/001781B.jpg\",\"datePublished\":\"2018-07-12T17:20:03+00:00\",\"dateModified\":\"2025-06-25T21:19:14+00:00\",\"description\":\"Plateau en acier pour la st\u00e9rilisation des instruments. Capacit\u00e9 20 instruments, dimensions 180x130x22 mm Ces plateaux sont dot\u00e9s de s\u00e9parateurs en plastique, de plaques perfor\u00e9es avec un verrou qui maintient tous les instruments fix\u00e9s \u00e0 l'int\u00e9rieur pendant l'autoclavage.\",\"breadcrumb\":{\"@id\":\"https:\/\/yoestudiosalud.es\/produit\/bandeja-para-esterilizacin-10-instrumentos\/#breadcrumb\"},\"inLanguage\":\"fr-FR\",\"potentialAction\":[{\"@type\":\"ReadAction\",\"target\":[\"https:\/\/yoestudiosalud.es\/produit\/bandeja-para-esterilizacin-10-instrumentos\/\"]}]},{\"@type\":\"ImageObject\",\"inLanguage\":\"fr-FR\",\"@id\":\"https:\/\/yoestudiosalud.es\/produit\/bandeja-para-esterilizacin-10-instrumentos\/#primaryimage\",\"url\":\"https:\/\/yoestudiosalud.es\/wp-content\/uploads\/2018\/07\/001781B.jpg\",\"contentUrl\":\"https:\/\/yoestudiosalud.es\/wp-content\/uploads\/2018\/07\/001781B.jpg\",\"width\":650,\"height\":650,\"caption\":\"PLATEAU DE ST\u00c9RILISATION POUR 10 INSTRUMENTS\"},{\"@type\":\"BreadcrumbList\",\"@id\":\"https:\/\/yoestudiosalud.es\/produit\/bandeja-para-esterilizacin-10-instrumentos\/#breadcrumb\",\"itemListElement\":[{\"@type\":\"ListItem\",\"position\":1,\"name\":\"Portada\",\"item\":\"https:\/\/yoestudiosalud.es\/fr\/\"},{\"@type\":\"ListItem\",\"position\":2,\"name\":\"Boutique\",\"item\":\"https:\/\/yoestudiosalud.es\/fr\/boutique\/\"},{\"@type\":\"ListItem\",\"position\":3,\"name\":\"PLATEAU DE ST\u00c9RILISATION POUR 10 INSTRUMENTS\"}]},{\"@type\":\"WebSite\",\"@id\":\"https:\/\/yoestudiosalud.es\/en\/#website\",\"url\":\"https:\/\/yoestudiosalud.es\/en\/\",\"name\":\"yoestudiosalud.es\",\"description\":\"Material para estudiantes del sector salud\",\"publisher\":{\"@id\":\"https:\/\/yoestudiosalud.es\/en\/#organization\"},\"potentialAction\":[{\"@type\":\"SearchAction\",\"target\":{\"@type\":\"EntryPoint\",\"urlTemplate\":\"https:\/\/yoestudiosalud.es\/en\/?s={search_term_string}\"},\"query-input\":{\"@type\":\"PropertyValueSpecification\",\"valueRequired\":true,\"valueName\":\"search_term_string\"}}],\"inLanguage\":\"fr-FR\"},{\"@type\":\"Organization\",\"@id\":\"https:\/\/yoestudiosalud.es\/en\/#organization\",\"name\":\"yoestudiosalud.es\",\"url\":\"https:\/\/yoestudiosalud.es\/en\/\",\"logo\":{\"@type\":\"ImageObject\",\"inLanguage\":\"fr-FR\",\"@id\":\"https:\/\/yoestudiosalud.es\/en\/#\/schema\/logo\/image\/\",\"url\":\"https:\/\/yoestudiosalud.es\/wp-content\/uploads\/2020\/04\/logonew-e1698080827687.png\",\"contentUrl\":\"https:\/\/yoestudiosalud.es\/wp-content\/uploads\/2020\/04\/logonew-e1698080827687.png\",\"width\":421,\"height\":393,\"caption\":\"yoestudiosalud.es\"},\"image\":{\"@id\":\"https:\/\/yoestudiosalud.es\/en\/#\/schema\/logo\/image\/\"}}]}<\/script>\n<!-- \/ Yoast SEO Premium plugin. -->","yoast_head_json":{"title":"PLATEAU DE ST\u00c9RILISATION POUR 10 INSTRUMENTS | yoestudiosalud.es","description":"Plateau en acier pour la st\u00e9rilisation des instruments. Capacit\u00e9 20 instruments, dimensions 180x130x22 mm Ces plateaux sont dot\u00e9s de s\u00e9parateurs en plastique, de plaques perfor\u00e9es avec un verrou qui maintient tous les instruments fix\u00e9s \u00e0 l'int\u00e9rieur pendant l'autoclavage.","robots":{"index":"index","follow":"follow","max-snippet":"max-snippet:-1","max-image-preview":"max-image-preview:large","max-video-preview":"max-video-preview:-1"},"canonical":"https:\/\/yoestudiosalud.es\/produit\/bandeja-para-esterilizacin-10-instrumentos\/","og_locale":"fr_FR","og_type":"article","og_title":"PLATEAU DE ST\u00c9RILISATION POUR 10 INSTRUMENTS","og_description":"Plateau en acier pour la st\u00e9rilisation des instruments. Capacit\u00e9 20 instruments, dimensions 180x130x22 mm Ces plateaux sont dot\u00e9s de s\u00e9parateurs en plastique, de plaques perfor\u00e9es avec un verrou qui maintient tous les instruments fix\u00e9s \u00e0 l'int\u00e9rieur pendant l'autoclavage.","og_url":"https:\/\/yoestudiosalud.es\/produit\/bandeja-para-esterilizacin-10-instrumentos\/","og_site_name":"yoestudiosalud.es","article_modified_time":"2025-06-25T21:19:14+00:00","og_image":[{"width":650,"height":650,"url":"https:\/\/yoestudiosalud.es\/wp-content\/uploads\/2018\/07\/001781B.jpg","type":"image\/jpeg"}],"twitter_card":"summary_large_image","schema":{"@context":"https:\/\/schema.org","@graph":[{"@type":"WebPage","@id":"https:\/\/yoestudiosalud.es\/produit\/bandeja-para-esterilizacin-10-instrumentos\/","url":"https:\/\/yoestudiosalud.es\/produit\/bandeja-para-esterilizacin-10-instrumentos\/","name":"PLATEAU DE ST\u00c9RILISATION POUR 10 INSTRUMENTS | yoestudiosalud.es","isPartOf":{"@id":"https:\/\/yoestudiosalud.es\/en\/#website"},"primaryImageOfPage":{"@id":"https:\/\/yoestudiosalud.es\/produit\/bandeja-para-esterilizacin-10-instrumentos\/#primaryimage"},"image":{"@id":"https:\/\/yoestudiosalud.es\/produit\/bandeja-para-esterilizacin-10-instrumentos\/#primaryimage"},"thumbnailUrl":"https:\/\/yoestudiosalud.es\/wp-content\/uploads\/2018\/07\/001781B.jpg","datePublished":"2018-07-12T17:20:03+00:00","dateModified":"2025-06-25T21:19:14+00:00","description":"Plateau en acier pour la st\u00e9rilisation des instruments. Capacit\u00e9 20 instruments, dimensions 180x130x22 mm Ces plateaux sont dot\u00e9s de s\u00e9parateurs en plastique, de plaques perfor\u00e9es avec un verrou qui maintient tous les instruments fix\u00e9s \u00e0 l'int\u00e9rieur pendant l'autoclavage.","breadcrumb":{"@id":"https:\/\/yoestudiosalud.es\/produit\/bandeja-para-esterilizacin-10-instrumentos\/#breadcrumb"},"inLanguage":"fr-FR","potentialAction":[{"@type":"ReadAction","target":["https:\/\/yoestudiosalud.es\/produit\/bandeja-para-esterilizacin-10-instrumentos\/"]}]},{"@type":"ImageObject","inLanguage":"fr-FR","@id":"https:\/\/yoestudiosalud.es\/produit\/bandeja-para-esterilizacin-10-instrumentos\/#primaryimage","url":"https:\/\/yoestudiosalud.es\/wp-content\/uploads\/2018\/07\/001781B.jpg","contentUrl":"https:\/\/yoestudiosalud.es\/wp-content\/uploads\/2018\/07\/001781B.jpg","width":650,"height":650,"caption":"PLATEAU DE ST\u00c9RILISATION POUR 10 INSTRUMENTS"},{"@type":"BreadcrumbList","@id":"https:\/\/yoestudiosalud.es\/produit\/bandeja-para-esterilizacin-10-instrumentos\/#breadcrumb","itemListElement":[{"@type":"ListItem","position":1,"name":"Portada","item":"https:\/\/yoestudiosalud.es\/fr\/"},{"@type":"ListItem","position":2,"name":"Boutique","item":"https:\/\/yoestudiosalud.es\/fr\/boutique\/"},{"@type":"ListItem","position":3,"name":"PLATEAU DE ST\u00c9RILISATION POUR 10 INSTRUMENTS"}]},{"@type":"WebSite","@id":"https:\/\/yoestudiosalud.es\/en\/#website","url":"https:\/\/yoestudiosalud.es\/en\/","name":"yoestudiosalud.es","description":"Material para estudiantes del sector salud","publisher":{"@id":"https:\/\/yoestudiosalud.es\/en\/#organization"},"potentialAction":[{"@type":"SearchAction","target":{"@type":"EntryPoint","urlTemplate":"https:\/\/yoestudiosalud.es\/en\/?s={search_term_string}"},"query-input":{"@type":"PropertyValueSpecification","valueRequired":true,"valueName":"search_term_string"}}],"inLanguage":"fr-FR"},{"@type":"Organization","@id":"https:\/\/yoestudiosalud.es\/en\/#organization","name":"yoestudiosalud.es","url":"https:\/\/yoestudiosalud.es\/en\/","logo":{"@type":"ImageObject","inLanguage":"fr-FR","@id":"https:\/\/yoestudiosalud.es\/en\/#\/schema\/logo\/image\/","url":"https:\/\/yoestudiosalud.es\/wp-content\/uploads\/2020\/04\/logonew-e1698080827687.png","contentUrl":"https:\/\/yoestudiosalud.es\/wp-content\/uploads\/2020\/04\/logonew-e1698080827687.png","width":421,"height":393,"caption":"yoestudiosalud.es"},"image":{"@id":"https:\/\/yoestudiosalud.es\/en\/#\/schema\/logo\/image\/"}}]}},"_links":{"self":[{"href":"https:\/\/yoestudiosalud.es\/fr\/wp-json\/wp\/v2\/product\/26279","targetHints":{"allow":["GET"]}}],"collection":[{"href":"https:\/\/yoestudiosalud.es\/fr\/wp-json\/wp\/v2\/product"}],"about":[{"href":"https:\/\/yoestudiosalud.es\/fr\/wp-json\/wp\/v2\/types\/product"}],"wp:featuredmedia":[{"embeddable":true,"href":"https:\/\/yoestudiosalud.es\/fr\/wp-json\/wp\/v2\/media\/26281"}],"wp:attachment":[{"href":"https:\/\/yoestudiosalud.es\/fr\/wp-json\/wp\/v2\/media?parent=26279"}],"wp:term":[{"taxonomy":"product_brand","embeddable":true,"href":"https:\/\/yoestudiosalud.es\/fr\/wp-json\/wp\/v2\/product_brand?post=26279"},{"taxonomy":"product_cat","embeddable":true,"href":"https:\/\/yoestudiosalud.es\/fr\/wp-json\/wp\/v2\/product_cat?post=26279"},{"taxonomy":"product_tag","embeddable":true,"href":"https:\/\/yoestudiosalud.es\/fr\/wp-json\/wp\/v2\/product_tag?post=26279"}],"curies":[{"name":"wp","href":"https:\/\/api.w.org\/{rel}","templated":true}]}}