{"id":26260,"date":"2018-07-12T17:20:02","date_gmt":"2018-07-12T17:20:02","guid":{"rendered":"https:\/\/yoestudiosalud.es\/producto\/lampe-a-alcool\/"},"modified":"2025-06-25T23:20:35","modified_gmt":"2025-06-25T21:20:35","slug":"lampe-a-alcool","status":"publish","type":"product","link":"https:\/\/yoestudiosalud.es\/fr\/produit\/lampe-a-alcool\/","title":{"rendered":"LAMPE \u00c0 ALCOOL"},"content":{"rendered":"<p>Lampe \u00e0 alcool avec un r\u00e9cipient de verre.<\/p>\n<p>Ce produit comprend un r\u00e9cipient dot\u00e9 d&#8217;un capuchon perfor\u00e9 avec une m\u00e8che traversante et un couvercle d&#8217;arr\u00eat. Produit certifi\u00e9 avec des labels de qualit\u00e9 et de s\u00e9curit\u00e9.<\/p>\n","protected":false},"excerpt":{"rendered":"<p>Lampe \u00e0 alcool avec un r\u00e9cipient de verre.<\/p>\n","protected":false},"featured_media":26261,"template":"","meta":[],"product_brand":[],"product_cat":[669],"product_tag":[],"class_list":{"0":"post-26260","1":"product","2":"type-product","3":"status-publish","4":"has-post-thumbnail","6":"product_cat-general-fr","7":"pa_formacion-medicina-fr","8":"pa_formacion-odontologia-fr","10":"first","11":"instock","12":"taxable","13":"shipping-taxable","14":"purchasable","15":"product-type-simple"},"yoast_head":"<!-- This site is optimized with the Yoast SEO Premium plugin v27.0 (Yoast SEO v27.4) - https:\/\/yoast.com\/product\/yoast-seo-premium-wordpress\/ -->\n<title>LAMPE \u00c0 ALCOOL - yoestudiosalud.es dep\u00f3sito dental<\/title>\n<meta name=\"description\" content=\"Lampe \u00e0 alcool avec un r\u00e9cipient de verre.\" \/>\n<meta name=\"robots\" content=\"index, follow, max-snippet:-1, max-image-preview:large, max-video-preview:-1\" \/>\n<link rel=\"canonical\" href=\"https:\/\/yoestudiosalud.es\/produit\/mechero-de-alcohol-en-vidrio\/\" \/>\n<meta property=\"og:locale\" content=\"fr_FR\" \/>\n<meta property=\"og:type\" content=\"article\" \/>\n<meta property=\"og:title\" content=\"LAMPE \u00c0 ALCOOL\" \/>\n<meta property=\"og:description\" content=\"Lampe \u00e0 alcool avec un r\u00e9cipient de verre.\" \/>\n<meta property=\"og:url\" content=\"https:\/\/yoestudiosalud.es\/produit\/mechero-de-alcohol-en-vidrio\/\" \/>\n<meta property=\"og:site_name\" content=\"yoestudiosalud.es\" \/>\n<meta property=\"article:modified_time\" content=\"2025-06-25T21:20:35+00:00\" \/>\n<meta property=\"og:image\" content=\"https:\/\/yoestudiosalud.es\/wp-content\/uploads\/2018\/07\/001033.jpg\" \/>\n\t<meta property=\"og:image:width\" content=\"430\" \/>\n\t<meta property=\"og:image:height\" content=\"430\" \/>\n\t<meta property=\"og:image:type\" content=\"image\/jpeg\" \/>\n<meta name=\"twitter:card\" content=\"summary_large_image\" \/>\n<script type=\"application\/ld+json\" class=\"yoast-schema-graph\">{\"@context\":\"https:\\\/\\\/schema.org\",\"@graph\":[{\"@type\":\"WebPage\",\"@id\":\"https:\\\/\\\/yoestudiosalud.es\\\/produit\\\/mechero-de-alcohol-en-vidrio\\\/\",\"url\":\"https:\\\/\\\/yoestudiosalud.es\\\/produit\\\/mechero-de-alcohol-en-vidrio\\\/\",\"name\":\"LAMPE \u00c0 ALCOOL - yoestudiosalud.es dep\u00f3sito dental\",\"isPartOf\":{\"@id\":\"https:\\\/\\\/yoestudiosalud.es\\\/en\\\/#website\"},\"primaryImageOfPage\":{\"@id\":\"https:\\\/\\\/yoestudiosalud.es\\\/produit\\\/mechero-de-alcohol-en-vidrio\\\/#primaryimage\"},\"image\":{\"@id\":\"https:\\\/\\\/yoestudiosalud.es\\\/produit\\\/mechero-de-alcohol-en-vidrio\\\/#primaryimage\"},\"thumbnailUrl\":\"https:\\\/\\\/yoestudiosalud.es\\\/wp-content\\\/uploads\\\/2018\\\/07\\\/001033.jpg\",\"datePublished\":\"2018-07-12T17:20:02+00:00\",\"dateModified\":\"2025-06-25T21:20:35+00:00\",\"description\":\"Lampe \u00e0 alcool avec un r\u00e9cipient de verre.\",\"breadcrumb\":{\"@id\":\"https:\\\/\\\/yoestudiosalud.es\\\/produit\\\/mechero-de-alcohol-en-vidrio\\\/#breadcrumb\"},\"inLanguage\":\"fr-FR\",\"potentialAction\":[{\"@type\":\"ReadAction\",\"target\":[\"https:\\\/\\\/yoestudiosalud.es\\\/produit\\\/mechero-de-alcohol-en-vidrio\\\/\"]}]},{\"@type\":\"ImageObject\",\"inLanguage\":\"fr-FR\",\"@id\":\"https:\\\/\\\/yoestudiosalud.es\\\/produit\\\/mechero-de-alcohol-en-vidrio\\\/#primaryimage\",\"url\":\"https:\\\/\\\/yoestudiosalud.es\\\/wp-content\\\/uploads\\\/2018\\\/07\\\/001033.jpg\",\"contentUrl\":\"https:\\\/\\\/yoestudiosalud.es\\\/wp-content\\\/uploads\\\/2018\\\/07\\\/001033.jpg\",\"width\":430,\"height\":430,\"caption\":\"LAMPE \u00c0 ALCOOL\"},{\"@type\":\"BreadcrumbList\",\"@id\":\"https:\\\/\\\/yoestudiosalud.es\\\/produit\\\/mechero-de-alcohol-en-vidrio\\\/#breadcrumb\",\"itemListElement\":[{\"@type\":\"ListItem\",\"position\":1,\"name\":\"Portada\",\"item\":\"https:\\\/\\\/yoestudiosalud.es\\\/fr\\\/\"},{\"@type\":\"ListItem\",\"position\":2,\"name\":\"Boutique\",\"item\":\"https:\\\/\\\/yoestudiosalud.es\\\/fr\\\/boutique\\\/\"},{\"@type\":\"ListItem\",\"position\":3,\"name\":\"LAMPE \u00c0 ALCOOL\"}]},{\"@type\":\"WebSite\",\"@id\":\"https:\\\/\\\/yoestudiosalud.es\\\/en\\\/#website\",\"url\":\"https:\\\/\\\/yoestudiosalud.es\\\/en\\\/\",\"name\":\"yoestudiosalud.es\",\"description\":\"Material para estudiantes del sector salud\",\"publisher\":{\"@id\":\"https:\\\/\\\/yoestudiosalud.es\\\/en\\\/#organization\"},\"potentialAction\":[{\"@type\":\"SearchAction\",\"target\":{\"@type\":\"EntryPoint\",\"urlTemplate\":\"https:\\\/\\\/yoestudiosalud.es\\\/en\\\/?s={search_term_string}\"},\"query-input\":{\"@type\":\"PropertyValueSpecification\",\"valueRequired\":true,\"valueName\":\"search_term_string\"}}],\"inLanguage\":\"fr-FR\"},{\"@type\":\"Organization\",\"@id\":\"https:\\\/\\\/yoestudiosalud.es\\\/en\\\/#organization\",\"name\":\"yoestudiosalud.es\",\"url\":\"https:\\\/\\\/yoestudiosalud.es\\\/en\\\/\",\"logo\":{\"@type\":\"ImageObject\",\"inLanguage\":\"fr-FR\",\"@id\":\"https:\\\/\\\/yoestudiosalud.es\\\/en\\\/#\\\/schema\\\/logo\\\/image\\\/\",\"url\":\"https:\\\/\\\/yoestudiosalud.es\\\/wp-content\\\/uploads\\\/2020\\\/04\\\/logonew-e1698080827687.png\",\"contentUrl\":\"https:\\\/\\\/yoestudiosalud.es\\\/wp-content\\\/uploads\\\/2020\\\/04\\\/logonew-e1698080827687.png\",\"width\":421,\"height\":393,\"caption\":\"yoestudiosalud.es\"},\"image\":{\"@id\":\"https:\\\/\\\/yoestudiosalud.es\\\/en\\\/#\\\/schema\\\/logo\\\/image\\\/\"}}]}<\/script>\n<!-- \/ Yoast SEO Premium plugin. -->","yoast_head_json":{"title":"LAMPE \u00c0 ALCOOL - yoestudiosalud.es dep\u00f3sito dental","description":"Lampe \u00e0 alcool avec un r\u00e9cipient de verre.","robots":{"index":"index","follow":"follow","max-snippet":"max-snippet:-1","max-image-preview":"max-image-preview:large","max-video-preview":"max-video-preview:-1"},"canonical":"https:\/\/yoestudiosalud.es\/produit\/mechero-de-alcohol-en-vidrio\/","og_locale":"fr_FR","og_type":"article","og_title":"LAMPE \u00c0 ALCOOL","og_description":"Lampe \u00e0 alcool avec un r\u00e9cipient de verre.","og_url":"https:\/\/yoestudiosalud.es\/produit\/mechero-de-alcohol-en-vidrio\/","og_site_name":"yoestudiosalud.es","article_modified_time":"2025-06-25T21:20:35+00:00","og_image":[{"width":430,"height":430,"url":"https:\/\/yoestudiosalud.es\/wp-content\/uploads\/2018\/07\/001033.jpg","type":"image\/jpeg"}],"twitter_card":"summary_large_image","schema":{"@context":"https:\/\/schema.org","@graph":[{"@type":"WebPage","@id":"https:\/\/yoestudiosalud.es\/produit\/mechero-de-alcohol-en-vidrio\/","url":"https:\/\/yoestudiosalud.es\/produit\/mechero-de-alcohol-en-vidrio\/","name":"LAMPE \u00c0 ALCOOL - yoestudiosalud.es dep\u00f3sito dental","isPartOf":{"@id":"https:\/\/yoestudiosalud.es\/en\/#website"},"primaryImageOfPage":{"@id":"https:\/\/yoestudiosalud.es\/produit\/mechero-de-alcohol-en-vidrio\/#primaryimage"},"image":{"@id":"https:\/\/yoestudiosalud.es\/produit\/mechero-de-alcohol-en-vidrio\/#primaryimage"},"thumbnailUrl":"https:\/\/yoestudiosalud.es\/wp-content\/uploads\/2018\/07\/001033.jpg","datePublished":"2018-07-12T17:20:02+00:00","dateModified":"2025-06-25T21:20:35+00:00","description":"Lampe \u00e0 alcool avec un r\u00e9cipient de verre.","breadcrumb":{"@id":"https:\/\/yoestudiosalud.es\/produit\/mechero-de-alcohol-en-vidrio\/#breadcrumb"},"inLanguage":"fr-FR","potentialAction":[{"@type":"ReadAction","target":["https:\/\/yoestudiosalud.es\/produit\/mechero-de-alcohol-en-vidrio\/"]}]},{"@type":"ImageObject","inLanguage":"fr-FR","@id":"https:\/\/yoestudiosalud.es\/produit\/mechero-de-alcohol-en-vidrio\/#primaryimage","url":"https:\/\/yoestudiosalud.es\/wp-content\/uploads\/2018\/07\/001033.jpg","contentUrl":"https:\/\/yoestudiosalud.es\/wp-content\/uploads\/2018\/07\/001033.jpg","width":430,"height":430,"caption":"LAMPE \u00c0 ALCOOL"},{"@type":"BreadcrumbList","@id":"https:\/\/yoestudiosalud.es\/produit\/mechero-de-alcohol-en-vidrio\/#breadcrumb","itemListElement":[{"@type":"ListItem","position":1,"name":"Portada","item":"https:\/\/yoestudiosalud.es\/fr\/"},{"@type":"ListItem","position":2,"name":"Boutique","item":"https:\/\/yoestudiosalud.es\/fr\/boutique\/"},{"@type":"ListItem","position":3,"name":"LAMPE \u00c0 ALCOOL"}]},{"@type":"WebSite","@id":"https:\/\/yoestudiosalud.es\/en\/#website","url":"https:\/\/yoestudiosalud.es\/en\/","name":"yoestudiosalud.es","description":"Material para estudiantes del sector salud","publisher":{"@id":"https:\/\/yoestudiosalud.es\/en\/#organization"},"potentialAction":[{"@type":"SearchAction","target":{"@type":"EntryPoint","urlTemplate":"https:\/\/yoestudiosalud.es\/en\/?s={search_term_string}"},"query-input":{"@type":"PropertyValueSpecification","valueRequired":true,"valueName":"search_term_string"}}],"inLanguage":"fr-FR"},{"@type":"Organization","@id":"https:\/\/yoestudiosalud.es\/en\/#organization","name":"yoestudiosalud.es","url":"https:\/\/yoestudiosalud.es\/en\/","logo":{"@type":"ImageObject","inLanguage":"fr-FR","@id":"https:\/\/yoestudiosalud.es\/en\/#\/schema\/logo\/image\/","url":"https:\/\/yoestudiosalud.es\/wp-content\/uploads\/2020\/04\/logonew-e1698080827687.png","contentUrl":"https:\/\/yoestudiosalud.es\/wp-content\/uploads\/2020\/04\/logonew-e1698080827687.png","width":421,"height":393,"caption":"yoestudiosalud.es"},"image":{"@id":"https:\/\/yoestudiosalud.es\/en\/#\/schema\/logo\/image\/"}}]}},"_links":{"self":[{"href":"https:\/\/yoestudiosalud.es\/fr\/wp-json\/wp\/v2\/product\/26260","targetHints":{"allow":["GET"]}}],"collection":[{"href":"https:\/\/yoestudiosalud.es\/fr\/wp-json\/wp\/v2\/product"}],"about":[{"href":"https:\/\/yoestudiosalud.es\/fr\/wp-json\/wp\/v2\/types\/product"}],"wp:featuredmedia":[{"embeddable":true,"href":"https:\/\/yoestudiosalud.es\/fr\/wp-json\/wp\/v2\/media\/26261"}],"wp:attachment":[{"href":"https:\/\/yoestudiosalud.es\/fr\/wp-json\/wp\/v2\/media?parent=26260"}],"wp:term":[{"taxonomy":"product_brand","embeddable":true,"href":"https:\/\/yoestudiosalud.es\/fr\/wp-json\/wp\/v2\/product_brand?post=26260"},{"taxonomy":"product_cat","embeddable":true,"href":"https:\/\/yoestudiosalud.es\/fr\/wp-json\/wp\/v2\/product_cat?post=26260"},{"taxonomy":"product_tag","embeddable":true,"href":"https:\/\/yoestudiosalud.es\/fr\/wp-json\/wp\/v2\/product_tag?post=26260"}],"curies":[{"name":"wp","href":"https:\/\/api.w.org\/{rel}","templated":true}]}}