{"id":26256,"date":"2018-07-12T17:20:01","date_gmt":"2018-07-12T17:20:01","guid":{"rendered":"https:\/\/yoestudiosalud.es\/producto\/cadre-a-digue-metallique\/"},"modified":"2025-06-25T23:20:53","modified_gmt":"2025-06-25T21:20:53","slug":"cadre-a-digue-metallique","status":"publish","type":"product","link":"https:\/\/yoestudiosalud.es\/fr\/produit\/cadre-a-digue-metallique\/","title":{"rendered":"CADRE \u00c0 DIGUE M\u00c9TALLIQUE YOUNG"},"content":{"rendered":"","protected":false},"excerpt":{"rendered":"<p>Cadre \u00e1 digue m\u00e8tallique Young est utilis\u00e9 pour l&#8217;isolation dans les processus dentaires.<\/p>\n","protected":false},"featured_media":26259,"template":"","meta":[],"product_brand":[],"product_cat":[680,681],"product_tag":[683,684,688,928,676],"class_list":{"0":"post-26256","1":"product","2":"type-product","3":"status-publish","4":"has-post-thumbnail","6":"product_cat-endodontie-fr","7":"product_cat-chirurgie-fr","8":"product_tag-uev1","9":"product_tag-uemc_cns","10":"product_tag-ceu3","11":"product_tag-ceuelche4","12":"product_tag-ucam2-fr","13":"pa_formacion-odontologia-fr","15":"first","16":"instock","17":"taxable","18":"shipping-taxable","19":"purchasable","20":"product-type-simple"},"yoast_head":"<!-- This site is optimized with the Yoast SEO Premium plugin v27.0 (Yoast SEO v27.4) - https:\/\/yoast.com\/product\/yoast-seo-premium-wordpress\/ -->\n<title>CADRE \u00c0 DIGUE M\u00c9TALLIQUE YOUNG M\u00c1STER- yoestudiosalud.es<\/title>\n<meta name=\"description\" content=\"Cadre \u00e1 digue m\u00e8tallique est utilis\u00e9 pour l&#039;isolation dans les processus dentaires.\" \/>\n<meta name=\"robots\" content=\"index, follow, max-snippet:-1, max-image-preview:large, max-video-preview:-1\" \/>\n<link rel=\"canonical\" href=\"https:\/\/yoestudiosalud.es\/produit\/arco-de-young-metalico\/\" \/>\n<meta property=\"og:locale\" content=\"fr_FR\" \/>\n<meta property=\"og:type\" content=\"article\" \/>\n<meta property=\"og:title\" content=\"CADRE \u00c0 DIGUE M\u00c9TALLIQUE YOUNG\" \/>\n<meta property=\"og:description\" content=\"Cadre \u00e1 digue m\u00e8tallique est utilis\u00e9 pour l&#039;isolation dans les processus dentaires.\" \/>\n<meta property=\"og:url\" content=\"https:\/\/yoestudiosalud.es\/produit\/arco-de-young-metalico\/\" \/>\n<meta property=\"og:site_name\" content=\"yoestudiosalud.es\" \/>\n<meta property=\"article:modified_time\" content=\"2025-06-25T21:20:53+00:00\" \/>\n<meta property=\"og:image\" content=\"https:\/\/yoestudiosalud.es\/wp-content\/uploads\/2018\/07\/002836-2.jpg\" \/>\n\t<meta property=\"og:image:width\" content=\"650\" \/>\n\t<meta property=\"og:image:height\" content=\"650\" \/>\n\t<meta property=\"og:image:type\" content=\"image\/jpeg\" \/>\n<meta name=\"twitter:card\" content=\"summary_large_image\" \/>\n<script type=\"application\/ld+json\" class=\"yoast-schema-graph\">{\"@context\":\"https:\\\/\\\/schema.org\",\"@graph\":[{\"@type\":\"WebPage\",\"@id\":\"https:\\\/\\\/yoestudiosalud.es\\\/produit\\\/arco-de-young-metalico\\\/\",\"url\":\"https:\\\/\\\/yoestudiosalud.es\\\/produit\\\/arco-de-young-metalico\\\/\",\"name\":\"CADRE \u00c0 DIGUE M\u00c9TALLIQUE YOUNG M\u00c1STER- yoestudiosalud.es\",\"isPartOf\":{\"@id\":\"https:\\\/\\\/yoestudiosalud.es\\\/en\\\/#website\"},\"primaryImageOfPage\":{\"@id\":\"https:\\\/\\\/yoestudiosalud.es\\\/produit\\\/arco-de-young-metalico\\\/#primaryimage\"},\"image\":{\"@id\":\"https:\\\/\\\/yoestudiosalud.es\\\/produit\\\/arco-de-young-metalico\\\/#primaryimage\"},\"thumbnailUrl\":\"https:\\\/\\\/yoestudiosalud.es\\\/wp-content\\\/uploads\\\/2018\\\/07\\\/002836-2.jpg\",\"datePublished\":\"2018-07-12T17:20:01+00:00\",\"dateModified\":\"2025-06-25T21:20:53+00:00\",\"description\":\"Cadre \u00e1 digue m\u00e8tallique est utilis\u00e9 pour l'isolation dans les processus dentaires.\",\"breadcrumb\":{\"@id\":\"https:\\\/\\\/yoestudiosalud.es\\\/produit\\\/arco-de-young-metalico\\\/#breadcrumb\"},\"inLanguage\":\"fr-FR\",\"potentialAction\":[{\"@type\":\"ReadAction\",\"target\":[\"https:\\\/\\\/yoestudiosalud.es\\\/produit\\\/arco-de-young-metalico\\\/\"]}]},{\"@type\":\"ImageObject\",\"inLanguage\":\"fr-FR\",\"@id\":\"https:\\\/\\\/yoestudiosalud.es\\\/produit\\\/arco-de-young-metalico\\\/#primaryimage\",\"url\":\"https:\\\/\\\/yoestudiosalud.es\\\/wp-content\\\/uploads\\\/2018\\\/07\\\/002836-2.jpg\",\"contentUrl\":\"https:\\\/\\\/yoestudiosalud.es\\\/wp-content\\\/uploads\\\/2018\\\/07\\\/002836-2.jpg\",\"width\":650,\"height\":650,\"caption\":\"CADRE \u00c0 DIGUE M\u00c9TALLIQUE YOUNG\"},{\"@type\":\"BreadcrumbList\",\"@id\":\"https:\\\/\\\/yoestudiosalud.es\\\/produit\\\/arco-de-young-metalico\\\/#breadcrumb\",\"itemListElement\":[{\"@type\":\"ListItem\",\"position\":1,\"name\":\"Portada\",\"item\":\"https:\\\/\\\/yoestudiosalud.es\\\/fr\\\/\"},{\"@type\":\"ListItem\",\"position\":2,\"name\":\"Boutique\",\"item\":\"https:\\\/\\\/yoestudiosalud.es\\\/fr\\\/boutique\\\/\"},{\"@type\":\"ListItem\",\"position\":3,\"name\":\"CADRE \u00c0 DIGUE M\u00c9TALLIQUE YOUNG\"}]},{\"@type\":\"WebSite\",\"@id\":\"https:\\\/\\\/yoestudiosalud.es\\\/en\\\/#website\",\"url\":\"https:\\\/\\\/yoestudiosalud.es\\\/en\\\/\",\"name\":\"yoestudiosalud.es\",\"description\":\"Material para estudiantes del sector salud\",\"publisher\":{\"@id\":\"https:\\\/\\\/yoestudiosalud.es\\\/en\\\/#organization\"},\"potentialAction\":[{\"@type\":\"SearchAction\",\"target\":{\"@type\":\"EntryPoint\",\"urlTemplate\":\"https:\\\/\\\/yoestudiosalud.es\\\/en\\\/?s={search_term_string}\"},\"query-input\":{\"@type\":\"PropertyValueSpecification\",\"valueRequired\":true,\"valueName\":\"search_term_string\"}}],\"inLanguage\":\"fr-FR\"},{\"@type\":\"Organization\",\"@id\":\"https:\\\/\\\/yoestudiosalud.es\\\/en\\\/#organization\",\"name\":\"yoestudiosalud.es\",\"url\":\"https:\\\/\\\/yoestudiosalud.es\\\/en\\\/\",\"logo\":{\"@type\":\"ImageObject\",\"inLanguage\":\"fr-FR\",\"@id\":\"https:\\\/\\\/yoestudiosalud.es\\\/en\\\/#\\\/schema\\\/logo\\\/image\\\/\",\"url\":\"https:\\\/\\\/yoestudiosalud.es\\\/wp-content\\\/uploads\\\/2020\\\/04\\\/logonew-e1698080827687.png\",\"contentUrl\":\"https:\\\/\\\/yoestudiosalud.es\\\/wp-content\\\/uploads\\\/2020\\\/04\\\/logonew-e1698080827687.png\",\"width\":421,\"height\":393,\"caption\":\"yoestudiosalud.es\"},\"image\":{\"@id\":\"https:\\\/\\\/yoestudiosalud.es\\\/en\\\/#\\\/schema\\\/logo\\\/image\\\/\"}}]}<\/script>\n<!-- \/ Yoast SEO Premium plugin. -->","yoast_head_json":{"title":"CADRE \u00c0 DIGUE M\u00c9TALLIQUE YOUNG M\u00c1STER- yoestudiosalud.es","description":"Cadre \u00e1 digue m\u00e8tallique est utilis\u00e9 pour l'isolation dans les processus dentaires.","robots":{"index":"index","follow":"follow","max-snippet":"max-snippet:-1","max-image-preview":"max-image-preview:large","max-video-preview":"max-video-preview:-1"},"canonical":"https:\/\/yoestudiosalud.es\/produit\/arco-de-young-metalico\/","og_locale":"fr_FR","og_type":"article","og_title":"CADRE \u00c0 DIGUE M\u00c9TALLIQUE YOUNG","og_description":"Cadre \u00e1 digue m\u00e8tallique est utilis\u00e9 pour l'isolation dans les processus dentaires.","og_url":"https:\/\/yoestudiosalud.es\/produit\/arco-de-young-metalico\/","og_site_name":"yoestudiosalud.es","article_modified_time":"2025-06-25T21:20:53+00:00","og_image":[{"width":650,"height":650,"url":"https:\/\/yoestudiosalud.es\/wp-content\/uploads\/2018\/07\/002836-2.jpg","type":"image\/jpeg"}],"twitter_card":"summary_large_image","schema":{"@context":"https:\/\/schema.org","@graph":[{"@type":"WebPage","@id":"https:\/\/yoestudiosalud.es\/produit\/arco-de-young-metalico\/","url":"https:\/\/yoestudiosalud.es\/produit\/arco-de-young-metalico\/","name":"CADRE \u00c0 DIGUE M\u00c9TALLIQUE YOUNG M\u00c1STER- yoestudiosalud.es","isPartOf":{"@id":"https:\/\/yoestudiosalud.es\/en\/#website"},"primaryImageOfPage":{"@id":"https:\/\/yoestudiosalud.es\/produit\/arco-de-young-metalico\/#primaryimage"},"image":{"@id":"https:\/\/yoestudiosalud.es\/produit\/arco-de-young-metalico\/#primaryimage"},"thumbnailUrl":"https:\/\/yoestudiosalud.es\/wp-content\/uploads\/2018\/07\/002836-2.jpg","datePublished":"2018-07-12T17:20:01+00:00","dateModified":"2025-06-25T21:20:53+00:00","description":"Cadre \u00e1 digue m\u00e8tallique est utilis\u00e9 pour l'isolation dans les processus dentaires.","breadcrumb":{"@id":"https:\/\/yoestudiosalud.es\/produit\/arco-de-young-metalico\/#breadcrumb"},"inLanguage":"fr-FR","potentialAction":[{"@type":"ReadAction","target":["https:\/\/yoestudiosalud.es\/produit\/arco-de-young-metalico\/"]}]},{"@type":"ImageObject","inLanguage":"fr-FR","@id":"https:\/\/yoestudiosalud.es\/produit\/arco-de-young-metalico\/#primaryimage","url":"https:\/\/yoestudiosalud.es\/wp-content\/uploads\/2018\/07\/002836-2.jpg","contentUrl":"https:\/\/yoestudiosalud.es\/wp-content\/uploads\/2018\/07\/002836-2.jpg","width":650,"height":650,"caption":"CADRE \u00c0 DIGUE M\u00c9TALLIQUE YOUNG"},{"@type":"BreadcrumbList","@id":"https:\/\/yoestudiosalud.es\/produit\/arco-de-young-metalico\/#breadcrumb","itemListElement":[{"@type":"ListItem","position":1,"name":"Portada","item":"https:\/\/yoestudiosalud.es\/fr\/"},{"@type":"ListItem","position":2,"name":"Boutique","item":"https:\/\/yoestudiosalud.es\/fr\/boutique\/"},{"@type":"ListItem","position":3,"name":"CADRE \u00c0 DIGUE M\u00c9TALLIQUE YOUNG"}]},{"@type":"WebSite","@id":"https:\/\/yoestudiosalud.es\/en\/#website","url":"https:\/\/yoestudiosalud.es\/en\/","name":"yoestudiosalud.es","description":"Material para estudiantes del sector salud","publisher":{"@id":"https:\/\/yoestudiosalud.es\/en\/#organization"},"potentialAction":[{"@type":"SearchAction","target":{"@type":"EntryPoint","urlTemplate":"https:\/\/yoestudiosalud.es\/en\/?s={search_term_string}"},"query-input":{"@type":"PropertyValueSpecification","valueRequired":true,"valueName":"search_term_string"}}],"inLanguage":"fr-FR"},{"@type":"Organization","@id":"https:\/\/yoestudiosalud.es\/en\/#organization","name":"yoestudiosalud.es","url":"https:\/\/yoestudiosalud.es\/en\/","logo":{"@type":"ImageObject","inLanguage":"fr-FR","@id":"https:\/\/yoestudiosalud.es\/en\/#\/schema\/logo\/image\/","url":"https:\/\/yoestudiosalud.es\/wp-content\/uploads\/2020\/04\/logonew-e1698080827687.png","contentUrl":"https:\/\/yoestudiosalud.es\/wp-content\/uploads\/2020\/04\/logonew-e1698080827687.png","width":421,"height":393,"caption":"yoestudiosalud.es"},"image":{"@id":"https:\/\/yoestudiosalud.es\/en\/#\/schema\/logo\/image\/"}}]}},"_links":{"self":[{"href":"https:\/\/yoestudiosalud.es\/fr\/wp-json\/wp\/v2\/product\/26256","targetHints":{"allow":["GET"]}}],"collection":[{"href":"https:\/\/yoestudiosalud.es\/fr\/wp-json\/wp\/v2\/product"}],"about":[{"href":"https:\/\/yoestudiosalud.es\/fr\/wp-json\/wp\/v2\/types\/product"}],"wp:featuredmedia":[{"embeddable":true,"href":"https:\/\/yoestudiosalud.es\/fr\/wp-json\/wp\/v2\/media\/26259"}],"wp:attachment":[{"href":"https:\/\/yoestudiosalud.es\/fr\/wp-json\/wp\/v2\/media?parent=26256"}],"wp:term":[{"taxonomy":"product_brand","embeddable":true,"href":"https:\/\/yoestudiosalud.es\/fr\/wp-json\/wp\/v2\/product_brand?post=26256"},{"taxonomy":"product_cat","embeddable":true,"href":"https:\/\/yoestudiosalud.es\/fr\/wp-json\/wp\/v2\/product_cat?post=26256"},{"taxonomy":"product_tag","embeddable":true,"href":"https:\/\/yoestudiosalud.es\/fr\/wp-json\/wp\/v2\/product_tag?post=26256"}],"curies":[{"name":"wp","href":"https:\/\/api.w.org\/{rel}","templated":true}]}}