{"id":26237,"date":"2018-07-12T17:20:01","date_gmt":"2018-07-12T17:20:01","guid":{"rendered":"https:\/\/yoestudiosalud.es\/producto\/positionneurs-radiofraphique\/"},"modified":"2025-06-25T23:22:15","modified_gmt":"2025-06-25T21:22:15","slug":"positionneurs-radiofraphique","status":"publish","type":"product","link":"https:\/\/yoestudiosalud.es\/fr\/produit\/positionneurs-radiofraphique\/","title":{"rendered":"POSITIONNEURS RADIOGRAPHIQUE"},"content":{"rendered":"<p>Les Positionneurs Radiographique Rx, FPS3000, sont un kit complet d&#8217;anneaux, de bras et de blocs \u00e0 mordre pour la parall\u00e9lisation de films en radiologie dentaire. Autoclavable et r\u00e9sistant, ce qui en fait le mat\u00e9riau id\u00e9al pour les cabinets Rx.<\/p>\n<p>Le positionneur de film FPS3000 vous permet de guider parfaitement les rayons X de mani\u00e8re simple, \u00e9tant le syst\u00e8me durable le plus complet disponible aujourd&#8217;hui. Id\u00e9al pour les plaques phosphores de num\u00e9risation PSPIX Satelec et KaVo<\/p>\n","protected":false},"excerpt":{"rendered":"<p>Les Positionneurs Radiographique Rx, FPS3000, sont un kit complet d&#8217;anneaux, de bras et de blocs \u00e0 mordre<\/p>\n","protected":false},"featured_media":26239,"template":"","meta":[],"product_brand":[],"product_cat":[691],"product_tag":[930,672,673,682,687,688,692],"class_list":{"0":"post-26237","1":"product","2":"type-product","3":"status-publish","4":"has-post-thumbnail","6":"product_cat-radiologie-fr","7":"product_tag-ceuelche3","8":"product_tag-destacado_odontologia-fr","9":"product_tag-uv3","10":"product_tag-ucv2","11":"product_tag-uem2-fr","12":"product_tag-ceu3","13":"product_tag-uev2","14":"pa_destacado_odontologia-destacado_odontologia-fr","15":"pa_formacion-odontologia-fr","16":"pa_universidades-universidad-europea-de-valencia-uev-fr","18":"first","19":"instock","20":"sale","21":"featured","22":"taxable","23":"shipping-taxable","24":"purchasable","25":"product-type-simple"},"yoast_head":"<!-- This site is optimized with the Yoast SEO Premium plugin v27.0 (Yoast SEO v27.2) - https:\/\/yoast.com\/product\/yoast-seo-premium-wordpress\/ -->\n<title>POSITIONNEURS RADIOGRAPHIQUE - yoestudiosalud.es<\/title>\n<meta name=\"description\" content=\"Les Positionneurs Radiographique Rx, FPS3000, sont un kit complet d&#039;anneaux, de bras et de blocs \u00e0 mordre\" \/>\n<meta name=\"robots\" content=\"index, follow, max-snippet:-1, max-image-preview:large, max-video-preview:-1\" \/>\n<link rel=\"canonical\" href=\"https:\/\/yoestudiosalud.es\/produit\/anillos-paralelizacion-rx\/\" \/>\n<meta property=\"og:locale\" content=\"fr_FR\" \/>\n<meta property=\"og:type\" content=\"article\" \/>\n<meta property=\"og:title\" content=\"POSITIONNEURS RADIOGRAPHIQUE\" \/>\n<meta property=\"og:description\" content=\"Les Positionneurs Radiographique Rx, FPS3000, sont un kit complet d&#039;anneaux, de bras et de blocs \u00e0 mordre\" \/>\n<meta property=\"og:url\" content=\"https:\/\/yoestudiosalud.es\/produit\/anillos-paralelizacion-rx\/\" \/>\n<meta property=\"og:site_name\" content=\"yoestudiosalud.es\" \/>\n<meta property=\"article:modified_time\" content=\"2025-06-25T21:22:15+00:00\" \/>\n<meta property=\"og:image\" content=\"https:\/\/yoestudiosalud.es\/wp-content\/uploads\/2018\/07\/000514-1.jpg\" \/>\n\t<meta property=\"og:image:width\" content=\"650\" \/>\n\t<meta property=\"og:image:height\" content=\"650\" \/>\n\t<meta property=\"og:image:type\" content=\"image\/jpeg\" \/>\n<meta name=\"twitter:card\" content=\"summary_large_image\" \/>\n<script type=\"application\/ld+json\" class=\"yoast-schema-graph\">{\"@context\":\"https:\/\/schema.org\",\"@graph\":[{\"@type\":\"WebPage\",\"@id\":\"https:\/\/yoestudiosalud.es\/produit\/anillos-paralelizacion-rx\/\",\"url\":\"https:\/\/yoestudiosalud.es\/produit\/anillos-paralelizacion-rx\/\",\"name\":\"POSITIONNEURS RADIOGRAPHIQUE - yoestudiosalud.es\",\"isPartOf\":{\"@id\":\"https:\/\/yoestudiosalud.es\/en\/#website\"},\"primaryImageOfPage\":{\"@id\":\"https:\/\/yoestudiosalud.es\/produit\/anillos-paralelizacion-rx\/#primaryimage\"},\"image\":{\"@id\":\"https:\/\/yoestudiosalud.es\/produit\/anillos-paralelizacion-rx\/#primaryimage\"},\"thumbnailUrl\":\"https:\/\/yoestudiosalud.es\/wp-content\/uploads\/2018\/07\/000514-1.jpg\",\"datePublished\":\"2018-07-12T17:20:01+00:00\",\"dateModified\":\"2025-06-25T21:22:15+00:00\",\"description\":\"Les Positionneurs Radiographique Rx, FPS3000, sont un kit complet d'anneaux, de bras et de blocs \u00e0 mordre\",\"breadcrumb\":{\"@id\":\"https:\/\/yoestudiosalud.es\/produit\/anillos-paralelizacion-rx\/#breadcrumb\"},\"inLanguage\":\"fr-FR\",\"potentialAction\":[{\"@type\":\"ReadAction\",\"target\":[\"https:\/\/yoestudiosalud.es\/produit\/anillos-paralelizacion-rx\/\"]}]},{\"@type\":\"ImageObject\",\"inLanguage\":\"fr-FR\",\"@id\":\"https:\/\/yoestudiosalud.es\/produit\/anillos-paralelizacion-rx\/#primaryimage\",\"url\":\"https:\/\/yoestudiosalud.es\/wp-content\/uploads\/2018\/07\/000514-1.jpg\",\"contentUrl\":\"https:\/\/yoestudiosalud.es\/wp-content\/uploads\/2018\/07\/000514-1.jpg\",\"width\":650,\"height\":650,\"caption\":\"POSITIONNEURS RADIOGRAPHIQUE\"},{\"@type\":\"BreadcrumbList\",\"@id\":\"https:\/\/yoestudiosalud.es\/produit\/anillos-paralelizacion-rx\/#breadcrumb\",\"itemListElement\":[{\"@type\":\"ListItem\",\"position\":1,\"name\":\"Portada\",\"item\":\"https:\/\/yoestudiosalud.es\/fr\/\"},{\"@type\":\"ListItem\",\"position\":2,\"name\":\"Boutique\",\"item\":\"https:\/\/yoestudiosalud.es\/fr\/boutique\/\"},{\"@type\":\"ListItem\",\"position\":3,\"name\":\"POSITIONNEURS RADIOGRAPHIQUE\"}]},{\"@type\":\"WebSite\",\"@id\":\"https:\/\/yoestudiosalud.es\/en\/#website\",\"url\":\"https:\/\/yoestudiosalud.es\/en\/\",\"name\":\"yoestudiosalud.es\",\"description\":\"Material para estudiantes del sector salud\",\"publisher\":{\"@id\":\"https:\/\/yoestudiosalud.es\/en\/#organization\"},\"potentialAction\":[{\"@type\":\"SearchAction\",\"target\":{\"@type\":\"EntryPoint\",\"urlTemplate\":\"https:\/\/yoestudiosalud.es\/en\/?s={search_term_string}\"},\"query-input\":{\"@type\":\"PropertyValueSpecification\",\"valueRequired\":true,\"valueName\":\"search_term_string\"}}],\"inLanguage\":\"fr-FR\"},{\"@type\":\"Organization\",\"@id\":\"https:\/\/yoestudiosalud.es\/en\/#organization\",\"name\":\"yoestudiosalud.es\",\"url\":\"https:\/\/yoestudiosalud.es\/en\/\",\"logo\":{\"@type\":\"ImageObject\",\"inLanguage\":\"fr-FR\",\"@id\":\"https:\/\/yoestudiosalud.es\/en\/#\/schema\/logo\/image\/\",\"url\":\"https:\/\/yoestudiosalud.es\/wp-content\/uploads\/2020\/04\/logonew-e1698080827687.png\",\"contentUrl\":\"https:\/\/yoestudiosalud.es\/wp-content\/uploads\/2020\/04\/logonew-e1698080827687.png\",\"width\":421,\"height\":393,\"caption\":\"yoestudiosalud.es\"},\"image\":{\"@id\":\"https:\/\/yoestudiosalud.es\/en\/#\/schema\/logo\/image\/\"}}]}<\/script>\n<!-- \/ Yoast SEO Premium plugin. -->","yoast_head_json":{"title":"POSITIONNEURS RADIOGRAPHIQUE - yoestudiosalud.es","description":"Les Positionneurs Radiographique Rx, FPS3000, sont un kit complet d'anneaux, de bras et de blocs \u00e0 mordre","robots":{"index":"index","follow":"follow","max-snippet":"max-snippet:-1","max-image-preview":"max-image-preview:large","max-video-preview":"max-video-preview:-1"},"canonical":"https:\/\/yoestudiosalud.es\/produit\/anillos-paralelizacion-rx\/","og_locale":"fr_FR","og_type":"article","og_title":"POSITIONNEURS RADIOGRAPHIQUE","og_description":"Les Positionneurs Radiographique Rx, FPS3000, sont un kit complet d'anneaux, de bras et de blocs \u00e0 mordre","og_url":"https:\/\/yoestudiosalud.es\/produit\/anillos-paralelizacion-rx\/","og_site_name":"yoestudiosalud.es","article_modified_time":"2025-06-25T21:22:15+00:00","og_image":[{"width":650,"height":650,"url":"https:\/\/yoestudiosalud.es\/wp-content\/uploads\/2018\/07\/000514-1.jpg","type":"image\/jpeg"}],"twitter_card":"summary_large_image","schema":{"@context":"https:\/\/schema.org","@graph":[{"@type":"WebPage","@id":"https:\/\/yoestudiosalud.es\/produit\/anillos-paralelizacion-rx\/","url":"https:\/\/yoestudiosalud.es\/produit\/anillos-paralelizacion-rx\/","name":"POSITIONNEURS RADIOGRAPHIQUE - yoestudiosalud.es","isPartOf":{"@id":"https:\/\/yoestudiosalud.es\/en\/#website"},"primaryImageOfPage":{"@id":"https:\/\/yoestudiosalud.es\/produit\/anillos-paralelizacion-rx\/#primaryimage"},"image":{"@id":"https:\/\/yoestudiosalud.es\/produit\/anillos-paralelizacion-rx\/#primaryimage"},"thumbnailUrl":"https:\/\/yoestudiosalud.es\/wp-content\/uploads\/2018\/07\/000514-1.jpg","datePublished":"2018-07-12T17:20:01+00:00","dateModified":"2025-06-25T21:22:15+00:00","description":"Les Positionneurs Radiographique Rx, FPS3000, sont un kit complet d'anneaux, de bras et de blocs \u00e0 mordre","breadcrumb":{"@id":"https:\/\/yoestudiosalud.es\/produit\/anillos-paralelizacion-rx\/#breadcrumb"},"inLanguage":"fr-FR","potentialAction":[{"@type":"ReadAction","target":["https:\/\/yoestudiosalud.es\/produit\/anillos-paralelizacion-rx\/"]}]},{"@type":"ImageObject","inLanguage":"fr-FR","@id":"https:\/\/yoestudiosalud.es\/produit\/anillos-paralelizacion-rx\/#primaryimage","url":"https:\/\/yoestudiosalud.es\/wp-content\/uploads\/2018\/07\/000514-1.jpg","contentUrl":"https:\/\/yoestudiosalud.es\/wp-content\/uploads\/2018\/07\/000514-1.jpg","width":650,"height":650,"caption":"POSITIONNEURS RADIOGRAPHIQUE"},{"@type":"BreadcrumbList","@id":"https:\/\/yoestudiosalud.es\/produit\/anillos-paralelizacion-rx\/#breadcrumb","itemListElement":[{"@type":"ListItem","position":1,"name":"Portada","item":"https:\/\/yoestudiosalud.es\/fr\/"},{"@type":"ListItem","position":2,"name":"Boutique","item":"https:\/\/yoestudiosalud.es\/fr\/boutique\/"},{"@type":"ListItem","position":3,"name":"POSITIONNEURS RADIOGRAPHIQUE"}]},{"@type":"WebSite","@id":"https:\/\/yoestudiosalud.es\/en\/#website","url":"https:\/\/yoestudiosalud.es\/en\/","name":"yoestudiosalud.es","description":"Material para estudiantes del sector salud","publisher":{"@id":"https:\/\/yoestudiosalud.es\/en\/#organization"},"potentialAction":[{"@type":"SearchAction","target":{"@type":"EntryPoint","urlTemplate":"https:\/\/yoestudiosalud.es\/en\/?s={search_term_string}"},"query-input":{"@type":"PropertyValueSpecification","valueRequired":true,"valueName":"search_term_string"}}],"inLanguage":"fr-FR"},{"@type":"Organization","@id":"https:\/\/yoestudiosalud.es\/en\/#organization","name":"yoestudiosalud.es","url":"https:\/\/yoestudiosalud.es\/en\/","logo":{"@type":"ImageObject","inLanguage":"fr-FR","@id":"https:\/\/yoestudiosalud.es\/en\/#\/schema\/logo\/image\/","url":"https:\/\/yoestudiosalud.es\/wp-content\/uploads\/2020\/04\/logonew-e1698080827687.png","contentUrl":"https:\/\/yoestudiosalud.es\/wp-content\/uploads\/2020\/04\/logonew-e1698080827687.png","width":421,"height":393,"caption":"yoestudiosalud.es"},"image":{"@id":"https:\/\/yoestudiosalud.es\/en\/#\/schema\/logo\/image\/"}}]}},"_links":{"self":[{"href":"https:\/\/yoestudiosalud.es\/fr\/wp-json\/wp\/v2\/product\/26237","targetHints":{"allow":["GET"]}}],"collection":[{"href":"https:\/\/yoestudiosalud.es\/fr\/wp-json\/wp\/v2\/product"}],"about":[{"href":"https:\/\/yoestudiosalud.es\/fr\/wp-json\/wp\/v2\/types\/product"}],"wp:featuredmedia":[{"embeddable":true,"href":"https:\/\/yoestudiosalud.es\/fr\/wp-json\/wp\/v2\/media\/26239"}],"wp:attachment":[{"href":"https:\/\/yoestudiosalud.es\/fr\/wp-json\/wp\/v2\/media?parent=26237"}],"wp:term":[{"taxonomy":"product_brand","embeddable":true,"href":"https:\/\/yoestudiosalud.es\/fr\/wp-json\/wp\/v2\/product_brand?post=26237"},{"taxonomy":"product_cat","embeddable":true,"href":"https:\/\/yoestudiosalud.es\/fr\/wp-json\/wp\/v2\/product_cat?post=26237"},{"taxonomy":"product_tag","embeddable":true,"href":"https:\/\/yoestudiosalud.es\/fr\/wp-json\/wp\/v2\/product_tag?post=26237"}],"curies":[{"name":"wp","href":"https:\/\/api.w.org\/{rel}","templated":true}]}}