{"id":26233,"date":"2018-07-12T17:20:00","date_gmt":"2018-07-12T17:20:00","guid":{"rendered":"https:\/\/yoestudiosalud.es\/producto\/pince-miller-pour-papier-a-articuler\/"},"modified":"2025-06-25T23:22:34","modified_gmt":"2025-06-25T21:22:34","slug":"pince-miller-pour-papier-a-articuler","status":"publish","type":"product","link":"https:\/\/yoestudiosalud.es\/fr\/produit\/pince-miller-pour-papier-a-articuler\/","title":{"rendered":"PINCE MILLER POUR PAPIER \u00c0 ARTICULER"},"content":{"rendered":"","protected":false},"excerpt":{"rendered":"<p>La pince Miller, indispensable en dentisterie pour maintenir et manipuler le papier articulaire lors des proc\u00e9dures li\u00e9es \u00e0 l&#8217;occlusion dentaire. Sa conception fonctionnelle, sa prise en main s\u00fbre et sa manipulation ais\u00e9e font de cette pince un \u00e9l\u00e9ment cl\u00e9 pour obtenir des dossiers dentaires pr\u00e9cis et planifier des traitements dentaires efficaces.<\/p>\n","protected":false},"featured_media":26236,"template":"","meta":[],"product_brand":[],"product_cat":[669],"product_tag":[688,689,690,692,755,930],"class_list":{"0":"post-26233","1":"product","2":"type-product","3":"status-publish","4":"has-post-thumbnail","6":"product_cat-general-fr","7":"product_tag-ceu3","8":"product_tag-ucv3","9":"product_tag-uem3-fr","10":"product_tag-uev2","11":"product_tag-ucam3-fr","12":"product_tag-ceuelche3","13":"pa_formacion-odontologia-fr","15":"first","16":"instock","17":"taxable","18":"shipping-taxable","19":"purchasable","20":"product-type-simple"},"yoast_head":"<!-- This site is optimized with the Yoast SEO Premium plugin v27.0 (Yoast SEO v27.2) - https:\/\/yoast.com\/product\/yoast-seo-premium-wordpress\/ -->\n<title>PINCE MILLER POUR PAPIER \u00c0 ARTICULER - yoestudiosalud.es<\/title>\n<meta name=\"description\" content=\"La pince Miller, indispensable en dentisterie pour maintenir et manipuler le papier articulaire lors des proc\u00e9dures li\u00e9es \u00e0 l&#039;occlusion dentaire\" \/>\n<meta name=\"robots\" content=\"index, follow, max-snippet:-1, max-image-preview:large, max-video-preview:-1\" \/>\n<link rel=\"canonical\" href=\"https:\/\/yoestudiosalud.es\/produit\/pinza-miller-para-papel-de-articular\/\" \/>\n<meta property=\"og:locale\" content=\"fr_FR\" \/>\n<meta property=\"og:type\" content=\"article\" \/>\n<meta property=\"og:title\" content=\"PINCE MILLER POUR PAPIER \u00c0 ARTICULER\" \/>\n<meta property=\"og:description\" content=\"La pince Miller, indispensable en dentisterie pour maintenir et manipuler le papier articulaire lors des proc\u00e9dures li\u00e9es \u00e0 l&#039;occlusion dentaire\" \/>\n<meta property=\"og:url\" content=\"https:\/\/yoestudiosalud.es\/produit\/pinza-miller-para-papel-de-articular\/\" \/>\n<meta property=\"og:site_name\" content=\"yoestudiosalud.es\" \/>\n<meta property=\"article:modified_time\" content=\"2025-06-25T21:22:34+00:00\" \/>\n<meta property=\"og:image\" content=\"https:\/\/yoestudiosalud.es\/wp-content\/uploads\/2018\/07\/003073.jpg\" \/>\n\t<meta property=\"og:image:width\" content=\"650\" \/>\n\t<meta property=\"og:image:height\" content=\"650\" \/>\n\t<meta property=\"og:image:type\" content=\"image\/jpeg\" \/>\n<meta name=\"twitter:card\" content=\"summary_large_image\" \/>\n<script type=\"application\/ld+json\" class=\"yoast-schema-graph\">{\"@context\":\"https:\/\/schema.org\",\"@graph\":[{\"@type\":\"WebPage\",\"@id\":\"https:\/\/yoestudiosalud.es\/produit\/pinza-miller-para-papel-de-articular\/\",\"url\":\"https:\/\/yoestudiosalud.es\/produit\/pinza-miller-para-papel-de-articular\/\",\"name\":\"PINCE MILLER POUR PAPIER \u00c0 ARTICULER - yoestudiosalud.es\",\"isPartOf\":{\"@id\":\"https:\/\/yoestudiosalud.es\/en\/#website\"},\"primaryImageOfPage\":{\"@id\":\"https:\/\/yoestudiosalud.es\/produit\/pinza-miller-para-papel-de-articular\/#primaryimage\"},\"image\":{\"@id\":\"https:\/\/yoestudiosalud.es\/produit\/pinza-miller-para-papel-de-articular\/#primaryimage\"},\"thumbnailUrl\":\"https:\/\/yoestudiosalud.es\/wp-content\/uploads\/2018\/07\/003073.jpg\",\"datePublished\":\"2018-07-12T17:20:00+00:00\",\"dateModified\":\"2025-06-25T21:22:34+00:00\",\"description\":\"La pince Miller, indispensable en dentisterie pour maintenir et manipuler le papier articulaire lors des proc\u00e9dures li\u00e9es \u00e0 l'occlusion dentaire\",\"breadcrumb\":{\"@id\":\"https:\/\/yoestudiosalud.es\/produit\/pinza-miller-para-papel-de-articular\/#breadcrumb\"},\"inLanguage\":\"fr-FR\",\"potentialAction\":[{\"@type\":\"ReadAction\",\"target\":[\"https:\/\/yoestudiosalud.es\/produit\/pinza-miller-para-papel-de-articular\/\"]}]},{\"@type\":\"ImageObject\",\"inLanguage\":\"fr-FR\",\"@id\":\"https:\/\/yoestudiosalud.es\/produit\/pinza-miller-para-papel-de-articular\/#primaryimage\",\"url\":\"https:\/\/yoestudiosalud.es\/wp-content\/uploads\/2018\/07\/003073.jpg\",\"contentUrl\":\"https:\/\/yoestudiosalud.es\/wp-content\/uploads\/2018\/07\/003073.jpg\",\"width\":650,\"height\":650,\"caption\":\"PINCE MILLER POUR PAPIER \u00c0 ARTICULER\"},{\"@type\":\"BreadcrumbList\",\"@id\":\"https:\/\/yoestudiosalud.es\/produit\/pinza-miller-para-papel-de-articular\/#breadcrumb\",\"itemListElement\":[{\"@type\":\"ListItem\",\"position\":1,\"name\":\"Portada\",\"item\":\"https:\/\/yoestudiosalud.es\/fr\/\"},{\"@type\":\"ListItem\",\"position\":2,\"name\":\"Boutique\",\"item\":\"https:\/\/yoestudiosalud.es\/fr\/boutique\/\"},{\"@type\":\"ListItem\",\"position\":3,\"name\":\"PINCE MILLER POUR PAPIER \u00c0 ARTICULER\"}]},{\"@type\":\"WebSite\",\"@id\":\"https:\/\/yoestudiosalud.es\/en\/#website\",\"url\":\"https:\/\/yoestudiosalud.es\/en\/\",\"name\":\"yoestudiosalud.es\",\"description\":\"Material para estudiantes del sector salud\",\"publisher\":{\"@id\":\"https:\/\/yoestudiosalud.es\/en\/#organization\"},\"potentialAction\":[{\"@type\":\"SearchAction\",\"target\":{\"@type\":\"EntryPoint\",\"urlTemplate\":\"https:\/\/yoestudiosalud.es\/en\/?s={search_term_string}\"},\"query-input\":{\"@type\":\"PropertyValueSpecification\",\"valueRequired\":true,\"valueName\":\"search_term_string\"}}],\"inLanguage\":\"fr-FR\"},{\"@type\":\"Organization\",\"@id\":\"https:\/\/yoestudiosalud.es\/en\/#organization\",\"name\":\"yoestudiosalud.es\",\"url\":\"https:\/\/yoestudiosalud.es\/en\/\",\"logo\":{\"@type\":\"ImageObject\",\"inLanguage\":\"fr-FR\",\"@id\":\"https:\/\/yoestudiosalud.es\/en\/#\/schema\/logo\/image\/\",\"url\":\"https:\/\/yoestudiosalud.es\/wp-content\/uploads\/2020\/04\/logonew-e1698080827687.png\",\"contentUrl\":\"https:\/\/yoestudiosalud.es\/wp-content\/uploads\/2020\/04\/logonew-e1698080827687.png\",\"width\":421,\"height\":393,\"caption\":\"yoestudiosalud.es\"},\"image\":{\"@id\":\"https:\/\/yoestudiosalud.es\/en\/#\/schema\/logo\/image\/\"}}]}<\/script>\n<!-- \/ Yoast SEO Premium plugin. -->","yoast_head_json":{"title":"PINCE MILLER POUR PAPIER \u00c0 ARTICULER - yoestudiosalud.es","description":"La pince Miller, indispensable en dentisterie pour maintenir et manipuler le papier articulaire lors des proc\u00e9dures li\u00e9es \u00e0 l'occlusion dentaire","robots":{"index":"index","follow":"follow","max-snippet":"max-snippet:-1","max-image-preview":"max-image-preview:large","max-video-preview":"max-video-preview:-1"},"canonical":"https:\/\/yoestudiosalud.es\/produit\/pinza-miller-para-papel-de-articular\/","og_locale":"fr_FR","og_type":"article","og_title":"PINCE MILLER POUR PAPIER \u00c0 ARTICULER","og_description":"La pince Miller, indispensable en dentisterie pour maintenir et manipuler le papier articulaire lors des proc\u00e9dures li\u00e9es \u00e0 l'occlusion dentaire","og_url":"https:\/\/yoestudiosalud.es\/produit\/pinza-miller-para-papel-de-articular\/","og_site_name":"yoestudiosalud.es","article_modified_time":"2025-06-25T21:22:34+00:00","og_image":[{"width":650,"height":650,"url":"https:\/\/yoestudiosalud.es\/wp-content\/uploads\/2018\/07\/003073.jpg","type":"image\/jpeg"}],"twitter_card":"summary_large_image","schema":{"@context":"https:\/\/schema.org","@graph":[{"@type":"WebPage","@id":"https:\/\/yoestudiosalud.es\/produit\/pinza-miller-para-papel-de-articular\/","url":"https:\/\/yoestudiosalud.es\/produit\/pinza-miller-para-papel-de-articular\/","name":"PINCE MILLER POUR PAPIER \u00c0 ARTICULER - yoestudiosalud.es","isPartOf":{"@id":"https:\/\/yoestudiosalud.es\/en\/#website"},"primaryImageOfPage":{"@id":"https:\/\/yoestudiosalud.es\/produit\/pinza-miller-para-papel-de-articular\/#primaryimage"},"image":{"@id":"https:\/\/yoestudiosalud.es\/produit\/pinza-miller-para-papel-de-articular\/#primaryimage"},"thumbnailUrl":"https:\/\/yoestudiosalud.es\/wp-content\/uploads\/2018\/07\/003073.jpg","datePublished":"2018-07-12T17:20:00+00:00","dateModified":"2025-06-25T21:22:34+00:00","description":"La pince Miller, indispensable en dentisterie pour maintenir et manipuler le papier articulaire lors des proc\u00e9dures li\u00e9es \u00e0 l'occlusion dentaire","breadcrumb":{"@id":"https:\/\/yoestudiosalud.es\/produit\/pinza-miller-para-papel-de-articular\/#breadcrumb"},"inLanguage":"fr-FR","potentialAction":[{"@type":"ReadAction","target":["https:\/\/yoestudiosalud.es\/produit\/pinza-miller-para-papel-de-articular\/"]}]},{"@type":"ImageObject","inLanguage":"fr-FR","@id":"https:\/\/yoestudiosalud.es\/produit\/pinza-miller-para-papel-de-articular\/#primaryimage","url":"https:\/\/yoestudiosalud.es\/wp-content\/uploads\/2018\/07\/003073.jpg","contentUrl":"https:\/\/yoestudiosalud.es\/wp-content\/uploads\/2018\/07\/003073.jpg","width":650,"height":650,"caption":"PINCE MILLER POUR PAPIER \u00c0 ARTICULER"},{"@type":"BreadcrumbList","@id":"https:\/\/yoestudiosalud.es\/produit\/pinza-miller-para-papel-de-articular\/#breadcrumb","itemListElement":[{"@type":"ListItem","position":1,"name":"Portada","item":"https:\/\/yoestudiosalud.es\/fr\/"},{"@type":"ListItem","position":2,"name":"Boutique","item":"https:\/\/yoestudiosalud.es\/fr\/boutique\/"},{"@type":"ListItem","position":3,"name":"PINCE MILLER POUR PAPIER \u00c0 ARTICULER"}]},{"@type":"WebSite","@id":"https:\/\/yoestudiosalud.es\/en\/#website","url":"https:\/\/yoestudiosalud.es\/en\/","name":"yoestudiosalud.es","description":"Material para estudiantes del sector salud","publisher":{"@id":"https:\/\/yoestudiosalud.es\/en\/#organization"},"potentialAction":[{"@type":"SearchAction","target":{"@type":"EntryPoint","urlTemplate":"https:\/\/yoestudiosalud.es\/en\/?s={search_term_string}"},"query-input":{"@type":"PropertyValueSpecification","valueRequired":true,"valueName":"search_term_string"}}],"inLanguage":"fr-FR"},{"@type":"Organization","@id":"https:\/\/yoestudiosalud.es\/en\/#organization","name":"yoestudiosalud.es","url":"https:\/\/yoestudiosalud.es\/en\/","logo":{"@type":"ImageObject","inLanguage":"fr-FR","@id":"https:\/\/yoestudiosalud.es\/en\/#\/schema\/logo\/image\/","url":"https:\/\/yoestudiosalud.es\/wp-content\/uploads\/2020\/04\/logonew-e1698080827687.png","contentUrl":"https:\/\/yoestudiosalud.es\/wp-content\/uploads\/2020\/04\/logonew-e1698080827687.png","width":421,"height":393,"caption":"yoestudiosalud.es"},"image":{"@id":"https:\/\/yoestudiosalud.es\/en\/#\/schema\/logo\/image\/"}}]}},"_links":{"self":[{"href":"https:\/\/yoestudiosalud.es\/fr\/wp-json\/wp\/v2\/product\/26233","targetHints":{"allow":["GET"]}}],"collection":[{"href":"https:\/\/yoestudiosalud.es\/fr\/wp-json\/wp\/v2\/product"}],"about":[{"href":"https:\/\/yoestudiosalud.es\/fr\/wp-json\/wp\/v2\/types\/product"}],"wp:featuredmedia":[{"embeddable":true,"href":"https:\/\/yoestudiosalud.es\/fr\/wp-json\/wp\/v2\/media\/26236"}],"wp:attachment":[{"href":"https:\/\/yoestudiosalud.es\/fr\/wp-json\/wp\/v2\/media?parent=26233"}],"wp:term":[{"taxonomy":"product_brand","embeddable":true,"href":"https:\/\/yoestudiosalud.es\/fr\/wp-json\/wp\/v2\/product_brand?post=26233"},{"taxonomy":"product_cat","embeddable":true,"href":"https:\/\/yoestudiosalud.es\/fr\/wp-json\/wp\/v2\/product_cat?post=26233"},{"taxonomy":"product_tag","embeddable":true,"href":"https:\/\/yoestudiosalud.es\/fr\/wp-json\/wp\/v2\/product_tag?post=26233"}],"curies":[{"name":"wp","href":"https:\/\/api.w.org\/{rel}","templated":true}]}}