{"id":26157,"date":"2018-07-12T17:19:53","date_gmt":"2018-07-12T17:19:53","guid":{"rendered":"https:\/\/yoestudiosalud.es\/producto\/seringue-dentaire-sans-aspiration\/"},"modified":"2025-06-25T23:25:09","modified_gmt":"2025-06-25T21:25:09","slug":"seringue-dentaire-sans-aspiration","status":"publish","type":"product","link":"https:\/\/yoestudiosalud.es\/fr\/produit\/seringue-dentaire-sans-aspiration\/","title":{"rendered":"SERINGUE DENTAIRE SANS ASPIRATION"},"content":{"rendered":"","protected":false},"excerpt":{"rendered":"<p>D\u00e9couvrez la Seringue Dentaire Sans Aspiration, une solution essentielle pour une administration pr\u00e9cise et contr\u00f4l\u00e9e d&#8217;agents anesth\u00e9siques ou d&#8217;autres substances dans le domaine dentaire. Con\u00e7ue avec le confort du patient et la praticit\u00e9 du professionnel \u00e0 l&#8217;esprit, cette seringue offre une performance fiable tout en garantissant une exp\u00e9rience dentaire confortable.<\/p>\n","protected":false},"featured_media":26158,"template":"","meta":[],"product_brand":[],"product_cat":[669],"product_tag":[],"class_list":{"0":"post-26157","1":"product","2":"type-product","3":"status-publish","4":"has-post-thumbnail","6":"product_cat-general-fr","7":"pa_formacion-odontologia-fr","9":"first","10":"onbackorder","11":"sale","12":"taxable","13":"shipping-taxable","14":"purchasable","15":"product-type-simple"},"yoast_head":"<!-- This site is optimized with the Yoast SEO Premium plugin v27.0 (Yoast SEO v27.2) - https:\/\/yoast.com\/product\/yoast-seo-premium-wordpress\/ -->\n<title>SERINGUE DENTAIRE SANS ASPIRATION - yoestudiosalud.es dep\u00f3sito<\/title>\n<meta name=\"description\" content=\"Seringue Dentaire Sans Aspiration, une solution essentielle pour une administration pr\u00e9cise et contr\u00f4l\u00e9e d&#039;agents anesth\u00e9siques ou d&#039;autres substances dans le domaine dentaire.\" \/>\n<meta name=\"robots\" content=\"index, follow, max-snippet:-1, max-image-preview:large, max-video-preview:-1\" \/>\n<link rel=\"canonical\" href=\"https:\/\/yoestudiosalud.es\/fr\/produit\/seringue-dentaire-sans-aspiration\/\" \/>\n<meta property=\"og:locale\" content=\"fr_FR\" \/>\n<meta property=\"og:type\" content=\"article\" \/>\n<meta property=\"og:title\" content=\"SERINGUE DENTAIRE SANS ASPIRATION\" \/>\n<meta property=\"og:description\" content=\"Seringue Dentaire Sans Aspiration, une solution essentielle pour une administration pr\u00e9cise et contr\u00f4l\u00e9e d&#039;agents anesth\u00e9siques ou d&#039;autres substances dans le domaine dentaire.\" \/>\n<meta property=\"og:url\" content=\"https:\/\/yoestudiosalud.es\/fr\/produit\/seringue-dentaire-sans-aspiration\/\" \/>\n<meta property=\"og:site_name\" content=\"yoestudiosalud.es\" \/>\n<meta property=\"article:modified_time\" content=\"2025-06-25T21:25:09+00:00\" \/>\n<meta property=\"og:image\" content=\"https:\/\/yoestudiosalud.es\/wp-content\/uploads\/2018\/07\/002496-1.jpg\" \/>\n\t<meta property=\"og:image:width\" content=\"650\" \/>\n\t<meta property=\"og:image:height\" content=\"650\" \/>\n\t<meta property=\"og:image:type\" content=\"image\/jpeg\" \/>\n<meta name=\"twitter:card\" content=\"summary_large_image\" \/>\n<script type=\"application\/ld+json\" class=\"yoast-schema-graph\">{\"@context\":\"https:\/\/schema.org\",\"@graph\":[{\"@type\":\"WebPage\",\"@id\":\"https:\/\/yoestudiosalud.es\/fr\/produit\/seringue-dentaire-sans-aspiration\/\",\"url\":\"https:\/\/yoestudiosalud.es\/fr\/produit\/seringue-dentaire-sans-aspiration\/\",\"name\":\"SERINGUE DENTAIRE SANS ASPIRATION - yoestudiosalud.es dep\u00f3sito\",\"isPartOf\":{\"@id\":\"https:\/\/yoestudiosalud.es\/en\/#website\"},\"primaryImageOfPage\":{\"@id\":\"https:\/\/yoestudiosalud.es\/fr\/produit\/seringue-dentaire-sans-aspiration\/#primaryimage\"},\"image\":{\"@id\":\"https:\/\/yoestudiosalud.es\/fr\/produit\/seringue-dentaire-sans-aspiration\/#primaryimage\"},\"thumbnailUrl\":\"https:\/\/yoestudiosalud.es\/wp-content\/uploads\/2018\/07\/002496-1.jpg\",\"datePublished\":\"2018-07-12T17:19:53+00:00\",\"dateModified\":\"2025-06-25T21:25:09+00:00\",\"description\":\"Seringue Dentaire Sans Aspiration, une solution essentielle pour une administration pr\u00e9cise et contr\u00f4l\u00e9e d'agents anesth\u00e9siques ou d'autres substances dans le domaine dentaire.\",\"breadcrumb\":{\"@id\":\"https:\/\/yoestudiosalud.es\/fr\/produit\/seringue-dentaire-sans-aspiration\/#breadcrumb\"},\"inLanguage\":\"fr-FR\",\"potentialAction\":[{\"@type\":\"ReadAction\",\"target\":[\"https:\/\/yoestudiosalud.es\/fr\/produit\/seringue-dentaire-sans-aspiration\/\"]}]},{\"@type\":\"ImageObject\",\"inLanguage\":\"fr-FR\",\"@id\":\"https:\/\/yoestudiosalud.es\/fr\/produit\/seringue-dentaire-sans-aspiration\/#primaryimage\",\"url\":\"https:\/\/yoestudiosalud.es\/wp-content\/uploads\/2018\/07\/002496-1.jpg\",\"contentUrl\":\"https:\/\/yoestudiosalud.es\/wp-content\/uploads\/2018\/07\/002496-1.jpg\",\"width\":650,\"height\":650,\"caption\":\"SERINGUE DENTAIRE SANS ASPIRATION\"},{\"@type\":\"BreadcrumbList\",\"@id\":\"https:\/\/yoestudiosalud.es\/fr\/produit\/seringue-dentaire-sans-aspiration\/#breadcrumb\",\"itemListElement\":[{\"@type\":\"ListItem\",\"position\":1,\"name\":\"Portada\",\"item\":\"https:\/\/yoestudiosalud.es\/fr\/\"},{\"@type\":\"ListItem\",\"position\":2,\"name\":\"Boutique\",\"item\":\"https:\/\/yoestudiosalud.es\/fr\/boutique\/\"},{\"@type\":\"ListItem\",\"position\":3,\"name\":\"SERINGUE DENTAIRE SANS ASPIRATION\"}]},{\"@type\":\"WebSite\",\"@id\":\"https:\/\/yoestudiosalud.es\/en\/#website\",\"url\":\"https:\/\/yoestudiosalud.es\/en\/\",\"name\":\"yoestudiosalud.es\",\"description\":\"Material para estudiantes del sector salud\",\"publisher\":{\"@id\":\"https:\/\/yoestudiosalud.es\/en\/#organization\"},\"potentialAction\":[{\"@type\":\"SearchAction\",\"target\":{\"@type\":\"EntryPoint\",\"urlTemplate\":\"https:\/\/yoestudiosalud.es\/en\/?s={search_term_string}\"},\"query-input\":{\"@type\":\"PropertyValueSpecification\",\"valueRequired\":true,\"valueName\":\"search_term_string\"}}],\"inLanguage\":\"fr-FR\"},{\"@type\":\"Organization\",\"@id\":\"https:\/\/yoestudiosalud.es\/en\/#organization\",\"name\":\"yoestudiosalud.es\",\"url\":\"https:\/\/yoestudiosalud.es\/en\/\",\"logo\":{\"@type\":\"ImageObject\",\"inLanguage\":\"fr-FR\",\"@id\":\"https:\/\/yoestudiosalud.es\/en\/#\/schema\/logo\/image\/\",\"url\":\"https:\/\/yoestudiosalud.es\/wp-content\/uploads\/2020\/04\/logonew-e1698080827687.png\",\"contentUrl\":\"https:\/\/yoestudiosalud.es\/wp-content\/uploads\/2020\/04\/logonew-e1698080827687.png\",\"width\":421,\"height\":393,\"caption\":\"yoestudiosalud.es\"},\"image\":{\"@id\":\"https:\/\/yoestudiosalud.es\/en\/#\/schema\/logo\/image\/\"}}]}<\/script>\n<!-- \/ Yoast SEO Premium plugin. -->","yoast_head_json":{"title":"SERINGUE DENTAIRE SANS ASPIRATION - yoestudiosalud.es dep\u00f3sito","description":"Seringue Dentaire Sans Aspiration, une solution essentielle pour une administration pr\u00e9cise et contr\u00f4l\u00e9e d'agents anesth\u00e9siques ou d'autres substances dans le domaine dentaire.","robots":{"index":"index","follow":"follow","max-snippet":"max-snippet:-1","max-image-preview":"max-image-preview:large","max-video-preview":"max-video-preview:-1"},"canonical":"https:\/\/yoestudiosalud.es\/fr\/produit\/seringue-dentaire-sans-aspiration\/","og_locale":"fr_FR","og_type":"article","og_title":"SERINGUE DENTAIRE SANS ASPIRATION","og_description":"Seringue Dentaire Sans Aspiration, une solution essentielle pour une administration pr\u00e9cise et contr\u00f4l\u00e9e d'agents anesth\u00e9siques ou d'autres substances dans le domaine dentaire.","og_url":"https:\/\/yoestudiosalud.es\/fr\/produit\/seringue-dentaire-sans-aspiration\/","og_site_name":"yoestudiosalud.es","article_modified_time":"2025-06-25T21:25:09+00:00","og_image":[{"width":650,"height":650,"url":"https:\/\/yoestudiosalud.es\/wp-content\/uploads\/2018\/07\/002496-1.jpg","type":"image\/jpeg"}],"twitter_card":"summary_large_image","schema":{"@context":"https:\/\/schema.org","@graph":[{"@type":"WebPage","@id":"https:\/\/yoestudiosalud.es\/fr\/produit\/seringue-dentaire-sans-aspiration\/","url":"https:\/\/yoestudiosalud.es\/fr\/produit\/seringue-dentaire-sans-aspiration\/","name":"SERINGUE DENTAIRE SANS ASPIRATION - yoestudiosalud.es dep\u00f3sito","isPartOf":{"@id":"https:\/\/yoestudiosalud.es\/en\/#website"},"primaryImageOfPage":{"@id":"https:\/\/yoestudiosalud.es\/fr\/produit\/seringue-dentaire-sans-aspiration\/#primaryimage"},"image":{"@id":"https:\/\/yoestudiosalud.es\/fr\/produit\/seringue-dentaire-sans-aspiration\/#primaryimage"},"thumbnailUrl":"https:\/\/yoestudiosalud.es\/wp-content\/uploads\/2018\/07\/002496-1.jpg","datePublished":"2018-07-12T17:19:53+00:00","dateModified":"2025-06-25T21:25:09+00:00","description":"Seringue Dentaire Sans Aspiration, une solution essentielle pour une administration pr\u00e9cise et contr\u00f4l\u00e9e d'agents anesth\u00e9siques ou d'autres substances dans le domaine dentaire.","breadcrumb":{"@id":"https:\/\/yoestudiosalud.es\/fr\/produit\/seringue-dentaire-sans-aspiration\/#breadcrumb"},"inLanguage":"fr-FR","potentialAction":[{"@type":"ReadAction","target":["https:\/\/yoestudiosalud.es\/fr\/produit\/seringue-dentaire-sans-aspiration\/"]}]},{"@type":"ImageObject","inLanguage":"fr-FR","@id":"https:\/\/yoestudiosalud.es\/fr\/produit\/seringue-dentaire-sans-aspiration\/#primaryimage","url":"https:\/\/yoestudiosalud.es\/wp-content\/uploads\/2018\/07\/002496-1.jpg","contentUrl":"https:\/\/yoestudiosalud.es\/wp-content\/uploads\/2018\/07\/002496-1.jpg","width":650,"height":650,"caption":"SERINGUE DENTAIRE SANS ASPIRATION"},{"@type":"BreadcrumbList","@id":"https:\/\/yoestudiosalud.es\/fr\/produit\/seringue-dentaire-sans-aspiration\/#breadcrumb","itemListElement":[{"@type":"ListItem","position":1,"name":"Portada","item":"https:\/\/yoestudiosalud.es\/fr\/"},{"@type":"ListItem","position":2,"name":"Boutique","item":"https:\/\/yoestudiosalud.es\/fr\/boutique\/"},{"@type":"ListItem","position":3,"name":"SERINGUE DENTAIRE SANS ASPIRATION"}]},{"@type":"WebSite","@id":"https:\/\/yoestudiosalud.es\/en\/#website","url":"https:\/\/yoestudiosalud.es\/en\/","name":"yoestudiosalud.es","description":"Material para estudiantes del sector salud","publisher":{"@id":"https:\/\/yoestudiosalud.es\/en\/#organization"},"potentialAction":[{"@type":"SearchAction","target":{"@type":"EntryPoint","urlTemplate":"https:\/\/yoestudiosalud.es\/en\/?s={search_term_string}"},"query-input":{"@type":"PropertyValueSpecification","valueRequired":true,"valueName":"search_term_string"}}],"inLanguage":"fr-FR"},{"@type":"Organization","@id":"https:\/\/yoestudiosalud.es\/en\/#organization","name":"yoestudiosalud.es","url":"https:\/\/yoestudiosalud.es\/en\/","logo":{"@type":"ImageObject","inLanguage":"fr-FR","@id":"https:\/\/yoestudiosalud.es\/en\/#\/schema\/logo\/image\/","url":"https:\/\/yoestudiosalud.es\/wp-content\/uploads\/2020\/04\/logonew-e1698080827687.png","contentUrl":"https:\/\/yoestudiosalud.es\/wp-content\/uploads\/2020\/04\/logonew-e1698080827687.png","width":421,"height":393,"caption":"yoestudiosalud.es"},"image":{"@id":"https:\/\/yoestudiosalud.es\/en\/#\/schema\/logo\/image\/"}}]}},"_links":{"self":[{"href":"https:\/\/yoestudiosalud.es\/fr\/wp-json\/wp\/v2\/product\/26157","targetHints":{"allow":["GET"]}}],"collection":[{"href":"https:\/\/yoestudiosalud.es\/fr\/wp-json\/wp\/v2\/product"}],"about":[{"href":"https:\/\/yoestudiosalud.es\/fr\/wp-json\/wp\/v2\/types\/product"}],"wp:featuredmedia":[{"embeddable":true,"href":"https:\/\/yoestudiosalud.es\/fr\/wp-json\/wp\/v2\/media\/26158"}],"wp:attachment":[{"href":"https:\/\/yoestudiosalud.es\/fr\/wp-json\/wp\/v2\/media?parent=26157"}],"wp:term":[{"taxonomy":"product_brand","embeddable":true,"href":"https:\/\/yoestudiosalud.es\/fr\/wp-json\/wp\/v2\/product_brand?post=26157"},{"taxonomy":"product_cat","embeddable":true,"href":"https:\/\/yoestudiosalud.es\/fr\/wp-json\/wp\/v2\/product_cat?post=26157"},{"taxonomy":"product_tag","embeddable":true,"href":"https:\/\/yoestudiosalud.es\/fr\/wp-json\/wp\/v2\/product_tag?post=26157"}],"curies":[{"name":"wp","href":"https:\/\/api.w.org\/{rel}","templated":true}]}}