{"id":26086,"date":"2024-01-15T11:30:49","date_gmt":"2024-01-15T11:30:49","guid":{"rendered":"https:\/\/yoestudiosalud.es\/producto\/chapeau-medical-velilla\/"},"modified":"2025-07-02T18:52:32","modified_gmt":"2025-07-02T16:52:32","slug":"gorro-sanitario-velilla","status":"publish","type":"product","link":"https:\/\/yoestudiosalud.es\/fr\/produit\/gorro-sanitario-velilla\/","title":{"rendered":"CALOT SANITAIRE VELILLA"},"content":{"rendered":"<p>D\u00e9couvrez la calot sanitaire Velilla, con\u00e7ue pour offrir un maximum de confort et de style aux professionnels de la sant\u00e9. Disponible dans une vari\u00e9t\u00e9 de couleurs telles que jaune clair, bleu outremer, bordeaux, gris glac\u00e9, fuchsia, orange clair, violet, rouge corail, turquoise clair, vert lime, bleu clair, noir, bleu marine et blanc, cette casquette r\u00e9pond non seulement aux normes d&#8217;hygi\u00e8ne, mais ajoute \u00e9galement une touche de couleur et d&#8217;\u00e9l\u00e9gance \u00e0 votre uniforme.<\/p>\n<p>Fabriqu\u00e9e avec la qualit\u00e9 in\u00e9gal\u00e9e de Velilla, cette casquette offre un ajustement parfait et une durabilit\u00e9 exceptionnelle. Le choix de couleurs vives vous permet d&#8217;exprimer votre style unique tout en conservant une apparence professionnelle dans les environnements de soins de sant\u00e9. La conception ergonomique assure une couverture compl\u00e8te et un confort tout au long de la journ\u00e9e de travail.<\/p>\n<p>Optez pour l&#8217;excellence en mati\u00e8re de produits de sant\u00e9 avec la casquette Velilla &#8211; assurez votre confort et votre style d\u00e8s aujourd&#8217;hui !<br \/>\n*** Traduit avec www.DeepL.com\/Translator (version gratuite) ***<\/p>\n<p>&nbsp;<\/p>\n","protected":false},"excerpt":{"rendered":"<p>D\u00e9couvrez la calot sanitaire Velilla, con\u00e7ue pour offrir un maximum de confort et de style aux professionnels de la sant\u00e9.<\/p>\n","protected":false},"featured_media":26088,"template":"","meta":[],"product_brand":[],"product_cat":[667],"product_tag":[668,755],"class_list":{"0":"post-26086","1":"product","2":"type-product","3":"status-publish","4":"has-post-thumbnail","6":"product_cat-uncategorized-fr","7":"product_tag-ceu2","8":"product_tag-ucam3-fr","9":"pa_formacion-medicina-fr","10":"pa_formacion-odontologia-fr","11":"pa_formacion-veterinaria-fr","13":"first","14":"outofstock","15":"taxable","16":"shipping-taxable","17":"purchasable","18":"product-type-variable"},"yoast_head":"<!-- This site is optimized with the Yoast SEO Premium plugin v27.0 (Yoast SEO v27.4) - https:\/\/yoast.com\/product\/yoast-seo-premium-wordpress\/ -->\n<title>CALOT SANITAIRE VELILLA - yoestudiosalud.es<\/title>\n<meta name=\"description\" content=\"Voici la calot unisexe Velilla, une fusion parfaite de confort, de style et de fonctionnalit\u00e9 con\u00e7ue pour r\u00e9pondre aux exigences des professionnels de la sant\u00e9.\" \/>\n<meta name=\"robots\" content=\"index, follow, max-snippet:-1, max-image-preview:large, max-video-preview:-1\" \/>\n<link rel=\"canonical\" href=\"https:\/\/yoestudiosalud.es\/fr\/produit\/gorro-sanitario-velilla\/\" \/>\n<meta property=\"og:locale\" content=\"fr_FR\" \/>\n<meta property=\"og:type\" content=\"article\" \/>\n<meta property=\"og:title\" content=\"CALOT SANITAIRE VELILLA\" \/>\n<meta property=\"og:description\" content=\"Voici la calot unisexe Velilla, une fusion parfaite de confort, de style et de fonctionnalit\u00e9 con\u00e7ue pour r\u00e9pondre aux exigences des professionnels de la sant\u00e9.\" \/>\n<meta property=\"og:url\" content=\"https:\/\/yoestudiosalud.es\/fr\/produit\/gorro-sanitario-velilla\/\" \/>\n<meta property=\"og:site_name\" content=\"yoestudiosalud.es\" \/>\n<meta property=\"article:modified_time\" content=\"2025-07-02T16:52:32+00:00\" \/>\n<meta property=\"og:image\" content=\"https:\/\/yoestudiosalud.es\/wp-content\/uploads\/2024\/01\/002417.534001.jpg\" \/>\n\t<meta property=\"og:image:width\" content=\"650\" \/>\n\t<meta property=\"og:image:height\" content=\"650\" \/>\n\t<meta property=\"og:image:type\" content=\"image\/jpeg\" \/>\n<meta name=\"twitter:card\" content=\"summary_large_image\" \/>\n<meta name=\"twitter:label1\" content=\"Dur\u00e9e de lecture estim\u00e9e\" \/>\n\t<meta name=\"twitter:data1\" content=\"1 minute\" \/>\n<script type=\"application\/ld+json\" class=\"yoast-schema-graph\">{\"@context\":\"https:\\\/\\\/schema.org\",\"@graph\":[{\"@type\":\"WebPage\",\"@id\":\"https:\\\/\\\/yoestudiosalud.es\\\/fr\\\/produit\\\/gorro-sanitario-velilla\\\/\",\"url\":\"https:\\\/\\\/yoestudiosalud.es\\\/fr\\\/produit\\\/gorro-sanitario-velilla\\\/\",\"name\":\"CALOT SANITAIRE VELILLA - yoestudiosalud.es\",\"isPartOf\":{\"@id\":\"https:\\\/\\\/yoestudiosalud.es\\\/en\\\/#website\"},\"primaryImageOfPage\":{\"@id\":\"https:\\\/\\\/yoestudiosalud.es\\\/fr\\\/produit\\\/gorro-sanitario-velilla\\\/#primaryimage\"},\"image\":{\"@id\":\"https:\\\/\\\/yoestudiosalud.es\\\/fr\\\/produit\\\/gorro-sanitario-velilla\\\/#primaryimage\"},\"thumbnailUrl\":\"https:\\\/\\\/yoestudiosalud.es\\\/wp-content\\\/uploads\\\/2024\\\/01\\\/002417.534001.jpg\",\"datePublished\":\"2024-01-15T11:30:49+00:00\",\"dateModified\":\"2025-07-02T16:52:32+00:00\",\"description\":\"Voici la calot unisexe Velilla, une fusion parfaite de confort, de style et de fonctionnalit\u00e9 con\u00e7ue pour r\u00e9pondre aux exigences des professionnels de la sant\u00e9.\",\"breadcrumb\":{\"@id\":\"https:\\\/\\\/yoestudiosalud.es\\\/fr\\\/produit\\\/gorro-sanitario-velilla\\\/#breadcrumb\"},\"inLanguage\":\"fr-FR\",\"potentialAction\":[{\"@type\":\"ReadAction\",\"target\":[\"https:\\\/\\\/yoestudiosalud.es\\\/fr\\\/produit\\\/gorro-sanitario-velilla\\\/\"]}]},{\"@type\":\"ImageObject\",\"inLanguage\":\"fr-FR\",\"@id\":\"https:\\\/\\\/yoestudiosalud.es\\\/fr\\\/produit\\\/gorro-sanitario-velilla\\\/#primaryimage\",\"url\":\"https:\\\/\\\/yoestudiosalud.es\\\/wp-content\\\/uploads\\\/2024\\\/01\\\/002417.534001.jpg\",\"contentUrl\":\"https:\\\/\\\/yoestudiosalud.es\\\/wp-content\\\/uploads\\\/2024\\\/01\\\/002417.534001.jpg\",\"width\":650,\"height\":650},{\"@type\":\"BreadcrumbList\",\"@id\":\"https:\\\/\\\/yoestudiosalud.es\\\/fr\\\/produit\\\/gorro-sanitario-velilla\\\/#breadcrumb\",\"itemListElement\":[{\"@type\":\"ListItem\",\"position\":1,\"name\":\"Portada\",\"item\":\"https:\\\/\\\/yoestudiosalud.es\\\/fr\\\/\"},{\"@type\":\"ListItem\",\"position\":2,\"name\":\"Boutique\",\"item\":\"https:\\\/\\\/yoestudiosalud.es\\\/fr\\\/boutique\\\/\"},{\"@type\":\"ListItem\",\"position\":3,\"name\":\"CALOT SANITAIRE VELILLA\"}]},{\"@type\":\"WebSite\",\"@id\":\"https:\\\/\\\/yoestudiosalud.es\\\/en\\\/#website\",\"url\":\"https:\\\/\\\/yoestudiosalud.es\\\/en\\\/\",\"name\":\"yoestudiosalud.es\",\"description\":\"Material para estudiantes del sector salud\",\"publisher\":{\"@id\":\"https:\\\/\\\/yoestudiosalud.es\\\/en\\\/#organization\"},\"potentialAction\":[{\"@type\":\"SearchAction\",\"target\":{\"@type\":\"EntryPoint\",\"urlTemplate\":\"https:\\\/\\\/yoestudiosalud.es\\\/en\\\/?s={search_term_string}\"},\"query-input\":{\"@type\":\"PropertyValueSpecification\",\"valueRequired\":true,\"valueName\":\"search_term_string\"}}],\"inLanguage\":\"fr-FR\"},{\"@type\":\"Organization\",\"@id\":\"https:\\\/\\\/yoestudiosalud.es\\\/en\\\/#organization\",\"name\":\"yoestudiosalud.es\",\"url\":\"https:\\\/\\\/yoestudiosalud.es\\\/en\\\/\",\"logo\":{\"@type\":\"ImageObject\",\"inLanguage\":\"fr-FR\",\"@id\":\"https:\\\/\\\/yoestudiosalud.es\\\/en\\\/#\\\/schema\\\/logo\\\/image\\\/\",\"url\":\"https:\\\/\\\/yoestudiosalud.es\\\/wp-content\\\/uploads\\\/2020\\\/04\\\/logonew-e1698080827687.png\",\"contentUrl\":\"https:\\\/\\\/yoestudiosalud.es\\\/wp-content\\\/uploads\\\/2020\\\/04\\\/logonew-e1698080827687.png\",\"width\":421,\"height\":393,\"caption\":\"yoestudiosalud.es\"},\"image\":{\"@id\":\"https:\\\/\\\/yoestudiosalud.es\\\/en\\\/#\\\/schema\\\/logo\\\/image\\\/\"}}]}<\/script>\n<!-- \/ Yoast SEO Premium plugin. -->","yoast_head_json":{"title":"CALOT SANITAIRE VELILLA - yoestudiosalud.es","description":"Voici la calot unisexe Velilla, une fusion parfaite de confort, de style et de fonctionnalit\u00e9 con\u00e7ue pour r\u00e9pondre aux exigences des professionnels de la sant\u00e9.","robots":{"index":"index","follow":"follow","max-snippet":"max-snippet:-1","max-image-preview":"max-image-preview:large","max-video-preview":"max-video-preview:-1"},"canonical":"https:\/\/yoestudiosalud.es\/fr\/produit\/gorro-sanitario-velilla\/","og_locale":"fr_FR","og_type":"article","og_title":"CALOT SANITAIRE VELILLA","og_description":"Voici la calot unisexe Velilla, une fusion parfaite de confort, de style et de fonctionnalit\u00e9 con\u00e7ue pour r\u00e9pondre aux exigences des professionnels de la sant\u00e9.","og_url":"https:\/\/yoestudiosalud.es\/fr\/produit\/gorro-sanitario-velilla\/","og_site_name":"yoestudiosalud.es","article_modified_time":"2025-07-02T16:52:32+00:00","og_image":[{"width":650,"height":650,"url":"https:\/\/yoestudiosalud.es\/wp-content\/uploads\/2024\/01\/002417.534001.jpg","type":"image\/jpeg"}],"twitter_card":"summary_large_image","twitter_misc":{"Dur\u00e9e de lecture estim\u00e9e":"1 minute"},"schema":{"@context":"https:\/\/schema.org","@graph":[{"@type":"WebPage","@id":"https:\/\/yoestudiosalud.es\/fr\/produit\/gorro-sanitario-velilla\/","url":"https:\/\/yoestudiosalud.es\/fr\/produit\/gorro-sanitario-velilla\/","name":"CALOT SANITAIRE VELILLA - yoestudiosalud.es","isPartOf":{"@id":"https:\/\/yoestudiosalud.es\/en\/#website"},"primaryImageOfPage":{"@id":"https:\/\/yoestudiosalud.es\/fr\/produit\/gorro-sanitario-velilla\/#primaryimage"},"image":{"@id":"https:\/\/yoestudiosalud.es\/fr\/produit\/gorro-sanitario-velilla\/#primaryimage"},"thumbnailUrl":"https:\/\/yoestudiosalud.es\/wp-content\/uploads\/2024\/01\/002417.534001.jpg","datePublished":"2024-01-15T11:30:49+00:00","dateModified":"2025-07-02T16:52:32+00:00","description":"Voici la calot unisexe Velilla, une fusion parfaite de confort, de style et de fonctionnalit\u00e9 con\u00e7ue pour r\u00e9pondre aux exigences des professionnels de la sant\u00e9.","breadcrumb":{"@id":"https:\/\/yoestudiosalud.es\/fr\/produit\/gorro-sanitario-velilla\/#breadcrumb"},"inLanguage":"fr-FR","potentialAction":[{"@type":"ReadAction","target":["https:\/\/yoestudiosalud.es\/fr\/produit\/gorro-sanitario-velilla\/"]}]},{"@type":"ImageObject","inLanguage":"fr-FR","@id":"https:\/\/yoestudiosalud.es\/fr\/produit\/gorro-sanitario-velilla\/#primaryimage","url":"https:\/\/yoestudiosalud.es\/wp-content\/uploads\/2024\/01\/002417.534001.jpg","contentUrl":"https:\/\/yoestudiosalud.es\/wp-content\/uploads\/2024\/01\/002417.534001.jpg","width":650,"height":650},{"@type":"BreadcrumbList","@id":"https:\/\/yoestudiosalud.es\/fr\/produit\/gorro-sanitario-velilla\/#breadcrumb","itemListElement":[{"@type":"ListItem","position":1,"name":"Portada","item":"https:\/\/yoestudiosalud.es\/fr\/"},{"@type":"ListItem","position":2,"name":"Boutique","item":"https:\/\/yoestudiosalud.es\/fr\/boutique\/"},{"@type":"ListItem","position":3,"name":"CALOT SANITAIRE VELILLA"}]},{"@type":"WebSite","@id":"https:\/\/yoestudiosalud.es\/en\/#website","url":"https:\/\/yoestudiosalud.es\/en\/","name":"yoestudiosalud.es","description":"Material para estudiantes del sector salud","publisher":{"@id":"https:\/\/yoestudiosalud.es\/en\/#organization"},"potentialAction":[{"@type":"SearchAction","target":{"@type":"EntryPoint","urlTemplate":"https:\/\/yoestudiosalud.es\/en\/?s={search_term_string}"},"query-input":{"@type":"PropertyValueSpecification","valueRequired":true,"valueName":"search_term_string"}}],"inLanguage":"fr-FR"},{"@type":"Organization","@id":"https:\/\/yoestudiosalud.es\/en\/#organization","name":"yoestudiosalud.es","url":"https:\/\/yoestudiosalud.es\/en\/","logo":{"@type":"ImageObject","inLanguage":"fr-FR","@id":"https:\/\/yoestudiosalud.es\/en\/#\/schema\/logo\/image\/","url":"https:\/\/yoestudiosalud.es\/wp-content\/uploads\/2020\/04\/logonew-e1698080827687.png","contentUrl":"https:\/\/yoestudiosalud.es\/wp-content\/uploads\/2020\/04\/logonew-e1698080827687.png","width":421,"height":393,"caption":"yoestudiosalud.es"},"image":{"@id":"https:\/\/yoestudiosalud.es\/en\/#\/schema\/logo\/image\/"}}]}},"_links":{"self":[{"href":"https:\/\/yoestudiosalud.es\/fr\/wp-json\/wp\/v2\/product\/26086","targetHints":{"allow":["GET"]}}],"collection":[{"href":"https:\/\/yoestudiosalud.es\/fr\/wp-json\/wp\/v2\/product"}],"about":[{"href":"https:\/\/yoestudiosalud.es\/fr\/wp-json\/wp\/v2\/types\/product"}],"wp:featuredmedia":[{"embeddable":true,"href":"https:\/\/yoestudiosalud.es\/fr\/wp-json\/wp\/v2\/media\/26088"}],"wp:attachment":[{"href":"https:\/\/yoestudiosalud.es\/fr\/wp-json\/wp\/v2\/media?parent=26086"}],"wp:term":[{"taxonomy":"product_brand","embeddable":true,"href":"https:\/\/yoestudiosalud.es\/fr\/wp-json\/wp\/v2\/product_brand?post=26086"},{"taxonomy":"product_cat","embeddable":true,"href":"https:\/\/yoestudiosalud.es\/fr\/wp-json\/wp\/v2\/product_cat?post=26086"},{"taxonomy":"product_tag","embeddable":true,"href":"https:\/\/yoestudiosalud.es\/fr\/wp-json\/wp\/v2\/product_tag?post=26086"}],"curies":[{"name":"wp","href":"https:\/\/api.w.org\/{rel}","templated":true}]}}