{"id":26926,"date":"2024-02-28T19:07:38","date_gmt":"2024-02-28T19:07:38","guid":{"rendered":"https:\/\/yoestudiosalud.es\/les-politiques-de-confidentialite\/"},"modified":"2024-02-28T19:07:38","modified_gmt":"2024-02-28T19:07:38","slug":"les-politiques-de-confidentialite","status":"publish","type":"page","link":"https:\/\/yoestudiosalud.es\/fr\/les-politiques-de-confidentialite\/","title":{"rendered":"Les politiques de confidentialit\u00e9"},"content":{"rendered":"<p><strong>Insumos M\u00e9dicos Valencia S.L. (INMEVAL)<\/strong> conform\u00e9ment aux dispositions du R\u00e8glement G\u00e9n\u00e9ral sur la Protection des Donn\u00e9es (R\u00e8glement (UE) 2016\/679), informe les Utilisateurs de l&#8217;un de ses sites Internet :<\/p>\n<p style=\"text-align: center;\"><span style=\"font-size: 18px;\"><strong>Responsable du traitement de vos donn\u00e9es<\/strong><\/span>.<\/p>\n<p>Les donn\u00e9es qui nous sont fournies par l&#8217;utilisateur \u00e0 travers les formulaires de ce site Web seront int\u00e9gr\u00e9es aux traitements dont <strong>Insumos M\u00e9dicos Valencia S.L. est responsable. (INMEVAL)<\/strong>, avec CIF B98866320 et dont le si\u00e8ge social est situ\u00e9 Calle Beniferri 23, 46015 Valencia, Espagne. Pour plus d&#8217;informations, contactez le num\u00e9ro de t\u00e9l\u00e9phone +34 963 01 50 25 ou \u00e9crivez-nous \u00e0 l&#8217;e-mail web inmeval.com ou directement au d\u00e9l\u00e9gu\u00e9 \u00e0 la protection des donn\u00e9es lpd@inmeval.com<\/p>\n<p style=\"text-align: center;\"><span style=\"font-size: 18px;\"><strong>Sources de donn\u00e9es personnelles sur ce site Web<\/strong><\/span>.<\/p>\n<p>Les donn\u00e9es personnelles que nous traitons chez Insumos M\u00e9dicos Valencia S.L. viens de:<\/p>\n<p style=\"padding-left: 40px;\">&#8211; Formulaire de contact<br \/>\n&#8211; Formulaire d&#8217;inscription \u00e0 la newsletter<br \/>\n&#8211; Formulaire d&#8217;inscription<br \/>\n&#8211; E-mail direct<\/p>\n<p style=\"text-align: center;\"><strong><span style=\"font-size: 18px;\">Pourquoi avons-nous besoin de vos donn\u00e9es\u00a0?\u00a0:<\/span><\/strong><\/p>\n<p>Selon le formulaire source, les diff\u00e9rentes donn\u00e9es ont les finalit\u00e9s suivantes :<\/p>\n<ul>\n<li><strong>Formulaire de contact<\/strong> : Pour pouvoir contacter l&#8217;utilisateur par l&#8217;un des moyens qui y sont propos\u00e9s afin de r\u00e9pondre \u00e0 ses questions ou d&#8217;envoyer les informations demand\u00e9es.<\/li>\n<li><strong>Formulaire d&#8217;inscription \u00e0 la newsletter<\/strong> : inscrivez l&#8217;utilisateur \u00e0 la NEWSLETTER, afin qu&#8217;il puisse rester inform\u00e9 \u00e0 tout moment des offres, promotions et produits que nous traitons.<\/li>\n<li><strong>Formulaire d&#8217;inscription<\/strong> : Pour pouvoir g\u00e9rer et traiter l&#8217;achat effectu\u00e9 par l&#8217;Utilisateur. Lors de son inscription, l&#8217;utilisateur peut effectuer des achats en utilisant le nom d&#8217;utilisateur et le mot de passe attribu\u00e9s, et peut \u00e9galement utiliser toute autre fonctionnalit\u00e9 offerte par le site Web au moment de l&#8217;inscription ou de toute mise \u00e0 jour ult\u00e9rieure.<br \/>\n<strong>Email<\/strong> : l&#8217;utilisateur peut nous contacter via l&#8217;e-mail publi\u00e9 sur ce site Web, ses donn\u00e9es serviront de moyen de contact pour r\u00e9pondre \u00e0 sa requ\u00eate, r\u00e9clamation ou demande d&#8217;information.<\/li>\n<\/ul>\n<p style=\"text-align: center;\"><span style=\"font-size: 18px;\"><strong>Combien de temps conservons-nous les donn\u00e9es ?<\/strong><\/span><\/p>\n<ul>\n<li>Les donn\u00e9es dont la finalit\u00e9 est de r\u00e9aliser des achats via ce site Internet seront conserv\u00e9es pendant une dur\u00e9e d&#8217;au moins 4 ans \u00e0 compter de la fin de la relation commerciale (d\u00e9lai n\u00e9cessaire aux informations fiscales) jusqu&#8217;\u00e0 un maximum de 15 ans \u00e0 compter de la fin de la relation commerciale. en cas d&#8217;accr\u00e9ditations de conformit\u00e9 des contrats.<\/li>\n<li>Le reste des informations sera conserv\u00e9 jusqu&#8217;\u00e0 ce que l&#8217;utilisateur demande la suppression. <strong>Vos donn\u00e9es ne seront pas transf\u00e9r\u00e9es \u00e0 des tiers, sauf obligation l\u00e9gale de le faire<\/strong>.<\/li>\n<\/ul>\n<p style=\"text-align: center;\"><span style=\"font-size: 18px;\"><strong>Il y a des tiers qui interviennent sur ce site<\/strong><\/span><\/p>\n<p>Oui, notre site Web est h\u00e9berg\u00e9 sur les serveurs de 1&amp;1 Espagne, qui nous fournit les syst\u00e8mes de transfert de donn\u00e9es les plus s\u00e9curis\u00e9s.<\/p>\n<p style=\"text-align: center;\"><span style=\"font-size: 18px;\"><strong>Quels sont vos droits en tant qu&#8217;utilisateur ?<\/strong><\/span><\/p>\n<p>En tant qu&#8217;utilisateur, vous avez le droit de\u00a0:<\/p>\n<ul>\n<li>Avoir acc\u00e8s \u00e0 vos donn\u00e9es personnelles,<\/li>\n<li>Demandez la rectification des donn\u00e9es personnelles que vous consid\u00e9rez comme inexactes ou erron\u00e9es.<\/li>\n<li>Demandez la suppression de vos donn\u00e9es lorsqu&#8217;elles ne sont plus n\u00e9cessaires aux finalit\u00e9s pour lesquelles elles ont \u00e9t\u00e9 collect\u00e9es.<\/li>\n<li>Demander la d\u00e9sactivation de l&#8217;utilisation auquel cas ils ne seront conserv\u00e9s que pour l&#8217;exercice ou la d\u00e9fense des r\u00e9clamations et renseignements fiscaux.<\/li>\n<li>Demandez \u00e0 tout moment la r\u00e9vocation des consentements donn\u00e9s.<\/li>\n<\/ul>\n<p style=\"text-align: center;\"><strong><span style=\"font-size: 18px;\">Comment exercer vos droits ?<\/span><\/strong><\/p>\n<p>En tant qu&#8217;utilisateur, vous pouvez exercer n&#8217;importe lequel de vos droits via\u00a0:<\/p>\n<ul>\n<li>E-mail \u00e0 lpd@inmeval.com<\/li>\n<li>Courrier postal \u00e0 : Insumos M\u00e9dicos Valencia S.L. Calle Beniferri, 23, Valence 46015, Espagne.<\/li>\n<\/ul>\n<p>A cet effet, vous devez indiquer le droit que vous souhaitez exercer en joignant une photocopie de votre DNI. De m\u00eame, l&#8217;utilisateur peut exercer ses droits aupr\u00e8s de l&#8217;organisme public comp\u00e9tent.<\/p>\n<p style=\"text-align: center;\"><span style=\"font-size: 18px;\"><strong>Mineurs.<\/strong><\/span><\/p>\n<p>La fourniture de donn\u00e9es de quelque nature que ce soit \u00e0 des personnes de moins de 18 ans n&#8217;est pas autoris\u00e9e.<\/p>\n<p style=\"text-align: center;\"><strong><span style=\"font-size: 18px;\">R\u00e9seaux sociaux.<\/span><\/strong><\/p>\n<p>Les r\u00e9seaux sociaux sont des points de rencontre entre nous et tous nos utilisateurs. Gr\u00e2ce \u00e0 eux, nous pouvons partager des impressions, des informations, des doutes et des opinions, mais pour ce faire, il est important de respecter les r\u00e8gles qui r\u00e9gissent leur utilisation :<\/p>\n<ul>\n<li>L&#8217;auteur est responsable du contenu qu&#8217;il publie, \u00e9tant responsable de la violation de tout droit, loi ou r\u00e8glement.<\/li>\n<li>Il est de la responsabilit\u00e9 de l&#8217;auteur d&#8217;utiliser le langage correct.<\/li>\n<li>L&#8217;auteur doit veiller au droit \u00e0 la vie priv\u00e9e ; aucun commentaire illicite, offensant ou discriminatoire ne doit \u00eatre tenu \u00e0 l&#8217;\u00e9gard de tiers.<\/li>\n<li>Les commentaires frauduleux ou trompeurs doivent \u00eatre \u00e9vit\u00e9s<\/li>\n<li>Les contenus publi\u00e9s par l&#8217;utilisateur rel\u00e8vent de sa responsabilit\u00e9 absolue, qui pourra \u00eatre supprim\u00e9, bloqu\u00e9 ou suspendu en cas de non-respect des r\u00e8gles de bon usage.<\/li>\n<\/ul>\n<p>L&#8217;utilisation de ce site Internet et de l&#8217;un de ses services signifie votre acceptation en tant qu&#8217;utilisateur, sans r\u00e9serve d&#8217;aucune sorte, de chacune de ces conditions g\u00e9n\u00e9rales de fonds et de retours.<\/p>\n","protected":false},"excerpt":{"rendered":"<p>Insumos M\u00e9dicos Valencia S.L. (INMEVAL) conform\u00e9ment aux dispositions du R\u00e8glement  [&#8230;]<\/p>\n","protected":false},"author":2,"featured_media":0,"parent":0,"menu_order":0,"comment_status":"closed","ping_status":"closed","template":"","meta":{"footnotes":""},"class_list":["post-26926","page","type-page","status-publish","hentry"],"yoast_head":"<!-- This site is optimized with the Yoast SEO Premium plugin v27.0 (Yoast SEO v27.4) - https:\/\/yoast.com\/product\/yoast-seo-premium-wordpress\/ -->\n<title>Les politiques de confidentialit\u00e9 - yoestudiosalud.es<\/title>\n<meta name=\"robots\" content=\"index, follow, max-snippet:-1, max-image-preview:large, max-video-preview:-1\" \/>\n<link rel=\"canonical\" href=\"https:\/\/yoestudiosalud.es\/politicas-privacidad\/\" \/>\n<meta property=\"og:locale\" content=\"fr_FR\" \/>\n<meta property=\"og:type\" content=\"article\" \/>\n<meta property=\"og:title\" content=\"Les politiques de confidentialit\u00e9\" \/>\n<meta property=\"og:description\" content=\"Insumos M\u00e9dicos Valencia S.L. (INMEVAL) conform\u00e9ment aux dispositions du R\u00e8glement [...]\" \/>\n<meta property=\"og:url\" content=\"https:\/\/yoestudiosalud.es\/politicas-privacidad\/\" \/>\n<meta property=\"og:site_name\" content=\"yoestudiosalud.es\" \/>\n<meta name=\"twitter:card\" content=\"summary_large_image\" \/>\n<meta name=\"twitter:label1\" content=\"Dur\u00e9e de lecture estim\u00e9e\" \/>\n\t<meta name=\"twitter:data1\" content=\"4 minutes\" \/>\n<script type=\"application\/ld+json\" class=\"yoast-schema-graph\">{\"@context\":\"https:\\\/\\\/schema.org\",\"@graph\":[{\"@type\":\"WebPage\",\"@id\":\"https:\\\/\\\/yoestudiosalud.es\\\/politicas-privacidad\\\/\",\"url\":\"https:\\\/\\\/yoestudiosalud.es\\\/politicas-privacidad\\\/\",\"name\":\"Les politiques de confidentialit\u00e9 - yoestudiosalud.es\",\"isPartOf\":{\"@id\":\"https:\\\/\\\/yoestudiosalud.es\\\/en\\\/#website\"},\"datePublished\":\"2024-02-28T19:07:38+00:00\",\"breadcrumb\":{\"@id\":\"https:\\\/\\\/yoestudiosalud.es\\\/politicas-privacidad\\\/#breadcrumb\"},\"inLanguage\":\"fr-FR\",\"potentialAction\":[{\"@type\":\"ReadAction\",\"target\":[\"https:\\\/\\\/yoestudiosalud.es\\\/politicas-privacidad\\\/\"]}]},{\"@type\":\"BreadcrumbList\",\"@id\":\"https:\\\/\\\/yoestudiosalud.es\\\/politicas-privacidad\\\/#breadcrumb\",\"itemListElement\":[{\"@type\":\"ListItem\",\"position\":1,\"name\":\"Portada\",\"item\":\"https:\\\/\\\/yoestudiosalud.es\\\/fr\\\/\"},{\"@type\":\"ListItem\",\"position\":2,\"name\":\"Les politiques de confidentialit\u00e9\"}]},{\"@type\":\"WebSite\",\"@id\":\"https:\\\/\\\/yoestudiosalud.es\\\/en\\\/#website\",\"url\":\"https:\\\/\\\/yoestudiosalud.es\\\/en\\\/\",\"name\":\"yoestudiosalud.es\",\"description\":\"Material para estudiantes del sector salud\",\"publisher\":{\"@id\":\"https:\\\/\\\/yoestudiosalud.es\\\/en\\\/#organization\"},\"potentialAction\":[{\"@type\":\"SearchAction\",\"target\":{\"@type\":\"EntryPoint\",\"urlTemplate\":\"https:\\\/\\\/yoestudiosalud.es\\\/en\\\/?s={search_term_string}\"},\"query-input\":{\"@type\":\"PropertyValueSpecification\",\"valueRequired\":true,\"valueName\":\"search_term_string\"}}],\"inLanguage\":\"fr-FR\"},{\"@type\":\"Organization\",\"@id\":\"https:\\\/\\\/yoestudiosalud.es\\\/en\\\/#organization\",\"name\":\"yoestudiosalud.es\",\"url\":\"https:\\\/\\\/yoestudiosalud.es\\\/en\\\/\",\"logo\":{\"@type\":\"ImageObject\",\"inLanguage\":\"fr-FR\",\"@id\":\"https:\\\/\\\/yoestudiosalud.es\\\/en\\\/#\\\/schema\\\/logo\\\/image\\\/\",\"url\":\"https:\\\/\\\/yoestudiosalud.es\\\/wp-content\\\/uploads\\\/2020\\\/04\\\/logonew-e1698080827687.png\",\"contentUrl\":\"https:\\\/\\\/yoestudiosalud.es\\\/wp-content\\\/uploads\\\/2020\\\/04\\\/logonew-e1698080827687.png\",\"width\":421,\"height\":393,\"caption\":\"yoestudiosalud.es\"},\"image\":{\"@id\":\"https:\\\/\\\/yoestudiosalud.es\\\/en\\\/#\\\/schema\\\/logo\\\/image\\\/\"}}]}<\/script>\n<!-- \/ Yoast SEO Premium plugin. -->","yoast_head_json":{"title":"Les politiques de confidentialit\u00e9 - yoestudiosalud.es","robots":{"index":"index","follow":"follow","max-snippet":"max-snippet:-1","max-image-preview":"max-image-preview:large","max-video-preview":"max-video-preview:-1"},"canonical":"https:\/\/yoestudiosalud.es\/politicas-privacidad\/","og_locale":"fr_FR","og_type":"article","og_title":"Les politiques de confidentialit\u00e9","og_description":"Insumos M\u00e9dicos Valencia S.L. (INMEVAL) conform\u00e9ment aux dispositions du R\u00e8glement [...]","og_url":"https:\/\/yoestudiosalud.es\/politicas-privacidad\/","og_site_name":"yoestudiosalud.es","twitter_card":"summary_large_image","twitter_misc":{"Dur\u00e9e de lecture estim\u00e9e":"4 minutes"},"schema":{"@context":"https:\/\/schema.org","@graph":[{"@type":"WebPage","@id":"https:\/\/yoestudiosalud.es\/politicas-privacidad\/","url":"https:\/\/yoestudiosalud.es\/politicas-privacidad\/","name":"Les politiques de confidentialit\u00e9 - yoestudiosalud.es","isPartOf":{"@id":"https:\/\/yoestudiosalud.es\/en\/#website"},"datePublished":"2024-02-28T19:07:38+00:00","breadcrumb":{"@id":"https:\/\/yoestudiosalud.es\/politicas-privacidad\/#breadcrumb"},"inLanguage":"fr-FR","potentialAction":[{"@type":"ReadAction","target":["https:\/\/yoestudiosalud.es\/politicas-privacidad\/"]}]},{"@type":"BreadcrumbList","@id":"https:\/\/yoestudiosalud.es\/politicas-privacidad\/#breadcrumb","itemListElement":[{"@type":"ListItem","position":1,"name":"Portada","item":"https:\/\/yoestudiosalud.es\/fr\/"},{"@type":"ListItem","position":2,"name":"Les politiques de confidentialit\u00e9"}]},{"@type":"WebSite","@id":"https:\/\/yoestudiosalud.es\/en\/#website","url":"https:\/\/yoestudiosalud.es\/en\/","name":"yoestudiosalud.es","description":"Material para estudiantes del sector salud","publisher":{"@id":"https:\/\/yoestudiosalud.es\/en\/#organization"},"potentialAction":[{"@type":"SearchAction","target":{"@type":"EntryPoint","urlTemplate":"https:\/\/yoestudiosalud.es\/en\/?s={search_term_string}"},"query-input":{"@type":"PropertyValueSpecification","valueRequired":true,"valueName":"search_term_string"}}],"inLanguage":"fr-FR"},{"@type":"Organization","@id":"https:\/\/yoestudiosalud.es\/en\/#organization","name":"yoestudiosalud.es","url":"https:\/\/yoestudiosalud.es\/en\/","logo":{"@type":"ImageObject","inLanguage":"fr-FR","@id":"https:\/\/yoestudiosalud.es\/en\/#\/schema\/logo\/image\/","url":"https:\/\/yoestudiosalud.es\/wp-content\/uploads\/2020\/04\/logonew-e1698080827687.png","contentUrl":"https:\/\/yoestudiosalud.es\/wp-content\/uploads\/2020\/04\/logonew-e1698080827687.png","width":421,"height":393,"caption":"yoestudiosalud.es"},"image":{"@id":"https:\/\/yoestudiosalud.es\/en\/#\/schema\/logo\/image\/"}}]}},"_links":{"self":[{"href":"https:\/\/yoestudiosalud.es\/fr\/wp-json\/wp\/v2\/pages\/26926","targetHints":{"allow":["GET"]}}],"collection":[{"href":"https:\/\/yoestudiosalud.es\/fr\/wp-json\/wp\/v2\/pages"}],"about":[{"href":"https:\/\/yoestudiosalud.es\/fr\/wp-json\/wp\/v2\/types\/page"}],"author":[{"embeddable":true,"href":"https:\/\/yoestudiosalud.es\/fr\/wp-json\/wp\/v2\/users\/2"}],"replies":[{"embeddable":true,"href":"https:\/\/yoestudiosalud.es\/fr\/wp-json\/wp\/v2\/comments?post=26926"}],"version-history":[{"count":0,"href":"https:\/\/yoestudiosalud.es\/fr\/wp-json\/wp\/v2\/pages\/26926\/revisions"}],"wp:attachment":[{"href":"https:\/\/yoestudiosalud.es\/fr\/wp-json\/wp\/v2\/media?parent=26926"}],"curies":[{"name":"wp","href":"https:\/\/api.w.org\/{rel}","templated":true}]}}