{"id":26083,"date":"2024-01-15T15:43:51","date_gmt":"2024-01-15T15:43:51","guid":{"rendered":"https:\/\/yoestudiosalud.es\/articulateur-stratos-300\/"},"modified":"2024-01-15T15:43:52","modified_gmt":"2024-01-15T15:43:52","slug":"articulateur-stratos-300","status":"publish","type":"page","link":"https:\/\/yoestudiosalud.es\/fr\/articulateur-stratos-300\/","title":{"rendered":"Articulateur Stratos 300"},"content":{"rendered":"<style>\/*! elementor - v3.16.0 - 17-10-2023 *\/\n.elementor-heading-title{padding:0;margin:0;line-height:1}.elementor-widget-heading .elementor-heading-title[class*=elementor-size-]>a{color:inherit;font-size:inherit;line-height:inherit}.elementor-widget-heading .elementor-heading-title.elementor-size-small{font-size:15px}.elementor-widget-heading .elementor-heading-title.elementor-size-medium{font-size:19px}.elementor-widget-heading .elementor-heading-title.elementor-size-large{font-size:29px}.elementor-widget-heading .elementor-heading-title.elementor-size-xl{font-size:39px}.elementor-widget-heading .elementor-heading-title.elementor-size-xxl{font-size:59px}<\/style>\n<h2>Le Articulateur Stratos 300 utilis\u00e9 en dentisterie pour reproduire la relation spatiale des maxillaires (m\u00e2choires) entre eux, ainsi que les mouvements et la position des dents. C&#8217;est un outil important dans la fabrication de proth\u00e8ses dentaires, tels que les bridges, les couronnes, les proth\u00e8ses partielles et les proth\u00e8ses compl\u00e8tes.  L&#8217;articulateur permet au proth\u00e9siste dentaire ou au dentiste de simuler les mouvements de la m\u00e2choire, la fa\u00e7on dont les dents se rencontrent, et d&#8217;ajuster la proth\u00e8se de mani\u00e8re pr\u00e9cise pour obtenir un ajustement optimal. Cela garantit une meilleure fonctionnalit\u00e9 et un confort pour le patient. En r\u00e9sum\u00e9, l&#8217;articulateur dentaire est un instrument essentiel pour reproduire et comprendre la relation complexe entre les dents et les m\u00e2choires, facilitant ainsi la fabrication de proth\u00e8ses dentaires de haute qualit\u00e9.<\/h2>\n","protected":false},"excerpt":{"rendered":"<p>Le Articulateur Stratos 300 utilis\u00e9 en dentisterie pour reproduire la  [&#8230;]<\/p>\n","protected":false},"author":2,"featured_media":0,"parent":0,"menu_order":0,"comment_status":"closed","ping_status":"closed","template":"elementor_header_footer","meta":{"footnotes":""},"class_list":["post-26083","page","type-page","status-publish","hentry"],"yoast_head":"<!-- This site is optimized with the Yoast SEO Premium plugin v27.0 (Yoast SEO v27.2) - https:\/\/yoast.com\/product\/yoast-seo-premium-wordpress\/ -->\n<title>Articulateur Stratos 300 - yoestudiosalud.es El dep\u00f3sito dental<\/title>\n<meta name=\"description\" content=\"Le Stratos 300 de Ivoclair c\u00b4est le dispositif parfait pour tout les activit\u00e9s de proth\u00e8se dentaire\" \/>\n<meta name=\"robots\" content=\"index, follow, max-snippet:-1, max-image-preview:large, max-video-preview:-1\" \/>\n<link rel=\"canonical\" href=\"https:\/\/yoestudiosalud.es\/articulador-stratos\/\" \/>\n<meta property=\"og:locale\" content=\"fr_FR\" \/>\n<meta property=\"og:type\" content=\"article\" \/>\n<meta property=\"og:title\" content=\"Articulateur Stratos 300\" \/>\n<meta property=\"og:description\" content=\"Le Stratos 300 de Ivoclair c\u00b4est le dispositif parfait pour tout les activit\u00e9s de proth\u00e8se dentaire\" \/>\n<meta property=\"og:url\" content=\"https:\/\/yoestudiosalud.es\/articulador-stratos\/\" \/>\n<meta property=\"og:site_name\" content=\"yoestudiosalud.es\" \/>\n<meta property=\"article:modified_time\" content=\"2024-01-15T15:43:52+00:00\" \/>\n<meta property=\"og:image\" content=\"https:\/\/yoestudiosalud.es\/wp-content\/uploads\/2020\/07\/002310.jpg\" \/>\n\t<meta property=\"og:image:width\" content=\"650\" \/>\n\t<meta property=\"og:image:height\" content=\"650\" \/>\n\t<meta property=\"og:image:type\" content=\"image\/jpeg\" \/>\n<meta name=\"twitter:card\" content=\"summary_large_image\" \/>\n<meta name=\"twitter:label1\" content=\"Dur\u00e9e de lecture estim\u00e9e\" \/>\n\t<meta name=\"twitter:data1\" content=\"1 minute\" \/>\n<script type=\"application\/ld+json\" class=\"yoast-schema-graph\">{\"@context\":\"https:\/\/schema.org\",\"@graph\":[{\"@type\":\"WebPage\",\"@id\":\"https:\/\/yoestudiosalud.es\/articulador-stratos\/\",\"url\":\"https:\/\/yoestudiosalud.es\/articulador-stratos\/\",\"name\":\"Articulateur Stratos 300 - yoestudiosalud.es El dep\u00f3sito dental\",\"isPartOf\":{\"@id\":\"https:\/\/yoestudiosalud.es\/en\/#website\"},\"datePublished\":\"2024-01-15T15:43:51+00:00\",\"dateModified\":\"2024-01-15T15:43:52+00:00\",\"description\":\"Le Stratos 300 de Ivoclair c\u00b4est le dispositif parfait pour tout les activit\u00e9s de proth\u00e8se dentaire\",\"breadcrumb\":{\"@id\":\"https:\/\/yoestudiosalud.es\/articulador-stratos\/#breadcrumb\"},\"inLanguage\":\"fr-FR\",\"potentialAction\":[{\"@type\":\"ReadAction\",\"target\":[\"https:\/\/yoestudiosalud.es\/articulador-stratos\/\"]}]},{\"@type\":\"BreadcrumbList\",\"@id\":\"https:\/\/yoestudiosalud.es\/articulador-stratos\/#breadcrumb\",\"itemListElement\":[{\"@type\":\"ListItem\",\"position\":1,\"name\":\"Portada\",\"item\":\"https:\/\/yoestudiosalud.es\/fr\/\"},{\"@type\":\"ListItem\",\"position\":2,\"name\":\"Articulateur Stratos 300\"}]},{\"@type\":\"WebSite\",\"@id\":\"https:\/\/yoestudiosalud.es\/en\/#website\",\"url\":\"https:\/\/yoestudiosalud.es\/en\/\",\"name\":\"yoestudiosalud.es\",\"description\":\"Material para estudiantes del sector salud\",\"publisher\":{\"@id\":\"https:\/\/yoestudiosalud.es\/en\/#organization\"},\"potentialAction\":[{\"@type\":\"SearchAction\",\"target\":{\"@type\":\"EntryPoint\",\"urlTemplate\":\"https:\/\/yoestudiosalud.es\/en\/?s={search_term_string}\"},\"query-input\":{\"@type\":\"PropertyValueSpecification\",\"valueRequired\":true,\"valueName\":\"search_term_string\"}}],\"inLanguage\":\"fr-FR\"},{\"@type\":\"Organization\",\"@id\":\"https:\/\/yoestudiosalud.es\/en\/#organization\",\"name\":\"yoestudiosalud.es\",\"url\":\"https:\/\/yoestudiosalud.es\/en\/\",\"logo\":{\"@type\":\"ImageObject\",\"inLanguage\":\"fr-FR\",\"@id\":\"https:\/\/yoestudiosalud.es\/en\/#\/schema\/logo\/image\/\",\"url\":\"https:\/\/yoestudiosalud.es\/wp-content\/uploads\/2020\/04\/logonew-e1698080827687.png\",\"contentUrl\":\"https:\/\/yoestudiosalud.es\/wp-content\/uploads\/2020\/04\/logonew-e1698080827687.png\",\"width\":421,\"height\":393,\"caption\":\"yoestudiosalud.es\"},\"image\":{\"@id\":\"https:\/\/yoestudiosalud.es\/en\/#\/schema\/logo\/image\/\"}}]}<\/script>\n<!-- \/ Yoast SEO Premium plugin. -->","yoast_head_json":{"title":"Articulateur Stratos 300 - yoestudiosalud.es El dep\u00f3sito dental","description":"Le Stratos 300 de Ivoclair c\u00b4est le dispositif parfait pour tout les activit\u00e9s de proth\u00e8se dentaire","robots":{"index":"index","follow":"follow","max-snippet":"max-snippet:-1","max-image-preview":"max-image-preview:large","max-video-preview":"max-video-preview:-1"},"canonical":"https:\/\/yoestudiosalud.es\/articulador-stratos\/","og_locale":"fr_FR","og_type":"article","og_title":"Articulateur Stratos 300","og_description":"Le Stratos 300 de Ivoclair c\u00b4est le dispositif parfait pour tout les activit\u00e9s de proth\u00e8se dentaire","og_url":"https:\/\/yoestudiosalud.es\/articulador-stratos\/","og_site_name":"yoestudiosalud.es","article_modified_time":"2024-01-15T15:43:52+00:00","og_image":[{"width":650,"height":650,"url":"https:\/\/yoestudiosalud.es\/wp-content\/uploads\/2020\/07\/002310.jpg","type":"image\/jpeg"}],"twitter_card":"summary_large_image","twitter_misc":{"Dur\u00e9e de lecture estim\u00e9e":"1 minute"},"schema":{"@context":"https:\/\/schema.org","@graph":[{"@type":"WebPage","@id":"https:\/\/yoestudiosalud.es\/articulador-stratos\/","url":"https:\/\/yoestudiosalud.es\/articulador-stratos\/","name":"Articulateur Stratos 300 - yoestudiosalud.es El dep\u00f3sito dental","isPartOf":{"@id":"https:\/\/yoestudiosalud.es\/en\/#website"},"datePublished":"2024-01-15T15:43:51+00:00","dateModified":"2024-01-15T15:43:52+00:00","description":"Le Stratos 300 de Ivoclair c\u00b4est le dispositif parfait pour tout les activit\u00e9s de proth\u00e8se dentaire","breadcrumb":{"@id":"https:\/\/yoestudiosalud.es\/articulador-stratos\/#breadcrumb"},"inLanguage":"fr-FR","potentialAction":[{"@type":"ReadAction","target":["https:\/\/yoestudiosalud.es\/articulador-stratos\/"]}]},{"@type":"BreadcrumbList","@id":"https:\/\/yoestudiosalud.es\/articulador-stratos\/#breadcrumb","itemListElement":[{"@type":"ListItem","position":1,"name":"Portada","item":"https:\/\/yoestudiosalud.es\/fr\/"},{"@type":"ListItem","position":2,"name":"Articulateur Stratos 300"}]},{"@type":"WebSite","@id":"https:\/\/yoestudiosalud.es\/en\/#website","url":"https:\/\/yoestudiosalud.es\/en\/","name":"yoestudiosalud.es","description":"Material para estudiantes del sector salud","publisher":{"@id":"https:\/\/yoestudiosalud.es\/en\/#organization"},"potentialAction":[{"@type":"SearchAction","target":{"@type":"EntryPoint","urlTemplate":"https:\/\/yoestudiosalud.es\/en\/?s={search_term_string}"},"query-input":{"@type":"PropertyValueSpecification","valueRequired":true,"valueName":"search_term_string"}}],"inLanguage":"fr-FR"},{"@type":"Organization","@id":"https:\/\/yoestudiosalud.es\/en\/#organization","name":"yoestudiosalud.es","url":"https:\/\/yoestudiosalud.es\/en\/","logo":{"@type":"ImageObject","inLanguage":"fr-FR","@id":"https:\/\/yoestudiosalud.es\/en\/#\/schema\/logo\/image\/","url":"https:\/\/yoestudiosalud.es\/wp-content\/uploads\/2020\/04\/logonew-e1698080827687.png","contentUrl":"https:\/\/yoestudiosalud.es\/wp-content\/uploads\/2020\/04\/logonew-e1698080827687.png","width":421,"height":393,"caption":"yoestudiosalud.es"},"image":{"@id":"https:\/\/yoestudiosalud.es\/en\/#\/schema\/logo\/image\/"}}]}},"_links":{"self":[{"href":"https:\/\/yoestudiosalud.es\/fr\/wp-json\/wp\/v2\/pages\/26083","targetHints":{"allow":["GET"]}}],"collection":[{"href":"https:\/\/yoestudiosalud.es\/fr\/wp-json\/wp\/v2\/pages"}],"about":[{"href":"https:\/\/yoestudiosalud.es\/fr\/wp-json\/wp\/v2\/types\/page"}],"author":[{"embeddable":true,"href":"https:\/\/yoestudiosalud.es\/fr\/wp-json\/wp\/v2\/users\/2"}],"replies":[{"embeddable":true,"href":"https:\/\/yoestudiosalud.es\/fr\/wp-json\/wp\/v2\/comments?post=26083"}],"version-history":[{"count":0,"href":"https:\/\/yoestudiosalud.es\/fr\/wp-json\/wp\/v2\/pages\/26083\/revisions"}],"wp:attachment":[{"href":"https:\/\/yoestudiosalud.es\/fr\/wp-json\/wp\/v2\/media?parent=26083"}],"curies":[{"name":"wp","href":"https:\/\/api.w.org\/{rel}","templated":true}]}}