{"id":13224,"date":"2020-08-18T11:56:40","date_gmt":"2020-08-18T11:56:40","guid":{"rendered":"https:\/\/yoestudiosalud.es\/ceu-articulator\/"},"modified":"2024-02-14T10:15:40","modified_gmt":"2024-02-14T10:15:40","slug":"ceu-articulator","status":"publish","type":"page","link":"https:\/\/yoestudiosalud.es\/en\/ceu-articulator\/","title":{"rendered":"Stratos Articulator"},"content":{"rendered":"<h2>Articulador Stratos 300 y complementos requeridos para su uso en las pr\u00e1cticas de odontolog\u00eda de las universidades.Como articulador de precisi\u00f3n moderno, el Stratos 300 ofrece una gran cantidad de posibilidades de ajuste individual. Con numerosas variaciones, proporciona la base ideal para la simulaci\u00f3n precisa de funciones para un trabajo de laboratorio dental sofisticado y exigente.El articulador Stratos 300 es adecuado para restauraciones dentales complejas y exigentes para las que los \u00e1ngulos articulares deben ajustarse individualmente. Su dise\u00f1o ergon\u00f3mico con una construcci\u00f3n de columna espaciosa permite un manejo f\u00e1cil y eficiente.<\/h2>\n","protected":false},"excerpt":{"rendered":"<p>Articulador Stratos 300 y complementos requeridos para su uso en  [&#8230;]<\/p>\n","protected":false},"author":2,"featured_media":0,"parent":0,"menu_order":0,"comment_status":"closed","ping_status":"closed","template":"elementor_header_footer","meta":{"footnotes":""},"class_list":["post-13224","page","type-page","status-publish","hentry"],"yoast_head":"<!-- This site is optimized with the Yoast SEO Premium plugin v27.0 (Yoast SEO v27.4) - https:\/\/yoast.com\/product\/yoast-seo-premium-wordpress\/ -->\n<title>Stratos Articulator - yoestudiosalud.es The dental deposit<\/title>\n<meta name=\"description\" content=\"The Ivoclar Stratos 300 articulator is the ideal tool for the most difficult prosthetic restorations. Buy it Online.\" \/>\n<meta name=\"robots\" content=\"index, follow, max-snippet:-1, max-image-preview:large, max-video-preview:-1\" \/>\n<link rel=\"canonical\" href=\"https:\/\/yoestudiosalud.es\/en\/ceu-articulator\/\" \/>\n<meta property=\"og:locale\" content=\"en_US\" \/>\n<meta property=\"og:type\" content=\"article\" \/>\n<meta property=\"og:title\" content=\"Stratos Articulator\" \/>\n<meta property=\"og:description\" content=\"The Ivoclar Stratos 300 articulator is the ideal tool for the most difficult prosthetic restorations. Buy it Online.\" \/>\n<meta property=\"og:url\" content=\"https:\/\/yoestudiosalud.es\/en\/ceu-articulator\/\" \/>\n<meta property=\"og:site_name\" content=\"yoestudiosalud.es\" \/>\n<meta property=\"article:modified_time\" content=\"2024-02-14T10:15:40+00:00\" \/>\n<meta property=\"og:image\" content=\"https:\/\/yoestudiosalud.es\/wp-content\/uploads\/2020\/07\/002310.jpg\" \/>\n\t<meta property=\"og:image:width\" content=\"650\" \/>\n\t<meta property=\"og:image:height\" content=\"650\" \/>\n\t<meta property=\"og:image:type\" content=\"image\/jpeg\" \/>\n<meta name=\"twitter:card\" content=\"summary_large_image\" \/>\n<script type=\"application\/ld+json\" class=\"yoast-schema-graph\">{\"@context\":\"https:\\\/\\\/schema.org\",\"@graph\":[{\"@type\":\"WebPage\",\"@id\":\"https:\\\/\\\/yoestudiosalud.es\\\/en\\\/ceu-articulator\\\/\",\"url\":\"https:\\\/\\\/yoestudiosalud.es\\\/en\\\/ceu-articulator\\\/\",\"name\":\"Stratos Articulator - yoestudiosalud.es The dental deposit\",\"isPartOf\":{\"@id\":\"https:\\\/\\\/yoestudiosalud.es\\\/en\\\/#website\"},\"datePublished\":\"2020-08-18T11:56:40+00:00\",\"dateModified\":\"2024-02-14T10:15:40+00:00\",\"description\":\"The Ivoclar Stratos 300 articulator is the ideal tool for the most difficult prosthetic restorations. Buy it Online.\",\"breadcrumb\":{\"@id\":\"https:\\\/\\\/yoestudiosalud.es\\\/en\\\/ceu-articulator\\\/#breadcrumb\"},\"inLanguage\":\"en-US\",\"potentialAction\":[{\"@type\":\"ReadAction\",\"target\":[\"https:\\\/\\\/yoestudiosalud.es\\\/en\\\/ceu-articulator\\\/\"]}]},{\"@type\":\"BreadcrumbList\",\"@id\":\"https:\\\/\\\/yoestudiosalud.es\\\/en\\\/ceu-articulator\\\/#breadcrumb\",\"itemListElement\":[{\"@type\":\"ListItem\",\"position\":1,\"name\":\"Home\",\"item\":\"https:\\\/\\\/yoestudiosalud.es\\\/en\\\/\"},{\"@type\":\"ListItem\",\"position\":2,\"name\":\"Stratos Articulator\"}]},{\"@type\":\"WebSite\",\"@id\":\"https:\\\/\\\/yoestudiosalud.es\\\/en\\\/#website\",\"url\":\"https:\\\/\\\/yoestudiosalud.es\\\/en\\\/\",\"name\":\"yoestudiosalud.es\",\"description\":\"Material para estudiantes del sector salud\",\"publisher\":{\"@id\":\"https:\\\/\\\/yoestudiosalud.es\\\/en\\\/#organization\"},\"potentialAction\":[{\"@type\":\"SearchAction\",\"target\":{\"@type\":\"EntryPoint\",\"urlTemplate\":\"https:\\\/\\\/yoestudiosalud.es\\\/en\\\/?s={search_term_string}\"},\"query-input\":{\"@type\":\"PropertyValueSpecification\",\"valueRequired\":true,\"valueName\":\"search_term_string\"}}],\"inLanguage\":\"en-US\"},{\"@type\":\"Organization\",\"@id\":\"https:\\\/\\\/yoestudiosalud.es\\\/en\\\/#organization\",\"name\":\"yoestudiosalud.es\",\"url\":\"https:\\\/\\\/yoestudiosalud.es\\\/en\\\/\",\"logo\":{\"@type\":\"ImageObject\",\"inLanguage\":\"en-US\",\"@id\":\"https:\\\/\\\/yoestudiosalud.es\\\/en\\\/#\\\/schema\\\/logo\\\/image\\\/\",\"url\":\"https:\\\/\\\/yoestudiosalud.es\\\/wp-content\\\/uploads\\\/2020\\\/04\\\/logonew-e1698080827687.png\",\"contentUrl\":\"https:\\\/\\\/yoestudiosalud.es\\\/wp-content\\\/uploads\\\/2020\\\/04\\\/logonew-e1698080827687.png\",\"width\":421,\"height\":393,\"caption\":\"yoestudiosalud.es\"},\"image\":{\"@id\":\"https:\\\/\\\/yoestudiosalud.es\\\/en\\\/#\\\/schema\\\/logo\\\/image\\\/\"}}]}<\/script>\n<!-- \/ Yoast SEO Premium plugin. -->","yoast_head_json":{"title":"Stratos Articulator - yoestudiosalud.es The dental deposit","description":"The Ivoclar Stratos 300 articulator is the ideal tool for the most difficult prosthetic restorations. Buy it Online.","robots":{"index":"index","follow":"follow","max-snippet":"max-snippet:-1","max-image-preview":"max-image-preview:large","max-video-preview":"max-video-preview:-1"},"canonical":"https:\/\/yoestudiosalud.es\/en\/ceu-articulator\/","og_locale":"en_US","og_type":"article","og_title":"Stratos Articulator","og_description":"The Ivoclar Stratos 300 articulator is the ideal tool for the most difficult prosthetic restorations. Buy it Online.","og_url":"https:\/\/yoestudiosalud.es\/en\/ceu-articulator\/","og_site_name":"yoestudiosalud.es","article_modified_time":"2024-02-14T10:15:40+00:00","og_image":[{"width":650,"height":650,"url":"https:\/\/yoestudiosalud.es\/wp-content\/uploads\/2020\/07\/002310.jpg","type":"image\/jpeg"}],"twitter_card":"summary_large_image","schema":{"@context":"https:\/\/schema.org","@graph":[{"@type":"WebPage","@id":"https:\/\/yoestudiosalud.es\/en\/ceu-articulator\/","url":"https:\/\/yoestudiosalud.es\/en\/ceu-articulator\/","name":"Stratos Articulator - yoestudiosalud.es The dental deposit","isPartOf":{"@id":"https:\/\/yoestudiosalud.es\/en\/#website"},"datePublished":"2020-08-18T11:56:40+00:00","dateModified":"2024-02-14T10:15:40+00:00","description":"The Ivoclar Stratos 300 articulator is the ideal tool for the most difficult prosthetic restorations. Buy it Online.","breadcrumb":{"@id":"https:\/\/yoestudiosalud.es\/en\/ceu-articulator\/#breadcrumb"},"inLanguage":"en-US","potentialAction":[{"@type":"ReadAction","target":["https:\/\/yoestudiosalud.es\/en\/ceu-articulator\/"]}]},{"@type":"BreadcrumbList","@id":"https:\/\/yoestudiosalud.es\/en\/ceu-articulator\/#breadcrumb","itemListElement":[{"@type":"ListItem","position":1,"name":"Home","item":"https:\/\/yoestudiosalud.es\/en\/"},{"@type":"ListItem","position":2,"name":"Stratos Articulator"}]},{"@type":"WebSite","@id":"https:\/\/yoestudiosalud.es\/en\/#website","url":"https:\/\/yoestudiosalud.es\/en\/","name":"yoestudiosalud.es","description":"Material para estudiantes del sector salud","publisher":{"@id":"https:\/\/yoestudiosalud.es\/en\/#organization"},"potentialAction":[{"@type":"SearchAction","target":{"@type":"EntryPoint","urlTemplate":"https:\/\/yoestudiosalud.es\/en\/?s={search_term_string}"},"query-input":{"@type":"PropertyValueSpecification","valueRequired":true,"valueName":"search_term_string"}}],"inLanguage":"en-US"},{"@type":"Organization","@id":"https:\/\/yoestudiosalud.es\/en\/#organization","name":"yoestudiosalud.es","url":"https:\/\/yoestudiosalud.es\/en\/","logo":{"@type":"ImageObject","inLanguage":"en-US","@id":"https:\/\/yoestudiosalud.es\/en\/#\/schema\/logo\/image\/","url":"https:\/\/yoestudiosalud.es\/wp-content\/uploads\/2020\/04\/logonew-e1698080827687.png","contentUrl":"https:\/\/yoestudiosalud.es\/wp-content\/uploads\/2020\/04\/logonew-e1698080827687.png","width":421,"height":393,"caption":"yoestudiosalud.es"},"image":{"@id":"https:\/\/yoestudiosalud.es\/en\/#\/schema\/logo\/image\/"}}]}},"_links":{"self":[{"href":"https:\/\/yoestudiosalud.es\/en\/wp-json\/wp\/v2\/pages\/13224","targetHints":{"allow":["GET"]}}],"collection":[{"href":"https:\/\/yoestudiosalud.es\/en\/wp-json\/wp\/v2\/pages"}],"about":[{"href":"https:\/\/yoestudiosalud.es\/en\/wp-json\/wp\/v2\/types\/page"}],"author":[{"embeddable":true,"href":"https:\/\/yoestudiosalud.es\/en\/wp-json\/wp\/v2\/users\/2"}],"replies":[{"embeddable":true,"href":"https:\/\/yoestudiosalud.es\/en\/wp-json\/wp\/v2\/comments?post=13224"}],"version-history":[{"count":0,"href":"https:\/\/yoestudiosalud.es\/en\/wp-json\/wp\/v2\/pages\/13224\/revisions"}],"wp:attachment":[{"href":"https:\/\/yoestudiosalud.es\/en\/wp-json\/wp\/v2\/media?parent=13224"}],"curies":[{"name":"wp","href":"https:\/\/api.w.org\/{rel}","templated":true}]}}